{"id":1554,"date":"2015-09-06T16:20:33","date_gmt":"2015-09-06T16:20:33","guid":{"rendered":"http:\/\/psicoclinicabarcelona.com\/?page_id=1554"},"modified":"2024-05-17T09:52:30","modified_gmt":"2024-05-17T07:52:30","slug":"psicoleg-tdah-barcelona","status":"publish","type":"page","link":"https:\/\/psicoclinicabarcelona.com\/ca\/psicoleg-tdah-barcelona\/","title":{"rendered":"Psic\u00f2leg TDAH Barcelona"},"content":{"rendered":"[vc_row][vc_column width=&#8221;1\/2&#8243;][vc_column_text]La pres\u00e8ncia de nois amb TDAH a l&#8217;escola \u00e9s un fet. La seva generalitzaci\u00f3 i extensi\u00f3 en etapes d&#8217;educaci\u00f3 infantil \u00e9s tamb\u00e9 una realitat. El TDAH \u00e9s un dels diagn\u00f2stics possibles que reben els nens moguts o molt moguts i que s\u00f3n classificats en funci\u00f3 de criteris psiqui\u00e0trics del DSM o del CIE. Aquests diagn\u00f2stics-etiquetes identifiquen els nens i els marquen en la relaci\u00f3 amb els altres. <b>Sota el nostre punt de vista mereix una reflexi\u00f3 la facilitat amb qu\u00e8 avui es diagnostica aquest trastorn<\/b>. Si b\u00e9 l&#8217;etiqueta tranquil\u00b7litza l&#8217;adult inicialment, all\u00f2 que ens ha d&#8217;interessar \u00e9s all\u00f2 que s&#8217;amaga darrere aquest terme. El TDAH posa nom a unes determinades conductes i comportaments alhora que constitueix una classificaci\u00f3 diagn\u00f2stica que explica causes i efectes. \u00c9s una etiqueta imposada expl\u00edcitament o impl\u00edcitament al noi, i assumida pels qui l&#8217;envolten, de manera que l&#8217;immobilitza, el fixa, el congela i el situa com si fos un objecte davant dels altres.[\/vc_column_text][\/vc_column][vc_column width=&#8221;1\/2&#8243;][vc_column_text]<img decoding=\"async\" class=\"aligncenter wp-image-5668 size-full\" src=\"https:\/\/psicoclinicabarcelona.com\/wp-content\/uploads\/2022\/07\/undraw_Children_re_c37f.webp\" alt=\"TDAH tratamiento Barcelona\" width=\"1105\" height=\"599\" srcset=\"https:\/\/psicoclinicabarcelona.com\/wp-content\/uploads\/2022\/07\/undraw_Children_re_c37f.webp 1105w, https:\/\/psicoclinicabarcelona.com\/wp-content\/uploads\/2022\/07\/undraw_Children_re_c37f-300x163.webp 300w, https:\/\/psicoclinicabarcelona.com\/wp-content\/uploads\/2022\/07\/undraw_Children_re_c37f-1024x555.webp 1024w, https:\/\/psicoclinicabarcelona.com\/wp-content\/uploads\/2022\/07\/undraw_Children_re_c37f-768x416.webp 768w, https:\/\/psicoclinicabarcelona.com\/wp-content\/uploads\/2022\/07\/undraw_Children_re_c37f-600x325.webp 600w\" sizes=\"(max-width: 1105px) 100vw, 1105px\" \/>[\/vc_column_text][\/vc_column][vc_column][vc_column_text]\n<h2>Ter\u00e0pia per al tractament del TDAH<\/h2>\n<p>Des de\u00a0<a href=\"https:\/\/psicoclinicabarcelona.com\/ca\/\">Psicocl\u00ednica Barcelona<\/a>, volem posar a les seves mans tota la nostra experi\u00e8ncia recollida al camp del\u00a0<strong>trastorn TDAH<\/strong>. D&#8217;aquesta manera, en el cas que el seu fill o filla pat\u00eds aquesta s\u00edndrome, podr\u00edem proporcionar-li les indicacions que necessita sobre com <strong>tractar un nen amb d\u00e8ficit d&#8217;atenci\u00f3<\/strong>.<\/p>\n<p>Per aix\u00f2, comptem amb un magn\u00edfic\u00a0<a href=\"https:\/\/psicoclinicabarcelona.com\/ca\/psicolegs-barcelona\/\">equip d&#8217;especialistes<\/a>\u00a0amb la m\u00e9s completa formaci\u00f3, provinents tant del sector privat com del p\u00fablic, i que us oferiran el millor tractament per al <strong>TDAH infantil<\/strong>. I \u00e9s que aquest tipus de s\u00edndromes en edats tan primerenques necessiten la millor atenci\u00f3 possible, amb especialistes que garanteixin un tracte mesurat a les necessitats del pacient a partir d&#8217;un <strong>diagn\u00f2stic totalment individualitzat<\/strong>. Nosaltres coneixem de primera m\u00e0 quines s\u00f3n aquestes necessitats, per la qual cosa si necessiteu <strong>ter\u00e0pia TDAH a Barcelona<\/strong>, no dubteu a posar-vos en contacte amb nosaltres. Estarem encantats de poder atendre&#8217;l.<\/p>\n<h2>Nens amb d\u00e8ficit d&#8217;atenci\u00f3<\/h2>\n<p>La pres\u00e8ncia de la s\u00edndrome de TDAH en nens pot estar manifestada de moltes maneres diferents, detectant-se principalment per problemes associats al rendiment escolar, mostres d&#8217;inestabilitat emocional o pres\u00e8ncia d&#8217;actituds impulsives. Aquests problemes poden perdurar a la persona fins a l&#8217;edat adulta. Per aix\u00f2, la detecci\u00f3 daquests problemes \u00e9s vital per iniciar el tractament del TDAH adequat i corregir els problemes associats a aquesta s\u00edndrome mitjan\u00e7ant psicoter\u00e0pia.<\/p>\n<p>Els alumnes diagnosticats de TDAH condensen un important malestar social. A l&#8217;escola l&#8217;\u00e8mfasi no es col\u00b7loca en el d\u00e8ficit d&#8217;atenci\u00f3 sin\u00f3 en la hiperactivitat, la qual cosa pot causar greus problemes a l&#8217;aula. <strong>La manifestaci\u00f3 d&#8217;aquestes conductes pren un valor de mol\u00e8stia per a molts i redueixen el subjecte a un problema<\/strong>. La conducta hiperactiva, al nostre entendre, seria un tipus de resposta inconscient, una resposta a l&#8217;angoixa davant la trobada amb l&#8217;altre, angoixa inconscient, que el nen o el jove transfereix a la realitat que l&#8217;envolta, motiu pel qual hem d&#8217;intentar llegir m\u00e9s enll\u00e0 dels comportaments visibles. Podr\u00edem dir que \u00e9s una manera repetitiva, un patr\u00f3 de relaci\u00f3 del nen amb els pares o amb el mestre i aquesta impedeix al noi establir un bon vincle social amb l&#8217;escola i amb els altres alumnes. At\u00e8s que \u00e9s la pulsi\u00f3 m\u00e9s inconscient la que l&#8217;empeny,\u00a0<strong>el subjecte troba molta dificultat per posar paraules als que passa<\/strong>.<\/p>\n<h2>Psic\u00f2leg escolar Barcelona: Assessorament a docents<\/h2>\n<p>L&#8217;abordatge educatiu d&#8217;aquests casos ha de ser individual, ja que sota la mateixa etiqueta de TDH hi ha subjectes ben diferents. El mestre, des de l&#8217;acci\u00f3 de tutelatge particularitzat, pot intentar establir una relaci\u00f3 transferencial que faciliti l&#8217;\u00fas de la paraula a l&#8217;alumne. \u00c9s veritat que el mestre o tutor no \u00e9s un <a href=\"https:\/\/psicoclinicabarcelona.com\/ca\/psicoleg-infantil-barcelona\/\">psic\u00f2leg infantil<\/a> que hagi de con\u00e8ixer en profunditat aspectes cl\u00ednics sobre aquest diagn\u00f2stic. Aix\u00f2 no obstant, s\u00ed que resulta molt necessari que disposi de recursos personals per fer front a aquesta simptomatologia, ja que en la mesura que pugui estar millor situat davant l&#8217;alumne, aquest no necessitar\u00e0 rec\u00f3rrer tant a aquestes conductes disruptives.<\/p>\n<p>Les directrius que molt freq\u00fcentment es donen a l&#8217;escola per al tractament dels nois amb TDAH responen a entrenaments cognitivoconductuals, que si b\u00e9 poden tenir efectes positius transitius, acaben, per\u00f2, fixant el trastorn, ja que no hi ha una interioritzaci\u00f3 de la responsabilitat subjectiva del noi.<\/p>\n<p>Resumint,\u00a0<strong>ens sembla essencial que el docent pugui establir un fort vincle de transfer\u00e8ncia amb aquests alumnes<\/strong>. Si b\u00e9 aix\u00f2 \u00e9s important amb qualsevol alumne, es fa imprescindible en aquests casos de m\u00e9s dificultat de regulaci\u00f3 del comportament. Creiem que la resposta passa per intentar posar paraules al malestar del subjecte. El docent pot anar entenent el noi a partir de la feina que realitza, alhora que li brinda acompanyament i conversa. D&#8217;aquesta manera, l&#8217;alumne va trobant el lloc i la paraula. Intervenir creant espais de reflexi\u00f3, de silenci i de paraula tranquil\u00b7la \u00e9s la manera m\u00e9s propicia per facilitar que l&#8217;alumne arribi a responsabilitzar-se i a comprendre els seus actes, alhora que ser reconeguts pels altres.<\/p>\n<h2>Psic\u00f2leg TDAH Barcelona<\/h2>\n<p>Si esteu buscant la millor atenci\u00f3 possible d&#8217;un psic\u00f2leg per a TDAH de Barcelona, a la nostra cl\u00ednica us proporcionarem el millor tracte possible. Per aix\u00f2, estudiarem el cas que ens presenti de forma totalment individualitzada, aix\u00ed podrem detectar els patrons de comportament claus per proporcionar-li el diagn\u00f2stic m\u00e9s complet i donar-li les eines necess\u00e0ries per corregir i minimitzar els efectes que aquesta s\u00edndrome produeix de la manera menys invasiva possible. Perqu\u00e8 garantir la salut dels m\u00e9s petits \u00e9s fonamental per al desenvolupament correcte.<\/p>\n<p>Si voleu, trobareu m\u00e9s informaci\u00f3 a\u00a0<a href=\"https:\/\/psicoclinicabarcelona.com\/ca\/psicoleg-pares-barcelona\/\">Psic\u00f2leg pares Barcelona<\/a>\u00a0i a\u00a0<a href=\"https:\/\/psicoclinicabarcelona.com\/ca\/psicoleg-adolescents-barcelona\/\">Psic\u00f2leg adolescents Barcelona<\/a><a href=\"https:\/\/psicoclinicabarcelona.com\/psicologo-adolescentes-barcelona\/\">.<\/a>[\/vc_column_text][\/vc_column][\/vc_row][vc_row][vc_column][\/vc_column][\/vc_row][vc_row css=&#8221;.vc_custom_1658071592160{margin-top: 30px !important;}&#8221;][vc_column][vc_column_text]\n<h2 style=\"color: #008aad;\">Vol demanar cita?<\/h2>\n<p>Us informem que tamb\u00e9 podeu fer consultes des del nostre lloc web. Si ho desitja, tamb\u00e9 pot sol\u00b7licitar una consulta online. Podeu sol\u00b7licitar la vostra cita ara, ser\u00e0 at\u00e8s personalment per un psic\u00f2leg o psic\u00f2loga Barcelona des de la primera trucada. En aquesta primera trucada us informarem del que necessiteu saber i si ho desitgeu us oferirem una cita el m\u00e9s aviat possible.[\/vc_column_text][\/vc_column][\/vc_row][vc_row css=&#8221;.vc_custom_1658069749947{margin-top: 40px !important;margin-bottom: 30px !important;}&#8221;][vc_column width=&#8221;1\/2&#8243;][vc_column_text el_class=&#8221;sombra&#8221;]<a href=\"\/mila-herrera\/\"><img decoding=\"async\" class=\"aligncenter wp-image-5589 size-full\" src=\"https:\/\/psicoclinicabarcelona.com\/wp-content\/uploads\/2022\/07\/mila-ficha.webp\" alt=\"fiche mila\" width=\"1400\" height=\"500\" srcset=\"https:\/\/psicoclinicabarcelona.com\/wp-content\/uploads\/2022\/07\/mila-ficha.webp 1400w, https:\/\/psicoclinicabarcelona.com\/wp-content\/uploads\/2022\/07\/mila-ficha-300x107.webp 300w, https:\/\/psicoclinicabarcelona.com\/wp-content\/uploads\/2022\/07\/mila-ficha-1024x366.webp 1024w, https:\/\/psicoclinicabarcelona.com\/wp-content\/uploads\/2022\/07\/mila-ficha-768x274.webp 768w, https:\/\/psicoclinicabarcelona.com\/wp-content\/uploads\/2022\/07\/mila-ficha-600x214.webp 600w\" sizes=\"(max-width: 1400px) 100vw, 1400px\" \/><\/a>[\/vc_column_text][\/vc_column][vc_column width=&#8221;1\/2&#8243;][vc_column_text el_class=&#8221;sombra&#8221;]<a href=\"\/sergi-vilardell\/\"><img decoding=\"async\" class=\"aligncenter wp-image-5592 size-full\" src=\"https:\/\/psicoclinicabarcelona.com\/wp-content\/uploads\/2022\/07\/ficha-Sergi.webp\" alt=\"ficha Sergi\" width=\"1400\" height=\"500\" srcset=\"https:\/\/psicoclinicabarcelona.com\/wp-content\/uploads\/2022\/07\/ficha-Sergi.webp 1400w, https:\/\/psicoclinicabarcelona.com\/wp-content\/uploads\/2022\/07\/ficha-Sergi-300x107.webp 300w, https:\/\/psicoclinicabarcelona.com\/wp-content\/uploads\/2022\/07\/ficha-Sergi-1024x366.webp 1024w, https:\/\/psicoclinicabarcelona.com\/wp-content\/uploads\/2022\/07\/ficha-Sergi-768x274.webp 768w, https:\/\/psicoclinicabarcelona.com\/wp-content\/uploads\/2022\/07\/ficha-Sergi-600x214.webp 600w\" sizes=\"(max-width: 1400px) 100vw, 1400px\" \/><\/a>[\/vc_column_text][\/vc_column][\/vc_row]\n","protected":false},"excerpt":{"rendered":"<p>[vc_row][vc_column width=&#8221;1\/2&#8243;][vc_column_text]La pres\u00e8ncia de nois amb TDAH a l&#8217;escola \u00e9s un fet. La seva generalitzaci\u00f3 i extensi\u00f3 en etapes d&#8217;educaci\u00f3 infantil \u00e9s tamb\u00e9 una realitat. El TDAH \u00e9s un dels diagn\u00f2stics possibles que reben els nens moguts o molt moguts i que s\u00f3n classificats en funci\u00f3 de criteris psiqui\u00e0trics del DSM o del CIE. Aquests&hellip;<\/p>\n","protected":false},"author":2,"featured_media":1548,"parent":0,"menu_order":0,"comment_status":"open","ping_status":"open","template":"","meta":{"footnotes":""},"class_list":["post-1554","page","type-page","status-publish","has-post-thumbnail","hentry","entry","has-media"],"yoast_head":"<!-- This site is optimized with the Yoast SEO plugin v24.6 - https:\/\/yoast.com\/wordpress\/plugins\/seo\/ -->\n<title>Psicoleg TDAH Barcelona<\/title>\n<meta name=\"description\" content=\"Psic\u00f2leg TDAH Barcelona. Psic\u00f2legs a Barcelona, truqui 640 067 146. Equip de psic\u00f2legs cl\u00ednics i psicoterapeutes a Barcelona amb un recorregut de ...\" \/>\n<meta name=\"robots\" content=\"index, follow, max-snippet:-1, max-image-preview:large, max-video-preview:-1\" \/>\n<link rel=\"canonical\" href=\"https:\/\/psicoclinicabarcelona.com\/ca\/psicoleg-tdah-barcelona\/\" \/>\n<meta property=\"og:locale\" content=\"ca_ES\" \/>\n<meta property=\"og:type\" content=\"article\" \/>\n<meta property=\"og:title\" content=\"Psicoleg TDAH Barcelona\" \/>\n<meta property=\"og:description\" content=\"Psic\u00f2leg TDAH Barcelona. Psic\u00f2legs a Barcelona, truqui 640 067 146. Equip de psic\u00f2legs cl\u00ednics i psicoterapeutes a Barcelona amb un recorregut de ...\" \/>\n<meta property=\"og:url\" content=\"https:\/\/psicoclinicabarcelona.com\/ca\/psicoleg-tdah-barcelona\/\" \/>\n<meta property=\"og:site_name\" content=\"Psicocl\u00ednica Barcelona\" \/>\n<meta property=\"article:publisher\" content=\"https:\/\/www.facebook.com\/PsicoclinicaBarcelona\/\" \/>\n<meta property=\"article:modified_time\" content=\"2024-05-17T07:52:30+00:00\" \/>\n<meta property=\"og:image\" content=\"https:\/\/psicoclinicabarcelona.com\/wp-content\/uploads\/2015\/09\/person-808383_1280.jpg\" \/>\n\t<meta property=\"og:image:width\" content=\"1280\" \/>\n\t<meta property=\"og:image:height\" content=\"849\" \/>\n\t<meta property=\"og:image:type\" content=\"image\/jpeg\" \/>\n<meta name=\"twitter:label1\" content=\"Temps estimat de lectura\" \/>\n\t<meta name=\"twitter:data1\" content=\"6 minuts\" \/>\n<script type=\"application\/ld+json\" class=\"yoast-schema-graph\">{\"@context\":\"https:\/\/schema.org\",\"@graph\":[{\"@type\":\"WebPage\",\"@id\":\"https:\/\/psicoclinicabarcelona.com\/ca\/psicoleg-tdah-barcelona\/\",\"url\":\"https:\/\/psicoclinicabarcelona.com\/ca\/psicoleg-tdah-barcelona\/\",\"name\":\"Psicoleg TDAH Barcelona\",\"isPartOf\":{\"@id\":\"https:\/\/psicoclinicabarcelona.com\/#website\"},\"primaryImageOfPage\":{\"@id\":\"https:\/\/psicoclinicabarcelona.com\/ca\/psicoleg-tdah-barcelona\/#primaryimage\"},\"image\":{\"@id\":\"https:\/\/psicoclinicabarcelona.com\/ca\/psicoleg-tdah-barcelona\/#primaryimage\"},\"thumbnailUrl\":\"https:\/\/psicoclinicabarcelona.com\/wp-content\/uploads\/2015\/09\/person-808383_1280.jpg\",\"datePublished\":\"2015-09-06T16:20:33+00:00\",\"dateModified\":\"2024-05-17T07:52:30+00:00\",\"description\":\"Psic\u00f2leg TDAH Barcelona. Psic\u00f2legs a Barcelona, truqui 640 067 146. Equip de psic\u00f2legs cl\u00ednics i psicoterapeutes a Barcelona amb un recorregut de ...\",\"breadcrumb\":{\"@id\":\"https:\/\/psicoclinicabarcelona.com\/ca\/psicoleg-tdah-barcelona\/#breadcrumb\"},\"inLanguage\":\"ca\",\"potentialAction\":[{\"@type\":\"ReadAction\",\"target\":[\"https:\/\/psicoclinicabarcelona.com\/ca\/psicoleg-tdah-barcelona\/\"]}]},{\"@type\":\"ImageObject\",\"inLanguage\":\"ca\",\"@id\":\"https:\/\/psicoclinicabarcelona.com\/ca\/psicoleg-tdah-barcelona\/#primaryimage\",\"url\":\"https:\/\/psicoclinicabarcelona.com\/wp-content\/uploads\/2015\/09\/person-808383_1280.jpg\",\"contentUrl\":\"https:\/\/psicoclinicabarcelona.com\/wp-content\/uploads\/2015\/09\/person-808383_1280.jpg\",\"width\":1280,\"height\":849,\"caption\":\"Psic\u00f2leg TDAH Barcelona. Psicocl\u00ednica Barcelona\"},{\"@type\":\"BreadcrumbList\",\"@id\":\"https:\/\/psicoclinicabarcelona.com\/ca\/psicoleg-tdah-barcelona\/#breadcrumb\",\"itemListElement\":[{\"@type\":\"ListItem\",\"position\":1,\"name\":\"Portada\",\"item\":\"https:\/\/psicoclinicabarcelona.com\/ca\/\"},{\"@type\":\"ListItem\",\"position\":2,\"name\":\"Psic\u00f2leg TDAH Barcelona\"}]},{\"@type\":\"WebSite\",\"@id\":\"https:\/\/psicoclinicabarcelona.com\/#website\",\"url\":\"https:\/\/psicoclinicabarcelona.com\/\",\"name\":\"Psicocl\u00ednica Barcelona\",\"description\":\"Posiblemente el mejor psic\u00f3logo en Barcelona o la mejor psic\u00f3loga de Barcelona. Ll\u00e1manos sin compromiso al 935 414 478\",\"publisher\":{\"@id\":\"https:\/\/psicoclinicabarcelona.com\/#organization\"},\"alternateName\":\"Psicocl\u00ednica Barcelona\",\"potentialAction\":[{\"@type\":\"SearchAction\",\"target\":{\"@type\":\"EntryPoint\",\"urlTemplate\":\"https:\/\/psicoclinicabarcelona.com\/?s={search_term_string}\"},\"query-input\":{\"@type\":\"PropertyValueSpecification\",\"valueRequired\":true,\"valueName\":\"search_term_string\"}}],\"inLanguage\":\"ca\"},{\"@type\":\"Organization\",\"@id\":\"https:\/\/psicoclinicabarcelona.com\/#organization\",\"name\":\"Psicocl\u00ednica Barcelona\",\"alternateName\":\"Psicocl\u00ednica Barcelona\",\"url\":\"https:\/\/psicoclinicabarcelona.com\/\",\"logo\":{\"@type\":\"ImageObject\",\"inLanguage\":\"ca\",\"@id\":\"https:\/\/psicoclinicabarcelona.com\/#\/schema\/logo\/image\/\",\"url\":\"https:\/\/psicoclinicabarcelona.com\/wp-content\/uploads\/2015\/04\/psicologos-barcelona.png\",\"contentUrl\":\"https:\/\/psicoclinicabarcelona.com\/wp-content\/uploads\/2015\/04\/psicologos-barcelona.png\",\"width\":178,\"height\":62,\"caption\":\"Psicocl\u00ednica Barcelona\"},\"image\":{\"@id\":\"https:\/\/psicoclinicabarcelona.com\/#\/schema\/logo\/image\/\"},\"sameAs\":[\"https:\/\/www.facebook.com\/PsicoclinicaBarcelona\/\",\"https:\/\/x.com\/psicoclinicabcn\",\"https:\/\/www.linkedin.com\/company\/psicocl\u00ednica-barcelona\/\",\"https:\/\/www.instagram.com\/psicoclinicabarcelona\/\",\"https:\/\/www.youtube.com\/channel\/UCcc-5_wC56giASuT0XDr87Q\"]}]}<\/script>\n<!-- \/ Yoast SEO plugin. -->","yoast_head_json":{"title":"Psicoleg TDAH Barcelona","description":"Psic\u00f2leg TDAH Barcelona. Psic\u00f2legs a Barcelona, truqui 640 067 146. Equip de psic\u00f2legs cl\u00ednics i psicoterapeutes a Barcelona amb un recorregut de ...","robots":{"index":"index","follow":"follow","max-snippet":"max-snippet:-1","max-image-preview":"max-image-preview:large","max-video-preview":"max-video-preview:-1"},"canonical":"https:\/\/psicoclinicabarcelona.com\/ca\/psicoleg-tdah-barcelona\/","og_locale":"ca_ES","og_type":"article","og_title":"Psicoleg TDAH Barcelona","og_description":"Psic\u00f2leg TDAH Barcelona. Psic\u00f2legs a Barcelona, truqui 640 067 146. Equip de psic\u00f2legs cl\u00ednics i psicoterapeutes a Barcelona amb un recorregut de ...","og_url":"https:\/\/psicoclinicabarcelona.com\/ca\/psicoleg-tdah-barcelona\/","og_site_name":"Psicocl\u00ednica Barcelona","article_publisher":"https:\/\/www.facebook.com\/PsicoclinicaBarcelona\/","article_modified_time":"2024-05-17T07:52:30+00:00","og_image":[{"width":1280,"height":849,"url":"https:\/\/psicoclinicabarcelona.com\/wp-content\/uploads\/2015\/09\/person-808383_1280.jpg","type":"image\/jpeg"}],"twitter_misc":{"Temps estimat de lectura":"6 minuts"},"schema":{"@context":"https:\/\/schema.org","@graph":[{"@type":"WebPage","@id":"https:\/\/psicoclinicabarcelona.com\/ca\/psicoleg-tdah-barcelona\/","url":"https:\/\/psicoclinicabarcelona.com\/ca\/psicoleg-tdah-barcelona\/","name":"Psicoleg TDAH Barcelona","isPartOf":{"@id":"https:\/\/psicoclinicabarcelona.com\/#website"},"primaryImageOfPage":{"@id":"https:\/\/psicoclinicabarcelona.com\/ca\/psicoleg-tdah-barcelona\/#primaryimage"},"image":{"@id":"https:\/\/psicoclinicabarcelona.com\/ca\/psicoleg-tdah-barcelona\/#primaryimage"},"thumbnailUrl":"https:\/\/psicoclinicabarcelona.com\/wp-content\/uploads\/2015\/09\/person-808383_1280.jpg","datePublished":"2015-09-06T16:20:33+00:00","dateModified":"2024-05-17T07:52:30+00:00","description":"Psic\u00f2leg TDAH Barcelona. Psic\u00f2legs a Barcelona, truqui 640 067 146. Equip de psic\u00f2legs cl\u00ednics i psicoterapeutes a Barcelona amb un recorregut de ...","breadcrumb":{"@id":"https:\/\/psicoclinicabarcelona.com\/ca\/psicoleg-tdah-barcelona\/#breadcrumb"},"inLanguage":"ca","potentialAction":[{"@type":"ReadAction","target":["https:\/\/psicoclinicabarcelona.com\/ca\/psicoleg-tdah-barcelona\/"]}]},{"@type":"ImageObject","inLanguage":"ca","@id":"https:\/\/psicoclinicabarcelona.com\/ca\/psicoleg-tdah-barcelona\/#primaryimage","url":"https:\/\/psicoclinicabarcelona.com\/wp-content\/uploads\/2015\/09\/person-808383_1280.jpg","contentUrl":"https:\/\/psicoclinicabarcelona.com\/wp-content\/uploads\/2015\/09\/person-808383_1280.jpg","width":1280,"height":849,"caption":"Psic\u00f2leg TDAH Barcelona. Psicocl\u00ednica Barcelona"},{"@type":"BreadcrumbList","@id":"https:\/\/psicoclinicabarcelona.com\/ca\/psicoleg-tdah-barcelona\/#breadcrumb","itemListElement":[{"@type":"ListItem","position":1,"name":"Portada","item":"https:\/\/psicoclinicabarcelona.com\/ca\/"},{"@type":"ListItem","position":2,"name":"Psic\u00f2leg TDAH Barcelona"}]},{"@type":"WebSite","@id":"https:\/\/psicoclinicabarcelona.com\/#website","url":"https:\/\/psicoclinicabarcelona.com\/","name":"Psicocl\u00ednica Barcelona","description":"Posiblemente el mejor psic\u00f3logo en Barcelona o la mejor psic\u00f3loga de Barcelona. Ll\u00e1manos sin compromiso al 935 414 478","publisher":{"@id":"https:\/\/psicoclinicabarcelona.com\/#organization"},"alternateName":"Psicocl\u00ednica Barcelona","potentialAction":[{"@type":"SearchAction","target":{"@type":"EntryPoint","urlTemplate":"https:\/\/psicoclinicabarcelona.com\/?s={search_term_string}"},"query-input":{"@type":"PropertyValueSpecification","valueRequired":true,"valueName":"search_term_string"}}],"inLanguage":"ca"},{"@type":"Organization","@id":"https:\/\/psicoclinicabarcelona.com\/#organization","name":"Psicocl\u00ednica Barcelona","alternateName":"Psicocl\u00ednica Barcelona","url":"https:\/\/psicoclinicabarcelona.com\/","logo":{"@type":"ImageObject","inLanguage":"ca","@id":"https:\/\/psicoclinicabarcelona.com\/#\/schema\/logo\/image\/","url":"https:\/\/psicoclinicabarcelona.com\/wp-content\/uploads\/2015\/04\/psicologos-barcelona.png","contentUrl":"https:\/\/psicoclinicabarcelona.com\/wp-content\/uploads\/2015\/04\/psicologos-barcelona.png","width":178,"height":62,"caption":"Psicocl\u00ednica Barcelona"},"image":{"@id":"https:\/\/psicoclinicabarcelona.com\/#\/schema\/logo\/image\/"},"sameAs":["https:\/\/www.facebook.com\/PsicoclinicaBarcelona\/","https:\/\/x.com\/psicoclinicabcn","https:\/\/www.linkedin.com\/company\/psicocl\u00ednica-barcelona\/","https:\/\/www.instagram.com\/psicoclinicabarcelona\/","https:\/\/www.youtube.com\/channel\/UCcc-5_wC56giASuT0XDr87Q"]}]}},"_links":{"self":[{"href":"https:\/\/psicoclinicabarcelona.com\/ca\/wp-json\/wp\/v2\/pages\/1554"}],"collection":[{"href":"https:\/\/psicoclinicabarcelona.com\/ca\/wp-json\/wp\/v2\/pages"}],"about":[{"href":"https:\/\/psicoclinicabarcelona.com\/ca\/wp-json\/wp\/v2\/types\/page"}],"author":[{"embeddable":true,"href":"https:\/\/psicoclinicabarcelona.com\/ca\/wp-json\/wp\/v2\/users\/2"}],"replies":[{"embeddable":true,"href":"https:\/\/psicoclinicabarcelona.com\/ca\/wp-json\/wp\/v2\/comments?post=1554"}],"version-history":[{"count":8,"href":"https:\/\/psicoclinicabarcelona.com\/ca\/wp-json\/wp\/v2\/pages\/1554\/revisions"}],"predecessor-version":[{"id":6470,"href":"https:\/\/psicoclinicabarcelona.com\/ca\/wp-json\/wp\/v2\/pages\/1554\/revisions\/6470"}],"wp:featuredmedia":[{"embeddable":true,"href":"https:\/\/psicoclinicabarcelona.com\/ca\/wp-json\/wp\/v2\/media\/1548"}],"wp:attachment":[{"href":"https:\/\/psicoclinicabarcelona.com\/ca\/wp-json\/wp\/v2\/media?parent=1554"}],"curies":[{"name":"wp","href":"https:\/\/api.w.org\/{rel}","templated":true}]}}