{"id":1583,"date":"2015-09-07T11:09:16","date_gmt":"2015-09-07T11:09:16","guid":{"rendered":"http:\/\/psicoclinicabarcelona.com\/?page_id=1583"},"modified":"2024-05-17T09:52:16","modified_gmt":"2024-05-17T07:52:16","slug":"psicologia-infantil-problemes-conducta","status":"publish","type":"page","link":"https:\/\/psicoclinicabarcelona.com\/ca\/psicologia-infantil-problemes-conducta\/","title":{"rendered":"Psic\u00f2leg infantil Barcelona: El trastorn de conducta"},"content":{"rendered":"[vc_row][vc_column width=&#8221;1\/2&#8243;][vc_column_text]<strong>Els trastorns de conducta constitueixen un dels quadres m\u00e9s freq\u00fcents a la poblaci\u00f3 infanto-juvenil<\/strong> i respecte als quals, els diferents especialistes no solen posar-se d&#8217;acord, ni en la seva eliminaci\u00f3 diagn\u00f2stica, ni el pron\u00f2stic ni el tractament. A\u00a0Psicocl\u00ednica Barcelona, intentem entendre qu\u00e8 significa per a cada noi el que la seva conducta manifesta,\u00a0<strong>comprendre la l\u00f2gica de la conducta abans que eliminar-la o corregir-la<\/strong>.<\/p>\n<p>Aix\u00f2 ens permet no actuar de manera precipitada i, per tant, no alimentar ni fixar el problema conductual. En definitiva \u00e9s passar d&#8217;una l\u00f2gica centrada a discernir qu\u00e8 s\u00f3n els trastorns de conducta (l\u00f2gica de l&#8217;objectivaci\u00f3), a una altra l\u00f2gica molt diferent on <strong>la q\u00fcesti\u00f3 central rau a saber qui s\u00f3n els nois<\/strong> que presenten aquestes alteracions. conductuals (l\u00f2gica de la subjectivaci\u00f3).[\/vc_column_text][\/vc_column][vc_column width=&#8221;1\/2&#8243;][vc_column_text]<iframe title=\"YouTube video player\" src=\"https:\/\/www.youtube.com\/embed\/3xwdLvmeJw8\" width=\"560\" height=\"315\" frameborder=\"0\" allowfullscreen=\"allowfullscreen\"><\/iframe>[\/vc_column_text][\/vc_column][vc_column][vc_column_text]\n<h2>Psicologia infantil problemes de conducta<\/h2>\n<p>Si esteu buscant el millor assessorament en <strong>ter\u00e0pia per a nens amb trastorns de conducta\u00a0<\/strong>provinent d&#8217;un\u00a0<strong>psic\u00f2leg infantil de Barcelona<\/strong>, a Psicocl\u00ednica Barcelona us donarem l&#8217;atenci\u00f3 que necessiten els m\u00e9s petits de la casa. Comptem amb <strong>m\u00e9s de 10 anys d&#8217;experi\u00e8ncia<\/strong>, fruit d&#8217;anys d&#8217;esfor\u00e7 i dedicaci\u00f3 per millorar la qualitat de vida de moltes persones que pateixen o pateixen algun trastorn o s\u00edndrome. La nostra forma de treballar, aix\u00ed com el desenvolupament de <strong>ter\u00e0pies i tractaments per a problemes de conducta infantils<\/strong> ens ha situat com una de les millors cl\u00edniques de <strong>pstr\u00f2legs de Barcelona<\/strong>.[\/vc_column_text][\/vc_column][\/vc_row][vc_row][vc_column width=&#8221;1\/2&#8243;][vc_column_text]<img decoding=\"async\" class=\"aligncenter wp-image-5675 size-full\" src=\"https:\/\/psicoclinicabarcelona.com\/wp-content\/uploads\/2022\/07\/undraw_breaking_barriers_vnf3.webp\" alt=\"ni\u00f1a con problemas de conducta\" width=\"1174\" height=\"942\" srcset=\"https:\/\/psicoclinicabarcelona.com\/wp-content\/uploads\/2022\/07\/undraw_breaking_barriers_vnf3.webp 1174w, https:\/\/psicoclinicabarcelona.com\/wp-content\/uploads\/2022\/07\/undraw_breaking_barriers_vnf3-300x241.webp 300w, https:\/\/psicoclinicabarcelona.com\/wp-content\/uploads\/2022\/07\/undraw_breaking_barriers_vnf3-1024x822.webp 1024w, https:\/\/psicoclinicabarcelona.com\/wp-content\/uploads\/2022\/07\/undraw_breaking_barriers_vnf3-768x616.webp 768w, https:\/\/psicoclinicabarcelona.com\/wp-content\/uploads\/2022\/07\/undraw_breaking_barriers_vnf3-600x481.webp 600w\" sizes=\"(max-width: 1174px) 100vw, 1174px\" \/>[\/vc_column_text][\/vc_column][vc_column width=&#8221;1\/2&#8243;][vc_column_text]\n<h2>Ter\u00e0pia per a nens amb problemes de conducta<\/h2>\n<p>I \u00e9s que a la nostra cl\u00ednica\u00a0<strong>estudiarem detingudament el seu cas de forma totalment individualitzada i personal<\/strong>. A trav\u00e9s de l&#8217;an\u00e0lisi de la conducta del seu fill o filla, podrem oferir-li el tractament de <strong>psicologia infantil per a problemes de conducta<\/strong> que necessiti i que la seva forma de relacionar-se amb tothom que l&#8217;envolta millori. Perqu\u00e8 sabem de primera m\u00e0 la import\u00e0ncia d&#8217;assegurar el benestar dels nostres petits, a Psicocl\u00ednica Barcelona us proporcionarem l&#8217;atenci\u00f3 que necessita. No dubteu a posar-vos en contacte amb el nostre <a href=\"https:\/\/psicoclinicabarcelona.com\/ca\/psicolegs-barcelona\/\">equip<\/a> per a sol\u00b7licitar m\u00e9s informaci\u00f3, i dipositeu la vostra confian\u00e7a en mans expertes.[\/vc_column_text][\/vc_column][\/vc_row][vc_row css=&#8221;.vc_custom_1658071592160{margin-top: 30px !important;}&#8221;][vc_column][vc_column_text]\n<h2 style=\"color: #008aad;\">Vol demanar cita?<\/h2>\n<p>Us informem que tamb\u00e9 podeu fer consultes des del nostre lloc web. Si ho desitja, tamb\u00e9 pot sol\u00b7licitar una consulta online. Podeu sol\u00b7licitar la vostra cita ara, ser\u00e0 at\u00e8s personalment per un psic\u00f2leg o psic\u00f2loga Barcelona des de la primera trucada. En aquesta primera trucada us informarem del que necessiteu saber i si ho desitgeu us oferirem una cita el m\u00e9s aviat possible.[\/vc_column_text][\/vc_column][\/vc_row][vc_row css=&#8221;.vc_custom_1658069749947{margin-top: 40px !important;margin-bottom: 30px !important;}&#8221;][vc_column width=&#8221;1\/2&#8243;][vc_column_text el_class=&#8221;sombra&#8221;]<a href=\"\/mila-herrera\/\"><img decoding=\"async\" class=\"aligncenter wp-image-5589 size-full\" src=\"https:\/\/psicoclinicabarcelona.com\/wp-content\/uploads\/2022\/07\/mila-ficha.webp\" alt=\"fiche mila\" width=\"1400\" height=\"500\" srcset=\"https:\/\/psicoclinicabarcelona.com\/wp-content\/uploads\/2022\/07\/mila-ficha.webp 1400w, https:\/\/psicoclinicabarcelona.com\/wp-content\/uploads\/2022\/07\/mila-ficha-300x107.webp 300w, https:\/\/psicoclinicabarcelona.com\/wp-content\/uploads\/2022\/07\/mila-ficha-1024x366.webp 1024w, https:\/\/psicoclinicabarcelona.com\/wp-content\/uploads\/2022\/07\/mila-ficha-768x274.webp 768w, https:\/\/psicoclinicabarcelona.com\/wp-content\/uploads\/2022\/07\/mila-ficha-600x214.webp 600w\" sizes=\"(max-width: 1400px) 100vw, 1400px\" \/><\/a>[\/vc_column_text][\/vc_column][vc_column width=&#8221;1\/2&#8243;][vc_column_text el_class=&#8221;sombra&#8221;]<a href=\"\/sergi-vilardell\/\"><img decoding=\"async\" class=\"aligncenter wp-image-5592 size-full\" src=\"https:\/\/psicoclinicabarcelona.com\/wp-content\/uploads\/2022\/07\/ficha-Sergi.webp\" alt=\"ficha Sergi\" width=\"1400\" height=\"500\" srcset=\"https:\/\/psicoclinicabarcelona.com\/wp-content\/uploads\/2022\/07\/ficha-Sergi.webp 1400w, https:\/\/psicoclinicabarcelona.com\/wp-content\/uploads\/2022\/07\/ficha-Sergi-300x107.webp 300w, https:\/\/psicoclinicabarcelona.com\/wp-content\/uploads\/2022\/07\/ficha-Sergi-1024x366.webp 1024w, https:\/\/psicoclinicabarcelona.com\/wp-content\/uploads\/2022\/07\/ficha-Sergi-768x274.webp 768w, https:\/\/psicoclinicabarcelona.com\/wp-content\/uploads\/2022\/07\/ficha-Sergi-600x214.webp 600w\" sizes=\"(max-width: 1400px) 100vw, 1400px\" \/><\/a>[\/vc_column_text][\/vc_column][\/vc_row][vc_row][vc_column][vc_column_text]\n<h3>Psic\u00f2leg infantil Barcelona<\/h3>\n<p>En el marc de les classificacions diagn\u00f2stiques conv\u00e9 plantejar una primera diferenciaci\u00f3 entre les diferents alteracions conductuals amb el prop\u00f2sit de no confondre-les entre si:<\/p>\n<p>D&#8217;una banda constatem les <strong>conductes reactives<\/strong> a un problema o situaci\u00f3 epis\u00f2dica de relaci\u00f3. De l&#8217;altra, les <strong>conductes disruptives<\/strong> associades als trastorns generalitzats del desenvolupament (<a href=\"https:\/\/psicoclinicabarcelona.com\/ca\/psicoleg-tea-barcelona\/\">espectre autista<\/a> i psicosi infantils), la\u00a0<strong>psicosi<\/strong>\u00a0de la segona inf\u00e0ncia i de l&#8217;adolesc\u00e8ncia, i els\u00a0<strong>trastorns del comportament<\/strong>\u00a0en el retard mental. En aquests casos, la problem\u00e0tica conductual \u00e9s secund\u00e0ria a altres trastorns mentals.<\/p>\n<p>Com va dir Jos\u00e9 Ram\u00f3n Ubieto, en molts alumnes les persistents respostes violentes o transgressores eviten el pensament i l&#8217;elaboraci\u00f3 mental de les tensions ps\u00edquiques implicades en les seves relacions amb si mateix, amb els altres i amb el m\u00f3n, configurant un estancament subjectiu en el temps construcci\u00f3 de la seva personalitat.<\/p>\n<p><strong>La manca d&#8217;elaboraci\u00f3 mental \u00e9s el signe o senyal que ens informa d&#8217;un patiment personal<\/strong>. \u00c9s l&#8217;indicador del malestar de l&#8217;alumne. \u00c9s el signe que ens ha d&#8217;ajudar a separar-nos del que \u00e9s purament conductual per passar a una explicaci\u00f3 que col\u00b7loca la subjectivitat de l&#8217;alumne a l&#8217;epicentre de la reflexi\u00f3.<\/p>\n<h3>Trastorns de conducta<\/h3>\n<p>Estem parlant de nois i noies que pateixen un malestar intens, a saber inestabilitat emocional, pors,\u00a0<a href=\"https:\/\/psicoclinicabarcelona.com\/ca\/psicoleg-ansietat-barcelona\/\" target=\"_blank\" rel=\"noopener\">tristesa<\/a>, irritaci\u00f3 etc. Un malestar que aboquen a l&#8217;escola i amb qu\u00e8 hem de tractar. Precisament, la conducta \u00e9s l&#8217;expressi\u00f3 actuada d&#8217;aquest malestar.<\/p>\n<p><strong>Aquests nois rebutgen l&#8217;angoixa que els envaeix mitjan\u00e7ant la conducta violenta, alterada o transgressora<\/strong>, no volent tractar amb aquesta angoixa ni saber-ne res. No tenen recursos simb\u00f2lics per afrontar-la, ja que no la poden pensar ni abordar mitjan\u00e7ant la paraula en el marc d&#8217;una relaci\u00f3 amb els altres.<\/p>\n<p>\u00c9s caracter\u00edstic de molts d&#8217;aquests nois una <strong>dificultat per instaurar i mantenir vincles amb els altres<\/strong>. La seva manca de confian\u00e7a que hi pot haver alg\u00fa que els escolti fa que per a ells no tingui sentit parlar.<\/p>\n<p>Una altra constant a les seves vides \u00e9s la tend\u00e8ncia a les actuacions. Com que el malestar no pot ser tramitat pel pensament i la paraula, nom\u00e9s pot ser rebutjat mitjan\u00e7ant la conducta agressiva i desafiant que sovint es desenvolupa a l&#8217;escola o en altres escenaris (Fam\u00edlia, comunitat, etc.). L&#8217;actuaci\u00f3, les accions impulsives i els actes err\u00e0tics es converteixen de mica en mica en una forma de transitar per la vida i aix\u00f2 els porta a poc a poc a instal\u00b7lar-se en una posici\u00f3 inflexible, resultat de l&#8217;articulaci\u00f3 entre la seva forma d&#8217;experimentar la vida i els seus processos de pensament.<\/p>\n<p>Per sintetitzar molt breument, especificarem tres dimensions en qu\u00e8 es manifesta en la seva posici\u00f3 inflexible:<\/p>\n<ul>\n<li>Rigidesa en les idees i pensaments sobre si mateix i sobre la vida.<\/li>\n<li>Rigidesa en les maneres de relacionar-se i conversar amb els altres.<\/li>\n<li>Rigidesa en les maneres de processar la informaci\u00f3 i apropiar-se del coneixement.<\/li>\n<\/ul>\n<p>Si voleu podeu trobar m\u00e9s informaci\u00f3 a\u00a0<a href=\"https:\/\/psicoclinicabarcelona.com\/ca\/psicoleg-adolescents-barcelona\/\">psic\u00f2leg adolescents Barcelona<\/a>.[\/vc_column_text][\/vc_column][\/vc_row]\n","protected":false},"excerpt":{"rendered":"<p>[vc_row][vc_column width=&#8221;1\/2&#8243;][vc_column_text]Els trastorns de conducta constitueixen un dels quadres m\u00e9s freq\u00fcents a la poblaci\u00f3 infanto-juvenil i respecte als quals, els diferents especialistes no solen posar-se d&#8217;acord, ni en la seva eliminaci\u00f3 diagn\u00f2stica, ni el pron\u00f2stic ni el tractament. A\u00a0Psicocl\u00ednica Barcelona, intentem entendre qu\u00e8 significa per a cada noi el que la seva conducta manifesta,\u00a0comprendre la&hellip;<\/p>\n","protected":false},"author":2,"featured_media":1584,"parent":0,"menu_order":0,"comment_status":"open","ping_status":"open","template":"","meta":{"footnotes":""},"class_list":["post-1583","page","type-page","status-publish","has-post-thumbnail","hentry","entry","has-media"],"yoast_head":"<!-- This site is optimized with the Yoast SEO plugin v24.6 - https:\/\/yoast.com\/wordpress\/plugins\/seo\/ -->\n<title>Psicoleg infantil Barcelona: El trastorn de conducta<\/title>\n<meta name=\"description\" content=\"Psic\u00f2leg infantil Barcelona: El trastorn de conducta. Truqui al 640 067 146. Equip de psic\u00f2legs cl\u00ednics i psicoterapeutes a Barcelona amb un recorregut de m\u00e9s de 10 anys d&#039;...\" \/>\n<meta name=\"robots\" content=\"index, follow, max-snippet:-1, max-image-preview:large, max-video-preview:-1\" \/>\n<link rel=\"canonical\" href=\"https:\/\/psicoclinicabarcelona.com\/ca\/psicologia-infantil-problemes-conducta\/\" \/>\n<meta property=\"og:locale\" content=\"ca_ES\" \/>\n<meta property=\"og:type\" content=\"article\" \/>\n<meta property=\"og:title\" content=\"Psicoleg infantil Barcelona: El trastorn de conducta\" \/>\n<meta property=\"og:description\" content=\"Psic\u00f2leg infantil Barcelona: El trastorn de conducta. Truqui al 640 067 146. Equip de psic\u00f2legs cl\u00ednics i psicoterapeutes a Barcelona amb un recorregut de m\u00e9s de 10 anys d&#039;...\" \/>\n<meta property=\"og:url\" content=\"https:\/\/psicoclinicabarcelona.com\/ca\/psicologia-infantil-problemes-conducta\/\" \/>\n<meta property=\"og:site_name\" content=\"Psicocl\u00ednica Barcelona\" \/>\n<meta property=\"article:publisher\" content=\"https:\/\/www.facebook.com\/PsicoclinicaBarcelona\/\" \/>\n<meta property=\"article:modified_time\" content=\"2024-05-17T07:52:16+00:00\" \/>\n<meta property=\"og:image\" content=\"https:\/\/psicoclinicabarcelona.com\/wp-content\/uploads\/2015\/09\/holding-hands-619532_1280.jpg\" \/>\n\t<meta property=\"og:image:width\" content=\"1280\" \/>\n\t<meta property=\"og:image:height\" content=\"853\" \/>\n\t<meta property=\"og:image:type\" content=\"image\/jpeg\" \/>\n<meta name=\"twitter:label1\" content=\"Temps estimat de lectura\" \/>\n\t<meta name=\"twitter:data1\" content=\"5 minuts\" \/>\n<script type=\"application\/ld+json\" class=\"yoast-schema-graph\">{\"@context\":\"https:\/\/schema.org\",\"@graph\":[{\"@type\":\"WebPage\",\"@id\":\"https:\/\/psicoclinicabarcelona.com\/ca\/psicologia-infantil-problemes-conducta\/\",\"url\":\"https:\/\/psicoclinicabarcelona.com\/ca\/psicologia-infantil-problemes-conducta\/\",\"name\":\"Psicoleg infantil Barcelona: El trastorn de conducta\",\"isPartOf\":{\"@id\":\"https:\/\/psicoclinicabarcelona.com\/#website\"},\"primaryImageOfPage\":{\"@id\":\"https:\/\/psicoclinicabarcelona.com\/ca\/psicologia-infantil-problemes-conducta\/#primaryimage\"},\"image\":{\"@id\":\"https:\/\/psicoclinicabarcelona.com\/ca\/psicologia-infantil-problemes-conducta\/#primaryimage\"},\"thumbnailUrl\":\"https:\/\/psicoclinicabarcelona.com\/wp-content\/uploads\/2015\/09\/holding-hands-619532_1280.jpg\",\"datePublished\":\"2015-09-07T11:09:16+00:00\",\"dateModified\":\"2024-05-17T07:52:16+00:00\",\"description\":\"Psic\u00f2leg infantil Barcelona: El trastorn de conducta. Truqui al 640 067 146. Equip de psic\u00f2legs cl\u00ednics i psicoterapeutes a Barcelona amb un recorregut de m\u00e9s de 10 anys d'...\",\"breadcrumb\":{\"@id\":\"https:\/\/psicoclinicabarcelona.com\/ca\/psicologia-infantil-problemes-conducta\/#breadcrumb\"},\"inLanguage\":\"ca\",\"potentialAction\":[{\"@type\":\"ReadAction\",\"target\":[\"https:\/\/psicoclinicabarcelona.com\/ca\/psicologia-infantil-problemes-conducta\/\"]}]},{\"@type\":\"ImageObject\",\"inLanguage\":\"ca\",\"@id\":\"https:\/\/psicoclinicabarcelona.com\/ca\/psicologia-infantil-problemes-conducta\/#primaryimage\",\"url\":\"https:\/\/psicoclinicabarcelona.com\/wp-content\/uploads\/2015\/09\/holding-hands-619532_1280.jpg\",\"contentUrl\":\"https:\/\/psicoclinicabarcelona.com\/wp-content\/uploads\/2015\/09\/holding-hands-619532_1280.jpg\",\"width\":1280,\"height\":853,\"caption\":\"Psic\u00f2leg infantil Barcelona: El trastorn de conducta\"},{\"@type\":\"BreadcrumbList\",\"@id\":\"https:\/\/psicoclinicabarcelona.com\/ca\/psicologia-infantil-problemes-conducta\/#breadcrumb\",\"itemListElement\":[{\"@type\":\"ListItem\",\"position\":1,\"name\":\"Portada\",\"item\":\"https:\/\/psicoclinicabarcelona.com\/ca\/\"},{\"@type\":\"ListItem\",\"position\":2,\"name\":\"Psic\u00f2leg infantil Barcelona: El trastorn de conducta\"}]},{\"@type\":\"WebSite\",\"@id\":\"https:\/\/psicoclinicabarcelona.com\/#website\",\"url\":\"https:\/\/psicoclinicabarcelona.com\/\",\"name\":\"Psicocl\u00ednica Barcelona\",\"description\":\"Posiblemente el mejor psic\u00f3logo en Barcelona o la mejor psic\u00f3loga de Barcelona. Ll\u00e1manos sin compromiso al 935 414 478\",\"publisher\":{\"@id\":\"https:\/\/psicoclinicabarcelona.com\/#organization\"},\"alternateName\":\"Psicocl\u00ednica Barcelona\",\"potentialAction\":[{\"@type\":\"SearchAction\",\"target\":{\"@type\":\"EntryPoint\",\"urlTemplate\":\"https:\/\/psicoclinicabarcelona.com\/?s={search_term_string}\"},\"query-input\":{\"@type\":\"PropertyValueSpecification\",\"valueRequired\":true,\"valueName\":\"search_term_string\"}}],\"inLanguage\":\"ca\"},{\"@type\":\"Organization\",\"@id\":\"https:\/\/psicoclinicabarcelona.com\/#organization\",\"name\":\"Psicocl\u00ednica Barcelona\",\"alternateName\":\"Psicocl\u00ednica Barcelona\",\"url\":\"https:\/\/psicoclinicabarcelona.com\/\",\"logo\":{\"@type\":\"ImageObject\",\"inLanguage\":\"ca\",\"@id\":\"https:\/\/psicoclinicabarcelona.com\/#\/schema\/logo\/image\/\",\"url\":\"https:\/\/psicoclinicabarcelona.com\/wp-content\/uploads\/2015\/04\/psicologos-barcelona.png\",\"contentUrl\":\"https:\/\/psicoclinicabarcelona.com\/wp-content\/uploads\/2015\/04\/psicologos-barcelona.png\",\"width\":178,\"height\":62,\"caption\":\"Psicocl\u00ednica Barcelona\"},\"image\":{\"@id\":\"https:\/\/psicoclinicabarcelona.com\/#\/schema\/logo\/image\/\"},\"sameAs\":[\"https:\/\/www.facebook.com\/PsicoclinicaBarcelona\/\",\"https:\/\/x.com\/psicoclinicabcn\",\"https:\/\/www.linkedin.com\/company\/psicocl\u00ednica-barcelona\/\",\"https:\/\/www.instagram.com\/psicoclinicabarcelona\/\",\"https:\/\/www.youtube.com\/channel\/UCcc-5_wC56giASuT0XDr87Q\"]}]}<\/script>\n<!-- \/ Yoast SEO plugin. -->","yoast_head_json":{"title":"Psicoleg infantil Barcelona: El trastorn de conducta","description":"Psic\u00f2leg infantil Barcelona: El trastorn de conducta. Truqui al 640 067 146. Equip de psic\u00f2legs cl\u00ednics i psicoterapeutes a Barcelona amb un recorregut de m\u00e9s de 10 anys d'...","robots":{"index":"index","follow":"follow","max-snippet":"max-snippet:-1","max-image-preview":"max-image-preview:large","max-video-preview":"max-video-preview:-1"},"canonical":"https:\/\/psicoclinicabarcelona.com\/ca\/psicologia-infantil-problemes-conducta\/","og_locale":"ca_ES","og_type":"article","og_title":"Psicoleg infantil Barcelona: El trastorn de conducta","og_description":"Psic\u00f2leg infantil Barcelona: El trastorn de conducta. Truqui al 640 067 146. Equip de psic\u00f2legs cl\u00ednics i psicoterapeutes a Barcelona amb un recorregut de m\u00e9s de 10 anys d'...","og_url":"https:\/\/psicoclinicabarcelona.com\/ca\/psicologia-infantil-problemes-conducta\/","og_site_name":"Psicocl\u00ednica Barcelona","article_publisher":"https:\/\/www.facebook.com\/PsicoclinicaBarcelona\/","article_modified_time":"2024-05-17T07:52:16+00:00","og_image":[{"width":1280,"height":853,"url":"https:\/\/psicoclinicabarcelona.com\/wp-content\/uploads\/2015\/09\/holding-hands-619532_1280.jpg","type":"image\/jpeg"}],"twitter_misc":{"Temps estimat de lectura":"5 minuts"},"schema":{"@context":"https:\/\/schema.org","@graph":[{"@type":"WebPage","@id":"https:\/\/psicoclinicabarcelona.com\/ca\/psicologia-infantil-problemes-conducta\/","url":"https:\/\/psicoclinicabarcelona.com\/ca\/psicologia-infantil-problemes-conducta\/","name":"Psicoleg infantil Barcelona: El trastorn de conducta","isPartOf":{"@id":"https:\/\/psicoclinicabarcelona.com\/#website"},"primaryImageOfPage":{"@id":"https:\/\/psicoclinicabarcelona.com\/ca\/psicologia-infantil-problemes-conducta\/#primaryimage"},"image":{"@id":"https:\/\/psicoclinicabarcelona.com\/ca\/psicologia-infantil-problemes-conducta\/#primaryimage"},"thumbnailUrl":"https:\/\/psicoclinicabarcelona.com\/wp-content\/uploads\/2015\/09\/holding-hands-619532_1280.jpg","datePublished":"2015-09-07T11:09:16+00:00","dateModified":"2024-05-17T07:52:16+00:00","description":"Psic\u00f2leg infantil Barcelona: El trastorn de conducta. Truqui al 640 067 146. Equip de psic\u00f2legs cl\u00ednics i psicoterapeutes a Barcelona amb un recorregut de m\u00e9s de 10 anys d'...","breadcrumb":{"@id":"https:\/\/psicoclinicabarcelona.com\/ca\/psicologia-infantil-problemes-conducta\/#breadcrumb"},"inLanguage":"ca","potentialAction":[{"@type":"ReadAction","target":["https:\/\/psicoclinicabarcelona.com\/ca\/psicologia-infantil-problemes-conducta\/"]}]},{"@type":"ImageObject","inLanguage":"ca","@id":"https:\/\/psicoclinicabarcelona.com\/ca\/psicologia-infantil-problemes-conducta\/#primaryimage","url":"https:\/\/psicoclinicabarcelona.com\/wp-content\/uploads\/2015\/09\/holding-hands-619532_1280.jpg","contentUrl":"https:\/\/psicoclinicabarcelona.com\/wp-content\/uploads\/2015\/09\/holding-hands-619532_1280.jpg","width":1280,"height":853,"caption":"Psic\u00f2leg infantil Barcelona: El trastorn de conducta"},{"@type":"BreadcrumbList","@id":"https:\/\/psicoclinicabarcelona.com\/ca\/psicologia-infantil-problemes-conducta\/#breadcrumb","itemListElement":[{"@type":"ListItem","position":1,"name":"Portada","item":"https:\/\/psicoclinicabarcelona.com\/ca\/"},{"@type":"ListItem","position":2,"name":"Psic\u00f2leg infantil Barcelona: El trastorn de conducta"}]},{"@type":"WebSite","@id":"https:\/\/psicoclinicabarcelona.com\/#website","url":"https:\/\/psicoclinicabarcelona.com\/","name":"Psicocl\u00ednica Barcelona","description":"Posiblemente el mejor psic\u00f3logo en Barcelona o la mejor psic\u00f3loga de Barcelona. Ll\u00e1manos sin compromiso al 935 414 478","publisher":{"@id":"https:\/\/psicoclinicabarcelona.com\/#organization"},"alternateName":"Psicocl\u00ednica Barcelona","potentialAction":[{"@type":"SearchAction","target":{"@type":"EntryPoint","urlTemplate":"https:\/\/psicoclinicabarcelona.com\/?s={search_term_string}"},"query-input":{"@type":"PropertyValueSpecification","valueRequired":true,"valueName":"search_term_string"}}],"inLanguage":"ca"},{"@type":"Organization","@id":"https:\/\/psicoclinicabarcelona.com\/#organization","name":"Psicocl\u00ednica Barcelona","alternateName":"Psicocl\u00ednica Barcelona","url":"https:\/\/psicoclinicabarcelona.com\/","logo":{"@type":"ImageObject","inLanguage":"ca","@id":"https:\/\/psicoclinicabarcelona.com\/#\/schema\/logo\/image\/","url":"https:\/\/psicoclinicabarcelona.com\/wp-content\/uploads\/2015\/04\/psicologos-barcelona.png","contentUrl":"https:\/\/psicoclinicabarcelona.com\/wp-content\/uploads\/2015\/04\/psicologos-barcelona.png","width":178,"height":62,"caption":"Psicocl\u00ednica Barcelona"},"image":{"@id":"https:\/\/psicoclinicabarcelona.com\/#\/schema\/logo\/image\/"},"sameAs":["https:\/\/www.facebook.com\/PsicoclinicaBarcelona\/","https:\/\/x.com\/psicoclinicabcn","https:\/\/www.linkedin.com\/company\/psicocl\u00ednica-barcelona\/","https:\/\/www.instagram.com\/psicoclinicabarcelona\/","https:\/\/www.youtube.com\/channel\/UCcc-5_wC56giASuT0XDr87Q"]}]}},"_links":{"self":[{"href":"https:\/\/psicoclinicabarcelona.com\/ca\/wp-json\/wp\/v2\/pages\/1583"}],"collection":[{"href":"https:\/\/psicoclinicabarcelona.com\/ca\/wp-json\/wp\/v2\/pages"}],"about":[{"href":"https:\/\/psicoclinicabarcelona.com\/ca\/wp-json\/wp\/v2\/types\/page"}],"author":[{"embeddable":true,"href":"https:\/\/psicoclinicabarcelona.com\/ca\/wp-json\/wp\/v2\/users\/2"}],"replies":[{"embeddable":true,"href":"https:\/\/psicoclinicabarcelona.com\/ca\/wp-json\/wp\/v2\/comments?post=1583"}],"version-history":[{"count":15,"href":"https:\/\/psicoclinicabarcelona.com\/ca\/wp-json\/wp\/v2\/pages\/1583\/revisions"}],"predecessor-version":[{"id":6843,"href":"https:\/\/psicoclinicabarcelona.com\/ca\/wp-json\/wp\/v2\/pages\/1583\/revisions\/6843"}],"wp:featuredmedia":[{"embeddable":true,"href":"https:\/\/psicoclinicabarcelona.com\/ca\/wp-json\/wp\/v2\/media\/1584"}],"wp:attachment":[{"href":"https:\/\/psicoclinicabarcelona.com\/ca\/wp-json\/wp\/v2\/media?parent=1583"}],"curies":[{"name":"wp","href":"https:\/\/api.w.org\/{rel}","templated":true}]}}