{"id":1855,"date":"2015-11-27T15:55:37","date_gmt":"2015-11-27T15:55:37","guid":{"rendered":"http:\/\/psicoclinicabarcelona.com\/?page_id=1855"},"modified":"2022-11-10T16:34:47","modified_gmt":"2022-11-10T15:34:47","slug":"professionals","status":"publish","type":"page","link":"https:\/\/psicoclinicabarcelona.com\/ca\/professionals\/","title":{"rendered":"Professionals"},"content":{"rendered":"<p>El nostre equip de psic\u00f2legs el conformen professionals amb m\u00e9s de <strong>15 anys d&#8217;experi\u00e8ncia a l&#8217;esquena <\/strong>. A m\u00e9s de la corresponent formaci\u00f3 i qualificaci\u00f3 en cadascuna de les \u00e0rees que tractem, l&#8217;experi\u00e8ncia \u00e9s un grau i en tot aquest temps ens hem trobat una infinitat de casos dispars que hem aconseguit solucionar de manera satisfact\u00f2ria i que ens han anat atorgant una visi\u00f3 m\u00e9s \u00e0mplia i global en cadascuna d&#8217;aquestes \u00e0rees o branques de la psicologia i de la psiquiatria.<\/p>\n<p>Comptem amb especialistes en psicologia de la parella, psicologia infantil i per a adolescents, psicoan\u00e0lisi i tractaments per superar problemes relacionats amb la depressi\u00f3, ansietat, addiccions, crisis de p\u00e0nic, tot tipus de por i f\u00f2bies, insomni, trastorns pisc\u00f3ticos, trastorns psicosom\u00e0tics, TOC , TLP i trastorns alimentaris com l&#8217;anor\u00e8xia i la bul\u00edmia.<\/p>\n<p>Requereix de la nostra ajuda per superar alguna patologia? Poseu-vos a disposici\u00f3 de professionals especialitzats en el seu problema. Si necessita un psic\u00f2leg a Barcelona, \u200b\u200bestem aqu\u00ed per ajudar-lo.<\/p>\n<p>Poseu-vos en <strong> contacte amb l&#8217;equip de professionals de Psicocl\u00ednica Barcelona<\/strong> i exposi el seu cas. Li donarem la informaci\u00f3 necess\u00e0ria i li convidarem a una consulta per examinar la seva situaci\u00f3 detingudament i poder oferir un diagn\u00f2stic prec\u00eds, aix\u00ed com marcar el cam\u00ed per afrontar el problema i determinar les possibles solucions.<\/p>\n","protected":false},"excerpt":{"rendered":"<p>El nostre equip de psic\u00f2legs el conformen professionals amb m\u00e9s de 15 anys d&#8217;experi\u00e8ncia a l&#8217;esquena . A m\u00e9s de la corresponent formaci\u00f3 i qualificaci\u00f3 en cadascuna de les \u00e0rees que tractem, l&#8217;experi\u00e8ncia \u00e9s un grau i en tot aquest temps ens hem trobat una infinitat de casos dispars que hem aconseguit solucionar de manera&hellip;<\/p>\n","protected":false},"author":5,"featured_media":0,"parent":0,"menu_order":0,"comment_status":"closed","ping_status":"closed","template":"","meta":{"footnotes":""},"class_list":["post-1855","page","type-page","status-publish","hentry","entry","no-media"],"yoast_head":"<!-- This site is optimized with the Yoast SEO plugin v24.6 - https:\/\/yoast.com\/wordpress\/plugins\/seo\/ -->\n<title>Professionals<\/title>\n<meta name=\"description\" content=\"PSICOCL\u00cdNICA BARCELONA. El nostre equip es conforma de psic\u00f2legs professionals amb m\u00e9s de 15 anys d&#039;experi\u00e8ncia.\" \/>\n<meta name=\"robots\" content=\"index, follow, max-snippet:-1, max-image-preview:large, max-video-preview:-1\" \/>\n<link rel=\"canonical\" href=\"https:\/\/psicoclinicabarcelona.com\/ca\/professionals\/\" \/>\n<meta property=\"og:locale\" content=\"ca_ES\" \/>\n<meta property=\"og:type\" content=\"article\" \/>\n<meta property=\"og:title\" content=\"Professionals\" \/>\n<meta property=\"og:description\" content=\"PSICOCL\u00cdNICA BARCELONA. El nostre equip es conforma de psic\u00f2legs professionals amb m\u00e9s de 15 anys d&#039;experi\u00e8ncia.\" \/>\n<meta property=\"og:url\" content=\"https:\/\/psicoclinicabarcelona.com\/ca\/professionals\/\" \/>\n<meta property=\"og:site_name\" content=\"Psicocl\u00ednica Barcelona\" \/>\n<meta property=\"article:publisher\" content=\"https:\/\/www.facebook.com\/PsicoclinicaBarcelona\/\" \/>\n<meta property=\"article:modified_time\" content=\"2022-11-10T15:34:47+00:00\" \/>\n<meta property=\"og:image\" content=\"https:\/\/psicoclinicabarcelona.com\/wp-content\/uploads\/2015\/04\/psicologos-barcelona.png\" \/>\n\t<meta property=\"og:image:width\" content=\"178\" \/>\n\t<meta property=\"og:image:height\" content=\"62\" \/>\n\t<meta property=\"og:image:type\" content=\"image\/png\" \/>\n<meta name=\"twitter:label1\" content=\"Temps estimat de lectura\" \/>\n\t<meta name=\"twitter:data1\" content=\"1 minut\" \/>\n<script type=\"application\/ld+json\" class=\"yoast-schema-graph\">{\"@context\":\"https:\/\/schema.org\",\"@graph\":[{\"@type\":\"WebPage\",\"@id\":\"https:\/\/psicoclinicabarcelona.com\/ca\/professionals\/\",\"url\":\"https:\/\/psicoclinicabarcelona.com\/ca\/professionals\/\",\"name\":\"Professionals\",\"isPartOf\":{\"@id\":\"https:\/\/psicoclinicabarcelona.com\/#website\"},\"datePublished\":\"2015-11-27T15:55:37+00:00\",\"dateModified\":\"2022-11-10T15:34:47+00:00\",\"description\":\"PSICOCL\u00cdNICA BARCELONA. El nostre equip es conforma de psic\u00f2legs professionals amb m\u00e9s de 15 anys d'experi\u00e8ncia.\",\"breadcrumb\":{\"@id\":\"https:\/\/psicoclinicabarcelona.com\/ca\/professionals\/#breadcrumb\"},\"inLanguage\":\"ca\",\"potentialAction\":[{\"@type\":\"ReadAction\",\"target\":[\"https:\/\/psicoclinicabarcelona.com\/ca\/professionals\/\"]}]},{\"@type\":\"BreadcrumbList\",\"@id\":\"https:\/\/psicoclinicabarcelona.com\/ca\/professionals\/#breadcrumb\",\"itemListElement\":[{\"@type\":\"ListItem\",\"position\":1,\"name\":\"Portada\",\"item\":\"https:\/\/psicoclinicabarcelona.com\/ca\/\"},{\"@type\":\"ListItem\",\"position\":2,\"name\":\"Professionals\"}]},{\"@type\":\"WebSite\",\"@id\":\"https:\/\/psicoclinicabarcelona.com\/#website\",\"url\":\"https:\/\/psicoclinicabarcelona.com\/\",\"name\":\"Psicocl\u00ednica Barcelona\",\"description\":\"Posiblemente el mejor psic\u00f3logo en Barcelona o la mejor psic\u00f3loga de Barcelona. Ll\u00e1manos sin compromiso al 935 414 478\",\"publisher\":{\"@id\":\"https:\/\/psicoclinicabarcelona.com\/#organization\"},\"alternateName\":\"Psicocl\u00ednica Barcelona\",\"potentialAction\":[{\"@type\":\"SearchAction\",\"target\":{\"@type\":\"EntryPoint\",\"urlTemplate\":\"https:\/\/psicoclinicabarcelona.com\/?s={search_term_string}\"},\"query-input\":{\"@type\":\"PropertyValueSpecification\",\"valueRequired\":true,\"valueName\":\"search_term_string\"}}],\"inLanguage\":\"ca\"},{\"@type\":\"Organization\",\"@id\":\"https:\/\/psicoclinicabarcelona.com\/#organization\",\"name\":\"Psicocl\u00ednica Barcelona\",\"alternateName\":\"Psicocl\u00ednica Barcelona\",\"url\":\"https:\/\/psicoclinicabarcelona.com\/\",\"logo\":{\"@type\":\"ImageObject\",\"inLanguage\":\"ca\",\"@id\":\"https:\/\/psicoclinicabarcelona.com\/#\/schema\/logo\/image\/\",\"url\":\"https:\/\/psicoclinicabarcelona.com\/wp-content\/uploads\/2015\/04\/psicologos-barcelona.png\",\"contentUrl\":\"https:\/\/psicoclinicabarcelona.com\/wp-content\/uploads\/2015\/04\/psicologos-barcelona.png\",\"width\":178,\"height\":62,\"caption\":\"Psicocl\u00ednica Barcelona\"},\"image\":{\"@id\":\"https:\/\/psicoclinicabarcelona.com\/#\/schema\/logo\/image\/\"},\"sameAs\":[\"https:\/\/www.facebook.com\/PsicoclinicaBarcelona\/\",\"https:\/\/x.com\/psicoclinicabcn\",\"https:\/\/www.linkedin.com\/company\/psicocl\u00ednica-barcelona\/\",\"https:\/\/www.instagram.com\/psicoclinicabarcelona\/\",\"https:\/\/www.youtube.com\/channel\/UCcc-5_wC56giASuT0XDr87Q\"]}]}<\/script>\n<!-- \/ Yoast SEO plugin. -->","yoast_head_json":{"title":"Professionals","description":"PSICOCL\u00cdNICA BARCELONA. El nostre equip es conforma de psic\u00f2legs professionals amb m\u00e9s de 15 anys d'experi\u00e8ncia.","robots":{"index":"index","follow":"follow","max-snippet":"max-snippet:-1","max-image-preview":"max-image-preview:large","max-video-preview":"max-video-preview:-1"},"canonical":"https:\/\/psicoclinicabarcelona.com\/ca\/professionals\/","og_locale":"ca_ES","og_type":"article","og_title":"Professionals","og_description":"PSICOCL\u00cdNICA BARCELONA. El nostre equip es conforma de psic\u00f2legs professionals amb m\u00e9s de 15 anys d'experi\u00e8ncia.","og_url":"https:\/\/psicoclinicabarcelona.com\/ca\/professionals\/","og_site_name":"Psicocl\u00ednica Barcelona","article_publisher":"https:\/\/www.facebook.com\/PsicoclinicaBarcelona\/","article_modified_time":"2022-11-10T15:34:47+00:00","og_image":[{"width":178,"height":62,"url":"https:\/\/psicoclinicabarcelona.com\/wp-content\/uploads\/2015\/04\/psicologos-barcelona.png","type":"image\/png"}],"twitter_misc":{"Temps estimat de lectura":"1 minut"},"schema":{"@context":"https:\/\/schema.org","@graph":[{"@type":"WebPage","@id":"https:\/\/psicoclinicabarcelona.com\/ca\/professionals\/","url":"https:\/\/psicoclinicabarcelona.com\/ca\/professionals\/","name":"Professionals","isPartOf":{"@id":"https:\/\/psicoclinicabarcelona.com\/#website"},"datePublished":"2015-11-27T15:55:37+00:00","dateModified":"2022-11-10T15:34:47+00:00","description":"PSICOCL\u00cdNICA BARCELONA. El nostre equip es conforma de psic\u00f2legs professionals amb m\u00e9s de 15 anys d'experi\u00e8ncia.","breadcrumb":{"@id":"https:\/\/psicoclinicabarcelona.com\/ca\/professionals\/#breadcrumb"},"inLanguage":"ca","potentialAction":[{"@type":"ReadAction","target":["https:\/\/psicoclinicabarcelona.com\/ca\/professionals\/"]}]},{"@type":"BreadcrumbList","@id":"https:\/\/psicoclinicabarcelona.com\/ca\/professionals\/#breadcrumb","itemListElement":[{"@type":"ListItem","position":1,"name":"Portada","item":"https:\/\/psicoclinicabarcelona.com\/ca\/"},{"@type":"ListItem","position":2,"name":"Professionals"}]},{"@type":"WebSite","@id":"https:\/\/psicoclinicabarcelona.com\/#website","url":"https:\/\/psicoclinicabarcelona.com\/","name":"Psicocl\u00ednica Barcelona","description":"Posiblemente el mejor psic\u00f3logo en Barcelona o la mejor psic\u00f3loga de Barcelona. Ll\u00e1manos sin compromiso al 935 414 478","publisher":{"@id":"https:\/\/psicoclinicabarcelona.com\/#organization"},"alternateName":"Psicocl\u00ednica Barcelona","potentialAction":[{"@type":"SearchAction","target":{"@type":"EntryPoint","urlTemplate":"https:\/\/psicoclinicabarcelona.com\/?s={search_term_string}"},"query-input":{"@type":"PropertyValueSpecification","valueRequired":true,"valueName":"search_term_string"}}],"inLanguage":"ca"},{"@type":"Organization","@id":"https:\/\/psicoclinicabarcelona.com\/#organization","name":"Psicocl\u00ednica Barcelona","alternateName":"Psicocl\u00ednica Barcelona","url":"https:\/\/psicoclinicabarcelona.com\/","logo":{"@type":"ImageObject","inLanguage":"ca","@id":"https:\/\/psicoclinicabarcelona.com\/#\/schema\/logo\/image\/","url":"https:\/\/psicoclinicabarcelona.com\/wp-content\/uploads\/2015\/04\/psicologos-barcelona.png","contentUrl":"https:\/\/psicoclinicabarcelona.com\/wp-content\/uploads\/2015\/04\/psicologos-barcelona.png","width":178,"height":62,"caption":"Psicocl\u00ednica Barcelona"},"image":{"@id":"https:\/\/psicoclinicabarcelona.com\/#\/schema\/logo\/image\/"},"sameAs":["https:\/\/www.facebook.com\/PsicoclinicaBarcelona\/","https:\/\/x.com\/psicoclinicabcn","https:\/\/www.linkedin.com\/company\/psicocl\u00ednica-barcelona\/","https:\/\/www.instagram.com\/psicoclinicabarcelona\/","https:\/\/www.youtube.com\/channel\/UCcc-5_wC56giASuT0XDr87Q"]}]}},"_links":{"self":[{"href":"https:\/\/psicoclinicabarcelona.com\/ca\/wp-json\/wp\/v2\/pages\/1855"}],"collection":[{"href":"https:\/\/psicoclinicabarcelona.com\/ca\/wp-json\/wp\/v2\/pages"}],"about":[{"href":"https:\/\/psicoclinicabarcelona.com\/ca\/wp-json\/wp\/v2\/types\/page"}],"author":[{"embeddable":true,"href":"https:\/\/psicoclinicabarcelona.com\/ca\/wp-json\/wp\/v2\/users\/5"}],"replies":[{"embeddable":true,"href":"https:\/\/psicoclinicabarcelona.com\/ca\/wp-json\/wp\/v2\/comments?post=1855"}],"version-history":[{"count":4,"href":"https:\/\/psicoclinicabarcelona.com\/ca\/wp-json\/wp\/v2\/pages\/1855\/revisions"}],"predecessor-version":[{"id":5847,"href":"https:\/\/psicoclinicabarcelona.com\/ca\/wp-json\/wp\/v2\/pages\/1855\/revisions\/5847"}],"wp:attachment":[{"href":"https:\/\/psicoclinicabarcelona.com\/ca\/wp-json\/wp\/v2\/media?parent=1855"}],"curies":[{"name":"wp","href":"https:\/\/api.w.org\/{rel}","templated":true}]}}