{"id":1857,"date":"2015-11-27T15:56:05","date_gmt":"2015-11-27T14:56:05","guid":{"rendered":"http:\/\/psicoclinicabarcelona.com\/?page_id=1857"},"modified":"2024-05-16T08:58:06","modified_gmt":"2024-05-16T06:58:06","slug":"psicoleg-per-a-psicolegs","status":"publish","type":"page","link":"https:\/\/psicoclinicabarcelona.com\/ca\/psicoleg-per-a-psicolegs\/","title":{"rendered":"L&#8217;an\u00e0lisi personal"},"content":{"rendered":"[vc_row][vc_column width=&#8221;1\/2&#8243;][vc_column_text css=&#8221;.vc_custom_1668094572626{margin-top: 30px !important;}&#8221;]\u00c9s on realment un es constitueix com a psicoterapeuta i hauria de ser una condici\u00f3 per a tot professional que pretengui treballar amb el sofriment de les persones. Nom\u00e9s aquell que abans hagi fet un treball sobre els seus propis s\u00edmptomes, podr\u00e0 escoltar a altres sense caure en interpretacions esbiaixades, \u00e9s a dir, ser\u00e0 capa\u00e7 de no interposar seus propis desitjos al desig del pacient.<\/p>\n<p>Que l\u2019analista o el psicoterapeuta hagi estat primer assegut l\u2019altre costat, \u00e9s el que va a permetre que despr\u00e9s pugui escoltar a cada pacient des de la seva singularitat i no des d\u2019una l\u00f2gica preestablerta.[\/vc_column_text][\/vc_column][vc_column width=&#8221;1\/2&#8243;][vc_column_text]<img decoding=\"async\" class=\"aligncenter wp-image-2003 size-full\" src=\"https:\/\/psicoclinicabarcelona.com\/wp-content\/uploads\/2015\/11\/divan-2.jpg\" alt=\"An\u00e1lisis personal psicologia\" width=\"781\" height=\"367\" srcset=\"https:\/\/psicoclinicabarcelona.com\/wp-content\/uploads\/2015\/11\/divan-2.jpg 781w, https:\/\/psicoclinicabarcelona.com\/wp-content\/uploads\/2015\/11\/divan-2-300x141.jpg 300w\" sizes=\"(max-width: 781px) 100vw, 781px\" \/>[\/vc_column_text][\/vc_column][vc_column css=&#8221;.vc_custom_1658137896568{margin-bottom: -10px !important;}&#8221;][vc_column_text]Ocupar un lloc de neutralitat davant el pacient pot ser una de les majors dificultats per a un psicoterapeuta. Evitar respostes o interpretacions precipitades permetr\u00e0 que sigui el propi subjecte qui pugui anar descobrint un saber sobre els seus s\u00edmptomes. De la mateixa manera, sabem que pot resultar molt dif\u00edcil per a un cl\u00ednic no caure en els consells o les pautes al pacient, sobretot perqu\u00e8 aquest ho demana, de vegades \u00e9s l\u2019\u00fanica cosa que ve a cercar: que alg\u00fa li digui el que ha de fer.<\/p>\n<p>En la mesura que el professional pugui fer amb la seva pr\u00f2pia angoixa, perqu\u00e8 aquesta no condicioni la seva escolta, podr\u00e0 conduir el tractament cap a un veritable proc\u00e9s d\u2019autoconeixement per al pacient.[\/vc_column_text][\/vc_column][\/vc_row][vc_row full_width=&#8221;stretch_row&#8221; css=&#8221;.vc_custom_1658138023483{margin-top: 30px !important;margin-bottom: -40px !important;padding-top: 30px !important;background-color: #f8fdff !important;}&#8221;][vc_column][vc_column_text]<span style=\"color: #008aad; font-size: 18px;\"><b style=\"color: #008aad; font-size: 18px;\">Si vost\u00e8 \u00e9s un professional de la salut: psic\u00f2leg, metge, infermer \u2026, des Psicocl\u00ednica Barcelona volem oferir-li la possibilitat d\u2019iniciar un treball psicoterap\u00e8utic a nivell personal, un complement necessari per a la seva formaci\u00f3 te\u00f2rica i pr\u00e0ctica, que li permetr\u00e0 sostenir millor el trobada amb els seus pacients.<br \/>\nEdita aix\u00f2 Edita al frontal Hide Post Edit Links<\/b><\/span>[\/vc_column_text][\/vc_column][\/vc_row][vc_row css=&#8221;.vc_custom_1658069749947{margin-top: 40px !important;margin-bottom: 30px !important;}&#8221;][vc_column width=&#8221;1\/2&#8243;][vc_column_text el_class=&#8221;sombra&#8221;]<a href=\"\/mila-herrera\/\"><img decoding=\"async\" class=\"aligncenter wp-image-5589 size-full\" src=\"https:\/\/psicoclinicabarcelona.com\/wp-content\/uploads\/2022\/07\/mila-ficha.webp\" alt=\"fiche mila\" width=\"1400\" height=\"500\" srcset=\"https:\/\/psicoclinicabarcelona.com\/wp-content\/uploads\/2022\/07\/mila-ficha.webp 1400w, https:\/\/psicoclinicabarcelona.com\/wp-content\/uploads\/2022\/07\/mila-ficha-300x107.webp 300w, https:\/\/psicoclinicabarcelona.com\/wp-content\/uploads\/2022\/07\/mila-ficha-1024x366.webp 1024w, https:\/\/psicoclinicabarcelona.com\/wp-content\/uploads\/2022\/07\/mila-ficha-768x274.webp 768w, https:\/\/psicoclinicabarcelona.com\/wp-content\/uploads\/2022\/07\/mila-ficha-600x214.webp 600w\" sizes=\"(max-width: 1400px) 100vw, 1400px\" \/><\/a>[\/vc_column_text][\/vc_column][vc_column width=&#8221;1\/2&#8243;][vc_column_text el_class=&#8221;sombra&#8221;]<a href=\"\/sergi-vilardell\/\"><img decoding=\"async\" class=\"aligncenter wp-image-5592 size-full\" src=\"https:\/\/psicoclinicabarcelona.com\/wp-content\/uploads\/2022\/07\/ficha-Sergi.webp\" alt=\"ficha Sergi\" width=\"1400\" height=\"500\" srcset=\"https:\/\/psicoclinicabarcelona.com\/wp-content\/uploads\/2022\/07\/ficha-Sergi.webp 1400w, https:\/\/psicoclinicabarcelona.com\/wp-content\/uploads\/2022\/07\/ficha-Sergi-300x107.webp 300w, https:\/\/psicoclinicabarcelona.com\/wp-content\/uploads\/2022\/07\/ficha-Sergi-1024x366.webp 1024w, https:\/\/psicoclinicabarcelona.com\/wp-content\/uploads\/2022\/07\/ficha-Sergi-768x274.webp 768w, https:\/\/psicoclinicabarcelona.com\/wp-content\/uploads\/2022\/07\/ficha-Sergi-600x214.webp 600w\" sizes=\"(max-width: 1400px) 100vw, 1400px\" \/><\/a>[\/vc_column_text][\/vc_column][\/vc_row]\n","protected":false},"excerpt":{"rendered":"<p>[vc_row][vc_column width=&#8221;1\/2&#8243;][vc_column_text css=&#8221;.vc_custom_1668094572626{margin-top: 30px !important;}&#8221;]\u00c9s on realment un es constitueix com a psicoterapeuta i hauria de ser una condici\u00f3 per a tot professional que pretengui treballar amb el sofriment de les persones. Nom\u00e9s aquell que abans hagi fet un treball sobre els seus propis s\u00edmptomes, podr\u00e0 escoltar a altres sense caure en interpretacions esbiaixades, \u00e9s&hellip;<\/p>\n","protected":false},"author":5,"featured_media":0,"parent":0,"menu_order":0,"comment_status":"closed","ping_status":"closed","template":"","meta":{"footnotes":""},"class_list":["post-1857","page","type-page","status-publish","hentry","entry","no-media"],"yoast_head":"<!-- This site is optimized with the Yoast SEO plugin v24.6 - https:\/\/yoast.com\/wordpress\/plugins\/seo\/ -->\n<title>Psic\u00f2leg per a psic\u00f2legs?<\/title>\n<meta name=\"description\" content=\"Psic\u00f2leg per a psic\u00f2legs? truqui&#039;ns. Equip de psic\u00f2legs cl\u00ednics i psicoterapeutes a Barcelona amb \u00e0mplia experi\u00e8ncia en el sector.\" \/>\n<meta name=\"robots\" content=\"index, follow, max-snippet:-1, max-image-preview:large, max-video-preview:-1\" \/>\n<link rel=\"canonical\" href=\"https:\/\/psicoclinicabarcelona.com\/ca\/psicoleg-per-a-psicolegs\/\" \/>\n<meta property=\"og:locale\" content=\"ca_ES\" \/>\n<meta property=\"og:type\" content=\"article\" \/>\n<meta property=\"og:title\" content=\"Psic\u00f2leg per a psic\u00f2legs?\" \/>\n<meta property=\"og:description\" content=\"Psic\u00f2leg per a psic\u00f2legs? truqui&#039;ns. Equip de psic\u00f2legs cl\u00ednics i psicoterapeutes a Barcelona amb \u00e0mplia experi\u00e8ncia en el sector.\" \/>\n<meta property=\"og:url\" content=\"https:\/\/psicoclinicabarcelona.com\/ca\/psicoleg-per-a-psicolegs\/\" \/>\n<meta property=\"og:site_name\" content=\"Psicocl\u00ednica Barcelona\" \/>\n<meta property=\"article:publisher\" content=\"https:\/\/www.facebook.com\/PsicoclinicaBarcelona\/\" \/>\n<meta property=\"article:modified_time\" content=\"2024-05-16T06:58:06+00:00\" \/>\n<meta property=\"og:image\" content=\"https:\/\/psicoclinicabarcelona.com\/wp-content\/uploads\/2015\/11\/divan-2.jpg\" \/>\n<meta name=\"twitter:label1\" content=\"Temps estimat de lectura\" \/>\n\t<meta name=\"twitter:data1\" content=\"3 minuts\" \/>\n<script type=\"application\/ld+json\" class=\"yoast-schema-graph\">{\"@context\":\"https:\/\/schema.org\",\"@graph\":[{\"@type\":\"WebPage\",\"@id\":\"https:\/\/psicoclinicabarcelona.com\/ca\/psicoleg-per-a-psicolegs\/\",\"url\":\"https:\/\/psicoclinicabarcelona.com\/ca\/psicoleg-per-a-psicolegs\/\",\"name\":\"Psic\u00f2leg per a psic\u00f2legs?\",\"isPartOf\":{\"@id\":\"https:\/\/psicoclinicabarcelona.com\/#website\"},\"primaryImageOfPage\":{\"@id\":\"https:\/\/psicoclinicabarcelona.com\/ca\/psicoleg-per-a-psicolegs\/#primaryimage\"},\"image\":{\"@id\":\"https:\/\/psicoclinicabarcelona.com\/ca\/psicoleg-per-a-psicolegs\/#primaryimage\"},\"thumbnailUrl\":\"https:\/\/psicoclinicabarcelona.com\/wp-content\/uploads\/2015\/11\/divan-2.jpg\",\"datePublished\":\"2015-11-27T14:56:05+00:00\",\"dateModified\":\"2024-05-16T06:58:06+00:00\",\"description\":\"Psic\u00f2leg per a psic\u00f2legs? truqui'ns. Equip de psic\u00f2legs cl\u00ednics i psicoterapeutes a Barcelona amb \u00e0mplia experi\u00e8ncia en el sector.\",\"breadcrumb\":{\"@id\":\"https:\/\/psicoclinicabarcelona.com\/ca\/psicoleg-per-a-psicolegs\/#breadcrumb\"},\"inLanguage\":\"ca\",\"potentialAction\":[{\"@type\":\"ReadAction\",\"target\":[\"https:\/\/psicoclinicabarcelona.com\/ca\/psicoleg-per-a-psicolegs\/\"]}]},{\"@type\":\"ImageObject\",\"inLanguage\":\"ca\",\"@id\":\"https:\/\/psicoclinicabarcelona.com\/ca\/psicoleg-per-a-psicolegs\/#primaryimage\",\"url\":\"https:\/\/psicoclinicabarcelona.com\/wp-content\/uploads\/2015\/11\/divan-2.jpg\",\"contentUrl\":\"https:\/\/psicoclinicabarcelona.com\/wp-content\/uploads\/2015\/11\/divan-2.jpg\"},{\"@type\":\"BreadcrumbList\",\"@id\":\"https:\/\/psicoclinicabarcelona.com\/ca\/psicoleg-per-a-psicolegs\/#breadcrumb\",\"itemListElement\":[{\"@type\":\"ListItem\",\"position\":1,\"name\":\"Portada\",\"item\":\"https:\/\/psicoclinicabarcelona.com\/ca\/\"},{\"@type\":\"ListItem\",\"position\":2,\"name\":\"L&#8217;an\u00e0lisi personal\"}]},{\"@type\":\"WebSite\",\"@id\":\"https:\/\/psicoclinicabarcelona.com\/#website\",\"url\":\"https:\/\/psicoclinicabarcelona.com\/\",\"name\":\"Psicocl\u00ednica Barcelona\",\"description\":\"Posiblemente el mejor psic\u00f3logo en Barcelona o la mejor psic\u00f3loga de Barcelona. Ll\u00e1manos sin compromiso al 935 414 478\",\"publisher\":{\"@id\":\"https:\/\/psicoclinicabarcelona.com\/#organization\"},\"alternateName\":\"Psicocl\u00ednica Barcelona\",\"potentialAction\":[{\"@type\":\"SearchAction\",\"target\":{\"@type\":\"EntryPoint\",\"urlTemplate\":\"https:\/\/psicoclinicabarcelona.com\/?s={search_term_string}\"},\"query-input\":{\"@type\":\"PropertyValueSpecification\",\"valueRequired\":true,\"valueName\":\"search_term_string\"}}],\"inLanguage\":\"ca\"},{\"@type\":\"Organization\",\"@id\":\"https:\/\/psicoclinicabarcelona.com\/#organization\",\"name\":\"Psicocl\u00ednica Barcelona\",\"alternateName\":\"Psicocl\u00ednica Barcelona\",\"url\":\"https:\/\/psicoclinicabarcelona.com\/\",\"logo\":{\"@type\":\"ImageObject\",\"inLanguage\":\"ca\",\"@id\":\"https:\/\/psicoclinicabarcelona.com\/#\/schema\/logo\/image\/\",\"url\":\"https:\/\/psicoclinicabarcelona.com\/wp-content\/uploads\/2015\/04\/psicologos-barcelona.png\",\"contentUrl\":\"https:\/\/psicoclinicabarcelona.com\/wp-content\/uploads\/2015\/04\/psicologos-barcelona.png\",\"width\":178,\"height\":62,\"caption\":\"Psicocl\u00ednica Barcelona\"},\"image\":{\"@id\":\"https:\/\/psicoclinicabarcelona.com\/#\/schema\/logo\/image\/\"},\"sameAs\":[\"https:\/\/www.facebook.com\/PsicoclinicaBarcelona\/\",\"https:\/\/x.com\/psicoclinicabcn\",\"https:\/\/www.linkedin.com\/company\/psicocl\u00ednica-barcelona\/\",\"https:\/\/www.instagram.com\/psicoclinicabarcelona\/\",\"https:\/\/www.youtube.com\/channel\/UCcc-5_wC56giASuT0XDr87Q\"]}]}<\/script>\n<!-- \/ Yoast SEO plugin. -->","yoast_head_json":{"title":"Psic\u00f2leg per a psic\u00f2legs?","description":"Psic\u00f2leg per a psic\u00f2legs? truqui'ns. Equip de psic\u00f2legs cl\u00ednics i psicoterapeutes a Barcelona amb \u00e0mplia experi\u00e8ncia en el sector.","robots":{"index":"index","follow":"follow","max-snippet":"max-snippet:-1","max-image-preview":"max-image-preview:large","max-video-preview":"max-video-preview:-1"},"canonical":"https:\/\/psicoclinicabarcelona.com\/ca\/psicoleg-per-a-psicolegs\/","og_locale":"ca_ES","og_type":"article","og_title":"Psic\u00f2leg per a psic\u00f2legs?","og_description":"Psic\u00f2leg per a psic\u00f2legs? truqui'ns. Equip de psic\u00f2legs cl\u00ednics i psicoterapeutes a Barcelona amb \u00e0mplia experi\u00e8ncia en el sector.","og_url":"https:\/\/psicoclinicabarcelona.com\/ca\/psicoleg-per-a-psicolegs\/","og_site_name":"Psicocl\u00ednica Barcelona","article_publisher":"https:\/\/www.facebook.com\/PsicoclinicaBarcelona\/","article_modified_time":"2024-05-16T06:58:06+00:00","og_image":[{"url":"https:\/\/psicoclinicabarcelona.com\/wp-content\/uploads\/2015\/11\/divan-2.jpg","type":"","width":"","height":""}],"twitter_misc":{"Temps estimat de lectura":"3 minuts"},"schema":{"@context":"https:\/\/schema.org","@graph":[{"@type":"WebPage","@id":"https:\/\/psicoclinicabarcelona.com\/ca\/psicoleg-per-a-psicolegs\/","url":"https:\/\/psicoclinicabarcelona.com\/ca\/psicoleg-per-a-psicolegs\/","name":"Psic\u00f2leg per a psic\u00f2legs?","isPartOf":{"@id":"https:\/\/psicoclinicabarcelona.com\/#website"},"primaryImageOfPage":{"@id":"https:\/\/psicoclinicabarcelona.com\/ca\/psicoleg-per-a-psicolegs\/#primaryimage"},"image":{"@id":"https:\/\/psicoclinicabarcelona.com\/ca\/psicoleg-per-a-psicolegs\/#primaryimage"},"thumbnailUrl":"https:\/\/psicoclinicabarcelona.com\/wp-content\/uploads\/2015\/11\/divan-2.jpg","datePublished":"2015-11-27T14:56:05+00:00","dateModified":"2024-05-16T06:58:06+00:00","description":"Psic\u00f2leg per a psic\u00f2legs? truqui'ns. Equip de psic\u00f2legs cl\u00ednics i psicoterapeutes a Barcelona amb \u00e0mplia experi\u00e8ncia en el sector.","breadcrumb":{"@id":"https:\/\/psicoclinicabarcelona.com\/ca\/psicoleg-per-a-psicolegs\/#breadcrumb"},"inLanguage":"ca","potentialAction":[{"@type":"ReadAction","target":["https:\/\/psicoclinicabarcelona.com\/ca\/psicoleg-per-a-psicolegs\/"]}]},{"@type":"ImageObject","inLanguage":"ca","@id":"https:\/\/psicoclinicabarcelona.com\/ca\/psicoleg-per-a-psicolegs\/#primaryimage","url":"https:\/\/psicoclinicabarcelona.com\/wp-content\/uploads\/2015\/11\/divan-2.jpg","contentUrl":"https:\/\/psicoclinicabarcelona.com\/wp-content\/uploads\/2015\/11\/divan-2.jpg"},{"@type":"BreadcrumbList","@id":"https:\/\/psicoclinicabarcelona.com\/ca\/psicoleg-per-a-psicolegs\/#breadcrumb","itemListElement":[{"@type":"ListItem","position":1,"name":"Portada","item":"https:\/\/psicoclinicabarcelona.com\/ca\/"},{"@type":"ListItem","position":2,"name":"L&#8217;an\u00e0lisi personal"}]},{"@type":"WebSite","@id":"https:\/\/psicoclinicabarcelona.com\/#website","url":"https:\/\/psicoclinicabarcelona.com\/","name":"Psicocl\u00ednica Barcelona","description":"Posiblemente el mejor psic\u00f3logo en Barcelona o la mejor psic\u00f3loga de Barcelona. Ll\u00e1manos sin compromiso al 935 414 478","publisher":{"@id":"https:\/\/psicoclinicabarcelona.com\/#organization"},"alternateName":"Psicocl\u00ednica Barcelona","potentialAction":[{"@type":"SearchAction","target":{"@type":"EntryPoint","urlTemplate":"https:\/\/psicoclinicabarcelona.com\/?s={search_term_string}"},"query-input":{"@type":"PropertyValueSpecification","valueRequired":true,"valueName":"search_term_string"}}],"inLanguage":"ca"},{"@type":"Organization","@id":"https:\/\/psicoclinicabarcelona.com\/#organization","name":"Psicocl\u00ednica Barcelona","alternateName":"Psicocl\u00ednica Barcelona","url":"https:\/\/psicoclinicabarcelona.com\/","logo":{"@type":"ImageObject","inLanguage":"ca","@id":"https:\/\/psicoclinicabarcelona.com\/#\/schema\/logo\/image\/","url":"https:\/\/psicoclinicabarcelona.com\/wp-content\/uploads\/2015\/04\/psicologos-barcelona.png","contentUrl":"https:\/\/psicoclinicabarcelona.com\/wp-content\/uploads\/2015\/04\/psicologos-barcelona.png","width":178,"height":62,"caption":"Psicocl\u00ednica Barcelona"},"image":{"@id":"https:\/\/psicoclinicabarcelona.com\/#\/schema\/logo\/image\/"},"sameAs":["https:\/\/www.facebook.com\/PsicoclinicaBarcelona\/","https:\/\/x.com\/psicoclinicabcn","https:\/\/www.linkedin.com\/company\/psicocl\u00ednica-barcelona\/","https:\/\/www.instagram.com\/psicoclinicabarcelona\/","https:\/\/www.youtube.com\/channel\/UCcc-5_wC56giASuT0XDr87Q"]}]}},"_links":{"self":[{"href":"https:\/\/psicoclinicabarcelona.com\/ca\/wp-json\/wp\/v2\/pages\/1857"}],"collection":[{"href":"https:\/\/psicoclinicabarcelona.com\/ca\/wp-json\/wp\/v2\/pages"}],"about":[{"href":"https:\/\/psicoclinicabarcelona.com\/ca\/wp-json\/wp\/v2\/types\/page"}],"author":[{"embeddable":true,"href":"https:\/\/psicoclinicabarcelona.com\/ca\/wp-json\/wp\/v2\/users\/5"}],"replies":[{"embeddable":true,"href":"https:\/\/psicoclinicabarcelona.com\/ca\/wp-json\/wp\/v2\/comments?post=1857"}],"version-history":[{"count":8,"href":"https:\/\/psicoclinicabarcelona.com\/ca\/wp-json\/wp\/v2\/pages\/1857\/revisions"}],"predecessor-version":[{"id":6920,"href":"https:\/\/psicoclinicabarcelona.com\/ca\/wp-json\/wp\/v2\/pages\/1857\/revisions\/6920"}],"wp:attachment":[{"href":"https:\/\/psicoclinicabarcelona.com\/ca\/wp-json\/wp\/v2\/media?parent=1857"}],"curies":[{"name":"wp","href":"https:\/\/api.w.org\/{rel}","templated":true}]}}