{"id":1865,"date":"2015-11-27T15:57:47","date_gmt":"2015-11-27T15:57:47","guid":{"rendered":"http:\/\/psicoclinicabarcelona.com\/?page_id=1865"},"modified":"2023-05-02T13:03:06","modified_gmt":"2023-05-02T11:03:06","slug":"psicoleg-online","status":"publish","type":"page","link":"https:\/\/psicoclinicabarcelona.com\/ca\/psicoleg-online\/","title":{"rendered":"Psic\u00f2leg Online"},"content":{"rendered":"[vc_row][vc_column width=&#8221;1\/2&#8243;][vc_column_text]La ter\u00e0pia en l\u00ednia pot ser una soluci\u00f3 per a aquelles persones que per algun motiu no es poden visitar presencialment amb un psic\u00f2leg a Barcelona. La consulta amb un psic\u00f2leg en l\u00ednia no \u00e9s gaire diferent de la presencial des del punt de vista del funcionament de la pr\u00f2pia sessi\u00f3. Tot i aix\u00f2, sabem que per a alguns casos \u00e9s imprescindible la ter\u00e0pia presencial, ja que de cap manera podem afirmar que la pres\u00e8ncia del cos \u00e9s una cosa sense import\u00e0ncia al llarg d&#8217;un tractament psicoterap\u00e8utic.<\/p>\n<p>No teniu temps per despla\u00e7ar-vos peri\u00f2dicament a una consulta de psicologia presencial i preferiu optar per altres opcions? Podeu trucar-nos i valorarem el vostre cas en particular. A Psicocl\u00ednica Barcelona no duem a terme sessions de psicologia amb xat en l\u00ednia, \u00fanicament, la ter\u00e0pia en l\u00ednia, ser\u00e0 a trav\u00e9s de videoconfer\u00e8ncia, i sempre en aquells casos, que pr\u00e8via valoraci\u00f3, hagi estat indicat per un especialista.[\/vc_column_text][vc_btn title=&#8221;SOL\u00b7LICITA LA TEVA CITA ONLINE ARA&#8221; style=&#8221;custom&#8221; custom_background=&#8221;#008aad&#8221; custom_text=&#8221;#ffffff&#8221; align=&#8221;center&#8221; i_align=&#8221;right&#8221; i_type=&#8221;linecons&#8221; i_icon_linecons=&#8221;vc_li vc_li-video&#8221; button_block=&#8221;true&#8221; add_icon=&#8221;true&#8221; link=&#8221;url:%2Fcitas%2F&#8221; css=&#8221;.vc_custom_1668094263582{margin-top: 15px !important;}&#8221;][\/vc_column][vc_column width=&#8221;1\/2&#8243;][vc_column_text css=&#8221;.vc_custom_1658150446561{margin-top: 20px !important;}&#8221;]<iframe title=\"YouTube video player\" src=\"https:\/\/www.youtube.com\/embed\/hztnngaSbgY\" width=\"560\" height=\"315\" frameborder=\"0\" allowfullscreen=\"allowfullscreen\"><\/iframe>[\/vc_column_text][\/vc_column][\/vc_row][vc_row css=&#8221;.vc_custom_1658069749947{margin-top: 40px !important;margin-bottom: 30px !important;}&#8221;][vc_column width=&#8221;1\/2&#8243;][vc_column_text el_class=&#8221;sombra&#8221;]<a href=\"\/mila-herrera\/\"><img decoding=\"async\" class=\"aligncenter wp-image-5589 size-full\" src=\"https:\/\/psicoclinicabarcelona.com\/wp-content\/uploads\/2022\/07\/mila-ficha.webp\" alt=\"fiche mila\" width=\"1400\" height=\"500\" srcset=\"https:\/\/psicoclinicabarcelona.com\/wp-content\/uploads\/2022\/07\/mila-ficha.webp 1400w, https:\/\/psicoclinicabarcelona.com\/wp-content\/uploads\/2022\/07\/mila-ficha-300x107.webp 300w, https:\/\/psicoclinicabarcelona.com\/wp-content\/uploads\/2022\/07\/mila-ficha-1024x366.webp 1024w, https:\/\/psicoclinicabarcelona.com\/wp-content\/uploads\/2022\/07\/mila-ficha-768x274.webp 768w, https:\/\/psicoclinicabarcelona.com\/wp-content\/uploads\/2022\/07\/mila-ficha-600x214.webp 600w\" sizes=\"(max-width: 1400px) 100vw, 1400px\" \/><\/a>[\/vc_column_text][\/vc_column][vc_column width=&#8221;1\/2&#8243;][vc_column_text el_class=&#8221;sombra&#8221;]<a href=\"\/sergi-vilardell\/\"><img decoding=\"async\" class=\"aligncenter wp-image-5592 size-full\" src=\"https:\/\/psicoclinicabarcelona.com\/wp-content\/uploads\/2022\/07\/ficha-Sergi.webp\" alt=\"ficha Sergi\" width=\"1400\" height=\"500\" srcset=\"https:\/\/psicoclinicabarcelona.com\/wp-content\/uploads\/2022\/07\/ficha-Sergi.webp 1400w, https:\/\/psicoclinicabarcelona.com\/wp-content\/uploads\/2022\/07\/ficha-Sergi-300x107.webp 300w, https:\/\/psicoclinicabarcelona.com\/wp-content\/uploads\/2022\/07\/ficha-Sergi-1024x366.webp 1024w, https:\/\/psicoclinicabarcelona.com\/wp-content\/uploads\/2022\/07\/ficha-Sergi-768x274.webp 768w, https:\/\/psicoclinicabarcelona.com\/wp-content\/uploads\/2022\/07\/ficha-Sergi-600x214.webp 600w\" sizes=\"(max-width: 1400px) 100vw, 1400px\" \/><\/a>[\/vc_column_text][\/vc_column][\/vc_row][vc_row][vc_column][vc_column_text]Cada dia que passa es desenvolupen noves vies d&#8217;aplicaci\u00f3 de les noves tecnologies a la salut en general i tamb\u00e9 a tot all\u00f2 relacionat amb la psicologia i la psicoter\u00e0pia per a adults. A Psicocl\u00ednica Barcelona, \u200b\u200bvolem ser cauts, ja que si b\u00e9 som conscients que no podem estar d&#8217;esquena davant els aven\u00e7os del nostre temps, tenim igualment present la import\u00e0ncia de preservar la dimensi\u00f3 humana que hi ha en tota psicoter\u00e0pia, la qual troba el seu darrer ressort a la paraula ia la pres\u00e8ncia.<\/p>\n        <div class=\"rmwr-wrapper\" \n             data-id=\"rmwr-69ef41ca3889b\"\n             data-mode=\"normal\"\n             data-animation=\"fade\"\n             data-duration=\"300\"\n             data-smooth-scroll=\"true\"\n             data-scroll-offset=\"0\">\n            <button \n                type=\"button\"\n                class=\"read-link\" \n                id=\"readlinkrmwr-69ef41ca3889b\"\n                data-open-text=\"Leer m\u00e1s\"\n                data-close-text=\"Leer menos\"\n                aria-expanded=\"false\"\n                aria-controls=\"readrmwr-69ef41ca3889b\"\n                aria-label=\"Leer m\u00e1s\"\n            >\n                <span class=\"rmwr-text\">Leer m\u00e1s<\/span>\n            <\/button>\n            <div \n                class=\"read_div\" \n                id=\"readrmwr-69ef41ca3889b\"\n                aria-hidden=\"true\"\n                data-animation=\"fade\"\n                data-duration=\"300\"\n                style=\"display: none;\"\n            >\n                \n<p>A\u00a0Psicocl\u00ednica Barcelona\u00a0som professionals de la salut mental i hem apostat per mantenir els sistemes cl\u00e0ssics de psicoter\u00e0pia, entenent que la paraula, el di\u00e0leg, t\u00e9 altres efectes quan implica la pres\u00e8ncia del cos i la interacci\u00f3 directa amb qualsevol dels nostres professionals. No obstant aix\u00f2, cada vegada s\u00f3n m\u00e9s les veus que afirmen que un psic\u00f2leg en l\u00ednia ofereix la possibilitat d&#8217;apropar la psicoter\u00e0pia a moltes persones que, d&#8217;una altra manera, no estarien disposades a iniciar o sostenir un tractament. Es tracta de veus de pes, formades, amb anys d&#8217;experi\u00e8ncia a l&#8217;esquena i l&#8217;opini\u00f3 de les quals s&#8217;ha de tenir en compte. \u00c9s per aquest motiu que, a m\u00e9s de les nostres consultes cl\u00e0ssiques, a Psicocl\u00ednica Barcelona tamb\u00e9 hem decidit oferir un servei de ter\u00e0pia psicol\u00f2gica en l\u00ednia del que els nostres pacients poden fer \u00fas. Sobretot, hem acceptat les peticions d&#8217;algunes de les persones que ja es visitaven amb nosaltres de manera presencial per citar-se amb els nostres psic\u00f2legs en l\u00ednia. Es tracta de pacients que per algun motiu \u2013b\u00e9 per veure&#8217;s obligats a viatjar cont\u00ednuament per motius de treball o b\u00e9 per haver hagut de dur a terme una mudan\u00e7a de resid\u00e8ncia\u2013 no els era possible mantenir la freq\u00fc\u00e8ncia que desitjaven amb les visites presencials i als que donar-los totes les facilitats que estiguessin a les nostres mans.<\/p>\n            <\/div>\n        <\/div>\n        [\/vc_column_text][\/vc_column][\/vc_row][vc_row full_width=&#8221;stretch_row&#8221; css=&#8221;.vc_custom_1658150266819{background-color: #f8fdff !important;}&#8221;][vc_column][vc_column_text]\n<h2>Consulta psicol\u00f2gica en l\u00ednia<\/h2>\n<h3>Sessions mixtes<\/h3>\n<p>Ha estat a trav\u00e9s d&#8217;aquestes\u00a0<b>sessions de psicoter\u00e0pia en l\u00ednia,\u00a0<\/b>que hem pogut comprovar amb la nostra pr\u00f2pia experi\u00e8ncia, que la videoconfer\u00e8ncia \u00e9s un bon recurs per a aquelles persones que per algun motiu no poden dur a terme una ter\u00e0pia presencial amb una psic\u00f2loga a Barcelona. D&#8217;aquesta manera, L&#8217;atenci\u00f3 psicol\u00f2gica\u00a0<b>a trav\u00e9s d&#8217;una videoconfer\u00e8ncia<\/b>\u00a0s&#8217;ha demostrat com una eina molt \u00fatil a l&#8217;hora de donar continu\u00eftat al treball terap\u00e8utic que ja es feia a les sessions presencials.<\/p>\n<h3>Sessions en l\u00ednia<\/h3>\n<p>D&#8217;altra banda, la creixent demanda dels nostres serveis d&#8217;ajuda psicol\u00f2gica online ens ha portat a assumir alguns tractaments mitjan\u00e7ant confer\u00e8ncia des del principi. Hem de dir que aquesta modalitat de consulta psicol\u00f2gica en l\u00ednia encara la considerem en fase d&#8217;exploraci\u00f3. I que, si b\u00e9 ja hem acceptat alguns casos en aquestes condicions, encara ens sembla aviat per tenir un criteri s\u00f2lid sobre aix\u00f2.<\/p>\n<p>Un altre tipus d&#8217;orientacions cl\u00edniques diferents de la nostra, com la ter\u00e0pia cognitiu conductual, o com altres t\u00e8cniques i ter\u00e0pies breus, fa anys que utilitzen les noves tecnologies aplicades al tractament, utilitzant el xat online i videoconfer\u00e8ncia amb els mateixos beneficis per al pacient que una sessi\u00f3 de ter\u00e0pia presencial. El tipus de psicoter\u00e0pia que nosaltres oferim, com que \u00e9s d&#8217;un car\u00e0cter m\u00e9s profund, requereix pr\u00e8viament una valoraci\u00f3 individual.[\/vc_column_text][\/vc_column][\/vc_row][vc_row][vc_column width=&#8221;1\/2&#8243;][vc_column_text]\n<h2>Ajuda psicol\u00f2gica en l\u00ednia<\/h2>\n<p><b>Un psic\u00f2leg en l\u00ednia \u00e9s efectiu? Funciona la ter\u00e0pia per videoconfer\u00e8ncia?<\/b><\/p>\n<p>La possibilitat de comptar amb els serveis d&#8217;un psic\u00f2leg via en l\u00ednia ofereix una s\u00e8rie de possibilitats que val la pena tenir en compte.<\/p>\n<h3>Ajuda a fer el pas<\/h3>\n<p>En primer lloc, pot facilitar que algunes persones es decideixin a tenir una primera trobada amb un psic\u00f2leg per tractar<b>el seu problema de parella en una ter\u00e0pia de parella<\/b>, o per portar tractaments d&#8217;ansietat i estr\u00e8s o qualsevol tipus de trastorn emocional. Sobretot en aquells casos en qu\u00e8 la pres\u00e8ncia f\u00edsica comporta algun tipus d&#8217;impossibilitat per part del pacient.[\/vc_column_text][\/vc_column][vc_column width=&#8221;1\/2&#8243;][vc_column_text]<img decoding=\"async\" class=\"aligncenter wp-image-5634 size-full\" src=\"https:\/\/psicoclinicabarcelona.com\/wp-content\/uploads\/2022\/07\/undraw_Remote_meeting_re_abe7.webp\" alt=\"ayuda psicologica en linea\" width=\"1053\" height=\"819\" srcset=\"https:\/\/psicoclinicabarcelona.com\/wp-content\/uploads\/2022\/07\/undraw_Remote_meeting_re_abe7.webp 1053w, https:\/\/psicoclinicabarcelona.com\/wp-content\/uploads\/2022\/07\/undraw_Remote_meeting_re_abe7-300x233.webp 300w, https:\/\/psicoclinicabarcelona.com\/wp-content\/uploads\/2022\/07\/undraw_Remote_meeting_re_abe7-1024x796.webp 1024w, https:\/\/psicoclinicabarcelona.com\/wp-content\/uploads\/2022\/07\/undraw_Remote_meeting_re_abe7-768x597.webp 768w, https:\/\/psicoclinicabarcelona.com\/wp-content\/uploads\/2022\/07\/undraw_Remote_meeting_re_abe7-600x467.webp 600w\" sizes=\"(max-width: 1053px) 100vw, 1053px\" \/>[\/vc_column_text][\/vc_column][vc_column][vc_column_text]\n<h3>Ajuda a comprometre&#8217;s<\/h3>\n<p>En segon lloc, la psicoter\u00e0pia amb un psic\u00f2leg mitjan\u00e7ant videoconfer\u00e8ncia pot afavorir l&#8217;establiment d&#8217;un vincle terap\u00e8utic que ajudi al tractament que, per tant, aconsegueixi que alguns dels s\u00edmptomes que hagin portat el pacient fins a nosaltres deixin de provocar tant de patiment.<\/p>\n<p>No obstant aix\u00f2, no podem parlar de l&#8217;efic\u00e0cia de la psicoter\u00e0pia en l\u00ednia en termes generals, ja que igual que l&#8217;efic\u00e0cia de la psicoter\u00e0pia presencial nom\u00e9s es pot mesurar cas per cas. Si b\u00e9 per a alguns dels nostres pacients, un psic\u00f2leg en l\u00ednia pot ser una manera efica\u00e7 de dirigir el seu malestar a un professional i pot suposar l&#8217;inici de la cura, per a altres, en canvi, pot resultar un inconvenient a l&#8217;hora d&#8217;establir un enlla\u00e7 de confian\u00e7a.<\/p>\n<p>Segui com sigui, a Psicocl\u00ednica Barcelona us oferim la possibilitat de dur a terme una primera entrevista amb qualsevol dels nostres psic\u00f2legs a trav\u00e9s d&#8217;una videoconfer\u00e8ncia, on podeu veure la millor manera d&#8217;oferir-vos exactament la modalitat de tractament que necessiteu.[\/vc_column_text][\/vc_column][\/vc_row][vc_row full_width=&#8221;stretch_row&#8221; css=&#8221;.vc_custom_1658151038736{margin-top: 20px !important;padding-top: 30px !important;background-color: #f8fdff !important;}&#8221;][vc_column width=&#8221;1\/3&#8243;][vc_column_text]<img decoding=\"async\" class=\"aligncenter wp-image-5635 size-full\" src=\"https:\/\/psicoclinicabarcelona.com\/wp-content\/uploads\/2022\/07\/skype.webp\" alt=\"terapia por Skype\" width=\"600\" height=\"444\" srcset=\"https:\/\/psicoclinicabarcelona.com\/wp-content\/uploads\/2022\/07\/skype.webp 600w, https:\/\/psicoclinicabarcelona.com\/wp-content\/uploads\/2022\/07\/skype-300x222.webp 300w\" sizes=\"(max-width: 600px) 100vw, 600px\" \/>[\/vc_column_text][\/vc_column][vc_column width=&#8221;2\/3&#8243;][vc_column_text]\n<h2>Ter\u00e0pia per Skype<\/h2>\n<p>La inclusi\u00f3 de les\u00a0<b>noves tecnologies\u00a0<\/b>en la\u00a0<b>vida<\/b>\u00a0de les persones i en la majoria dels \u00e0mbits de la societat \u00e9s una realitat. Tamb\u00e9 \u00e9s una realitat al m\u00f3n de la psicologia i la psicoter\u00e0pia. Per aquest motiu,\u00a0<b>Psicocl\u00ednica Barcelona<\/b>\u00a0cont\u00e9 entre els seus serveis la\u00a0<b>ter\u00e0pia on line<\/b> des de ja fa temps.<\/p>\n<p>La possibilitat de visitar-se amb\u00a0<b>una psic\u00f2loga<\/b> o un\u00a0<b>psic\u00f2leg per Skype \u00e9s un dels avantatges amb qu\u00e8 compten els nostres pacients<\/b>. La\u00a0<b>immediatesa<\/b>\u00a0que atorguen les noves tecnologies a la ter\u00e0pia on line permet un\u00a0<b>contacte directe i constant<\/b>\u00a0amb el psic\u00f2leg per Skype. Consulteu amb Psicocl\u00ednica Barcelona per rebre m\u00e9s informaci\u00f3 sobre les sessions online o presencials amb els nostres psic\u00f2legs Barcelona.[\/vc_column_text][\/vc_column][\/vc_row]\n","protected":false},"excerpt":{"rendered":"<p>[vc_row][vc_column width=&#8221;1\/2&#8243;][vc_column_text]La ter\u00e0pia en l\u00ednia pot ser una soluci\u00f3 per a aquelles persones que per algun motiu no es poden visitar presencialment amb un psic\u00f2leg a Barcelona. La consulta amb un psic\u00f2leg en l\u00ednia no \u00e9s gaire diferent de la presencial des del punt de vista del funcionament de la pr\u00f2pia sessi\u00f3. Tot i aix\u00f2,&hellip;<\/p>\n","protected":false},"author":5,"featured_media":0,"parent":0,"menu_order":0,"comment_status":"closed","ping_status":"closed","template":"","meta":{"footnotes":""},"class_list":["post-1865","page","type-page","status-publish","hentry","entry","no-media"],"yoast_head":"<!-- This site is optimized with the Yoast SEO plugin v24.6 - https:\/\/yoast.com\/wordpress\/plugins\/seo\/ -->\n<title>Psicoleg en l\u00ednia skype. Consulta psicol\u00f2gica online<\/title>\n<meta name=\"description\" content=\"PSICOCL\u00cdNICA BARCELONA. Psic\u00f2legs en l\u00ednia. Sessions de psicoter\u00e0pia per videoconfer\u00e8ncia. Ter\u00e0pia psicol\u00f2gica online. Ajuda psicol\u00f2gica en l\u00ednia\" \/>\n<meta name=\"robots\" content=\"index, follow, max-snippet:-1, max-image-preview:large, max-video-preview:-1\" \/>\n<link rel=\"canonical\" href=\"https:\/\/psicoclinicabarcelona.com\/ca\/psicoleg-online\/\" \/>\n<meta property=\"og:locale\" content=\"ca_ES\" \/>\n<meta property=\"og:type\" content=\"article\" \/>\n<meta property=\"og:title\" content=\"Psicoleg en l\u00ednia skype. Consulta psicol\u00f2gica online\" \/>\n<meta property=\"og:description\" content=\"PSICOCL\u00cdNICA BARCELONA. Psic\u00f2legs en l\u00ednia. Sessions de psicoter\u00e0pia per videoconfer\u00e8ncia. Ter\u00e0pia psicol\u00f2gica online. Ajuda psicol\u00f2gica en l\u00ednia\" \/>\n<meta property=\"og:url\" content=\"https:\/\/psicoclinicabarcelona.com\/ca\/psicoleg-online\/\" \/>\n<meta property=\"og:site_name\" content=\"Psicocl\u00ednica Barcelona\" \/>\n<meta property=\"article:publisher\" content=\"https:\/\/www.facebook.com\/PsicoclinicaBarcelona\/\" \/>\n<meta property=\"article:modified_time\" content=\"2023-05-02T11:03:06+00:00\" \/>\n<meta property=\"og:image\" content=\"https:\/\/psicoclinicabarcelona.com\/wp-content\/uploads\/2022\/07\/mila-ficha.webp\" \/>\n<meta name=\"twitter:label1\" content=\"Temps estimat de lectura\" \/>\n\t<meta name=\"twitter:data1\" content=\"6 minuts\" \/>\n<script type=\"application\/ld+json\" class=\"yoast-schema-graph\">{\"@context\":\"https:\/\/schema.org\",\"@graph\":[{\"@type\":\"WebPage\",\"@id\":\"https:\/\/psicoclinicabarcelona.com\/ca\/psicoleg-online\/\",\"url\":\"https:\/\/psicoclinicabarcelona.com\/ca\/psicoleg-online\/\",\"name\":\"Psicoleg en l\u00ednia skype. Consulta psicol\u00f2gica online\",\"isPartOf\":{\"@id\":\"https:\/\/psicoclinicabarcelona.com\/#website\"},\"primaryImageOfPage\":{\"@id\":\"https:\/\/psicoclinicabarcelona.com\/ca\/psicoleg-online\/#primaryimage\"},\"image\":{\"@id\":\"https:\/\/psicoclinicabarcelona.com\/ca\/psicoleg-online\/#primaryimage\"},\"thumbnailUrl\":\"https:\/\/psicoclinicabarcelona.com\/wp-content\/uploads\/2022\/07\/mila-ficha.webp\",\"datePublished\":\"2015-11-27T15:57:47+00:00\",\"dateModified\":\"2023-05-02T11:03:06+00:00\",\"description\":\"PSICOCL\u00cdNICA BARCELONA. Psic\u00f2legs en l\u00ednia. Sessions de psicoter\u00e0pia per videoconfer\u00e8ncia. Ter\u00e0pia psicol\u00f2gica online. Ajuda psicol\u00f2gica en l\u00ednia\",\"breadcrumb\":{\"@id\":\"https:\/\/psicoclinicabarcelona.com\/ca\/psicoleg-online\/#breadcrumb\"},\"inLanguage\":\"ca\",\"potentialAction\":[{\"@type\":\"ReadAction\",\"target\":[\"https:\/\/psicoclinicabarcelona.com\/ca\/psicoleg-online\/\"]}]},{\"@type\":\"ImageObject\",\"inLanguage\":\"ca\",\"@id\":\"https:\/\/psicoclinicabarcelona.com\/ca\/psicoleg-online\/#primaryimage\",\"url\":\"https:\/\/psicoclinicabarcelona.com\/wp-content\/uploads\/2022\/07\/mila-ficha.webp\",\"contentUrl\":\"https:\/\/psicoclinicabarcelona.com\/wp-content\/uploads\/2022\/07\/mila-ficha.webp\"},{\"@type\":\"BreadcrumbList\",\"@id\":\"https:\/\/psicoclinicabarcelona.com\/ca\/psicoleg-online\/#breadcrumb\",\"itemListElement\":[{\"@type\":\"ListItem\",\"position\":1,\"name\":\"Portada\",\"item\":\"https:\/\/psicoclinicabarcelona.com\/ca\/\"},{\"@type\":\"ListItem\",\"position\":2,\"name\":\"Psic\u00f2leg Online\"}]},{\"@type\":\"WebSite\",\"@id\":\"https:\/\/psicoclinicabarcelona.com\/#website\",\"url\":\"https:\/\/psicoclinicabarcelona.com\/\",\"name\":\"Psicocl\u00ednica Barcelona\",\"description\":\"Posiblemente el mejor psic\u00f3logo en Barcelona o la mejor psic\u00f3loga de Barcelona. Ll\u00e1manos sin compromiso al 935 414 478\",\"publisher\":{\"@id\":\"https:\/\/psicoclinicabarcelona.com\/#organization\"},\"alternateName\":\"Psicocl\u00ednica Barcelona\",\"potentialAction\":[{\"@type\":\"SearchAction\",\"target\":{\"@type\":\"EntryPoint\",\"urlTemplate\":\"https:\/\/psicoclinicabarcelona.com\/?s={search_term_string}\"},\"query-input\":{\"@type\":\"PropertyValueSpecification\",\"valueRequired\":true,\"valueName\":\"search_term_string\"}}],\"inLanguage\":\"ca\"},{\"@type\":\"Organization\",\"@id\":\"https:\/\/psicoclinicabarcelona.com\/#organization\",\"name\":\"Psicocl\u00ednica Barcelona\",\"alternateName\":\"Psicocl\u00ednica Barcelona\",\"url\":\"https:\/\/psicoclinicabarcelona.com\/\",\"logo\":{\"@type\":\"ImageObject\",\"inLanguage\":\"ca\",\"@id\":\"https:\/\/psicoclinicabarcelona.com\/#\/schema\/logo\/image\/\",\"url\":\"https:\/\/psicoclinicabarcelona.com\/wp-content\/uploads\/2015\/04\/psicologos-barcelona.png\",\"contentUrl\":\"https:\/\/psicoclinicabarcelona.com\/wp-content\/uploads\/2015\/04\/psicologos-barcelona.png\",\"width\":178,\"height\":62,\"caption\":\"Psicocl\u00ednica Barcelona\"},\"image\":{\"@id\":\"https:\/\/psicoclinicabarcelona.com\/#\/schema\/logo\/image\/\"},\"sameAs\":[\"https:\/\/www.facebook.com\/PsicoclinicaBarcelona\/\",\"https:\/\/x.com\/psicoclinicabcn\",\"https:\/\/www.linkedin.com\/company\/psicocl\u00ednica-barcelona\/\",\"https:\/\/www.instagram.com\/psicoclinicabarcelona\/\",\"https:\/\/www.youtube.com\/channel\/UCcc-5_wC56giASuT0XDr87Q\"]}]}<\/script>\n<!-- \/ Yoast SEO plugin. -->","yoast_head_json":{"title":"Psicoleg en l\u00ednia skype. Consulta psicol\u00f2gica online","description":"PSICOCL\u00cdNICA BARCELONA. Psic\u00f2legs en l\u00ednia. Sessions de psicoter\u00e0pia per videoconfer\u00e8ncia. Ter\u00e0pia psicol\u00f2gica online. Ajuda psicol\u00f2gica en l\u00ednia","robots":{"index":"index","follow":"follow","max-snippet":"max-snippet:-1","max-image-preview":"max-image-preview:large","max-video-preview":"max-video-preview:-1"},"canonical":"https:\/\/psicoclinicabarcelona.com\/ca\/psicoleg-online\/","og_locale":"ca_ES","og_type":"article","og_title":"Psicoleg en l\u00ednia skype. Consulta psicol\u00f2gica online","og_description":"PSICOCL\u00cdNICA BARCELONA. Psic\u00f2legs en l\u00ednia. Sessions de psicoter\u00e0pia per videoconfer\u00e8ncia. Ter\u00e0pia psicol\u00f2gica online. Ajuda psicol\u00f2gica en l\u00ednia","og_url":"https:\/\/psicoclinicabarcelona.com\/ca\/psicoleg-online\/","og_site_name":"Psicocl\u00ednica Barcelona","article_publisher":"https:\/\/www.facebook.com\/PsicoclinicaBarcelona\/","article_modified_time":"2023-05-02T11:03:06+00:00","og_image":[{"url":"https:\/\/psicoclinicabarcelona.com\/wp-content\/uploads\/2022\/07\/mila-ficha.webp","type":"","width":"","height":""}],"twitter_misc":{"Temps estimat de lectura":"6 minuts"},"schema":{"@context":"https:\/\/schema.org","@graph":[{"@type":"WebPage","@id":"https:\/\/psicoclinicabarcelona.com\/ca\/psicoleg-online\/","url":"https:\/\/psicoclinicabarcelona.com\/ca\/psicoleg-online\/","name":"Psicoleg en l\u00ednia skype. Consulta psicol\u00f2gica online","isPartOf":{"@id":"https:\/\/psicoclinicabarcelona.com\/#website"},"primaryImageOfPage":{"@id":"https:\/\/psicoclinicabarcelona.com\/ca\/psicoleg-online\/#primaryimage"},"image":{"@id":"https:\/\/psicoclinicabarcelona.com\/ca\/psicoleg-online\/#primaryimage"},"thumbnailUrl":"https:\/\/psicoclinicabarcelona.com\/wp-content\/uploads\/2022\/07\/mila-ficha.webp","datePublished":"2015-11-27T15:57:47+00:00","dateModified":"2023-05-02T11:03:06+00:00","description":"PSICOCL\u00cdNICA BARCELONA. Psic\u00f2legs en l\u00ednia. Sessions de psicoter\u00e0pia per videoconfer\u00e8ncia. Ter\u00e0pia psicol\u00f2gica online. Ajuda psicol\u00f2gica en l\u00ednia","breadcrumb":{"@id":"https:\/\/psicoclinicabarcelona.com\/ca\/psicoleg-online\/#breadcrumb"},"inLanguage":"ca","potentialAction":[{"@type":"ReadAction","target":["https:\/\/psicoclinicabarcelona.com\/ca\/psicoleg-online\/"]}]},{"@type":"ImageObject","inLanguage":"ca","@id":"https:\/\/psicoclinicabarcelona.com\/ca\/psicoleg-online\/#primaryimage","url":"https:\/\/psicoclinicabarcelona.com\/wp-content\/uploads\/2022\/07\/mila-ficha.webp","contentUrl":"https:\/\/psicoclinicabarcelona.com\/wp-content\/uploads\/2022\/07\/mila-ficha.webp"},{"@type":"BreadcrumbList","@id":"https:\/\/psicoclinicabarcelona.com\/ca\/psicoleg-online\/#breadcrumb","itemListElement":[{"@type":"ListItem","position":1,"name":"Portada","item":"https:\/\/psicoclinicabarcelona.com\/ca\/"},{"@type":"ListItem","position":2,"name":"Psic\u00f2leg Online"}]},{"@type":"WebSite","@id":"https:\/\/psicoclinicabarcelona.com\/#website","url":"https:\/\/psicoclinicabarcelona.com\/","name":"Psicocl\u00ednica Barcelona","description":"Posiblemente el mejor psic\u00f3logo en Barcelona o la mejor psic\u00f3loga de Barcelona. Ll\u00e1manos sin compromiso al 935 414 478","publisher":{"@id":"https:\/\/psicoclinicabarcelona.com\/#organization"},"alternateName":"Psicocl\u00ednica Barcelona","potentialAction":[{"@type":"SearchAction","target":{"@type":"EntryPoint","urlTemplate":"https:\/\/psicoclinicabarcelona.com\/?s={search_term_string}"},"query-input":{"@type":"PropertyValueSpecification","valueRequired":true,"valueName":"search_term_string"}}],"inLanguage":"ca"},{"@type":"Organization","@id":"https:\/\/psicoclinicabarcelona.com\/#organization","name":"Psicocl\u00ednica Barcelona","alternateName":"Psicocl\u00ednica Barcelona","url":"https:\/\/psicoclinicabarcelona.com\/","logo":{"@type":"ImageObject","inLanguage":"ca","@id":"https:\/\/psicoclinicabarcelona.com\/#\/schema\/logo\/image\/","url":"https:\/\/psicoclinicabarcelona.com\/wp-content\/uploads\/2015\/04\/psicologos-barcelona.png","contentUrl":"https:\/\/psicoclinicabarcelona.com\/wp-content\/uploads\/2015\/04\/psicologos-barcelona.png","width":178,"height":62,"caption":"Psicocl\u00ednica Barcelona"},"image":{"@id":"https:\/\/psicoclinicabarcelona.com\/#\/schema\/logo\/image\/"},"sameAs":["https:\/\/www.facebook.com\/PsicoclinicaBarcelona\/","https:\/\/x.com\/psicoclinicabcn","https:\/\/www.linkedin.com\/company\/psicocl\u00ednica-barcelona\/","https:\/\/www.instagram.com\/psicoclinicabarcelona\/","https:\/\/www.youtube.com\/channel\/UCcc-5_wC56giASuT0XDr87Q"]}]}},"_links":{"self":[{"href":"https:\/\/psicoclinicabarcelona.com\/ca\/wp-json\/wp\/v2\/pages\/1865"}],"collection":[{"href":"https:\/\/psicoclinicabarcelona.com\/ca\/wp-json\/wp\/v2\/pages"}],"about":[{"href":"https:\/\/psicoclinicabarcelona.com\/ca\/wp-json\/wp\/v2\/types\/page"}],"author":[{"embeddable":true,"href":"https:\/\/psicoclinicabarcelona.com\/ca\/wp-json\/wp\/v2\/users\/5"}],"replies":[{"embeddable":true,"href":"https:\/\/psicoclinicabarcelona.com\/ca\/wp-json\/wp\/v2\/comments?post=1865"}],"version-history":[{"count":8,"href":"https:\/\/psicoclinicabarcelona.com\/ca\/wp-json\/wp\/v2\/pages\/1865\/revisions"}],"predecessor-version":[{"id":6466,"href":"https:\/\/psicoclinicabarcelona.com\/ca\/wp-json\/wp\/v2\/pages\/1865\/revisions\/6466"}],"wp:attachment":[{"href":"https:\/\/psicoclinicabarcelona.com\/ca\/wp-json\/wp\/v2\/media?parent=1865"}],"curies":[{"name":"wp","href":"https:\/\/api.w.org\/{rel}","templated":true}]}}