{"id":4132,"date":"2021-12-22T13:25:08","date_gmt":"2021-12-22T11:25:08","guid":{"rendered":"https:\/\/psicoclinicabarcelona.com\/?page_id=4132\/"},"modified":"2023-04-27T12:29:27","modified_gmt":"2023-04-27T10:29:27","slug":"psicoleg-sant-cugat","status":"publish","type":"page","link":"https:\/\/psicoclinicabarcelona.com\/ca\/psicoleg-sant-cugat\/","title":{"rendered":"Sant Cugat del Vall\u00e8s"},"content":{"rendered":"[vc_row gap=&#8221;35&#8243;][vc_column width=&#8221;1\/2&#8243;][vc_column_text]\n<h2>Contacti amb nosaltres<\/h2>\n<p>El nostre centre de psicologia a Sant Cugat del Vall\u00e8s compta amb un equip expert de psic\u00f2legs cl\u00ednics i psicoterapeutes amb especialitats a diverses \u00e0rees. Si esteu pensant en sol\u00b7licitar una sessi\u00f3 de ter\u00e0pia a Sant Cugat amb un psic\u00f2loga o psic\u00f2leg, podeu posar-vos en contacte amb nosaltres, ser\u00e0 at\u00e8s per un psic\u00f2leg especialista des de la primera trucada.[\/vc_column_text][\/vc_column][vc_column width=&#8221;1\/2&#8243; el_class=&#8221;redondito&#8221;][vc_column_text]\n<h2 style=\"text-align: center;\">Dades de contacte<\/h2>\n[\/vc_column_text][vc_empty_space height=&#8221;15px&#8221;][vc_empty_space height=&#8221;15px&#8221;][vc_row_inner][vc_column_inner width=&#8221;1\/4&#8243;][vc_column_text]<img decoding=\"async\" class=\"wp-image-5680 alignright\" src=\"https:\/\/psicoclinicabarcelona.com\/wp-content\/uploads\/2022\/07\/smartphone-1.webp\" alt=\"telefono\" width=\"32\" height=\"32\" \/>[\/vc_column_text][\/vc_column_inner][vc_column_inner width=&#8221;3\/4&#8243;][vc_column_text]\n<p style=\"text-align: left;\"><span style=\"color: #008aad;\"><strong>640 067 146<\/strong><\/span><\/p>\n[\/vc_column_text][\/vc_column_inner][\/vc_row_inner][vc_row_inner][vc_column_inner width=&#8221;1\/4&#8243;][vc_column_text]<img decoding=\"async\" class=\"alignright wp-image-5679\" src=\"https:\/\/psicoclinicabarcelona.com\/wp-content\/uploads\/2022\/07\/pin.webp\" alt=\"pin\" width=\"32\" height=\"32\" \/>[\/vc_column_text][\/vc_column_inner][vc_column_inner width=&#8221;3\/4&#8243;][vc_column_text]\n<p style=\"text-align: left;\"><span style=\"color: #008aad;\"><strong>Plaza Llu\u00eds Millet, n\u00ba 10, local 1,<br \/>\n08172 Sant Cugat del Vall\u00e8s, Barcelona<\/strong><br \/>\n(a les instal\u00b7lacions de I.S.O.M.A.E.)<\/span><\/p>\n[\/vc_column_text][\/vc_column_inner][\/vc_row_inner][\/vc_column][\/vc_row][vc_row][vc_column]<div class=\"wpforms-container wpforms-container-full\" id=\"wpforms-4054\"><form id=\"wpforms-form-4054\" class=\"wpforms-validate wpforms-form wpforms-ajax-form\" data-formid=\"4054\" method=\"post\" enctype=\"multipart\/form-data\" action=\"\/ca\/wp-json\/wp\/v2\/pages\/4132\/\" data-token=\"fa4eea21c48dcfed64230d6588c00cae\" data-token-time=\"1776420183\"><noscript class=\"wpforms-error-noscript\">Activeu el JavaScript al navegador per a poder completar el formulari.<\/noscript><div class=\"wpforms-field-container\"><div id=\"wpforms-4054-field_0-container\" class=\"wpforms-field wpforms-field-name\" data-field-id=\"0\"><label class=\"wpforms-field-label\" for=\"wpforms-4054-field_0\">Nom i cognoms <span class=\"wpforms-required-label\">*<\/span><\/label><input type=\"text\" id=\"wpforms-4054-field_0\" class=\"wpforms-field-large wpforms-field-required\" name=\"wpforms[fields][0]\" required><\/div><div id=\"wpforms-4054-field_1-container\" class=\"wpforms-field wpforms-field-email wpforms-one-half wpforms-first\" data-field-id=\"1\"><label class=\"wpforms-field-label\" for=\"wpforms-4054-field_1\">Email <span class=\"wpforms-required-label\">*<\/span><\/label><input type=\"email\" id=\"wpforms-4054-field_1\" class=\"wpforms-field-large wpforms-field-required\" name=\"wpforms[fields][1]\" spellcheck=\"false\" required><\/div><div id=\"wpforms-4054-field_5-container\" class=\"wpforms-field wpforms-field-number wpforms-one-half\" data-field-id=\"5\"><label class=\"wpforms-field-label\" for=\"wpforms-4054-field_5\">Tel\u00e8fon <span class=\"wpforms-required-label\">*<\/span><\/label><input type=\"number\" id=\"wpforms-4054-field_5\" class=\"wpforms-field-large wpforms-field-required\" name=\"wpforms[fields][5]\" step=\"any\" required><\/div><div id=\"wpforms-4054-field_2-container\" class=\"wpforms-field wpforms-field-textarea\" data-field-id=\"2\"><label class=\"wpforms-field-label\" for=\"wpforms-4054-field_2\">La seva consulta<\/label><textarea id=\"wpforms-4054-field_2\" class=\"wpforms-field-medium\" name=\"wpforms[fields][2]\" ><\/textarea><\/div><div id=\"wpforms-4054-field_6-container\" class=\"wpforms-field wpforms-field-checkbox\" data-field-id=\"6\"><label class=\"wpforms-field-label\">Pol\u00edtica de Privacitat <span class=\"wpforms-required-label\">*<\/span><\/label><ul id=\"wpforms-4054-field_6\" class=\"wpforms-field-required\"><li class=\"choice-1 depth-1\"><input type=\"checkbox\" id=\"wpforms-4054-field_6_1\" name=\"wpforms[fields][6][]\" value=\"Accepto l&#039;Av\u00eds Legal i la Pol\u00edtica de Privacitat\" required ><label class=\"wpforms-field-label-inline\" for=\"wpforms-4054-field_6_1\">Accepto l'Av\u00eds Legal i la Pol\u00edtica de Privacitat<\/label><\/li><\/ul><div class=\"wpforms-field-description\">*Llegir  l'<a href=\"\/aviso-legal\/\">Avis Legal<\/a> i la <a href=\"https:\/\/psicoclinicabarcelona.com\/politica-de-privacidad\/\">Pol\u00edtica de Privacitat<\/a>.<\/div><\/div><\/div><!-- .wpforms-field-container --><div class=\"wpforms-recaptcha-container wpforms-is-recaptcha wpforms-is-recaptcha-type-v2\" ><div class=\"g-recaptcha\" data-sitekey=\"6LfgxooUAAAAAId330Un9x29Ep0Ce__16M1fgiUn\"><\/div><input type=\"text\" name=\"g-recaptcha-hidden\" class=\"wpforms-recaptcha-hidden\" style=\"position:absolute!important;clip:rect(0,0,0,0)!important;height:1px!important;width:1px!important;border:0!important;overflow:hidden!important;padding:0!important;margin:0!important;\" data-rule-recaptcha=\"1\"><\/div><div class=\"wpforms-submit-container\" ><input type=\"hidden\" name=\"wpforms[id]\" value=\"4054\"><input type=\"hidden\" name=\"page_title\" value=\"\"><input type=\"hidden\" name=\"page_url\" value=\"https:\/\/psicoclinicabarcelona.com\/ca\/wp-json\/wp\/v2\/pages\/4132\/\"><input type=\"hidden\" name=\"url_referer\" value=\"https:\/\/psicoclinicabarcelona.com\/ca\/wp-json\/wp\/v2\/pages\/4132\"><button type=\"submit\" name=\"wpforms[submit]\" id=\"wpforms-submit-4054\" class=\"wpforms-submit\" data-alt-text=\"Enviant...\" data-submit-text=\"Enviar\" aria-live=\"assertive\" value=\"wpforms-submit\">Enviar<\/button><img decoding=\"async\" src=\"https:\/\/psicoclinicabarcelona.com\/wp-content\/plugins\/wpforms-lite\/assets\/images\/submit-spin.svg\" class=\"wpforms-submit-spinner\" style=\"display: none;\" width=\"26\" height=\"26\" alt=\"S&#039;est\u00e0 carregant\"><\/div><\/form><\/div>  <!-- .wpforms-container -->[vc_column_text]\n<h2>Cl\u00ednica de psicologia a Sant Cugat amb psic\u00f2legs especialistes<\/h2>\n<p>A la nostra cl\u00ednica de Psicologia a Sant Cugat del Vall\u00e8s apostem per un tractament rigor\u00f3s que apunta a trobar solucions des de l\u2019arrel del problema, anant m\u00e9s enll\u00e0 dels enfocaments proposats per la ter\u00e0pia cognitiu conductual o la psicologia positiva.<\/p>\n<p>Psicocl\u00ednica Barcelona compta amb un equip de psic\u00f2legs a Sant Cugat del Vall\u00e8s especialistes a la ter\u00e0pia amb nens, adolescents, adults i tamb\u00e9 en ter\u00e0pia de parella. Per dur a terme un tractament psicol\u00f2gic efica\u00e7 \u00e9s imprescindible una bona valoraci\u00f3 inicial, per aix\u00f2 \u00e9s important les primeres entrevistes.<\/p>\n<h2>Psic\u00f2legs especialistes en ter\u00e0pia de parella, ter\u00e0pia familiar o infant juvenil<\/h2>\n<p>Si voleu portar una consulta al nostre centre de psicologia a Sant Cugat del Vall\u00e8s i demanar cita amb un dels nostres psic\u00f2legs especialistes en psicologia infantil, adults, ter\u00e0pia familiar o de parella. Podeu contactar per tel\u00e8fon, a trav\u00e9s del formulari web o per WhatsApp.<\/p>\n<h2>Quins tractaments s\u2019ofereixen a la nostra cl\u00ednica de Psicologia a Sant Cugat del Vall\u00e8s?<\/h2>\n<p>Demanar una primera visita de psicologia cl\u00ednica amb un psic\u00f2leg o psic\u00f2loga a Sant Cugat no implica, en absolut, tenir cap diagn\u00f2stic de salut mental. Moltes persones que v\u00e9nen a ter\u00e0pia presencial o online, ho fan buscant un creixement personal, o b\u00e9 perqu\u00e8 tenen problemes de tipus emocional o baixa autoestima i volen fer algun canvi a la seva vida.<\/p>\n<h2>Diagn\u00f2stic en salut mental<\/h2>\n<p>Tamb\u00e9 \u00e9s freq\u00fcent que la persona que demana cita amb un psic\u00f2leg a Sant Cugat, busqui una segona opini\u00f3 professional, despr\u00e9s d\u2019haver estat visitat amb algun psic\u00f2leg o psiquiatre. Avui dia, hi ha m\u00faltiples diagn\u00f2stics en salut mental: Trastorn Obsessiu Compulsiu, Trastorns Psicosom\u00e0tics, Trastorn per D\u00e8ficit d\u2019Atenci\u00f3 i Hiperactivitat (TDAH), Trastorns de conducta i un llarg etc\u00e8tera de diagn\u00f2stics que en alguns casos es presenten simult\u00e0niament.<\/p>\n<p>Si en aquests moments passes per un mal moment a la vida i vols trobar solucions a la teva angoixa, ansietat o depressi\u00f3, demanar cita amb un psic\u00f2leg a Sant Cugat pot ser el primer pas per revertir la situaci\u00f3. Si es tracta d\u2019un nen, \u00e9s important que el psic\u00f2leg infant juvenil pugui atendre els pares en una primera entrevista perqu\u00e8 aix\u00ed puguin explicar amb detall quina \u00e9s la situaci\u00f3. La psicoter\u00e0pia amb nens \u00e9s diferent de la psicoter\u00e0pia d\u2019adults, ja que amb els primers s\u2019utilitzen t\u00e8cniques que van m\u00e9s enll\u00e0 de la paraula, per exemple el joc simb\u00f2lic o el dibuix i que permeten que el nen se senti c\u00f2mode per expressar all\u00f2 que li passa.<\/p>\n<h2>Sex\u00f2leg a Sant Cugat<\/h2>\n<p>Demanar cita amb un sex\u00f2leg o sex\u00f2loga a Sant Cugat pot ser el primer pas per comen\u00e7ar a trobar solucions als problemes o trastorns sexuals que tant t\u2019angoixen. Comen\u00e7ar a parlar-ne pot tenir efectes r\u00e0pids, de vegades el tractament es converteix en una ter\u00e0pia breu perqu\u00e8 els s\u00edmptomes que fan patir la persona van cedint des de les primeres sessions.<\/p>\n<h2>Psic\u00f2leg ansietat Sant Cugat<\/h2>\n<p>Si esteu en un moment d\u2019estr\u00e8s excessiu o patiu d\u2019ansietat generalitzada, el m\u00e9s indicat \u00e9s dirigir-vos a un psic\u00f2leg especialista que pugui fer una valoraci\u00f3 del vostre cas. Aquest tipus de problema pot augmentar i derivar en crisis d\u2019ansietat, atacs de p\u00e0nic o f\u00f2bia social. Pots trucar-nos, t\u2019atendrem sense llistes d\u2019espera.[\/vc_column_text][\/vc_column][\/vc_row]\n","protected":false},"excerpt":{"rendered":"<p>[vc_row gap=&#8221;35&#8243;][vc_column width=&#8221;1\/2&#8243;][vc_column_text] Contacti amb nosaltres El nostre centre de psicologia a Sant Cugat del Vall\u00e8s compta amb un equip expert de psic\u00f2legs cl\u00ednics i psicoterapeutes amb especialitats a diverses \u00e0rees. Si esteu pensant en sol\u00b7licitar una sessi\u00f3 de ter\u00e0pia a Sant Cugat amb un psic\u00f2loga o psic\u00f2leg, podeu posar-vos en contacte amb nosaltres, ser\u00e0&hellip;<\/p>\n","protected":false},"author":5,"featured_media":0,"parent":0,"menu_order":0,"comment_status":"closed","ping_status":"closed","template":"","meta":{"footnotes":""},"class_list":["post-4132","page","type-page","status-publish","hentry","entry","no-media"],"yoast_head":"<!-- This site is optimized with the Yoast SEO plugin v24.6 - https:\/\/yoast.com\/wordpress\/plugins\/seo\/ -->\n<title>Psic\u00f2leg Sant Cugat. Centre psicologia Sant Cugat<\/title>\n<meta name=\"description\" content=\"PSICOCL\u00cdNICA BARCELONA. Busques un centre de psicologia a Sant Cugat del Vall\u00e8s? Demana cita ja!\" \/>\n<meta name=\"robots\" content=\"index, follow, max-snippet:-1, max-image-preview:large, max-video-preview:-1\" \/>\n<link rel=\"canonical\" href=\"https:\/\/psicoclinicabarcelona.com\/ca\/psicoleg-sant-cugat\/\" \/>\n<meta property=\"og:locale\" content=\"ca_ES\" \/>\n<meta property=\"og:type\" content=\"article\" \/>\n<meta property=\"og:title\" content=\"Psic\u00f2leg Sant Cugat. Centre psicologia Sant Cugat\" \/>\n<meta property=\"og:description\" content=\"PSICOCL\u00cdNICA BARCELONA. Busques un centre de psicologia a Sant Cugat del Vall\u00e8s? Demana cita ja!\" \/>\n<meta property=\"og:url\" content=\"https:\/\/psicoclinicabarcelona.com\/ca\/psicoleg-sant-cugat\/\" \/>\n<meta property=\"og:site_name\" content=\"Psicocl\u00ednica Barcelona\" \/>\n<meta property=\"article:publisher\" content=\"https:\/\/www.facebook.com\/PsicoclinicaBarcelona\/\" \/>\n<meta property=\"article:modified_time\" content=\"2023-04-27T10:29:27+00:00\" \/>\n<meta property=\"og:image\" content=\"https:\/\/psicoclinicabarcelona.com\/wp-content\/uploads\/2022\/07\/smartphone-1.webp\" \/>\n<meta name=\"twitter:label1\" content=\"Temps estimat de lectura\" \/>\n\t<meta name=\"twitter:data1\" content=\"4 minuts\" \/>\n<script type=\"application\/ld+json\" class=\"yoast-schema-graph\">{\"@context\":\"https:\/\/schema.org\",\"@graph\":[{\"@type\":\"WebPage\",\"@id\":\"https:\/\/psicoclinicabarcelona.com\/ca\/psicoleg-sant-cugat\/\",\"url\":\"https:\/\/psicoclinicabarcelona.com\/ca\/psicoleg-sant-cugat\/\",\"name\":\"Psic\u00f2leg Sant Cugat. Centre psicologia Sant Cugat\",\"isPartOf\":{\"@id\":\"https:\/\/psicoclinicabarcelona.com\/#website\"},\"primaryImageOfPage\":{\"@id\":\"https:\/\/psicoclinicabarcelona.com\/ca\/psicoleg-sant-cugat\/#primaryimage\"},\"image\":{\"@id\":\"https:\/\/psicoclinicabarcelona.com\/ca\/psicoleg-sant-cugat\/#primaryimage\"},\"thumbnailUrl\":\"https:\/\/psicoclinicabarcelona.com\/wp-content\/uploads\/2022\/07\/smartphone-1.webp\",\"datePublished\":\"2021-12-22T11:25:08+00:00\",\"dateModified\":\"2023-04-27T10:29:27+00:00\",\"description\":\"PSICOCL\u00cdNICA BARCELONA. Busques un centre de psicologia a Sant Cugat del Vall\u00e8s? Demana cita ja!\",\"breadcrumb\":{\"@id\":\"https:\/\/psicoclinicabarcelona.com\/ca\/psicoleg-sant-cugat\/#breadcrumb\"},\"inLanguage\":\"ca\",\"potentialAction\":[{\"@type\":\"ReadAction\",\"target\":[\"https:\/\/psicoclinicabarcelona.com\/ca\/psicoleg-sant-cugat\/\"]}]},{\"@type\":\"ImageObject\",\"inLanguage\":\"ca\",\"@id\":\"https:\/\/psicoclinicabarcelona.com\/ca\/psicoleg-sant-cugat\/#primaryimage\",\"url\":\"https:\/\/psicoclinicabarcelona.com\/wp-content\/uploads\/2022\/07\/smartphone-1.webp\",\"contentUrl\":\"https:\/\/psicoclinicabarcelona.com\/wp-content\/uploads\/2022\/07\/smartphone-1.webp\"},{\"@type\":\"BreadcrumbList\",\"@id\":\"https:\/\/psicoclinicabarcelona.com\/ca\/psicoleg-sant-cugat\/#breadcrumb\",\"itemListElement\":[{\"@type\":\"ListItem\",\"position\":1,\"name\":\"Portada\",\"item\":\"https:\/\/psicoclinicabarcelona.com\/ca\/\"},{\"@type\":\"ListItem\",\"position\":2,\"name\":\"Sant Cugat del Vall\u00e8s\"}]},{\"@type\":\"WebSite\",\"@id\":\"https:\/\/psicoclinicabarcelona.com\/#website\",\"url\":\"https:\/\/psicoclinicabarcelona.com\/\",\"name\":\"Psicocl\u00ednica Barcelona\",\"description\":\"Posiblemente el mejor psic\u00f3logo en Barcelona o la mejor psic\u00f3loga de Barcelona. Ll\u00e1manos sin compromiso al 935 414 478\",\"publisher\":{\"@id\":\"https:\/\/psicoclinicabarcelona.com\/#organization\"},\"alternateName\":\"Psicocl\u00ednica Barcelona\",\"potentialAction\":[{\"@type\":\"SearchAction\",\"target\":{\"@type\":\"EntryPoint\",\"urlTemplate\":\"https:\/\/psicoclinicabarcelona.com\/?s={search_term_string}\"},\"query-input\":{\"@type\":\"PropertyValueSpecification\",\"valueRequired\":true,\"valueName\":\"search_term_string\"}}],\"inLanguage\":\"ca\"},{\"@type\":\"Organization\",\"@id\":\"https:\/\/psicoclinicabarcelona.com\/#organization\",\"name\":\"Psicocl\u00ednica Barcelona\",\"alternateName\":\"Psicocl\u00ednica Barcelona\",\"url\":\"https:\/\/psicoclinicabarcelona.com\/\",\"logo\":{\"@type\":\"ImageObject\",\"inLanguage\":\"ca\",\"@id\":\"https:\/\/psicoclinicabarcelona.com\/#\/schema\/logo\/image\/\",\"url\":\"https:\/\/psicoclinicabarcelona.com\/wp-content\/uploads\/2015\/04\/psicologos-barcelona.png\",\"contentUrl\":\"https:\/\/psicoclinicabarcelona.com\/wp-content\/uploads\/2015\/04\/psicologos-barcelona.png\",\"width\":178,\"height\":62,\"caption\":\"Psicocl\u00ednica Barcelona\"},\"image\":{\"@id\":\"https:\/\/psicoclinicabarcelona.com\/#\/schema\/logo\/image\/\"},\"sameAs\":[\"https:\/\/www.facebook.com\/PsicoclinicaBarcelona\/\",\"https:\/\/x.com\/psicoclinicabcn\",\"https:\/\/www.linkedin.com\/company\/psicocl\u00ednica-barcelona\/\",\"https:\/\/www.instagram.com\/psicoclinicabarcelona\/\",\"https:\/\/www.youtube.com\/channel\/UCcc-5_wC56giASuT0XDr87Q\"]}]}<\/script>\n<!-- \/ Yoast SEO plugin. -->","yoast_head_json":{"title":"Psic\u00f2leg Sant Cugat. Centre psicologia Sant Cugat","description":"PSICOCL\u00cdNICA BARCELONA. Busques un centre de psicologia a Sant Cugat del Vall\u00e8s? Demana cita ja!","robots":{"index":"index","follow":"follow","max-snippet":"max-snippet:-1","max-image-preview":"max-image-preview:large","max-video-preview":"max-video-preview:-1"},"canonical":"https:\/\/psicoclinicabarcelona.com\/ca\/psicoleg-sant-cugat\/","og_locale":"ca_ES","og_type":"article","og_title":"Psic\u00f2leg Sant Cugat. Centre psicologia Sant Cugat","og_description":"PSICOCL\u00cdNICA BARCELONA. Busques un centre de psicologia a Sant Cugat del Vall\u00e8s? Demana cita ja!","og_url":"https:\/\/psicoclinicabarcelona.com\/ca\/psicoleg-sant-cugat\/","og_site_name":"Psicocl\u00ednica Barcelona","article_publisher":"https:\/\/www.facebook.com\/PsicoclinicaBarcelona\/","article_modified_time":"2023-04-27T10:29:27+00:00","og_image":[{"url":"https:\/\/psicoclinicabarcelona.com\/wp-content\/uploads\/2022\/07\/smartphone-1.webp","type":"","width":"","height":""}],"twitter_misc":{"Temps estimat de lectura":"4 minuts"},"schema":{"@context":"https:\/\/schema.org","@graph":[{"@type":"WebPage","@id":"https:\/\/psicoclinicabarcelona.com\/ca\/psicoleg-sant-cugat\/","url":"https:\/\/psicoclinicabarcelona.com\/ca\/psicoleg-sant-cugat\/","name":"Psic\u00f2leg Sant Cugat. Centre psicologia Sant Cugat","isPartOf":{"@id":"https:\/\/psicoclinicabarcelona.com\/#website"},"primaryImageOfPage":{"@id":"https:\/\/psicoclinicabarcelona.com\/ca\/psicoleg-sant-cugat\/#primaryimage"},"image":{"@id":"https:\/\/psicoclinicabarcelona.com\/ca\/psicoleg-sant-cugat\/#primaryimage"},"thumbnailUrl":"https:\/\/psicoclinicabarcelona.com\/wp-content\/uploads\/2022\/07\/smartphone-1.webp","datePublished":"2021-12-22T11:25:08+00:00","dateModified":"2023-04-27T10:29:27+00:00","description":"PSICOCL\u00cdNICA BARCELONA. Busques un centre de psicologia a Sant Cugat del Vall\u00e8s? Demana cita ja!","breadcrumb":{"@id":"https:\/\/psicoclinicabarcelona.com\/ca\/psicoleg-sant-cugat\/#breadcrumb"},"inLanguage":"ca","potentialAction":[{"@type":"ReadAction","target":["https:\/\/psicoclinicabarcelona.com\/ca\/psicoleg-sant-cugat\/"]}]},{"@type":"ImageObject","inLanguage":"ca","@id":"https:\/\/psicoclinicabarcelona.com\/ca\/psicoleg-sant-cugat\/#primaryimage","url":"https:\/\/psicoclinicabarcelona.com\/wp-content\/uploads\/2022\/07\/smartphone-1.webp","contentUrl":"https:\/\/psicoclinicabarcelona.com\/wp-content\/uploads\/2022\/07\/smartphone-1.webp"},{"@type":"BreadcrumbList","@id":"https:\/\/psicoclinicabarcelona.com\/ca\/psicoleg-sant-cugat\/#breadcrumb","itemListElement":[{"@type":"ListItem","position":1,"name":"Portada","item":"https:\/\/psicoclinicabarcelona.com\/ca\/"},{"@type":"ListItem","position":2,"name":"Sant Cugat del Vall\u00e8s"}]},{"@type":"WebSite","@id":"https:\/\/psicoclinicabarcelona.com\/#website","url":"https:\/\/psicoclinicabarcelona.com\/","name":"Psicocl\u00ednica Barcelona","description":"Posiblemente el mejor psic\u00f3logo en Barcelona o la mejor psic\u00f3loga de Barcelona. Ll\u00e1manos sin compromiso al 935 414 478","publisher":{"@id":"https:\/\/psicoclinicabarcelona.com\/#organization"},"alternateName":"Psicocl\u00ednica Barcelona","potentialAction":[{"@type":"SearchAction","target":{"@type":"EntryPoint","urlTemplate":"https:\/\/psicoclinicabarcelona.com\/?s={search_term_string}"},"query-input":{"@type":"PropertyValueSpecification","valueRequired":true,"valueName":"search_term_string"}}],"inLanguage":"ca"},{"@type":"Organization","@id":"https:\/\/psicoclinicabarcelona.com\/#organization","name":"Psicocl\u00ednica Barcelona","alternateName":"Psicocl\u00ednica Barcelona","url":"https:\/\/psicoclinicabarcelona.com\/","logo":{"@type":"ImageObject","inLanguage":"ca","@id":"https:\/\/psicoclinicabarcelona.com\/#\/schema\/logo\/image\/","url":"https:\/\/psicoclinicabarcelona.com\/wp-content\/uploads\/2015\/04\/psicologos-barcelona.png","contentUrl":"https:\/\/psicoclinicabarcelona.com\/wp-content\/uploads\/2015\/04\/psicologos-barcelona.png","width":178,"height":62,"caption":"Psicocl\u00ednica Barcelona"},"image":{"@id":"https:\/\/psicoclinicabarcelona.com\/#\/schema\/logo\/image\/"},"sameAs":["https:\/\/www.facebook.com\/PsicoclinicaBarcelona\/","https:\/\/x.com\/psicoclinicabcn","https:\/\/www.linkedin.com\/company\/psicocl\u00ednica-barcelona\/","https:\/\/www.instagram.com\/psicoclinicabarcelona\/","https:\/\/www.youtube.com\/channel\/UCcc-5_wC56giASuT0XDr87Q"]}]}},"_links":{"self":[{"href":"https:\/\/psicoclinicabarcelona.com\/ca\/wp-json\/wp\/v2\/pages\/4132"}],"collection":[{"href":"https:\/\/psicoclinicabarcelona.com\/ca\/wp-json\/wp\/v2\/pages"}],"about":[{"href":"https:\/\/psicoclinicabarcelona.com\/ca\/wp-json\/wp\/v2\/types\/page"}],"author":[{"embeddable":true,"href":"https:\/\/psicoclinicabarcelona.com\/ca\/wp-json\/wp\/v2\/users\/5"}],"replies":[{"embeddable":true,"href":"https:\/\/psicoclinicabarcelona.com\/ca\/wp-json\/wp\/v2\/comments?post=4132"}],"version-history":[{"count":10,"href":"https:\/\/psicoclinicabarcelona.com\/ca\/wp-json\/wp\/v2\/pages\/4132\/revisions"}],"predecessor-version":[{"id":6428,"href":"https:\/\/psicoclinicabarcelona.com\/ca\/wp-json\/wp\/v2\/pages\/4132\/revisions\/6428"}],"wp:attachment":[{"href":"https:\/\/psicoclinicabarcelona.com\/ca\/wp-json\/wp\/v2\/media?parent=4132"}],"curies":[{"name":"wp","href":"https:\/\/api.w.org\/{rel}","templated":true}]}}