{"id":4135,"date":"2021-12-22T13:47:05","date_gmt":"2021-12-22T11:47:05","guid":{"rendered":"https:\/\/psicoclinicabarcelona.com\/?page_id=4135\/"},"modified":"2024-05-16T09:01:25","modified_gmt":"2024-05-16T07:01:25","slug":"despatx-barcelona","status":"publish","type":"page","link":"https:\/\/psicoclinicabarcelona.com\/ca\/despatx-barcelona\/","title":{"rendered":"Despatx Barcelona"},"content":{"rendered":"[vc_row gap=&#8221;35&#8243;][vc_column width=&#8221;1\/2&#8243;][vc_column_text]\n<h2>Contacti amb nosaltres<\/h2>\n<p><strong>Psicocl\u00ednica Barcelona<\/strong>\u00a0es troba en una situaci\u00f3 excepcional, al carrer Sant Elies 29-35 Escalera A, 4\u00ba 3\u00aa, just al costat de pla\u00e7a Molina, al barri de Sant Gervasi. Disposa d\u2019una comunicaci\u00f3 excepcional en transport p\u00fablic (<strong>autobusos:<\/strong>\u00a027-32-92-N5-V15 y\u00a0<strong>FGC:<\/strong>\u00a0Muntaner St. Gervasi-Pl.Molina). Aquelles persones que optin pel vehicle propi, trobaran un p\u00e0rquing p\u00fablic a la mateixa finca amb acc\u00e9s directe a Psicocl\u00ednica Barcelona.<\/p>\n<p><strong>A Psicocl\u00ednica Barcelona tenim nou horari: treballem de dilluns a diumenge, ambd\u00f3s inclosos, de les 9 a les 21 hores.<\/strong><\/p>\n<p>Si ho desitgeu, podeu escriure\u2019ns la vostra consulta a trav\u00e9s d\u2019aquest formulari i ens posarem en contacte amb vosaltres al m\u00e9s aviat possible.[\/vc_column_text][\/vc_column][vc_column width=&#8221;1\/2&#8243; el_class=&#8221;redondito&#8221;][vc_column_text]\n<h3 style=\"text-align: center;\">Dades de contacte<\/h3>\n[\/vc_column_text][vc_empty_space][vc_row_inner][vc_column_inner width=&#8221;1\/4&#8243;][vc_column_text]<img decoding=\"async\" class=\"wp-image-5680 alignright\" src=\"https:\/\/psicoclinicabarcelona.com\/wp-content\/uploads\/2022\/07\/smartphone-1.webp\" alt=\"telefono\" width=\"32\" height=\"32\" \/>[\/vc_column_text][\/vc_column_inner][vc_column_inner width=&#8221;3\/4&#8243;][vc_column_text]\n<p style=\"text-align: left;\"><span style=\"color: #008aad;\"><strong>640 067 146<\/strong><\/span><\/p>\n[\/vc_column_text][\/vc_column_inner][\/vc_row_inner][vc_row_inner][vc_column_inner width=&#8221;1\/4&#8243;][vc_column_text]<img decoding=\"async\" class=\"alignright wp-image-5679\" src=\"https:\/\/psicoclinicabarcelona.com\/wp-content\/uploads\/2022\/07\/pin.webp\" alt=\"pin\" width=\"32\" height=\"32\" \/>[\/vc_column_text][\/vc_column_inner][vc_column_inner width=&#8221;3\/4&#8243;][vc_column_text]\n<p style=\"text-align: left;\"><span style=\"color: #008aad;\"><strong>C\/Sant Elies, 29-35, Escalera A, 4\u00ba3\u00aa, 08006, Barcelona<\/strong><\/span><\/p>\n[\/vc_column_text][\/vc_column_inner][\/vc_row_inner][\/vc_column][\/vc_row][vc_row][vc_column]<div class=\"wpforms-container wpforms-container-full\" id=\"wpforms-4054\"><form id=\"wpforms-form-4054\" class=\"wpforms-validate wpforms-form wpforms-ajax-form\" data-formid=\"4054\" method=\"post\" enctype=\"multipart\/form-data\" action=\"\/ca\/wp-json\/wp\/v2\/pages\/4135\/\" data-token=\"9b3e68cf7eb88e9e497880229eeb49d1\" data-token-time=\"1776761670\"><noscript class=\"wpforms-error-noscript\">Activeu el JavaScript al navegador per a poder completar el formulari.<\/noscript><div class=\"wpforms-field-container\"><div id=\"wpforms-4054-field_0-container\" class=\"wpforms-field wpforms-field-name\" data-field-id=\"0\"><label class=\"wpforms-field-label\" for=\"wpforms-4054-field_0\">Nom i cognoms <span class=\"wpforms-required-label\">*<\/span><\/label><input type=\"text\" id=\"wpforms-4054-field_0\" class=\"wpforms-field-large wpforms-field-required\" name=\"wpforms[fields][0]\" required><\/div><div id=\"wpforms-4054-field_1-container\" class=\"wpforms-field wpforms-field-email wpforms-one-half wpforms-first\" data-field-id=\"1\"><label class=\"wpforms-field-label\" for=\"wpforms-4054-field_1\">Email <span class=\"wpforms-required-label\">*<\/span><\/label><input type=\"email\" id=\"wpforms-4054-field_1\" class=\"wpforms-field-large wpforms-field-required\" name=\"wpforms[fields][1]\" spellcheck=\"false\" required><\/div><div id=\"wpforms-4054-field_5-container\" class=\"wpforms-field wpforms-field-number wpforms-one-half\" data-field-id=\"5\"><label class=\"wpforms-field-label\" for=\"wpforms-4054-field_5\">Tel\u00e8fon <span class=\"wpforms-required-label\">*<\/span><\/label><input type=\"number\" id=\"wpforms-4054-field_5\" class=\"wpforms-field-large wpforms-field-required\" name=\"wpforms[fields][5]\" step=\"any\" required><\/div><div id=\"wpforms-4054-field_2-container\" class=\"wpforms-field wpforms-field-textarea\" data-field-id=\"2\"><label class=\"wpforms-field-label\" for=\"wpforms-4054-field_2\">La seva consulta<\/label><textarea id=\"wpforms-4054-field_2\" class=\"wpforms-field-medium\" name=\"wpforms[fields][2]\" ><\/textarea><\/div><div id=\"wpforms-4054-field_6-container\" class=\"wpforms-field wpforms-field-checkbox\" data-field-id=\"6\"><label class=\"wpforms-field-label\">Pol\u00edtica de Privacitat <span class=\"wpforms-required-label\">*<\/span><\/label><ul id=\"wpforms-4054-field_6\" class=\"wpforms-field-required\"><li class=\"choice-1 depth-1\"><input type=\"checkbox\" id=\"wpforms-4054-field_6_1\" name=\"wpforms[fields][6][]\" value=\"Accepto l&#039;Av\u00eds Legal i la Pol\u00edtica de Privacitat\" required ><label class=\"wpforms-field-label-inline\" for=\"wpforms-4054-field_6_1\">Accepto l'Av\u00eds Legal i la Pol\u00edtica de Privacitat<\/label><\/li><\/ul><div class=\"wpforms-field-description\">*Llegir  l'<a href=\"\/aviso-legal\/\">Avis Legal<\/a> i la <a href=\"https:\/\/psicoclinicabarcelona.com\/politica-de-privacidad\/\">Pol\u00edtica de Privacitat<\/a>.<\/div><\/div><\/div><!-- .wpforms-field-container --><div class=\"wpforms-recaptcha-container wpforms-is-recaptcha wpforms-is-recaptcha-type-v2\" ><div class=\"g-recaptcha\" data-sitekey=\"6LfgxooUAAAAAId330Un9x29Ep0Ce__16M1fgiUn\"><\/div><input type=\"text\" name=\"g-recaptcha-hidden\" class=\"wpforms-recaptcha-hidden\" style=\"position:absolute!important;clip:rect(0,0,0,0)!important;height:1px!important;width:1px!important;border:0!important;overflow:hidden!important;padding:0!important;margin:0!important;\" data-rule-recaptcha=\"1\"><\/div><div class=\"wpforms-submit-container\" ><input type=\"hidden\" name=\"wpforms[id]\" value=\"4054\"><input type=\"hidden\" name=\"page_title\" value=\"\"><input type=\"hidden\" name=\"page_url\" value=\"https:\/\/psicoclinicabarcelona.com\/ca\/wp-json\/wp\/v2\/pages\/4135\/\"><input type=\"hidden\" name=\"url_referer\" value=\"https:\/\/psicoclinicabarcelona.com\/ca\/wp-json\/wp\/v2\/pages\/4135\"><button type=\"submit\" name=\"wpforms[submit]\" id=\"wpforms-submit-4054\" class=\"wpforms-submit\" data-alt-text=\"Enviant...\" data-submit-text=\"Enviar\" aria-live=\"assertive\" value=\"wpforms-submit\">Enviar<\/button><img decoding=\"async\" src=\"https:\/\/psicoclinicabarcelona.com\/wp-content\/plugins\/wpforms-lite\/assets\/images\/submit-spin.svg\" class=\"wpforms-submit-spinner\" style=\"display: none;\" width=\"26\" height=\"26\" alt=\"S&#039;est\u00e0 carregant\"><\/div><\/form><\/div>  <!-- .wpforms-container -->[\/vc_column][\/vc_row]\n","protected":false},"excerpt":{"rendered":"<p>[vc_row gap=&#8221;35&#8243;][vc_column width=&#8221;1\/2&#8243;][vc_column_text] Contacti amb nosaltres Psicocl\u00ednica Barcelona\u00a0es troba en una situaci\u00f3 excepcional, al carrer Sant Elies 29-35 Escalera A, 4\u00ba 3\u00aa, just al costat de pla\u00e7a Molina, al barri de Sant Gervasi. Disposa d\u2019una comunicaci\u00f3 excepcional en transport p\u00fablic (autobusos:\u00a027-32-92-N5-V15 y\u00a0FGC:\u00a0Muntaner St. Gervasi-Pl.Molina). Aquelles persones que optin pel vehicle propi, trobaran un p\u00e0rquing p\u00fablic&hellip;<\/p>\n","protected":false},"author":5,"featured_media":0,"parent":0,"menu_order":0,"comment_status":"closed","ping_status":"closed","template":"","meta":{"footnotes":""},"class_list":["post-4135","page","type-page","status-publish","hentry","entry","no-media"],"yoast_head":"<!-- This site is optimized with the Yoast SEO plugin v24.6 - https:\/\/yoast.com\/wordpress\/plugins\/seo\/ -->\n<title>Despatx de Barcelona<\/title>\n<meta name=\"description\" content=\"PSICOCL\u00cdNICA BARCELONA. Busques un centre de psic\u00f2legs a Barcelona? Consulta&#039;ns ja!\" \/>\n<meta name=\"robots\" content=\"index, follow, max-snippet:-1, max-image-preview:large, max-video-preview:-1\" \/>\n<link rel=\"canonical\" href=\"https:\/\/psicoclinicabarcelona.com\/ca\/despatx-barcelona\/\" \/>\n<meta property=\"og:locale\" content=\"ca_ES\" \/>\n<meta property=\"og:type\" content=\"article\" \/>\n<meta property=\"og:title\" content=\"Despatx de Barcelona\" \/>\n<meta property=\"og:description\" content=\"PSICOCL\u00cdNICA BARCELONA. Busques un centre de psic\u00f2legs a Barcelona? Consulta&#039;ns ja!\" \/>\n<meta property=\"og:url\" content=\"https:\/\/psicoclinicabarcelona.com\/ca\/despatx-barcelona\/\" \/>\n<meta property=\"og:site_name\" content=\"Psicocl\u00ednica Barcelona\" \/>\n<meta property=\"article:publisher\" content=\"https:\/\/www.facebook.com\/PsicoclinicaBarcelona\/\" \/>\n<meta property=\"article:modified_time\" content=\"2024-05-16T07:01:25+00:00\" \/>\n<meta property=\"og:image\" content=\"https:\/\/psicoclinicabarcelona.com\/wp-content\/uploads\/2022\/07\/smartphone-1.webp\" \/>\n<meta name=\"twitter:label1\" content=\"Temps estimat de lectura\" \/>\n\t<meta name=\"twitter:data1\" content=\"2 minuts\" \/>\n<script type=\"application\/ld+json\" class=\"yoast-schema-graph\">{\"@context\":\"https:\/\/schema.org\",\"@graph\":[{\"@type\":\"WebPage\",\"@id\":\"https:\/\/psicoclinicabarcelona.com\/ca\/despatx-barcelona\/\",\"url\":\"https:\/\/psicoclinicabarcelona.com\/ca\/despatx-barcelona\/\",\"name\":\"Despatx de Barcelona\",\"isPartOf\":{\"@id\":\"https:\/\/psicoclinicabarcelona.com\/#website\"},\"primaryImageOfPage\":{\"@id\":\"https:\/\/psicoclinicabarcelona.com\/ca\/despatx-barcelona\/#primaryimage\"},\"image\":{\"@id\":\"https:\/\/psicoclinicabarcelona.com\/ca\/despatx-barcelona\/#primaryimage\"},\"thumbnailUrl\":\"https:\/\/psicoclinicabarcelona.com\/wp-content\/uploads\/2022\/07\/smartphone-1.webp\",\"datePublished\":\"2021-12-22T11:47:05+00:00\",\"dateModified\":\"2024-05-16T07:01:25+00:00\",\"description\":\"PSICOCL\u00cdNICA BARCELONA. Busques un centre de psic\u00f2legs a Barcelona? Consulta'ns ja!\",\"breadcrumb\":{\"@id\":\"https:\/\/psicoclinicabarcelona.com\/ca\/despatx-barcelona\/#breadcrumb\"},\"inLanguage\":\"ca\",\"potentialAction\":[{\"@type\":\"ReadAction\",\"target\":[\"https:\/\/psicoclinicabarcelona.com\/ca\/despatx-barcelona\/\"]}]},{\"@type\":\"ImageObject\",\"inLanguage\":\"ca\",\"@id\":\"https:\/\/psicoclinicabarcelona.com\/ca\/despatx-barcelona\/#primaryimage\",\"url\":\"https:\/\/psicoclinicabarcelona.com\/wp-content\/uploads\/2022\/07\/smartphone-1.webp\",\"contentUrl\":\"https:\/\/psicoclinicabarcelona.com\/wp-content\/uploads\/2022\/07\/smartphone-1.webp\"},{\"@type\":\"BreadcrumbList\",\"@id\":\"https:\/\/psicoclinicabarcelona.com\/ca\/despatx-barcelona\/#breadcrumb\",\"itemListElement\":[{\"@type\":\"ListItem\",\"position\":1,\"name\":\"Portada\",\"item\":\"https:\/\/psicoclinicabarcelona.com\/ca\/\"},{\"@type\":\"ListItem\",\"position\":2,\"name\":\"Despatx Barcelona\"}]},{\"@type\":\"WebSite\",\"@id\":\"https:\/\/psicoclinicabarcelona.com\/#website\",\"url\":\"https:\/\/psicoclinicabarcelona.com\/\",\"name\":\"Psicocl\u00ednica Barcelona\",\"description\":\"Posiblemente el mejor psic\u00f3logo en Barcelona o la mejor psic\u00f3loga de Barcelona. Ll\u00e1manos sin compromiso al 935 414 478\",\"publisher\":{\"@id\":\"https:\/\/psicoclinicabarcelona.com\/#organization\"},\"alternateName\":\"Psicocl\u00ednica Barcelona\",\"potentialAction\":[{\"@type\":\"SearchAction\",\"target\":{\"@type\":\"EntryPoint\",\"urlTemplate\":\"https:\/\/psicoclinicabarcelona.com\/?s={search_term_string}\"},\"query-input\":{\"@type\":\"PropertyValueSpecification\",\"valueRequired\":true,\"valueName\":\"search_term_string\"}}],\"inLanguage\":\"ca\"},{\"@type\":\"Organization\",\"@id\":\"https:\/\/psicoclinicabarcelona.com\/#organization\",\"name\":\"Psicocl\u00ednica Barcelona\",\"alternateName\":\"Psicocl\u00ednica Barcelona\",\"url\":\"https:\/\/psicoclinicabarcelona.com\/\",\"logo\":{\"@type\":\"ImageObject\",\"inLanguage\":\"ca\",\"@id\":\"https:\/\/psicoclinicabarcelona.com\/#\/schema\/logo\/image\/\",\"url\":\"https:\/\/psicoclinicabarcelona.com\/wp-content\/uploads\/2015\/04\/psicologos-barcelona.png\",\"contentUrl\":\"https:\/\/psicoclinicabarcelona.com\/wp-content\/uploads\/2015\/04\/psicologos-barcelona.png\",\"width\":178,\"height\":62,\"caption\":\"Psicocl\u00ednica Barcelona\"},\"image\":{\"@id\":\"https:\/\/psicoclinicabarcelona.com\/#\/schema\/logo\/image\/\"},\"sameAs\":[\"https:\/\/www.facebook.com\/PsicoclinicaBarcelona\/\",\"https:\/\/x.com\/psicoclinicabcn\",\"https:\/\/www.linkedin.com\/company\/psicocl\u00ednica-barcelona\/\",\"https:\/\/www.instagram.com\/psicoclinicabarcelona\/\",\"https:\/\/www.youtube.com\/channel\/UCcc-5_wC56giASuT0XDr87Q\"]}]}<\/script>\n<!-- \/ Yoast SEO plugin. -->","yoast_head_json":{"title":"Despatx de Barcelona","description":"PSICOCL\u00cdNICA BARCELONA. Busques un centre de psic\u00f2legs a Barcelona? Consulta'ns ja!","robots":{"index":"index","follow":"follow","max-snippet":"max-snippet:-1","max-image-preview":"max-image-preview:large","max-video-preview":"max-video-preview:-1"},"canonical":"https:\/\/psicoclinicabarcelona.com\/ca\/despatx-barcelona\/","og_locale":"ca_ES","og_type":"article","og_title":"Despatx de Barcelona","og_description":"PSICOCL\u00cdNICA BARCELONA. Busques un centre de psic\u00f2legs a Barcelona? Consulta'ns ja!","og_url":"https:\/\/psicoclinicabarcelona.com\/ca\/despatx-barcelona\/","og_site_name":"Psicocl\u00ednica Barcelona","article_publisher":"https:\/\/www.facebook.com\/PsicoclinicaBarcelona\/","article_modified_time":"2024-05-16T07:01:25+00:00","og_image":[{"url":"https:\/\/psicoclinicabarcelona.com\/wp-content\/uploads\/2022\/07\/smartphone-1.webp","type":"","width":"","height":""}],"twitter_misc":{"Temps estimat de lectura":"2 minuts"},"schema":{"@context":"https:\/\/schema.org","@graph":[{"@type":"WebPage","@id":"https:\/\/psicoclinicabarcelona.com\/ca\/despatx-barcelona\/","url":"https:\/\/psicoclinicabarcelona.com\/ca\/despatx-barcelona\/","name":"Despatx de Barcelona","isPartOf":{"@id":"https:\/\/psicoclinicabarcelona.com\/#website"},"primaryImageOfPage":{"@id":"https:\/\/psicoclinicabarcelona.com\/ca\/despatx-barcelona\/#primaryimage"},"image":{"@id":"https:\/\/psicoclinicabarcelona.com\/ca\/despatx-barcelona\/#primaryimage"},"thumbnailUrl":"https:\/\/psicoclinicabarcelona.com\/wp-content\/uploads\/2022\/07\/smartphone-1.webp","datePublished":"2021-12-22T11:47:05+00:00","dateModified":"2024-05-16T07:01:25+00:00","description":"PSICOCL\u00cdNICA BARCELONA. Busques un centre de psic\u00f2legs a Barcelona? Consulta'ns ja!","breadcrumb":{"@id":"https:\/\/psicoclinicabarcelona.com\/ca\/despatx-barcelona\/#breadcrumb"},"inLanguage":"ca","potentialAction":[{"@type":"ReadAction","target":["https:\/\/psicoclinicabarcelona.com\/ca\/despatx-barcelona\/"]}]},{"@type":"ImageObject","inLanguage":"ca","@id":"https:\/\/psicoclinicabarcelona.com\/ca\/despatx-barcelona\/#primaryimage","url":"https:\/\/psicoclinicabarcelona.com\/wp-content\/uploads\/2022\/07\/smartphone-1.webp","contentUrl":"https:\/\/psicoclinicabarcelona.com\/wp-content\/uploads\/2022\/07\/smartphone-1.webp"},{"@type":"BreadcrumbList","@id":"https:\/\/psicoclinicabarcelona.com\/ca\/despatx-barcelona\/#breadcrumb","itemListElement":[{"@type":"ListItem","position":1,"name":"Portada","item":"https:\/\/psicoclinicabarcelona.com\/ca\/"},{"@type":"ListItem","position":2,"name":"Despatx Barcelona"}]},{"@type":"WebSite","@id":"https:\/\/psicoclinicabarcelona.com\/#website","url":"https:\/\/psicoclinicabarcelona.com\/","name":"Psicocl\u00ednica Barcelona","description":"Posiblemente el mejor psic\u00f3logo en Barcelona o la mejor psic\u00f3loga de Barcelona. Ll\u00e1manos sin compromiso al 935 414 478","publisher":{"@id":"https:\/\/psicoclinicabarcelona.com\/#organization"},"alternateName":"Psicocl\u00ednica Barcelona","potentialAction":[{"@type":"SearchAction","target":{"@type":"EntryPoint","urlTemplate":"https:\/\/psicoclinicabarcelona.com\/?s={search_term_string}"},"query-input":{"@type":"PropertyValueSpecification","valueRequired":true,"valueName":"search_term_string"}}],"inLanguage":"ca"},{"@type":"Organization","@id":"https:\/\/psicoclinicabarcelona.com\/#organization","name":"Psicocl\u00ednica Barcelona","alternateName":"Psicocl\u00ednica Barcelona","url":"https:\/\/psicoclinicabarcelona.com\/","logo":{"@type":"ImageObject","inLanguage":"ca","@id":"https:\/\/psicoclinicabarcelona.com\/#\/schema\/logo\/image\/","url":"https:\/\/psicoclinicabarcelona.com\/wp-content\/uploads\/2015\/04\/psicologos-barcelona.png","contentUrl":"https:\/\/psicoclinicabarcelona.com\/wp-content\/uploads\/2015\/04\/psicologos-barcelona.png","width":178,"height":62,"caption":"Psicocl\u00ednica Barcelona"},"image":{"@id":"https:\/\/psicoclinicabarcelona.com\/#\/schema\/logo\/image\/"},"sameAs":["https:\/\/www.facebook.com\/PsicoclinicaBarcelona\/","https:\/\/x.com\/psicoclinicabcn","https:\/\/www.linkedin.com\/company\/psicocl\u00ednica-barcelona\/","https:\/\/www.instagram.com\/psicoclinicabarcelona\/","https:\/\/www.youtube.com\/channel\/UCcc-5_wC56giASuT0XDr87Q"]}]}},"_links":{"self":[{"href":"https:\/\/psicoclinicabarcelona.com\/ca\/wp-json\/wp\/v2\/pages\/4135"}],"collection":[{"href":"https:\/\/psicoclinicabarcelona.com\/ca\/wp-json\/wp\/v2\/pages"}],"about":[{"href":"https:\/\/psicoclinicabarcelona.com\/ca\/wp-json\/wp\/v2\/types\/page"}],"author":[{"embeddable":true,"href":"https:\/\/psicoclinicabarcelona.com\/ca\/wp-json\/wp\/v2\/users\/5"}],"replies":[{"embeddable":true,"href":"https:\/\/psicoclinicabarcelona.com\/ca\/wp-json\/wp\/v2\/comments?post=4135"}],"version-history":[{"count":4,"href":"https:\/\/psicoclinicabarcelona.com\/ca\/wp-json\/wp\/v2\/pages\/4135\/revisions"}],"predecessor-version":[{"id":6427,"href":"https:\/\/psicoclinicabarcelona.com\/ca\/wp-json\/wp\/v2\/pages\/4135\/revisions\/6427"}],"wp:attachment":[{"href":"https:\/\/psicoclinicabarcelona.com\/ca\/wp-json\/wp\/v2\/media?parent=4135"}],"curies":[{"name":"wp","href":"https:\/\/api.w.org\/{rel}","templated":true}]}}