{"id":6091,"date":"2015-09-10T14:16:57","date_gmt":"2015-09-10T14:16:57","guid":{"rendered":"https:\/\/psicoclinicabarcelona.com\/presentacion\/"},"modified":"2024-05-16T09:05:49","modified_gmt":"2024-05-16T07:05:49","slug":"presentacio-psicoclinica","status":"publish","type":"page","link":"https:\/\/psicoclinicabarcelona.com\/ca\/presentacio-psicoclinica\/","title":{"rendered":"Per qu\u00e8 Psicocl\u00ednica Barcelona?"},"content":{"rendered":"[vc_row][vc_column width=&#8221;1\/2&#8243;][vc_column_text]<span style=\"font-weight: 400;\">Perqu\u00e8 ens avala una llarga experi\u00e8ncia professional als <\/span><i><span style=\"font-weight: 400;\">Departaments de <\/span><i><span style=\"font-weight: 400;\">Salut<\/span><\/i><span style=\"font-weight: 400;\">, <\/span><i><span style=\"font-weight: 400;\">d&#8217;Ensenyament<\/span><\/i><span style=\"font-weight: 400;\"> i de <\/span><i><span style=\"font -weight: 400;\">Benestar Social i Fam\u00edlia<\/span><\/i><span style=\"font-weight: 400;\"> de la <a href=\"https:\/\/web.gencat.cat\/ca\/inici\" target=\"_blank\" rel=\"noopener\">Generalitat de Catalunya<\/a>, aix\u00ed com en altres institucions de l&#8217;\u00e0mbit privat.\u00a0<\/span><\/i><\/p>\n<ul>\n<li style=\"font-weight: 400;\"><span style=\"font-weight: 400;\">Per una cl\u00ednica basada en l&#8217;\u00e8tica, el respecte i el rigor professional.<\/span><\/li>\n<li style=\"font-weight: 400;\"><span style=\"font-weight: 400;\">Pel nostre comprom\u00eds i confidencialitat.<\/span><\/li>\n<li style=\"font-weight: 400;\"><span style=\"font-weight: 400;\">Per un diagn\u00f2stic cl\u00ednic vera\u00e7.<\/span><\/li>\n<li style=\"font-weight: 400;\"><span style=\"font-weight: 400;\">Per un tractament individualitzat que atengui la singularitat de cada persona.<\/span><\/li>\n<\/ul>\n<h2><span style=\"color: #008aad;\">Qu\u00e8 fem?<\/span><\/h2>\n<ul>\n<li>Diagn\u00f2stics cl\u00ednics i tractaments psicoterap\u00e8utics.<\/li>\n<li>El nostre m\u00e8tode \u00e9s a trav\u00e9s de la paraula i t\u00e9 la finalitat d&#8217;arribar a l&#8217;arrel del problema, l&#8217;\u00fanica manera d&#8217;aconseguir que els s\u00edmptomes no es repeteixin.<\/li>\n<li>impartim una tasca constant de doc\u00e8ncia i formaci\u00f3 per a professionals de la salut i l&#8217;educaci\u00f3.<\/li>\n<\/ul>\n[\/vc_column_text][\/vc_column][vc_column width=&#8221;1\/2&#8243;][vc_column_text]<img decoding=\"async\" class=\"aligncenter wp-image-5580 size-full\" src=\"https:\/\/psicoclinicabarcelona.com\/wp-content\/uploads\/2022\/07\/mila_herrera_slide.jpg\" alt=\"mila_herrera_slide\" width=\"1600\" height=\"1067\" srcset=\"https:\/\/psicoclinicabarcelona.com\/wp-content\/uploads\/2022\/07\/mila_herrera_slide.jpg 1600w, https:\/\/psicoclinicabarcelona.com\/wp-content\/uploads\/2022\/07\/mila_herrera_slide-300x200.jpg 300w, https:\/\/psicoclinicabarcelona.com\/wp-content\/uploads\/2022\/07\/mila_herrera_slide-1024x683.jpg 1024w, https:\/\/psicoclinicabarcelona.com\/wp-content\/uploads\/2022\/07\/mila_herrera_slide-768x512.jpg 768w, https:\/\/psicoclinicabarcelona.com\/wp-content\/uploads\/2022\/07\/mila_herrera_slide-1536x1024.jpg 1536w, https:\/\/psicoclinicabarcelona.com\/wp-content\/uploads\/2022\/07\/mila_herrera_slide-600x400.jpg 600w\" sizes=\"(max-width: 1600px) 100vw, 1600px\" \/>[\/vc_column_text][\/vc_column][\/vc_row][vc_row][vc_column][vc_column_text]<span style=\"color: #008aad; font-size: 28px;\">I a m\u00e9s\u2026<\/span><\/p>\n<ul>\n<li>Disposem d&#8217;un equip professional altament qualificat.<\/li>\n<li>Treballem amb la fam\u00edlia sempre que cal.<\/li>\n<li>Treballem en xarxa i ens coordinem amb altres professionals.<\/li>\n<li>No treballem amb llistes d&#8217;espera.<\/li>\n<li>La freq\u00fc\u00e8ncia de visites va en funci\u00f3 de cada pacient.<\/li>\n<li>Estem situats al centre de Barcelona, molt a prop dels transports p\u00fablics.<\/li>\n<\/ul>\n[\/vc_column_text][\/vc_column][\/vc_row][vc_row css=&#8221;.vc_custom_1658069749947{margin-top: 40px !important;margin-bottom: 30px !important;}&#8221;][vc_column width=&#8221;1\/2&#8243;][vc_column_text el_class=&#8221;sombra&#8221;]<a href=\"\/sergi-vilardell\/\"><img decoding=\"async\" class=\"aligncenter wp-image-5592 size-full\" src=\"https:\/\/psicoclinicabarcelona.com\/wp-content\/uploads\/2022\/07\/ficha-Sergi.webp\" alt=\"ficha Sergi\" width=\"1400\" height=\"500\" srcset=\"https:\/\/psicoclinicabarcelona.com\/wp-content\/uploads\/2022\/07\/ficha-Sergi.webp 1400w, https:\/\/psicoclinicabarcelona.com\/wp-content\/uploads\/2022\/07\/ficha-Sergi-300x107.webp 300w, https:\/\/psicoclinicabarcelona.com\/wp-content\/uploads\/2022\/07\/ficha-Sergi-1024x366.webp 1024w, https:\/\/psicoclinicabarcelona.com\/wp-content\/uploads\/2022\/07\/ficha-Sergi-768x274.webp 768w, https:\/\/psicoclinicabarcelona.com\/wp-content\/uploads\/2022\/07\/ficha-Sergi-600x214.webp 600w\" sizes=\"(max-width: 1400px) 100vw, 1400px\" \/><\/a>[\/vc_column_text][\/vc_column][vc_column width=&#8221;1\/2&#8243;][vc_column_text el_class=&#8221;sombra&#8221;]<a href=\"\/mila-herrera\/\"><img decoding=\"async\" class=\"aligncenter wp-image-5589 size-full\" src=\"https:\/\/psicoclinicabarcelona.com\/wp-content\/uploads\/2022\/07\/mila-ficha.webp\" alt=\"fiche mila\" width=\"1400\" height=\"500\" srcset=\"https:\/\/psicoclinicabarcelona.com\/wp-content\/uploads\/2022\/07\/mila-ficha.webp 1400w, https:\/\/psicoclinicabarcelona.com\/wp-content\/uploads\/2022\/07\/mila-ficha-300x107.webp 300w, https:\/\/psicoclinicabarcelona.com\/wp-content\/uploads\/2022\/07\/mila-ficha-1024x366.webp 1024w, https:\/\/psicoclinicabarcelona.com\/wp-content\/uploads\/2022\/07\/mila-ficha-768x274.webp 768w, https:\/\/psicoclinicabarcelona.com\/wp-content\/uploads\/2022\/07\/mila-ficha-600x214.webp 600w\" sizes=\"(max-width: 1400px) 100vw, 1400px\" \/><\/a>[\/vc_column_text][\/vc_column][\/vc_row]\n","protected":false},"excerpt":{"rendered":"<p>[vc_row][vc_column width=&#8221;1\/2&#8243;][vc_column_text]Perqu\u00e8 ens avala una llarga experi\u00e8ncia professional als Departaments de Salut, d&#8217;Ensenyament i de Benestar Social i Fam\u00edlia de la Generalitat de Catalunya, aix\u00ed com en altres institucions de l&#8217;\u00e0mbit privat.\u00a0 Per una cl\u00ednica basada en l&#8217;\u00e8tica, el respecte i el rigor professional. Pel nostre comprom\u00eds i confidencialitat. Per un diagn\u00f2stic cl\u00ednic vera\u00e7. Per&hellip;<\/p>\n","protected":false},"author":2,"featured_media":0,"parent":0,"menu_order":0,"comment_status":"open","ping_status":"open","template":"","meta":{"footnotes":""},"class_list":["post-6091","page","type-page","status-publish","hentry","entry","no-media"],"yoast_head":"<!-- This site is optimized with the Yoast SEO plugin v24.6 - https:\/\/yoast.com\/wordpress\/plugins\/seo\/ -->\n<title>Per que Psicoclinica Barcelona?<\/title>\n<meta name=\"description\" content=\"Per qu\u00e8 Psicocl\u00ednica Barcelona? truqui al 640 067 146. Equip de psic\u00f2legs cl\u00ednics i psicoterapeutes a Barcelona amb un recorregut de m\u00e9s de 10 anys de ...\" \/>\n<meta name=\"robots\" content=\"index, follow, max-snippet:-1, max-image-preview:large, max-video-preview:-1\" \/>\n<link rel=\"canonical\" href=\"https:\/\/psicoclinicabarcelona.com\/ca\/presentacio-psicoclinica\/\" \/>\n<meta property=\"og:locale\" content=\"ca_ES\" \/>\n<meta property=\"og:type\" content=\"article\" \/>\n<meta property=\"og:title\" content=\"Per que Psicoclinica Barcelona?\" \/>\n<meta property=\"og:description\" content=\"Per qu\u00e8 Psicocl\u00ednica Barcelona? truqui al 640 067 146. Equip de psic\u00f2legs cl\u00ednics i psicoterapeutes a Barcelona amb un recorregut de m\u00e9s de 10 anys de ...\" \/>\n<meta property=\"og:url\" content=\"https:\/\/psicoclinicabarcelona.com\/ca\/presentacio-psicoclinica\/\" \/>\n<meta property=\"og:site_name\" content=\"Psicocl\u00ednica Barcelona\" \/>\n<meta property=\"article:publisher\" content=\"https:\/\/www.facebook.com\/PsicoclinicaBarcelona\/\" \/>\n<meta property=\"article:modified_time\" content=\"2024-05-16T07:05:49+00:00\" \/>\n<meta property=\"og:image\" content=\"https:\/\/psicoclinicabarcelona.com\/wp-content\/uploads\/2022\/07\/mila_herrera_slide.jpg\" \/>\n<meta name=\"twitter:label1\" content=\"Temps estimat de lectura\" \/>\n\t<meta name=\"twitter:data1\" content=\"2 minuts\" \/>\n<script type=\"application\/ld+json\" class=\"yoast-schema-graph\">{\"@context\":\"https:\/\/schema.org\",\"@graph\":[{\"@type\":\"WebPage\",\"@id\":\"https:\/\/psicoclinicabarcelona.com\/ca\/presentacio-psicoclinica\/\",\"url\":\"https:\/\/psicoclinicabarcelona.com\/ca\/presentacio-psicoclinica\/\",\"name\":\"Per que Psicoclinica Barcelona?\",\"isPartOf\":{\"@id\":\"https:\/\/psicoclinicabarcelona.com\/#website\"},\"primaryImageOfPage\":{\"@id\":\"https:\/\/psicoclinicabarcelona.com\/ca\/presentacio-psicoclinica\/#primaryimage\"},\"image\":{\"@id\":\"https:\/\/psicoclinicabarcelona.com\/ca\/presentacio-psicoclinica\/#primaryimage\"},\"thumbnailUrl\":\"https:\/\/psicoclinicabarcelona.com\/wp-content\/uploads\/2022\/07\/mila_herrera_slide.jpg\",\"datePublished\":\"2015-09-10T14:16:57+00:00\",\"dateModified\":\"2024-05-16T07:05:49+00:00\",\"description\":\"Per qu\u00e8 Psicocl\u00ednica Barcelona? truqui al 640 067 146. Equip de psic\u00f2legs cl\u00ednics i psicoterapeutes a Barcelona amb un recorregut de m\u00e9s de 10 anys de ...\",\"breadcrumb\":{\"@id\":\"https:\/\/psicoclinicabarcelona.com\/ca\/presentacio-psicoclinica\/#breadcrumb\"},\"inLanguage\":\"ca\",\"potentialAction\":[{\"@type\":\"ReadAction\",\"target\":[\"https:\/\/psicoclinicabarcelona.com\/ca\/presentacio-psicoclinica\/\"]}]},{\"@type\":\"ImageObject\",\"inLanguage\":\"ca\",\"@id\":\"https:\/\/psicoclinicabarcelona.com\/ca\/presentacio-psicoclinica\/#primaryimage\",\"url\":\"https:\/\/psicoclinicabarcelona.com\/wp-content\/uploads\/2022\/07\/mila_herrera_slide.jpg\",\"contentUrl\":\"https:\/\/psicoclinicabarcelona.com\/wp-content\/uploads\/2022\/07\/mila_herrera_slide.jpg\"},{\"@type\":\"BreadcrumbList\",\"@id\":\"https:\/\/psicoclinicabarcelona.com\/ca\/presentacio-psicoclinica\/#breadcrumb\",\"itemListElement\":[{\"@type\":\"ListItem\",\"position\":1,\"name\":\"Portada\",\"item\":\"https:\/\/psicoclinicabarcelona.com\/ca\/\"},{\"@type\":\"ListItem\",\"position\":2,\"name\":\"Per qu\u00e8 Psicocl\u00ednica Barcelona?\"}]},{\"@type\":\"WebSite\",\"@id\":\"https:\/\/psicoclinicabarcelona.com\/#website\",\"url\":\"https:\/\/psicoclinicabarcelona.com\/\",\"name\":\"Psicocl\u00ednica Barcelona\",\"description\":\"Posiblemente el mejor psic\u00f3logo en Barcelona o la mejor psic\u00f3loga de Barcelona. Ll\u00e1manos sin compromiso al 935 414 478\",\"publisher\":{\"@id\":\"https:\/\/psicoclinicabarcelona.com\/#organization\"},\"alternateName\":\"Psicocl\u00ednica Barcelona\",\"potentialAction\":[{\"@type\":\"SearchAction\",\"target\":{\"@type\":\"EntryPoint\",\"urlTemplate\":\"https:\/\/psicoclinicabarcelona.com\/?s={search_term_string}\"},\"query-input\":{\"@type\":\"PropertyValueSpecification\",\"valueRequired\":true,\"valueName\":\"search_term_string\"}}],\"inLanguage\":\"ca\"},{\"@type\":\"Organization\",\"@id\":\"https:\/\/psicoclinicabarcelona.com\/#organization\",\"name\":\"Psicocl\u00ednica Barcelona\",\"alternateName\":\"Psicocl\u00ednica Barcelona\",\"url\":\"https:\/\/psicoclinicabarcelona.com\/\",\"logo\":{\"@type\":\"ImageObject\",\"inLanguage\":\"ca\",\"@id\":\"https:\/\/psicoclinicabarcelona.com\/#\/schema\/logo\/image\/\",\"url\":\"https:\/\/psicoclinicabarcelona.com\/wp-content\/uploads\/2015\/04\/psicologos-barcelona.png\",\"contentUrl\":\"https:\/\/psicoclinicabarcelona.com\/wp-content\/uploads\/2015\/04\/psicologos-barcelona.png\",\"width\":178,\"height\":62,\"caption\":\"Psicocl\u00ednica Barcelona\"},\"image\":{\"@id\":\"https:\/\/psicoclinicabarcelona.com\/#\/schema\/logo\/image\/\"},\"sameAs\":[\"https:\/\/www.facebook.com\/PsicoclinicaBarcelona\/\",\"https:\/\/x.com\/psicoclinicabcn\",\"https:\/\/www.linkedin.com\/company\/psicocl\u00ednica-barcelona\/\",\"https:\/\/www.instagram.com\/psicoclinicabarcelona\/\",\"https:\/\/www.youtube.com\/channel\/UCcc-5_wC56giASuT0XDr87Q\"]}]}<\/script>\n<!-- \/ Yoast SEO plugin. -->","yoast_head_json":{"title":"Per que Psicoclinica Barcelona?","description":"Per qu\u00e8 Psicocl\u00ednica Barcelona? truqui al 640 067 146. Equip de psic\u00f2legs cl\u00ednics i psicoterapeutes a Barcelona amb un recorregut de m\u00e9s de 10 anys de ...","robots":{"index":"index","follow":"follow","max-snippet":"max-snippet:-1","max-image-preview":"max-image-preview:large","max-video-preview":"max-video-preview:-1"},"canonical":"https:\/\/psicoclinicabarcelona.com\/ca\/presentacio-psicoclinica\/","og_locale":"ca_ES","og_type":"article","og_title":"Per que Psicoclinica Barcelona?","og_description":"Per qu\u00e8 Psicocl\u00ednica Barcelona? truqui al 640 067 146. Equip de psic\u00f2legs cl\u00ednics i psicoterapeutes a Barcelona amb un recorregut de m\u00e9s de 10 anys de ...","og_url":"https:\/\/psicoclinicabarcelona.com\/ca\/presentacio-psicoclinica\/","og_site_name":"Psicocl\u00ednica Barcelona","article_publisher":"https:\/\/www.facebook.com\/PsicoclinicaBarcelona\/","article_modified_time":"2024-05-16T07:05:49+00:00","og_image":[{"url":"https:\/\/psicoclinicabarcelona.com\/wp-content\/uploads\/2022\/07\/mila_herrera_slide.jpg","type":"","width":"","height":""}],"twitter_misc":{"Temps estimat de lectura":"2 minuts"},"schema":{"@context":"https:\/\/schema.org","@graph":[{"@type":"WebPage","@id":"https:\/\/psicoclinicabarcelona.com\/ca\/presentacio-psicoclinica\/","url":"https:\/\/psicoclinicabarcelona.com\/ca\/presentacio-psicoclinica\/","name":"Per que Psicoclinica Barcelona?","isPartOf":{"@id":"https:\/\/psicoclinicabarcelona.com\/#website"},"primaryImageOfPage":{"@id":"https:\/\/psicoclinicabarcelona.com\/ca\/presentacio-psicoclinica\/#primaryimage"},"image":{"@id":"https:\/\/psicoclinicabarcelona.com\/ca\/presentacio-psicoclinica\/#primaryimage"},"thumbnailUrl":"https:\/\/psicoclinicabarcelona.com\/wp-content\/uploads\/2022\/07\/mila_herrera_slide.jpg","datePublished":"2015-09-10T14:16:57+00:00","dateModified":"2024-05-16T07:05:49+00:00","description":"Per qu\u00e8 Psicocl\u00ednica Barcelona? truqui al 640 067 146. Equip de psic\u00f2legs cl\u00ednics i psicoterapeutes a Barcelona amb un recorregut de m\u00e9s de 10 anys de ...","breadcrumb":{"@id":"https:\/\/psicoclinicabarcelona.com\/ca\/presentacio-psicoclinica\/#breadcrumb"},"inLanguage":"ca","potentialAction":[{"@type":"ReadAction","target":["https:\/\/psicoclinicabarcelona.com\/ca\/presentacio-psicoclinica\/"]}]},{"@type":"ImageObject","inLanguage":"ca","@id":"https:\/\/psicoclinicabarcelona.com\/ca\/presentacio-psicoclinica\/#primaryimage","url":"https:\/\/psicoclinicabarcelona.com\/wp-content\/uploads\/2022\/07\/mila_herrera_slide.jpg","contentUrl":"https:\/\/psicoclinicabarcelona.com\/wp-content\/uploads\/2022\/07\/mila_herrera_slide.jpg"},{"@type":"BreadcrumbList","@id":"https:\/\/psicoclinicabarcelona.com\/ca\/presentacio-psicoclinica\/#breadcrumb","itemListElement":[{"@type":"ListItem","position":1,"name":"Portada","item":"https:\/\/psicoclinicabarcelona.com\/ca\/"},{"@type":"ListItem","position":2,"name":"Per qu\u00e8 Psicocl\u00ednica Barcelona?"}]},{"@type":"WebSite","@id":"https:\/\/psicoclinicabarcelona.com\/#website","url":"https:\/\/psicoclinicabarcelona.com\/","name":"Psicocl\u00ednica Barcelona","description":"Posiblemente el mejor psic\u00f3logo en Barcelona o la mejor psic\u00f3loga de Barcelona. Ll\u00e1manos sin compromiso al 935 414 478","publisher":{"@id":"https:\/\/psicoclinicabarcelona.com\/#organization"},"alternateName":"Psicocl\u00ednica Barcelona","potentialAction":[{"@type":"SearchAction","target":{"@type":"EntryPoint","urlTemplate":"https:\/\/psicoclinicabarcelona.com\/?s={search_term_string}"},"query-input":{"@type":"PropertyValueSpecification","valueRequired":true,"valueName":"search_term_string"}}],"inLanguage":"ca"},{"@type":"Organization","@id":"https:\/\/psicoclinicabarcelona.com\/#organization","name":"Psicocl\u00ednica Barcelona","alternateName":"Psicocl\u00ednica Barcelona","url":"https:\/\/psicoclinicabarcelona.com\/","logo":{"@type":"ImageObject","inLanguage":"ca","@id":"https:\/\/psicoclinicabarcelona.com\/#\/schema\/logo\/image\/","url":"https:\/\/psicoclinicabarcelona.com\/wp-content\/uploads\/2015\/04\/psicologos-barcelona.png","contentUrl":"https:\/\/psicoclinicabarcelona.com\/wp-content\/uploads\/2015\/04\/psicologos-barcelona.png","width":178,"height":62,"caption":"Psicocl\u00ednica Barcelona"},"image":{"@id":"https:\/\/psicoclinicabarcelona.com\/#\/schema\/logo\/image\/"},"sameAs":["https:\/\/www.facebook.com\/PsicoclinicaBarcelona\/","https:\/\/x.com\/psicoclinicabcn","https:\/\/www.linkedin.com\/company\/psicocl\u00ednica-barcelona\/","https:\/\/www.instagram.com\/psicoclinicabarcelona\/","https:\/\/www.youtube.com\/channel\/UCcc-5_wC56giASuT0XDr87Q"]}]}},"_links":{"self":[{"href":"https:\/\/psicoclinicabarcelona.com\/ca\/wp-json\/wp\/v2\/pages\/6091"}],"collection":[{"href":"https:\/\/psicoclinicabarcelona.com\/ca\/wp-json\/wp\/v2\/pages"}],"about":[{"href":"https:\/\/psicoclinicabarcelona.com\/ca\/wp-json\/wp\/v2\/types\/page"}],"author":[{"embeddable":true,"href":"https:\/\/psicoclinicabarcelona.com\/ca\/wp-json\/wp\/v2\/users\/2"}],"replies":[{"embeddable":true,"href":"https:\/\/psicoclinicabarcelona.com\/ca\/wp-json\/wp\/v2\/comments?post=6091"}],"version-history":[{"count":4,"href":"https:\/\/psicoclinicabarcelona.com\/ca\/wp-json\/wp\/v2\/pages\/6091\/revisions"}],"predecessor-version":[{"id":6921,"href":"https:\/\/psicoclinicabarcelona.com\/ca\/wp-json\/wp\/v2\/pages\/6091\/revisions\/6921"}],"wp:attachment":[{"href":"https:\/\/psicoclinicabarcelona.com\/ca\/wp-json\/wp\/v2\/media?parent=6091"}],"curies":[{"name":"wp","href":"https:\/\/api.w.org\/{rel}","templated":true}]}}