{"id":6114,"date":"2017-09-13T09:14:57","date_gmt":"2017-09-13T09:14:57","guid":{"rendered":"https:\/\/psicoclinicabarcelona.com\/psicologos-anorexia-bulimia\/"},"modified":"2023-04-27T12:01:19","modified_gmt":"2023-04-27T10:01:19","slug":"psicolegs-anorexia-bulimia","status":"publish","type":"page","link":"https:\/\/psicoclinicabarcelona.com\/ca\/psicolegs-anorexia-bulimia\/","title":{"rendered":"Tractament psicol\u00f2gic Anor\u00e8xia"},"content":{"rendered":"<p style=\"text-align: justify;\"><img decoding=\"async\" class=\"aligncenter wp-image-2336 size-full\" src=\"https:\/\/psicoclinicabarcelona.com\/wp-content\/uploads\/2017\/09\/anorexia-y-bulimia.jpg\" alt=\"terapia bulimia\" width=\"650\" height=\"311\" srcset=\"https:\/\/psicoclinicabarcelona.com\/wp-content\/uploads\/2017\/09\/anorexia-y-bulimia.jpg 650w, https:\/\/psicoclinicabarcelona.com\/wp-content\/uploads\/2017\/09\/anorexia-y-bulimia-300x144.jpg 300w\" sizes=\"(max-width: 650px) 100vw, 650px\" \/><\/p>\n<p style=\"text-align: justify;\">Vivim a la <strong>societat de la imatge<\/strong>. Des del darrer ter\u00e7 del segle XX, la preocupaci\u00f3 pel nostre aspecte personal ha anat creixent amb el pas dels anys. Aquesta situaci\u00f3 ha tingut com a conseq\u00fc\u00e8ncia l&#8217;aparici\u00f3 de <strong>malalties relacionades amb l&#8217;alimentaci\u00f3 com l&#8217;obesitat, l&#8217;anor\u00e8xia i la bul\u00edmia<\/strong>. Tot i que la seva incid\u00e8ncia \u00e9s <strong>m\u00e9s gran en poblaci\u00f3 amb menys edat<\/strong>, com nens i adolescents, s\u00f3n molts els adults que tamb\u00e9 pateixen algun d&#8217;aquests tres trastorns alimentaris.<\/p>\n<p>&nbsp;<\/p>\n<h2 style=\"text-align: justify;\">Ter\u00e0pia bul\u00edmia Barcelona<\/h2>\n<p style=\"text-align: justify;\">Amb m\u00e9s d&#8217;una d\u00e8cada d&#8217;experi\u00e8ncia al nostre curr\u00edculum, a <strong>Psicocl\u00ednica Barcelona<\/strong> som un referent a aplicar les \u00faltimes novetats a <strong>ter\u00e0pia per a l&#8217;anor\u00e8xia a Barcelona i tractaments psicol\u00f2gics per a la bul\u00edmia<\/strong>. Els professionals d&#8217;\u00e0mplia qualificaci\u00f3 que componen la nostra plantilla realitzaran el <strong>diagn\u00f2stic i el tractament adequat a cada pacient<\/strong>.<\/p>\n<p style=\"text-align: justify;\">Sempre tenim en compte les caracter\u00edstiques f\u00edsiques i psicol\u00f2giques de cada pacient. La nostra carta de presentaci\u00f3 \u00e9s comptar amb la <strong>millor psic\u00f2loga de Barcelona<\/strong>. Nom\u00e9s aix\u00ed podem oferir l&#8217;ajuda psicol\u00f2gica necess\u00e0ria a aquells <strong>pacients que tenen trastorns de la conducta aliment\u00e0ria<\/strong>.<\/p>\n<p>&nbsp;<\/p>\n<h2 style=\"text-align: justify;\">Conseq\u00fc\u00e8ncies dels problemes alimentaris<\/h2>\n<p style=\"text-align: justify;\">Els trastorns de l&#8217;alimentaci\u00f3 tenen <strong>s\u00edmptomes de comportament, f\u00edsics, cognitius i psicosocials<\/strong>. A m\u00e9s, tenen unes <strong>causes i factors de risc<\/strong>:<\/p>\n<ul style=\"text-align: justify;\">\n<li><strong>Factors gen\u00e8tics<\/strong>:\u00a0els antecedents familiars antecedents augmenten la probabilitat que aquesta persona tamb\u00e9 desenvolupi un trastorn com obsessi\u00f3, la bul\u00edmia i l&#8217;anor\u00e8xia, ja que la gen\u00e8tica juga un paper fonamental.<\/li>\n<li><strong>Factors f\u00edsics<\/strong>: Les investigacions han concl\u00f2s que quan l&#8217;hipot\u00e0lem d&#8217;una persona no funciona correctament, \u00e9s possible que apareguin certs trastorns de l&#8217;alimentaci\u00f3, aix\u00ed com quan es produeix la pubertat en edat primerenca o es pateix una malaltia mental.<\/li>\n<li><strong>Factors ambientals<\/strong>: com viure en una cultura una cultura en qu\u00e8 es valori en exc\u00e9s la primesa, estar envoltat de persones que critiquen excessivament el pes o la imatge corporal o haver estat v\u00edctimes de crims, fustigaci\u00f3 psicol\u00f2gica o moral, ab\u00fas i aband\u00f3.<\/li>\n<\/ul>\n<p style=\"text-align: justify;\">Els <strong>problemes de salut mental<\/strong> m\u00e9s comuns que inclouen patrons d&#8217;alimentaci\u00f3 desordenada i efectes psicol\u00f2gics perjudicials per a la salut s\u00f3n la <strong>anor\u00e8xia nerviosa, la bul\u00edmia nerviosa i el trastorn de sobrealimentaci\u00f3 compulsiva<\/strong>. Entre les conseq\u00fc\u00e8ncies hi ha la <strong>desnutrici\u00f3<\/strong>, l&#8217;aparici\u00f3 de <strong>c\u00e0ries<\/strong>, patir <strong>trastorns gastrointestinals<\/strong> i el <strong>sobrep\u00e8s<\/strong>.<\/p>\n<h2 style=\"text-align: justify;\">Malalties mentals per l&#8217;alimentaci\u00f3<\/h2>\n<p style=\"text-align: justify;\">Un altre dels problemes dels trastorns d&#8217;alimentaci\u00f3 \u00e9s l&#8217;aparici\u00f3 d&#8217;altres malalties mentals, com ara <strong>trastorns depressius, trastorn bipolar, trastorn d&#8217;estr\u00e8s posttraum\u00e0tic, trastorn d&#8217;adaptaci\u00f3 , trastorns d&#8217;\u00fas de subst\u00e0ncies nocives, trastorns d&#8217;ansietat, trastorns de la personalitat i trastorn obsessiu-compulsiu<\/strong>. Per aix\u00f2 \u00e9s tan important fer un <strong>diagn\u00f2stic i tractament encertats<\/strong>.<\/p>\n<p style=\"text-align: justify;\">Si necessites <strong>ter\u00e0pia per a l&#8217;anor\u00e8xia a Barcelona<\/strong>, Psicocl\u00ednica Barcelona \u00e9s una referent a la ciutat comtal. Els pacients tindran a la seva disposici\u00f3 els millors professionals per fer front als <strong>tractaments psicol\u00f2gics per a la bul\u00edmia i els trastorns de la conducta aliment\u00e0ria<\/strong>. Aqu\u00ed la millor psic\u00f2loga de Barcelona. <strong>Si necessiteu ajuda psicol\u00f2gica<\/strong>, poseu-vos en contacte amb nosaltres.<\/p>\n","protected":false},"excerpt":{"rendered":"<p>Vivim a la societat de la imatge. Des del darrer ter\u00e7 del segle XX, la preocupaci\u00f3 pel nostre aspecte personal ha anat creixent amb el pas dels anys. Aquesta situaci\u00f3 ha tingut com a conseq\u00fc\u00e8ncia l&#8217;aparici\u00f3 de malalties relacionades amb l&#8217;alimentaci\u00f3 com l&#8217;obesitat, l&#8217;anor\u00e8xia i la bul\u00edmia. Tot i que la seva incid\u00e8ncia \u00e9s m\u00e9s&hellip;<\/p>\n","protected":false},"author":5,"featured_media":0,"parent":0,"menu_order":0,"comment_status":"closed","ping_status":"closed","template":"","meta":{"footnotes":""},"class_list":["post-6114","page","type-page","status-publish","hentry","entry","no-media"],"yoast_head":"<!-- This site is optimized with the Yoast SEO plugin v24.6 - https:\/\/yoast.com\/wordpress\/plugins\/seo\/ -->\n<title>Psic\u00f2leg anor\u00e8xia Barcelona \/ Psic\u00f2leg bul\u00edmia Barcelona<\/title>\n<meta name=\"description\" content=\"PSICOCL\u00cdNICA BARCELONA. Ter\u00e0pia anor\u00e8xia Barcelona. Tractament psicol\u00f2gic\" \/>\n<meta name=\"robots\" content=\"index, follow, max-snippet:-1, max-image-preview:large, max-video-preview:-1\" \/>\n<link rel=\"canonical\" href=\"https:\/\/psicoclinicabarcelona.com\/ca\/psicolegs-anorexia-bulimia\/\" \/>\n<meta property=\"og:locale\" content=\"ca_ES\" \/>\n<meta property=\"og:type\" content=\"article\" \/>\n<meta property=\"og:title\" content=\"Psic\u00f2leg anor\u00e8xia Barcelona \/ Psic\u00f2leg bul\u00edmia Barcelona\" \/>\n<meta property=\"og:description\" content=\"PSICOCL\u00cdNICA BARCELONA. Ter\u00e0pia anor\u00e8xia Barcelona. Tractament psicol\u00f2gic\" \/>\n<meta property=\"og:url\" content=\"https:\/\/psicoclinicabarcelona.com\/ca\/psicolegs-anorexia-bulimia\/\" \/>\n<meta property=\"og:site_name\" content=\"Psicocl\u00ednica Barcelona\" \/>\n<meta property=\"article:publisher\" content=\"https:\/\/www.facebook.com\/PsicoclinicaBarcelona\/\" \/>\n<meta property=\"article:modified_time\" content=\"2023-04-27T10:01:19+00:00\" \/>\n<meta property=\"og:image\" content=\"https:\/\/psicoclinicabarcelona.com\/wp-content\/uploads\/2017\/09\/anorexia-y-bulimia.jpg\" \/>\n<meta name=\"twitter:label1\" content=\"Temps estimat de lectura\" \/>\n\t<meta name=\"twitter:data1\" content=\"3 minuts\" \/>\n<script type=\"application\/ld+json\" class=\"yoast-schema-graph\">{\"@context\":\"https:\/\/schema.org\",\"@graph\":[{\"@type\":\"WebPage\",\"@id\":\"https:\/\/psicoclinicabarcelona.com\/ca\/psicolegs-anorexia-bulimia\/\",\"url\":\"https:\/\/psicoclinicabarcelona.com\/ca\/psicolegs-anorexia-bulimia\/\",\"name\":\"Psic\u00f2leg anor\u00e8xia Barcelona \/ Psic\u00f2leg bul\u00edmia Barcelona\",\"isPartOf\":{\"@id\":\"https:\/\/psicoclinicabarcelona.com\/#website\"},\"primaryImageOfPage\":{\"@id\":\"https:\/\/psicoclinicabarcelona.com\/ca\/psicolegs-anorexia-bulimia\/#primaryimage\"},\"image\":{\"@id\":\"https:\/\/psicoclinicabarcelona.com\/ca\/psicolegs-anorexia-bulimia\/#primaryimage\"},\"thumbnailUrl\":\"https:\/\/psicoclinicabarcelona.com\/wp-content\/uploads\/2017\/09\/anorexia-y-bulimia.jpg\",\"datePublished\":\"2017-09-13T09:14:57+00:00\",\"dateModified\":\"2023-04-27T10:01:19+00:00\",\"description\":\"PSICOCL\u00cdNICA BARCELONA. Ter\u00e0pia anor\u00e8xia Barcelona. Tractament psicol\u00f2gic\",\"breadcrumb\":{\"@id\":\"https:\/\/psicoclinicabarcelona.com\/ca\/psicolegs-anorexia-bulimia\/#breadcrumb\"},\"inLanguage\":\"ca\",\"potentialAction\":[{\"@type\":\"ReadAction\",\"target\":[\"https:\/\/psicoclinicabarcelona.com\/ca\/psicolegs-anorexia-bulimia\/\"]}]},{\"@type\":\"ImageObject\",\"inLanguage\":\"ca\",\"@id\":\"https:\/\/psicoclinicabarcelona.com\/ca\/psicolegs-anorexia-bulimia\/#primaryimage\",\"url\":\"https:\/\/psicoclinicabarcelona.com\/wp-content\/uploads\/2017\/09\/anorexia-y-bulimia.jpg\",\"contentUrl\":\"https:\/\/psicoclinicabarcelona.com\/wp-content\/uploads\/2017\/09\/anorexia-y-bulimia.jpg\"},{\"@type\":\"BreadcrumbList\",\"@id\":\"https:\/\/psicoclinicabarcelona.com\/ca\/psicolegs-anorexia-bulimia\/#breadcrumb\",\"itemListElement\":[{\"@type\":\"ListItem\",\"position\":1,\"name\":\"Portada\",\"item\":\"https:\/\/psicoclinicabarcelona.com\/ca\/\"},{\"@type\":\"ListItem\",\"position\":2,\"name\":\"Tractament psicol\u00f2gic Anor\u00e8xia\"}]},{\"@type\":\"WebSite\",\"@id\":\"https:\/\/psicoclinicabarcelona.com\/#website\",\"url\":\"https:\/\/psicoclinicabarcelona.com\/\",\"name\":\"Psicocl\u00ednica Barcelona\",\"description\":\"Posiblemente el mejor psic\u00f3logo en Barcelona o la mejor psic\u00f3loga de Barcelona. Ll\u00e1manos sin compromiso al 935 414 478\",\"publisher\":{\"@id\":\"https:\/\/psicoclinicabarcelona.com\/#organization\"},\"alternateName\":\"Psicocl\u00ednica Barcelona\",\"potentialAction\":[{\"@type\":\"SearchAction\",\"target\":{\"@type\":\"EntryPoint\",\"urlTemplate\":\"https:\/\/psicoclinicabarcelona.com\/?s={search_term_string}\"},\"query-input\":{\"@type\":\"PropertyValueSpecification\",\"valueRequired\":true,\"valueName\":\"search_term_string\"}}],\"inLanguage\":\"ca\"},{\"@type\":\"Organization\",\"@id\":\"https:\/\/psicoclinicabarcelona.com\/#organization\",\"name\":\"Psicocl\u00ednica Barcelona\",\"alternateName\":\"Psicocl\u00ednica Barcelona\",\"url\":\"https:\/\/psicoclinicabarcelona.com\/\",\"logo\":{\"@type\":\"ImageObject\",\"inLanguage\":\"ca\",\"@id\":\"https:\/\/psicoclinicabarcelona.com\/#\/schema\/logo\/image\/\",\"url\":\"https:\/\/psicoclinicabarcelona.com\/wp-content\/uploads\/2015\/04\/psicologos-barcelona.png\",\"contentUrl\":\"https:\/\/psicoclinicabarcelona.com\/wp-content\/uploads\/2015\/04\/psicologos-barcelona.png\",\"width\":178,\"height\":62,\"caption\":\"Psicocl\u00ednica Barcelona\"},\"image\":{\"@id\":\"https:\/\/psicoclinicabarcelona.com\/#\/schema\/logo\/image\/\"},\"sameAs\":[\"https:\/\/www.facebook.com\/PsicoclinicaBarcelona\/\",\"https:\/\/x.com\/psicoclinicabcn\",\"https:\/\/www.linkedin.com\/company\/psicocl\u00ednica-barcelona\/\",\"https:\/\/www.instagram.com\/psicoclinicabarcelona\/\",\"https:\/\/www.youtube.com\/channel\/UCcc-5_wC56giASuT0XDr87Q\"]}]}<\/script>\n<!-- \/ Yoast SEO plugin. -->","yoast_head_json":{"title":"Psic\u00f2leg anor\u00e8xia Barcelona \/ Psic\u00f2leg bul\u00edmia Barcelona","description":"PSICOCL\u00cdNICA BARCELONA. Ter\u00e0pia anor\u00e8xia Barcelona. Tractament psicol\u00f2gic","robots":{"index":"index","follow":"follow","max-snippet":"max-snippet:-1","max-image-preview":"max-image-preview:large","max-video-preview":"max-video-preview:-1"},"canonical":"https:\/\/psicoclinicabarcelona.com\/ca\/psicolegs-anorexia-bulimia\/","og_locale":"ca_ES","og_type":"article","og_title":"Psic\u00f2leg anor\u00e8xia Barcelona \/ Psic\u00f2leg bul\u00edmia Barcelona","og_description":"PSICOCL\u00cdNICA BARCELONA. Ter\u00e0pia anor\u00e8xia Barcelona. Tractament psicol\u00f2gic","og_url":"https:\/\/psicoclinicabarcelona.com\/ca\/psicolegs-anorexia-bulimia\/","og_site_name":"Psicocl\u00ednica Barcelona","article_publisher":"https:\/\/www.facebook.com\/PsicoclinicaBarcelona\/","article_modified_time":"2023-04-27T10:01:19+00:00","og_image":[{"url":"https:\/\/psicoclinicabarcelona.com\/wp-content\/uploads\/2017\/09\/anorexia-y-bulimia.jpg","type":"","width":"","height":""}],"twitter_misc":{"Temps estimat de lectura":"3 minuts"},"schema":{"@context":"https:\/\/schema.org","@graph":[{"@type":"WebPage","@id":"https:\/\/psicoclinicabarcelona.com\/ca\/psicolegs-anorexia-bulimia\/","url":"https:\/\/psicoclinicabarcelona.com\/ca\/psicolegs-anorexia-bulimia\/","name":"Psic\u00f2leg anor\u00e8xia Barcelona \/ Psic\u00f2leg bul\u00edmia Barcelona","isPartOf":{"@id":"https:\/\/psicoclinicabarcelona.com\/#website"},"primaryImageOfPage":{"@id":"https:\/\/psicoclinicabarcelona.com\/ca\/psicolegs-anorexia-bulimia\/#primaryimage"},"image":{"@id":"https:\/\/psicoclinicabarcelona.com\/ca\/psicolegs-anorexia-bulimia\/#primaryimage"},"thumbnailUrl":"https:\/\/psicoclinicabarcelona.com\/wp-content\/uploads\/2017\/09\/anorexia-y-bulimia.jpg","datePublished":"2017-09-13T09:14:57+00:00","dateModified":"2023-04-27T10:01:19+00:00","description":"PSICOCL\u00cdNICA BARCELONA. Ter\u00e0pia anor\u00e8xia Barcelona. Tractament psicol\u00f2gic","breadcrumb":{"@id":"https:\/\/psicoclinicabarcelona.com\/ca\/psicolegs-anorexia-bulimia\/#breadcrumb"},"inLanguage":"ca","potentialAction":[{"@type":"ReadAction","target":["https:\/\/psicoclinicabarcelona.com\/ca\/psicolegs-anorexia-bulimia\/"]}]},{"@type":"ImageObject","inLanguage":"ca","@id":"https:\/\/psicoclinicabarcelona.com\/ca\/psicolegs-anorexia-bulimia\/#primaryimage","url":"https:\/\/psicoclinicabarcelona.com\/wp-content\/uploads\/2017\/09\/anorexia-y-bulimia.jpg","contentUrl":"https:\/\/psicoclinicabarcelona.com\/wp-content\/uploads\/2017\/09\/anorexia-y-bulimia.jpg"},{"@type":"BreadcrumbList","@id":"https:\/\/psicoclinicabarcelona.com\/ca\/psicolegs-anorexia-bulimia\/#breadcrumb","itemListElement":[{"@type":"ListItem","position":1,"name":"Portada","item":"https:\/\/psicoclinicabarcelona.com\/ca\/"},{"@type":"ListItem","position":2,"name":"Tractament psicol\u00f2gic Anor\u00e8xia"}]},{"@type":"WebSite","@id":"https:\/\/psicoclinicabarcelona.com\/#website","url":"https:\/\/psicoclinicabarcelona.com\/","name":"Psicocl\u00ednica Barcelona","description":"Posiblemente el mejor psic\u00f3logo en Barcelona o la mejor psic\u00f3loga de Barcelona. Ll\u00e1manos sin compromiso al 935 414 478","publisher":{"@id":"https:\/\/psicoclinicabarcelona.com\/#organization"},"alternateName":"Psicocl\u00ednica Barcelona","potentialAction":[{"@type":"SearchAction","target":{"@type":"EntryPoint","urlTemplate":"https:\/\/psicoclinicabarcelona.com\/?s={search_term_string}"},"query-input":{"@type":"PropertyValueSpecification","valueRequired":true,"valueName":"search_term_string"}}],"inLanguage":"ca"},{"@type":"Organization","@id":"https:\/\/psicoclinicabarcelona.com\/#organization","name":"Psicocl\u00ednica Barcelona","alternateName":"Psicocl\u00ednica Barcelona","url":"https:\/\/psicoclinicabarcelona.com\/","logo":{"@type":"ImageObject","inLanguage":"ca","@id":"https:\/\/psicoclinicabarcelona.com\/#\/schema\/logo\/image\/","url":"https:\/\/psicoclinicabarcelona.com\/wp-content\/uploads\/2015\/04\/psicologos-barcelona.png","contentUrl":"https:\/\/psicoclinicabarcelona.com\/wp-content\/uploads\/2015\/04\/psicologos-barcelona.png","width":178,"height":62,"caption":"Psicocl\u00ednica Barcelona"},"image":{"@id":"https:\/\/psicoclinicabarcelona.com\/#\/schema\/logo\/image\/"},"sameAs":["https:\/\/www.facebook.com\/PsicoclinicaBarcelona\/","https:\/\/x.com\/psicoclinicabcn","https:\/\/www.linkedin.com\/company\/psicocl\u00ednica-barcelona\/","https:\/\/www.instagram.com\/psicoclinicabarcelona\/","https:\/\/www.youtube.com\/channel\/UCcc-5_wC56giASuT0XDr87Q"]}]}},"_links":{"self":[{"href":"https:\/\/psicoclinicabarcelona.com\/ca\/wp-json\/wp\/v2\/pages\/6114"}],"collection":[{"href":"https:\/\/psicoclinicabarcelona.com\/ca\/wp-json\/wp\/v2\/pages"}],"about":[{"href":"https:\/\/psicoclinicabarcelona.com\/ca\/wp-json\/wp\/v2\/types\/page"}],"author":[{"embeddable":true,"href":"https:\/\/psicoclinicabarcelona.com\/ca\/wp-json\/wp\/v2\/users\/5"}],"replies":[{"embeddable":true,"href":"https:\/\/psicoclinicabarcelona.com\/ca\/wp-json\/wp\/v2\/comments?post=6114"}],"version-history":[{"count":3,"href":"https:\/\/psicoclinicabarcelona.com\/ca\/wp-json\/wp\/v2\/pages\/6114\/revisions"}],"predecessor-version":[{"id":6117,"href":"https:\/\/psicoclinicabarcelona.com\/ca\/wp-json\/wp\/v2\/pages\/6114\/revisions\/6117"}],"wp:attachment":[{"href":"https:\/\/psicoclinicabarcelona.com\/ca\/wp-json\/wp\/v2\/media?parent=6114"}],"curies":[{"name":"wp","href":"https:\/\/api.w.org\/{rel}","templated":true}]}}