{"id":6123,"date":"2017-02-09T13:16:50","date_gmt":"2017-02-09T13:16:50","guid":{"rendered":"https:\/\/psicoclinicabarcelona.com\/psicologo-tea-barcelona\/"},"modified":"2023-05-16T13:42:21","modified_gmt":"2023-05-16T11:42:21","slug":"psicoleg-tea-barcelona","status":"publish","type":"page","link":"https:\/\/psicoclinicabarcelona.com\/ca\/psicoleg-tea-barcelona\/","title":{"rendered":"Psic\u00f2leg TEA"},"content":{"rendered":"[vc_row][vc_column width=&#8221;1\/2&#8243;][vc_column_text]A <a href=\"https:\/\/psicoclinicabarcelona.com\/ca\/\">Psicocl\u00edcina Barcelona<\/a> conformem <strong>un dels millors equips de psic\u00f2legs<\/strong> de tota la ciutat, oferint als nostres pacients un ampli espectre de tractaments amb un <i>modus operandi<\/i> \u00fanic, cosa que ens ha convertit en l&#8217;actual refer\u00e8ncia del sector de la psicoter\u00e0pia. I \u00e9s que des dels nostres inicis, el nostre principal objectiu sempre ha perseguit millorar la qualitat de vida de multitud de persones que pateixen o pateixen s\u00edndromes o trastorns que els impedeixen desenvolupar la seva vida de manera correcta o adequada.<\/p>\n<p>Per aconseguir-ho, ens hem valgut de la completa experi\u00e8ncia i formaci\u00f3 del nostre equip de <a href=\"https:\/\/psicoclinicabarcelona.com\/ca\/psicolegs-barcelona\/\">psic\u00f2legs cl\u00ednics i psicoterapeutes<\/a>, els quals han desenvolupat una manera de treballar amb els pacients \u00fanica i amb qu\u00e8 hem aconseguit importants aven\u00e7os en diferents camps. Per aix\u00f2, <strong>a la nostra cl\u00ednica de Barcelona disposar\u00e0 d&#8217;un tractament personalitzat a partir d&#8217;un diagn\u00f2stic totalment individualitzat<\/strong>, cosa que ens permetr\u00e0 detectar els punts vitals a tractar per corregir o millorar la seva situaci\u00f3 de cara al futur.[\/vc_column_text][\/vc_column][vc_column width=&#8221;1\/2&#8243;][vc_column_text]<iframe title=\"YouTube video player\" src=\"https:\/\/www.youtube.com\/embed\/i6-9-lO4sYc\" width=\"560\" height=\"315\" frameborder=\"0\" allowfullscreen=\"allowfullscreen\"><\/iframe>[\/vc_column_text][\/vc_column][vc_column][vc_column_text]Actualment, a la nostra cl\u00ednica comptem amb <a href=\"\/ca\/psicoleg-infantil-barcelona\/\">tractaments especialitzats per a nens<\/a> i adolescents, per\u00f2, per descomptat, tamb\u00e9 per a adults. Tot i aix\u00f2, el tema del que ens ocupem en aquesta secci\u00f3 es correspon amb el <strong>Trastorn d&#8217;Espectre Autista<\/strong> durant la inf\u00e0ncia, per la qual cosa l&#8217;animem a continuar llegint per descobrir tot el que li podem oferir.[\/vc_column_text][\/vc_column][\/vc_row][vc_row][vc_column][vc_column_text]<img decoding=\"async\" class=\"aligncenter wp-image-2555 size-full\" src=\"https:\/\/psicoclinicabarcelona.com\/wp-content\/uploads\/2018\/02\/tea.png\" alt=\"T.e.a tratamiento Barcelona\" width=\"885\" height=\"532\" srcset=\"https:\/\/psicoclinicabarcelona.com\/wp-content\/uploads\/2018\/02\/tea.png 885w, https:\/\/psicoclinicabarcelona.com\/wp-content\/uploads\/2018\/02\/tea-300x180.png 300w, https:\/\/psicoclinicabarcelona.com\/wp-content\/uploads\/2018\/02\/tea-768x462.png 768w\" sizes=\"(max-width: 885px) 100vw, 885px\" \/><\/p>\n<h2>Trastorn de l&#8217;Espectre Autista<\/h2>\n<p><strong>L&#8217;autisme ve definit com una alteraci\u00f3 greu del sistema nervi\u00f3s central<\/strong> que impedeix, entre altres coses, el correcte processament de tota la informaci\u00f3 que envolta la persona. Aquest trastorn b\u00e9 \u00e9s sabut que impedeix o limita una normal interacci\u00f3 amb el m\u00f3n, cosa que a m\u00e9s dificulta en gran mesura desenvolupar o mantenir relacions socials amb altres persones. Ara b\u00e9, respecte a <strong>com tractar un nen autista<\/strong>, ha de saber que l&#8217;Autisme ve dividit en diferents graus o nivells, existint diferents expressions cl\u00edniques per a cadascun, aix\u00ed com els procediments a dur a terme per tractar-los. Est \u00e9s el motiu pel qual rep la denominaci\u00f3 de Trastorn d&#8217;Espectre Autista. Heu de saber que <strong>el Trastorn d&#8217;Espectre Autista acompanya la persona que el pateix durant tota la vida<\/strong>, devent-se detectar a temps per iniciar la correcta <strong>ter\u00e0pia per a nens autistes<\/strong> i millorar-ne el qualitat de vida malgrat les limitacions a qu\u00e8 es veuen exposats.<\/p>\n<h2>Tractament TEA Barcelona<\/h2>\n<p>Afortunadament, avui dia hi ha una \u00e0mplia varietat de tractaments per a persones afectades per aquest trastorn. Aquests tractaments poden anar enfocats a <strong>millorar les capacitats de comunicaci\u00f3, la integraci\u00f3 sensorial o els tractaments medicinals complementaris<\/strong>, entre d&#8217;altres. \u00c9s per aix\u00f2 que, a Psicocl\u00ednica Barcelona, posem especial \u00e8mfasi a tractar cada cas de manera totalment individual, ja que per aplicar un tractament correcte de l&#8217;autisme a un pacient cal con\u00e8ixer amb exactitud quina \u00e9s la situaci\u00f3 d&#8217;aquesta. persona amb el trastorn, aix\u00ed com la relaci\u00f3 amb el m\u00f3n que l&#8217;envolta.<\/p>\n<h2>Centre d&#8217;autisme Barcelona<\/h2>\n<p>Si heu recollit informaci\u00f3 sobre <strong>centres d&#8217;autisme a Barcelona<\/strong>, us animem a posar-vos en contacte amb la nostra cl\u00ednica. Com ja us hem avan\u00e7at anteriorment, estem especialitzats en tot tipus de <a href=\"https:\/\/psicoclinicabarcelona.com\/ca\/psicoleg-adolescents-barcelona\/\">tractaments psicol\u00f2gics i psicoterapeutes<\/a> a <a href=\"https:\/\/psicoclinicabarcelona.com\/ca\/psicoleg-adolescents-barcelona\/\">adolescents<\/a> i nens, com ara el TEA, conformant un complet equip de professionals que advoca per millorar la seva qualitat de vida. Si necessiteu un <strong>psic\u00f2leg a Barcelona<\/strong>, no dubteu a dipositar la vostra confian\u00e7a en mans expertes.[\/vc_column_text][\/vc_column][\/vc_row][vc_row css=&#8221;.vc_custom_1658071592160{margin-top: 30px !important;}&#8221;][vc_column][vc_column_text]\n<h2 style=\"color: #008aad;\">Vol demanar cita?<\/h2>\n<p>Us informem que tamb\u00e9 podeu fer consultes des del nostre lloc web. Si ho desitja, tamb\u00e9 pot sol\u00b7licitar una consulta online. Podeu sol\u00b7licitar la vostra cita ara, ser\u00e0 at\u00e8s personalment per un psic\u00f2leg o psic\u00f2loga Barcelona des de la primera trucada. En aquesta primera trucada us informarem del que necessiteu saber i si ho desitgeu us oferirem una cita el m\u00e9s aviat possible.[\/vc_column_text][\/vc_column][\/vc_row][vc_row css=&#8221;.vc_custom_1658069749947{margin-top: 40px !important;margin-bottom: 30px !important;}&#8221;][vc_column width=&#8221;1\/2&#8243;][vc_column_text el_class=&#8221;sombra&#8221;]<a href=\"\/mila-herrera\/\"><img decoding=\"async\" class=\"aligncenter wp-image-5589 size-full\" src=\"https:\/\/psicoclinicabarcelona.com\/wp-content\/uploads\/2022\/07\/mila-ficha.webp\" alt=\"fiche mila\" width=\"1400\" height=\"500\" srcset=\"https:\/\/psicoclinicabarcelona.com\/wp-content\/uploads\/2022\/07\/mila-ficha.webp 1400w, https:\/\/psicoclinicabarcelona.com\/wp-content\/uploads\/2022\/07\/mila-ficha-300x107.webp 300w, https:\/\/psicoclinicabarcelona.com\/wp-content\/uploads\/2022\/07\/mila-ficha-1024x366.webp 1024w, https:\/\/psicoclinicabarcelona.com\/wp-content\/uploads\/2022\/07\/mila-ficha-768x274.webp 768w, https:\/\/psicoclinicabarcelona.com\/wp-content\/uploads\/2022\/07\/mila-ficha-600x214.webp 600w\" sizes=\"(max-width: 1400px) 100vw, 1400px\" \/><\/a>[\/vc_column_text][\/vc_column][vc_column width=&#8221;1\/2&#8243;][vc_column_text el_class=&#8221;sombra&#8221;]<a href=\"\/sergi-vilardell\/\"><img decoding=\"async\" class=\"aligncenter wp-image-5592 size-full\" src=\"https:\/\/psicoclinicabarcelona.com\/wp-content\/uploads\/2022\/07\/ficha-Sergi.webp\" alt=\"ficha Sergi\" width=\"1400\" height=\"500\" srcset=\"https:\/\/psicoclinicabarcelona.com\/wp-content\/uploads\/2022\/07\/ficha-Sergi.webp 1400w, https:\/\/psicoclinicabarcelona.com\/wp-content\/uploads\/2022\/07\/ficha-Sergi-300x107.webp 300w, https:\/\/psicoclinicabarcelona.com\/wp-content\/uploads\/2022\/07\/ficha-Sergi-1024x366.webp 1024w, https:\/\/psicoclinicabarcelona.com\/wp-content\/uploads\/2022\/07\/ficha-Sergi-768x274.webp 768w, https:\/\/psicoclinicabarcelona.com\/wp-content\/uploads\/2022\/07\/ficha-Sergi-600x214.webp 600w\" sizes=\"(max-width: 1400px) 100vw, 1400px\" \/><\/a>[\/vc_column_text][\/vc_column][\/vc_row]\n","protected":false},"excerpt":{"rendered":"<p>[vc_row][vc_column width=&#8221;1\/2&#8243;][vc_column_text]A Psicocl\u00edcina Barcelona conformem un dels millors equips de psic\u00f2legs de tota la ciutat, oferint als nostres pacients un ampli espectre de tractaments amb un modus operandi \u00fanic, cosa que ens ha convertit en l&#8217;actual refer\u00e8ncia del sector de la psicoter\u00e0pia. I \u00e9s que des dels nostres inicis, el nostre principal objectiu sempre ha&hellip;<\/p>\n","protected":false},"author":5,"featured_media":0,"parent":0,"menu_order":0,"comment_status":"closed","ping_status":"closed","template":"","meta":{"footnotes":""},"class_list":["post-6123","page","type-page","status-publish","hentry","entry","no-media"],"yoast_head":"<!-- This site is optimized with the Yoast SEO plugin v24.6 - https:\/\/yoast.com\/wordpress\/plugins\/seo\/ -->\n<title>Autisme tractament TEA Barcelona. Centres Autisme Barcelona<\/title>\n<meta name=\"description\" content=\"PSICOCL\u00cdNICA BARCELONA. Psic\u00f2leg infantil. Trastorn de l\u00b4Espectre Autista. Com tractar un nen autista? Centre autisme Barcelona\" \/>\n<meta name=\"robots\" content=\"index, follow, max-snippet:-1, max-image-preview:large, max-video-preview:-1\" \/>\n<link rel=\"canonical\" href=\"https:\/\/psicoclinicabarcelona.com\/ca\/psicoleg-tea-barcelona\/\" \/>\n<meta property=\"og:locale\" content=\"ca_ES\" \/>\n<meta property=\"og:type\" content=\"article\" \/>\n<meta property=\"og:title\" content=\"Autisme tractament TEA Barcelona. Centres Autisme Barcelona\" \/>\n<meta property=\"og:description\" content=\"PSICOCL\u00cdNICA BARCELONA. Psic\u00f2leg infantil. Trastorn de l\u00b4Espectre Autista. Com tractar un nen autista? Centre autisme Barcelona\" \/>\n<meta property=\"og:url\" content=\"https:\/\/psicoclinicabarcelona.com\/ca\/psicoleg-tea-barcelona\/\" \/>\n<meta property=\"og:site_name\" content=\"Psicocl\u00ednica Barcelona\" \/>\n<meta property=\"article:publisher\" content=\"https:\/\/www.facebook.com\/PsicoclinicaBarcelona\/\" \/>\n<meta property=\"article:modified_time\" content=\"2023-05-16T11:42:21+00:00\" \/>\n<meta property=\"og:image\" content=\"https:\/\/psicoclinicabarcelona.com\/wp-content\/uploads\/2018\/02\/tea.png\" \/>\n<meta name=\"twitter:label1\" content=\"Temps estimat de lectura\" \/>\n\t<meta name=\"twitter:data1\" content=\"4 minuts\" \/>\n<script type=\"application\/ld+json\" class=\"yoast-schema-graph\">{\"@context\":\"https:\/\/schema.org\",\"@graph\":[{\"@type\":\"WebPage\",\"@id\":\"https:\/\/psicoclinicabarcelona.com\/ca\/psicoleg-tea-barcelona\/\",\"url\":\"https:\/\/psicoclinicabarcelona.com\/ca\/psicoleg-tea-barcelona\/\",\"name\":\"Autisme tractament TEA Barcelona. Centres Autisme Barcelona\",\"isPartOf\":{\"@id\":\"https:\/\/psicoclinicabarcelona.com\/#website\"},\"primaryImageOfPage\":{\"@id\":\"https:\/\/psicoclinicabarcelona.com\/ca\/psicoleg-tea-barcelona\/#primaryimage\"},\"image\":{\"@id\":\"https:\/\/psicoclinicabarcelona.com\/ca\/psicoleg-tea-barcelona\/#primaryimage\"},\"thumbnailUrl\":\"https:\/\/psicoclinicabarcelona.com\/wp-content\/uploads\/2018\/02\/tea.png\",\"datePublished\":\"2017-02-09T13:16:50+00:00\",\"dateModified\":\"2023-05-16T11:42:21+00:00\",\"description\":\"PSICOCL\u00cdNICA BARCELONA. Psic\u00f2leg infantil. Trastorn de l\u00b4Espectre Autista. Com tractar un nen autista? Centre autisme Barcelona\",\"breadcrumb\":{\"@id\":\"https:\/\/psicoclinicabarcelona.com\/ca\/psicoleg-tea-barcelona\/#breadcrumb\"},\"inLanguage\":\"ca\",\"potentialAction\":[{\"@type\":\"ReadAction\",\"target\":[\"https:\/\/psicoclinicabarcelona.com\/ca\/psicoleg-tea-barcelona\/\"]}]},{\"@type\":\"ImageObject\",\"inLanguage\":\"ca\",\"@id\":\"https:\/\/psicoclinicabarcelona.com\/ca\/psicoleg-tea-barcelona\/#primaryimage\",\"url\":\"https:\/\/psicoclinicabarcelona.com\/wp-content\/uploads\/2018\/02\/tea.png\",\"contentUrl\":\"https:\/\/psicoclinicabarcelona.com\/wp-content\/uploads\/2018\/02\/tea.png\"},{\"@type\":\"BreadcrumbList\",\"@id\":\"https:\/\/psicoclinicabarcelona.com\/ca\/psicoleg-tea-barcelona\/#breadcrumb\",\"itemListElement\":[{\"@type\":\"ListItem\",\"position\":1,\"name\":\"Portada\",\"item\":\"https:\/\/psicoclinicabarcelona.com\/ca\/\"},{\"@type\":\"ListItem\",\"position\":2,\"name\":\"Psic\u00f2leg TEA\"}]},{\"@type\":\"WebSite\",\"@id\":\"https:\/\/psicoclinicabarcelona.com\/#website\",\"url\":\"https:\/\/psicoclinicabarcelona.com\/\",\"name\":\"Psicocl\u00ednica Barcelona\",\"description\":\"Posiblemente el mejor psic\u00f3logo en Barcelona o la mejor psic\u00f3loga de Barcelona. Ll\u00e1manos sin compromiso al 935 414 478\",\"publisher\":{\"@id\":\"https:\/\/psicoclinicabarcelona.com\/#organization\"},\"alternateName\":\"Psicocl\u00ednica Barcelona\",\"potentialAction\":[{\"@type\":\"SearchAction\",\"target\":{\"@type\":\"EntryPoint\",\"urlTemplate\":\"https:\/\/psicoclinicabarcelona.com\/?s={search_term_string}\"},\"query-input\":{\"@type\":\"PropertyValueSpecification\",\"valueRequired\":true,\"valueName\":\"search_term_string\"}}],\"inLanguage\":\"ca\"},{\"@type\":\"Organization\",\"@id\":\"https:\/\/psicoclinicabarcelona.com\/#organization\",\"name\":\"Psicocl\u00ednica Barcelona\",\"alternateName\":\"Psicocl\u00ednica Barcelona\",\"url\":\"https:\/\/psicoclinicabarcelona.com\/\",\"logo\":{\"@type\":\"ImageObject\",\"inLanguage\":\"ca\",\"@id\":\"https:\/\/psicoclinicabarcelona.com\/#\/schema\/logo\/image\/\",\"url\":\"https:\/\/psicoclinicabarcelona.com\/wp-content\/uploads\/2015\/04\/psicologos-barcelona.png\",\"contentUrl\":\"https:\/\/psicoclinicabarcelona.com\/wp-content\/uploads\/2015\/04\/psicologos-barcelona.png\",\"width\":178,\"height\":62,\"caption\":\"Psicocl\u00ednica Barcelona\"},\"image\":{\"@id\":\"https:\/\/psicoclinicabarcelona.com\/#\/schema\/logo\/image\/\"},\"sameAs\":[\"https:\/\/www.facebook.com\/PsicoclinicaBarcelona\/\",\"https:\/\/x.com\/psicoclinicabcn\",\"https:\/\/www.linkedin.com\/company\/psicocl\u00ednica-barcelona\/\",\"https:\/\/www.instagram.com\/psicoclinicabarcelona\/\",\"https:\/\/www.youtube.com\/channel\/UCcc-5_wC56giASuT0XDr87Q\"]}]}<\/script>\n<!-- \/ Yoast SEO plugin. -->","yoast_head_json":{"title":"Autisme tractament TEA Barcelona. Centres Autisme Barcelona","description":"PSICOCL\u00cdNICA BARCELONA. Psic\u00f2leg infantil. Trastorn de l\u00b4Espectre Autista. Com tractar un nen autista? Centre autisme Barcelona","robots":{"index":"index","follow":"follow","max-snippet":"max-snippet:-1","max-image-preview":"max-image-preview:large","max-video-preview":"max-video-preview:-1"},"canonical":"https:\/\/psicoclinicabarcelona.com\/ca\/psicoleg-tea-barcelona\/","og_locale":"ca_ES","og_type":"article","og_title":"Autisme tractament TEA Barcelona. Centres Autisme Barcelona","og_description":"PSICOCL\u00cdNICA BARCELONA. Psic\u00f2leg infantil. Trastorn de l\u00b4Espectre Autista. Com tractar un nen autista? Centre autisme Barcelona","og_url":"https:\/\/psicoclinicabarcelona.com\/ca\/psicoleg-tea-barcelona\/","og_site_name":"Psicocl\u00ednica Barcelona","article_publisher":"https:\/\/www.facebook.com\/PsicoclinicaBarcelona\/","article_modified_time":"2023-05-16T11:42:21+00:00","og_image":[{"url":"https:\/\/psicoclinicabarcelona.com\/wp-content\/uploads\/2018\/02\/tea.png","type":"","width":"","height":""}],"twitter_misc":{"Temps estimat de lectura":"4 minuts"},"schema":{"@context":"https:\/\/schema.org","@graph":[{"@type":"WebPage","@id":"https:\/\/psicoclinicabarcelona.com\/ca\/psicoleg-tea-barcelona\/","url":"https:\/\/psicoclinicabarcelona.com\/ca\/psicoleg-tea-barcelona\/","name":"Autisme tractament TEA Barcelona. Centres Autisme Barcelona","isPartOf":{"@id":"https:\/\/psicoclinicabarcelona.com\/#website"},"primaryImageOfPage":{"@id":"https:\/\/psicoclinicabarcelona.com\/ca\/psicoleg-tea-barcelona\/#primaryimage"},"image":{"@id":"https:\/\/psicoclinicabarcelona.com\/ca\/psicoleg-tea-barcelona\/#primaryimage"},"thumbnailUrl":"https:\/\/psicoclinicabarcelona.com\/wp-content\/uploads\/2018\/02\/tea.png","datePublished":"2017-02-09T13:16:50+00:00","dateModified":"2023-05-16T11:42:21+00:00","description":"PSICOCL\u00cdNICA BARCELONA. Psic\u00f2leg infantil. Trastorn de l\u00b4Espectre Autista. Com tractar un nen autista? Centre autisme Barcelona","breadcrumb":{"@id":"https:\/\/psicoclinicabarcelona.com\/ca\/psicoleg-tea-barcelona\/#breadcrumb"},"inLanguage":"ca","potentialAction":[{"@type":"ReadAction","target":["https:\/\/psicoclinicabarcelona.com\/ca\/psicoleg-tea-barcelona\/"]}]},{"@type":"ImageObject","inLanguage":"ca","@id":"https:\/\/psicoclinicabarcelona.com\/ca\/psicoleg-tea-barcelona\/#primaryimage","url":"https:\/\/psicoclinicabarcelona.com\/wp-content\/uploads\/2018\/02\/tea.png","contentUrl":"https:\/\/psicoclinicabarcelona.com\/wp-content\/uploads\/2018\/02\/tea.png"},{"@type":"BreadcrumbList","@id":"https:\/\/psicoclinicabarcelona.com\/ca\/psicoleg-tea-barcelona\/#breadcrumb","itemListElement":[{"@type":"ListItem","position":1,"name":"Portada","item":"https:\/\/psicoclinicabarcelona.com\/ca\/"},{"@type":"ListItem","position":2,"name":"Psic\u00f2leg TEA"}]},{"@type":"WebSite","@id":"https:\/\/psicoclinicabarcelona.com\/#website","url":"https:\/\/psicoclinicabarcelona.com\/","name":"Psicocl\u00ednica Barcelona","description":"Posiblemente el mejor psic\u00f3logo en Barcelona o la mejor psic\u00f3loga de Barcelona. Ll\u00e1manos sin compromiso al 935 414 478","publisher":{"@id":"https:\/\/psicoclinicabarcelona.com\/#organization"},"alternateName":"Psicocl\u00ednica Barcelona","potentialAction":[{"@type":"SearchAction","target":{"@type":"EntryPoint","urlTemplate":"https:\/\/psicoclinicabarcelona.com\/?s={search_term_string}"},"query-input":{"@type":"PropertyValueSpecification","valueRequired":true,"valueName":"search_term_string"}}],"inLanguage":"ca"},{"@type":"Organization","@id":"https:\/\/psicoclinicabarcelona.com\/#organization","name":"Psicocl\u00ednica Barcelona","alternateName":"Psicocl\u00ednica Barcelona","url":"https:\/\/psicoclinicabarcelona.com\/","logo":{"@type":"ImageObject","inLanguage":"ca","@id":"https:\/\/psicoclinicabarcelona.com\/#\/schema\/logo\/image\/","url":"https:\/\/psicoclinicabarcelona.com\/wp-content\/uploads\/2015\/04\/psicologos-barcelona.png","contentUrl":"https:\/\/psicoclinicabarcelona.com\/wp-content\/uploads\/2015\/04\/psicologos-barcelona.png","width":178,"height":62,"caption":"Psicocl\u00ednica Barcelona"},"image":{"@id":"https:\/\/psicoclinicabarcelona.com\/#\/schema\/logo\/image\/"},"sameAs":["https:\/\/www.facebook.com\/PsicoclinicaBarcelona\/","https:\/\/x.com\/psicoclinicabcn","https:\/\/www.linkedin.com\/company\/psicocl\u00ednica-barcelona\/","https:\/\/www.instagram.com\/psicoclinicabarcelona\/","https:\/\/www.youtube.com\/channel\/UCcc-5_wC56giASuT0XDr87Q"]}]}},"_links":{"self":[{"href":"https:\/\/psicoclinicabarcelona.com\/ca\/wp-json\/wp\/v2\/pages\/6123"}],"collection":[{"href":"https:\/\/psicoclinicabarcelona.com\/ca\/wp-json\/wp\/v2\/pages"}],"about":[{"href":"https:\/\/psicoclinicabarcelona.com\/ca\/wp-json\/wp\/v2\/types\/page"}],"author":[{"embeddable":true,"href":"https:\/\/psicoclinicabarcelona.com\/ca\/wp-json\/wp\/v2\/users\/5"}],"replies":[{"embeddable":true,"href":"https:\/\/psicoclinicabarcelona.com\/ca\/wp-json\/wp\/v2\/comments?post=6123"}],"version-history":[{"count":4,"href":"https:\/\/psicoclinicabarcelona.com\/ca\/wp-json\/wp\/v2\/pages\/6123\/revisions"}],"predecessor-version":[{"id":6500,"href":"https:\/\/psicoclinicabarcelona.com\/ca\/wp-json\/wp\/v2\/pages\/6123\/revisions\/6500"}],"wp:attachment":[{"href":"https:\/\/psicoclinicabarcelona.com\/ca\/wp-json\/wp\/v2\/media?parent=6123"}],"curies":[{"name":"wp","href":"https:\/\/api.w.org\/{rel}","templated":true}]}}