{"id":6132,"date":"2017-02-09T13:25:10","date_gmt":"2017-02-09T13:25:10","guid":{"rendered":"https:\/\/psicoclinicabarcelona.com\/psicologia-infantil-problemas-aprendizaje\/"},"modified":"2023-05-02T13:06:57","modified_gmt":"2023-05-02T11:06:57","slug":"psicologia-infantil-problemes-aprenentatge","status":"publish","type":"page","link":"https:\/\/psicoclinicabarcelona.com\/ca\/psicologia-infantil-problemes-aprenentatge\/","title":{"rendered":"Trastorns de l&#8217;aprenentatge"},"content":{"rendered":"[vc_row][vc_column width=&#8221;1\/2&#8243;][vc_column_text]Psicocl\u00ednica Barcelona\u00a0va n\u00e9ixer com una iniciativa provinent de diversos\u00a0<strong>experts professionals del sector<\/strong>, amb l&#8217;objectiu de millorar la qualitat de vida de multitud de persones que patissin o patissin alguna malaltia de car\u00e0cter psicol\u00f2gic. Deu anys m\u00e9s tard, hem aconseguit convertir-nos en la cl\u00ednica refer\u00e8ncia de la ciutat, on multitud de <strong>psic\u00f2legs de Barcelona<\/strong> presten els seus serveis, desenvolupant i aplicant tot tipus de tractaments psicol\u00f2gics i psicoterapeutes durant la inf\u00e0ncia, l&#8217;adolesc\u00e8ncia o la maduresa de la persona.<\/p>\n<p>Dins dels\u00a0<a href=\"https:\/\/psicoclinicabarcelona.com\/ca\/psicoleg-infantil-barcelona\/\">tractaments psicol\u00f2gics durant la inf\u00e0ncia<\/a>, a la nostra cl\u00ednica treballem amb pacients que presenten una \u00e0mplia diversitat de s\u00edndromes o trastorns, com el TDAH, el\u00a0<a href=\"https:\/\/psicoclinicabarcelona.com\/ca\/psicoleg-tea-barcelona\/\">TEA<\/a>, o del que parlarem aqu\u00ed, els problemes relacionats amb l&#8217;aprenentatge. Per aquest motiu, si esteu interessats en sol\u00b7licitar els serveis d&#8217;un <strong>psi<\/strong><span style=\"color: var(--wpex-text-2);\"><strong>c\u00f2leg infantil de Barcelona<\/strong> per iniciar una correcta <strong>ter\u00e0pia per a nens amb trastorns de l&#8217;aprenentatge<\/strong>, us animem a seguir llegint per a descobrir tot el que podem oferir per ajudar el m\u00e9s petit o la m\u00e9s petita de la casa.<\/span>[\/vc_column_text][\/vc_column][vc_column width=&#8221;1\/2&#8243;][vc_column_text]<img decoding=\"async\" class=\"aligncenter wp-image-5673 size-full\" src=\"https:\/\/psicoclinicabarcelona.com\/wp-content\/uploads\/2022\/07\/undraw_fatherhood_7i19-1.webp\" alt=\"psicologos trastorno del aprendizaje\" width=\"1337\" height=\"951\" srcset=\"https:\/\/psicoclinicabarcelona.com\/wp-content\/uploads\/2022\/07\/undraw_fatherhood_7i19-1.webp 1337w, https:\/\/psicoclinicabarcelona.com\/wp-content\/uploads\/2022\/07\/undraw_fatherhood_7i19-1-300x213.webp 300w, https:\/\/psicoclinicabarcelona.com\/wp-content\/uploads\/2022\/07\/undraw_fatherhood_7i19-1-1024x728.webp 1024w, https:\/\/psicoclinicabarcelona.com\/wp-content\/uploads\/2022\/07\/undraw_fatherhood_7i19-1-768x546.webp 768w, https:\/\/psicoclinicabarcelona.com\/wp-content\/uploads\/2022\/07\/undraw_fatherhood_7i19-1-600x427.webp 600w\" sizes=\"(max-width: 1337px) 100vw, 1337px\" \/>[\/vc_column_text][\/vc_column][vc_column][vc_column_text]\n<h2>Psicologia infantil problemes d&#8217;aprenentatge<\/h2>\n<p><strong>Els trastorns de l&#8217;aprenentatge ocasionen problemes en la persona que els pateix per rebre, processar, analitzar o emmagatzemar la informaci\u00f3<\/strong> que l&#8217;envolta. En general, aquesta situaci\u00f3 provoca que la persona que pateix aquest trastorn presenti un baix rendiment escolar, el qual, si no es corregeix a temps, pot acabar per llastar el desenvolupament del nen o nena en el futur. Aquesta limitaci\u00f3 generada pel trastorn de l&#8217;aprenentatge s&#8217;est\u00e9n a diferents \u00e0mbits de l&#8217;ensenyament com ara les matem\u00e0tiques o la comprensi\u00f3 lectora. A m\u00e9s, en moltes ocasions, els <strong>nens amb problemes per aprendre<\/strong>, presenten una clara relaci\u00f3 amb els s\u00edmptomes del TDAH. Per aquesta ra\u00f3, des de Psicocl\u00ednica Barcelona considerem que\u00a0<strong>\u00e9s fonamental detectar aquest comportament a temps per implementar els tractaments corresponents<\/strong>\u00a0i corregir, en la mesura del possible, els problemes associats.<\/p>\n<h2>Ter\u00e0pia per a nens amb trastorns de l&#8217;aprenentatge<\/h2>\n<p>Per sort, avui dia hi ha multitud de <strong>ter\u00e0pies i tractaments per a problemes d&#8217;aprenentatge infantils<\/strong> que permeten a professionals com nosaltres corregir aquestes dificultats i encaminar el pacient perqu\u00e8 no tingui cap limitaci\u00f3 durant la seva vida. Abans, per\u00f2, cal dur a terme una completa an\u00e0lisi del pacient, quins s\u00f3n els s\u00edmptomes que presenta, quina \u00e9s la seva relaci\u00f3 la s\u00edndrome, i quines s\u00f3n les millors mesures a prendre per aturar el problema d&#8217;una manera efica\u00e7. \u00c9s per aix\u00f2 que, a Psicocl\u00ednica Barcelona\u00a0<strong>posem especial \u00e8mfasi en l&#8217;atenci\u00f3 personalitzada<\/strong>, perqu\u00e8 igual que no hi ha dues persones iguals, tampoc hi ha dues s\u00edndromes o trastorns iguals, havent d&#8217;afrontar els problemes de cada pacient de forma totalment individualitzada.<\/p>\n<p>Considerem que qualsevol s\u00edndrome o trastorn ha de ser tractada, especialment si aquesta es presenta durant la inf\u00e0ncia de la persona, i \u00e9s que aquesta etapa \u00e9s crucial per assegurar un desenvolupament correcte de cara al futur. \u00c9s per aix\u00f2 que a la nostra cl\u00ednica, ens posarem a la vostra disposici\u00f3 per aplicar l&#8217;adequada <strong>psicologia infantil per a problemes d&#8217;aprenentatge<\/strong> que permet als m\u00e9s petits de la casa gaudir al m\u00e0xim dels seus primers passos al llarg de la vida.<\/p>\n<h2>Frac\u00e0s escolar<\/h2>\n<p>El <strong>frac\u00e0s escolar<\/strong>\u00a0\u00e9s un dels assumptes que solen apar\u00e8ixer relacionats amb les\u00a0<strong>dificultats d&#8217;aprenentatge<\/strong>, sent\u00a0<strong>cada vegada m\u00e9s freq\u00fcentes les consultes sobre aquest tema<\/strong> tant en atenci\u00f3 prim\u00e0ria com en les consultes especialitzades de neuropediatria i centres de psicologia, per la qual cosa els <strong>professionals de Psicocl\u00ednica Barcelona<\/strong> disposem de les <strong>eines necess\u00e0ries per fer<\/strong> davant les dificultats d&#8217;aprenentatge.<\/p>\n<p><strong>Els pares poden anticipar-se al frac\u00e0s escolar amb la detecci\u00f3 d&#8217;aquest problema si noten en els fills alguns s\u00edmptomes\u00a0<\/strong>com si el nen t\u00e9 dificultats per entendre instruccions, si li costa recordar el que se li acaba de dir, si perd o extravia amb facilitat els diners per a les despeses o els llibres de l&#8217;escola o si no distingeix entre la dreta o l&#8217;esquerra o confon el n\u00famero 25 amb el n\u00famero 52, la \u201cb\u201d amb la \u201cd\u201d, i \u201cli\u201d amb \u201cel\u201d, encara que el millor \u00e9s sempre <strong>acudir als professionals<\/strong> en aquesta mat\u00e8ria com els de Psicocl\u00ednica Barcelona.[\/vc_column_text][\/vc_column][\/vc_row][vc_row css=&#8221;.vc_custom_1658071592160{margin-top: 30px !important;}&#8221;][vc_column][vc_column_text]\n<h2 style=\"color: #008aad;\">Vol demanar cita?<\/h2>\n<p>Us informem que tamb\u00e9 podeu fer consultes des del nostre lloc web. Si ho desitja, tamb\u00e9 pot sol\u00b7licitar una consulta online. Podeu sol\u00b7licitar la vostra cita ara, ser\u00e0 at\u00e8s personalment per un psic\u00f2leg o psic\u00f2loga Barcelona des de la primera trucada. En aquesta primera trucada us informarem del que necessiteu saber i si ho desitgeu us oferirem una cita el m\u00e9s aviat possible.[\/vc_column_text][\/vc_column][\/vc_row][vc_row css=&#8221;.vc_custom_1658069749947{margin-top: 40px !important;margin-bottom: 30px !important;}&#8221;][vc_column width=&#8221;1\/2&#8243;][vc_column_text el_class=&#8221;sombra&#8221;]<a href=\"\/mila-herrera\/\"><img decoding=\"async\" class=\"aligncenter wp-image-5589 size-full\" src=\"https:\/\/psicoclinicabarcelona.com\/wp-content\/uploads\/2022\/07\/mila-ficha.webp\" alt=\"fiche mila\" width=\"1400\" height=\"500\" srcset=\"https:\/\/psicoclinicabarcelona.com\/wp-content\/uploads\/2022\/07\/mila-ficha.webp 1400w, https:\/\/psicoclinicabarcelona.com\/wp-content\/uploads\/2022\/07\/mila-ficha-300x107.webp 300w, https:\/\/psicoclinicabarcelona.com\/wp-content\/uploads\/2022\/07\/mila-ficha-1024x366.webp 1024w, https:\/\/psicoclinicabarcelona.com\/wp-content\/uploads\/2022\/07\/mila-ficha-768x274.webp 768w, https:\/\/psicoclinicabarcelona.com\/wp-content\/uploads\/2022\/07\/mila-ficha-600x214.webp 600w\" sizes=\"(max-width: 1400px) 100vw, 1400px\" \/><\/a>[\/vc_column_text][\/vc_column][vc_column width=&#8221;1\/2&#8243;][vc_column_text el_class=&#8221;sombra&#8221;]<a href=\"\/sergi-vilardell\/\"><img decoding=\"async\" class=\"aligncenter wp-image-5592 size-full\" src=\"https:\/\/psicoclinicabarcelona.com\/wp-content\/uploads\/2022\/07\/ficha-Sergi.webp\" alt=\"ficha Sergi\" width=\"1400\" height=\"500\" srcset=\"https:\/\/psicoclinicabarcelona.com\/wp-content\/uploads\/2022\/07\/ficha-Sergi.webp 1400w, https:\/\/psicoclinicabarcelona.com\/wp-content\/uploads\/2022\/07\/ficha-Sergi-300x107.webp 300w, https:\/\/psicoclinicabarcelona.com\/wp-content\/uploads\/2022\/07\/ficha-Sergi-1024x366.webp 1024w, https:\/\/psicoclinicabarcelona.com\/wp-content\/uploads\/2022\/07\/ficha-Sergi-768x274.webp 768w, https:\/\/psicoclinicabarcelona.com\/wp-content\/uploads\/2022\/07\/ficha-Sergi-600x214.webp 600w\" sizes=\"(max-width: 1400px) 100vw, 1400px\" \/><\/a>[\/vc_column_text][\/vc_column][\/vc_row]\n","protected":false},"excerpt":{"rendered":"<p>[vc_row][vc_column width=&#8221;1\/2&#8243;][vc_column_text]Psicocl\u00ednica Barcelona\u00a0va n\u00e9ixer com una iniciativa provinent de diversos\u00a0experts professionals del sector, amb l&#8217;objectiu de millorar la qualitat de vida de multitud de persones que patissin o patissin alguna malaltia de car\u00e0cter psicol\u00f2gic. Deu anys m\u00e9s tard, hem aconseguit convertir-nos en la cl\u00ednica refer\u00e8ncia de la ciutat, on multitud de psic\u00f2legs de Barcelona presten&hellip;<\/p>\n","protected":false},"author":5,"featured_media":0,"parent":0,"menu_order":0,"comment_status":"closed","ping_status":"closed","template":"","meta":{"footnotes":""},"class_list":["post-6132","page","type-page","status-publish","hentry","entry","no-media"],"yoast_head":"<!-- This site is optimized with the Yoast SEO plugin v24.6 - https:\/\/yoast.com\/wordpress\/plugins\/seo\/ -->\n<title>Psicologia infantil problemes daprenentatge. Terapia nens<\/title>\n<meta name=\"description\" content=\"PSICOCL\u00cdNICA BARCELONA. Psic\u00f2leg infantil. Ter\u00e0pia per a nens amb dificultats d&#039;aprenentatge o trastorns de l&#039;aprenentatge a Barcelona\" \/>\n<meta name=\"robots\" content=\"index, follow, max-snippet:-1, max-image-preview:large, max-video-preview:-1\" \/>\n<link rel=\"canonical\" href=\"https:\/\/psicoclinicabarcelona.com\/ca\/psicologia-infantil-problemes-aprenentatge\/\" \/>\n<meta property=\"og:locale\" content=\"ca_ES\" \/>\n<meta property=\"og:type\" content=\"article\" \/>\n<meta property=\"og:title\" content=\"Psicologia infantil problemes daprenentatge. Terapia nens\" \/>\n<meta property=\"og:description\" content=\"PSICOCL\u00cdNICA BARCELONA. Psic\u00f2leg infantil. Ter\u00e0pia per a nens amb dificultats d&#039;aprenentatge o trastorns de l&#039;aprenentatge a Barcelona\" \/>\n<meta property=\"og:url\" content=\"https:\/\/psicoclinicabarcelona.com\/ca\/psicologia-infantil-problemes-aprenentatge\/\" \/>\n<meta property=\"og:site_name\" content=\"Psicocl\u00ednica Barcelona\" \/>\n<meta property=\"article:publisher\" content=\"https:\/\/www.facebook.com\/PsicoclinicaBarcelona\/\" \/>\n<meta property=\"article:modified_time\" content=\"2023-05-02T11:06:57+00:00\" \/>\n<meta property=\"og:image\" content=\"https:\/\/psicoclinicabarcelona.com\/wp-content\/uploads\/2022\/07\/undraw_fatherhood_7i19-1.webp\" \/>\n<meta name=\"twitter:label1\" content=\"Temps estimat de lectura\" \/>\n\t<meta name=\"twitter:data1\" content=\"5 minuts\" \/>\n<script type=\"application\/ld+json\" class=\"yoast-schema-graph\">{\"@context\":\"https:\/\/schema.org\",\"@graph\":[{\"@type\":\"WebPage\",\"@id\":\"https:\/\/psicoclinicabarcelona.com\/ca\/psicologia-infantil-problemes-aprenentatge\/\",\"url\":\"https:\/\/psicoclinicabarcelona.com\/ca\/psicologia-infantil-problemes-aprenentatge\/\",\"name\":\"Psicologia infantil problemes daprenentatge. Terapia nens\",\"isPartOf\":{\"@id\":\"https:\/\/psicoclinicabarcelona.com\/#website\"},\"primaryImageOfPage\":{\"@id\":\"https:\/\/psicoclinicabarcelona.com\/ca\/psicologia-infantil-problemes-aprenentatge\/#primaryimage\"},\"image\":{\"@id\":\"https:\/\/psicoclinicabarcelona.com\/ca\/psicologia-infantil-problemes-aprenentatge\/#primaryimage\"},\"thumbnailUrl\":\"https:\/\/psicoclinicabarcelona.com\/wp-content\/uploads\/2022\/07\/undraw_fatherhood_7i19-1.webp\",\"datePublished\":\"2017-02-09T13:25:10+00:00\",\"dateModified\":\"2023-05-02T11:06:57+00:00\",\"description\":\"PSICOCL\u00cdNICA BARCELONA. Psic\u00f2leg infantil. Ter\u00e0pia per a nens amb dificultats d'aprenentatge o trastorns de l'aprenentatge a Barcelona\",\"breadcrumb\":{\"@id\":\"https:\/\/psicoclinicabarcelona.com\/ca\/psicologia-infantil-problemes-aprenentatge\/#breadcrumb\"},\"inLanguage\":\"ca\",\"potentialAction\":[{\"@type\":\"ReadAction\",\"target\":[\"https:\/\/psicoclinicabarcelona.com\/ca\/psicologia-infantil-problemes-aprenentatge\/\"]}]},{\"@type\":\"ImageObject\",\"inLanguage\":\"ca\",\"@id\":\"https:\/\/psicoclinicabarcelona.com\/ca\/psicologia-infantil-problemes-aprenentatge\/#primaryimage\",\"url\":\"https:\/\/psicoclinicabarcelona.com\/wp-content\/uploads\/2022\/07\/undraw_fatherhood_7i19-1.webp\",\"contentUrl\":\"https:\/\/psicoclinicabarcelona.com\/wp-content\/uploads\/2022\/07\/undraw_fatherhood_7i19-1.webp\"},{\"@type\":\"BreadcrumbList\",\"@id\":\"https:\/\/psicoclinicabarcelona.com\/ca\/psicologia-infantil-problemes-aprenentatge\/#breadcrumb\",\"itemListElement\":[{\"@type\":\"ListItem\",\"position\":1,\"name\":\"Portada\",\"item\":\"https:\/\/psicoclinicabarcelona.com\/ca\/\"},{\"@type\":\"ListItem\",\"position\":2,\"name\":\"Trastorns de l&#8217;aprenentatge\"}]},{\"@type\":\"WebSite\",\"@id\":\"https:\/\/psicoclinicabarcelona.com\/#website\",\"url\":\"https:\/\/psicoclinicabarcelona.com\/\",\"name\":\"Psicocl\u00ednica Barcelona\",\"description\":\"Posiblemente el mejor psic\u00f3logo en Barcelona o la mejor psic\u00f3loga de Barcelona. Ll\u00e1manos sin compromiso al 935 414 478\",\"publisher\":{\"@id\":\"https:\/\/psicoclinicabarcelona.com\/#organization\"},\"alternateName\":\"Psicocl\u00ednica Barcelona\",\"potentialAction\":[{\"@type\":\"SearchAction\",\"target\":{\"@type\":\"EntryPoint\",\"urlTemplate\":\"https:\/\/psicoclinicabarcelona.com\/?s={search_term_string}\"},\"query-input\":{\"@type\":\"PropertyValueSpecification\",\"valueRequired\":true,\"valueName\":\"search_term_string\"}}],\"inLanguage\":\"ca\"},{\"@type\":\"Organization\",\"@id\":\"https:\/\/psicoclinicabarcelona.com\/#organization\",\"name\":\"Psicocl\u00ednica Barcelona\",\"alternateName\":\"Psicocl\u00ednica Barcelona\",\"url\":\"https:\/\/psicoclinicabarcelona.com\/\",\"logo\":{\"@type\":\"ImageObject\",\"inLanguage\":\"ca\",\"@id\":\"https:\/\/psicoclinicabarcelona.com\/#\/schema\/logo\/image\/\",\"url\":\"https:\/\/psicoclinicabarcelona.com\/wp-content\/uploads\/2015\/04\/psicologos-barcelona.png\",\"contentUrl\":\"https:\/\/psicoclinicabarcelona.com\/wp-content\/uploads\/2015\/04\/psicologos-barcelona.png\",\"width\":178,\"height\":62,\"caption\":\"Psicocl\u00ednica Barcelona\"},\"image\":{\"@id\":\"https:\/\/psicoclinicabarcelona.com\/#\/schema\/logo\/image\/\"},\"sameAs\":[\"https:\/\/www.facebook.com\/PsicoclinicaBarcelona\/\",\"https:\/\/x.com\/psicoclinicabcn\",\"https:\/\/www.linkedin.com\/company\/psicocl\u00ednica-barcelona\/\",\"https:\/\/www.instagram.com\/psicoclinicabarcelona\/\",\"https:\/\/www.youtube.com\/channel\/UCcc-5_wC56giASuT0XDr87Q\"]}]}<\/script>\n<!-- \/ Yoast SEO plugin. -->","yoast_head_json":{"title":"Psicologia infantil problemes daprenentatge. Terapia nens","description":"PSICOCL\u00cdNICA BARCELONA. Psic\u00f2leg infantil. Ter\u00e0pia per a nens amb dificultats d'aprenentatge o trastorns de l'aprenentatge a Barcelona","robots":{"index":"index","follow":"follow","max-snippet":"max-snippet:-1","max-image-preview":"max-image-preview:large","max-video-preview":"max-video-preview:-1"},"canonical":"https:\/\/psicoclinicabarcelona.com\/ca\/psicologia-infantil-problemes-aprenentatge\/","og_locale":"ca_ES","og_type":"article","og_title":"Psicologia infantil problemes daprenentatge. Terapia nens","og_description":"PSICOCL\u00cdNICA BARCELONA. Psic\u00f2leg infantil. Ter\u00e0pia per a nens amb dificultats d'aprenentatge o trastorns de l'aprenentatge a Barcelona","og_url":"https:\/\/psicoclinicabarcelona.com\/ca\/psicologia-infantil-problemes-aprenentatge\/","og_site_name":"Psicocl\u00ednica Barcelona","article_publisher":"https:\/\/www.facebook.com\/PsicoclinicaBarcelona\/","article_modified_time":"2023-05-02T11:06:57+00:00","og_image":[{"url":"https:\/\/psicoclinicabarcelona.com\/wp-content\/uploads\/2022\/07\/undraw_fatherhood_7i19-1.webp","type":"","width":"","height":""}],"twitter_misc":{"Temps estimat de lectura":"5 minuts"},"schema":{"@context":"https:\/\/schema.org","@graph":[{"@type":"WebPage","@id":"https:\/\/psicoclinicabarcelona.com\/ca\/psicologia-infantil-problemes-aprenentatge\/","url":"https:\/\/psicoclinicabarcelona.com\/ca\/psicologia-infantil-problemes-aprenentatge\/","name":"Psicologia infantil problemes daprenentatge. Terapia nens","isPartOf":{"@id":"https:\/\/psicoclinicabarcelona.com\/#website"},"primaryImageOfPage":{"@id":"https:\/\/psicoclinicabarcelona.com\/ca\/psicologia-infantil-problemes-aprenentatge\/#primaryimage"},"image":{"@id":"https:\/\/psicoclinicabarcelona.com\/ca\/psicologia-infantil-problemes-aprenentatge\/#primaryimage"},"thumbnailUrl":"https:\/\/psicoclinicabarcelona.com\/wp-content\/uploads\/2022\/07\/undraw_fatherhood_7i19-1.webp","datePublished":"2017-02-09T13:25:10+00:00","dateModified":"2023-05-02T11:06:57+00:00","description":"PSICOCL\u00cdNICA BARCELONA. Psic\u00f2leg infantil. Ter\u00e0pia per a nens amb dificultats d'aprenentatge o trastorns de l'aprenentatge a Barcelona","breadcrumb":{"@id":"https:\/\/psicoclinicabarcelona.com\/ca\/psicologia-infantil-problemes-aprenentatge\/#breadcrumb"},"inLanguage":"ca","potentialAction":[{"@type":"ReadAction","target":["https:\/\/psicoclinicabarcelona.com\/ca\/psicologia-infantil-problemes-aprenentatge\/"]}]},{"@type":"ImageObject","inLanguage":"ca","@id":"https:\/\/psicoclinicabarcelona.com\/ca\/psicologia-infantil-problemes-aprenentatge\/#primaryimage","url":"https:\/\/psicoclinicabarcelona.com\/wp-content\/uploads\/2022\/07\/undraw_fatherhood_7i19-1.webp","contentUrl":"https:\/\/psicoclinicabarcelona.com\/wp-content\/uploads\/2022\/07\/undraw_fatherhood_7i19-1.webp"},{"@type":"BreadcrumbList","@id":"https:\/\/psicoclinicabarcelona.com\/ca\/psicologia-infantil-problemes-aprenentatge\/#breadcrumb","itemListElement":[{"@type":"ListItem","position":1,"name":"Portada","item":"https:\/\/psicoclinicabarcelona.com\/ca\/"},{"@type":"ListItem","position":2,"name":"Trastorns de l&#8217;aprenentatge"}]},{"@type":"WebSite","@id":"https:\/\/psicoclinicabarcelona.com\/#website","url":"https:\/\/psicoclinicabarcelona.com\/","name":"Psicocl\u00ednica Barcelona","description":"Posiblemente el mejor psic\u00f3logo en Barcelona o la mejor psic\u00f3loga de Barcelona. Ll\u00e1manos sin compromiso al 935 414 478","publisher":{"@id":"https:\/\/psicoclinicabarcelona.com\/#organization"},"alternateName":"Psicocl\u00ednica Barcelona","potentialAction":[{"@type":"SearchAction","target":{"@type":"EntryPoint","urlTemplate":"https:\/\/psicoclinicabarcelona.com\/?s={search_term_string}"},"query-input":{"@type":"PropertyValueSpecification","valueRequired":true,"valueName":"search_term_string"}}],"inLanguage":"ca"},{"@type":"Organization","@id":"https:\/\/psicoclinicabarcelona.com\/#organization","name":"Psicocl\u00ednica Barcelona","alternateName":"Psicocl\u00ednica Barcelona","url":"https:\/\/psicoclinicabarcelona.com\/","logo":{"@type":"ImageObject","inLanguage":"ca","@id":"https:\/\/psicoclinicabarcelona.com\/#\/schema\/logo\/image\/","url":"https:\/\/psicoclinicabarcelona.com\/wp-content\/uploads\/2015\/04\/psicologos-barcelona.png","contentUrl":"https:\/\/psicoclinicabarcelona.com\/wp-content\/uploads\/2015\/04\/psicologos-barcelona.png","width":178,"height":62,"caption":"Psicocl\u00ednica Barcelona"},"image":{"@id":"https:\/\/psicoclinicabarcelona.com\/#\/schema\/logo\/image\/"},"sameAs":["https:\/\/www.facebook.com\/PsicoclinicaBarcelona\/","https:\/\/x.com\/psicoclinicabcn","https:\/\/www.linkedin.com\/company\/psicocl\u00ednica-barcelona\/","https:\/\/www.instagram.com\/psicoclinicabarcelona\/","https:\/\/www.youtube.com\/channel\/UCcc-5_wC56giASuT0XDr87Q"]}]}},"_links":{"self":[{"href":"https:\/\/psicoclinicabarcelona.com\/ca\/wp-json\/wp\/v2\/pages\/6132"}],"collection":[{"href":"https:\/\/psicoclinicabarcelona.com\/ca\/wp-json\/wp\/v2\/pages"}],"about":[{"href":"https:\/\/psicoclinicabarcelona.com\/ca\/wp-json\/wp\/v2\/types\/page"}],"author":[{"embeddable":true,"href":"https:\/\/psicoclinicabarcelona.com\/ca\/wp-json\/wp\/v2\/users\/5"}],"replies":[{"embeddable":true,"href":"https:\/\/psicoclinicabarcelona.com\/ca\/wp-json\/wp\/v2\/comments?post=6132"}],"version-history":[{"count":5,"href":"https:\/\/psicoclinicabarcelona.com\/ca\/wp-json\/wp\/v2\/pages\/6132\/revisions"}],"predecessor-version":[{"id":6471,"href":"https:\/\/psicoclinicabarcelona.com\/ca\/wp-json\/wp\/v2\/pages\/6132\/revisions\/6471"}],"wp:attachment":[{"href":"https:\/\/psicoclinicabarcelona.com\/ca\/wp-json\/wp\/v2\/media?parent=6132"}],"curies":[{"name":"wp","href":"https:\/\/api.w.org\/{rel}","templated":true}]}}