{"id":6162,"date":"2015-08-30T14:48:58","date_gmt":"2015-08-30T14:48:58","guid":{"rendered":"https:\/\/psicoclinicabarcelona.com\/alteraciones-trastornos-psicosomaticos\/"},"modified":"2023-04-27T12:34:39","modified_gmt":"2023-04-27T10:34:39","slug":"alteracions-trastorns-psicosomatics","status":"publish","type":"page","link":"https:\/\/psicoclinicabarcelona.com\/ca\/alteracions-trastorns-psicosomatics\/","title":{"rendered":"Alteracions i trastorns psicosom\u00e0tics"},"content":{"rendered":"[vc_row][vc_column width=&#8221;1\/2&#8243;][vc_column_text]<strong>El psicosom\u00e0tic est\u00e0 situat a la frontera entre la psiquiatria i la medicina<\/strong>. De fet, es caracteritza per la pres\u00e8ncia de simptomatologia som\u00e0tica relacionada amb factors psicol\u00f2gics. Sens dubte, aquest plantejament \u00e9s fruit duna concepci\u00f3 dual de l\u00e9sser hum\u00e0. \u00c9s a dir, de la concepci\u00f3 de la persona com un territori en qu\u00e8 coexisteixen dues parcel\u00b7les independents, la som\u00e0tica i la ps\u00edquica, una idea equivocada encara que plenament vigent a la pr\u00e0ctica m\u00e8dica.<\/p>\n<h2>Definici\u00f3 de les alteracions psicosom\u00e0tiques<\/h2>\n<p>El terme de somatitzaci\u00f3 ha estat utilitzat de forma cl\u00e0ssica per tal de descriure un proc\u00e9s inconscient a trav\u00e9s del qual <strong>l&#8217;individu tradueix un malestar emocional en queixes som\u00e0tiques<\/strong>. D&#8217;aquesta manera, apareixen una s\u00e8rie de s\u00edmptomes o signes f\u00edsics, d&#8217;intensitat suficient per ser considerats de manera cl\u00ednica, i per als quals no hi ha cap explicaci\u00f3 m\u00e8dica, suposant-los en conseq\u00fc\u00e8ncia un substrat psicol\u00f2gic. El concepte de psicosom\u00e0tica va sorgir a partir de l&#8217;observaci\u00f3 de les associacions entre diferents experi\u00e8ncies emocionals i l&#8217;aparici\u00f3 d&#8217;algunes alteracions som\u00e0tiques.[\/vc_column_text][\/vc_column][vc_column width=&#8221;1\/2&#8243;][vc_column_text]<img decoding=\"async\" class=\"aligncenter wp-image-5647 size-full\" src=\"https:\/\/psicoclinicabarcelona.com\/wp-content\/uploads\/2022\/07\/undraw_void_3ggu.png\" alt=\"trastornos psicosom\u00e1ticos\" width=\"1038\" height=\"995\" srcset=\"https:\/\/psicoclinicabarcelona.com\/wp-content\/uploads\/2022\/07\/undraw_void_3ggu.png 1038w, https:\/\/psicoclinicabarcelona.com\/wp-content\/uploads\/2022\/07\/undraw_void_3ggu-300x288.png 300w, https:\/\/psicoclinicabarcelona.com\/wp-content\/uploads\/2022\/07\/undraw_void_3ggu-1024x982.png 1024w, https:\/\/psicoclinicabarcelona.com\/wp-content\/uploads\/2022\/07\/undraw_void_3ggu-768x736.png 768w, https:\/\/psicoclinicabarcelona.com\/wp-content\/uploads\/2022\/07\/undraw_void_3ggu-600x575.png 600w\" sizes=\"(max-width: 1038px) 100vw, 1038px\" \/>[\/vc_column_text][\/vc_column][vc_column][vc_column_text]Al principi es va centrar en els 7 trastorns cl\u00e0ssics: hipertensi\u00f3, tirotoxicosi, colitis ulcerosa, ulcus p\u00e8ptic, migranya, asma cronquial i artritis reumatoide. Tot i aix\u00f2,\u00a0<strong>a dia d&#8217;avui la medicina psicosom\u00e0tica no pot limitar-se nom\u00e9s a un grup limitat de trastorns<\/strong>, sin\u00f3 que planteja que l&#8217;organisme hum\u00e0 \u00e9s indivisiblement psicosom\u00e0tic i que totes les malalties es veuen influ\u00efdes de manera conjunta per factors biol\u00f2gics i psicol\u00f2gics.<\/p>\n<p>Com a conseq\u00fc\u00e8ncia, la psiquiatria actual ha establert com a <strong>Trastorn de Somatitzaci\u00f3<\/strong>\u00a0a la pres\u00e8ncia al llarg de la vida de m\u00faltiples s\u00edmptomes som\u00e0tics cl\u00ednicament rellevants que afecten diferents aparells i sistemes (en general una combinaci\u00f3 de s\u00edmptomes gastrointestinals, sexuals, neurol\u00f2gics i de dolor), sense evid\u00e8ncia de causa org\u00e0nica que ho justifiqui i sense que tampoc siguin simulats, ni provocats de forma intencionada.<\/p>\n<h2>Causes dels trastorns psicosom\u00e0tics<\/h2>\n<h3>Causes<\/h3>\n<p>La causa d&#8217;aquests s\u00edmptomes som\u00e0tics \u00e9s inexplicable si ens limitem a la via purament m\u00e8dica perqu\u00e8 t\u00e9 una <strong>causa psicol\u00f2gica<\/strong>.<\/p>\n<h3>Tractament<\/h3>\n<p>Al nostre centre de <strong>psicoter\u00e0pia a Barcelona<\/strong> disposem de tot el necessari per proporcionar-li l&#8217;ajuda que necessita. \u00c9s probable que a hores d&#8217;ara hagi recorregut les consultes de diferents metges sense que cap hagi estat capa\u00e7 de donar-li una soluci\u00f3 que acabi amb el seu malestar. Tot i aix\u00f2, com hem afirmat la ra\u00f3 no \u00e9s altra que l&#8217;arrel psicol\u00f2gica del seu estat. Pot ser que alguns dels f\u00e0rmacs que us hagin receptat hagin pogut pal\u00b7liar els s\u00edmptomes f\u00edsics, el dolor, etc. Per\u00f2 fins que no inici\u00ef un\u00a0<strong>tractament de trastorns psicosom\u00e0tics<\/strong>\u00a0no aconseguir\u00e0 cap resultat definitiu.<\/p>\n<p>A trav\u00e9s de l&#8217;atenci\u00f3 d&#8217;una psic\u00f2loga de Barcelona que us proporcionar\u00e0 una <strong>atenci\u00f3 professional i individualitzada<\/strong>, us oferirem les eines necess\u00e0ries perqu\u00e8 pugui fer front a la vostra situaci\u00f3 i sigui capa\u00e7 de recuperar el vostre benestar. Independentment de quina mena de malestar sigui el que est\u00e0 patint al nostre centre trobareu la <strong>ter\u00e0pia per a trastorns psicosom\u00e0tics a Barcelona<\/strong> que necessita.[\/vc_column_text][\/vc_column][\/vc_row]\n","protected":false},"excerpt":{"rendered":"<p>[vc_row][vc_column width=&#8221;1\/2&#8243;][vc_column_text]El psicosom\u00e0tic est\u00e0 situat a la frontera entre la psiquiatria i la medicina. De fet, es caracteritza per la pres\u00e8ncia de simptomatologia som\u00e0tica relacionada amb factors psicol\u00f2gics. Sens dubte, aquest plantejament \u00e9s fruit duna concepci\u00f3 dual de l\u00e9sser hum\u00e0. \u00c9s a dir, de la concepci\u00f3 de la persona com un territori en qu\u00e8 coexisteixen&hellip;<\/p>\n","protected":false},"author":2,"featured_media":0,"parent":0,"menu_order":0,"comment_status":"open","ping_status":"open","template":"","meta":{"footnotes":""},"class_list":["post-6162","page","type-page","status-publish","hentry","entry","no-media"],"yoast_head":"<!-- This site is optimized with the Yoast SEO plugin v24.6 - https:\/\/yoast.com\/wordpress\/plugins\/seo\/ -->\n<title>Alteracions psicosomatiques. Trastorns psicosomatics<\/title>\n<meta name=\"description\" content=\"PSICOCL\u00cdNICA BARCELONA. Tractament i ter\u00e0pia per a trastorns psicosom\u00e0tics a Barcelona. Truca sense comprom\u00eds al 640067146\" \/>\n<meta name=\"robots\" content=\"index, follow, max-snippet:-1, max-image-preview:large, max-video-preview:-1\" \/>\n<link rel=\"canonical\" href=\"https:\/\/psicoclinicabarcelona.com\/ca\/alteracions-trastorns-psicosomatics\/\" \/>\n<meta property=\"og:locale\" content=\"ca_ES\" \/>\n<meta property=\"og:type\" content=\"article\" \/>\n<meta property=\"og:title\" content=\"Alteracions psicosomatiques. Trastorns psicosomatics\" \/>\n<meta property=\"og:description\" content=\"PSICOCL\u00cdNICA BARCELONA. Tractament i ter\u00e0pia per a trastorns psicosom\u00e0tics a Barcelona. Truca sense comprom\u00eds al 640067146\" \/>\n<meta property=\"og:url\" content=\"https:\/\/psicoclinicabarcelona.com\/ca\/alteracions-trastorns-psicosomatics\/\" \/>\n<meta property=\"og:site_name\" content=\"Psicocl\u00ednica Barcelona\" \/>\n<meta property=\"article:publisher\" content=\"https:\/\/www.facebook.com\/PsicoclinicaBarcelona\/\" \/>\n<meta property=\"article:modified_time\" content=\"2023-04-27T10:34:39+00:00\" \/>\n<meta property=\"og:image\" content=\"https:\/\/psicoclinicabarcelona.com\/wp-content\/uploads\/2022\/07\/undraw_void_3ggu.png\" \/>\n<meta name=\"twitter:label1\" content=\"Temps estimat de lectura\" \/>\n\t<meta name=\"twitter:data1\" content=\"3 minuts\" \/>\n<script type=\"application\/ld+json\" class=\"yoast-schema-graph\">{\"@context\":\"https:\/\/schema.org\",\"@graph\":[{\"@type\":\"WebPage\",\"@id\":\"https:\/\/psicoclinicabarcelona.com\/ca\/alteracions-trastorns-psicosomatics\/\",\"url\":\"https:\/\/psicoclinicabarcelona.com\/ca\/alteracions-trastorns-psicosomatics\/\",\"name\":\"Alteracions psicosomatiques. Trastorns psicosomatics\",\"isPartOf\":{\"@id\":\"https:\/\/psicoclinicabarcelona.com\/#website\"},\"primaryImageOfPage\":{\"@id\":\"https:\/\/psicoclinicabarcelona.com\/ca\/alteracions-trastorns-psicosomatics\/#primaryimage\"},\"image\":{\"@id\":\"https:\/\/psicoclinicabarcelona.com\/ca\/alteracions-trastorns-psicosomatics\/#primaryimage\"},\"thumbnailUrl\":\"https:\/\/psicoclinicabarcelona.com\/wp-content\/uploads\/2022\/07\/undraw_void_3ggu.png\",\"datePublished\":\"2015-08-30T14:48:58+00:00\",\"dateModified\":\"2023-04-27T10:34:39+00:00\",\"description\":\"PSICOCL\u00cdNICA BARCELONA. Tractament i ter\u00e0pia per a trastorns psicosom\u00e0tics a Barcelona. Truca sense comprom\u00eds al 640067146\",\"breadcrumb\":{\"@id\":\"https:\/\/psicoclinicabarcelona.com\/ca\/alteracions-trastorns-psicosomatics\/#breadcrumb\"},\"inLanguage\":\"ca\",\"potentialAction\":[{\"@type\":\"ReadAction\",\"target\":[\"https:\/\/psicoclinicabarcelona.com\/ca\/alteracions-trastorns-psicosomatics\/\"]}]},{\"@type\":\"ImageObject\",\"inLanguage\":\"ca\",\"@id\":\"https:\/\/psicoclinicabarcelona.com\/ca\/alteracions-trastorns-psicosomatics\/#primaryimage\",\"url\":\"https:\/\/psicoclinicabarcelona.com\/wp-content\/uploads\/2022\/07\/undraw_void_3ggu.png\",\"contentUrl\":\"https:\/\/psicoclinicabarcelona.com\/wp-content\/uploads\/2022\/07\/undraw_void_3ggu.png\"},{\"@type\":\"BreadcrumbList\",\"@id\":\"https:\/\/psicoclinicabarcelona.com\/ca\/alteracions-trastorns-psicosomatics\/#breadcrumb\",\"itemListElement\":[{\"@type\":\"ListItem\",\"position\":1,\"name\":\"Portada\",\"item\":\"https:\/\/psicoclinicabarcelona.com\/ca\/\"},{\"@type\":\"ListItem\",\"position\":2,\"name\":\"Alteracions i trastorns psicosom\u00e0tics\"}]},{\"@type\":\"WebSite\",\"@id\":\"https:\/\/psicoclinicabarcelona.com\/#website\",\"url\":\"https:\/\/psicoclinicabarcelona.com\/\",\"name\":\"Psicocl\u00ednica Barcelona\",\"description\":\"Posiblemente el mejor psic\u00f3logo en Barcelona o la mejor psic\u00f3loga de Barcelona. Ll\u00e1manos sin compromiso al 935 414 478\",\"publisher\":{\"@id\":\"https:\/\/psicoclinicabarcelona.com\/#organization\"},\"alternateName\":\"Psicocl\u00ednica Barcelona\",\"potentialAction\":[{\"@type\":\"SearchAction\",\"target\":{\"@type\":\"EntryPoint\",\"urlTemplate\":\"https:\/\/psicoclinicabarcelona.com\/?s={search_term_string}\"},\"query-input\":{\"@type\":\"PropertyValueSpecification\",\"valueRequired\":true,\"valueName\":\"search_term_string\"}}],\"inLanguage\":\"ca\"},{\"@type\":\"Organization\",\"@id\":\"https:\/\/psicoclinicabarcelona.com\/#organization\",\"name\":\"Psicocl\u00ednica Barcelona\",\"alternateName\":\"Psicocl\u00ednica Barcelona\",\"url\":\"https:\/\/psicoclinicabarcelona.com\/\",\"logo\":{\"@type\":\"ImageObject\",\"inLanguage\":\"ca\",\"@id\":\"https:\/\/psicoclinicabarcelona.com\/#\/schema\/logo\/image\/\",\"url\":\"https:\/\/psicoclinicabarcelona.com\/wp-content\/uploads\/2015\/04\/psicologos-barcelona.png\",\"contentUrl\":\"https:\/\/psicoclinicabarcelona.com\/wp-content\/uploads\/2015\/04\/psicologos-barcelona.png\",\"width\":178,\"height\":62,\"caption\":\"Psicocl\u00ednica Barcelona\"},\"image\":{\"@id\":\"https:\/\/psicoclinicabarcelona.com\/#\/schema\/logo\/image\/\"},\"sameAs\":[\"https:\/\/www.facebook.com\/PsicoclinicaBarcelona\/\",\"https:\/\/x.com\/psicoclinicabcn\",\"https:\/\/www.linkedin.com\/company\/psicocl\u00ednica-barcelona\/\",\"https:\/\/www.instagram.com\/psicoclinicabarcelona\/\",\"https:\/\/www.youtube.com\/channel\/UCcc-5_wC56giASuT0XDr87Q\"]}]}<\/script>\n<!-- \/ Yoast SEO plugin. -->","yoast_head_json":{"title":"Alteracions psicosomatiques. Trastorns psicosomatics","description":"PSICOCL\u00cdNICA BARCELONA. Tractament i ter\u00e0pia per a trastorns psicosom\u00e0tics a Barcelona. Truca sense comprom\u00eds al 640067146","robots":{"index":"index","follow":"follow","max-snippet":"max-snippet:-1","max-image-preview":"max-image-preview:large","max-video-preview":"max-video-preview:-1"},"canonical":"https:\/\/psicoclinicabarcelona.com\/ca\/alteracions-trastorns-psicosomatics\/","og_locale":"ca_ES","og_type":"article","og_title":"Alteracions psicosomatiques. Trastorns psicosomatics","og_description":"PSICOCL\u00cdNICA BARCELONA. Tractament i ter\u00e0pia per a trastorns psicosom\u00e0tics a Barcelona. Truca sense comprom\u00eds al 640067146","og_url":"https:\/\/psicoclinicabarcelona.com\/ca\/alteracions-trastorns-psicosomatics\/","og_site_name":"Psicocl\u00ednica Barcelona","article_publisher":"https:\/\/www.facebook.com\/PsicoclinicaBarcelona\/","article_modified_time":"2023-04-27T10:34:39+00:00","og_image":[{"url":"https:\/\/psicoclinicabarcelona.com\/wp-content\/uploads\/2022\/07\/undraw_void_3ggu.png","type":"","width":"","height":""}],"twitter_misc":{"Temps estimat de lectura":"3 minuts"},"schema":{"@context":"https:\/\/schema.org","@graph":[{"@type":"WebPage","@id":"https:\/\/psicoclinicabarcelona.com\/ca\/alteracions-trastorns-psicosomatics\/","url":"https:\/\/psicoclinicabarcelona.com\/ca\/alteracions-trastorns-psicosomatics\/","name":"Alteracions psicosomatiques. Trastorns psicosomatics","isPartOf":{"@id":"https:\/\/psicoclinicabarcelona.com\/#website"},"primaryImageOfPage":{"@id":"https:\/\/psicoclinicabarcelona.com\/ca\/alteracions-trastorns-psicosomatics\/#primaryimage"},"image":{"@id":"https:\/\/psicoclinicabarcelona.com\/ca\/alteracions-trastorns-psicosomatics\/#primaryimage"},"thumbnailUrl":"https:\/\/psicoclinicabarcelona.com\/wp-content\/uploads\/2022\/07\/undraw_void_3ggu.png","datePublished":"2015-08-30T14:48:58+00:00","dateModified":"2023-04-27T10:34:39+00:00","description":"PSICOCL\u00cdNICA BARCELONA. Tractament i ter\u00e0pia per a trastorns psicosom\u00e0tics a Barcelona. Truca sense comprom\u00eds al 640067146","breadcrumb":{"@id":"https:\/\/psicoclinicabarcelona.com\/ca\/alteracions-trastorns-psicosomatics\/#breadcrumb"},"inLanguage":"ca","potentialAction":[{"@type":"ReadAction","target":["https:\/\/psicoclinicabarcelona.com\/ca\/alteracions-trastorns-psicosomatics\/"]}]},{"@type":"ImageObject","inLanguage":"ca","@id":"https:\/\/psicoclinicabarcelona.com\/ca\/alteracions-trastorns-psicosomatics\/#primaryimage","url":"https:\/\/psicoclinicabarcelona.com\/wp-content\/uploads\/2022\/07\/undraw_void_3ggu.png","contentUrl":"https:\/\/psicoclinicabarcelona.com\/wp-content\/uploads\/2022\/07\/undraw_void_3ggu.png"},{"@type":"BreadcrumbList","@id":"https:\/\/psicoclinicabarcelona.com\/ca\/alteracions-trastorns-psicosomatics\/#breadcrumb","itemListElement":[{"@type":"ListItem","position":1,"name":"Portada","item":"https:\/\/psicoclinicabarcelona.com\/ca\/"},{"@type":"ListItem","position":2,"name":"Alteracions i trastorns psicosom\u00e0tics"}]},{"@type":"WebSite","@id":"https:\/\/psicoclinicabarcelona.com\/#website","url":"https:\/\/psicoclinicabarcelona.com\/","name":"Psicocl\u00ednica Barcelona","description":"Posiblemente el mejor psic\u00f3logo en Barcelona o la mejor psic\u00f3loga de Barcelona. Ll\u00e1manos sin compromiso al 935 414 478","publisher":{"@id":"https:\/\/psicoclinicabarcelona.com\/#organization"},"alternateName":"Psicocl\u00ednica Barcelona","potentialAction":[{"@type":"SearchAction","target":{"@type":"EntryPoint","urlTemplate":"https:\/\/psicoclinicabarcelona.com\/?s={search_term_string}"},"query-input":{"@type":"PropertyValueSpecification","valueRequired":true,"valueName":"search_term_string"}}],"inLanguage":"ca"},{"@type":"Organization","@id":"https:\/\/psicoclinicabarcelona.com\/#organization","name":"Psicocl\u00ednica Barcelona","alternateName":"Psicocl\u00ednica Barcelona","url":"https:\/\/psicoclinicabarcelona.com\/","logo":{"@type":"ImageObject","inLanguage":"ca","@id":"https:\/\/psicoclinicabarcelona.com\/#\/schema\/logo\/image\/","url":"https:\/\/psicoclinicabarcelona.com\/wp-content\/uploads\/2015\/04\/psicologos-barcelona.png","contentUrl":"https:\/\/psicoclinicabarcelona.com\/wp-content\/uploads\/2015\/04\/psicologos-barcelona.png","width":178,"height":62,"caption":"Psicocl\u00ednica Barcelona"},"image":{"@id":"https:\/\/psicoclinicabarcelona.com\/#\/schema\/logo\/image\/"},"sameAs":["https:\/\/www.facebook.com\/PsicoclinicaBarcelona\/","https:\/\/x.com\/psicoclinicabcn","https:\/\/www.linkedin.com\/company\/psicocl\u00ednica-barcelona\/","https:\/\/www.instagram.com\/psicoclinicabarcelona\/","https:\/\/www.youtube.com\/channel\/UCcc-5_wC56giASuT0XDr87Q"]}]}},"_links":{"self":[{"href":"https:\/\/psicoclinicabarcelona.com\/ca\/wp-json\/wp\/v2\/pages\/6162"}],"collection":[{"href":"https:\/\/psicoclinicabarcelona.com\/ca\/wp-json\/wp\/v2\/pages"}],"about":[{"href":"https:\/\/psicoclinicabarcelona.com\/ca\/wp-json\/wp\/v2\/types\/page"}],"author":[{"embeddable":true,"href":"https:\/\/psicoclinicabarcelona.com\/ca\/wp-json\/wp\/v2\/users\/2"}],"replies":[{"embeddable":true,"href":"https:\/\/psicoclinicabarcelona.com\/ca\/wp-json\/wp\/v2\/comments?post=6162"}],"version-history":[{"count":4,"href":"https:\/\/psicoclinicabarcelona.com\/ca\/wp-json\/wp\/v2\/pages\/6162\/revisions"}],"predecessor-version":[{"id":6435,"href":"https:\/\/psicoclinicabarcelona.com\/ca\/wp-json\/wp\/v2\/pages\/6162\/revisions\/6435"}],"wp:attachment":[{"href":"https:\/\/psicoclinicabarcelona.com\/ca\/wp-json\/wp\/v2\/media?parent=6162"}],"curies":[{"name":"wp","href":"https:\/\/api.w.org\/{rel}","templated":true}]}}