{"id":6166,"date":"2015-08-30T14:49:27","date_gmt":"2015-08-30T14:49:27","guid":{"rendered":"https:\/\/psicoclinicabarcelona.com\/tratamiento-terapia-adicciones\/"},"modified":"2024-01-05T13:21:11","modified_gmt":"2024-01-05T12:21:11","slug":"tractament-terapia-addiccions","status":"publish","type":"page","link":"https:\/\/psicoclinicabarcelona.com\/ca\/tractament-terapia-addiccions\/","title":{"rendered":"Ter\u00e0pia addiccions"},"content":{"rendered":"[vc_row][vc_column width=&#8221;1\/2&#8243;][vc_column_text]L&#8217;addicci\u00f3 sembla un fenomen relativament recent. Tot i aix\u00f2, des de l&#8217;antiguitat el desig de modificar el nivell de consci\u00e8ncia i l&#8217;estat d&#8217;\u00e0nim han estat factors que han contribu\u00eft que l&#8217;\u00e9sser hum\u00e0 consumeixi una gran varietat de subst\u00e0ncies psicoactives. A les cultures primitives hi havia una limitaci\u00f3 i socialitzaci\u00f3 de l&#8217;\u00fas d&#8217;aquestes subst\u00e0ncies que quedava restringit pr\u00e0cticament a determinades cerim\u00f2nies de tipus ritual i religi\u00f3s. Tot i aix\u00f2, tot aix\u00f2 s&#8217;ha vist modificat en els darrers temps, donant lloc a l&#8217;aparici\u00f3 de formes de consum altament patol\u00f2giques. Els progressos t\u00e8cnics efectuats en l&#8217;elaboraci\u00f3 i la manipulaci\u00f3 qu\u00edmica d&#8217;aquestes subst\u00e0ncies han perm\u00e8s obtenir o sintetitzar drogues cada vegada m\u00e9s potents i de m\u00e9s puresa. D&#8217;aquesta manera, si b\u00e9 durant l&#8217;\u00faltima meitat del segle XX les principals subst\u00e0ncies d&#8217;ab\u00fas i depend\u00e8ncia eren el <a href=\"https:\/\/psicoclinicabarcelona.com\/ca\/psicolegs-alcoholisme\/\">alcohol<\/a> i la nicotina, <strong>actualment el ventall de subst\u00e0ncies consumides per la societat s&#8217;ha vist ampliat de manera molt considerable<\/strong>.<\/p>\n<p>Si ens atenim a la <strong>definici\u00f3 d&#8217;addicte<\/strong>, aquest seria aquella persona que\u00a0<strong>t\u00e9 h\u00e0bit de conductes perilloses o de consum de determinats productes<\/strong>, especialment drogues, i que no pot prescindir de aix\u00f2 o li resulta molt dif\u00edcil fer-ho per raons de depend\u00e8ncia psicol\u00f2gica o fins i tot fisiol\u00f2gica. Per aix\u00f2, per <strong>sortir d&#8217;una addicci\u00f3<\/strong> es requereix de la intervenci\u00f3 dels <strong>sanitaris<\/strong> que acompanyen el pacient al llarg de tot el proc\u00e9s. A <strong>Psicocl\u00ednica Barcelona<\/strong> disposem dels millors professionals per <strong>ajudar els addictes a abandonar les addiccions<\/strong> que els impedeixen portar una vida amb total normalitat.[\/vc_column_text][\/vc_column][vc_column width=&#8221;1\/2&#8243;][vc_column_text css=&#8221;.vc_custom_1682590966309{margin-top: 30px !important;}&#8221;]<img decoding=\"async\" class=\"aligncenter wp-image-5651 size-full\" src=\"https:\/\/psicoclinicabarcelona.com\/wp-content\/uploads\/2022\/07\/adicciones-1.webp\" alt=\"tratamiento psicol\u00f3gico adicciones\" width=\"612\" height=\"474\" srcset=\"https:\/\/psicoclinicabarcelona.com\/wp-content\/uploads\/2022\/07\/adicciones-1.webp 612w, https:\/\/psicoclinicabarcelona.com\/wp-content\/uploads\/2022\/07\/adicciones-1-300x232.webp 300w, https:\/\/psicoclinicabarcelona.com\/wp-content\/uploads\/2022\/07\/adicciones-1-600x465.webp 600w\" sizes=\"(max-width: 612px) 100vw, 612px\" \/>[\/vc_column_text][\/vc_column][vc_column][vc_column_text]\n<h2>Psic\u00f2legs addiccions Barcelona<\/h2>\n<h3>Definici\u00f3<\/h3>\n<p>Addicci\u00f3: Tot i que el terme va ser encunyat al segle XIX, no es va veure acceptat pel vocabulari cient\u00edfic fins a principis d&#8217;aquest segle. Al llarg del segle XXI, el terme addicci\u00f3 igual que el de toxicomania, ha anat incorporant al seu significat cient\u00edfic una s\u00e8rie de connotacions morals i legals que ha fet aconsellable el reempla\u00e7ament pel de depend\u00e8ncia. En l&#8217;actualitat, per tant, s&#8217;utilitza el substantiu drogodependent per designar l&#8217;individu anteriorment denominat toxic\u00f2man o drogoaddicte, \u00e9s a dir, una <strong>persona addicta a les drogues<\/strong>.<\/p>\n<h3>La demanda de tractament<\/h3>\n<p>Al pacient drogodependent \u00e9s molt freq\u00fcent l&#8217;intent -la majoria de vegades repetitiu com a conseq\u00fc\u00e8ncia de les nombroses recaigudes que experimenta- de deixar l&#8217;agent t\u00f2xic sense ajuda externa. Nom\u00e9s quan ja \u00e9s evident que <strong>no \u00e9s possible abandonar el consum \u00fanicament amb l&#8217;esfor\u00e7 personal<\/strong>, s\u00f3n m\u00faltiples els factors que poden emp\u00e8nyer un drogodependent a sol\u00b7licitar ajuda terap\u00e8utica. En aquest sentit s\u00f3n freq\u00fcents les pressions familiars, econ\u00f2miques, laborals i\/o legals les que condueixen el pacient a iniciar un tractament espec\u00edfic per a la seva toxicomania, at\u00e8s que, en \u201csituacions \u00f2ptimes per al consum\u201d, molt pocs drogodependents sol\u00b7licitaran de manera espont\u00e0nia atenci\u00f3 d&#8217;un <strong>psic\u00f2leg expert en addiccions<\/strong> per deixar de consumir. Aix\u00f2 implica que un dels pressupostos que durant molt de temps ha estat considerat b\u00e0sic per poder aconseguir que un tractament sigui efica\u00e7 \u00e9s, precisament, l&#8217;exist\u00e8ncia de motivaci\u00f3, i aquest ha de ser reconsiderat. Si b\u00e9\u00a0<strong>\u00e9s impossible recuperar un drogodependent en contra de la seva voluntat<\/strong>, tampoc se li pot exigir com a premissa indispensable per iniciar una <strong>ter\u00e0pia per combatre addiccions<\/strong>, i molt menys se li pot demanar que demostri posseir una gran motivaci\u00f3 per deixar el t\u00f2xic, ja que la seva capacitat volitiva i de decisi\u00f3 estar\u00e0 sensiblement disminu\u00efda per la depend\u00e8ncia. No obstant aix\u00f2, el nostre equip de <a href=\"https:\/\/psicoclinicabarcelona.com\/ca\/psicoleg-adults-barcelona\/\">psic\u00f2legs especialitzats en el tractament d&#8217;adults<\/a> saben molt b\u00e9 el que fan.<\/p>\n<p>&nbsp;<\/p>\n<h2>Tractaments psicol\u00f2gics addiccions<\/h2>\n<h3>Les 4 fases del tractament:<\/h3>\n<p>1a. <strong>Desintoxicaci\u00f3<\/strong><\/p>\n<p>Proc\u00e9s a trav\u00e9s del qual el pacient aconsegueix deixar de consumir el t\u00f2xic de qu\u00e8 \u00e9s dependent i pot romandre abstinent sense experimentar una s\u00edndrome d&#8217;abstin\u00e8ncia aguda.<\/p>\n<p>2a.<strong> Deshabituaci\u00f3<\/strong><\/p>\n<p>Proc\u00e9s llarg i complex en qu\u00e8 el pacient pot adquirir m\u00e9s recursos amb qu\u00e8 fer front a situacions i conting\u00e8ncies que abans tendien a abocar-li al consum.<\/p>\n<p>3a. <strong>Reinserci\u00f3<\/strong><\/p>\n<p>Es caracteritza per ser la fase on el pacient porta els canvis produ\u00efts durant el tractament als \u00e0mbits laborals, familiars i socials del dia a dia.<\/p>\n<p>4a. <strong>Rehabilitaci\u00f3<\/strong><\/p>\n<p>T\u00e9 a veure amb poder construir una vida relativament satisfact\u00f2ria m\u00e9s enll\u00e0 del t\u00f2xic.<\/p>\n<p>Trobareu un efica\u00e7 <strong>tractament d&#8217;addiccions a Barcelona<\/strong> a la nostra cl\u00ednica psicol\u00f2gica especialitzada en addiccions. No nom\u00e9s li donarem les eines necess\u00e0ries per superar la seva addicci\u00f3, sin\u00f3 que <strong>li brindarem tot el suport que necessiti al llarg de tot el proc\u00e9s<\/strong> i romandrem a la seva disposici\u00f3 una vegada acabat el mateix per si en el futur sent que pot estar a prop d&#8217;una recaiguda.<\/p>\n<p>Per llegir m\u00e9s vegeu els seg\u00fcents articles:<\/p>\n<ul>\n<li><a href=\"https:\/\/psicoclinicabarcelona.com\/ca\/psicolegs-barcelona-droga-o-medicacio\/\">Droga o medicaci\u00f3?<\/a><\/li>\n<li><a href=\"https:\/\/psicoclinicabarcelona.com\/ca\/psicoleg-addiccions-barcelona-drogues-i-psicosi\/\">Drogues i psicosi<\/a><\/li>\n<li><a href=\"https:\/\/psicoclinicabarcelona.com\/ca\/psicoleg-addiccions-barcelona-drogues-i-psicosi-ii\/\">Drogues i psicosi II<\/a><\/li>\n<li><a href=\"https:\/\/psicoclinicabarcelona.com\/ca\/psicoleg-addicions-barcelona-addiccio-a-les-noves-tecnologies\/\">Addicci\u00f3 noves tecnologies<\/a><\/li>\n<li><a href=\"https:\/\/psicoclinicabarcelona.com\/ca\/psicoleg-addiccions-barcelona-claus-per-pensar-laddiccio-al-mobil\/\">Claus per pensar l&#8217;addicci\u00f3 al m\u00f2bil<\/a><\/li>\n<li><a href=\"https:\/\/psicoclinicabarcelona.com\/ca\/psicoleg-addiccions-barcelona-desconnectar-connectant-se\/\">Desconnectar desconnectant-se<\/a><\/li>\n<li><a href=\"https:\/\/psicoclinicabarcelona.com\/ca\/psicoleg-addiccions-barcelona-la-desintoxicacio-tecnologica\/\">La desintoxicaci\u00f3 tecnol\u00f2gica<\/a><\/li>\n<li><a href=\"https:\/\/psicoclinicabarcelona.com\/ca\/laddiccio-al-mobil\/\">L&#8217;addicci\u00f3 al m\u00f2bil<\/a><\/li>\n<li><a href=\"https:\/\/psicoclinicabarcelona.com\/ca\/psicoleg-addiccions-barcelona-les-drogues-en-la-societat-del-consum\/\">La guerra contra les drogues. Encara avui?<\/a><\/li>\n<li><a href=\"https:\/\/psicoclinicabarcelona.com\/ca\/psicoleg-addiccions-barcelona-deixar-les-drogues-es-impossible-si-saps-com\/\">Deixar les drogues \u00e9s impossible si saps com<\/a><\/li>\n<li><a href=\"https:\/\/psicoclinicabarcelona.com\/ca\/psicoleg-addiccions-barcelona-adolescencia-i-consum-de-drogues\/\">Consum de drogues a l&#8217;adolesc\u00e8ncia<\/a><\/li>\n<li><a href=\"https:\/\/psicoclinicabarcelona.com\/ca\/psicoleg-addicions-barcelona-deixar-la-droga\/\">Deixar les drogues<\/a><\/li>\n<li><a href=\"https:\/\/psicoclinicabarcelona.com\/ca\/psicoleg-adiccions-barcelona-la-patologia-dual\/\">La patologia dual<\/a><\/li>\n<li><a href=\"https:\/\/psicoclinicabarcelona.com\/ca\/psicoleg-addiccions-barcelona-la-causa-de-addiccio\/\">La causa de l&#8217;addicci\u00f3<\/a><\/li>\n<li><a href=\"https:\/\/psicoclinicabarcelona.com\/ca\/psicoleg-adiccions-barcelona-les-adiccions-una-falsa-solucio-davant-del-buit\/\">Les addiccions: una falsa soluci\u00f3 davant del buit<\/a><\/li>\n<\/ul>\n[\/vc_column_text][\/vc_column][\/vc_row]\n","protected":false},"excerpt":{"rendered":"<p>[vc_row][vc_column width=&#8221;1\/2&#8243;][vc_column_text]L&#8217;addicci\u00f3 sembla un fenomen relativament recent. Tot i aix\u00f2, des de l&#8217;antiguitat el desig de modificar el nivell de consci\u00e8ncia i l&#8217;estat d&#8217;\u00e0nim han estat factors que han contribu\u00eft que l&#8217;\u00e9sser hum\u00e0 consumeixi una gran varietat de subst\u00e0ncies psicoactives. A les cultures primitives hi havia una limitaci\u00f3 i socialitzaci\u00f3 de l&#8217;\u00fas d&#8217;aquestes subst\u00e0ncies que&hellip;<\/p>\n","protected":false},"author":2,"featured_media":0,"parent":0,"menu_order":0,"comment_status":"open","ping_status":"open","template":"","meta":{"footnotes":""},"class_list":["post-6166","page","type-page","status-publish","hentry","entry","no-media"],"yoast_head":"<!-- This site is optimized with the Yoast SEO plugin v24.6 - https:\/\/yoast.com\/wordpress\/plugins\/seo\/ -->\n<title>Tractament addiccions Barcelona. Psicolegs addiccions<\/title>\n<meta name=\"description\" content=\"PSICOCL\u00cdNICA BARCELONA. Ter\u00e0pia addiccions. Tractament psicol\u00f2gic efica\u00e7 per combatre addiccions a drogues o fins i tot a tecnologies.\" \/>\n<meta name=\"robots\" content=\"index, follow, max-snippet:-1, max-image-preview:large, max-video-preview:-1\" \/>\n<link rel=\"canonical\" href=\"https:\/\/psicoclinicabarcelona.com\/ca\/tractament-terapia-addiccions\/\" \/>\n<meta property=\"og:locale\" content=\"ca_ES\" \/>\n<meta property=\"og:type\" content=\"article\" \/>\n<meta property=\"og:title\" content=\"Tractament addiccions Barcelona. Psicolegs addiccions\" \/>\n<meta property=\"og:description\" content=\"PSICOCL\u00cdNICA BARCELONA. Ter\u00e0pia addiccions. Tractament psicol\u00f2gic efica\u00e7 per combatre addiccions a drogues o fins i tot a tecnologies.\" \/>\n<meta property=\"og:url\" content=\"https:\/\/psicoclinicabarcelona.com\/ca\/tractament-terapia-addiccions\/\" \/>\n<meta property=\"og:site_name\" content=\"Psicocl\u00ednica Barcelona\" \/>\n<meta property=\"article:publisher\" content=\"https:\/\/www.facebook.com\/PsicoclinicaBarcelona\/\" \/>\n<meta property=\"article:modified_time\" content=\"2024-01-05T12:21:11+00:00\" \/>\n<meta property=\"og:image\" content=\"https:\/\/psicoclinicabarcelona.com\/wp-content\/uploads\/2022\/07\/adicciones-1.webp\" \/>\n<meta name=\"twitter:label1\" content=\"Temps estimat de lectura\" \/>\n\t<meta name=\"twitter:data1\" content=\"4 minuts\" \/>\n<script type=\"application\/ld+json\" class=\"yoast-schema-graph\">{\"@context\":\"https:\/\/schema.org\",\"@graph\":[{\"@type\":\"WebPage\",\"@id\":\"https:\/\/psicoclinicabarcelona.com\/ca\/tractament-terapia-addiccions\/\",\"url\":\"https:\/\/psicoclinicabarcelona.com\/ca\/tractament-terapia-addiccions\/\",\"name\":\"Tractament addiccions Barcelona. Psicolegs addiccions\",\"isPartOf\":{\"@id\":\"https:\/\/psicoclinicabarcelona.com\/#website\"},\"primaryImageOfPage\":{\"@id\":\"https:\/\/psicoclinicabarcelona.com\/ca\/tractament-terapia-addiccions\/#primaryimage\"},\"image\":{\"@id\":\"https:\/\/psicoclinicabarcelona.com\/ca\/tractament-terapia-addiccions\/#primaryimage\"},\"thumbnailUrl\":\"https:\/\/psicoclinicabarcelona.com\/wp-content\/uploads\/2022\/07\/adicciones-1.webp\",\"datePublished\":\"2015-08-30T14:49:27+00:00\",\"dateModified\":\"2024-01-05T12:21:11+00:00\",\"description\":\"PSICOCL\u00cdNICA BARCELONA. Ter\u00e0pia addiccions. Tractament psicol\u00f2gic efica\u00e7 per combatre addiccions a drogues o fins i tot a tecnologies.\",\"breadcrumb\":{\"@id\":\"https:\/\/psicoclinicabarcelona.com\/ca\/tractament-terapia-addiccions\/#breadcrumb\"},\"inLanguage\":\"ca\",\"potentialAction\":[{\"@type\":\"ReadAction\",\"target\":[\"https:\/\/psicoclinicabarcelona.com\/ca\/tractament-terapia-addiccions\/\"]}]},{\"@type\":\"ImageObject\",\"inLanguage\":\"ca\",\"@id\":\"https:\/\/psicoclinicabarcelona.com\/ca\/tractament-terapia-addiccions\/#primaryimage\",\"url\":\"https:\/\/psicoclinicabarcelona.com\/wp-content\/uploads\/2022\/07\/adicciones-1.webp\",\"contentUrl\":\"https:\/\/psicoclinicabarcelona.com\/wp-content\/uploads\/2022\/07\/adicciones-1.webp\"},{\"@type\":\"BreadcrumbList\",\"@id\":\"https:\/\/psicoclinicabarcelona.com\/ca\/tractament-terapia-addiccions\/#breadcrumb\",\"itemListElement\":[{\"@type\":\"ListItem\",\"position\":1,\"name\":\"Portada\",\"item\":\"https:\/\/psicoclinicabarcelona.com\/ca\/\"},{\"@type\":\"ListItem\",\"position\":2,\"name\":\"Ter\u00e0pia addiccions\"}]},{\"@type\":\"WebSite\",\"@id\":\"https:\/\/psicoclinicabarcelona.com\/#website\",\"url\":\"https:\/\/psicoclinicabarcelona.com\/\",\"name\":\"Psicocl\u00ednica Barcelona\",\"description\":\"Posiblemente el mejor psic\u00f3logo en Barcelona o la mejor psic\u00f3loga de Barcelona. Ll\u00e1manos sin compromiso al 935 414 478\",\"publisher\":{\"@id\":\"https:\/\/psicoclinicabarcelona.com\/#organization\"},\"alternateName\":\"Psicocl\u00ednica Barcelona\",\"potentialAction\":[{\"@type\":\"SearchAction\",\"target\":{\"@type\":\"EntryPoint\",\"urlTemplate\":\"https:\/\/psicoclinicabarcelona.com\/?s={search_term_string}\"},\"query-input\":{\"@type\":\"PropertyValueSpecification\",\"valueRequired\":true,\"valueName\":\"search_term_string\"}}],\"inLanguage\":\"ca\"},{\"@type\":\"Organization\",\"@id\":\"https:\/\/psicoclinicabarcelona.com\/#organization\",\"name\":\"Psicocl\u00ednica Barcelona\",\"alternateName\":\"Psicocl\u00ednica Barcelona\",\"url\":\"https:\/\/psicoclinicabarcelona.com\/\",\"logo\":{\"@type\":\"ImageObject\",\"inLanguage\":\"ca\",\"@id\":\"https:\/\/psicoclinicabarcelona.com\/#\/schema\/logo\/image\/\",\"url\":\"https:\/\/psicoclinicabarcelona.com\/wp-content\/uploads\/2015\/04\/psicologos-barcelona.png\",\"contentUrl\":\"https:\/\/psicoclinicabarcelona.com\/wp-content\/uploads\/2015\/04\/psicologos-barcelona.png\",\"width\":178,\"height\":62,\"caption\":\"Psicocl\u00ednica Barcelona\"},\"image\":{\"@id\":\"https:\/\/psicoclinicabarcelona.com\/#\/schema\/logo\/image\/\"},\"sameAs\":[\"https:\/\/www.facebook.com\/PsicoclinicaBarcelona\/\",\"https:\/\/x.com\/psicoclinicabcn\",\"https:\/\/www.linkedin.com\/company\/psicocl\u00ednica-barcelona\/\",\"https:\/\/www.instagram.com\/psicoclinicabarcelona\/\",\"https:\/\/www.youtube.com\/channel\/UCcc-5_wC56giASuT0XDr87Q\"]}]}<\/script>\n<!-- \/ Yoast SEO plugin. -->","yoast_head_json":{"title":"Tractament addiccions Barcelona. Psicolegs addiccions","description":"PSICOCL\u00cdNICA BARCELONA. Ter\u00e0pia addiccions. Tractament psicol\u00f2gic efica\u00e7 per combatre addiccions a drogues o fins i tot a tecnologies.","robots":{"index":"index","follow":"follow","max-snippet":"max-snippet:-1","max-image-preview":"max-image-preview:large","max-video-preview":"max-video-preview:-1"},"canonical":"https:\/\/psicoclinicabarcelona.com\/ca\/tractament-terapia-addiccions\/","og_locale":"ca_ES","og_type":"article","og_title":"Tractament addiccions Barcelona. Psicolegs addiccions","og_description":"PSICOCL\u00cdNICA BARCELONA. Ter\u00e0pia addiccions. Tractament psicol\u00f2gic efica\u00e7 per combatre addiccions a drogues o fins i tot a tecnologies.","og_url":"https:\/\/psicoclinicabarcelona.com\/ca\/tractament-terapia-addiccions\/","og_site_name":"Psicocl\u00ednica Barcelona","article_publisher":"https:\/\/www.facebook.com\/PsicoclinicaBarcelona\/","article_modified_time":"2024-01-05T12:21:11+00:00","og_image":[{"url":"https:\/\/psicoclinicabarcelona.com\/wp-content\/uploads\/2022\/07\/adicciones-1.webp","type":"","width":"","height":""}],"twitter_misc":{"Temps estimat de lectura":"4 minuts"},"schema":{"@context":"https:\/\/schema.org","@graph":[{"@type":"WebPage","@id":"https:\/\/psicoclinicabarcelona.com\/ca\/tractament-terapia-addiccions\/","url":"https:\/\/psicoclinicabarcelona.com\/ca\/tractament-terapia-addiccions\/","name":"Tractament addiccions Barcelona. Psicolegs addiccions","isPartOf":{"@id":"https:\/\/psicoclinicabarcelona.com\/#website"},"primaryImageOfPage":{"@id":"https:\/\/psicoclinicabarcelona.com\/ca\/tractament-terapia-addiccions\/#primaryimage"},"image":{"@id":"https:\/\/psicoclinicabarcelona.com\/ca\/tractament-terapia-addiccions\/#primaryimage"},"thumbnailUrl":"https:\/\/psicoclinicabarcelona.com\/wp-content\/uploads\/2022\/07\/adicciones-1.webp","datePublished":"2015-08-30T14:49:27+00:00","dateModified":"2024-01-05T12:21:11+00:00","description":"PSICOCL\u00cdNICA BARCELONA. Ter\u00e0pia addiccions. Tractament psicol\u00f2gic efica\u00e7 per combatre addiccions a drogues o fins i tot a tecnologies.","breadcrumb":{"@id":"https:\/\/psicoclinicabarcelona.com\/ca\/tractament-terapia-addiccions\/#breadcrumb"},"inLanguage":"ca","potentialAction":[{"@type":"ReadAction","target":["https:\/\/psicoclinicabarcelona.com\/ca\/tractament-terapia-addiccions\/"]}]},{"@type":"ImageObject","inLanguage":"ca","@id":"https:\/\/psicoclinicabarcelona.com\/ca\/tractament-terapia-addiccions\/#primaryimage","url":"https:\/\/psicoclinicabarcelona.com\/wp-content\/uploads\/2022\/07\/adicciones-1.webp","contentUrl":"https:\/\/psicoclinicabarcelona.com\/wp-content\/uploads\/2022\/07\/adicciones-1.webp"},{"@type":"BreadcrumbList","@id":"https:\/\/psicoclinicabarcelona.com\/ca\/tractament-terapia-addiccions\/#breadcrumb","itemListElement":[{"@type":"ListItem","position":1,"name":"Portada","item":"https:\/\/psicoclinicabarcelona.com\/ca\/"},{"@type":"ListItem","position":2,"name":"Ter\u00e0pia addiccions"}]},{"@type":"WebSite","@id":"https:\/\/psicoclinicabarcelona.com\/#website","url":"https:\/\/psicoclinicabarcelona.com\/","name":"Psicocl\u00ednica Barcelona","description":"Posiblemente el mejor psic\u00f3logo en Barcelona o la mejor psic\u00f3loga de Barcelona. Ll\u00e1manos sin compromiso al 935 414 478","publisher":{"@id":"https:\/\/psicoclinicabarcelona.com\/#organization"},"alternateName":"Psicocl\u00ednica Barcelona","potentialAction":[{"@type":"SearchAction","target":{"@type":"EntryPoint","urlTemplate":"https:\/\/psicoclinicabarcelona.com\/?s={search_term_string}"},"query-input":{"@type":"PropertyValueSpecification","valueRequired":true,"valueName":"search_term_string"}}],"inLanguage":"ca"},{"@type":"Organization","@id":"https:\/\/psicoclinicabarcelona.com\/#organization","name":"Psicocl\u00ednica Barcelona","alternateName":"Psicocl\u00ednica Barcelona","url":"https:\/\/psicoclinicabarcelona.com\/","logo":{"@type":"ImageObject","inLanguage":"ca","@id":"https:\/\/psicoclinicabarcelona.com\/#\/schema\/logo\/image\/","url":"https:\/\/psicoclinicabarcelona.com\/wp-content\/uploads\/2015\/04\/psicologos-barcelona.png","contentUrl":"https:\/\/psicoclinicabarcelona.com\/wp-content\/uploads\/2015\/04\/psicologos-barcelona.png","width":178,"height":62,"caption":"Psicocl\u00ednica Barcelona"},"image":{"@id":"https:\/\/psicoclinicabarcelona.com\/#\/schema\/logo\/image\/"},"sameAs":["https:\/\/www.facebook.com\/PsicoclinicaBarcelona\/","https:\/\/x.com\/psicoclinicabcn","https:\/\/www.linkedin.com\/company\/psicocl\u00ednica-barcelona\/","https:\/\/www.instagram.com\/psicoclinicabarcelona\/","https:\/\/www.youtube.com\/channel\/UCcc-5_wC56giASuT0XDr87Q"]}]}},"_links":{"self":[{"href":"https:\/\/psicoclinicabarcelona.com\/ca\/wp-json\/wp\/v2\/pages\/6166"}],"collection":[{"href":"https:\/\/psicoclinicabarcelona.com\/ca\/wp-json\/wp\/v2\/pages"}],"about":[{"href":"https:\/\/psicoclinicabarcelona.com\/ca\/wp-json\/wp\/v2\/types\/page"}],"author":[{"embeddable":true,"href":"https:\/\/psicoclinicabarcelona.com\/ca\/wp-json\/wp\/v2\/users\/2"}],"replies":[{"embeddable":true,"href":"https:\/\/psicoclinicabarcelona.com\/ca\/wp-json\/wp\/v2\/comments?post=6166"}],"version-history":[{"count":8,"href":"https:\/\/psicoclinicabarcelona.com\/ca\/wp-json\/wp\/v2\/pages\/6166\/revisions"}],"predecessor-version":[{"id":6553,"href":"https:\/\/psicoclinicabarcelona.com\/ca\/wp-json\/wp\/v2\/pages\/6166\/revisions\/6553"}],"wp:attachment":[{"href":"https:\/\/psicoclinicabarcelona.com\/ca\/wp-json\/wp\/v2\/media?parent=6166"}],"curies":[{"name":"wp","href":"https:\/\/api.w.org\/{rel}","templated":true}]}}