{"id":6193,"date":"2015-08-30T14:50:01","date_gmt":"2015-08-30T14:50:01","guid":{"rendered":"https:\/\/psicoclinicabarcelona.com\/trastornos-de-la-alimentacion\/"},"modified":"2023-04-27T12:30:48","modified_gmt":"2023-04-27T10:30:48","slug":"trastorns-de-lalimentacio","status":"publish","type":"page","link":"https:\/\/psicoclinicabarcelona.com\/ca\/trastorns-de-lalimentacio\/","title":{"rendered":"Trastorns de l&#8217;alimentaci\u00f3"},"content":{"rendered":"[vc_row][vc_column width=&#8221;1\/2&#8243;][vc_column_text]Est\u00e0 cercant una cl\u00ednica de psicologia especialista en els diferents <strong>trastorns de l&#8217;alimentaci\u00f3<\/strong>? Creu que en pot tenir algun i s&#8217;ha omplert de for\u00e7a i voluntat per tractar-los? Aquest \u00e9s el primer pas. El segon pas \u00e9s cosa nostra.<\/p>\n<p>I \u00e9s que a <strong>Psicocl\u00ednica Barcelona<\/strong> comptem amb especialistes formats i qualificats en diferents metodologies per tractar de manera efica\u00e7 l&#8217;anor\u00e8xia, la bul\u00edmia i altres tipus de trastorns en l&#8217;alimentaci\u00f3 o patologies derivades d&#8217;aquests trastorns (ansietat, depressi\u00f3\u2026)<\/p>\n<h2>Com saber si tinc bul\u00edmia o anor\u00e8xia? S\u00edmptomes<\/h2>\n<p>Existeixen\u00a0<strong>signes molt visibles<\/strong> que ens han de posar en alerta davant d&#8217;un possible cas d&#8217;<strong>anor\u00e8xia<\/strong>: la por excessiva a engreixar, l&#8217;obsessi\u00f3 irracional pel pes i pel propi cos, menjar amb una lentitud exacerbada o desproporcionada, tallar els aliments a trossos massa petits, seleccionar el menjar que tenim al nostre plat (i escampar-lo), mastegar massa els aliments abans d&#8217;empassar\u2026[\/vc_column_text][\/vc_column][vc_column width=&#8221;1\/2&#8243;][vc_column_text]<img decoding=\"async\" class=\"aligncenter wp-image-5653 size-full\" src=\"https:\/\/psicoclinicabarcelona.com\/wp-content\/uploads\/2022\/07\/undraw_Hamburger_re_7sfy.webp\" alt=\"trastornos de alimentaci\u00f3n\" width=\"667\" height=\"560\" srcset=\"https:\/\/psicoclinicabarcelona.com\/wp-content\/uploads\/2022\/07\/undraw_Hamburger_re_7sfy.webp 667w, https:\/\/psicoclinicabarcelona.com\/wp-content\/uploads\/2022\/07\/undraw_Hamburger_re_7sfy-300x252.webp 300w, https:\/\/psicoclinicabarcelona.com\/wp-content\/uploads\/2022\/07\/undraw_Hamburger_re_7sfy-600x504.webp 600w\" sizes=\"(max-width: 667px) 100vw, 667px\" \/>[\/vc_column_text][\/vc_column][vc_column][vc_column_text]A m\u00e9s, hi ha altres s\u00edmptomes que poden denotar una major gravetat de la malaltia, com pot ser l&#8217;a\u00efllament social, la distorsi\u00f3 de la pr\u00f2pia imatge corporal (veure&#8217;s amb m\u00e9s pes del que realment es t\u00e9) o realitzar exercici f\u00edsic de forma excessiva i en els l\u00edmits de la hiperactivitat. En aquestes situacions, el car\u00e0cter sol variar i la persona es torna m\u00e9s irritable i inestable. Hi ha, alhora, signes f\u00edsics clars d&#8217;anor\u00e8xia: la p\u00e8rdua dels cabells, alteracions en els cicles de menstruaci\u00f3, pell seca i fins i tot irritada, sensaci\u00f3 aparent de fred, marejos i fins i tot desmais.<\/p>\n<p>Pel que fa a la\u00a0<strong>bul\u00edmia<\/strong>, destaquem s\u00edmptomes com el menjar sense control, de pressa i amb molta ansietat, sense mastegar amb prou feines el menjar. En casos de bul\u00edmia, se sol menjar d&#8217;amagat, es talla el menjar a trossos grans i s&#8217;intenta no menjar o fer dietes, normalment de forma infructuosa. Aix\u00f2 darrer porta a tenir oscil\u00b7lacions de pes recurrents. En els casos m\u00e9s greus de bul\u00edmia, el car\u00e0cter es torna molt irritable i oscil\u00b7lant, arribant fins i tot a robar diners o menjar a la fam\u00edlia i \u00e9ssers estimats. La mala alimentaci\u00f3 pot portar, en aquests casos, al deteriorament visible de les dents, lesions en artells per v\u00f2mits provocats i poden apar\u00e8ixer altres s\u00edmptomes com el restrenyiment.<\/p>\n<h2>Psic\u00f2legs a Barcelona especialitzats en anor\u00e8xia i bul\u00edmia<\/h2>\n<p>Aquest tipus de problemes alimentaris s\u00f3n molt seriosos i els hem de tallar d&#8217;arrel. I \u00e9s que, a m\u00e9s dels s\u00edmptomes que hem esmentat, poden apar\u00e8ixer altres trastorns derivats en forma de patologies mentals com la <strong>\u00a0depressi\u00f3, ansietat, el trastorn d&#8217;estr\u00e8s posttraum\u00e0tic, trastorn bipolar, consum de subst\u00e0ncies nocives, trastorn obsessiu \u2013 compulsiu i altres trastorns molt seriosos de la personalitat.<\/strong><\/p>\n<p>Per aix\u00f2 \u00e9s important tractar-se i posar-se a les millors mans, especialistes en psicologia i psiquiatria que estiguin especialitzats en tot tipus de trastorns de l&#8217;alimentaci\u00f3. Un diagn\u00f2stic prec\u00eds \u00e9s la base per a un tractament centrat en la pr\u00f2pia persona i que compti aix\u00ed amb el millor tractament possible per a la seva patologia.<\/p>\n<p><strong>Psicocl\u00ednica Barcelona<\/strong> \u00e9s aqu\u00ed per ajudar-lo. Si esteu buscant un <a href=\"https:\/\/psicoclinicabarcelona.com\/ca\/psicolegs-anorexia-bulimia\/\">psic\u00f2leg d&#8217;anor\u00e8xia a Barcelona<\/a> de bul\u00edmia, podeu comptar ara mateix amb l&#8217;ajuda dels nostres professionals.[\/vc_column_text][\/vc_column][\/vc_row]\n","protected":false},"excerpt":{"rendered":"<p>[vc_row][vc_column width=&#8221;1\/2&#8243;][vc_column_text]Est\u00e0 cercant una cl\u00ednica de psicologia especialista en els diferents trastorns de l&#8217;alimentaci\u00f3? Creu que en pot tenir algun i s&#8217;ha omplert de for\u00e7a i voluntat per tractar-los? Aquest \u00e9s el primer pas. El segon pas \u00e9s cosa nostra. I \u00e9s que a Psicocl\u00ednica Barcelona comptem amb especialistes formats i qualificats en diferents metodologies&hellip;<\/p>\n","protected":false},"author":2,"featured_media":0,"parent":0,"menu_order":0,"comment_status":"open","ping_status":"open","template":"","meta":{"footnotes":""},"class_list":["post-6193","page","type-page","status-publish","hentry","entry","no-media"],"yoast_head":"<!-- This site is optimized with the Yoast SEO plugin v24.6 - https:\/\/yoast.com\/wordpress\/plugins\/seo\/ -->\n<title>Trastorns de l&#039;alimentaci\u00f3<\/title>\n<meta name=\"description\" content=\"PSICOCL\u00cdNICA BARCELONA. Tractament per als diferents trastorns de l&#039;alimentaci\u00f3 a Barcelona.\" \/>\n<meta name=\"robots\" content=\"index, follow, max-snippet:-1, max-image-preview:large, max-video-preview:-1\" \/>\n<link rel=\"canonical\" href=\"https:\/\/psicoclinicabarcelona.com\/ca\/trastorns-de-lalimentacio\/\" \/>\n<meta property=\"og:locale\" content=\"ca_ES\" \/>\n<meta property=\"og:type\" content=\"article\" \/>\n<meta property=\"og:title\" content=\"Trastorns de l&#039;alimentaci\u00f3\" \/>\n<meta property=\"og:description\" content=\"PSICOCL\u00cdNICA BARCELONA. Tractament per als diferents trastorns de l&#039;alimentaci\u00f3 a Barcelona.\" \/>\n<meta property=\"og:url\" content=\"https:\/\/psicoclinicabarcelona.com\/ca\/trastorns-de-lalimentacio\/\" \/>\n<meta property=\"og:site_name\" content=\"Psicocl\u00ednica Barcelona\" \/>\n<meta property=\"article:publisher\" content=\"https:\/\/www.facebook.com\/PsicoclinicaBarcelona\/\" \/>\n<meta property=\"article:modified_time\" content=\"2023-04-27T10:30:48+00:00\" \/>\n<meta property=\"og:image\" content=\"https:\/\/psicoclinicabarcelona.com\/wp-content\/uploads\/2022\/07\/undraw_Hamburger_re_7sfy.webp\" \/>\n<meta name=\"twitter:label1\" content=\"Temps estimat de lectura\" \/>\n\t<meta name=\"twitter:data1\" content=\"3 minuts\" \/>\n<script type=\"application\/ld+json\" class=\"yoast-schema-graph\">{\"@context\":\"https:\/\/schema.org\",\"@graph\":[{\"@type\":\"WebPage\",\"@id\":\"https:\/\/psicoclinicabarcelona.com\/ca\/trastorns-de-lalimentacio\/\",\"url\":\"https:\/\/psicoclinicabarcelona.com\/ca\/trastorns-de-lalimentacio\/\",\"name\":\"Trastorns de l'alimentaci\u00f3\",\"isPartOf\":{\"@id\":\"https:\/\/psicoclinicabarcelona.com\/#website\"},\"primaryImageOfPage\":{\"@id\":\"https:\/\/psicoclinicabarcelona.com\/ca\/trastorns-de-lalimentacio\/#primaryimage\"},\"image\":{\"@id\":\"https:\/\/psicoclinicabarcelona.com\/ca\/trastorns-de-lalimentacio\/#primaryimage\"},\"thumbnailUrl\":\"https:\/\/psicoclinicabarcelona.com\/wp-content\/uploads\/2022\/07\/undraw_Hamburger_re_7sfy.webp\",\"datePublished\":\"2015-08-30T14:50:01+00:00\",\"dateModified\":\"2023-04-27T10:30:48+00:00\",\"description\":\"PSICOCL\u00cdNICA BARCELONA. Tractament per als diferents trastorns de l'alimentaci\u00f3 a Barcelona.\",\"breadcrumb\":{\"@id\":\"https:\/\/psicoclinicabarcelona.com\/ca\/trastorns-de-lalimentacio\/#breadcrumb\"},\"inLanguage\":\"ca\",\"potentialAction\":[{\"@type\":\"ReadAction\",\"target\":[\"https:\/\/psicoclinicabarcelona.com\/ca\/trastorns-de-lalimentacio\/\"]}]},{\"@type\":\"ImageObject\",\"inLanguage\":\"ca\",\"@id\":\"https:\/\/psicoclinicabarcelona.com\/ca\/trastorns-de-lalimentacio\/#primaryimage\",\"url\":\"https:\/\/psicoclinicabarcelona.com\/wp-content\/uploads\/2022\/07\/undraw_Hamburger_re_7sfy.webp\",\"contentUrl\":\"https:\/\/psicoclinicabarcelona.com\/wp-content\/uploads\/2022\/07\/undraw_Hamburger_re_7sfy.webp\"},{\"@type\":\"BreadcrumbList\",\"@id\":\"https:\/\/psicoclinicabarcelona.com\/ca\/trastorns-de-lalimentacio\/#breadcrumb\",\"itemListElement\":[{\"@type\":\"ListItem\",\"position\":1,\"name\":\"Portada\",\"item\":\"https:\/\/psicoclinicabarcelona.com\/ca\/\"},{\"@type\":\"ListItem\",\"position\":2,\"name\":\"Trastorns de l&#8217;alimentaci\u00f3\"}]},{\"@type\":\"WebSite\",\"@id\":\"https:\/\/psicoclinicabarcelona.com\/#website\",\"url\":\"https:\/\/psicoclinicabarcelona.com\/\",\"name\":\"Psicocl\u00ednica Barcelona\",\"description\":\"Posiblemente el mejor psic\u00f3logo en Barcelona o la mejor psic\u00f3loga de Barcelona. Ll\u00e1manos sin compromiso al 935 414 478\",\"publisher\":{\"@id\":\"https:\/\/psicoclinicabarcelona.com\/#organization\"},\"alternateName\":\"Psicocl\u00ednica Barcelona\",\"potentialAction\":[{\"@type\":\"SearchAction\",\"target\":{\"@type\":\"EntryPoint\",\"urlTemplate\":\"https:\/\/psicoclinicabarcelona.com\/?s={search_term_string}\"},\"query-input\":{\"@type\":\"PropertyValueSpecification\",\"valueRequired\":true,\"valueName\":\"search_term_string\"}}],\"inLanguage\":\"ca\"},{\"@type\":\"Organization\",\"@id\":\"https:\/\/psicoclinicabarcelona.com\/#organization\",\"name\":\"Psicocl\u00ednica Barcelona\",\"alternateName\":\"Psicocl\u00ednica Barcelona\",\"url\":\"https:\/\/psicoclinicabarcelona.com\/\",\"logo\":{\"@type\":\"ImageObject\",\"inLanguage\":\"ca\",\"@id\":\"https:\/\/psicoclinicabarcelona.com\/#\/schema\/logo\/image\/\",\"url\":\"https:\/\/psicoclinicabarcelona.com\/wp-content\/uploads\/2015\/04\/psicologos-barcelona.png\",\"contentUrl\":\"https:\/\/psicoclinicabarcelona.com\/wp-content\/uploads\/2015\/04\/psicologos-barcelona.png\",\"width\":178,\"height\":62,\"caption\":\"Psicocl\u00ednica Barcelona\"},\"image\":{\"@id\":\"https:\/\/psicoclinicabarcelona.com\/#\/schema\/logo\/image\/\"},\"sameAs\":[\"https:\/\/www.facebook.com\/PsicoclinicaBarcelona\/\",\"https:\/\/x.com\/psicoclinicabcn\",\"https:\/\/www.linkedin.com\/company\/psicocl\u00ednica-barcelona\/\",\"https:\/\/www.instagram.com\/psicoclinicabarcelona\/\",\"https:\/\/www.youtube.com\/channel\/UCcc-5_wC56giASuT0XDr87Q\"]}]}<\/script>\n<!-- \/ Yoast SEO plugin. -->","yoast_head_json":{"title":"Trastorns de l'alimentaci\u00f3","description":"PSICOCL\u00cdNICA BARCELONA. Tractament per als diferents trastorns de l'alimentaci\u00f3 a Barcelona.","robots":{"index":"index","follow":"follow","max-snippet":"max-snippet:-1","max-image-preview":"max-image-preview:large","max-video-preview":"max-video-preview:-1"},"canonical":"https:\/\/psicoclinicabarcelona.com\/ca\/trastorns-de-lalimentacio\/","og_locale":"ca_ES","og_type":"article","og_title":"Trastorns de l'alimentaci\u00f3","og_description":"PSICOCL\u00cdNICA BARCELONA. Tractament per als diferents trastorns de l'alimentaci\u00f3 a Barcelona.","og_url":"https:\/\/psicoclinicabarcelona.com\/ca\/trastorns-de-lalimentacio\/","og_site_name":"Psicocl\u00ednica Barcelona","article_publisher":"https:\/\/www.facebook.com\/PsicoclinicaBarcelona\/","article_modified_time":"2023-04-27T10:30:48+00:00","og_image":[{"url":"https:\/\/psicoclinicabarcelona.com\/wp-content\/uploads\/2022\/07\/undraw_Hamburger_re_7sfy.webp","type":"","width":"","height":""}],"twitter_misc":{"Temps estimat de lectura":"3 minuts"},"schema":{"@context":"https:\/\/schema.org","@graph":[{"@type":"WebPage","@id":"https:\/\/psicoclinicabarcelona.com\/ca\/trastorns-de-lalimentacio\/","url":"https:\/\/psicoclinicabarcelona.com\/ca\/trastorns-de-lalimentacio\/","name":"Trastorns de l'alimentaci\u00f3","isPartOf":{"@id":"https:\/\/psicoclinicabarcelona.com\/#website"},"primaryImageOfPage":{"@id":"https:\/\/psicoclinicabarcelona.com\/ca\/trastorns-de-lalimentacio\/#primaryimage"},"image":{"@id":"https:\/\/psicoclinicabarcelona.com\/ca\/trastorns-de-lalimentacio\/#primaryimage"},"thumbnailUrl":"https:\/\/psicoclinicabarcelona.com\/wp-content\/uploads\/2022\/07\/undraw_Hamburger_re_7sfy.webp","datePublished":"2015-08-30T14:50:01+00:00","dateModified":"2023-04-27T10:30:48+00:00","description":"PSICOCL\u00cdNICA BARCELONA. Tractament per als diferents trastorns de l'alimentaci\u00f3 a Barcelona.","breadcrumb":{"@id":"https:\/\/psicoclinicabarcelona.com\/ca\/trastorns-de-lalimentacio\/#breadcrumb"},"inLanguage":"ca","potentialAction":[{"@type":"ReadAction","target":["https:\/\/psicoclinicabarcelona.com\/ca\/trastorns-de-lalimentacio\/"]}]},{"@type":"ImageObject","inLanguage":"ca","@id":"https:\/\/psicoclinicabarcelona.com\/ca\/trastorns-de-lalimentacio\/#primaryimage","url":"https:\/\/psicoclinicabarcelona.com\/wp-content\/uploads\/2022\/07\/undraw_Hamburger_re_7sfy.webp","contentUrl":"https:\/\/psicoclinicabarcelona.com\/wp-content\/uploads\/2022\/07\/undraw_Hamburger_re_7sfy.webp"},{"@type":"BreadcrumbList","@id":"https:\/\/psicoclinicabarcelona.com\/ca\/trastorns-de-lalimentacio\/#breadcrumb","itemListElement":[{"@type":"ListItem","position":1,"name":"Portada","item":"https:\/\/psicoclinicabarcelona.com\/ca\/"},{"@type":"ListItem","position":2,"name":"Trastorns de l&#8217;alimentaci\u00f3"}]},{"@type":"WebSite","@id":"https:\/\/psicoclinicabarcelona.com\/#website","url":"https:\/\/psicoclinicabarcelona.com\/","name":"Psicocl\u00ednica Barcelona","description":"Posiblemente el mejor psic\u00f3logo en Barcelona o la mejor psic\u00f3loga de Barcelona. Ll\u00e1manos sin compromiso al 935 414 478","publisher":{"@id":"https:\/\/psicoclinicabarcelona.com\/#organization"},"alternateName":"Psicocl\u00ednica Barcelona","potentialAction":[{"@type":"SearchAction","target":{"@type":"EntryPoint","urlTemplate":"https:\/\/psicoclinicabarcelona.com\/?s={search_term_string}"},"query-input":{"@type":"PropertyValueSpecification","valueRequired":true,"valueName":"search_term_string"}}],"inLanguage":"ca"},{"@type":"Organization","@id":"https:\/\/psicoclinicabarcelona.com\/#organization","name":"Psicocl\u00ednica Barcelona","alternateName":"Psicocl\u00ednica Barcelona","url":"https:\/\/psicoclinicabarcelona.com\/","logo":{"@type":"ImageObject","inLanguage":"ca","@id":"https:\/\/psicoclinicabarcelona.com\/#\/schema\/logo\/image\/","url":"https:\/\/psicoclinicabarcelona.com\/wp-content\/uploads\/2015\/04\/psicologos-barcelona.png","contentUrl":"https:\/\/psicoclinicabarcelona.com\/wp-content\/uploads\/2015\/04\/psicologos-barcelona.png","width":178,"height":62,"caption":"Psicocl\u00ednica Barcelona"},"image":{"@id":"https:\/\/psicoclinicabarcelona.com\/#\/schema\/logo\/image\/"},"sameAs":["https:\/\/www.facebook.com\/PsicoclinicaBarcelona\/","https:\/\/x.com\/psicoclinicabcn","https:\/\/www.linkedin.com\/company\/psicocl\u00ednica-barcelona\/","https:\/\/www.instagram.com\/psicoclinicabarcelona\/","https:\/\/www.youtube.com\/channel\/UCcc-5_wC56giASuT0XDr87Q"]}]}},"_links":{"self":[{"href":"https:\/\/psicoclinicabarcelona.com\/ca\/wp-json\/wp\/v2\/pages\/6193"}],"collection":[{"href":"https:\/\/psicoclinicabarcelona.com\/ca\/wp-json\/wp\/v2\/pages"}],"about":[{"href":"https:\/\/psicoclinicabarcelona.com\/ca\/wp-json\/wp\/v2\/types\/page"}],"author":[{"embeddable":true,"href":"https:\/\/psicoclinicabarcelona.com\/ca\/wp-json\/wp\/v2\/users\/2"}],"replies":[{"embeddable":true,"href":"https:\/\/psicoclinicabarcelona.com\/ca\/wp-json\/wp\/v2\/comments?post=6193"}],"version-history":[{"count":3,"href":"https:\/\/psicoclinicabarcelona.com\/ca\/wp-json\/wp\/v2\/pages\/6193\/revisions"}],"predecessor-version":[{"id":6431,"href":"https:\/\/psicoclinicabarcelona.com\/ca\/wp-json\/wp\/v2\/pages\/6193\/revisions\/6431"}],"wp:attachment":[{"href":"https:\/\/psicoclinicabarcelona.com\/ca\/wp-json\/wp\/v2\/media?parent=6193"}],"curies":[{"name":"wp","href":"https:\/\/api.w.org\/{rel}","templated":true}]}}