{"id":6202,"date":"2015-08-30T14:51:50","date_gmt":"2015-08-30T14:51:50","guid":{"rendered":"https:\/\/psicoclinicabarcelona.com\/fatiga-dolor-cronico-fibromialgia\/"},"modified":"2023-04-25T11:56:00","modified_gmt":"2023-04-25T09:56:00","slug":"fatiga-dolor-cronic-fibromialgia","status":"publish","type":"page","link":"https:\/\/psicoclinicabarcelona.com\/ca\/fatiga-dolor-cronic-fibromialgia\/","title":{"rendered":"Fatiga, dolor cr\u00f2nic, fibromi\u00e0lgia"},"content":{"rendered":"[vc_row][vc_column width=&#8221;1\/2&#8243;][vc_column_text]A Psicocl\u00ednica Barcelona estem reconeguts per oferir el m\u00e9s complet assessorament a persones amb una \u00e0mplia varietat de s\u00edndromes o trastorns psicol\u00f2gics tals com els <a href=\"https:\/\/psicoclinicabarcelona.com\/ca\/trastorns-somni-terapia-insomni\/\">transtorns del somni<\/a>, l&#8217;ansietat o els problemes d&#8217;addicci\u00f3. La nostra traject\u00f2ria va comen\u00e7ar fa m\u00e9s de 10 anys, quan l&#8217;experta psic\u00f2loga Mila Herrera va apostar per la creaci\u00f3 d&#8217;un entorn on persones amb tota mena de problemes, podien fer front i superar totes les dificultats i limitacions del seu dia a dia. Avui dia, continuem la nostra tasca amb m\u00e9s for\u00e7a que mai, col\u00b7laborant amb tota mena de centres de la salut i desenvolupant nous tractaments per <strong>millorar la qualitat de vida de milers de persones<\/strong>.<\/p>\n<p>Part del nostre \u00e8xit \u00e9s degut a la magn\u00edfica relaci\u00f3 existent entre el metge i el pacient. Gr\u00e0cies a un\u00a0<strong>tracte totalment personal i individualitzat<\/strong>, a Psicocl\u00ednica Barcelona som capa\u00e7os de realitzar un complet diagn\u00f2stic de la situaci\u00f3 del pacient, la seva relaci\u00f3 amb el trastorn que pateix, i dels tractaments m\u00e9s idonis per a la seva aplicaci\u00f3. Perqu\u00e8 per a nosaltres no hi ha dos casos iguals. Si necessiteu l&#8217;atenci\u00f3 d&#8217;un centre de <strong>psicoter\u00e0pia<\/strong> a Barcelona, us animem a deixar-vos assessorar pels millors. Entre els molts trastorns i s\u00edndromes amb qu\u00e8 treballem, amb nosaltres podr\u00e0 rebre complet\u00a0<strong>tractament de la fibrom\u00e0lgia a Barcelona<\/strong>. Poseu-vos en contacte amb nosaltres per rebre completa informaci\u00f3 i permeteu-nos ajudar-vos. Perqu\u00e8 garantir la salut de les persones no t\u00e9 preu per a nosaltres.[\/vc_column_text][\/vc_column][vc_column width=&#8221;1\/2&#8243;][vc_column_text]<img decoding=\"async\" class=\"aligncenter wp-image-5783 size-full\" src=\"https:\/\/psicoclinicabarcelona.com\/wp-content\/uploads\/2022\/10\/dolor_y_fibromialgia.webp\" alt=\"dolor y fibromialgia tratamiento psicologico\" width=\"800\" height=\"800\" srcset=\"https:\/\/psicoclinicabarcelona.com\/wp-content\/uploads\/2022\/10\/dolor_y_fibromialgia.webp 800w, https:\/\/psicoclinicabarcelona.com\/wp-content\/uploads\/2022\/10\/dolor_y_fibromialgia-300x300.webp 300w, https:\/\/psicoclinicabarcelona.com\/wp-content\/uploads\/2022\/10\/dolor_y_fibromialgia-150x150.webp 150w, https:\/\/psicoclinicabarcelona.com\/wp-content\/uploads\/2022\/10\/dolor_y_fibromialgia-768x768.webp 768w, https:\/\/psicoclinicabarcelona.com\/wp-content\/uploads\/2022\/10\/dolor_y_fibromialgia-600x600.webp 600w, https:\/\/psicoclinicabarcelona.com\/wp-content\/uploads\/2022\/10\/dolor_y_fibromialgia-100x100.webp 100w\" sizes=\"(max-width: 800px) 100vw, 800px\" \/>[\/vc_column_text][\/vc_column][vc_column][vc_column_text]\n<h2>Qu\u00e8 \u00e9s la fibromi\u00e0lgia?<\/h2>\n<p>La fibromi\u00e0lgia \u00e9s una condici\u00f3 que afecta la persona de forma cr\u00f2nica, i que <strong>est\u00e0 caracteritzada per provocar dolors generalitzats al cos, aix\u00ed com una sensaci\u00f3 d&#8217;esgotament agut<\/strong>. A difer\u00e8ncia de l&#8217;artritis, la fibromi\u00e0lgia no afecta les articulacions, sin\u00f3 el teixit tou que les envolta, provocant dolor generalitzat que varia en la seva intensitat. La simptomatologia pot empitjorar depenent de la persona que la pateix, podent presentar una \u00e0mplia varietat d&#8217;efectes secundaris com a dificultats per agafar el son, problemes cognoscitius, malestar general, problemes genitourinaris, entre d&#8217;altres. Des de Psicocl\u00ednica Barcelona us recomanem que acudiu a nosaltres per rebre un complet diagn\u00f2stic de m\u00e0 d&#8217;un <strong>psic\u00f2leg de Barcelona expert en fibromi\u00e0lgia<\/strong>.<\/p>\n<p>La fibromi\u00e0lgia la pateixen comunament dones, podent apar\u00e8ixer tamb\u00e9 en nens, homes adults o ancians. A difer\u00e8ncia d&#8217;altres trastorns, la fibromi\u00e0lgia no acaba per incapacitar la persona ni afecta negativament la seva longevitat. Aix\u00f2 no obstant, \u00e9s prioritari rebre <strong>ter\u00e0pia per a la fibromi\u00e0lgia<\/strong> per limitar els efectes que poguessin tenir en l&#8217;individu.<\/p>\n<h2>Causes de la fibromi\u00e0lgia<\/h2>\n<p>Actualment\u00a0<strong>les causes que provoquen que una persona pateixi fibromi\u00e0lgia es desconeixen<\/strong>, havent obertes diverses l\u00ednies de recerca cient\u00edfica per intentar aclarir l&#8217;origen de la malaltia. Tot i aix\u00f2, part de les fonts cient\u00edfiques apunten a una possible relaci\u00f3 amb anomalies presents en el sistema nervi\u00f3s central. La majoria de vegades, aquestes anomalies havien estat conseq\u00fc\u00e8ncies d&#8217;esdeveniments posttraum\u00e0tics. No obstant, aix\u00f2 no sempre passa. Per aquest motiu, altres cient\u00edfics estan considerant que la fibromi\u00e0lgia segueixi un patr\u00f3 hereditari o estigui relacionat amb un altre tipus de condici\u00f3 o malaltia.<\/p>\n<h2>Ter\u00e0pia o tractament per a fibromi\u00e0lgia<\/h2>\n<p>Si voleu saber si \u00e9s possible\u00a0<strong>reduir o acabar amb la fibromi\u00e0lgia<\/strong>, heu de saber que actualment no hi ha cura definitiva per a la malaltia. No obstant aix\u00f2, s\u00ed <strong>hi ha una \u00e0mplia varietat de tractaments que ens ajuden a controlar els s\u00edmptomes<\/strong>, millorant la qualitat de vida de les persones que els pateixen. Com que la intensitat de la condici\u00f3 varia en funci\u00f3 del pacient, l&#8217;elecci\u00f3 del tractament adequat tamb\u00e9 ho fa. A m\u00e9s, generalment els professionals m\u00e8dics tenen les seves pr\u00f2pies refer\u00e8ncies per tractar els s\u00edmptomes. Entre els molts tractaments que existeixen avui dia, <strong>trobareu medicaments, rehabilitaci\u00f3 f\u00edsica, massatges especialitzats, osteopatia i moltes altres m\u00e9s ter\u00e0pies<\/strong>.<\/p>\n<p>Des de Psicocl\u00ednica Barcelona estem disposats a tractar el seu cas, ja que el nostre objectiu sempre ha estat millorar la vida de les persones que pateixen o pateixen alguna s\u00edndrome o trastorn. Els nostres professionals m\u00e8dics avaluaran detingudament el seu estat per oferir-vos un tractament adequat a les vostres necessitats. Dipositeu la vostra confian\u00e7a en les menys expertes i permeteu-nos ajudar-vos. Perqu\u00e8 garantir la seva salut \u00e9s la nostra prioritat m\u00e9s gran.[\/vc_column_text][\/vc_column][\/vc_row][vc_row][vc_column][\/vc_column][\/vc_row]\n","protected":false},"excerpt":{"rendered":"<p>[vc_row][vc_column width=&#8221;1\/2&#8243;][vc_column_text]A Psicocl\u00ednica Barcelona estem reconeguts per oferir el m\u00e9s complet assessorament a persones amb una \u00e0mplia varietat de s\u00edndromes o trastorns psicol\u00f2gics tals com els transtorns del somni, l&#8217;ansietat o els problemes d&#8217;addicci\u00f3. La nostra traject\u00f2ria va comen\u00e7ar fa m\u00e9s de 10 anys, quan l&#8217;experta psic\u00f2loga Mila Herrera va apostar per la creaci\u00f3 d&#8217;un&hellip;<\/p>\n","protected":false},"author":2,"featured_media":0,"parent":0,"menu_order":0,"comment_status":"open","ping_status":"open","template":"","meta":{"footnotes":""},"class_list":["post-6202","page","type-page","status-publish","hentry","entry","no-media"],"yoast_head":"<!-- This site is optimized with the Yoast SEO plugin v24.6 - https:\/\/yoast.com\/wordpress\/plugins\/seo\/ -->\n<title>Terapia \/ tractament fibromialgia, dolor cronic i fatiga<\/title>\n<meta name=\"description\" content=\"PSICOCL\u00cdNICA BARCELONA. Duem a terme els tractaments psicol\u00f2gics m\u00e9s adequats per combatre la fibromi\u00e0lgia, la f\u00e0tica i el dolor cr\u00f2nic.\" \/>\n<meta name=\"robots\" content=\"index, follow, max-snippet:-1, max-image-preview:large, max-video-preview:-1\" \/>\n<link rel=\"canonical\" href=\"https:\/\/psicoclinicabarcelona.com\/ca\/fatiga-dolor-cronic-fibromialgia\/\" \/>\n<meta property=\"og:locale\" content=\"ca_ES\" \/>\n<meta property=\"og:type\" content=\"article\" \/>\n<meta property=\"og:title\" content=\"Terapia \/ tractament fibromialgia, dolor cronic i fatiga\" \/>\n<meta property=\"og:description\" content=\"PSICOCL\u00cdNICA BARCELONA. Duem a terme els tractaments psicol\u00f2gics m\u00e9s adequats per combatre la fibromi\u00e0lgia, la f\u00e0tica i el dolor cr\u00f2nic.\" \/>\n<meta property=\"og:url\" content=\"https:\/\/psicoclinicabarcelona.com\/ca\/fatiga-dolor-cronic-fibromialgia\/\" \/>\n<meta property=\"og:site_name\" content=\"Psicocl\u00ednica Barcelona\" \/>\n<meta property=\"article:publisher\" content=\"https:\/\/www.facebook.com\/PsicoclinicaBarcelona\/\" \/>\n<meta property=\"article:modified_time\" content=\"2023-04-25T09:56:00+00:00\" \/>\n<meta property=\"og:image\" content=\"https:\/\/psicoclinicabarcelona.com\/wp-content\/uploads\/2022\/10\/dolor_y_fibromialgia.webp\" \/>\n<meta name=\"twitter:label1\" content=\"Temps estimat de lectura\" \/>\n\t<meta name=\"twitter:data1\" content=\"4 minuts\" \/>\n<script type=\"application\/ld+json\" class=\"yoast-schema-graph\">{\"@context\":\"https:\/\/schema.org\",\"@graph\":[{\"@type\":\"WebPage\",\"@id\":\"https:\/\/psicoclinicabarcelona.com\/ca\/fatiga-dolor-cronic-fibromialgia\/\",\"url\":\"https:\/\/psicoclinicabarcelona.com\/ca\/fatiga-dolor-cronic-fibromialgia\/\",\"name\":\"Terapia \/ tractament fibromialgia, dolor cronic i fatiga\",\"isPartOf\":{\"@id\":\"https:\/\/psicoclinicabarcelona.com\/#website\"},\"primaryImageOfPage\":{\"@id\":\"https:\/\/psicoclinicabarcelona.com\/ca\/fatiga-dolor-cronic-fibromialgia\/#primaryimage\"},\"image\":{\"@id\":\"https:\/\/psicoclinicabarcelona.com\/ca\/fatiga-dolor-cronic-fibromialgia\/#primaryimage\"},\"thumbnailUrl\":\"https:\/\/psicoclinicabarcelona.com\/wp-content\/uploads\/2022\/10\/dolor_y_fibromialgia.webp\",\"datePublished\":\"2015-08-30T14:51:50+00:00\",\"dateModified\":\"2023-04-25T09:56:00+00:00\",\"description\":\"PSICOCL\u00cdNICA BARCELONA. Duem a terme els tractaments psicol\u00f2gics m\u00e9s adequats per combatre la fibromi\u00e0lgia, la f\u00e0tica i el dolor cr\u00f2nic.\",\"breadcrumb\":{\"@id\":\"https:\/\/psicoclinicabarcelona.com\/ca\/fatiga-dolor-cronic-fibromialgia\/#breadcrumb\"},\"inLanguage\":\"ca\",\"potentialAction\":[{\"@type\":\"ReadAction\",\"target\":[\"https:\/\/psicoclinicabarcelona.com\/ca\/fatiga-dolor-cronic-fibromialgia\/\"]}]},{\"@type\":\"ImageObject\",\"inLanguage\":\"ca\",\"@id\":\"https:\/\/psicoclinicabarcelona.com\/ca\/fatiga-dolor-cronic-fibromialgia\/#primaryimage\",\"url\":\"https:\/\/psicoclinicabarcelona.com\/wp-content\/uploads\/2022\/10\/dolor_y_fibromialgia.webp\",\"contentUrl\":\"https:\/\/psicoclinicabarcelona.com\/wp-content\/uploads\/2022\/10\/dolor_y_fibromialgia.webp\"},{\"@type\":\"BreadcrumbList\",\"@id\":\"https:\/\/psicoclinicabarcelona.com\/ca\/fatiga-dolor-cronic-fibromialgia\/#breadcrumb\",\"itemListElement\":[{\"@type\":\"ListItem\",\"position\":1,\"name\":\"Portada\",\"item\":\"https:\/\/psicoclinicabarcelona.com\/ca\/\"},{\"@type\":\"ListItem\",\"position\":2,\"name\":\"Fatiga, dolor cr\u00f2nic, fibromi\u00e0lgia\"}]},{\"@type\":\"WebSite\",\"@id\":\"https:\/\/psicoclinicabarcelona.com\/#website\",\"url\":\"https:\/\/psicoclinicabarcelona.com\/\",\"name\":\"Psicocl\u00ednica Barcelona\",\"description\":\"Posiblemente el mejor psic\u00f3logo en Barcelona o la mejor psic\u00f3loga de Barcelona. Ll\u00e1manos sin compromiso al 935 414 478\",\"publisher\":{\"@id\":\"https:\/\/psicoclinicabarcelona.com\/#organization\"},\"alternateName\":\"Psicocl\u00ednica Barcelona\",\"potentialAction\":[{\"@type\":\"SearchAction\",\"target\":{\"@type\":\"EntryPoint\",\"urlTemplate\":\"https:\/\/psicoclinicabarcelona.com\/?s={search_term_string}\"},\"query-input\":{\"@type\":\"PropertyValueSpecification\",\"valueRequired\":true,\"valueName\":\"search_term_string\"}}],\"inLanguage\":\"ca\"},{\"@type\":\"Organization\",\"@id\":\"https:\/\/psicoclinicabarcelona.com\/#organization\",\"name\":\"Psicocl\u00ednica Barcelona\",\"alternateName\":\"Psicocl\u00ednica Barcelona\",\"url\":\"https:\/\/psicoclinicabarcelona.com\/\",\"logo\":{\"@type\":\"ImageObject\",\"inLanguage\":\"ca\",\"@id\":\"https:\/\/psicoclinicabarcelona.com\/#\/schema\/logo\/image\/\",\"url\":\"https:\/\/psicoclinicabarcelona.com\/wp-content\/uploads\/2015\/04\/psicologos-barcelona.png\",\"contentUrl\":\"https:\/\/psicoclinicabarcelona.com\/wp-content\/uploads\/2015\/04\/psicologos-barcelona.png\",\"width\":178,\"height\":62,\"caption\":\"Psicocl\u00ednica Barcelona\"},\"image\":{\"@id\":\"https:\/\/psicoclinicabarcelona.com\/#\/schema\/logo\/image\/\"},\"sameAs\":[\"https:\/\/www.facebook.com\/PsicoclinicaBarcelona\/\",\"https:\/\/x.com\/psicoclinicabcn\",\"https:\/\/www.linkedin.com\/company\/psicocl\u00ednica-barcelona\/\",\"https:\/\/www.instagram.com\/psicoclinicabarcelona\/\",\"https:\/\/www.youtube.com\/channel\/UCcc-5_wC56giASuT0XDr87Q\"]}]}<\/script>\n<!-- \/ Yoast SEO plugin. -->","yoast_head_json":{"title":"Terapia \/ tractament fibromialgia, dolor cronic i fatiga","description":"PSICOCL\u00cdNICA BARCELONA. Duem a terme els tractaments psicol\u00f2gics m\u00e9s adequats per combatre la fibromi\u00e0lgia, la f\u00e0tica i el dolor cr\u00f2nic.","robots":{"index":"index","follow":"follow","max-snippet":"max-snippet:-1","max-image-preview":"max-image-preview:large","max-video-preview":"max-video-preview:-1"},"canonical":"https:\/\/psicoclinicabarcelona.com\/ca\/fatiga-dolor-cronic-fibromialgia\/","og_locale":"ca_ES","og_type":"article","og_title":"Terapia \/ tractament fibromialgia, dolor cronic i fatiga","og_description":"PSICOCL\u00cdNICA BARCELONA. Duem a terme els tractaments psicol\u00f2gics m\u00e9s adequats per combatre la fibromi\u00e0lgia, la f\u00e0tica i el dolor cr\u00f2nic.","og_url":"https:\/\/psicoclinicabarcelona.com\/ca\/fatiga-dolor-cronic-fibromialgia\/","og_site_name":"Psicocl\u00ednica Barcelona","article_publisher":"https:\/\/www.facebook.com\/PsicoclinicaBarcelona\/","article_modified_time":"2023-04-25T09:56:00+00:00","og_image":[{"url":"https:\/\/psicoclinicabarcelona.com\/wp-content\/uploads\/2022\/10\/dolor_y_fibromialgia.webp","type":"","width":"","height":""}],"twitter_misc":{"Temps estimat de lectura":"4 minuts"},"schema":{"@context":"https:\/\/schema.org","@graph":[{"@type":"WebPage","@id":"https:\/\/psicoclinicabarcelona.com\/ca\/fatiga-dolor-cronic-fibromialgia\/","url":"https:\/\/psicoclinicabarcelona.com\/ca\/fatiga-dolor-cronic-fibromialgia\/","name":"Terapia \/ tractament fibromialgia, dolor cronic i fatiga","isPartOf":{"@id":"https:\/\/psicoclinicabarcelona.com\/#website"},"primaryImageOfPage":{"@id":"https:\/\/psicoclinicabarcelona.com\/ca\/fatiga-dolor-cronic-fibromialgia\/#primaryimage"},"image":{"@id":"https:\/\/psicoclinicabarcelona.com\/ca\/fatiga-dolor-cronic-fibromialgia\/#primaryimage"},"thumbnailUrl":"https:\/\/psicoclinicabarcelona.com\/wp-content\/uploads\/2022\/10\/dolor_y_fibromialgia.webp","datePublished":"2015-08-30T14:51:50+00:00","dateModified":"2023-04-25T09:56:00+00:00","description":"PSICOCL\u00cdNICA BARCELONA. Duem a terme els tractaments psicol\u00f2gics m\u00e9s adequats per combatre la fibromi\u00e0lgia, la f\u00e0tica i el dolor cr\u00f2nic.","breadcrumb":{"@id":"https:\/\/psicoclinicabarcelona.com\/ca\/fatiga-dolor-cronic-fibromialgia\/#breadcrumb"},"inLanguage":"ca","potentialAction":[{"@type":"ReadAction","target":["https:\/\/psicoclinicabarcelona.com\/ca\/fatiga-dolor-cronic-fibromialgia\/"]}]},{"@type":"ImageObject","inLanguage":"ca","@id":"https:\/\/psicoclinicabarcelona.com\/ca\/fatiga-dolor-cronic-fibromialgia\/#primaryimage","url":"https:\/\/psicoclinicabarcelona.com\/wp-content\/uploads\/2022\/10\/dolor_y_fibromialgia.webp","contentUrl":"https:\/\/psicoclinicabarcelona.com\/wp-content\/uploads\/2022\/10\/dolor_y_fibromialgia.webp"},{"@type":"BreadcrumbList","@id":"https:\/\/psicoclinicabarcelona.com\/ca\/fatiga-dolor-cronic-fibromialgia\/#breadcrumb","itemListElement":[{"@type":"ListItem","position":1,"name":"Portada","item":"https:\/\/psicoclinicabarcelona.com\/ca\/"},{"@type":"ListItem","position":2,"name":"Fatiga, dolor cr\u00f2nic, fibromi\u00e0lgia"}]},{"@type":"WebSite","@id":"https:\/\/psicoclinicabarcelona.com\/#website","url":"https:\/\/psicoclinicabarcelona.com\/","name":"Psicocl\u00ednica Barcelona","description":"Posiblemente el mejor psic\u00f3logo en Barcelona o la mejor psic\u00f3loga de Barcelona. Ll\u00e1manos sin compromiso al 935 414 478","publisher":{"@id":"https:\/\/psicoclinicabarcelona.com\/#organization"},"alternateName":"Psicocl\u00ednica Barcelona","potentialAction":[{"@type":"SearchAction","target":{"@type":"EntryPoint","urlTemplate":"https:\/\/psicoclinicabarcelona.com\/?s={search_term_string}"},"query-input":{"@type":"PropertyValueSpecification","valueRequired":true,"valueName":"search_term_string"}}],"inLanguage":"ca"},{"@type":"Organization","@id":"https:\/\/psicoclinicabarcelona.com\/#organization","name":"Psicocl\u00ednica Barcelona","alternateName":"Psicocl\u00ednica Barcelona","url":"https:\/\/psicoclinicabarcelona.com\/","logo":{"@type":"ImageObject","inLanguage":"ca","@id":"https:\/\/psicoclinicabarcelona.com\/#\/schema\/logo\/image\/","url":"https:\/\/psicoclinicabarcelona.com\/wp-content\/uploads\/2015\/04\/psicologos-barcelona.png","contentUrl":"https:\/\/psicoclinicabarcelona.com\/wp-content\/uploads\/2015\/04\/psicologos-barcelona.png","width":178,"height":62,"caption":"Psicocl\u00ednica Barcelona"},"image":{"@id":"https:\/\/psicoclinicabarcelona.com\/#\/schema\/logo\/image\/"},"sameAs":["https:\/\/www.facebook.com\/PsicoclinicaBarcelona\/","https:\/\/x.com\/psicoclinicabcn","https:\/\/www.linkedin.com\/company\/psicocl\u00ednica-barcelona\/","https:\/\/www.instagram.com\/psicoclinicabarcelona\/","https:\/\/www.youtube.com\/channel\/UCcc-5_wC56giASuT0XDr87Q"]}]}},"_links":{"self":[{"href":"https:\/\/psicoclinicabarcelona.com\/ca\/wp-json\/wp\/v2\/pages\/6202"}],"collection":[{"href":"https:\/\/psicoclinicabarcelona.com\/ca\/wp-json\/wp\/v2\/pages"}],"about":[{"href":"https:\/\/psicoclinicabarcelona.com\/ca\/wp-json\/wp\/v2\/types\/page"}],"author":[{"embeddable":true,"href":"https:\/\/psicoclinicabarcelona.com\/ca\/wp-json\/wp\/v2\/users\/2"}],"replies":[{"embeddable":true,"href":"https:\/\/psicoclinicabarcelona.com\/ca\/wp-json\/wp\/v2\/comments?post=6202"}],"version-history":[{"count":3,"href":"https:\/\/psicoclinicabarcelona.com\/ca\/wp-json\/wp\/v2\/pages\/6202\/revisions"}],"predecessor-version":[{"id":6275,"href":"https:\/\/psicoclinicabarcelona.com\/ca\/wp-json\/wp\/v2\/pages\/6202\/revisions\/6275"}],"wp:attachment":[{"href":"https:\/\/psicoclinicabarcelona.com\/ca\/wp-json\/wp\/v2\/media?parent=6202"}],"curies":[{"name":"wp","href":"https:\/\/api.w.org\/{rel}","templated":true}]}}