{"id":6205,"date":"2015-08-30T14:52:15","date_gmt":"2015-08-30T14:52:15","guid":{"rendered":"https:\/\/psicoclinicabarcelona.com\/trastornos-sueno-terapia-insomnio\/"},"modified":"2023-05-02T13:07:45","modified_gmt":"2023-05-02T11:07:45","slug":"trastorns-somni-terapia-insomni","status":"publish","type":"page","link":"https:\/\/psicoclinicabarcelona.com\/ca\/trastorns-somni-terapia-insomni\/","title":{"rendered":"Trastorns del somni"},"content":{"rendered":"[vc_row][vc_column width=&#8221;1\/2&#8243;][vc_column_text]Compte amb la major professionalitat a Psicocl\u00ednica Barcelona. Amb <strong>m\u00e9s de 10 anys d&#8217;experi\u00e8ncia<\/strong>, els millors especialistes de la salut podran garantir-vos l&#8217;assessorament m\u00e9s complet sobre tot tipus de s\u00edndromes o trastorns psicol\u00f2gics: depressi\u00f3, <a href=\"https:\/\/psicoclinicabarcelona.com\/ca\/sexolegs-barcelona-transtorns-sexuals\/\">trastorns sexuals<\/a>, fibromi\u00e0lgia, <a href=\"https:\/\/psicoclinicabarcelona.com\/ca\/trastorn-obsessiu-compulsiu\/\">TOC<\/a>, etc. I \u00e9s que el nostre objectiu m\u00e9s gran sempre ha estat millorar la qualitat de vida de moltes persones que patissin o patissin d&#8217;alguna condici\u00f3 psicol\u00f2gica. Per aix\u00f2, ens valem de la m\u00e9s completa formaci\u00f3, amb <strong>anys dedicats a la investigaci\u00f3, el desenvolupament i l&#8217;aplicaci\u00f3 de tractaments i ter\u00e0pies<\/strong> per eliminar les limitacions a qu\u00e8 es pogu\u00e9s veure sotm\u00e8s a la seva vida.<\/p>\n<p>Com a resultat, hem aconseguit posicionar-nos com a <strong>una de les cl\u00edniques psicol\u00f2giques amb millor reputaci\u00f3 del sector<\/strong>. I \u00e9s que enlloc no podr\u00e0 comptar amb una atenci\u00f3 m\u00e8dica mesurada a la perfecci\u00f3 amb les seves necessitats, ja que a la nostra cl\u00ednica disposar\u00e0 d&#8217;un <strong>tracte m\u00e8dic pacient totalment personal i individualitzat<\/strong>. Gr\u00e0cies a la nostra manera de treballar, podrem analitzar i valorar la seva situaci\u00f3 de la millor manera per poder proporcionar la millor soluci\u00f3 als seus problemes. Actualment oferim completa atenci\u00f3 a tot tipus de <a href=\"https:\/\/psicoclinicabarcelona.com\/ca\/psicoleg-infantil-barcelona\/\">s\u00edndromes presents a la inf\u00e0ncia<\/a>, l&#8217;adolesc\u00e8ncia o l&#8217;edat adulta. No obstant aix\u00f2, entre les malalties per les quals acostumem a rebre m\u00e9s pacients s\u00f3n aquelles relacionades amb problemes per poder <strong>conciliar el son i dormir pl\u00e0cidament<\/strong>. Com que les causes d&#8217;aquesta condici\u00f3 poden ser molt variades, des de Psicocl\u00ednica Barcelona us recomanem posar-vos en mans d&#8217;especialistes de la salut com nosaltres per rebre un tractament adequat. Si tingu\u00e9ssiu algun dubte addicional, us animem a que us poseu en contacte amb nosaltres. Estarem encantats de posar-nos a la vostra disposici\u00f3.[\/vc_column_text][\/vc_column][vc_column width=&#8221;1\/2&#8243;][vc_column_text]<img decoding=\"async\" class=\"aligncenter wp-image-5660 size-full\" src=\"https:\/\/psicoclinicabarcelona.com\/wp-content\/uploads\/2022\/07\/undraw_sleep_analysis_o5f9.webp\" alt=\"trastorno del sue\u00f1o tratamiento \" width=\"1297\" height=\"996\" srcset=\"https:\/\/psicoclinicabarcelona.com\/wp-content\/uploads\/2022\/07\/undraw_sleep_analysis_o5f9.webp 1297w, https:\/\/psicoclinicabarcelona.com\/wp-content\/uploads\/2022\/07\/undraw_sleep_analysis_o5f9-300x230.webp 300w, https:\/\/psicoclinicabarcelona.com\/wp-content\/uploads\/2022\/07\/undraw_sleep_analysis_o5f9-1024x786.webp 1024w, https:\/\/psicoclinicabarcelona.com\/wp-content\/uploads\/2022\/07\/undraw_sleep_analysis_o5f9-768x590.webp 768w, https:\/\/psicoclinicabarcelona.com\/wp-content\/uploads\/2022\/07\/undraw_sleep_analysis_o5f9-600x461.webp 600w\" sizes=\"(max-width: 1297px) 100vw, 1297px\" \/>[\/vc_column_text][\/vc_column][vc_column][vc_column_text]\n<h2>Tractament insomni Barcelona<\/h2>\n<p>Els trastorns del son v\u00e9nen definits com a alteracions en diversitat de par\u00e0metres per mesurar el son, ja sigui en la quantitat de temps que dormim, la qualitat del proc\u00e9s o la variabilitat de les diferents seq\u00fc\u00e8ncies que el formen. Avui dia hi ha moltes afeccions al son com l&#8217;insomni, problemes per agafar o mantenir el son, la narcol\u00e8psia, amb atacs de somnis sobtats, o la paras\u00f2mnia, amb s\u00edmptomes com el somnambulisme, els terrors nocturns o malsons, entre molts altres trastorns . <strong>Aquests trastorns de vegades poden representar greus perills per a la salut de la persona<\/strong> que els pateix, havent d&#8217;iniciar els corresponents tractaments per millorar la seva condici\u00f3. A m\u00e9s dels s\u00edmptomes descrits, \u00e9s habitual a les persones amb trastorns del son que presentin un altre tipus de malalties com irritabilitat, inestabilitat emocional, cefalees o atacs d&#8217;ansietat. Les causes que poden derivar en un trastorn del son poden ser variades, i a vegades poden estar lligades a altres condicions o malalties psiqui\u00e0triques addicionals com ara la depressi\u00f3, l&#8217;ansietat, les malalties cr\u00f2niques o les <a href=\"https:\/\/psicoclinicabarcelona.com\/ca\/tractament-terapia-addiccions\/\">addiccions<\/a>.<\/p>\n<h2>Efectiva ter\u00e0pia contra l&#8217;insomni<\/h2>\n<p>Com \u00e9s habitual, els tractaments per <strong>acabar amb l&#8217;insomni<\/strong> dependran en certa mesura de la situaci\u00f3 del pacient amb el trastorn. Per aquest motiu,\u00a0<strong>a Psicocl\u00ednica Barcelona ens encarregarem de fer una an\u00e0lisi detallada del seu cas<\/strong>, de cara a proporcionar-li el tractament adequat. De vegades la\u00a0<strong>ter\u00e0pia per a l&#8217;insomni<\/strong>\u00a0consistix en la millora de les pautes de comportament de cara a conciliar un millor somni, aplicant mesures higi\u00e8nic diet\u00e8tiques com b\u00e9 pot ser la realitzaci\u00f3 d&#8217;exercici f\u00edsic de forma habitual, mantenir horaris regulars, evitar la ingesta de subst\u00e0ncies excitants o adaptar el dormitori per propiciar el son. Aix\u00f2 no obstant, si aquestes ter\u00e0pies no tenen l&#8217;efecte desitjat, tamb\u00e9 \u00e9s possible rec\u00f3rrer a ter\u00e0pia farmacol\u00f2gica. Com sempre li diem, a la nostra cl\u00ednica li obrim la porta per proporcionar-li el <strong>tractament psicol\u00f2gic de l&#8217;insomni a Barcelona<\/strong> que est\u00e0 buscant. A Psicocl\u00ednica Barcelona el nostre objectiu m\u00e9s gran \u00e9s garantir-li el millor estat de salut possible. Deixeu-vos assessorar pels nostres experts i comenceu a gaudir del somni perdut.[\/vc_column_text][\/vc_column][\/vc_row]\n","protected":false},"excerpt":{"rendered":"<p>[vc_row][vc_column width=&#8221;1\/2&#8243;][vc_column_text]Compte amb la major professionalitat a Psicocl\u00ednica Barcelona. Amb m\u00e9s de 10 anys d&#8217;experi\u00e8ncia, els millors especialistes de la salut podran garantir-vos l&#8217;assessorament m\u00e9s complet sobre tot tipus de s\u00edndromes o trastorns psicol\u00f2gics: depressi\u00f3, trastorns sexuals, fibromi\u00e0lgia, TOC, etc. I \u00e9s que el nostre objectiu m\u00e9s gran sempre ha estat millorar la qualitat de&hellip;<\/p>\n","protected":false},"author":2,"featured_media":0,"parent":0,"menu_order":0,"comment_status":"open","ping_status":"open","template":"","meta":{"footnotes":""},"class_list":["post-6205","page","type-page","status-publish","hentry","entry","no-media"],"yoast_head":"<!-- This site is optimized with the Yoast SEO plugin v24.6 - https:\/\/yoast.com\/wordpress\/plugins\/seo\/ -->\n<title>Trastorns somni. Tractament insomni. Terapia insomni<\/title>\n<meta name=\"description\" content=\"PSICOCL\u00cdNICA BARCELONA. La nostra ter\u00e0pia contra l&#039;insomni us ajudar\u00e0 a coinciliar el somni i dormir pl\u00e0cidament a les nits.\" \/>\n<meta name=\"robots\" content=\"index, follow, max-snippet:-1, max-image-preview:large, max-video-preview:-1\" \/>\n<link rel=\"canonical\" href=\"https:\/\/psicoclinicabarcelona.com\/ca\/trastorns-somni-terapia-insomni\/\" \/>\n<meta property=\"og:locale\" content=\"ca_ES\" \/>\n<meta property=\"og:type\" content=\"article\" \/>\n<meta property=\"og:title\" content=\"Trastorns somni. Tractament insomni. Terapia insomni\" \/>\n<meta property=\"og:description\" content=\"PSICOCL\u00cdNICA BARCELONA. La nostra ter\u00e0pia contra l&#039;insomni us ajudar\u00e0 a coinciliar el somni i dormir pl\u00e0cidament a les nits.\" \/>\n<meta property=\"og:url\" content=\"https:\/\/psicoclinicabarcelona.com\/ca\/trastorns-somni-terapia-insomni\/\" \/>\n<meta property=\"og:site_name\" content=\"Psicocl\u00ednica Barcelona\" \/>\n<meta property=\"article:publisher\" content=\"https:\/\/www.facebook.com\/PsicoclinicaBarcelona\/\" \/>\n<meta property=\"article:modified_time\" content=\"2023-05-02T11:07:45+00:00\" \/>\n<meta property=\"og:image\" content=\"https:\/\/psicoclinicabarcelona.com\/wp-content\/uploads\/2022\/07\/undraw_sleep_analysis_o5f9.webp\" \/>\n<meta name=\"twitter:label1\" content=\"Temps estimat de lectura\" \/>\n\t<meta name=\"twitter:data1\" content=\"4 minuts\" \/>\n<script type=\"application\/ld+json\" class=\"yoast-schema-graph\">{\"@context\":\"https:\/\/schema.org\",\"@graph\":[{\"@type\":\"WebPage\",\"@id\":\"https:\/\/psicoclinicabarcelona.com\/ca\/trastorns-somni-terapia-insomni\/\",\"url\":\"https:\/\/psicoclinicabarcelona.com\/ca\/trastorns-somni-terapia-insomni\/\",\"name\":\"Trastorns somni. Tractament insomni. Terapia insomni\",\"isPartOf\":{\"@id\":\"https:\/\/psicoclinicabarcelona.com\/#website\"},\"primaryImageOfPage\":{\"@id\":\"https:\/\/psicoclinicabarcelona.com\/ca\/trastorns-somni-terapia-insomni\/#primaryimage\"},\"image\":{\"@id\":\"https:\/\/psicoclinicabarcelona.com\/ca\/trastorns-somni-terapia-insomni\/#primaryimage\"},\"thumbnailUrl\":\"https:\/\/psicoclinicabarcelona.com\/wp-content\/uploads\/2022\/07\/undraw_sleep_analysis_o5f9.webp\",\"datePublished\":\"2015-08-30T14:52:15+00:00\",\"dateModified\":\"2023-05-02T11:07:45+00:00\",\"description\":\"PSICOCL\u00cdNICA BARCELONA. La nostra ter\u00e0pia contra l'insomni us ajudar\u00e0 a coinciliar el somni i dormir pl\u00e0cidament a les nits.\",\"breadcrumb\":{\"@id\":\"https:\/\/psicoclinicabarcelona.com\/ca\/trastorns-somni-terapia-insomni\/#breadcrumb\"},\"inLanguage\":\"ca\",\"potentialAction\":[{\"@type\":\"ReadAction\",\"target\":[\"https:\/\/psicoclinicabarcelona.com\/ca\/trastorns-somni-terapia-insomni\/\"]}]},{\"@type\":\"ImageObject\",\"inLanguage\":\"ca\",\"@id\":\"https:\/\/psicoclinicabarcelona.com\/ca\/trastorns-somni-terapia-insomni\/#primaryimage\",\"url\":\"https:\/\/psicoclinicabarcelona.com\/wp-content\/uploads\/2022\/07\/undraw_sleep_analysis_o5f9.webp\",\"contentUrl\":\"https:\/\/psicoclinicabarcelona.com\/wp-content\/uploads\/2022\/07\/undraw_sleep_analysis_o5f9.webp\"},{\"@type\":\"BreadcrumbList\",\"@id\":\"https:\/\/psicoclinicabarcelona.com\/ca\/trastorns-somni-terapia-insomni\/#breadcrumb\",\"itemListElement\":[{\"@type\":\"ListItem\",\"position\":1,\"name\":\"Portada\",\"item\":\"https:\/\/psicoclinicabarcelona.com\/ca\/\"},{\"@type\":\"ListItem\",\"position\":2,\"name\":\"Trastorns del somni\"}]},{\"@type\":\"WebSite\",\"@id\":\"https:\/\/psicoclinicabarcelona.com\/#website\",\"url\":\"https:\/\/psicoclinicabarcelona.com\/\",\"name\":\"Psicocl\u00ednica Barcelona\",\"description\":\"Posiblemente el mejor psic\u00f3logo en Barcelona o la mejor psic\u00f3loga de Barcelona. Ll\u00e1manos sin compromiso al 935 414 478\",\"publisher\":{\"@id\":\"https:\/\/psicoclinicabarcelona.com\/#organization\"},\"alternateName\":\"Psicocl\u00ednica Barcelona\",\"potentialAction\":[{\"@type\":\"SearchAction\",\"target\":{\"@type\":\"EntryPoint\",\"urlTemplate\":\"https:\/\/psicoclinicabarcelona.com\/?s={search_term_string}\"},\"query-input\":{\"@type\":\"PropertyValueSpecification\",\"valueRequired\":true,\"valueName\":\"search_term_string\"}}],\"inLanguage\":\"ca\"},{\"@type\":\"Organization\",\"@id\":\"https:\/\/psicoclinicabarcelona.com\/#organization\",\"name\":\"Psicocl\u00ednica Barcelona\",\"alternateName\":\"Psicocl\u00ednica Barcelona\",\"url\":\"https:\/\/psicoclinicabarcelona.com\/\",\"logo\":{\"@type\":\"ImageObject\",\"inLanguage\":\"ca\",\"@id\":\"https:\/\/psicoclinicabarcelona.com\/#\/schema\/logo\/image\/\",\"url\":\"https:\/\/psicoclinicabarcelona.com\/wp-content\/uploads\/2015\/04\/psicologos-barcelona.png\",\"contentUrl\":\"https:\/\/psicoclinicabarcelona.com\/wp-content\/uploads\/2015\/04\/psicologos-barcelona.png\",\"width\":178,\"height\":62,\"caption\":\"Psicocl\u00ednica Barcelona\"},\"image\":{\"@id\":\"https:\/\/psicoclinicabarcelona.com\/#\/schema\/logo\/image\/\"},\"sameAs\":[\"https:\/\/www.facebook.com\/PsicoclinicaBarcelona\/\",\"https:\/\/x.com\/psicoclinicabcn\",\"https:\/\/www.linkedin.com\/company\/psicocl\u00ednica-barcelona\/\",\"https:\/\/www.instagram.com\/psicoclinicabarcelona\/\",\"https:\/\/www.youtube.com\/channel\/UCcc-5_wC56giASuT0XDr87Q\"]}]}<\/script>\n<!-- \/ Yoast SEO plugin. -->","yoast_head_json":{"title":"Trastorns somni. Tractament insomni. Terapia insomni","description":"PSICOCL\u00cdNICA BARCELONA. La nostra ter\u00e0pia contra l'insomni us ajudar\u00e0 a coinciliar el somni i dormir pl\u00e0cidament a les nits.","robots":{"index":"index","follow":"follow","max-snippet":"max-snippet:-1","max-image-preview":"max-image-preview:large","max-video-preview":"max-video-preview:-1"},"canonical":"https:\/\/psicoclinicabarcelona.com\/ca\/trastorns-somni-terapia-insomni\/","og_locale":"ca_ES","og_type":"article","og_title":"Trastorns somni. Tractament insomni. Terapia insomni","og_description":"PSICOCL\u00cdNICA BARCELONA. La nostra ter\u00e0pia contra l'insomni us ajudar\u00e0 a coinciliar el somni i dormir pl\u00e0cidament a les nits.","og_url":"https:\/\/psicoclinicabarcelona.com\/ca\/trastorns-somni-terapia-insomni\/","og_site_name":"Psicocl\u00ednica Barcelona","article_publisher":"https:\/\/www.facebook.com\/PsicoclinicaBarcelona\/","article_modified_time":"2023-05-02T11:07:45+00:00","og_image":[{"url":"https:\/\/psicoclinicabarcelona.com\/wp-content\/uploads\/2022\/07\/undraw_sleep_analysis_o5f9.webp","type":"","width":"","height":""}],"twitter_misc":{"Temps estimat de lectura":"4 minuts"},"schema":{"@context":"https:\/\/schema.org","@graph":[{"@type":"WebPage","@id":"https:\/\/psicoclinicabarcelona.com\/ca\/trastorns-somni-terapia-insomni\/","url":"https:\/\/psicoclinicabarcelona.com\/ca\/trastorns-somni-terapia-insomni\/","name":"Trastorns somni. Tractament insomni. Terapia insomni","isPartOf":{"@id":"https:\/\/psicoclinicabarcelona.com\/#website"},"primaryImageOfPage":{"@id":"https:\/\/psicoclinicabarcelona.com\/ca\/trastorns-somni-terapia-insomni\/#primaryimage"},"image":{"@id":"https:\/\/psicoclinicabarcelona.com\/ca\/trastorns-somni-terapia-insomni\/#primaryimage"},"thumbnailUrl":"https:\/\/psicoclinicabarcelona.com\/wp-content\/uploads\/2022\/07\/undraw_sleep_analysis_o5f9.webp","datePublished":"2015-08-30T14:52:15+00:00","dateModified":"2023-05-02T11:07:45+00:00","description":"PSICOCL\u00cdNICA BARCELONA. La nostra ter\u00e0pia contra l'insomni us ajudar\u00e0 a coinciliar el somni i dormir pl\u00e0cidament a les nits.","breadcrumb":{"@id":"https:\/\/psicoclinicabarcelona.com\/ca\/trastorns-somni-terapia-insomni\/#breadcrumb"},"inLanguage":"ca","potentialAction":[{"@type":"ReadAction","target":["https:\/\/psicoclinicabarcelona.com\/ca\/trastorns-somni-terapia-insomni\/"]}]},{"@type":"ImageObject","inLanguage":"ca","@id":"https:\/\/psicoclinicabarcelona.com\/ca\/trastorns-somni-terapia-insomni\/#primaryimage","url":"https:\/\/psicoclinicabarcelona.com\/wp-content\/uploads\/2022\/07\/undraw_sleep_analysis_o5f9.webp","contentUrl":"https:\/\/psicoclinicabarcelona.com\/wp-content\/uploads\/2022\/07\/undraw_sleep_analysis_o5f9.webp"},{"@type":"BreadcrumbList","@id":"https:\/\/psicoclinicabarcelona.com\/ca\/trastorns-somni-terapia-insomni\/#breadcrumb","itemListElement":[{"@type":"ListItem","position":1,"name":"Portada","item":"https:\/\/psicoclinicabarcelona.com\/ca\/"},{"@type":"ListItem","position":2,"name":"Trastorns del somni"}]},{"@type":"WebSite","@id":"https:\/\/psicoclinicabarcelona.com\/#website","url":"https:\/\/psicoclinicabarcelona.com\/","name":"Psicocl\u00ednica Barcelona","description":"Posiblemente el mejor psic\u00f3logo en Barcelona o la mejor psic\u00f3loga de Barcelona. Ll\u00e1manos sin compromiso al 935 414 478","publisher":{"@id":"https:\/\/psicoclinicabarcelona.com\/#organization"},"alternateName":"Psicocl\u00ednica Barcelona","potentialAction":[{"@type":"SearchAction","target":{"@type":"EntryPoint","urlTemplate":"https:\/\/psicoclinicabarcelona.com\/?s={search_term_string}"},"query-input":{"@type":"PropertyValueSpecification","valueRequired":true,"valueName":"search_term_string"}}],"inLanguage":"ca"},{"@type":"Organization","@id":"https:\/\/psicoclinicabarcelona.com\/#organization","name":"Psicocl\u00ednica Barcelona","alternateName":"Psicocl\u00ednica Barcelona","url":"https:\/\/psicoclinicabarcelona.com\/","logo":{"@type":"ImageObject","inLanguage":"ca","@id":"https:\/\/psicoclinicabarcelona.com\/#\/schema\/logo\/image\/","url":"https:\/\/psicoclinicabarcelona.com\/wp-content\/uploads\/2015\/04\/psicologos-barcelona.png","contentUrl":"https:\/\/psicoclinicabarcelona.com\/wp-content\/uploads\/2015\/04\/psicologos-barcelona.png","width":178,"height":62,"caption":"Psicocl\u00ednica Barcelona"},"image":{"@id":"https:\/\/psicoclinicabarcelona.com\/#\/schema\/logo\/image\/"},"sameAs":["https:\/\/www.facebook.com\/PsicoclinicaBarcelona\/","https:\/\/x.com\/psicoclinicabcn","https:\/\/www.linkedin.com\/company\/psicocl\u00ednica-barcelona\/","https:\/\/www.instagram.com\/psicoclinicabarcelona\/","https:\/\/www.youtube.com\/channel\/UCcc-5_wC56giASuT0XDr87Q"]}]}},"_links":{"self":[{"href":"https:\/\/psicoclinicabarcelona.com\/ca\/wp-json\/wp\/v2\/pages\/6205"}],"collection":[{"href":"https:\/\/psicoclinicabarcelona.com\/ca\/wp-json\/wp\/v2\/pages"}],"about":[{"href":"https:\/\/psicoclinicabarcelona.com\/ca\/wp-json\/wp\/v2\/types\/page"}],"author":[{"embeddable":true,"href":"https:\/\/psicoclinicabarcelona.com\/ca\/wp-json\/wp\/v2\/users\/2"}],"replies":[{"embeddable":true,"href":"https:\/\/psicoclinicabarcelona.com\/ca\/wp-json\/wp\/v2\/comments?post=6205"}],"version-history":[{"count":4,"href":"https:\/\/psicoclinicabarcelona.com\/ca\/wp-json\/wp\/v2\/pages\/6205\/revisions"}],"predecessor-version":[{"id":6472,"href":"https:\/\/psicoclinicabarcelona.com\/ca\/wp-json\/wp\/v2\/pages\/6205\/revisions\/6472"}],"wp:attachment":[{"href":"https:\/\/psicoclinicabarcelona.com\/ca\/wp-json\/wp\/v2\/media?parent=6205"}],"curies":[{"name":"wp","href":"https:\/\/api.w.org\/{rel}","templated":true}]}}