{"id":6208,"date":"2015-08-30T14:52:44","date_gmt":"2015-08-30T14:52:44","guid":{"rendered":"https:\/\/psicoclinicabarcelona.com\/sexologos-barcelona-trastornos-sexuales\/"},"modified":"2023-05-02T13:04:01","modified_gmt":"2023-05-02T11:04:01","slug":"sexolegs-barcelona-transtorns-sexuals","status":"publish","type":"page","link":"https:\/\/psicoclinicabarcelona.com\/ca\/sexolegs-barcelona-transtorns-sexuals\/","title":{"rendered":"Trastorns sexuals"},"content":{"rendered":"[vc_row][vc_column width=&#8221;1\/2&#8243;][vc_column_text]Demanar cita amb un <b>sex\u00f2leg Barcelona<\/b> o una\u00a0<b>sex\u00f2loga a Barcelona<\/b>, pot ser el primer pas per trobar solucions al problema. Molts dels trastorns sexuals troben la causa en conflictes de tipus psicol\u00f2gic. A Psicocl\u00ednica Barcelona trobareu un equip de professionals amb \u00e0mplia\u00a0<b>experi\u00e8ncia en diferents especialitats dins de la psicologia i la psicoter\u00e0pia<\/b>, la nostra cl\u00ednica est\u00e0 caracteritzada per una relaci\u00f3 psic\u00f2leg-pacient personalitzada i totalment individualitzada, en qu\u00e8 la privadesa \u00e9s una cosa fonamental.<\/p>\n<p>El nostre experimentat equip de <strong>psic\u00f2legs a Barcelona<\/strong>, compta amb una gran experi\u00e8ncia en <strong>sexologia cl\u00ednica<\/strong> i <strong>ter\u00e0pia sexual<\/strong>. L&#8217;esperit amb qu\u00e8 creem Psicocl\u00ednica Barcelona encara \u00e9s molt viu actualment.<\/p>\n<p>Si necessita\u00a0<b>ter\u00e0pia per a trastorns sexuals amb un sex\u00f2leg cl\u00ednic<\/b>, pot trucar-nos sense cap comprom\u00eds, ser\u00e0 at\u00e8s per un dels nostres especialistes.[\/vc_column_text][\/vc_column][vc_column width=&#8221;1\/2&#8243;][vc_column_text]<img decoding=\"async\" class=\"aligncenter wp-image-5663 size-full\" src=\"https:\/\/psicoclinicabarcelona.com\/wp-content\/uploads\/2022\/07\/trastornos-sexuales.webp\" alt=\"psicologos trastornos sexuales\" width=\"900\" height=\"665\" srcset=\"https:\/\/psicoclinicabarcelona.com\/wp-content\/uploads\/2022\/07\/trastornos-sexuales.webp 900w, https:\/\/psicoclinicabarcelona.com\/wp-content\/uploads\/2022\/07\/trastornos-sexuales-300x222.webp 300w, https:\/\/psicoclinicabarcelona.com\/wp-content\/uploads\/2022\/07\/trastornos-sexuales-768x567.webp 768w, https:\/\/psicoclinicabarcelona.com\/wp-content\/uploads\/2022\/07\/trastornos-sexuales-600x443.webp 600w\" sizes=\"(max-width: 900px) 100vw, 900px\" \/>[\/vc_column_text][\/vc_column][vc_column][vc_column_text]\n<h2>Disfunci\u00f3 er\u00e8ctil, ejaculaci\u00f3 preco\u00e7, frigidesa\u2026<\/h2>\n<p>Les demandes de tractament m\u00e9s freq\u00fcents en una <strong>cl\u00ednica de sexologia de Barcelona<\/strong> solen estar relacionades amb la <strong>falta de gana sexual<\/strong>, la <strong>p\u00e8rdua de desig sexual o la manca de excitaci\u00f3<\/strong>, aix\u00ed com altres problemes relacionats amb el sexe:\u00a0<b>l&#8217;orgasme, el dolor durant el coit<\/b>, la\u00a0<b>disfunci\u00f3 er\u00e8ctil<\/b> o la\u00a0<b>ejaculaci\u00f3 preco\u00e7. <\/b>Molts d&#8217;aquests problemes provenen de causes purament psicol\u00f2giques, podent ser solucionats mitjan\u00e7ant tractament adequat.<\/p>\n<p>A Psicocl\u00ednica Barcelona fem sempre una valoraci\u00f3 inicial de la situaci\u00f3 del pacient. D&#8217;aquesta manera, podem orientar el tractament de la manera m\u00e9s precisa i individualitzada possible.<\/p>\n<p>D&#8217;altra banda, \u00e9s freq\u00fcent rebre pacients que presenten un malestar relacionat amb la seva orientaci\u00f3 sexual. La identitat i l&#8217;orientaci\u00f3 sexual es poden sotmetre a determinades pressions que provenen tant de l&#8217;exterior com de l&#8217;interior de la pr\u00f2pia persona. El tractament, en aquests casos, anir\u00e0 dirigit a trobar solucions davant de l&#8217;angoixa, els dubtes i la por que deriven d&#8217;aquestes situacions.<\/p>\n<h2><b>Ter\u00e0pia sexual\u2026 i altres canvis<\/b><\/h2>\n<p>Per superar la falta de gana o desig sexual, l&#8217;anorg\u00e0smia (no s&#8217;arriba a l&#8217;orgasme durant el sexe) i altres problemes sexuals, hi ha m\u00faltiples tractaments farmacol\u00f2gics i ter\u00e0pies sexuals de tipus psicol\u00f2gic, les m\u00e9s comunes s\u00f3n d&#8217;orientaci\u00f3 cognitiu conductual i de ter\u00e0pia breu estrat\u00e8gica. Tot i aix\u00f2, a Psicocl\u00ednica Barcelona apostem per un m\u00e8tode de tractament que apunta a l&#8217;arrel del problema i no es queda \u00fanicament en el s\u00edmptoma (des del punt de vista psicol\u00f2gic, aquests problemes poden ser pensats com un s\u00edmptoma).<\/p>\n<p>Si una persona es dirigeix a una cl\u00ednica de sexologia per tractar algun trastorn sexual, trobareu que una de les primeres coses que us indicaran ser\u00e0 instaurar una s\u00e8rie d&#8217;h\u00e0bits saludables. Una cosa semblant al que passa amb la persona que t\u00e9 un trastorn del son i rep una s\u00e8rie de pautes com a higiene del son. Aquestes pautes solen anar en la seg\u00fcent adre\u00e7a:<\/p>\n<h3>Dieta sana<\/h3>\n<p>En primer lloc, \u00e9s important controlar-se en el consum d&#8217;alcohol, ja que -al rev\u00e9s del que moltes persones creuen- redueix la capacitat d&#8217;excitar-se sexualment.<\/p>\n<h3>Un bon descans<\/h3>\n<p>Dormir les hores adequades ens ajudar\u00e0 a elevar els nivells de libido. El descans es considera fonamental.<\/p>\n<h3>Exercici f\u00edsic<\/h3>\n<p>L&#8217;activitat f\u00edsica segrega endorfines, cosa que ens ajudar\u00e0 a millorar pel que fa al punt seg\u00fcent.<\/p>\n<h3>Tractar l&#8217;ansietat, la depressi\u00f3 o l&#8217;estr\u00e8s<\/h3>\n<p>Reduir els nivells d&#8217;ansietat o estr\u00e8s i estabilitzar \u00e9s estat d&#8217;\u00e0nim. Quan un se sent millor amb si mateix, \u00e9s m\u00e9s probable que pot estar millor en relaci\u00f3 amb la seva sexualitat.<\/p>\n<h3>Sopesar la possibilitat d&#8217;una ter\u00e0pia en parella<\/h3>\n<p>De vegades, els problemes al sexe v\u00e9nen de problemes de parella, sobretot a nivell comunicatiu. Ser\u00e0 important tenir-ho en compte a l&#8217;hora d&#8217;establir-ne el tractament.[\/vc_column_text][\/vc_column][\/vc_row]\n","protected":false},"excerpt":{"rendered":"<p>[vc_row][vc_column width=&#8221;1\/2&#8243;][vc_column_text]Demanar cita amb un sex\u00f2leg Barcelona o una\u00a0sex\u00f2loga a Barcelona, pot ser el primer pas per trobar solucions al problema. Molts dels trastorns sexuals troben la causa en conflictes de tipus psicol\u00f2gic. A Psicocl\u00ednica Barcelona trobareu un equip de professionals amb \u00e0mplia\u00a0experi\u00e8ncia en diferents especialitats dins de la psicologia i la psicoter\u00e0pia, la nostra&hellip;<\/p>\n","protected":false},"author":2,"featured_media":0,"parent":0,"menu_order":0,"comment_status":"open","ping_status":"open","template":"","meta":{"footnotes":""},"class_list":["post-6208","page","type-page","status-publish","hentry","entry","no-media"],"yoast_head":"<!-- This site is optimized with the Yoast SEO plugin v24.6 - https:\/\/yoast.com\/wordpress\/plugins\/seo\/ -->\n<title>Sexolegs Barcelona. Sexologia Barcelona. Sexoleg Barcelona<\/title>\n<meta name=\"description\" content=\"PSICOCL\u00cdNICA BARCELONA. Cl\u00ednica de sexologia a Barcelona. Tractament de trastorns sexuals: disfunci\u00f3 er\u00e8ctil, ejaculaci\u00f3 preco\u00e7, frigidesa\u2026\" \/>\n<meta name=\"robots\" content=\"index, follow, max-snippet:-1, max-image-preview:large, max-video-preview:-1\" \/>\n<link rel=\"canonical\" href=\"https:\/\/psicoclinicabarcelona.com\/ca\/sexolegs-barcelona-transtorns-sexuals\/\" \/>\n<meta property=\"og:locale\" content=\"ca_ES\" \/>\n<meta property=\"og:type\" content=\"article\" \/>\n<meta property=\"og:title\" content=\"Sexolegs Barcelona. Sexologia Barcelona. Sexoleg Barcelona\" \/>\n<meta property=\"og:description\" content=\"PSICOCL\u00cdNICA BARCELONA. Cl\u00ednica de sexologia a Barcelona. Tractament de trastorns sexuals: disfunci\u00f3 er\u00e8ctil, ejaculaci\u00f3 preco\u00e7, frigidesa\u2026\" \/>\n<meta property=\"og:url\" content=\"https:\/\/psicoclinicabarcelona.com\/ca\/sexolegs-barcelona-transtorns-sexuals\/\" \/>\n<meta property=\"og:site_name\" content=\"Psicocl\u00ednica Barcelona\" \/>\n<meta property=\"article:publisher\" content=\"https:\/\/www.facebook.com\/PsicoclinicaBarcelona\/\" \/>\n<meta property=\"article:modified_time\" content=\"2023-05-02T11:04:01+00:00\" \/>\n<meta property=\"og:image\" content=\"https:\/\/psicoclinicabarcelona.com\/wp-content\/uploads\/2022\/07\/trastornos-sexuales.webp\" \/>\n<meta name=\"twitter:label1\" content=\"Temps estimat de lectura\" \/>\n\t<meta name=\"twitter:data1\" content=\"3 minuts\" \/>\n<script type=\"application\/ld+json\" class=\"yoast-schema-graph\">{\"@context\":\"https:\/\/schema.org\",\"@graph\":[{\"@type\":\"WebPage\",\"@id\":\"https:\/\/psicoclinicabarcelona.com\/ca\/sexolegs-barcelona-transtorns-sexuals\/\",\"url\":\"https:\/\/psicoclinicabarcelona.com\/ca\/sexolegs-barcelona-transtorns-sexuals\/\",\"name\":\"Sexolegs Barcelona. Sexologia Barcelona. Sexoleg Barcelona\",\"isPartOf\":{\"@id\":\"https:\/\/psicoclinicabarcelona.com\/#website\"},\"primaryImageOfPage\":{\"@id\":\"https:\/\/psicoclinicabarcelona.com\/ca\/sexolegs-barcelona-transtorns-sexuals\/#primaryimage\"},\"image\":{\"@id\":\"https:\/\/psicoclinicabarcelona.com\/ca\/sexolegs-barcelona-transtorns-sexuals\/#primaryimage\"},\"thumbnailUrl\":\"https:\/\/psicoclinicabarcelona.com\/wp-content\/uploads\/2022\/07\/trastornos-sexuales.webp\",\"datePublished\":\"2015-08-30T14:52:44+00:00\",\"dateModified\":\"2023-05-02T11:04:01+00:00\",\"description\":\"PSICOCL\u00cdNICA BARCELONA. Cl\u00ednica de sexologia a Barcelona. Tractament de trastorns sexuals: disfunci\u00f3 er\u00e8ctil, ejaculaci\u00f3 preco\u00e7, frigidesa\u2026\",\"breadcrumb\":{\"@id\":\"https:\/\/psicoclinicabarcelona.com\/ca\/sexolegs-barcelona-transtorns-sexuals\/#breadcrumb\"},\"inLanguage\":\"ca\",\"potentialAction\":[{\"@type\":\"ReadAction\",\"target\":[\"https:\/\/psicoclinicabarcelona.com\/ca\/sexolegs-barcelona-transtorns-sexuals\/\"]}]},{\"@type\":\"ImageObject\",\"inLanguage\":\"ca\",\"@id\":\"https:\/\/psicoclinicabarcelona.com\/ca\/sexolegs-barcelona-transtorns-sexuals\/#primaryimage\",\"url\":\"https:\/\/psicoclinicabarcelona.com\/wp-content\/uploads\/2022\/07\/trastornos-sexuales.webp\",\"contentUrl\":\"https:\/\/psicoclinicabarcelona.com\/wp-content\/uploads\/2022\/07\/trastornos-sexuales.webp\"},{\"@type\":\"BreadcrumbList\",\"@id\":\"https:\/\/psicoclinicabarcelona.com\/ca\/sexolegs-barcelona-transtorns-sexuals\/#breadcrumb\",\"itemListElement\":[{\"@type\":\"ListItem\",\"position\":1,\"name\":\"Portada\",\"item\":\"https:\/\/psicoclinicabarcelona.com\/ca\/\"},{\"@type\":\"ListItem\",\"position\":2,\"name\":\"Trastorns sexuals\"}]},{\"@type\":\"WebSite\",\"@id\":\"https:\/\/psicoclinicabarcelona.com\/#website\",\"url\":\"https:\/\/psicoclinicabarcelona.com\/\",\"name\":\"Psicocl\u00ednica Barcelona\",\"description\":\"Posiblemente el mejor psic\u00f3logo en Barcelona o la mejor psic\u00f3loga de Barcelona. Ll\u00e1manos sin compromiso al 935 414 478\",\"publisher\":{\"@id\":\"https:\/\/psicoclinicabarcelona.com\/#organization\"},\"alternateName\":\"Psicocl\u00ednica Barcelona\",\"potentialAction\":[{\"@type\":\"SearchAction\",\"target\":{\"@type\":\"EntryPoint\",\"urlTemplate\":\"https:\/\/psicoclinicabarcelona.com\/?s={search_term_string}\"},\"query-input\":{\"@type\":\"PropertyValueSpecification\",\"valueRequired\":true,\"valueName\":\"search_term_string\"}}],\"inLanguage\":\"ca\"},{\"@type\":\"Organization\",\"@id\":\"https:\/\/psicoclinicabarcelona.com\/#organization\",\"name\":\"Psicocl\u00ednica Barcelona\",\"alternateName\":\"Psicocl\u00ednica Barcelona\",\"url\":\"https:\/\/psicoclinicabarcelona.com\/\",\"logo\":{\"@type\":\"ImageObject\",\"inLanguage\":\"ca\",\"@id\":\"https:\/\/psicoclinicabarcelona.com\/#\/schema\/logo\/image\/\",\"url\":\"https:\/\/psicoclinicabarcelona.com\/wp-content\/uploads\/2015\/04\/psicologos-barcelona.png\",\"contentUrl\":\"https:\/\/psicoclinicabarcelona.com\/wp-content\/uploads\/2015\/04\/psicologos-barcelona.png\",\"width\":178,\"height\":62,\"caption\":\"Psicocl\u00ednica Barcelona\"},\"image\":{\"@id\":\"https:\/\/psicoclinicabarcelona.com\/#\/schema\/logo\/image\/\"},\"sameAs\":[\"https:\/\/www.facebook.com\/PsicoclinicaBarcelona\/\",\"https:\/\/x.com\/psicoclinicabcn\",\"https:\/\/www.linkedin.com\/company\/psicocl\u00ednica-barcelona\/\",\"https:\/\/www.instagram.com\/psicoclinicabarcelona\/\",\"https:\/\/www.youtube.com\/channel\/UCcc-5_wC56giASuT0XDr87Q\"]}]}<\/script>\n<!-- \/ Yoast SEO plugin. -->","yoast_head_json":{"title":"Sexolegs Barcelona. Sexologia Barcelona. Sexoleg Barcelona","description":"PSICOCL\u00cdNICA BARCELONA. Cl\u00ednica de sexologia a Barcelona. Tractament de trastorns sexuals: disfunci\u00f3 er\u00e8ctil, ejaculaci\u00f3 preco\u00e7, frigidesa\u2026","robots":{"index":"index","follow":"follow","max-snippet":"max-snippet:-1","max-image-preview":"max-image-preview:large","max-video-preview":"max-video-preview:-1"},"canonical":"https:\/\/psicoclinicabarcelona.com\/ca\/sexolegs-barcelona-transtorns-sexuals\/","og_locale":"ca_ES","og_type":"article","og_title":"Sexolegs Barcelona. Sexologia Barcelona. Sexoleg Barcelona","og_description":"PSICOCL\u00cdNICA BARCELONA. Cl\u00ednica de sexologia a Barcelona. Tractament de trastorns sexuals: disfunci\u00f3 er\u00e8ctil, ejaculaci\u00f3 preco\u00e7, frigidesa\u2026","og_url":"https:\/\/psicoclinicabarcelona.com\/ca\/sexolegs-barcelona-transtorns-sexuals\/","og_site_name":"Psicocl\u00ednica Barcelona","article_publisher":"https:\/\/www.facebook.com\/PsicoclinicaBarcelona\/","article_modified_time":"2023-05-02T11:04:01+00:00","og_image":[{"url":"https:\/\/psicoclinicabarcelona.com\/wp-content\/uploads\/2022\/07\/trastornos-sexuales.webp","type":"","width":"","height":""}],"twitter_misc":{"Temps estimat de lectura":"3 minuts"},"schema":{"@context":"https:\/\/schema.org","@graph":[{"@type":"WebPage","@id":"https:\/\/psicoclinicabarcelona.com\/ca\/sexolegs-barcelona-transtorns-sexuals\/","url":"https:\/\/psicoclinicabarcelona.com\/ca\/sexolegs-barcelona-transtorns-sexuals\/","name":"Sexolegs Barcelona. Sexologia Barcelona. Sexoleg Barcelona","isPartOf":{"@id":"https:\/\/psicoclinicabarcelona.com\/#website"},"primaryImageOfPage":{"@id":"https:\/\/psicoclinicabarcelona.com\/ca\/sexolegs-barcelona-transtorns-sexuals\/#primaryimage"},"image":{"@id":"https:\/\/psicoclinicabarcelona.com\/ca\/sexolegs-barcelona-transtorns-sexuals\/#primaryimage"},"thumbnailUrl":"https:\/\/psicoclinicabarcelona.com\/wp-content\/uploads\/2022\/07\/trastornos-sexuales.webp","datePublished":"2015-08-30T14:52:44+00:00","dateModified":"2023-05-02T11:04:01+00:00","description":"PSICOCL\u00cdNICA BARCELONA. Cl\u00ednica de sexologia a Barcelona. Tractament de trastorns sexuals: disfunci\u00f3 er\u00e8ctil, ejaculaci\u00f3 preco\u00e7, frigidesa\u2026","breadcrumb":{"@id":"https:\/\/psicoclinicabarcelona.com\/ca\/sexolegs-barcelona-transtorns-sexuals\/#breadcrumb"},"inLanguage":"ca","potentialAction":[{"@type":"ReadAction","target":["https:\/\/psicoclinicabarcelona.com\/ca\/sexolegs-barcelona-transtorns-sexuals\/"]}]},{"@type":"ImageObject","inLanguage":"ca","@id":"https:\/\/psicoclinicabarcelona.com\/ca\/sexolegs-barcelona-transtorns-sexuals\/#primaryimage","url":"https:\/\/psicoclinicabarcelona.com\/wp-content\/uploads\/2022\/07\/trastornos-sexuales.webp","contentUrl":"https:\/\/psicoclinicabarcelona.com\/wp-content\/uploads\/2022\/07\/trastornos-sexuales.webp"},{"@type":"BreadcrumbList","@id":"https:\/\/psicoclinicabarcelona.com\/ca\/sexolegs-barcelona-transtorns-sexuals\/#breadcrumb","itemListElement":[{"@type":"ListItem","position":1,"name":"Portada","item":"https:\/\/psicoclinicabarcelona.com\/ca\/"},{"@type":"ListItem","position":2,"name":"Trastorns sexuals"}]},{"@type":"WebSite","@id":"https:\/\/psicoclinicabarcelona.com\/#website","url":"https:\/\/psicoclinicabarcelona.com\/","name":"Psicocl\u00ednica Barcelona","description":"Posiblemente el mejor psic\u00f3logo en Barcelona o la mejor psic\u00f3loga de Barcelona. Ll\u00e1manos sin compromiso al 935 414 478","publisher":{"@id":"https:\/\/psicoclinicabarcelona.com\/#organization"},"alternateName":"Psicocl\u00ednica Barcelona","potentialAction":[{"@type":"SearchAction","target":{"@type":"EntryPoint","urlTemplate":"https:\/\/psicoclinicabarcelona.com\/?s={search_term_string}"},"query-input":{"@type":"PropertyValueSpecification","valueRequired":true,"valueName":"search_term_string"}}],"inLanguage":"ca"},{"@type":"Organization","@id":"https:\/\/psicoclinicabarcelona.com\/#organization","name":"Psicocl\u00ednica Barcelona","alternateName":"Psicocl\u00ednica Barcelona","url":"https:\/\/psicoclinicabarcelona.com\/","logo":{"@type":"ImageObject","inLanguage":"ca","@id":"https:\/\/psicoclinicabarcelona.com\/#\/schema\/logo\/image\/","url":"https:\/\/psicoclinicabarcelona.com\/wp-content\/uploads\/2015\/04\/psicologos-barcelona.png","contentUrl":"https:\/\/psicoclinicabarcelona.com\/wp-content\/uploads\/2015\/04\/psicologos-barcelona.png","width":178,"height":62,"caption":"Psicocl\u00ednica Barcelona"},"image":{"@id":"https:\/\/psicoclinicabarcelona.com\/#\/schema\/logo\/image\/"},"sameAs":["https:\/\/www.facebook.com\/PsicoclinicaBarcelona\/","https:\/\/x.com\/psicoclinicabcn","https:\/\/www.linkedin.com\/company\/psicocl\u00ednica-barcelona\/","https:\/\/www.instagram.com\/psicoclinicabarcelona\/","https:\/\/www.youtube.com\/channel\/UCcc-5_wC56giASuT0XDr87Q"]}]}},"_links":{"self":[{"href":"https:\/\/psicoclinicabarcelona.com\/ca\/wp-json\/wp\/v2\/pages\/6208"}],"collection":[{"href":"https:\/\/psicoclinicabarcelona.com\/ca\/wp-json\/wp\/v2\/pages"}],"about":[{"href":"https:\/\/psicoclinicabarcelona.com\/ca\/wp-json\/wp\/v2\/types\/page"}],"author":[{"embeddable":true,"href":"https:\/\/psicoclinicabarcelona.com\/ca\/wp-json\/wp\/v2\/users\/2"}],"replies":[{"embeddable":true,"href":"https:\/\/psicoclinicabarcelona.com\/ca\/wp-json\/wp\/v2\/comments?post=6208"}],"version-history":[{"count":3,"href":"https:\/\/psicoclinicabarcelona.com\/ca\/wp-json\/wp\/v2\/pages\/6208\/revisions"}],"predecessor-version":[{"id":6467,"href":"https:\/\/psicoclinicabarcelona.com\/ca\/wp-json\/wp\/v2\/pages\/6208\/revisions\/6467"}],"wp:attachment":[{"href":"https:\/\/psicoclinicabarcelona.com\/ca\/wp-json\/wp\/v2\/media?parent=6208"}],"curies":[{"name":"wp","href":"https:\/\/api.w.org\/{rel}","templated":true}]}}