{"id":6211,"date":"2017-02-10T07:31:54","date_gmt":"2017-02-10T07:31:54","guid":{"rendered":"https:\/\/psicoclinicabarcelona.com\/trastorno-obsesivo-compulsivo\/"},"modified":"2023-05-02T13:04:40","modified_gmt":"2023-05-02T11:04:40","slug":"trastorn-obsessiu-compulsiu","status":"publish","type":"page","link":"https:\/\/psicoclinicabarcelona.com\/ca\/trastorn-obsessiu-compulsiu\/","title":{"rendered":"Trastorn obsessiu compulsiu"},"content":{"rendered":"[vc_row][vc_column width=&#8221;1\/2&#8243;][vc_column_text]Els primers s\u00edmptomes del TOC es poden trobar ja des de la primera inf\u00e0ncia, manifestar-se amb for\u00e7a a l&#8217;adolesc\u00e8ncia i acabar de constituir-se durant la vida adulta. El tractament psicol\u00f2gic ajuda que aquests pacients puguin portar una vida millor. Sabem que els s\u00edmptomes del TOC empitjoren en els moments de m\u00e9s ansietat, cosa que la ter\u00e0pia psicologia per al TOC ha de tenir present.<\/p>\n<p>El tractament psicol\u00f2gic pot tindre efectes molt positius en els casos de TOC. La persona que el pateix t\u00e9 obsessions constants que intenta pal\u00b7liar i controlar generant comportaments o rituals recurrents anomenats compulsions. Consultar amb\u00a0<b>psic\u00f2legs especialistes en TOC<\/b>, pot ser el primer pas per no patir tant. A\u00a0<b>Psicocl\u00ednica Barcelona<\/b>\u00a0disposem d&#8217;un equip altament qualificat i amb \u00e0mplia experi\u00e8ncia en el tractament per al TOC.<\/p>\n<p>Ens decidim a fundar Psicocl\u00ednica Barcelona, amb el desig de diferenciar-nos d&#8217;altres centres de <strong>psicoter\u00e0pia a Barcelona<\/strong>, per la nostra aposta pel tractament individualitzat i per la capacitat de col\u00b7laboraci\u00f3 amb un ampli nombre de centres especialitzats i de professionals de la salut. A Psicocl\u00ednica Barcelona, hem aconseguit conformar un <a href=\"https:\/\/psicoclinicabarcelona.com\/ca\/psicolegs-barcelona\/\">equip de psic\u00f2legs amb \u00e0mplia experi\u00e8ncia i formaci\u00f3<\/a>, molt compromesos amb el projecte. Ells s\u00f3n el garant de la nostra projecci\u00f3 de futur.[\/vc_column_text][\/vc_column][vc_column width=&#8221;1\/2&#8243;][vc_column_text]<img decoding=\"async\" class=\"aligncenter wp-image-5665 size-full\" src=\"https:\/\/psicoclinicabarcelona.com\/wp-content\/uploads\/2022\/07\/undraw_Abstract_re_l9xy.png\" alt=\"trastornos ansiosos\" width=\"1145\" height=\"902\" srcset=\"https:\/\/psicoclinicabarcelona.com\/wp-content\/uploads\/2022\/07\/undraw_Abstract_re_l9xy.png 1145w, https:\/\/psicoclinicabarcelona.com\/wp-content\/uploads\/2022\/07\/undraw_Abstract_re_l9xy-300x236.png 300w, https:\/\/psicoclinicabarcelona.com\/wp-content\/uploads\/2022\/07\/undraw_Abstract_re_l9xy-1024x807.png 1024w, https:\/\/psicoclinicabarcelona.com\/wp-content\/uploads\/2022\/07\/undraw_Abstract_re_l9xy-768x605.png 768w, https:\/\/psicoclinicabarcelona.com\/wp-content\/uploads\/2022\/07\/undraw_Abstract_re_l9xy-600x473.png 600w\" sizes=\"(max-width: 1145px) 100vw, 1145px\" \/>[\/vc_column_text][\/vc_column][vc_column][vc_column_text]El nostre principal tret diferencial sempre ha estat la nostra manera de treballar amb els pacients, garantint un <strong>tracte totalment individual i personalitzat<\/strong>. \u00c9s important que el psic\u00f2leg disposi de prou experi\u00e8ncia en el\u00a0<b>tractament del Trastorn Obsessiu Compulsiu, TOC. <\/b>Si busca un tractament per al\u00a0<b>Trastorn Obsessiu Compulsiu<\/b>, a Psicocl\u00ednica Barcelona, trobareu\u00a0<b>psic\u00f2legs especialistes en el TOC<\/b>. Ser\u00e0 at\u00e8s per un des de la primera trucada.<\/p>\n<h2><b>S\u00edmptomes de TOC<\/b><\/h2>\n<p>Abans de veure els signes de TOC, hem de diferenciar entre obsessions i compulsions.<\/p>\n<h3>Obsessions<\/h3>\n<p>S\u00f3n aquests pensaments, idees o impulsos que es donen amb persist\u00e8ncia i recurr\u00e8ncia a la ment de la persona que pateix TOC.<\/p>\n<p><b>S\u00edmptomes obsessius<\/b>, com: la por constant a causar dany als altres o preocupar-se de manera excessiva perqu\u00e8 passi alguna cosa a familiars o \u00e9ssers estimats. Necessitat que tot sigui sim\u00e8tric (accions o alguna cosa f\u00edsica); acudir a pensaments prohibits o mal vistos, ser excessivament escrupolosos, necessitat de confessar-se o explicar alguna cosa per alleujar la consci\u00e8ncia, temor constant a contaminar-se o emmalaltir-se en segons quins contextos\u2026 Tamb\u00e9 poden apar\u00e8ixer agressivitat i idees de contingut sexual de forma recurrent en molts pacients amb TOC.<\/p>\n<h3>Compulsions<\/h3>\n<p>Les compulsions s\u00f3n conductes que es repeteixen constantment i sota algun estereotip. A m\u00e9s, \u00e9s un acte que sol anar acompanyat d&#8217;un desig fort de contenci\u00f3 al mateix acte compulsiu. Alguns dels\u00a0<b>s\u00edmptomes de tipus compulsiu\u00a0<\/b>que poden ser presents al TOC s\u00f3n:<\/p>\n<ul>\n<li>Repetir alguna cosa fins a fer-ho de manera perfecta (o all\u00f2 que la persona considera com a ideal).<\/li>\n<li>Tocar o tocar-se repetidament.<\/li>\n<li>Comptar objectes diverses vegades (normalment fins a un n\u00famero concret).<\/li>\n<li>Ordenar massa, assegurar-se d&#8217;haver fet alguna cosa repetidament i en un curt espai de temps, rentar-se repetidament, pregar, acumular coses sense poder desfer-se&#8217;n\u2026<\/li>\n<\/ul>\n<h2><b>Tractament psicol\u00f2gic del Trastorn Obsessiu Compulsiu<\/b><\/h2>\n<p>La psiquiatria no ha pogut determinar les causes de Trastorn Obsessiu Compulsiu amb certesa. Hi ha estudis que indiquen que pot ser degut a alteracions a la serotonina, un neurotransmissor que permet a la nostra ment regular l&#8217;\u00e0nim, els impulsos i l&#8217;agressivitat. Per aix\u00f2, en molts tractaments de TOC es fan servir antidepressius que permeten inhibir la recaptaci\u00f3 de serotonina. D&#8217;altra banda, experts en la mat\u00e8ria relacionen la seva aparici\u00f3 amb l&#8217;experimentaci\u00f3 de situacions traum\u00e0tiques, haver patit lesions al cap o l&#8217;her\u00e8ncia gen\u00e8tica.<\/p>\n<p>La psiquiatria descriu diversos tipus o classes de TOC. S&#8217;han donat com a v\u00e0lids vuit\u00a0<b>tipus de TOC<\/b>: rentadors i netejadors (obsessi\u00f3 amb la contaminaci\u00f3 i contagis), repetidors, ordinadors (necessitat d&#8217;asimetria i perfecci\u00f3 a l&#8217;ordre), verificadors (inspecci\u00f3 repetida i excessiva en curt temps), ritus mentals (imatges i idees repetides que contraresten l&#8217;ansietat que pateix), acumuladors (no es poden desfer de les coses materials), sexuals i obsessius purs, sent aquest \u00faltim un dels pitjors casos de TOC pel fet que arriba a ser for\u00e7a turmentador la pres\u00e8ncia de pensaments i imatges negatives de forma reiterada.<\/p>\n<p>La psiquiatria considera el Trastorn Obsessiu Compulsiu com un\u00a0<b>trastorn mental fonamentat en la pres\u00e8ncia de comportaments obsessius basat en la repetici\u00f3. <\/b>Els comportaments es poden manifestar en les persones de diferents formes, sent el desig de reproduir-les constant i incontrolable. D&#8217;altra banda, \u00e9s com\u00fa a les persones que pateixen aquest trastorn, sentir la necessitat de reprimir aquests impulsos en determinades situacions o contextos. Aix\u00f2 nom\u00e9s fa que limitar l&#8217;aparici\u00f3 dels s\u00edmptomes a curt termini, ocasionant, d&#8217;altra banda, trastorns secundaris com <a href=\"https:\/\/psicoclinicabarcelona.com\/ca\/psicoleg-ansietat-barcelona\/\">ansietat<\/a> o depressi\u00f3. A Psicocl\u00ednica Barcelona recomanem la\u00a0<b>ter\u00e0pia per al Trastorn Obsessiu Compulsiu<\/b>\u00a0per a aquelles persones que han estat diagnosticades d&#8217;aquest trastorn.<\/p>\n<p>Algunes persones que busquen\u00a0<b>ter\u00e0pia per al TOC a Barcelona<\/b>, no han estat diagnosticades mai d&#8217;aquest trastorn. El coneixement que es t\u00e9 actualment sobre el TOC (segons l&#8217;Organitzaci\u00f3 Mundial de la Salut, \u00e9s un dels trastorns psiqui\u00e0trics amb m\u00e9s incid\u00e8ncia en la poblaci\u00f3 i un dels que m\u00e9s limita la vida di\u00e0ria de qui el pateix), fa que algunes persones consultin un psic\u00f2leg a Barcelona, nom\u00e9s per tenir una opini\u00f3 professional sobre el seu estat.<\/p>\n<h2><b>Ter\u00e0pia TOC Barcelona<\/b><\/h2>\n<p>El\u00a0<b>tractament del Trastorn Obsessiu Compulsiu<\/b>\u00a0pot resultar de la combinaci\u00f3 de psicoter\u00e0pia i tractament farmacol\u00f2gic. Tot i aix\u00f2, des de Psicocl\u00ednica Barcelona fem una valoraci\u00f3 pr\u00e8via, a base d&#8217;una o diverses entrevistes, abans d&#8217;indicar el tipus de tractament. Tot i que el Trastorn Obsessiu Compulsiu est\u00e0 considerat cr\u00f2nic, el <strong>tractament del TOC<\/strong> pot millorar considerablement la vida del pacient, reduint l&#8217;impacte d&#8217;algun dels seus s\u00edmptomes i estabilitzant l&#8217;ansietat que se&#8217;n deriva. A Psicocl\u00ednica Barcelona disposem d&#8217;un equip de psic\u00f2legs amb una \u00e0mplia experi\u00e8ncia en el\u00a0<b>tractament TOC<\/b>. <b>Acuda al nostre centre i rebi el m\u00e9s complet assessorament<\/b>\u00a0per part dels nostres psic\u00f2legs especialistes.<\/p>\n<p>A\u00a0<b>Psicocl\u00ednica Barcelona<\/b>\u00a0ens allunyem de l&#8217;enfocament de tractament m\u00e8dic i de la ter\u00e0pia cognitiu conductual, basat en:<\/p>\n<ul>\n<li><b>Diagn\u00f2stic, exposici\u00f3 i prevenci\u00f3 de resposta TOC<\/b><\/li>\n<li><b>Inhibidors selectius de la recaptaci\u00f3 de serotonina\u00a0<\/b>(habituals en tractaments antidepressius)<\/li>\n<li><b>T\u00e8cniques d&#8217;estimulaci\u00f3 cerebral profunda\u00a0<\/b>que permeti generar pensaments i idees positives.<\/li>\n<li><b>Seguiment i avaluaci\u00f3\u00a0<\/b>continua d&#8217;aven\u00e7os.<\/li>\n<li>Acceptaci\u00f3 i comprom\u00eds<\/li>\n<\/ul>\n<p>A Psicocl\u00ednica Barcelona apostem per la psicoter\u00e0pia de tipus anal\u00edtica per tractar el Trastorn Obsessiu Compulsiu, entenent que permet no sols resoldre, amb efic\u00e0cia, el malestar causat pels s\u00edmptomes, sin\u00f3 que a m\u00e9s permet que el pacient pugui trobar les seves pr\u00f2pies solucions. Disposem d\u00b4especialistes en el tractament psicol\u00f2gic amb nens i adolescents.<\/p>\n<p>&nbsp;<\/p>\n<h2><b>EL TDC: una altra malaltia que es pot confondre<\/b><\/h2>\n<p><b>La psiquiatria assenyala la import\u00e0ncia del diagn\u00f2stic diferencial amb el trastorn dism\u00f2rfic corporal<\/b>\u00a0(TDC). El qual consisteix en una preocupaci\u00f3 excessiva per defectes f\u00edsics i per la pr\u00f2pia imatge. De vegades, aquesta pr\u00f2pia percepci\u00f3 personal del f\u00edsic pot no correspondre&#8217;s amb la \u201crealitat objectiva\u201d o, almenys, d\u00f3na mostres d&#8217;estar-ne clarament allunyada.<\/p>\n<p>Si creu que pot patir TOC (o ja sap que ho pateix), o <strong>trastorn dism\u00f2rfic corporal<\/strong> (TDC), pot posar-se en contacte amb Psicoclinica Barcelona, ser\u00e0 at\u00e8s per un psic\u00f2leg especialista des de la primera trucada.[\/vc_column_text][\/vc_column][\/vc_row]\n","protected":false},"excerpt":{"rendered":"<p>[vc_row][vc_column width=&#8221;1\/2&#8243;][vc_column_text]Els primers s\u00edmptomes del TOC es poden trobar ja des de la primera inf\u00e0ncia, manifestar-se amb for\u00e7a a l&#8217;adolesc\u00e8ncia i acabar de constituir-se durant la vida adulta. El tractament psicol\u00f2gic ajuda que aquests pacients puguin portar una vida millor. Sabem que els s\u00edmptomes del TOC empitjoren en els moments de m\u00e9s ansietat, cosa que&hellip;<\/p>\n","protected":false},"author":5,"featured_media":0,"parent":0,"menu_order":0,"comment_status":"closed","ping_status":"closed","template":"","meta":{"footnotes":""},"class_list":["post-6211","page","type-page","status-publish","hentry","entry","no-media"],"yoast_head":"<!-- This site is optimized with the Yoast SEO plugin v24.6 - https:\/\/yoast.com\/wordpress\/plugins\/seo\/ -->\n<title>Tractament TOC Barcelona. Trastorn Obsessiu Compulsiu<\/title>\n<meta name=\"description\" content=\"PSICOCL\u00cdNICA BARCELONA. Ter\u00e0pia TOC. Tractament del Trastorn Obsessiu Compulsiu a Barcelona.\" \/>\n<meta name=\"robots\" content=\"index, follow, max-snippet:-1, max-image-preview:large, max-video-preview:-1\" \/>\n<link rel=\"canonical\" href=\"https:\/\/psicoclinicabarcelona.com\/ca\/trastorn-obsessiu-compulsiu\/\" \/>\n<meta property=\"og:locale\" content=\"ca_ES\" \/>\n<meta property=\"og:type\" content=\"article\" \/>\n<meta property=\"og:title\" content=\"Tractament TOC Barcelona. Trastorn Obsessiu Compulsiu\" \/>\n<meta property=\"og:description\" content=\"PSICOCL\u00cdNICA BARCELONA. Ter\u00e0pia TOC. Tractament del Trastorn Obsessiu Compulsiu a Barcelona.\" \/>\n<meta property=\"og:url\" content=\"https:\/\/psicoclinicabarcelona.com\/ca\/trastorn-obsessiu-compulsiu\/\" \/>\n<meta property=\"og:site_name\" content=\"Psicocl\u00ednica Barcelona\" \/>\n<meta property=\"article:publisher\" content=\"https:\/\/www.facebook.com\/PsicoclinicaBarcelona\/\" \/>\n<meta property=\"article:modified_time\" content=\"2023-05-02T11:04:40+00:00\" \/>\n<meta property=\"og:image\" content=\"https:\/\/psicoclinicabarcelona.com\/wp-content\/uploads\/2022\/07\/undraw_Abstract_re_l9xy.png\" \/>\n<meta name=\"twitter:label1\" content=\"Temps estimat de lectura\" \/>\n\t<meta name=\"twitter:data1\" content=\"6 minuts\" \/>\n<script type=\"application\/ld+json\" class=\"yoast-schema-graph\">{\"@context\":\"https:\/\/schema.org\",\"@graph\":[{\"@type\":\"WebPage\",\"@id\":\"https:\/\/psicoclinicabarcelona.com\/ca\/trastorn-obsessiu-compulsiu\/\",\"url\":\"https:\/\/psicoclinicabarcelona.com\/ca\/trastorn-obsessiu-compulsiu\/\",\"name\":\"Tractament TOC Barcelona. Trastorn Obsessiu Compulsiu\",\"isPartOf\":{\"@id\":\"https:\/\/psicoclinicabarcelona.com\/#website\"},\"primaryImageOfPage\":{\"@id\":\"https:\/\/psicoclinicabarcelona.com\/ca\/trastorn-obsessiu-compulsiu\/#primaryimage\"},\"image\":{\"@id\":\"https:\/\/psicoclinicabarcelona.com\/ca\/trastorn-obsessiu-compulsiu\/#primaryimage\"},\"thumbnailUrl\":\"https:\/\/psicoclinicabarcelona.com\/wp-content\/uploads\/2022\/07\/undraw_Abstract_re_l9xy.png\",\"datePublished\":\"2017-02-10T07:31:54+00:00\",\"dateModified\":\"2023-05-02T11:04:40+00:00\",\"description\":\"PSICOCL\u00cdNICA BARCELONA. Ter\u00e0pia TOC. Tractament del Trastorn Obsessiu Compulsiu a Barcelona.\",\"breadcrumb\":{\"@id\":\"https:\/\/psicoclinicabarcelona.com\/ca\/trastorn-obsessiu-compulsiu\/#breadcrumb\"},\"inLanguage\":\"ca\",\"potentialAction\":[{\"@type\":\"ReadAction\",\"target\":[\"https:\/\/psicoclinicabarcelona.com\/ca\/trastorn-obsessiu-compulsiu\/\"]}]},{\"@type\":\"ImageObject\",\"inLanguage\":\"ca\",\"@id\":\"https:\/\/psicoclinicabarcelona.com\/ca\/trastorn-obsessiu-compulsiu\/#primaryimage\",\"url\":\"https:\/\/psicoclinicabarcelona.com\/wp-content\/uploads\/2022\/07\/undraw_Abstract_re_l9xy.png\",\"contentUrl\":\"https:\/\/psicoclinicabarcelona.com\/wp-content\/uploads\/2022\/07\/undraw_Abstract_re_l9xy.png\"},{\"@type\":\"BreadcrumbList\",\"@id\":\"https:\/\/psicoclinicabarcelona.com\/ca\/trastorn-obsessiu-compulsiu\/#breadcrumb\",\"itemListElement\":[{\"@type\":\"ListItem\",\"position\":1,\"name\":\"Portada\",\"item\":\"https:\/\/psicoclinicabarcelona.com\/ca\/\"},{\"@type\":\"ListItem\",\"position\":2,\"name\":\"Trastorn obsessiu compulsiu\"}]},{\"@type\":\"WebSite\",\"@id\":\"https:\/\/psicoclinicabarcelona.com\/#website\",\"url\":\"https:\/\/psicoclinicabarcelona.com\/\",\"name\":\"Psicocl\u00ednica Barcelona\",\"description\":\"Posiblemente el mejor psic\u00f3logo en Barcelona o la mejor psic\u00f3loga de Barcelona. Ll\u00e1manos sin compromiso al 935 414 478\",\"publisher\":{\"@id\":\"https:\/\/psicoclinicabarcelona.com\/#organization\"},\"alternateName\":\"Psicocl\u00ednica Barcelona\",\"potentialAction\":[{\"@type\":\"SearchAction\",\"target\":{\"@type\":\"EntryPoint\",\"urlTemplate\":\"https:\/\/psicoclinicabarcelona.com\/?s={search_term_string}\"},\"query-input\":{\"@type\":\"PropertyValueSpecification\",\"valueRequired\":true,\"valueName\":\"search_term_string\"}}],\"inLanguage\":\"ca\"},{\"@type\":\"Organization\",\"@id\":\"https:\/\/psicoclinicabarcelona.com\/#organization\",\"name\":\"Psicocl\u00ednica Barcelona\",\"alternateName\":\"Psicocl\u00ednica Barcelona\",\"url\":\"https:\/\/psicoclinicabarcelona.com\/\",\"logo\":{\"@type\":\"ImageObject\",\"inLanguage\":\"ca\",\"@id\":\"https:\/\/psicoclinicabarcelona.com\/#\/schema\/logo\/image\/\",\"url\":\"https:\/\/psicoclinicabarcelona.com\/wp-content\/uploads\/2015\/04\/psicologos-barcelona.png\",\"contentUrl\":\"https:\/\/psicoclinicabarcelona.com\/wp-content\/uploads\/2015\/04\/psicologos-barcelona.png\",\"width\":178,\"height\":62,\"caption\":\"Psicocl\u00ednica Barcelona\"},\"image\":{\"@id\":\"https:\/\/psicoclinicabarcelona.com\/#\/schema\/logo\/image\/\"},\"sameAs\":[\"https:\/\/www.facebook.com\/PsicoclinicaBarcelona\/\",\"https:\/\/x.com\/psicoclinicabcn\",\"https:\/\/www.linkedin.com\/company\/psicocl\u00ednica-barcelona\/\",\"https:\/\/www.instagram.com\/psicoclinicabarcelona\/\",\"https:\/\/www.youtube.com\/channel\/UCcc-5_wC56giASuT0XDr87Q\"]}]}<\/script>\n<!-- \/ Yoast SEO plugin. -->","yoast_head_json":{"title":"Tractament TOC Barcelona. Trastorn Obsessiu Compulsiu","description":"PSICOCL\u00cdNICA BARCELONA. Ter\u00e0pia TOC. Tractament del Trastorn Obsessiu Compulsiu a Barcelona.","robots":{"index":"index","follow":"follow","max-snippet":"max-snippet:-1","max-image-preview":"max-image-preview:large","max-video-preview":"max-video-preview:-1"},"canonical":"https:\/\/psicoclinicabarcelona.com\/ca\/trastorn-obsessiu-compulsiu\/","og_locale":"ca_ES","og_type":"article","og_title":"Tractament TOC Barcelona. Trastorn Obsessiu Compulsiu","og_description":"PSICOCL\u00cdNICA BARCELONA. Ter\u00e0pia TOC. Tractament del Trastorn Obsessiu Compulsiu a Barcelona.","og_url":"https:\/\/psicoclinicabarcelona.com\/ca\/trastorn-obsessiu-compulsiu\/","og_site_name":"Psicocl\u00ednica Barcelona","article_publisher":"https:\/\/www.facebook.com\/PsicoclinicaBarcelona\/","article_modified_time":"2023-05-02T11:04:40+00:00","og_image":[{"url":"https:\/\/psicoclinicabarcelona.com\/wp-content\/uploads\/2022\/07\/undraw_Abstract_re_l9xy.png","type":"","width":"","height":""}],"twitter_misc":{"Temps estimat de lectura":"6 minuts"},"schema":{"@context":"https:\/\/schema.org","@graph":[{"@type":"WebPage","@id":"https:\/\/psicoclinicabarcelona.com\/ca\/trastorn-obsessiu-compulsiu\/","url":"https:\/\/psicoclinicabarcelona.com\/ca\/trastorn-obsessiu-compulsiu\/","name":"Tractament TOC Barcelona. Trastorn Obsessiu Compulsiu","isPartOf":{"@id":"https:\/\/psicoclinicabarcelona.com\/#website"},"primaryImageOfPage":{"@id":"https:\/\/psicoclinicabarcelona.com\/ca\/trastorn-obsessiu-compulsiu\/#primaryimage"},"image":{"@id":"https:\/\/psicoclinicabarcelona.com\/ca\/trastorn-obsessiu-compulsiu\/#primaryimage"},"thumbnailUrl":"https:\/\/psicoclinicabarcelona.com\/wp-content\/uploads\/2022\/07\/undraw_Abstract_re_l9xy.png","datePublished":"2017-02-10T07:31:54+00:00","dateModified":"2023-05-02T11:04:40+00:00","description":"PSICOCL\u00cdNICA BARCELONA. Ter\u00e0pia TOC. Tractament del Trastorn Obsessiu Compulsiu a Barcelona.","breadcrumb":{"@id":"https:\/\/psicoclinicabarcelona.com\/ca\/trastorn-obsessiu-compulsiu\/#breadcrumb"},"inLanguage":"ca","potentialAction":[{"@type":"ReadAction","target":["https:\/\/psicoclinicabarcelona.com\/ca\/trastorn-obsessiu-compulsiu\/"]}]},{"@type":"ImageObject","inLanguage":"ca","@id":"https:\/\/psicoclinicabarcelona.com\/ca\/trastorn-obsessiu-compulsiu\/#primaryimage","url":"https:\/\/psicoclinicabarcelona.com\/wp-content\/uploads\/2022\/07\/undraw_Abstract_re_l9xy.png","contentUrl":"https:\/\/psicoclinicabarcelona.com\/wp-content\/uploads\/2022\/07\/undraw_Abstract_re_l9xy.png"},{"@type":"BreadcrumbList","@id":"https:\/\/psicoclinicabarcelona.com\/ca\/trastorn-obsessiu-compulsiu\/#breadcrumb","itemListElement":[{"@type":"ListItem","position":1,"name":"Portada","item":"https:\/\/psicoclinicabarcelona.com\/ca\/"},{"@type":"ListItem","position":2,"name":"Trastorn obsessiu compulsiu"}]},{"@type":"WebSite","@id":"https:\/\/psicoclinicabarcelona.com\/#website","url":"https:\/\/psicoclinicabarcelona.com\/","name":"Psicocl\u00ednica Barcelona","description":"Posiblemente el mejor psic\u00f3logo en Barcelona o la mejor psic\u00f3loga de Barcelona. Ll\u00e1manos sin compromiso al 935 414 478","publisher":{"@id":"https:\/\/psicoclinicabarcelona.com\/#organization"},"alternateName":"Psicocl\u00ednica Barcelona","potentialAction":[{"@type":"SearchAction","target":{"@type":"EntryPoint","urlTemplate":"https:\/\/psicoclinicabarcelona.com\/?s={search_term_string}"},"query-input":{"@type":"PropertyValueSpecification","valueRequired":true,"valueName":"search_term_string"}}],"inLanguage":"ca"},{"@type":"Organization","@id":"https:\/\/psicoclinicabarcelona.com\/#organization","name":"Psicocl\u00ednica Barcelona","alternateName":"Psicocl\u00ednica Barcelona","url":"https:\/\/psicoclinicabarcelona.com\/","logo":{"@type":"ImageObject","inLanguage":"ca","@id":"https:\/\/psicoclinicabarcelona.com\/#\/schema\/logo\/image\/","url":"https:\/\/psicoclinicabarcelona.com\/wp-content\/uploads\/2015\/04\/psicologos-barcelona.png","contentUrl":"https:\/\/psicoclinicabarcelona.com\/wp-content\/uploads\/2015\/04\/psicologos-barcelona.png","width":178,"height":62,"caption":"Psicocl\u00ednica Barcelona"},"image":{"@id":"https:\/\/psicoclinicabarcelona.com\/#\/schema\/logo\/image\/"},"sameAs":["https:\/\/www.facebook.com\/PsicoclinicaBarcelona\/","https:\/\/x.com\/psicoclinicabcn","https:\/\/www.linkedin.com\/company\/psicocl\u00ednica-barcelona\/","https:\/\/www.instagram.com\/psicoclinicabarcelona\/","https:\/\/www.youtube.com\/channel\/UCcc-5_wC56giASuT0XDr87Q"]}]}},"_links":{"self":[{"href":"https:\/\/psicoclinicabarcelona.com\/ca\/wp-json\/wp\/v2\/pages\/6211"}],"collection":[{"href":"https:\/\/psicoclinicabarcelona.com\/ca\/wp-json\/wp\/v2\/pages"}],"about":[{"href":"https:\/\/psicoclinicabarcelona.com\/ca\/wp-json\/wp\/v2\/types\/page"}],"author":[{"embeddable":true,"href":"https:\/\/psicoclinicabarcelona.com\/ca\/wp-json\/wp\/v2\/users\/5"}],"replies":[{"embeddable":true,"href":"https:\/\/psicoclinicabarcelona.com\/ca\/wp-json\/wp\/v2\/comments?post=6211"}],"version-history":[{"count":3,"href":"https:\/\/psicoclinicabarcelona.com\/ca\/wp-json\/wp\/v2\/pages\/6211\/revisions"}],"predecessor-version":[{"id":6468,"href":"https:\/\/psicoclinicabarcelona.com\/ca\/wp-json\/wp\/v2\/pages\/6211\/revisions\/6468"}],"wp:attachment":[{"href":"https:\/\/psicoclinicabarcelona.com\/ca\/wp-json\/wp\/v2\/media?parent=6211"}],"curies":[{"name":"wp","href":"https:\/\/api.w.org\/{rel}","templated":true}]}}