{"id":6228,"date":"2017-09-13T09:10:24","date_gmt":"2017-09-13T09:10:24","guid":{"rendered":"https:\/\/psicoclinicabarcelona.com\/psicologos-dependencia-emocional\/"},"modified":"2023-04-21T14:04:16","modified_gmt":"2023-04-21T12:04:16","slug":"psicolegs-dependencia-emocional","status":"publish","type":"page","link":"https:\/\/psicoclinicabarcelona.com\/ca\/psicolegs-dependencia-emocional\/","title":{"rendered":"Depend\u00e8ncia Emocional"},"content":{"rendered":"<p style=\"text-align: justify;\"><img decoding=\"async\" class=\"aligncenter wp-image-2333 size-full\" src=\"https:\/\/psicoclinicabarcelona.com\/wp-content\/uploads\/2017\/09\/dependencia-emocional-psicoclinica.jpg\" alt=\"psicologo dependencia emocional\" width=\"800\" height=\"500\" srcset=\"https:\/\/psicoclinicabarcelona.com\/wp-content\/uploads\/2017\/09\/dependencia-emocional-psicoclinica.jpg 800w, https:\/\/psicoclinicabarcelona.com\/wp-content\/uploads\/2017\/09\/dependencia-emocional-psicoclinica-300x188.jpg 300w, https:\/\/psicoclinicabarcelona.com\/wp-content\/uploads\/2017\/09\/dependencia-emocional-psicoclinica-768x480.jpg 768w\" sizes=\"(max-width: 800px) 100vw, 800px\" \/><\/p>\n<p style=\"text-align: justify;\">La <strong>depend\u00e8ncia emocional \u00e9s un estat psicol\u00f2gic<\/strong>. Aquest es pot manifestar entre <strong>dues persones o m\u00e9s<\/strong>. Encara que es pot donar cap a un familiar o un amic, la majoria de casos de persones que la pateixen tenen <strong>depend\u00e8ncia cap a la parella sentimental<\/strong>. La ter\u00e0pia per a la depend\u00e8ncia emocional duta a terme per un <strong>professional de la psicologia<\/strong> \u00e9s la millor opci\u00f3 per fer front a aquest problema que sol estar relacionat amb l&#8217;autoestima.<\/p>\n<h2 style=\"text-align: justify;\">Psic\u00f2leg depend\u00e8ncia emocional Barcelona<\/h2>\n<p style=\"text-align: justify;\">Si necessites un <strong>psic\u00f2leg de Barcelona expert en depend\u00e8ncia emocional<\/strong>, acudir a <strong>Psicocl\u00ednica Barcelona<\/strong> \u00e9s la millor decisi\u00f3 que pots prendre. Amb <strong>m\u00e9s d&#8217;una d\u00e8cada d&#8217;experi\u00e8ncia<\/strong> al sector de la psicologia, els professionals que formen la nostra plantilla s\u00f3n un referent en el <strong>tractament psicol\u00f2gic de la depend\u00e8ncia emocional a Barcelona<\/strong>.<\/p>\n<p style=\"text-align: justify;\">Els anys de treball ens han convertit en un <strong>referent a l&#8217;hora d&#8217;aplicar la ter\u00e0pia per a la depend\u00e8ncia emocional m\u00e9s convenient a cada pacient<\/strong>, sempre tenint en compte les necessitats i caracter\u00edstiques del mateix. Al nostre centre disposar\u00e0s de la millor <strong>psic\u00f2loga a Barcelona<\/strong> per poder superar la depend\u00e8ncia emocional.<\/p>\n<h2 style=\"text-align: justify;\">Com s\u00e9 si tinc depend\u00e8ncia emocional de l&#8217;altra persona?<\/h2>\n<p style=\"text-align: justify;\">Encara que el millor \u00e9s sempre acudir a un professional, que s&#8217;encarregar\u00e0 de realitzar un <strong>diagn\u00f2stic encertat de la situaci\u00f3 de cada persona<\/strong>, es pot saber si es t\u00e9 depend\u00e8ncia envers la parella sentimental si observem al nostre company\/a o en nosaltres mateixos\/es algunes de les <strong>seg\u00fcents conductes<\/strong>:<\/p>\n<ul style=\"text-align: justify;\">\n<li>Una <strong>autoestima baixa<\/strong> o molt baixa.<\/li>\n<li><strong>Sensaci\u00f3 permanent<\/strong> de no poder viure sense l&#8217;altra persona.<\/li>\n<li>Una <strong>excessiva idealitzaci\u00f3<\/strong> de l&#8217;altra persona.<\/li>\n<li><strong>Cap\u00edtols d&#8217;ansietat<\/strong> espor\u00e0dics o continuats en el temps.<\/li>\n<li><strong>Por o p\u00e0nic<\/strong> davant l&#8217;abandonament o el rebuig de la teva parella.<\/li>\n<li><strong>Sentiments de culpa, buit o preocupaci\u00f3<\/strong> sense motiu aparent.<\/li>\n<li>Falta d&#8217;<strong>autosufici\u00e8ncia<\/strong> si la parella no est\u00e0 present.<\/li>\n<li>Adoptar un <strong>paper de submissi\u00f3 <\/strong> davant l&#8217;altra persona.<\/li>\n<li><strong>Necessitat d&#8217;aprovaci\u00f3<\/strong> en tota mena de situacions.<\/li>\n<li>Considerar que la teva <strong>parella est\u00e0 per sobre de tot<\/strong>.<\/li>\n<\/ul>\n<h2 style=\"text-align: justify;\">Claus per superar la vinculaci\u00f3 excessiva amb la parella<\/h2>\n<p style=\"text-align: justify;\">Una vegada hem detectat que tenim un problema de depend\u00e8ncia en la parella sentimental, en un familiar o en un amic, el seg\u00fcent pas ser\u00e0 <strong>millorar la nostra autoestima i superar aquesta situaci\u00f3 <\/strong>. Algunes <strong>claus per assolir aquest objectiu poden ser<\/strong>: afrontar la por a la p\u00e8rdua de la parella, practicar el distanciament f\u00edsic, ser m\u00e9s egoista, expressar les teves necessitats, desenvolupa la teva intel\u00b7lig\u00e8ncia emocional i centra&#8217;t en aquells temes del teu vida que s\u00f3n m\u00e9s important per a tu.<\/p>\n<p style=\"text-align: justify;\">Si malgrat seguir aquesta s\u00e8rie de consells no ets capa\u00e7 de millorar la relaci\u00f3 amb la teva parella, el millor \u00e9s acudir a <strong>un psic\u00f2leg de Barcelona expert en depend\u00e8ncia emocional, <\/strong>com per exemple, els professionals que treballen a <strong><strong>Psicocl\u00ednica Barcelona<\/strong>. <\/strong>Som experts en <strong><strong>tractament psicol\u00f2gic de la depend\u00e8ncia emocional a Barcelona<\/strong>. <\/strong>Aqu\u00ed accedir\u00e0s a la millor ter\u00e0pia per a la depend\u00e8ncia emocional. Informa&#8217;t sense cap mena de comprom\u00eds i comen\u00e7a a gaudir de la teva vida en parella.<\/p>\n","protected":false},"excerpt":{"rendered":"<p>La depend\u00e8ncia emocional \u00e9s un estat psicol\u00f2gic. Aquest es pot manifestar entre dues persones o m\u00e9s. Encara que es pot donar cap a un familiar o un amic, la majoria de casos de persones que la pateixen tenen depend\u00e8ncia cap a la parella sentimental. La ter\u00e0pia per a la depend\u00e8ncia emocional duta a terme per&hellip;<\/p>\n","protected":false},"author":5,"featured_media":0,"parent":0,"menu_order":0,"comment_status":"closed","ping_status":"closed","template":"","meta":{"footnotes":""},"class_list":["post-6228","page","type-page","status-publish","hentry","entry","no-media"],"yoast_head":"<!-- This site is optimized with the Yoast SEO plugin v24.6 - https:\/\/yoast.com\/wordpress\/plugins\/seo\/ -->\n<title>Psicoleg dependencia emocional Barcelona<\/title>\n<meta name=\"description\" content=\"PSICOCL\u00cdNICA BARCELONA. Ter\u00e0pia depend\u00e8ncia emocional Barcelona. Tractament psicol\u00f2gic per a la depend\u00e8ncia emocional\" \/>\n<meta name=\"robots\" content=\"index, follow, max-snippet:-1, max-image-preview:large, max-video-preview:-1\" \/>\n<link rel=\"canonical\" href=\"https:\/\/psicoclinicabarcelona.com\/ca\/psicolegs-dependencia-emocional\/\" \/>\n<meta property=\"og:locale\" content=\"ca_ES\" \/>\n<meta property=\"og:type\" content=\"article\" \/>\n<meta property=\"og:title\" content=\"Psicoleg dependencia emocional Barcelona\" \/>\n<meta property=\"og:description\" content=\"PSICOCL\u00cdNICA BARCELONA. Ter\u00e0pia depend\u00e8ncia emocional Barcelona. Tractament psicol\u00f2gic per a la depend\u00e8ncia emocional\" \/>\n<meta property=\"og:url\" content=\"https:\/\/psicoclinicabarcelona.com\/ca\/psicolegs-dependencia-emocional\/\" \/>\n<meta property=\"og:site_name\" content=\"Psicocl\u00ednica Barcelona\" \/>\n<meta property=\"article:publisher\" content=\"https:\/\/www.facebook.com\/PsicoclinicaBarcelona\/\" \/>\n<meta property=\"article:modified_time\" content=\"2023-04-21T12:04:16+00:00\" \/>\n<meta property=\"og:image\" content=\"https:\/\/psicoclinicabarcelona.com\/wp-content\/uploads\/2017\/09\/dependencia-emocional-psicoclinica.jpg\" \/>\n<meta name=\"twitter:label1\" content=\"Temps estimat de lectura\" \/>\n\t<meta name=\"twitter:data1\" content=\"3 minuts\" \/>\n<script type=\"application\/ld+json\" class=\"yoast-schema-graph\">{\"@context\":\"https:\/\/schema.org\",\"@graph\":[{\"@type\":\"WebPage\",\"@id\":\"https:\/\/psicoclinicabarcelona.com\/ca\/psicolegs-dependencia-emocional\/\",\"url\":\"https:\/\/psicoclinicabarcelona.com\/ca\/psicolegs-dependencia-emocional\/\",\"name\":\"Psicoleg dependencia emocional Barcelona\",\"isPartOf\":{\"@id\":\"https:\/\/psicoclinicabarcelona.com\/#website\"},\"primaryImageOfPage\":{\"@id\":\"https:\/\/psicoclinicabarcelona.com\/ca\/psicolegs-dependencia-emocional\/#primaryimage\"},\"image\":{\"@id\":\"https:\/\/psicoclinicabarcelona.com\/ca\/psicolegs-dependencia-emocional\/#primaryimage\"},\"thumbnailUrl\":\"https:\/\/psicoclinicabarcelona.com\/wp-content\/uploads\/2017\/09\/dependencia-emocional-psicoclinica.jpg\",\"datePublished\":\"2017-09-13T09:10:24+00:00\",\"dateModified\":\"2023-04-21T12:04:16+00:00\",\"description\":\"PSICOCL\u00cdNICA BARCELONA. Ter\u00e0pia depend\u00e8ncia emocional Barcelona. Tractament psicol\u00f2gic per a la depend\u00e8ncia emocional\",\"breadcrumb\":{\"@id\":\"https:\/\/psicoclinicabarcelona.com\/ca\/psicolegs-dependencia-emocional\/#breadcrumb\"},\"inLanguage\":\"ca\",\"potentialAction\":[{\"@type\":\"ReadAction\",\"target\":[\"https:\/\/psicoclinicabarcelona.com\/ca\/psicolegs-dependencia-emocional\/\"]}]},{\"@type\":\"ImageObject\",\"inLanguage\":\"ca\",\"@id\":\"https:\/\/psicoclinicabarcelona.com\/ca\/psicolegs-dependencia-emocional\/#primaryimage\",\"url\":\"https:\/\/psicoclinicabarcelona.com\/wp-content\/uploads\/2017\/09\/dependencia-emocional-psicoclinica.jpg\",\"contentUrl\":\"https:\/\/psicoclinicabarcelona.com\/wp-content\/uploads\/2017\/09\/dependencia-emocional-psicoclinica.jpg\"},{\"@type\":\"BreadcrumbList\",\"@id\":\"https:\/\/psicoclinicabarcelona.com\/ca\/psicolegs-dependencia-emocional\/#breadcrumb\",\"itemListElement\":[{\"@type\":\"ListItem\",\"position\":1,\"name\":\"Portada\",\"item\":\"https:\/\/psicoclinicabarcelona.com\/ca\/\"},{\"@type\":\"ListItem\",\"position\":2,\"name\":\"Depend\u00e8ncia Emocional\"}]},{\"@type\":\"WebSite\",\"@id\":\"https:\/\/psicoclinicabarcelona.com\/#website\",\"url\":\"https:\/\/psicoclinicabarcelona.com\/\",\"name\":\"Psicocl\u00ednica Barcelona\",\"description\":\"Posiblemente el mejor psic\u00f3logo en Barcelona o la mejor psic\u00f3loga de Barcelona. Ll\u00e1manos sin compromiso al 935 414 478\",\"publisher\":{\"@id\":\"https:\/\/psicoclinicabarcelona.com\/#organization\"},\"alternateName\":\"Psicocl\u00ednica Barcelona\",\"potentialAction\":[{\"@type\":\"SearchAction\",\"target\":{\"@type\":\"EntryPoint\",\"urlTemplate\":\"https:\/\/psicoclinicabarcelona.com\/?s={search_term_string}\"},\"query-input\":{\"@type\":\"PropertyValueSpecification\",\"valueRequired\":true,\"valueName\":\"search_term_string\"}}],\"inLanguage\":\"ca\"},{\"@type\":\"Organization\",\"@id\":\"https:\/\/psicoclinicabarcelona.com\/#organization\",\"name\":\"Psicocl\u00ednica Barcelona\",\"alternateName\":\"Psicocl\u00ednica Barcelona\",\"url\":\"https:\/\/psicoclinicabarcelona.com\/\",\"logo\":{\"@type\":\"ImageObject\",\"inLanguage\":\"ca\",\"@id\":\"https:\/\/psicoclinicabarcelona.com\/#\/schema\/logo\/image\/\",\"url\":\"https:\/\/psicoclinicabarcelona.com\/wp-content\/uploads\/2015\/04\/psicologos-barcelona.png\",\"contentUrl\":\"https:\/\/psicoclinicabarcelona.com\/wp-content\/uploads\/2015\/04\/psicologos-barcelona.png\",\"width\":178,\"height\":62,\"caption\":\"Psicocl\u00ednica Barcelona\"},\"image\":{\"@id\":\"https:\/\/psicoclinicabarcelona.com\/#\/schema\/logo\/image\/\"},\"sameAs\":[\"https:\/\/www.facebook.com\/PsicoclinicaBarcelona\/\",\"https:\/\/x.com\/psicoclinicabcn\",\"https:\/\/www.linkedin.com\/company\/psicocl\u00ednica-barcelona\/\",\"https:\/\/www.instagram.com\/psicoclinicabarcelona\/\",\"https:\/\/www.youtube.com\/channel\/UCcc-5_wC56giASuT0XDr87Q\"]}]}<\/script>\n<!-- \/ Yoast SEO plugin. -->","yoast_head_json":{"title":"Psicoleg dependencia emocional Barcelona","description":"PSICOCL\u00cdNICA BARCELONA. Ter\u00e0pia depend\u00e8ncia emocional Barcelona. Tractament psicol\u00f2gic per a la depend\u00e8ncia emocional","robots":{"index":"index","follow":"follow","max-snippet":"max-snippet:-1","max-image-preview":"max-image-preview:large","max-video-preview":"max-video-preview:-1"},"canonical":"https:\/\/psicoclinicabarcelona.com\/ca\/psicolegs-dependencia-emocional\/","og_locale":"ca_ES","og_type":"article","og_title":"Psicoleg dependencia emocional Barcelona","og_description":"PSICOCL\u00cdNICA BARCELONA. Ter\u00e0pia depend\u00e8ncia emocional Barcelona. Tractament psicol\u00f2gic per a la depend\u00e8ncia emocional","og_url":"https:\/\/psicoclinicabarcelona.com\/ca\/psicolegs-dependencia-emocional\/","og_site_name":"Psicocl\u00ednica Barcelona","article_publisher":"https:\/\/www.facebook.com\/PsicoclinicaBarcelona\/","article_modified_time":"2023-04-21T12:04:16+00:00","og_image":[{"url":"https:\/\/psicoclinicabarcelona.com\/wp-content\/uploads\/2017\/09\/dependencia-emocional-psicoclinica.jpg","type":"","width":"","height":""}],"twitter_misc":{"Temps estimat de lectura":"3 minuts"},"schema":{"@context":"https:\/\/schema.org","@graph":[{"@type":"WebPage","@id":"https:\/\/psicoclinicabarcelona.com\/ca\/psicolegs-dependencia-emocional\/","url":"https:\/\/psicoclinicabarcelona.com\/ca\/psicolegs-dependencia-emocional\/","name":"Psicoleg dependencia emocional Barcelona","isPartOf":{"@id":"https:\/\/psicoclinicabarcelona.com\/#website"},"primaryImageOfPage":{"@id":"https:\/\/psicoclinicabarcelona.com\/ca\/psicolegs-dependencia-emocional\/#primaryimage"},"image":{"@id":"https:\/\/psicoclinicabarcelona.com\/ca\/psicolegs-dependencia-emocional\/#primaryimage"},"thumbnailUrl":"https:\/\/psicoclinicabarcelona.com\/wp-content\/uploads\/2017\/09\/dependencia-emocional-psicoclinica.jpg","datePublished":"2017-09-13T09:10:24+00:00","dateModified":"2023-04-21T12:04:16+00:00","description":"PSICOCL\u00cdNICA BARCELONA. Ter\u00e0pia depend\u00e8ncia emocional Barcelona. Tractament psicol\u00f2gic per a la depend\u00e8ncia emocional","breadcrumb":{"@id":"https:\/\/psicoclinicabarcelona.com\/ca\/psicolegs-dependencia-emocional\/#breadcrumb"},"inLanguage":"ca","potentialAction":[{"@type":"ReadAction","target":["https:\/\/psicoclinicabarcelona.com\/ca\/psicolegs-dependencia-emocional\/"]}]},{"@type":"ImageObject","inLanguage":"ca","@id":"https:\/\/psicoclinicabarcelona.com\/ca\/psicolegs-dependencia-emocional\/#primaryimage","url":"https:\/\/psicoclinicabarcelona.com\/wp-content\/uploads\/2017\/09\/dependencia-emocional-psicoclinica.jpg","contentUrl":"https:\/\/psicoclinicabarcelona.com\/wp-content\/uploads\/2017\/09\/dependencia-emocional-psicoclinica.jpg"},{"@type":"BreadcrumbList","@id":"https:\/\/psicoclinicabarcelona.com\/ca\/psicolegs-dependencia-emocional\/#breadcrumb","itemListElement":[{"@type":"ListItem","position":1,"name":"Portada","item":"https:\/\/psicoclinicabarcelona.com\/ca\/"},{"@type":"ListItem","position":2,"name":"Depend\u00e8ncia Emocional"}]},{"@type":"WebSite","@id":"https:\/\/psicoclinicabarcelona.com\/#website","url":"https:\/\/psicoclinicabarcelona.com\/","name":"Psicocl\u00ednica Barcelona","description":"Posiblemente el mejor psic\u00f3logo en Barcelona o la mejor psic\u00f3loga de Barcelona. Ll\u00e1manos sin compromiso al 935 414 478","publisher":{"@id":"https:\/\/psicoclinicabarcelona.com\/#organization"},"alternateName":"Psicocl\u00ednica Barcelona","potentialAction":[{"@type":"SearchAction","target":{"@type":"EntryPoint","urlTemplate":"https:\/\/psicoclinicabarcelona.com\/?s={search_term_string}"},"query-input":{"@type":"PropertyValueSpecification","valueRequired":true,"valueName":"search_term_string"}}],"inLanguage":"ca"},{"@type":"Organization","@id":"https:\/\/psicoclinicabarcelona.com\/#organization","name":"Psicocl\u00ednica Barcelona","alternateName":"Psicocl\u00ednica Barcelona","url":"https:\/\/psicoclinicabarcelona.com\/","logo":{"@type":"ImageObject","inLanguage":"ca","@id":"https:\/\/psicoclinicabarcelona.com\/#\/schema\/logo\/image\/","url":"https:\/\/psicoclinicabarcelona.com\/wp-content\/uploads\/2015\/04\/psicologos-barcelona.png","contentUrl":"https:\/\/psicoclinicabarcelona.com\/wp-content\/uploads\/2015\/04\/psicologos-barcelona.png","width":178,"height":62,"caption":"Psicocl\u00ednica Barcelona"},"image":{"@id":"https:\/\/psicoclinicabarcelona.com\/#\/schema\/logo\/image\/"},"sameAs":["https:\/\/www.facebook.com\/PsicoclinicaBarcelona\/","https:\/\/x.com\/psicoclinicabcn","https:\/\/www.linkedin.com\/company\/psicocl\u00ednica-barcelona\/","https:\/\/www.instagram.com\/psicoclinicabarcelona\/","https:\/\/www.youtube.com\/channel\/UCcc-5_wC56giASuT0XDr87Q"]}]}},"_links":{"self":[{"href":"https:\/\/psicoclinicabarcelona.com\/ca\/wp-json\/wp\/v2\/pages\/6228"}],"collection":[{"href":"https:\/\/psicoclinicabarcelona.com\/ca\/wp-json\/wp\/v2\/pages"}],"about":[{"href":"https:\/\/psicoclinicabarcelona.com\/ca\/wp-json\/wp\/v2\/types\/page"}],"author":[{"embeddable":true,"href":"https:\/\/psicoclinicabarcelona.com\/ca\/wp-json\/wp\/v2\/users\/5"}],"replies":[{"embeddable":true,"href":"https:\/\/psicoclinicabarcelona.com\/ca\/wp-json\/wp\/v2\/comments?post=6228"}],"version-history":[{"count":2,"href":"https:\/\/psicoclinicabarcelona.com\/ca\/wp-json\/wp\/v2\/pages\/6228\/revisions"}],"predecessor-version":[{"id":6230,"href":"https:\/\/psicoclinicabarcelona.com\/ca\/wp-json\/wp\/v2\/pages\/6228\/revisions\/6230"}],"wp:attachment":[{"href":"https:\/\/psicoclinicabarcelona.com\/ca\/wp-json\/wp\/v2\/media?parent=6228"}],"curies":[{"name":"wp","href":"https:\/\/api.w.org\/{rel}","templated":true}]}}