{"id":6231,"date":"2017-09-13T08:45:06","date_gmt":"2017-09-13T08:45:06","guid":{"rendered":"https:\/\/psicoclinicabarcelona.com\/psicologos-celos\/"},"modified":"2023-04-21T14:03:25","modified_gmt":"2023-04-21T12:03:25","slug":"psicolegs-gelosia","status":"publish","type":"page","link":"https:\/\/psicoclinicabarcelona.com\/ca\/psicolegs-gelosia\/","title":{"rendered":"Gelosia"},"content":{"rendered":"<p>&nbsp;<\/p>\n<p style=\"text-align: justify;\"><img decoding=\"async\" class=\"aligncenter wp-image-2325 size-full\" src=\"https:\/\/psicoclinicabarcelona.com\/wp-content\/uploads\/2017\/09\/celos.jpg\" alt=\"psicologo celos\" width=\"960\" height=\"640\" srcset=\"https:\/\/psicoclinicabarcelona.com\/wp-content\/uploads\/2017\/09\/celos.jpg 960w, https:\/\/psicoclinicabarcelona.com\/wp-content\/uploads\/2017\/09\/celos-300x200.jpg 300w, https:\/\/psicoclinicabarcelona.com\/wp-content\/uploads\/2017\/09\/celos-768x512.jpg 768w\" sizes=\"(max-width: 960px) 100vw, 960px\" \/><\/p>\n<p style=\"text-align: justify;\">Els <strong>cels<\/strong> s\u00f3n un problema que afecten moltes <strong>parelles sentimentale<\/strong>s. Si ens cenyim a la seva definici\u00f3, la gelosia \u00e9s el <strong>sentiment que experimenta un \u00e9sser hum\u00e0 quan sospita que la persona estimada sent amor o afecte per una altra<\/strong>, o quan sent que una altra persona prefereix una tercera en lloc de a ella. La manca de control sobre aquests pot tenir com a conseq\u00fc\u00e8ncia la ruptura de la relaci\u00f3 sentimental per la pressi\u00f3 que exerceix la <strong>persona gelosa<\/strong> sobre la seva parella, ja que la <strong>celopatia \u00e9s un gran problema en temes de amor<\/strong>.<\/p>\n<h2 style=\"text-align: justify;\">Psic\u00f2leg gelosia Barcelona<\/h2>\n<p style=\"text-align: justify;\">Des de fa m\u00e9s d&#8217;una d\u00e8cada, els professionals que componen la plantilla de <strong>Psicocl\u00ednica Barcelona<\/strong> s\u00f3n <strong>experts en aplicar el millor tractament psicol\u00f2gic de la gelosia <\/strong>. Superar la gelosia i la <strong>depend\u00e8ncia emocional<\/strong> que algunes persones tenen sobre la seva parella sentimental \u00e9s possible al nostre <strong>centre de psicologia<\/strong>.<\/p>\n<p style=\"text-align: justify;\">L&#8217;experi\u00e8ncia adquirida durant els m\u00e9s de deu anys de treball que ens avalen ens han convertit en un <strong>referent a l&#8217;hora d&#8217;aplicar als nostres pacients ter\u00e0pies per a la gelosia a Barcelona<\/strong>. Si busqueu la millor <strong>psic\u00f2loga a Barcelona<\/strong> per <strong>controlar la gelosia<\/strong> i superar aquesta patologia que es basa en la possessi\u00f3 de l&#8217;altra persona \u00e9s al lloc adequat.<\/p>\n<h2 style=\"text-align: justify;\">Com superar la gelosia a la parella?<\/h2>\n<p style=\"text-align: justify;\">El <strong>tractament psicol\u00f2gic de la gelosia<\/strong> \u00e9s una manera efica\u00e7 de superar la celot\u00edpia. Aquest tipus de ter\u00e0pies destinades a <strong>superar la gelosia i la <a href=\"https:\/\/psicoclinicabarcelona.com\/ca\/psicolegs-dependencia-emocional\/\">depend\u00e8ncia emocional amb un psic\u00f2leg <\/a><\/strong>utilitza diferents eines psicol\u00f2giques.<\/p>\n<p style=\"text-align: justify;\">Alguns <strong>consells<\/strong> que es pot aplicar la persona gelosa per deixar enrere el vostre problema s\u00f3n:<\/p>\n<ul style=\"text-align: justify;\">\n<li>La gelosia solen <strong>estar presents en la majoria de les relacions d&#8217;amor<\/strong>, per\u00f2 mai no pot constituir m\u00e9s que una petita part dels sentiments d&#8217;una persona. Si s\u00f3n <strong>excessius<\/strong>, el primer \u00e9s <strong>acceptar el problema<\/strong> per controlar la gelosia<\/li>\n<li><strong>Augmentar l&#8217;autoestima<\/strong> ser\u00e0 clau per superar la gelosia. Per aix\u00f2, les persones han de confiar <strong>en si mateixos i no tenir pensaments negatius<\/strong>, cosa que ajuda a confiar en la parella sentimental.<\/li>\n<li>Pensar de manera <strong>racional<\/strong>. La ment d&#8217;un gel\u00f3s tendeix a <strong>magnificar petites coses i crear situacions imagin\u00e0ries<\/strong> que s&#8217;acaba creient, cosa que porta a una resposta desproporcionada a aquestes.<\/li>\n<li><strong>Evitar prohibicions i limitacions<\/strong>, ja que com diu el refrany: all\u00f2 prohibit anomena. En una parella \u00e9s fonamental deixar llibertat perqu\u00e8 l&#8217;altre actu\u00ef com vulgueu. Nom\u00e9s amb <strong>confian\u00e7a<\/strong> la relaci\u00f3 s&#8217;enfortir\u00e0.<\/li>\n<\/ul>\n<h2 style=\"text-align: justify;\">Caracter\u00edstiques d&#8217;una persona gelosa<\/h2>\n<p style=\"text-align: justify;\">Les persones geloses solen tenir una <strong>s\u00e8rie de caracter\u00edstiques <\/strong>que es repeteixen en la majoria dels casos com si fos un patr\u00f3. Algunes s\u00f3n: <strong>baixa autoestima, desconfian\u00e7a envers els altres, introversi\u00f3 i manca de recursos socials, inseguretat i depend\u00e8ncia emocional i control total sobre la parella: tel\u00e8fon, xarxes socials o maneres de vestir<\/strong>.<\/p>\n<p>En cas de tenir alguns d&#8217;aquests s\u00edmptomes, les persones geloses han de <strong>rec\u00f3rrer als professionals <\/strong>per superar la seva celopatia abans que acabi amb la seva relaci\u00f3 sentimental. <strong>Psicocl\u00ednica Barcelona \u00e9s un centre de psicologia expert en ter\u00e0pies per a la gelosia a Barcelona<\/strong>. Nosaltres t&#8217;ajudarem a superar la teva gelosia, el sentiment de possessi\u00f3 i la depend\u00e8ncia emocional de la teva parella.<\/p>\n","protected":false},"excerpt":{"rendered":"<p>&nbsp; Els cels s\u00f3n un problema que afecten moltes parelles sentimentales. Si ens cenyim a la seva definici\u00f3, la gelosia \u00e9s el sentiment que experimenta un \u00e9sser hum\u00e0 quan sospita que la persona estimada sent amor o afecte per una altra, o quan sent que una altra persona prefereix una tercera en lloc de a&hellip;<\/p>\n","protected":false},"author":5,"featured_media":0,"parent":0,"menu_order":0,"comment_status":"closed","ping_status":"closed","template":"","meta":{"footnotes":""},"class_list":["post-6231","page","type-page","status-publish","hentry","entry","no-media"],"yoast_head":"<!-- This site is optimized with the Yoast SEO plugin v24.6 - https:\/\/yoast.com\/wordpress\/plugins\/seo\/ -->\n<title>Psicoleg gelosia Barcelona<\/title>\n<meta name=\"description\" content=\"PSICOCL\u00cdNICA BARCELONA. Ter\u00e0pia gelosia Barcelona. Tractament psicol\u00f2gic per a la gelosia\" \/>\n<meta name=\"robots\" content=\"index, follow, max-snippet:-1, max-image-preview:large, max-video-preview:-1\" \/>\n<link rel=\"canonical\" href=\"https:\/\/psicoclinicabarcelona.com\/ca\/psicolegs-gelosia\/\" \/>\n<meta property=\"og:locale\" content=\"ca_ES\" \/>\n<meta property=\"og:type\" content=\"article\" \/>\n<meta property=\"og:title\" content=\"Psicoleg gelosia Barcelona\" \/>\n<meta property=\"og:description\" content=\"PSICOCL\u00cdNICA BARCELONA. Ter\u00e0pia gelosia Barcelona. Tractament psicol\u00f2gic per a la gelosia\" \/>\n<meta property=\"og:url\" content=\"https:\/\/psicoclinicabarcelona.com\/ca\/psicolegs-gelosia\/\" \/>\n<meta property=\"og:site_name\" content=\"Psicocl\u00ednica Barcelona\" \/>\n<meta property=\"article:publisher\" content=\"https:\/\/www.facebook.com\/PsicoclinicaBarcelona\/\" \/>\n<meta property=\"article:modified_time\" content=\"2023-04-21T12:03:25+00:00\" \/>\n<meta property=\"og:image\" content=\"https:\/\/psicoclinicabarcelona.com\/wp-content\/uploads\/2017\/09\/celos.jpg\" \/>\n<meta name=\"twitter:label1\" content=\"Temps estimat de lectura\" \/>\n\t<meta name=\"twitter:data1\" content=\"3 minuts\" \/>\n<script type=\"application\/ld+json\" class=\"yoast-schema-graph\">{\"@context\":\"https:\/\/schema.org\",\"@graph\":[{\"@type\":\"WebPage\",\"@id\":\"https:\/\/psicoclinicabarcelona.com\/ca\/psicolegs-gelosia\/\",\"url\":\"https:\/\/psicoclinicabarcelona.com\/ca\/psicolegs-gelosia\/\",\"name\":\"Psicoleg gelosia Barcelona\",\"isPartOf\":{\"@id\":\"https:\/\/psicoclinicabarcelona.com\/#website\"},\"primaryImageOfPage\":{\"@id\":\"https:\/\/psicoclinicabarcelona.com\/ca\/psicolegs-gelosia\/#primaryimage\"},\"image\":{\"@id\":\"https:\/\/psicoclinicabarcelona.com\/ca\/psicolegs-gelosia\/#primaryimage\"},\"thumbnailUrl\":\"https:\/\/psicoclinicabarcelona.com\/wp-content\/uploads\/2017\/09\/celos.jpg\",\"datePublished\":\"2017-09-13T08:45:06+00:00\",\"dateModified\":\"2023-04-21T12:03:25+00:00\",\"description\":\"PSICOCL\u00cdNICA BARCELONA. Ter\u00e0pia gelosia Barcelona. Tractament psicol\u00f2gic per a la gelosia\",\"breadcrumb\":{\"@id\":\"https:\/\/psicoclinicabarcelona.com\/ca\/psicolegs-gelosia\/#breadcrumb\"},\"inLanguage\":\"ca\",\"potentialAction\":[{\"@type\":\"ReadAction\",\"target\":[\"https:\/\/psicoclinicabarcelona.com\/ca\/psicolegs-gelosia\/\"]}]},{\"@type\":\"ImageObject\",\"inLanguage\":\"ca\",\"@id\":\"https:\/\/psicoclinicabarcelona.com\/ca\/psicolegs-gelosia\/#primaryimage\",\"url\":\"https:\/\/psicoclinicabarcelona.com\/wp-content\/uploads\/2017\/09\/celos.jpg\",\"contentUrl\":\"https:\/\/psicoclinicabarcelona.com\/wp-content\/uploads\/2017\/09\/celos.jpg\"},{\"@type\":\"BreadcrumbList\",\"@id\":\"https:\/\/psicoclinicabarcelona.com\/ca\/psicolegs-gelosia\/#breadcrumb\",\"itemListElement\":[{\"@type\":\"ListItem\",\"position\":1,\"name\":\"Portada\",\"item\":\"https:\/\/psicoclinicabarcelona.com\/ca\/\"},{\"@type\":\"ListItem\",\"position\":2,\"name\":\"Gelosia\"}]},{\"@type\":\"WebSite\",\"@id\":\"https:\/\/psicoclinicabarcelona.com\/#website\",\"url\":\"https:\/\/psicoclinicabarcelona.com\/\",\"name\":\"Psicocl\u00ednica Barcelona\",\"description\":\"Posiblemente el mejor psic\u00f3logo en Barcelona o la mejor psic\u00f3loga de Barcelona. Ll\u00e1manos sin compromiso al 935 414 478\",\"publisher\":{\"@id\":\"https:\/\/psicoclinicabarcelona.com\/#organization\"},\"alternateName\":\"Psicocl\u00ednica Barcelona\",\"potentialAction\":[{\"@type\":\"SearchAction\",\"target\":{\"@type\":\"EntryPoint\",\"urlTemplate\":\"https:\/\/psicoclinicabarcelona.com\/?s={search_term_string}\"},\"query-input\":{\"@type\":\"PropertyValueSpecification\",\"valueRequired\":true,\"valueName\":\"search_term_string\"}}],\"inLanguage\":\"ca\"},{\"@type\":\"Organization\",\"@id\":\"https:\/\/psicoclinicabarcelona.com\/#organization\",\"name\":\"Psicocl\u00ednica Barcelona\",\"alternateName\":\"Psicocl\u00ednica Barcelona\",\"url\":\"https:\/\/psicoclinicabarcelona.com\/\",\"logo\":{\"@type\":\"ImageObject\",\"inLanguage\":\"ca\",\"@id\":\"https:\/\/psicoclinicabarcelona.com\/#\/schema\/logo\/image\/\",\"url\":\"https:\/\/psicoclinicabarcelona.com\/wp-content\/uploads\/2015\/04\/psicologos-barcelona.png\",\"contentUrl\":\"https:\/\/psicoclinicabarcelona.com\/wp-content\/uploads\/2015\/04\/psicologos-barcelona.png\",\"width\":178,\"height\":62,\"caption\":\"Psicocl\u00ednica Barcelona\"},\"image\":{\"@id\":\"https:\/\/psicoclinicabarcelona.com\/#\/schema\/logo\/image\/\"},\"sameAs\":[\"https:\/\/www.facebook.com\/PsicoclinicaBarcelona\/\",\"https:\/\/x.com\/psicoclinicabcn\",\"https:\/\/www.linkedin.com\/company\/psicocl\u00ednica-barcelona\/\",\"https:\/\/www.instagram.com\/psicoclinicabarcelona\/\",\"https:\/\/www.youtube.com\/channel\/UCcc-5_wC56giASuT0XDr87Q\"]}]}<\/script>\n<!-- \/ Yoast SEO plugin. -->","yoast_head_json":{"title":"Psicoleg gelosia Barcelona","description":"PSICOCL\u00cdNICA BARCELONA. Ter\u00e0pia gelosia Barcelona. Tractament psicol\u00f2gic per a la gelosia","robots":{"index":"index","follow":"follow","max-snippet":"max-snippet:-1","max-image-preview":"max-image-preview:large","max-video-preview":"max-video-preview:-1"},"canonical":"https:\/\/psicoclinicabarcelona.com\/ca\/psicolegs-gelosia\/","og_locale":"ca_ES","og_type":"article","og_title":"Psicoleg gelosia Barcelona","og_description":"PSICOCL\u00cdNICA BARCELONA. Ter\u00e0pia gelosia Barcelona. Tractament psicol\u00f2gic per a la gelosia","og_url":"https:\/\/psicoclinicabarcelona.com\/ca\/psicolegs-gelosia\/","og_site_name":"Psicocl\u00ednica Barcelona","article_publisher":"https:\/\/www.facebook.com\/PsicoclinicaBarcelona\/","article_modified_time":"2023-04-21T12:03:25+00:00","og_image":[{"url":"https:\/\/psicoclinicabarcelona.com\/wp-content\/uploads\/2017\/09\/celos.jpg","type":"","width":"","height":""}],"twitter_misc":{"Temps estimat de lectura":"3 minuts"},"schema":{"@context":"https:\/\/schema.org","@graph":[{"@type":"WebPage","@id":"https:\/\/psicoclinicabarcelona.com\/ca\/psicolegs-gelosia\/","url":"https:\/\/psicoclinicabarcelona.com\/ca\/psicolegs-gelosia\/","name":"Psicoleg gelosia Barcelona","isPartOf":{"@id":"https:\/\/psicoclinicabarcelona.com\/#website"},"primaryImageOfPage":{"@id":"https:\/\/psicoclinicabarcelona.com\/ca\/psicolegs-gelosia\/#primaryimage"},"image":{"@id":"https:\/\/psicoclinicabarcelona.com\/ca\/psicolegs-gelosia\/#primaryimage"},"thumbnailUrl":"https:\/\/psicoclinicabarcelona.com\/wp-content\/uploads\/2017\/09\/celos.jpg","datePublished":"2017-09-13T08:45:06+00:00","dateModified":"2023-04-21T12:03:25+00:00","description":"PSICOCL\u00cdNICA BARCELONA. Ter\u00e0pia gelosia Barcelona. Tractament psicol\u00f2gic per a la gelosia","breadcrumb":{"@id":"https:\/\/psicoclinicabarcelona.com\/ca\/psicolegs-gelosia\/#breadcrumb"},"inLanguage":"ca","potentialAction":[{"@type":"ReadAction","target":["https:\/\/psicoclinicabarcelona.com\/ca\/psicolegs-gelosia\/"]}]},{"@type":"ImageObject","inLanguage":"ca","@id":"https:\/\/psicoclinicabarcelona.com\/ca\/psicolegs-gelosia\/#primaryimage","url":"https:\/\/psicoclinicabarcelona.com\/wp-content\/uploads\/2017\/09\/celos.jpg","contentUrl":"https:\/\/psicoclinicabarcelona.com\/wp-content\/uploads\/2017\/09\/celos.jpg"},{"@type":"BreadcrumbList","@id":"https:\/\/psicoclinicabarcelona.com\/ca\/psicolegs-gelosia\/#breadcrumb","itemListElement":[{"@type":"ListItem","position":1,"name":"Portada","item":"https:\/\/psicoclinicabarcelona.com\/ca\/"},{"@type":"ListItem","position":2,"name":"Gelosia"}]},{"@type":"WebSite","@id":"https:\/\/psicoclinicabarcelona.com\/#website","url":"https:\/\/psicoclinicabarcelona.com\/","name":"Psicocl\u00ednica Barcelona","description":"Posiblemente el mejor psic\u00f3logo en Barcelona o la mejor psic\u00f3loga de Barcelona. Ll\u00e1manos sin compromiso al 935 414 478","publisher":{"@id":"https:\/\/psicoclinicabarcelona.com\/#organization"},"alternateName":"Psicocl\u00ednica Barcelona","potentialAction":[{"@type":"SearchAction","target":{"@type":"EntryPoint","urlTemplate":"https:\/\/psicoclinicabarcelona.com\/?s={search_term_string}"},"query-input":{"@type":"PropertyValueSpecification","valueRequired":true,"valueName":"search_term_string"}}],"inLanguage":"ca"},{"@type":"Organization","@id":"https:\/\/psicoclinicabarcelona.com\/#organization","name":"Psicocl\u00ednica Barcelona","alternateName":"Psicocl\u00ednica Barcelona","url":"https:\/\/psicoclinicabarcelona.com\/","logo":{"@type":"ImageObject","inLanguage":"ca","@id":"https:\/\/psicoclinicabarcelona.com\/#\/schema\/logo\/image\/","url":"https:\/\/psicoclinicabarcelona.com\/wp-content\/uploads\/2015\/04\/psicologos-barcelona.png","contentUrl":"https:\/\/psicoclinicabarcelona.com\/wp-content\/uploads\/2015\/04\/psicologos-barcelona.png","width":178,"height":62,"caption":"Psicocl\u00ednica Barcelona"},"image":{"@id":"https:\/\/psicoclinicabarcelona.com\/#\/schema\/logo\/image\/"},"sameAs":["https:\/\/www.facebook.com\/PsicoclinicaBarcelona\/","https:\/\/x.com\/psicoclinicabcn","https:\/\/www.linkedin.com\/company\/psicocl\u00ednica-barcelona\/","https:\/\/www.instagram.com\/psicoclinicabarcelona\/","https:\/\/www.youtube.com\/channel\/UCcc-5_wC56giASuT0XDr87Q"]}]}},"_links":{"self":[{"href":"https:\/\/psicoclinicabarcelona.com\/ca\/wp-json\/wp\/v2\/pages\/6231"}],"collection":[{"href":"https:\/\/psicoclinicabarcelona.com\/ca\/wp-json\/wp\/v2\/pages"}],"about":[{"href":"https:\/\/psicoclinicabarcelona.com\/ca\/wp-json\/wp\/v2\/types\/page"}],"author":[{"embeddable":true,"href":"https:\/\/psicoclinicabarcelona.com\/ca\/wp-json\/wp\/v2\/users\/5"}],"replies":[{"embeddable":true,"href":"https:\/\/psicoclinicabarcelona.com\/ca\/wp-json\/wp\/v2\/comments?post=6231"}],"version-history":[{"count":2,"href":"https:\/\/psicoclinicabarcelona.com\/ca\/wp-json\/wp\/v2\/pages\/6231\/revisions"}],"predecessor-version":[{"id":6233,"href":"https:\/\/psicoclinicabarcelona.com\/ca\/wp-json\/wp\/v2\/pages\/6231\/revisions\/6233"}],"wp:attachment":[{"href":"https:\/\/psicoclinicabarcelona.com\/ca\/wp-json\/wp\/v2\/media?parent=6231"}],"curies":[{"name":"wp","href":"https:\/\/api.w.org\/{rel}","templated":true}]}}