{"id":6234,"date":"2017-09-13T08:50:50","date_gmt":"2017-09-13T08:50:50","guid":{"rendered":"https:\/\/psicoclinicabarcelona.com\/psicologos-agresividad\/"},"modified":"2023-04-21T14:06:18","modified_gmt":"2023-04-21T12:06:18","slug":"psicolegs-agressivitat","status":"publish","type":"page","link":"https:\/\/psicoclinicabarcelona.com\/ca\/psicolegs-agressivitat\/","title":{"rendered":"Agressivitat"},"content":{"rendered":"<p style=\"text-align: justify;\"><img decoding=\"async\" class=\"aligncenter wp-image-2329 size-full\" src=\"https:\/\/psicoclinicabarcelona.com\/wp-content\/uploads\/2017\/09\/agresividad.jpg\" alt=\"psicologo agresividad\" width=\"1000\" height=\"667\" srcset=\"https:\/\/psicoclinicabarcelona.com\/wp-content\/uploads\/2017\/09\/agresividad.jpg 1000w, https:\/\/psicoclinicabarcelona.com\/wp-content\/uploads\/2017\/09\/agresividad-300x200.jpg 300w, https:\/\/psicoclinicabarcelona.com\/wp-content\/uploads\/2017\/09\/agresividad-768x512.jpg 768w\" sizes=\"(max-width: 1000px) 100vw, 1000px\" \/><\/p>\n<p style=\"text-align: justify;\">La <strong>viol\u00e8ncia<\/strong> \u00e9s present en molts \u00e0mbits de la societat actual. La seva pres\u00e8ncia constant en mitjans de comunicaci\u00f3, espectacles esportius o xarxes socials han perm\u00e8s que les persones l&#8217;assimilin com una part natural m\u00e9s del dia a dia<strong>. Les conductes agressives no depenen de l&#8217;edat<\/strong>, ja que poden apar\u00e8ixer tant a <strong>infants i adolescents<\/strong>, com a <strong>adults<\/strong>. Per a una correcci\u00f3 adequada, la millor opci\u00f3 \u00e9s rec\u00f3rrer a un <strong>psic\u00f2leg professional<\/strong>.<\/p>\n<p>&nbsp;<\/p>\n<h2 style=\"text-align: justify;\">Psic\u00f2leg agressivitat Barcelona<\/h2>\n<p style=\"text-align: justify;\"><strong>Quin \u00e9s el millor centre psicol\u00f2gic de Barcelona per tractar les conductes agressives? <\/strong>Amb m\u00e9s una d\u00e8cada de recorregut a la ciutat comtal, <strong>Psicocl\u00ednica Barcelona<\/strong> \u00e9s un aut\u00e8ntic referent en <strong>ter\u00e0pia per a l&#8217;agressivitat a Barcelona<\/strong>. S\u00f3n moltes les persones que durant aquest temps han deixat enrere la viol\u00e8ncia que els acompanyava en les actituds di\u00e0ries.<\/p>\n<p style=\"text-align: justify;\">A m\u00e9s, entre la nostra \u00e0mplia gamma de serveis comptem amb les darreres novetats en la mat\u00e8ria, com el <strong>tractament psicol\u00f2gic de l&#8217;agressivitat online amb ter\u00e0pia per Skype<\/strong>, on els pacients poden acudir als professionals sanitaris en qualsevol moment i des de qualsevol lloc sense necessitat d&#8217;haver de despla\u00e7ar-se fins a les nostres instal\u00b7lacions.<\/p>\n<p>&nbsp;<\/p>\n<h2 style=\"text-align: justify;\">Com actuen les persones agressives?<\/h2>\n<p style=\"text-align: justify;\">Les <strong>persones agressives solen actuar amb determinades conductes que solen ser comunes a tots ells<\/strong>. Entre elles destaquen: no afronten de <strong>forma directa les situacions<\/strong>, no mantenen una <strong>independ\u00e8ncia econ\u00f2mica ni social<\/strong>, tenen un <strong>pensament pessimista<\/strong>, nom\u00e9s veuen les situacions des del vostre <strong>punt de vista<\/strong>, compten amb una baixa toler\u00e0ncia a la <strong>frustraci\u00f3<\/strong> i creuen que la resta de persones <strong>volen controlar-los<\/strong>.<\/p>\n<p style=\"text-align: justify;\">A m\u00e9s, <strong>les persones violentes tenen una s\u00e8rie de caracter\u00edstiques presents en la seva personalitat<\/strong>, com per exemple, estar c\u00f2modes en l&#8217;h\u00e0bit, sent reticents a all\u00f2 desconegut; s\u00f3n pessimistes, previngudes i discretes; no solen involucrar-se en relacions personals amb els altres; no tenen habilitats socials i laborals; i s\u00f3n rancorosos i amb manca de const\u00e0ncia i voluntat.<\/p>\n<p>&nbsp;<\/p>\n<h2 style=\"text-align: justify;\">Tractament en l\u00ednia<\/h2>\n<p style=\"text-align: justify;\">La psicologia cl\u00e0ssica es basa en l&#8217;enteniment que el <strong>di\u00e0leg implica la pres\u00e8ncia del pacient i la seva interacci\u00f3 directa amb el professional <\/strong>que l&#8217;est\u00e0 tractant . Tot i aix\u00f2, en els \u00faltims anys s&#8217;est\u00e0 desenvolupant el <strong>tractament psicol\u00f2gic de l&#8217;agressivitat online<\/strong>. L&#8217;avantatge de comptar amb un <strong>psic\u00f2leg online<\/strong> \u00e9s que permet a moltes persones accedir a una psicoter\u00e0pia que no rebrien d&#8217;una altra manera.<\/p>\n<p style=\"text-align: justify;\"><strong>Psicocl\u00ednica Barcelona<\/strong> posa a disposici\u00f3 dels seus pacients la possibilitat de fer la ter\u00e0pia per a l&#8217;agressivitat a Barcelona mitjan\u00e7ant una <strong>ter\u00e0pia per Skype. <\/strong>La <strong><strong>rapidesa i <\/strong><strong>immediatesa <\/strong><\/strong>que atorguen les <strong><strong>noves tecnologies a la ter\u00e0pia online <\/strong><\/strong>permet un <strong><strong>contacte directe i constant <\/strong><\/strong>amb el psic\u00f2leg per Skype de cada pacient cada cop que sigui necessari, sense cap mena de barreres, el que \u00e9s el seu gran avantatge davant d&#8217;altres <strong><strong>m\u00e8todes m\u00e9s tradicionals<\/strong>.<\/strong><\/p>\n<p style=\"text-align: justify;\">Aix\u00ed ja sap, si vol ser tractat per un <strong>psic\u00f2leg professional al millor centre psicol\u00f2gic de Barcelona<\/strong> \u00e9s al lloc adequat. Tractem els problemes derivats de les conductes violentes en nens, adolescents i adults amb els <strong>resultats m\u00e9s \u00f2ptims<\/strong>, tant de <strong>manera presencial com en l\u00ednia<\/strong>, com ja han pogut comprovar els qui han confiat en nosaltres.<\/p>\n","protected":false},"excerpt":{"rendered":"<p>La viol\u00e8ncia \u00e9s present en molts \u00e0mbits de la societat actual. La seva pres\u00e8ncia constant en mitjans de comunicaci\u00f3, espectacles esportius o xarxes socials han perm\u00e8s que les persones l&#8217;assimilin com una part natural m\u00e9s del dia a dia. Les conductes agressives no depenen de l&#8217;edat, ja que poden apar\u00e8ixer tant a infants i adolescents,&hellip;<\/p>\n","protected":false},"author":5,"featured_media":0,"parent":0,"menu_order":0,"comment_status":"closed","ping_status":"closed","template":"","meta":{"footnotes":""},"class_list":["post-6234","page","type-page","status-publish","hentry","entry","no-media"],"yoast_head":"<!-- This site is optimized with the Yoast SEO plugin v24.6 - https:\/\/yoast.com\/wordpress\/plugins\/seo\/ -->\n<title>Psicoleg agressivitat Barcelona<\/title>\n<meta name=\"description\" content=\"PSICOCL\u00cdNICA BARCELONA. Ter\u00e0pia agressivitat Barcelona. Tractament psicol\u00f2gic per a l&#039;agressivitat\" \/>\n<meta name=\"robots\" content=\"index, follow, max-snippet:-1, max-image-preview:large, max-video-preview:-1\" \/>\n<link rel=\"canonical\" href=\"https:\/\/psicoclinicabarcelona.com\/ca\/psicolegs-agressivitat\/\" \/>\n<meta property=\"og:locale\" content=\"ca_ES\" \/>\n<meta property=\"og:type\" content=\"article\" \/>\n<meta property=\"og:title\" content=\"Psicoleg agressivitat Barcelona\" \/>\n<meta property=\"og:description\" content=\"PSICOCL\u00cdNICA BARCELONA. Ter\u00e0pia agressivitat Barcelona. Tractament psicol\u00f2gic per a l&#039;agressivitat\" \/>\n<meta property=\"og:url\" content=\"https:\/\/psicoclinicabarcelona.com\/ca\/psicolegs-agressivitat\/\" \/>\n<meta property=\"og:site_name\" content=\"Psicocl\u00ednica Barcelona\" \/>\n<meta property=\"article:publisher\" content=\"https:\/\/www.facebook.com\/PsicoclinicaBarcelona\/\" \/>\n<meta property=\"article:modified_time\" content=\"2023-04-21T12:06:18+00:00\" \/>\n<meta property=\"og:image\" content=\"https:\/\/psicoclinicabarcelona.com\/wp-content\/uploads\/2017\/09\/agresividad.jpg\" \/>\n<meta name=\"twitter:label1\" content=\"Temps estimat de lectura\" \/>\n\t<meta name=\"twitter:data1\" content=\"3 minuts\" \/>\n<script type=\"application\/ld+json\" class=\"yoast-schema-graph\">{\"@context\":\"https:\/\/schema.org\",\"@graph\":[{\"@type\":\"WebPage\",\"@id\":\"https:\/\/psicoclinicabarcelona.com\/ca\/psicolegs-agressivitat\/\",\"url\":\"https:\/\/psicoclinicabarcelona.com\/ca\/psicolegs-agressivitat\/\",\"name\":\"Psicoleg agressivitat Barcelona\",\"isPartOf\":{\"@id\":\"https:\/\/psicoclinicabarcelona.com\/#website\"},\"primaryImageOfPage\":{\"@id\":\"https:\/\/psicoclinicabarcelona.com\/ca\/psicolegs-agressivitat\/#primaryimage\"},\"image\":{\"@id\":\"https:\/\/psicoclinicabarcelona.com\/ca\/psicolegs-agressivitat\/#primaryimage\"},\"thumbnailUrl\":\"https:\/\/psicoclinicabarcelona.com\/wp-content\/uploads\/2017\/09\/agresividad.jpg\",\"datePublished\":\"2017-09-13T08:50:50+00:00\",\"dateModified\":\"2023-04-21T12:06:18+00:00\",\"description\":\"PSICOCL\u00cdNICA BARCELONA. Ter\u00e0pia agressivitat Barcelona. Tractament psicol\u00f2gic per a l'agressivitat\",\"breadcrumb\":{\"@id\":\"https:\/\/psicoclinicabarcelona.com\/ca\/psicolegs-agressivitat\/#breadcrumb\"},\"inLanguage\":\"ca\",\"potentialAction\":[{\"@type\":\"ReadAction\",\"target\":[\"https:\/\/psicoclinicabarcelona.com\/ca\/psicolegs-agressivitat\/\"]}]},{\"@type\":\"ImageObject\",\"inLanguage\":\"ca\",\"@id\":\"https:\/\/psicoclinicabarcelona.com\/ca\/psicolegs-agressivitat\/#primaryimage\",\"url\":\"https:\/\/psicoclinicabarcelona.com\/wp-content\/uploads\/2017\/09\/agresividad.jpg\",\"contentUrl\":\"https:\/\/psicoclinicabarcelona.com\/wp-content\/uploads\/2017\/09\/agresividad.jpg\"},{\"@type\":\"BreadcrumbList\",\"@id\":\"https:\/\/psicoclinicabarcelona.com\/ca\/psicolegs-agressivitat\/#breadcrumb\",\"itemListElement\":[{\"@type\":\"ListItem\",\"position\":1,\"name\":\"Portada\",\"item\":\"https:\/\/psicoclinicabarcelona.com\/ca\/\"},{\"@type\":\"ListItem\",\"position\":2,\"name\":\"Agressivitat\"}]},{\"@type\":\"WebSite\",\"@id\":\"https:\/\/psicoclinicabarcelona.com\/#website\",\"url\":\"https:\/\/psicoclinicabarcelona.com\/\",\"name\":\"Psicocl\u00ednica Barcelona\",\"description\":\"Posiblemente el mejor psic\u00f3logo en Barcelona o la mejor psic\u00f3loga de Barcelona. Ll\u00e1manos sin compromiso al 935 414 478\",\"publisher\":{\"@id\":\"https:\/\/psicoclinicabarcelona.com\/#organization\"},\"alternateName\":\"Psicocl\u00ednica Barcelona\",\"potentialAction\":[{\"@type\":\"SearchAction\",\"target\":{\"@type\":\"EntryPoint\",\"urlTemplate\":\"https:\/\/psicoclinicabarcelona.com\/?s={search_term_string}\"},\"query-input\":{\"@type\":\"PropertyValueSpecification\",\"valueRequired\":true,\"valueName\":\"search_term_string\"}}],\"inLanguage\":\"ca\"},{\"@type\":\"Organization\",\"@id\":\"https:\/\/psicoclinicabarcelona.com\/#organization\",\"name\":\"Psicocl\u00ednica Barcelona\",\"alternateName\":\"Psicocl\u00ednica Barcelona\",\"url\":\"https:\/\/psicoclinicabarcelona.com\/\",\"logo\":{\"@type\":\"ImageObject\",\"inLanguage\":\"ca\",\"@id\":\"https:\/\/psicoclinicabarcelona.com\/#\/schema\/logo\/image\/\",\"url\":\"https:\/\/psicoclinicabarcelona.com\/wp-content\/uploads\/2015\/04\/psicologos-barcelona.png\",\"contentUrl\":\"https:\/\/psicoclinicabarcelona.com\/wp-content\/uploads\/2015\/04\/psicologos-barcelona.png\",\"width\":178,\"height\":62,\"caption\":\"Psicocl\u00ednica Barcelona\"},\"image\":{\"@id\":\"https:\/\/psicoclinicabarcelona.com\/#\/schema\/logo\/image\/\"},\"sameAs\":[\"https:\/\/www.facebook.com\/PsicoclinicaBarcelona\/\",\"https:\/\/x.com\/psicoclinicabcn\",\"https:\/\/www.linkedin.com\/company\/psicocl\u00ednica-barcelona\/\",\"https:\/\/www.instagram.com\/psicoclinicabarcelona\/\",\"https:\/\/www.youtube.com\/channel\/UCcc-5_wC56giASuT0XDr87Q\"]}]}<\/script>\n<!-- \/ Yoast SEO plugin. -->","yoast_head_json":{"title":"Psicoleg agressivitat Barcelona","description":"PSICOCL\u00cdNICA BARCELONA. Ter\u00e0pia agressivitat Barcelona. Tractament psicol\u00f2gic per a l'agressivitat","robots":{"index":"index","follow":"follow","max-snippet":"max-snippet:-1","max-image-preview":"max-image-preview:large","max-video-preview":"max-video-preview:-1"},"canonical":"https:\/\/psicoclinicabarcelona.com\/ca\/psicolegs-agressivitat\/","og_locale":"ca_ES","og_type":"article","og_title":"Psicoleg agressivitat Barcelona","og_description":"PSICOCL\u00cdNICA BARCELONA. Ter\u00e0pia agressivitat Barcelona. Tractament psicol\u00f2gic per a l'agressivitat","og_url":"https:\/\/psicoclinicabarcelona.com\/ca\/psicolegs-agressivitat\/","og_site_name":"Psicocl\u00ednica Barcelona","article_publisher":"https:\/\/www.facebook.com\/PsicoclinicaBarcelona\/","article_modified_time":"2023-04-21T12:06:18+00:00","og_image":[{"url":"https:\/\/psicoclinicabarcelona.com\/wp-content\/uploads\/2017\/09\/agresividad.jpg","type":"","width":"","height":""}],"twitter_misc":{"Temps estimat de lectura":"3 minuts"},"schema":{"@context":"https:\/\/schema.org","@graph":[{"@type":"WebPage","@id":"https:\/\/psicoclinicabarcelona.com\/ca\/psicolegs-agressivitat\/","url":"https:\/\/psicoclinicabarcelona.com\/ca\/psicolegs-agressivitat\/","name":"Psicoleg agressivitat Barcelona","isPartOf":{"@id":"https:\/\/psicoclinicabarcelona.com\/#website"},"primaryImageOfPage":{"@id":"https:\/\/psicoclinicabarcelona.com\/ca\/psicolegs-agressivitat\/#primaryimage"},"image":{"@id":"https:\/\/psicoclinicabarcelona.com\/ca\/psicolegs-agressivitat\/#primaryimage"},"thumbnailUrl":"https:\/\/psicoclinicabarcelona.com\/wp-content\/uploads\/2017\/09\/agresividad.jpg","datePublished":"2017-09-13T08:50:50+00:00","dateModified":"2023-04-21T12:06:18+00:00","description":"PSICOCL\u00cdNICA BARCELONA. Ter\u00e0pia agressivitat Barcelona. Tractament psicol\u00f2gic per a l'agressivitat","breadcrumb":{"@id":"https:\/\/psicoclinicabarcelona.com\/ca\/psicolegs-agressivitat\/#breadcrumb"},"inLanguage":"ca","potentialAction":[{"@type":"ReadAction","target":["https:\/\/psicoclinicabarcelona.com\/ca\/psicolegs-agressivitat\/"]}]},{"@type":"ImageObject","inLanguage":"ca","@id":"https:\/\/psicoclinicabarcelona.com\/ca\/psicolegs-agressivitat\/#primaryimage","url":"https:\/\/psicoclinicabarcelona.com\/wp-content\/uploads\/2017\/09\/agresividad.jpg","contentUrl":"https:\/\/psicoclinicabarcelona.com\/wp-content\/uploads\/2017\/09\/agresividad.jpg"},{"@type":"BreadcrumbList","@id":"https:\/\/psicoclinicabarcelona.com\/ca\/psicolegs-agressivitat\/#breadcrumb","itemListElement":[{"@type":"ListItem","position":1,"name":"Portada","item":"https:\/\/psicoclinicabarcelona.com\/ca\/"},{"@type":"ListItem","position":2,"name":"Agressivitat"}]},{"@type":"WebSite","@id":"https:\/\/psicoclinicabarcelona.com\/#website","url":"https:\/\/psicoclinicabarcelona.com\/","name":"Psicocl\u00ednica Barcelona","description":"Posiblemente el mejor psic\u00f3logo en Barcelona o la mejor psic\u00f3loga de Barcelona. Ll\u00e1manos sin compromiso al 935 414 478","publisher":{"@id":"https:\/\/psicoclinicabarcelona.com\/#organization"},"alternateName":"Psicocl\u00ednica Barcelona","potentialAction":[{"@type":"SearchAction","target":{"@type":"EntryPoint","urlTemplate":"https:\/\/psicoclinicabarcelona.com\/?s={search_term_string}"},"query-input":{"@type":"PropertyValueSpecification","valueRequired":true,"valueName":"search_term_string"}}],"inLanguage":"ca"},{"@type":"Organization","@id":"https:\/\/psicoclinicabarcelona.com\/#organization","name":"Psicocl\u00ednica Barcelona","alternateName":"Psicocl\u00ednica Barcelona","url":"https:\/\/psicoclinicabarcelona.com\/","logo":{"@type":"ImageObject","inLanguage":"ca","@id":"https:\/\/psicoclinicabarcelona.com\/#\/schema\/logo\/image\/","url":"https:\/\/psicoclinicabarcelona.com\/wp-content\/uploads\/2015\/04\/psicologos-barcelona.png","contentUrl":"https:\/\/psicoclinicabarcelona.com\/wp-content\/uploads\/2015\/04\/psicologos-barcelona.png","width":178,"height":62,"caption":"Psicocl\u00ednica Barcelona"},"image":{"@id":"https:\/\/psicoclinicabarcelona.com\/#\/schema\/logo\/image\/"},"sameAs":["https:\/\/www.facebook.com\/PsicoclinicaBarcelona\/","https:\/\/x.com\/psicoclinicabcn","https:\/\/www.linkedin.com\/company\/psicocl\u00ednica-barcelona\/","https:\/\/www.instagram.com\/psicoclinicabarcelona\/","https:\/\/www.youtube.com\/channel\/UCcc-5_wC56giASuT0XDr87Q"]}]}},"_links":{"self":[{"href":"https:\/\/psicoclinicabarcelona.com\/ca\/wp-json\/wp\/v2\/pages\/6234"}],"collection":[{"href":"https:\/\/psicoclinicabarcelona.com\/ca\/wp-json\/wp\/v2\/pages"}],"about":[{"href":"https:\/\/psicoclinicabarcelona.com\/ca\/wp-json\/wp\/v2\/types\/page"}],"author":[{"embeddable":true,"href":"https:\/\/psicoclinicabarcelona.com\/ca\/wp-json\/wp\/v2\/users\/5"}],"replies":[{"embeddable":true,"href":"https:\/\/psicoclinicabarcelona.com\/ca\/wp-json\/wp\/v2\/comments?post=6234"}],"version-history":[{"count":2,"href":"https:\/\/psicoclinicabarcelona.com\/ca\/wp-json\/wp\/v2\/pages\/6234\/revisions"}],"predecessor-version":[{"id":6236,"href":"https:\/\/psicoclinicabarcelona.com\/ca\/wp-json\/wp\/v2\/pages\/6234\/revisions\/6236"}],"wp:attachment":[{"href":"https:\/\/psicoclinicabarcelona.com\/ca\/wp-json\/wp\/v2\/media?parent=6234"}],"curies":[{"name":"wp","href":"https:\/\/api.w.org\/{rel}","templated":true}]}}