{"id":6237,"date":"2017-09-13T08:14:13","date_gmt":"2017-09-13T08:14:13","guid":{"rendered":"https:\/\/psicoclinicabarcelona.com\/psicologos-estres\/"},"modified":"2023-04-21T14:06:58","modified_gmt":"2023-04-21T12:06:58","slug":"psicolegs-estres","status":"publish","type":"page","link":"https:\/\/psicoclinicabarcelona.com\/ca\/psicolegs-estres\/","title":{"rendered":"Estr\u00e8s"},"content":{"rendered":"[vc_row][vc_column][vc_column_text]<img decoding=\"async\" class=\"aligncenter wp-image-2310 size-full\" src=\"https:\/\/psicoclinicabarcelona.com\/wp-content\/uploads\/2017\/09\/estres-imagen.jpg\" alt=\"psicologo estr\u00e9s\" width=\"640\" height=\"393\" srcset=\"https:\/\/psicoclinicabarcelona.com\/wp-content\/uploads\/2017\/09\/estres-imagen.jpg 640w, https:\/\/psicoclinicabarcelona.com\/wp-content\/uploads\/2017\/09\/estres-imagen-300x184.jpg 300w\" sizes=\"(max-width: 640px) 100vw, 640px\" \/><\/p>\n<p style=\"text-align: justify;\">El m\u00f3n on vivim cada dia va m\u00e9s r\u00e0pid. A nivell personal, familiar o laboral tot ha de ser aqu\u00ed i ara. <strong>La immediatesa s&#8217;ha apoderat del nostre dia a dia<\/strong>.<\/p>\n<p style=\"text-align: justify;\">Com a conseq\u00fc\u00e8ncia d&#8217;aquesta nova forma de relacionar-nos ha augmentat la incid\u00e8ncia en la poblaci\u00f3 de diferents malalties. <strong>Una \u00e9s l&#8217;estr\u00e8s<\/strong>.<\/p>\n<h2 style=\"text-align: justify;\">Psic\u00f2leg estr\u00e8s Barcelona<\/h2>\n<p style=\"text-align: justify;\">Aquelles <strong>persones que pateixen estr\u00e8s<\/strong>, b\u00e9 sigui de manera transit\u00f2ria com de manera cr\u00f2nica, han d&#8217;acudir als <strong>professionals sanitaris per tractar aquest problema. <\/strong>En aquest sentit, els <strong><strong>millors psic\u00f2legs de Barcelona es troben a Psicocl\u00ednica Barcelona<\/strong>. <\/strong>La satisfacci\u00f3 dels nostres pacients \u00e9s la carta de presentaci\u00f3 amb qu\u00e8 comptem per assegurar que duem a terme la <strong><strong>millor ter\u00e0pia per a l&#8217;estr\u00e8s a Barcelona<\/strong>.<\/strong><\/p>\n<p style=\"text-align: justify;\"><strong>Psicocl\u00ednica Barcelona<\/strong> compta amb \u00e0mplia plantilla de professionals d&#8217;alta qualificaci\u00f3 experta en la <strong>prevenci\u00f3 i el tractament psicol\u00f2gic de l&#8217;estr\u00e8s<\/strong>, aix\u00ed com dels seus s\u00edmptomes i malalties relacionades com <strong>ansietat, la depressi\u00f3, l&#8217;estr\u00e8s posttraum\u00e0tic i els conflictes <\/strong>derivats de tots ells.<\/p>\n<h2 style=\"text-align: justify;\">Tractament de l&#8217;estr\u00e8s<\/h2>\n<p style=\"text-align: justify;\"><strong>Quin \u00e9s el tractament psicol\u00f2gic de l&#8217;estr\u00e8s m\u00e9s adequat?<\/strong> L&#8217;<strong>ajuda psicol\u00f2gica<\/strong> que es pot donar a cada pacient davant l&#8217;estr\u00e8s \u00e9s molt variada. D&#8217;una banda, el <strong>psic\u00f2leg cl\u00ednic pot realitzar un tractament amb medicaments<\/strong>, principalment ansiol\u00edtics, coneguts col\u00b7loquialment com a tranquil\u00b7litzants. Altres tractaments psicol\u00f2gics de l&#8217;estr\u00e8s molt utilitzats s\u00f3n: <strong>t\u00e8cniques de biofeedback, t\u00e8cniques de respiraci\u00f3, t\u00e8cniques cognitivoconductuals i t\u00e8cniques d&#8217;autocontrol<\/strong>.<\/p>\n<p style=\"text-align: justify;\">Pel que fa als tractaments inclosos en el que s&#8217;anomena <strong>com a medicina alternativa<\/strong>, el psic\u00f2leg cl\u00ednic pot recomanar als seus pacients, amb l&#8217;objectiu de <a href=\"https:\/\/psicoclinicabarcelona.com\/ca\/psicoleg-ansietat-barcelona\/\">disminuir l&#8217;ansietat<\/a> i l&#8217;estr\u00e8s, <strong>l&#8217;acupuntura, el ioga, el pilates o el d\u00edgit puntura<\/strong>. Totes aquestes ter\u00e0pies, si s\u00f3n realitzades de manera correcta, compten amb un alt grau d&#8217;efic\u00e0cia <strong> quant a l&#8217;efecte relaxant<\/strong> que aporten als pacients.<\/p>\n<h2 style=\"text-align: justify;\">Efectes sobre els pacients<\/h2>\n<p style=\"text-align: justify;\"><strong>S\u00f3n diversos els efectes que t\u00e9 l&#8217;estr\u00e8s sobre les persones que el pateixen:<\/strong><\/p>\n<ul style=\"text-align: justify;\">\n<li>En el pla emocional genera ansietat i fins i tot depressi\u00f3.<\/li>\n<li>Altera el somni i fa que es mengi m\u00e9s.<\/li>\n<li>Genera problemes de mem\u00f2ria.<\/li>\n<li>Alts nivells de tensi\u00f3 muscular.<\/li>\n<li>Dificultat per respirar, poden arribar a produir-se episodis d&#8217;hiperventilaci\u00f3.<\/li>\n<li>Augment de la freq\u00fc\u00e8ncia card\u00edaca i de la tensi\u00f3 arterial.<\/li>\n<li>El sistema endocr\u00ed comen\u00e7a a alliberar les hormones epinefrina i cortisol.<\/li>\n<li>Aparici\u00f3 de reflux esof\u00e0gic i \u00falceres a l&#8217;aparell digestiu.<\/li>\n<li>Falta de motivaci\u00f3 i irritabilitat.<\/li>\n<li>Estimula la producci\u00f3 de testosterona ia llarg termini la disfunci\u00f3 er\u00e8ctil.<\/li>\n<li>Afecta el cicle menstrual en les dones.<\/li>\n<\/ul>\n<p style=\"text-align: justify;\">B\u00e9 en fases inicials on la prevenci\u00f3 \u00e9s molt important, com en fases on l&#8217;estr\u00e8s ja sigui cr\u00f2nic, l&#8217;opci\u00f3 que han de prendre els pacients \u00e9s acudir a un professional. A <strong>Psicocl\u00ednica Barcelona<\/strong> disposar\u00e0 de la millor <a href=\"https:\/\/psicoclinicabarcelona.com\/ca\/psicolegs-tractament-depressio-barcelona\/\">ajuda psicol\u00f2gica\u00a0per a la depressi\u00f3<\/a> aix\u00ed com amb la de fer front a l&#8217;<strong>ansietat, conflictes o estr\u00e8s posttraum\u00e0tic<\/strong>. Aqu\u00ed, <strong>els millors psic\u00f2legs de Barcelona<\/strong>. Informeu-vos dels nostres serveis sense cap tipus de comprom\u00eds.<\/p>\n[\/vc_column_text][\/vc_column][\/vc_row]\n","protected":false},"excerpt":{"rendered":"<p>[vc_row][vc_column][vc_column_text] El m\u00f3n on vivim cada dia va m\u00e9s r\u00e0pid. A nivell personal, familiar o laboral tot ha de ser aqu\u00ed i ara. La immediatesa s&#8217;ha apoderat del nostre dia a dia. Com a conseq\u00fc\u00e8ncia d&#8217;aquesta nova forma de relacionar-nos ha augmentat la incid\u00e8ncia en la poblaci\u00f3 de diferents malalties. Una \u00e9s l&#8217;estr\u00e8s. Psic\u00f2leg estr\u00e8s&hellip;<\/p>\n","protected":false},"author":5,"featured_media":0,"parent":0,"menu_order":0,"comment_status":"closed","ping_status":"closed","template":"","meta":{"footnotes":""},"class_list":["post-6237","page","type-page","status-publish","hentry","entry","no-media"],"yoast_head":"<!-- This site is optimized with the Yoast SEO plugin v24.6 - https:\/\/yoast.com\/wordpress\/plugins\/seo\/ -->\n<title>Psicoleg estres Barcelona<\/title>\n<meta name=\"description\" content=\"PSICOCL\u00cdNICA BARCELONA. Ter\u00e0pia estr\u00e8s Barcelona. Tractament psicol\u00f2gic per a l&#039;estr\u00e8s\" \/>\n<meta name=\"robots\" content=\"index, follow, max-snippet:-1, max-image-preview:large, max-video-preview:-1\" \/>\n<link rel=\"canonical\" href=\"https:\/\/psicoclinicabarcelona.com\/ca\/psicolegs-estres\/\" \/>\n<meta property=\"og:locale\" content=\"ca_ES\" \/>\n<meta property=\"og:type\" content=\"article\" \/>\n<meta property=\"og:title\" content=\"Psicoleg estres Barcelona\" \/>\n<meta property=\"og:description\" content=\"PSICOCL\u00cdNICA BARCELONA. Ter\u00e0pia estr\u00e8s Barcelona. Tractament psicol\u00f2gic per a l&#039;estr\u00e8s\" \/>\n<meta property=\"og:url\" content=\"https:\/\/psicoclinicabarcelona.com\/ca\/psicolegs-estres\/\" \/>\n<meta property=\"og:site_name\" content=\"Psicocl\u00ednica Barcelona\" \/>\n<meta property=\"article:publisher\" content=\"https:\/\/www.facebook.com\/PsicoclinicaBarcelona\/\" \/>\n<meta property=\"article:modified_time\" content=\"2023-04-21T12:06:58+00:00\" \/>\n<meta property=\"og:image\" content=\"https:\/\/psicoclinicabarcelona.com\/wp-content\/uploads\/2017\/09\/estres-imagen.jpg\" \/>\n<meta name=\"twitter:label1\" content=\"Temps estimat de lectura\" \/>\n\t<meta name=\"twitter:data1\" content=\"3 minuts\" \/>\n<script type=\"application\/ld+json\" class=\"yoast-schema-graph\">{\"@context\":\"https:\/\/schema.org\",\"@graph\":[{\"@type\":\"WebPage\",\"@id\":\"https:\/\/psicoclinicabarcelona.com\/ca\/psicolegs-estres\/\",\"url\":\"https:\/\/psicoclinicabarcelona.com\/ca\/psicolegs-estres\/\",\"name\":\"Psicoleg estres Barcelona\",\"isPartOf\":{\"@id\":\"https:\/\/psicoclinicabarcelona.com\/#website\"},\"primaryImageOfPage\":{\"@id\":\"https:\/\/psicoclinicabarcelona.com\/ca\/psicolegs-estres\/#primaryimage\"},\"image\":{\"@id\":\"https:\/\/psicoclinicabarcelona.com\/ca\/psicolegs-estres\/#primaryimage\"},\"thumbnailUrl\":\"https:\/\/psicoclinicabarcelona.com\/wp-content\/uploads\/2017\/09\/estres-imagen.jpg\",\"datePublished\":\"2017-09-13T08:14:13+00:00\",\"dateModified\":\"2023-04-21T12:06:58+00:00\",\"description\":\"PSICOCL\u00cdNICA BARCELONA. Ter\u00e0pia estr\u00e8s Barcelona. Tractament psicol\u00f2gic per a l'estr\u00e8s\",\"breadcrumb\":{\"@id\":\"https:\/\/psicoclinicabarcelona.com\/ca\/psicolegs-estres\/#breadcrumb\"},\"inLanguage\":\"ca\",\"potentialAction\":[{\"@type\":\"ReadAction\",\"target\":[\"https:\/\/psicoclinicabarcelona.com\/ca\/psicolegs-estres\/\"]}]},{\"@type\":\"ImageObject\",\"inLanguage\":\"ca\",\"@id\":\"https:\/\/psicoclinicabarcelona.com\/ca\/psicolegs-estres\/#primaryimage\",\"url\":\"https:\/\/psicoclinicabarcelona.com\/wp-content\/uploads\/2017\/09\/estres-imagen.jpg\",\"contentUrl\":\"https:\/\/psicoclinicabarcelona.com\/wp-content\/uploads\/2017\/09\/estres-imagen.jpg\"},{\"@type\":\"BreadcrumbList\",\"@id\":\"https:\/\/psicoclinicabarcelona.com\/ca\/psicolegs-estres\/#breadcrumb\",\"itemListElement\":[{\"@type\":\"ListItem\",\"position\":1,\"name\":\"Portada\",\"item\":\"https:\/\/psicoclinicabarcelona.com\/ca\/\"},{\"@type\":\"ListItem\",\"position\":2,\"name\":\"Estr\u00e8s\"}]},{\"@type\":\"WebSite\",\"@id\":\"https:\/\/psicoclinicabarcelona.com\/#website\",\"url\":\"https:\/\/psicoclinicabarcelona.com\/\",\"name\":\"Psicocl\u00ednica Barcelona\",\"description\":\"Posiblemente el mejor psic\u00f3logo en Barcelona o la mejor psic\u00f3loga de Barcelona. Ll\u00e1manos sin compromiso al 935 414 478\",\"publisher\":{\"@id\":\"https:\/\/psicoclinicabarcelona.com\/#organization\"},\"alternateName\":\"Psicocl\u00ednica Barcelona\",\"potentialAction\":[{\"@type\":\"SearchAction\",\"target\":{\"@type\":\"EntryPoint\",\"urlTemplate\":\"https:\/\/psicoclinicabarcelona.com\/?s={search_term_string}\"},\"query-input\":{\"@type\":\"PropertyValueSpecification\",\"valueRequired\":true,\"valueName\":\"search_term_string\"}}],\"inLanguage\":\"ca\"},{\"@type\":\"Organization\",\"@id\":\"https:\/\/psicoclinicabarcelona.com\/#organization\",\"name\":\"Psicocl\u00ednica Barcelona\",\"alternateName\":\"Psicocl\u00ednica Barcelona\",\"url\":\"https:\/\/psicoclinicabarcelona.com\/\",\"logo\":{\"@type\":\"ImageObject\",\"inLanguage\":\"ca\",\"@id\":\"https:\/\/psicoclinicabarcelona.com\/#\/schema\/logo\/image\/\",\"url\":\"https:\/\/psicoclinicabarcelona.com\/wp-content\/uploads\/2015\/04\/psicologos-barcelona.png\",\"contentUrl\":\"https:\/\/psicoclinicabarcelona.com\/wp-content\/uploads\/2015\/04\/psicologos-barcelona.png\",\"width\":178,\"height\":62,\"caption\":\"Psicocl\u00ednica Barcelona\"},\"image\":{\"@id\":\"https:\/\/psicoclinicabarcelona.com\/#\/schema\/logo\/image\/\"},\"sameAs\":[\"https:\/\/www.facebook.com\/PsicoclinicaBarcelona\/\",\"https:\/\/x.com\/psicoclinicabcn\",\"https:\/\/www.linkedin.com\/company\/psicocl\u00ednica-barcelona\/\",\"https:\/\/www.instagram.com\/psicoclinicabarcelona\/\",\"https:\/\/www.youtube.com\/channel\/UCcc-5_wC56giASuT0XDr87Q\"]}]}<\/script>\n<!-- \/ Yoast SEO plugin. -->","yoast_head_json":{"title":"Psicoleg estres Barcelona","description":"PSICOCL\u00cdNICA BARCELONA. Ter\u00e0pia estr\u00e8s Barcelona. Tractament psicol\u00f2gic per a l'estr\u00e8s","robots":{"index":"index","follow":"follow","max-snippet":"max-snippet:-1","max-image-preview":"max-image-preview:large","max-video-preview":"max-video-preview:-1"},"canonical":"https:\/\/psicoclinicabarcelona.com\/ca\/psicolegs-estres\/","og_locale":"ca_ES","og_type":"article","og_title":"Psicoleg estres Barcelona","og_description":"PSICOCL\u00cdNICA BARCELONA. Ter\u00e0pia estr\u00e8s Barcelona. Tractament psicol\u00f2gic per a l'estr\u00e8s","og_url":"https:\/\/psicoclinicabarcelona.com\/ca\/psicolegs-estres\/","og_site_name":"Psicocl\u00ednica Barcelona","article_publisher":"https:\/\/www.facebook.com\/PsicoclinicaBarcelona\/","article_modified_time":"2023-04-21T12:06:58+00:00","og_image":[{"url":"https:\/\/psicoclinicabarcelona.com\/wp-content\/uploads\/2017\/09\/estres-imagen.jpg","type":"","width":"","height":""}],"twitter_misc":{"Temps estimat de lectura":"3 minuts"},"schema":{"@context":"https:\/\/schema.org","@graph":[{"@type":"WebPage","@id":"https:\/\/psicoclinicabarcelona.com\/ca\/psicolegs-estres\/","url":"https:\/\/psicoclinicabarcelona.com\/ca\/psicolegs-estres\/","name":"Psicoleg estres Barcelona","isPartOf":{"@id":"https:\/\/psicoclinicabarcelona.com\/#website"},"primaryImageOfPage":{"@id":"https:\/\/psicoclinicabarcelona.com\/ca\/psicolegs-estres\/#primaryimage"},"image":{"@id":"https:\/\/psicoclinicabarcelona.com\/ca\/psicolegs-estres\/#primaryimage"},"thumbnailUrl":"https:\/\/psicoclinicabarcelona.com\/wp-content\/uploads\/2017\/09\/estres-imagen.jpg","datePublished":"2017-09-13T08:14:13+00:00","dateModified":"2023-04-21T12:06:58+00:00","description":"PSICOCL\u00cdNICA BARCELONA. Ter\u00e0pia estr\u00e8s Barcelona. Tractament psicol\u00f2gic per a l'estr\u00e8s","breadcrumb":{"@id":"https:\/\/psicoclinicabarcelona.com\/ca\/psicolegs-estres\/#breadcrumb"},"inLanguage":"ca","potentialAction":[{"@type":"ReadAction","target":["https:\/\/psicoclinicabarcelona.com\/ca\/psicolegs-estres\/"]}]},{"@type":"ImageObject","inLanguage":"ca","@id":"https:\/\/psicoclinicabarcelona.com\/ca\/psicolegs-estres\/#primaryimage","url":"https:\/\/psicoclinicabarcelona.com\/wp-content\/uploads\/2017\/09\/estres-imagen.jpg","contentUrl":"https:\/\/psicoclinicabarcelona.com\/wp-content\/uploads\/2017\/09\/estres-imagen.jpg"},{"@type":"BreadcrumbList","@id":"https:\/\/psicoclinicabarcelona.com\/ca\/psicolegs-estres\/#breadcrumb","itemListElement":[{"@type":"ListItem","position":1,"name":"Portada","item":"https:\/\/psicoclinicabarcelona.com\/ca\/"},{"@type":"ListItem","position":2,"name":"Estr\u00e8s"}]},{"@type":"WebSite","@id":"https:\/\/psicoclinicabarcelona.com\/#website","url":"https:\/\/psicoclinicabarcelona.com\/","name":"Psicocl\u00ednica Barcelona","description":"Posiblemente el mejor psic\u00f3logo en Barcelona o la mejor psic\u00f3loga de Barcelona. Ll\u00e1manos sin compromiso al 935 414 478","publisher":{"@id":"https:\/\/psicoclinicabarcelona.com\/#organization"},"alternateName":"Psicocl\u00ednica Barcelona","potentialAction":[{"@type":"SearchAction","target":{"@type":"EntryPoint","urlTemplate":"https:\/\/psicoclinicabarcelona.com\/?s={search_term_string}"},"query-input":{"@type":"PropertyValueSpecification","valueRequired":true,"valueName":"search_term_string"}}],"inLanguage":"ca"},{"@type":"Organization","@id":"https:\/\/psicoclinicabarcelona.com\/#organization","name":"Psicocl\u00ednica Barcelona","alternateName":"Psicocl\u00ednica Barcelona","url":"https:\/\/psicoclinicabarcelona.com\/","logo":{"@type":"ImageObject","inLanguage":"ca","@id":"https:\/\/psicoclinicabarcelona.com\/#\/schema\/logo\/image\/","url":"https:\/\/psicoclinicabarcelona.com\/wp-content\/uploads\/2015\/04\/psicologos-barcelona.png","contentUrl":"https:\/\/psicoclinicabarcelona.com\/wp-content\/uploads\/2015\/04\/psicologos-barcelona.png","width":178,"height":62,"caption":"Psicocl\u00ednica Barcelona"},"image":{"@id":"https:\/\/psicoclinicabarcelona.com\/#\/schema\/logo\/image\/"},"sameAs":["https:\/\/www.facebook.com\/PsicoclinicaBarcelona\/","https:\/\/x.com\/psicoclinicabcn","https:\/\/www.linkedin.com\/company\/psicocl\u00ednica-barcelona\/","https:\/\/www.instagram.com\/psicoclinicabarcelona\/","https:\/\/www.youtube.com\/channel\/UCcc-5_wC56giASuT0XDr87Q"]}]}},"_links":{"self":[{"href":"https:\/\/psicoclinicabarcelona.com\/ca\/wp-json\/wp\/v2\/pages\/6237"}],"collection":[{"href":"https:\/\/psicoclinicabarcelona.com\/ca\/wp-json\/wp\/v2\/pages"}],"about":[{"href":"https:\/\/psicoclinicabarcelona.com\/ca\/wp-json\/wp\/v2\/types\/page"}],"author":[{"embeddable":true,"href":"https:\/\/psicoclinicabarcelona.com\/ca\/wp-json\/wp\/v2\/users\/5"}],"replies":[{"embeddable":true,"href":"https:\/\/psicoclinicabarcelona.com\/ca\/wp-json\/wp\/v2\/comments?post=6237"}],"version-history":[{"count":3,"href":"https:\/\/psicoclinicabarcelona.com\/ca\/wp-json\/wp\/v2\/pages\/6237\/revisions"}],"predecessor-version":[{"id":6243,"href":"https:\/\/psicoclinicabarcelona.com\/ca\/wp-json\/wp\/v2\/pages\/6237\/revisions\/6243"}],"wp:attachment":[{"href":"https:\/\/psicoclinicabarcelona.com\/ca\/wp-json\/wp\/v2\/media?parent=6237"}],"curies":[{"name":"wp","href":"https:\/\/api.w.org\/{rel}","templated":true}]}}