{"id":6254,"date":"2017-02-10T07:59:25","date_gmt":"2017-02-10T07:59:25","guid":{"rendered":"https:\/\/psicoclinicabarcelona.com\/psicoanalistas-barcelona\/"},"modified":"2023-05-02T13:05:21","modified_gmt":"2023-05-02T11:05:21","slug":"psicoanalistes-barcelona","status":"publish","type":"page","link":"https:\/\/psicoclinicabarcelona.com\/ca\/psicoanalistes-barcelona\/","title":{"rendered":"Psicoanalista a Barcelona"},"content":{"rendered":"[vc_row][vc_column width=&#8221;1\/2&#8243;][vc_column_text]La\u00a0<b>psicoan\u00e0lisi no \u00e9s una pr\u00e0ctica terap\u00e8utica qualsevol, es diferencia de les altres tant en el fons com en la forma. <\/b>El\u00a0<b>psicoan\u00e0lisi<\/b>\u00a0\u00e9s el pare de totes aquelles psicoter\u00e0pies que es basen en l&#8217;\u00fas de la paraula per tractar els s\u00edmptomes dels seus pacients.<\/p>\n<h3>Con\u00e8ixer-se un mateix<\/h3>\n<p>La\u00a0<b>psicoan\u00e0lisi<\/b>\u00a0no \u00e9s una psicoter\u00e0pia. \u00c9s una pr\u00e0ctica efica\u00e7 per con\u00e8ixer-se un mateix i saber m\u00e9s sobre el propi malestar. Un m\u00e8tode que respecta la singularitat de cada persona i que sempre ofereix un tractament individualitzat adaptat a les particularitats de cada cas.<\/p>\n<h2><span style=\"color: #008aad;\">En qu\u00e8 consisteix la psicoan\u00e0lisi?<\/span><\/h2>\n<p>Sovint s&#8217;ha qualificat la <b>psicoan\u00e0lisi<\/b>\u00a0com una psicoter\u00e0pia\u00a0<i>\u201cprofunda\u201d.<\/i> Un qualificatiu que t\u00e9 a veure amb el fet que per a la\u00a0<b>psicoan\u00e0lisi<\/b>, els s\u00edmptomes que ens fan patir tenen a veure amb aspectes fixats a l&#8217;inconscient.[\/vc_column_text][\/vc_column][vc_column width=&#8221;1\/2&#8243;][vc_column_text]<img decoding=\"async\" class=\"aligncenter wp-image-5632 size-full\" src=\"https:\/\/psicoclinicabarcelona.com\/wp-content\/uploads\/2022\/07\/undraw_Blooming_re_2kc4-1.webp\" alt=\"psicoanalista en barcelona\" width=\"838\" height=\"741\" srcset=\"https:\/\/psicoclinicabarcelona.com\/wp-content\/uploads\/2022\/07\/undraw_Blooming_re_2kc4-1.webp 838w, https:\/\/psicoclinicabarcelona.com\/wp-content\/uploads\/2022\/07\/undraw_Blooming_re_2kc4-1-300x265.webp 300w, https:\/\/psicoclinicabarcelona.com\/wp-content\/uploads\/2022\/07\/undraw_Blooming_re_2kc4-1-768x679.webp 768w, https:\/\/psicoclinicabarcelona.com\/wp-content\/uploads\/2022\/07\/undraw_Blooming_re_2kc4-1-600x531.webp 600w\" sizes=\"(max-width: 838px) 100vw, 838px\" \/>[\/vc_column_text][\/vc_column][\/vc_row][vc_row full_width=&#8221;stretch_row&#8221; css=&#8221;.vc_custom_1658143493225{padding-top: 30px !important;background-color: #f8fdff !important;}&#8221;][vc_column][vc_column_text]\n<h2 align=\"justify\">Per a qu\u00e8 serveix la psicoan\u00e0lisi?<\/h2>\n<p align=\"justify\">El nostre pas per la inf\u00e0ncia, l&#8217;adolesc\u00e8ncia, la relaci\u00f3 amb els pares, els germans, les amistats, l&#8217;etapa escolar, les nostres primeres relacions amoroses, sexuals\u2026 s\u00f3n experi\u00e8ncies que ens han marcat d&#8217;alguna manera i que ens han ajudat a construir la nostra subjectivitat. Per\u00f2 la Psicoan\u00e0lisi no nom\u00e9s treballa sobre les experi\u00e8ncies passades, sin\u00f3 que tracta els s\u00edmptomes presents i l&#8217;angoixa per l&#8217;angoixa per la incertesa del futur.<\/p>\n<h2 align=\"justify\">Cl\u00ednica de psicoan\u00e0lisi Barcelona<\/h2>\n<p align=\"justify\">Moltes persones que decideixen iniciar un tractament psicoanal\u00edtic a Barcelona, no han d&#8217;esperar gaire per comprovar l&#8217;efic\u00e0cia de la ter\u00e0pia. Des de les primeres sessions, un pot descobrir coses de si mateix que desconeixia, aix\u00ed com trobar un alleujament important del malestar simptom\u00e0tic.<\/p>\n<h3 align=\"justify\">Millora l&#8217;autoestima<\/h3>\n<p align=\"justify\">Moltes persones actualment se segueixen beneficiant de la psicoan\u00e0lisi. Algunes han passat pr\u00e8viament, i sense \u00e8xit, per m\u00faltiples tractaments, fins que troben en la psicoan\u00e0lisi una altra manera de tractar el seu malestar. Descobreixen<\/p>\n<p align=\"justify\">Els analistes que col\u00b7laboren a Psicocl\u00ednica Barcelona i que s&#8217;orienten a partir dels ensenyaments de Jacques Lacan, compten amb \u00e0mplia experi\u00e8ncia cl\u00ednica i amb una rigorosa formaci\u00f3 a les millors institucions psicoanal\u00edtiques: Escola Psicoanal\u00edtica dels F\u00f2rums del Camp Lacaniano, Escola Lacaniana de Psicoan\u00e0lisi\u2026 i pertanyen com a membres a Institucions com la Federaci\u00f3 de F\u00f2rums del Camp Lacani\u00e0 o l&#8217;Associaci\u00f3 Mundial de Psicoan\u00e0lisi. I tots segueixen en formaci\u00f3 continuada, participant en activitats, jornades, congressos i formant part activa dels col\u00b7legis cl\u00ednics d&#8217;ACCEP o el Camp Freudi\u00e0.<\/p>\n[\/vc_column_text][\/vc_column][\/vc_row][vc_row css=&#8221;.vc_custom_1658071592160{margin-top: 30px !important;}&#8221;][vc_column][vc_column_text]\n<h2 style=\"color: #008aad;\">Vol demanar cita?<\/h2>\n<p>Us informem que tamb\u00e9 podeu fer consultes des del nostre lloc web. Si ho desitja, tamb\u00e9 pot sol\u00b7licitar una consulta online. Podeu sol\u00b7licitar la vostra cita ara, ser\u00e0 at\u00e8s personalment per un psic\u00f2leg o psic\u00f2loga Barcelona des de la primera trucada. En aquesta primera trucada us informarem del que necessiteu saber i si ho desitgeu us oferirem una cita el m\u00e9s aviat possible.[\/vc_column_text][\/vc_column][\/vc_row][vc_row css=&#8221;.vc_custom_1658069749947{margin-top: 40px !important;margin-bottom: 30px !important;}&#8221;][vc_column width=&#8221;1\/2&#8243;][vc_column_text el_class=&#8221;sombra&#8221;]<a href=\"\/mila-herrera\/\"><img decoding=\"async\" class=\"aligncenter wp-image-5589 size-full\" src=\"https:\/\/psicoclinicabarcelona.com\/wp-content\/uploads\/2022\/07\/mila-ficha.webp\" alt=\"fiche mila\" width=\"1400\" height=\"500\" srcset=\"https:\/\/psicoclinicabarcelona.com\/wp-content\/uploads\/2022\/07\/mila-ficha.webp 1400w, https:\/\/psicoclinicabarcelona.com\/wp-content\/uploads\/2022\/07\/mila-ficha-300x107.webp 300w, https:\/\/psicoclinicabarcelona.com\/wp-content\/uploads\/2022\/07\/mila-ficha-1024x366.webp 1024w, https:\/\/psicoclinicabarcelona.com\/wp-content\/uploads\/2022\/07\/mila-ficha-768x274.webp 768w, https:\/\/psicoclinicabarcelona.com\/wp-content\/uploads\/2022\/07\/mila-ficha-600x214.webp 600w\" sizes=\"(max-width: 1400px) 100vw, 1400px\" \/><\/a>[\/vc_column_text][\/vc_column][vc_column width=&#8221;1\/2&#8243;][vc_column_text el_class=&#8221;sombra&#8221;]<a href=\"\/sergi-vilardell\/\"><img decoding=\"async\" class=\"aligncenter wp-image-5592 size-full\" src=\"https:\/\/psicoclinicabarcelona.com\/wp-content\/uploads\/2022\/07\/ficha-Sergi.webp\" alt=\"ficha Sergi\" width=\"1400\" height=\"500\" srcset=\"https:\/\/psicoclinicabarcelona.com\/wp-content\/uploads\/2022\/07\/ficha-Sergi.webp 1400w, https:\/\/psicoclinicabarcelona.com\/wp-content\/uploads\/2022\/07\/ficha-Sergi-300x107.webp 300w, https:\/\/psicoclinicabarcelona.com\/wp-content\/uploads\/2022\/07\/ficha-Sergi-1024x366.webp 1024w, https:\/\/psicoclinicabarcelona.com\/wp-content\/uploads\/2022\/07\/ficha-Sergi-768x274.webp 768w, https:\/\/psicoclinicabarcelona.com\/wp-content\/uploads\/2022\/07\/ficha-Sergi-600x214.webp 600w\" sizes=\"(max-width: 1400px) 100vw, 1400px\" \/><\/a>[\/vc_column_text][\/vc_column][\/vc_row]\n","protected":false},"excerpt":{"rendered":"<p>[vc_row][vc_column width=&#8221;1\/2&#8243;][vc_column_text]La\u00a0psicoan\u00e0lisi no \u00e9s una pr\u00e0ctica terap\u00e8utica qualsevol, es diferencia de les altres tant en el fons com en la forma. El\u00a0psicoan\u00e0lisi\u00a0\u00e9s el pare de totes aquelles psicoter\u00e0pies que es basen en l&#8217;\u00fas de la paraula per tractar els s\u00edmptomes dels seus pacients. Con\u00e8ixer-se un mateix La\u00a0psicoan\u00e0lisi\u00a0no \u00e9s una psicoter\u00e0pia. \u00c9s una pr\u00e0ctica efica\u00e7 per&hellip;<\/p>\n","protected":false},"author":5,"featured_media":0,"parent":0,"menu_order":0,"comment_status":"closed","ping_status":"closed","template":"","meta":{"footnotes":""},"class_list":["post-6254","page","type-page","status-publish","hentry","entry","no-media"],"yoast_head":"<!-- This site is optimized with the Yoast SEO plugin v24.6 - https:\/\/yoast.com\/wordpress\/plugins\/seo\/ -->\n<title>Psicoanalisi Barcelona. Psicoanalista Barcelona<\/title>\n<meta name=\"description\" content=\"PSICOCL\u00cdNICA BARCELONA. An\u00e0lisi i tractament del malestar ps\u00edquic mitjan\u00e7ant la psicoan\u00e0lisi amb adults, adolescents i nens\" \/>\n<meta name=\"robots\" content=\"index, follow, max-snippet:-1, max-image-preview:large, max-video-preview:-1\" \/>\n<link rel=\"canonical\" href=\"https:\/\/psicoclinicabarcelona.com\/ca\/psicoanalistes-barcelona\/\" \/>\n<meta property=\"og:locale\" content=\"ca_ES\" \/>\n<meta property=\"og:type\" content=\"article\" \/>\n<meta property=\"og:title\" content=\"Psicoanalisi Barcelona. Psicoanalista Barcelona\" \/>\n<meta property=\"og:description\" content=\"PSICOCL\u00cdNICA BARCELONA. An\u00e0lisi i tractament del malestar ps\u00edquic mitjan\u00e7ant la psicoan\u00e0lisi amb adults, adolescents i nens\" \/>\n<meta property=\"og:url\" content=\"https:\/\/psicoclinicabarcelona.com\/ca\/psicoanalistes-barcelona\/\" \/>\n<meta property=\"og:site_name\" content=\"Psicocl\u00ednica Barcelona\" \/>\n<meta property=\"article:publisher\" content=\"https:\/\/www.facebook.com\/PsicoclinicaBarcelona\/\" \/>\n<meta property=\"article:modified_time\" content=\"2023-05-02T11:05:21+00:00\" \/>\n<meta property=\"og:image\" content=\"https:\/\/psicoclinicabarcelona.com\/wp-content\/uploads\/2022\/07\/undraw_Blooming_re_2kc4-1.webp\" \/>\n<meta name=\"twitter:label1\" content=\"Temps estimat de lectura\" \/>\n\t<meta name=\"twitter:data1\" content=\"3 minuts\" \/>\n<script type=\"application\/ld+json\" class=\"yoast-schema-graph\">{\"@context\":\"https:\/\/schema.org\",\"@graph\":[{\"@type\":\"WebPage\",\"@id\":\"https:\/\/psicoclinicabarcelona.com\/ca\/psicoanalistes-barcelona\/\",\"url\":\"https:\/\/psicoclinicabarcelona.com\/ca\/psicoanalistes-barcelona\/\",\"name\":\"Psicoanalisi Barcelona. Psicoanalista Barcelona\",\"isPartOf\":{\"@id\":\"https:\/\/psicoclinicabarcelona.com\/#website\"},\"primaryImageOfPage\":{\"@id\":\"https:\/\/psicoclinicabarcelona.com\/ca\/psicoanalistes-barcelona\/#primaryimage\"},\"image\":{\"@id\":\"https:\/\/psicoclinicabarcelona.com\/ca\/psicoanalistes-barcelona\/#primaryimage\"},\"thumbnailUrl\":\"https:\/\/psicoclinicabarcelona.com\/wp-content\/uploads\/2022\/07\/undraw_Blooming_re_2kc4-1.webp\",\"datePublished\":\"2017-02-10T07:59:25+00:00\",\"dateModified\":\"2023-05-02T11:05:21+00:00\",\"description\":\"PSICOCL\u00cdNICA BARCELONA. An\u00e0lisi i tractament del malestar ps\u00edquic mitjan\u00e7ant la psicoan\u00e0lisi amb adults, adolescents i nens\",\"breadcrumb\":{\"@id\":\"https:\/\/psicoclinicabarcelona.com\/ca\/psicoanalistes-barcelona\/#breadcrumb\"},\"inLanguage\":\"ca\",\"potentialAction\":[{\"@type\":\"ReadAction\",\"target\":[\"https:\/\/psicoclinicabarcelona.com\/ca\/psicoanalistes-barcelona\/\"]}]},{\"@type\":\"ImageObject\",\"inLanguage\":\"ca\",\"@id\":\"https:\/\/psicoclinicabarcelona.com\/ca\/psicoanalistes-barcelona\/#primaryimage\",\"url\":\"https:\/\/psicoclinicabarcelona.com\/wp-content\/uploads\/2022\/07\/undraw_Blooming_re_2kc4-1.webp\",\"contentUrl\":\"https:\/\/psicoclinicabarcelona.com\/wp-content\/uploads\/2022\/07\/undraw_Blooming_re_2kc4-1.webp\"},{\"@type\":\"BreadcrumbList\",\"@id\":\"https:\/\/psicoclinicabarcelona.com\/ca\/psicoanalistes-barcelona\/#breadcrumb\",\"itemListElement\":[{\"@type\":\"ListItem\",\"position\":1,\"name\":\"Portada\",\"item\":\"https:\/\/psicoclinicabarcelona.com\/ca\/\"},{\"@type\":\"ListItem\",\"position\":2,\"name\":\"Psicoanalista a Barcelona\"}]},{\"@type\":\"WebSite\",\"@id\":\"https:\/\/psicoclinicabarcelona.com\/#website\",\"url\":\"https:\/\/psicoclinicabarcelona.com\/\",\"name\":\"Psicocl\u00ednica Barcelona\",\"description\":\"Posiblemente el mejor psic\u00f3logo en Barcelona o la mejor psic\u00f3loga de Barcelona. Ll\u00e1manos sin compromiso al 935 414 478\",\"publisher\":{\"@id\":\"https:\/\/psicoclinicabarcelona.com\/#organization\"},\"alternateName\":\"Psicocl\u00ednica Barcelona\",\"potentialAction\":[{\"@type\":\"SearchAction\",\"target\":{\"@type\":\"EntryPoint\",\"urlTemplate\":\"https:\/\/psicoclinicabarcelona.com\/?s={search_term_string}\"},\"query-input\":{\"@type\":\"PropertyValueSpecification\",\"valueRequired\":true,\"valueName\":\"search_term_string\"}}],\"inLanguage\":\"ca\"},{\"@type\":\"Organization\",\"@id\":\"https:\/\/psicoclinicabarcelona.com\/#organization\",\"name\":\"Psicocl\u00ednica Barcelona\",\"alternateName\":\"Psicocl\u00ednica Barcelona\",\"url\":\"https:\/\/psicoclinicabarcelona.com\/\",\"logo\":{\"@type\":\"ImageObject\",\"inLanguage\":\"ca\",\"@id\":\"https:\/\/psicoclinicabarcelona.com\/#\/schema\/logo\/image\/\",\"url\":\"https:\/\/psicoclinicabarcelona.com\/wp-content\/uploads\/2015\/04\/psicologos-barcelona.png\",\"contentUrl\":\"https:\/\/psicoclinicabarcelona.com\/wp-content\/uploads\/2015\/04\/psicologos-barcelona.png\",\"width\":178,\"height\":62,\"caption\":\"Psicocl\u00ednica Barcelona\"},\"image\":{\"@id\":\"https:\/\/psicoclinicabarcelona.com\/#\/schema\/logo\/image\/\"},\"sameAs\":[\"https:\/\/www.facebook.com\/PsicoclinicaBarcelona\/\",\"https:\/\/x.com\/psicoclinicabcn\",\"https:\/\/www.linkedin.com\/company\/psicocl\u00ednica-barcelona\/\",\"https:\/\/www.instagram.com\/psicoclinicabarcelona\/\",\"https:\/\/www.youtube.com\/channel\/UCcc-5_wC56giASuT0XDr87Q\"]}]}<\/script>\n<!-- \/ Yoast SEO plugin. -->","yoast_head_json":{"title":"Psicoanalisi Barcelona. Psicoanalista Barcelona","description":"PSICOCL\u00cdNICA BARCELONA. An\u00e0lisi i tractament del malestar ps\u00edquic mitjan\u00e7ant la psicoan\u00e0lisi amb adults, adolescents i nens","robots":{"index":"index","follow":"follow","max-snippet":"max-snippet:-1","max-image-preview":"max-image-preview:large","max-video-preview":"max-video-preview:-1"},"canonical":"https:\/\/psicoclinicabarcelona.com\/ca\/psicoanalistes-barcelona\/","og_locale":"ca_ES","og_type":"article","og_title":"Psicoanalisi Barcelona. Psicoanalista Barcelona","og_description":"PSICOCL\u00cdNICA BARCELONA. An\u00e0lisi i tractament del malestar ps\u00edquic mitjan\u00e7ant la psicoan\u00e0lisi amb adults, adolescents i nens","og_url":"https:\/\/psicoclinicabarcelona.com\/ca\/psicoanalistes-barcelona\/","og_site_name":"Psicocl\u00ednica Barcelona","article_publisher":"https:\/\/www.facebook.com\/PsicoclinicaBarcelona\/","article_modified_time":"2023-05-02T11:05:21+00:00","og_image":[{"url":"https:\/\/psicoclinicabarcelona.com\/wp-content\/uploads\/2022\/07\/undraw_Blooming_re_2kc4-1.webp","type":"","width":"","height":""}],"twitter_misc":{"Temps estimat de lectura":"3 minuts"},"schema":{"@context":"https:\/\/schema.org","@graph":[{"@type":"WebPage","@id":"https:\/\/psicoclinicabarcelona.com\/ca\/psicoanalistes-barcelona\/","url":"https:\/\/psicoclinicabarcelona.com\/ca\/psicoanalistes-barcelona\/","name":"Psicoanalisi Barcelona. Psicoanalista Barcelona","isPartOf":{"@id":"https:\/\/psicoclinicabarcelona.com\/#website"},"primaryImageOfPage":{"@id":"https:\/\/psicoclinicabarcelona.com\/ca\/psicoanalistes-barcelona\/#primaryimage"},"image":{"@id":"https:\/\/psicoclinicabarcelona.com\/ca\/psicoanalistes-barcelona\/#primaryimage"},"thumbnailUrl":"https:\/\/psicoclinicabarcelona.com\/wp-content\/uploads\/2022\/07\/undraw_Blooming_re_2kc4-1.webp","datePublished":"2017-02-10T07:59:25+00:00","dateModified":"2023-05-02T11:05:21+00:00","description":"PSICOCL\u00cdNICA BARCELONA. An\u00e0lisi i tractament del malestar ps\u00edquic mitjan\u00e7ant la psicoan\u00e0lisi amb adults, adolescents i nens","breadcrumb":{"@id":"https:\/\/psicoclinicabarcelona.com\/ca\/psicoanalistes-barcelona\/#breadcrumb"},"inLanguage":"ca","potentialAction":[{"@type":"ReadAction","target":["https:\/\/psicoclinicabarcelona.com\/ca\/psicoanalistes-barcelona\/"]}]},{"@type":"ImageObject","inLanguage":"ca","@id":"https:\/\/psicoclinicabarcelona.com\/ca\/psicoanalistes-barcelona\/#primaryimage","url":"https:\/\/psicoclinicabarcelona.com\/wp-content\/uploads\/2022\/07\/undraw_Blooming_re_2kc4-1.webp","contentUrl":"https:\/\/psicoclinicabarcelona.com\/wp-content\/uploads\/2022\/07\/undraw_Blooming_re_2kc4-1.webp"},{"@type":"BreadcrumbList","@id":"https:\/\/psicoclinicabarcelona.com\/ca\/psicoanalistes-barcelona\/#breadcrumb","itemListElement":[{"@type":"ListItem","position":1,"name":"Portada","item":"https:\/\/psicoclinicabarcelona.com\/ca\/"},{"@type":"ListItem","position":2,"name":"Psicoanalista a Barcelona"}]},{"@type":"WebSite","@id":"https:\/\/psicoclinicabarcelona.com\/#website","url":"https:\/\/psicoclinicabarcelona.com\/","name":"Psicocl\u00ednica Barcelona","description":"Posiblemente el mejor psic\u00f3logo en Barcelona o la mejor psic\u00f3loga de Barcelona. Ll\u00e1manos sin compromiso al 935 414 478","publisher":{"@id":"https:\/\/psicoclinicabarcelona.com\/#organization"},"alternateName":"Psicocl\u00ednica Barcelona","potentialAction":[{"@type":"SearchAction","target":{"@type":"EntryPoint","urlTemplate":"https:\/\/psicoclinicabarcelona.com\/?s={search_term_string}"},"query-input":{"@type":"PropertyValueSpecification","valueRequired":true,"valueName":"search_term_string"}}],"inLanguage":"ca"},{"@type":"Organization","@id":"https:\/\/psicoclinicabarcelona.com\/#organization","name":"Psicocl\u00ednica Barcelona","alternateName":"Psicocl\u00ednica Barcelona","url":"https:\/\/psicoclinicabarcelona.com\/","logo":{"@type":"ImageObject","inLanguage":"ca","@id":"https:\/\/psicoclinicabarcelona.com\/#\/schema\/logo\/image\/","url":"https:\/\/psicoclinicabarcelona.com\/wp-content\/uploads\/2015\/04\/psicologos-barcelona.png","contentUrl":"https:\/\/psicoclinicabarcelona.com\/wp-content\/uploads\/2015\/04\/psicologos-barcelona.png","width":178,"height":62,"caption":"Psicocl\u00ednica Barcelona"},"image":{"@id":"https:\/\/psicoclinicabarcelona.com\/#\/schema\/logo\/image\/"},"sameAs":["https:\/\/www.facebook.com\/PsicoclinicaBarcelona\/","https:\/\/x.com\/psicoclinicabcn","https:\/\/www.linkedin.com\/company\/psicocl\u00ednica-barcelona\/","https:\/\/www.instagram.com\/psicoclinicabarcelona\/","https:\/\/www.youtube.com\/channel\/UCcc-5_wC56giASuT0XDr87Q"]}]}},"_links":{"self":[{"href":"https:\/\/psicoclinicabarcelona.com\/ca\/wp-json\/wp\/v2\/pages\/6254"}],"collection":[{"href":"https:\/\/psicoclinicabarcelona.com\/ca\/wp-json\/wp\/v2\/pages"}],"about":[{"href":"https:\/\/psicoclinicabarcelona.com\/ca\/wp-json\/wp\/v2\/types\/page"}],"author":[{"embeddable":true,"href":"https:\/\/psicoclinicabarcelona.com\/ca\/wp-json\/wp\/v2\/users\/5"}],"replies":[{"embeddable":true,"href":"https:\/\/psicoclinicabarcelona.com\/ca\/wp-json\/wp\/v2\/comments?post=6254"}],"version-history":[{"count":4,"href":"https:\/\/psicoclinicabarcelona.com\/ca\/wp-json\/wp\/v2\/pages\/6254\/revisions"}],"predecessor-version":[{"id":6469,"href":"https:\/\/psicoclinicabarcelona.com\/ca\/wp-json\/wp\/v2\/pages\/6254\/revisions\/6469"}],"wp:attachment":[{"href":"https:\/\/psicoclinicabarcelona.com\/ca\/wp-json\/wp\/v2\/media?parent=6254"}],"curies":[{"name":"wp","href":"https:\/\/api.w.org\/{rel}","templated":true}]}}