{"id":6261,"date":"2016-06-28T11:46:44","date_gmt":"2016-06-28T11:46:44","guid":{"rendered":"https:\/\/psicoclinicabarcelona.com\/psicologo-para-docentes-asesores-psicopedagogicos-eaps-y-centros-educativos\/"},"modified":"2023-04-25T11:15:28","modified_gmt":"2023-04-25T09:15:28","slug":"psicoleg-per-a-docents-asesors-psicopedagogics-eaps-i-centres-educatius","status":"publish","type":"page","link":"https:\/\/psicoclinicabarcelona.com\/ca\/psicoleg-per-a-docents-asesors-psicopedagogics-eaps-i-centres-educatius\/","title":{"rendered":"Psic\u00f2leg per a docents, assessors psicopedag\u00f2gics (EAPs) i centres educatius."},"content":{"rendered":"<h3><strong>Assessorament i orientaci\u00f3<\/strong><\/h3>\n<p style=\"text-align: justify;\">Som coneixedors de les m\u00faltiples i variades realitats que es presenten avui en dia<br \/>\nles nostres aules i centres educatius. Avui m\u00e9s que mai se&#8217;ns exigeixen r\u00e0pides i efectives<br \/>\nrespostes a molts nivells amb un alt grau d&#8217;implicaci\u00f3 personal i per tant sol\u00b7l\u00edcites<img decoding=\"async\" class=\"alignright wp-image-2029 size-full\" src=\"https:\/\/psicoclinicabarcelona.com\/wp-content\/uploads\/2016\/06\/profesor-vector-2_11-37650-2.jpg\" alt=\"professor-vector-2_11-37650 2\" width=\"626\" height=\"477\" srcset=\"https:\/\/psicoclinicabarcelona.com\/wp-content\/uploads\/2016\/06\/profesor-vector-2_11-37650-2.jpg 626w, https:\/\/psicoclinicabarcelona.com\/wp-content\/uploads\/2016\/06\/profesor-vector-2_11-37650-2-300x229.jpg 300w, https:\/\/psicoclinicabarcelona.com\/wp-content\/uploads\/2016\/06\/profesor-vector-2_11-37650-2-180x138.jpg 180w\" sizes=\"(max-width: 626px) 100vw, 626px\" \/><br \/>\nde tota la nostra \u00e8tica professional.<\/p>\n<p style=\"text-align: justify;\">Conscients de la dificultat de la tasca educativa avui dia i de les exig\u00e8ncies de<br \/>\nassessorament psicopedag\u00f2gic a nivells tan diferents, des de Psicocl\u00ednica Barcelona, li<br \/>\noferim la possibilitat de realitzar un treball reflexiu sobre la seva pr\u00e0ctica educativa di\u00e0ria,<br \/>\ntant si \u00e9s directa amb l&#8217;alumne i les seves circumst\u00e0ncies o indirecta en el cas que vost\u00e8<br \/>\ntreballi amb docents i equips educatius com a assessor educatiu.<\/p>\n<p style=\"text-align: justify;\">La nostra llarga traject\u00f2ria en institucions p\u00fabliques i privades, aix\u00ed com en Serveis<br \/>\nEducatius Espec\u00edfics del Consorci de Barcelona, i del Departament d\u2019Ensenyament de la<br \/>\nGeneralitat de Catalunya, ens avala i ens capacita per fer un complex treball<br \/>\npersonal per a tots aquells professionals del m\u00f3n educatiu.<\/p>\n<p style=\"text-align: justify;\">Aquest dispositiu que us oferim est\u00e0 especialment indicat i dirigit a tots els<br \/>\ndocents per\u00f2 tamb\u00e9 a tota mena d&#8217;assessors psicoeducatius perqu\u00e8 puguin disposar<br \/>\nd&#8217;un espai individual de treball personal, de creixement i autoconeixement on<br \/>\npuguin aclarir i enfortir tant les seves aptituds i punts forts aix\u00ed com tamb\u00e9<br \/>\npuguin entreveure els seus l\u00edmits i actuar en conseq\u00fc\u00e8ncia.<\/p>\n<p style=\"text-align: justify;\">En definitiva: un espai psicoterap\u00e8utic i d&#8217;assessorament educatiu on treballar la<br \/>\nangoixa, els dubtes i incerteses aix\u00ed com les ansietats de cadasc\u00fa davant del gran<br \/>\nrepte que ens planteja avui dia l&#8217;\u00e0rdua tasca d&#8217;educar.<\/p>\n","protected":false},"excerpt":{"rendered":"<p>Assessorament i orientaci\u00f3 Som coneixedors de les m\u00faltiples i variades realitats que es presenten avui en dia les nostres aules i centres educatius. Avui m\u00e9s que mai se&#8217;ns exigeixen r\u00e0pides i efectives respostes a molts nivells amb un alt grau d&#8217;implicaci\u00f3 personal i per tant sol\u00b7l\u00edcites de tota la nostra \u00e8tica professional. Conscients de la&hellip;<\/p>\n","protected":false},"author":2,"featured_media":0,"parent":0,"menu_order":0,"comment_status":"closed","ping_status":"closed","template":"","meta":{"footnotes":""},"class_list":["post-6261","page","type-page","status-publish","hentry","entry","no-media"],"yoast_head":"<!-- This site is optimized with the Yoast SEO plugin v24.6 - https:\/\/yoast.com\/wordpress\/plugins\/seo\/ -->\n<title>Psicoleg per a docents, assessors psicopedag\u00f2gics (EAPs) i centres educatius.<\/title>\n<meta name=\"description\" content=\"Psic\u00f2leg per a docents, assessors psicopedag\u00f2gics (EAPs) i centres educatius. Truqui 640 067 146. Equip de psic\u00f2legs cl\u00ednics i psicoterapeutes a Barcelona amb \u00e0mplia experi\u00e8ncia\" \/>\n<meta name=\"robots\" content=\"index, follow, max-snippet:-1, max-image-preview:large, max-video-preview:-1\" \/>\n<link rel=\"canonical\" href=\"https:\/\/psicoclinicabarcelona.com\/ca\/psicoleg-per-a-docents-asesors-psicopedagogics-eaps-i-centres-educatius\/\" \/>\n<meta property=\"og:locale\" content=\"ca_ES\" \/>\n<meta property=\"og:type\" content=\"article\" \/>\n<meta property=\"og:title\" content=\"Psicoleg per a docents, assessors psicopedag\u00f2gics (EAPs) i centres educatius.\" \/>\n<meta property=\"og:description\" content=\"Psic\u00f2leg per a docents, assessors psicopedag\u00f2gics (EAPs) i centres educatius. Truqui 640 067 146. Equip de psic\u00f2legs cl\u00ednics i psicoterapeutes a Barcelona amb \u00e0mplia experi\u00e8ncia\" \/>\n<meta property=\"og:url\" content=\"https:\/\/psicoclinicabarcelona.com\/ca\/psicoleg-per-a-docents-asesors-psicopedagogics-eaps-i-centres-educatius\/\" \/>\n<meta property=\"og:site_name\" content=\"Psicocl\u00ednica Barcelona\" \/>\n<meta property=\"article:publisher\" content=\"https:\/\/www.facebook.com\/PsicoclinicaBarcelona\/\" \/>\n<meta property=\"article:modified_time\" content=\"2023-04-25T09:15:28+00:00\" \/>\n<meta property=\"og:image\" content=\"https:\/\/psicoclinicabarcelona.com\/wp-content\/uploads\/2016\/06\/profesor-vector-2_11-37650-2.jpg\" \/>\n<meta name=\"twitter:label1\" content=\"Temps estimat de lectura\" \/>\n\t<meta name=\"twitter:data1\" content=\"2 minuts\" \/>\n<script type=\"application\/ld+json\" class=\"yoast-schema-graph\">{\"@context\":\"https:\/\/schema.org\",\"@graph\":[{\"@type\":\"WebPage\",\"@id\":\"https:\/\/psicoclinicabarcelona.com\/ca\/psicoleg-per-a-docents-asesors-psicopedagogics-eaps-i-centres-educatius\/\",\"url\":\"https:\/\/psicoclinicabarcelona.com\/ca\/psicoleg-per-a-docents-asesors-psicopedagogics-eaps-i-centres-educatius\/\",\"name\":\"Psicoleg per a docents, assessors psicopedag\u00f2gics (EAPs) i centres educatius.\",\"isPartOf\":{\"@id\":\"https:\/\/psicoclinicabarcelona.com\/#website\"},\"primaryImageOfPage\":{\"@id\":\"https:\/\/psicoclinicabarcelona.com\/ca\/psicoleg-per-a-docents-asesors-psicopedagogics-eaps-i-centres-educatius\/#primaryimage\"},\"image\":{\"@id\":\"https:\/\/psicoclinicabarcelona.com\/ca\/psicoleg-per-a-docents-asesors-psicopedagogics-eaps-i-centres-educatius\/#primaryimage\"},\"thumbnailUrl\":\"https:\/\/psicoclinicabarcelona.com\/wp-content\/uploads\/2016\/06\/profesor-vector-2_11-37650-2.jpg\",\"datePublished\":\"2016-06-28T11:46:44+00:00\",\"dateModified\":\"2023-04-25T09:15:28+00:00\",\"description\":\"Psic\u00f2leg per a docents, assessors psicopedag\u00f2gics (EAPs) i centres educatius. Truqui 640 067 146. Equip de psic\u00f2legs cl\u00ednics i psicoterapeutes a Barcelona amb \u00e0mplia experi\u00e8ncia\",\"breadcrumb\":{\"@id\":\"https:\/\/psicoclinicabarcelona.com\/ca\/psicoleg-per-a-docents-asesors-psicopedagogics-eaps-i-centres-educatius\/#breadcrumb\"},\"inLanguage\":\"ca\",\"potentialAction\":[{\"@type\":\"ReadAction\",\"target\":[\"https:\/\/psicoclinicabarcelona.com\/ca\/psicoleg-per-a-docents-asesors-psicopedagogics-eaps-i-centres-educatius\/\"]}]},{\"@type\":\"ImageObject\",\"inLanguage\":\"ca\",\"@id\":\"https:\/\/psicoclinicabarcelona.com\/ca\/psicoleg-per-a-docents-asesors-psicopedagogics-eaps-i-centres-educatius\/#primaryimage\",\"url\":\"https:\/\/psicoclinicabarcelona.com\/wp-content\/uploads\/2016\/06\/profesor-vector-2_11-37650-2.jpg\",\"contentUrl\":\"https:\/\/psicoclinicabarcelona.com\/wp-content\/uploads\/2016\/06\/profesor-vector-2_11-37650-2.jpg\"},{\"@type\":\"BreadcrumbList\",\"@id\":\"https:\/\/psicoclinicabarcelona.com\/ca\/psicoleg-per-a-docents-asesors-psicopedagogics-eaps-i-centres-educatius\/#breadcrumb\",\"itemListElement\":[{\"@type\":\"ListItem\",\"position\":1,\"name\":\"Portada\",\"item\":\"https:\/\/psicoclinicabarcelona.com\/ca\/\"},{\"@type\":\"ListItem\",\"position\":2,\"name\":\"Psic\u00f2leg per a docents, assessors psicopedag\u00f2gics (EAPs) i centres educatius.\"}]},{\"@type\":\"WebSite\",\"@id\":\"https:\/\/psicoclinicabarcelona.com\/#website\",\"url\":\"https:\/\/psicoclinicabarcelona.com\/\",\"name\":\"Psicocl\u00ednica Barcelona\",\"description\":\"Posiblemente el mejor psic\u00f3logo en Barcelona o la mejor psic\u00f3loga de Barcelona. Ll\u00e1manos sin compromiso al 935 414 478\",\"publisher\":{\"@id\":\"https:\/\/psicoclinicabarcelona.com\/#organization\"},\"alternateName\":\"Psicocl\u00ednica Barcelona\",\"potentialAction\":[{\"@type\":\"SearchAction\",\"target\":{\"@type\":\"EntryPoint\",\"urlTemplate\":\"https:\/\/psicoclinicabarcelona.com\/?s={search_term_string}\"},\"query-input\":{\"@type\":\"PropertyValueSpecification\",\"valueRequired\":true,\"valueName\":\"search_term_string\"}}],\"inLanguage\":\"ca\"},{\"@type\":\"Organization\",\"@id\":\"https:\/\/psicoclinicabarcelona.com\/#organization\",\"name\":\"Psicocl\u00ednica Barcelona\",\"alternateName\":\"Psicocl\u00ednica Barcelona\",\"url\":\"https:\/\/psicoclinicabarcelona.com\/\",\"logo\":{\"@type\":\"ImageObject\",\"inLanguage\":\"ca\",\"@id\":\"https:\/\/psicoclinicabarcelona.com\/#\/schema\/logo\/image\/\",\"url\":\"https:\/\/psicoclinicabarcelona.com\/wp-content\/uploads\/2015\/04\/psicologos-barcelona.png\",\"contentUrl\":\"https:\/\/psicoclinicabarcelona.com\/wp-content\/uploads\/2015\/04\/psicologos-barcelona.png\",\"width\":178,\"height\":62,\"caption\":\"Psicocl\u00ednica Barcelona\"},\"image\":{\"@id\":\"https:\/\/psicoclinicabarcelona.com\/#\/schema\/logo\/image\/\"},\"sameAs\":[\"https:\/\/www.facebook.com\/PsicoclinicaBarcelona\/\",\"https:\/\/x.com\/psicoclinicabcn\",\"https:\/\/www.linkedin.com\/company\/psicocl\u00ednica-barcelona\/\",\"https:\/\/www.instagram.com\/psicoclinicabarcelona\/\",\"https:\/\/www.youtube.com\/channel\/UCcc-5_wC56giASuT0XDr87Q\"]}]}<\/script>\n<!-- \/ Yoast SEO plugin. -->","yoast_head_json":{"title":"Psicoleg per a docents, assessors psicopedag\u00f2gics (EAPs) i centres educatius.","description":"Psic\u00f2leg per a docents, assessors psicopedag\u00f2gics (EAPs) i centres educatius. Truqui 640 067 146. Equip de psic\u00f2legs cl\u00ednics i psicoterapeutes a Barcelona amb \u00e0mplia experi\u00e8ncia","robots":{"index":"index","follow":"follow","max-snippet":"max-snippet:-1","max-image-preview":"max-image-preview:large","max-video-preview":"max-video-preview:-1"},"canonical":"https:\/\/psicoclinicabarcelona.com\/ca\/psicoleg-per-a-docents-asesors-psicopedagogics-eaps-i-centres-educatius\/","og_locale":"ca_ES","og_type":"article","og_title":"Psicoleg per a docents, assessors psicopedag\u00f2gics (EAPs) i centres educatius.","og_description":"Psic\u00f2leg per a docents, assessors psicopedag\u00f2gics (EAPs) i centres educatius. Truqui 640 067 146. Equip de psic\u00f2legs cl\u00ednics i psicoterapeutes a Barcelona amb \u00e0mplia experi\u00e8ncia","og_url":"https:\/\/psicoclinicabarcelona.com\/ca\/psicoleg-per-a-docents-asesors-psicopedagogics-eaps-i-centres-educatius\/","og_site_name":"Psicocl\u00ednica Barcelona","article_publisher":"https:\/\/www.facebook.com\/PsicoclinicaBarcelona\/","article_modified_time":"2023-04-25T09:15:28+00:00","og_image":[{"url":"https:\/\/psicoclinicabarcelona.com\/wp-content\/uploads\/2016\/06\/profesor-vector-2_11-37650-2.jpg","type":"","width":"","height":""}],"twitter_misc":{"Temps estimat de lectura":"2 minuts"},"schema":{"@context":"https:\/\/schema.org","@graph":[{"@type":"WebPage","@id":"https:\/\/psicoclinicabarcelona.com\/ca\/psicoleg-per-a-docents-asesors-psicopedagogics-eaps-i-centres-educatius\/","url":"https:\/\/psicoclinicabarcelona.com\/ca\/psicoleg-per-a-docents-asesors-psicopedagogics-eaps-i-centres-educatius\/","name":"Psicoleg per a docents, assessors psicopedag\u00f2gics (EAPs) i centres educatius.","isPartOf":{"@id":"https:\/\/psicoclinicabarcelona.com\/#website"},"primaryImageOfPage":{"@id":"https:\/\/psicoclinicabarcelona.com\/ca\/psicoleg-per-a-docents-asesors-psicopedagogics-eaps-i-centres-educatius\/#primaryimage"},"image":{"@id":"https:\/\/psicoclinicabarcelona.com\/ca\/psicoleg-per-a-docents-asesors-psicopedagogics-eaps-i-centres-educatius\/#primaryimage"},"thumbnailUrl":"https:\/\/psicoclinicabarcelona.com\/wp-content\/uploads\/2016\/06\/profesor-vector-2_11-37650-2.jpg","datePublished":"2016-06-28T11:46:44+00:00","dateModified":"2023-04-25T09:15:28+00:00","description":"Psic\u00f2leg per a docents, assessors psicopedag\u00f2gics (EAPs) i centres educatius. Truqui 640 067 146. Equip de psic\u00f2legs cl\u00ednics i psicoterapeutes a Barcelona amb \u00e0mplia experi\u00e8ncia","breadcrumb":{"@id":"https:\/\/psicoclinicabarcelona.com\/ca\/psicoleg-per-a-docents-asesors-psicopedagogics-eaps-i-centres-educatius\/#breadcrumb"},"inLanguage":"ca","potentialAction":[{"@type":"ReadAction","target":["https:\/\/psicoclinicabarcelona.com\/ca\/psicoleg-per-a-docents-asesors-psicopedagogics-eaps-i-centres-educatius\/"]}]},{"@type":"ImageObject","inLanguage":"ca","@id":"https:\/\/psicoclinicabarcelona.com\/ca\/psicoleg-per-a-docents-asesors-psicopedagogics-eaps-i-centres-educatius\/#primaryimage","url":"https:\/\/psicoclinicabarcelona.com\/wp-content\/uploads\/2016\/06\/profesor-vector-2_11-37650-2.jpg","contentUrl":"https:\/\/psicoclinicabarcelona.com\/wp-content\/uploads\/2016\/06\/profesor-vector-2_11-37650-2.jpg"},{"@type":"BreadcrumbList","@id":"https:\/\/psicoclinicabarcelona.com\/ca\/psicoleg-per-a-docents-asesors-psicopedagogics-eaps-i-centres-educatius\/#breadcrumb","itemListElement":[{"@type":"ListItem","position":1,"name":"Portada","item":"https:\/\/psicoclinicabarcelona.com\/ca\/"},{"@type":"ListItem","position":2,"name":"Psic\u00f2leg per a docents, assessors psicopedag\u00f2gics (EAPs) i centres educatius."}]},{"@type":"WebSite","@id":"https:\/\/psicoclinicabarcelona.com\/#website","url":"https:\/\/psicoclinicabarcelona.com\/","name":"Psicocl\u00ednica Barcelona","description":"Posiblemente el mejor psic\u00f3logo en Barcelona o la mejor psic\u00f3loga de Barcelona. Ll\u00e1manos sin compromiso al 935 414 478","publisher":{"@id":"https:\/\/psicoclinicabarcelona.com\/#organization"},"alternateName":"Psicocl\u00ednica Barcelona","potentialAction":[{"@type":"SearchAction","target":{"@type":"EntryPoint","urlTemplate":"https:\/\/psicoclinicabarcelona.com\/?s={search_term_string}"},"query-input":{"@type":"PropertyValueSpecification","valueRequired":true,"valueName":"search_term_string"}}],"inLanguage":"ca"},{"@type":"Organization","@id":"https:\/\/psicoclinicabarcelona.com\/#organization","name":"Psicocl\u00ednica Barcelona","alternateName":"Psicocl\u00ednica Barcelona","url":"https:\/\/psicoclinicabarcelona.com\/","logo":{"@type":"ImageObject","inLanguage":"ca","@id":"https:\/\/psicoclinicabarcelona.com\/#\/schema\/logo\/image\/","url":"https:\/\/psicoclinicabarcelona.com\/wp-content\/uploads\/2015\/04\/psicologos-barcelona.png","contentUrl":"https:\/\/psicoclinicabarcelona.com\/wp-content\/uploads\/2015\/04\/psicologos-barcelona.png","width":178,"height":62,"caption":"Psicocl\u00ednica Barcelona"},"image":{"@id":"https:\/\/psicoclinicabarcelona.com\/#\/schema\/logo\/image\/"},"sameAs":["https:\/\/www.facebook.com\/PsicoclinicaBarcelona\/","https:\/\/x.com\/psicoclinicabcn","https:\/\/www.linkedin.com\/company\/psicocl\u00ednica-barcelona\/","https:\/\/www.instagram.com\/psicoclinicabarcelona\/","https:\/\/www.youtube.com\/channel\/UCcc-5_wC56giASuT0XDr87Q"]}]}},"_links":{"self":[{"href":"https:\/\/psicoclinicabarcelona.com\/ca\/wp-json\/wp\/v2\/pages\/6261"}],"collection":[{"href":"https:\/\/psicoclinicabarcelona.com\/ca\/wp-json\/wp\/v2\/pages"}],"about":[{"href":"https:\/\/psicoclinicabarcelona.com\/ca\/wp-json\/wp\/v2\/types\/page"}],"author":[{"embeddable":true,"href":"https:\/\/psicoclinicabarcelona.com\/ca\/wp-json\/wp\/v2\/users\/2"}],"replies":[{"embeddable":true,"href":"https:\/\/psicoclinicabarcelona.com\/ca\/wp-json\/wp\/v2\/comments?post=6261"}],"version-history":[{"count":3,"href":"https:\/\/psicoclinicabarcelona.com\/ca\/wp-json\/wp\/v2\/pages\/6261\/revisions"}],"predecessor-version":[{"id":6264,"href":"https:\/\/psicoclinicabarcelona.com\/ca\/wp-json\/wp\/v2\/pages\/6261\/revisions\/6264"}],"wp:attachment":[{"href":"https:\/\/psicoclinicabarcelona.com\/ca\/wp-json\/wp\/v2\/media?parent=6261"}],"curies":[{"name":"wp","href":"https:\/\/api.w.org\/{rel}","templated":true}]}}