{"id":6266,"date":"2015-08-30T14:53:11","date_gmt":"2015-08-30T14:53:11","guid":{"rendered":"https:\/\/psicoclinicabarcelona.com\/trastornos-psicoticos\/"},"modified":"2023-04-27T12:02:10","modified_gmt":"2023-04-27T10:02:10","slug":"trastorns-psicotics","status":"publish","type":"page","link":"https:\/\/psicoclinicabarcelona.com\/ca\/trastorns-psicotics\/","title":{"rendered":"Trastorns psic\u00f2tics"},"content":{"rendered":"<p>La <strong>psiquiatria <\/strong>classifica diversos <strong>tipus de trastorns<\/strong> sota el que podr\u00edem anomenar l&#8217;espectre de les psicosis. Aquestes categories diagn\u00f2stiques s&#8217;estableixen <strong>sota el criteri dels s\u00edmptomes que presenta el pacient<\/strong>. Alguns trastorns presenten subcategories en funci\u00f3 de s\u00edmptomes encara m\u00e9s espec\u00edfics. Els trastorns psic\u00f2tics m\u00e9s habituals s\u00f3n els seg\u00fcents:<\/p>\n<ol>\n<li>Esquizofr\u00e8nia<\/li>\n<li>Trastorn esquizofreniforme<\/li>\n<li>Trastorn esquizoafectiu<\/li>\n<li>Trastorn delirant<\/li>\n<li>Trastorn psic\u00f2tic indu\u00eft per subst\u00e0ncies<\/li>\n<\/ol>\n<p>Els pacients amb un trastorn psic\u00f2tic poden compaginar el tractament farmacol\u00f2gic dels seus s\u00edmptomes amb un abordatge psicoterap\u00e8utic que els permeti trobar un lloc al m\u00f3n. Aquests diagn\u00f2stics, dentrada v\u00e9nen associats a s\u00edmptomes de certa gravetat que solen ser tractats a nivell medicament\u00f3s. De fet, moltes vegades <strong>l&#8217;\u00fanica manera de poder tractar psicol\u00f2gicament un pacient amb trastorn psic\u00f2tic<\/strong> \u00e9s despr\u00e9s d&#8217;haver estat estabilitzat farmacol\u00f2gicament. Quan el pacient est\u00e0 estable, aleshores diem que \u00e9s possible un tractament a trav\u00e9s de la paraula.<\/p>\n<p>Moltes vegades la demanda de tractament ve per part d&#8217;algun familiar, que intenta trobar una sortida a un problema que el desborda, altres vegades \u00e9s el mateix pacient qui va a buscar tractament despr\u00e9s de prendre consci\u00e8ncia de la seva situaci\u00f3.<\/p>\n<h3>La psicoter\u00e0pia serveix per al pacient amb un trastorn psic\u00f2tic?<\/h3>\n<p>La resposta \u00e9s que s\u00ed, en la mesura que el prop\u00f2sit de la mateixa no \u00e9s sempre guarir el trastorn psic\u00f2tic, sin\u00f3 m\u00e9s aviat facilitar que la persona que pateix, pugui portar una vida m\u00e9s estable. Estem en disposici\u00f3 d&#8217;afirmar que <strong>hi ha un tractament possible per a la psicosi<\/strong>, encara que s&#8217;allunyi de la idea de curaci\u00f3, almenys des d&#8217;un punt de vista m\u00e8dic. Un treball de psicoter\u00e0pia ben orientat pot permetre que un pacient amb un trastorn psic\u00f2tic pugui establir un cert lla\u00e7 amb el m\u00f3n i \u201cconstruir\u201d una mena de \u201cdesig\u201d que el porta a sostenir-se per ell mateix. Els cl\u00ednics moltes vegades ens sorprenem de com alguns casos que d&#8217;entrada es presentaven sota l&#8217;ombra d&#8217;un diagn\u00f2stic greu, despr\u00e9s es poden obrir pas a trav\u00e9s de la <strong>treball psicoterap\u00e8utic<\/strong>.<\/p>\n<p>&nbsp;<\/p>\n","protected":false},"excerpt":{"rendered":"<p>La psiquiatria classifica diversos tipus de trastorns sota el que podr\u00edem anomenar l&#8217;espectre de les psicosis. Aquestes categories diagn\u00f2stiques s&#8217;estableixen sota el criteri dels s\u00edmptomes que presenta el pacient. Alguns trastorns presenten subcategories en funci\u00f3 de s\u00edmptomes encara m\u00e9s espec\u00edfics. Els trastorns psic\u00f2tics m\u00e9s habituals s\u00f3n els seg\u00fcents: Esquizofr\u00e8nia Trastorn esquizofreniforme Trastorn esquizoafectiu Trastorn delirant&hellip;<\/p>\n","protected":false},"author":2,"featured_media":0,"parent":0,"menu_order":0,"comment_status":"open","ping_status":"closed","template":"","meta":{"footnotes":""},"class_list":["post-6266","page","type-page","status-publish","hentry","entry","no-media"],"yoast_head":"<!-- This site is optimized with the Yoast SEO plugin v24.6 - https:\/\/yoast.com\/wordpress\/plugins\/seo\/ -->\n<title>Trastorns psic\u00f2tics. PsicoCl\u00ednica Barcelona<\/title>\n<meta name=\"description\" content=\"Psic\u00f2legs especialistes a Barcelona amb \u00e0mplia experi\u00e8ncia al sector del treball psicoterap\u00e8utic. Truqui&#039;ns\" \/>\n<meta name=\"robots\" content=\"index, follow, max-snippet:-1, max-image-preview:large, max-video-preview:-1\" \/>\n<link rel=\"canonical\" href=\"https:\/\/psicoclinicabarcelona.com\/ca\/trastorns-psicotics\/\" \/>\n<meta property=\"og:locale\" content=\"ca_ES\" \/>\n<meta property=\"og:type\" content=\"article\" \/>\n<meta property=\"og:title\" content=\"Trastorns psic\u00f2tics. PsicoCl\u00ednica Barcelona\" \/>\n<meta property=\"og:description\" content=\"Psic\u00f2legs especialistes a Barcelona amb \u00e0mplia experi\u00e8ncia al sector del treball psicoterap\u00e8utic. Truqui&#039;ns\" \/>\n<meta property=\"og:url\" content=\"https:\/\/psicoclinicabarcelona.com\/ca\/trastorns-psicotics\/\" \/>\n<meta property=\"og:site_name\" content=\"Psicocl\u00ednica Barcelona\" \/>\n<meta property=\"article:publisher\" content=\"https:\/\/www.facebook.com\/PsicoclinicaBarcelona\/\" \/>\n<meta property=\"article:modified_time\" content=\"2023-04-27T10:02:10+00:00\" \/>\n<meta property=\"og:image\" content=\"https:\/\/psicoclinicabarcelona.com\/wp-content\/uploads\/2015\/04\/psicologos-barcelona.png\" \/>\n\t<meta property=\"og:image:width\" content=\"178\" \/>\n\t<meta property=\"og:image:height\" content=\"62\" \/>\n\t<meta property=\"og:image:type\" content=\"image\/png\" \/>\n<meta name=\"twitter:label1\" content=\"Temps estimat de lectura\" \/>\n\t<meta name=\"twitter:data1\" content=\"2 minuts\" \/>\n<script type=\"application\/ld+json\" class=\"yoast-schema-graph\">{\"@context\":\"https:\/\/schema.org\",\"@graph\":[{\"@type\":\"WebPage\",\"@id\":\"https:\/\/psicoclinicabarcelona.com\/ca\/trastorns-psicotics\/\",\"url\":\"https:\/\/psicoclinicabarcelona.com\/ca\/trastorns-psicotics\/\",\"name\":\"Trastorns psic\u00f2tics. PsicoCl\u00ednica Barcelona\",\"isPartOf\":{\"@id\":\"https:\/\/psicoclinicabarcelona.com\/#website\"},\"datePublished\":\"2015-08-30T14:53:11+00:00\",\"dateModified\":\"2023-04-27T10:02:10+00:00\",\"description\":\"Psic\u00f2legs especialistes a Barcelona amb \u00e0mplia experi\u00e8ncia al sector del treball psicoterap\u00e8utic. Truqui'ns\",\"breadcrumb\":{\"@id\":\"https:\/\/psicoclinicabarcelona.com\/ca\/trastorns-psicotics\/#breadcrumb\"},\"inLanguage\":\"ca\",\"potentialAction\":[{\"@type\":\"ReadAction\",\"target\":[\"https:\/\/psicoclinicabarcelona.com\/ca\/trastorns-psicotics\/\"]}]},{\"@type\":\"BreadcrumbList\",\"@id\":\"https:\/\/psicoclinicabarcelona.com\/ca\/trastorns-psicotics\/#breadcrumb\",\"itemListElement\":[{\"@type\":\"ListItem\",\"position\":1,\"name\":\"Portada\",\"item\":\"https:\/\/psicoclinicabarcelona.com\/ca\/\"},{\"@type\":\"ListItem\",\"position\":2,\"name\":\"Trastorns psic\u00f2tics\"}]},{\"@type\":\"WebSite\",\"@id\":\"https:\/\/psicoclinicabarcelona.com\/#website\",\"url\":\"https:\/\/psicoclinicabarcelona.com\/\",\"name\":\"Psicocl\u00ednica Barcelona\",\"description\":\"Posiblemente el mejor psic\u00f3logo en Barcelona o la mejor psic\u00f3loga de Barcelona. Ll\u00e1manos sin compromiso al 935 414 478\",\"publisher\":{\"@id\":\"https:\/\/psicoclinicabarcelona.com\/#organization\"},\"alternateName\":\"Psicocl\u00ednica Barcelona\",\"potentialAction\":[{\"@type\":\"SearchAction\",\"target\":{\"@type\":\"EntryPoint\",\"urlTemplate\":\"https:\/\/psicoclinicabarcelona.com\/?s={search_term_string}\"},\"query-input\":{\"@type\":\"PropertyValueSpecification\",\"valueRequired\":true,\"valueName\":\"search_term_string\"}}],\"inLanguage\":\"ca\"},{\"@type\":\"Organization\",\"@id\":\"https:\/\/psicoclinicabarcelona.com\/#organization\",\"name\":\"Psicocl\u00ednica Barcelona\",\"alternateName\":\"Psicocl\u00ednica Barcelona\",\"url\":\"https:\/\/psicoclinicabarcelona.com\/\",\"logo\":{\"@type\":\"ImageObject\",\"inLanguage\":\"ca\",\"@id\":\"https:\/\/psicoclinicabarcelona.com\/#\/schema\/logo\/image\/\",\"url\":\"https:\/\/psicoclinicabarcelona.com\/wp-content\/uploads\/2015\/04\/psicologos-barcelona.png\",\"contentUrl\":\"https:\/\/psicoclinicabarcelona.com\/wp-content\/uploads\/2015\/04\/psicologos-barcelona.png\",\"width\":178,\"height\":62,\"caption\":\"Psicocl\u00ednica Barcelona\"},\"image\":{\"@id\":\"https:\/\/psicoclinicabarcelona.com\/#\/schema\/logo\/image\/\"},\"sameAs\":[\"https:\/\/www.facebook.com\/PsicoclinicaBarcelona\/\",\"https:\/\/x.com\/psicoclinicabcn\",\"https:\/\/www.linkedin.com\/company\/psicocl\u00ednica-barcelona\/\",\"https:\/\/www.instagram.com\/psicoclinicabarcelona\/\",\"https:\/\/www.youtube.com\/channel\/UCcc-5_wC56giASuT0XDr87Q\"]}]}<\/script>\n<!-- \/ Yoast SEO plugin. -->","yoast_head_json":{"title":"Trastorns psic\u00f2tics. PsicoCl\u00ednica Barcelona","description":"Psic\u00f2legs especialistes a Barcelona amb \u00e0mplia experi\u00e8ncia al sector del treball psicoterap\u00e8utic. Truqui'ns","robots":{"index":"index","follow":"follow","max-snippet":"max-snippet:-1","max-image-preview":"max-image-preview:large","max-video-preview":"max-video-preview:-1"},"canonical":"https:\/\/psicoclinicabarcelona.com\/ca\/trastorns-psicotics\/","og_locale":"ca_ES","og_type":"article","og_title":"Trastorns psic\u00f2tics. PsicoCl\u00ednica Barcelona","og_description":"Psic\u00f2legs especialistes a Barcelona amb \u00e0mplia experi\u00e8ncia al sector del treball psicoterap\u00e8utic. Truqui'ns","og_url":"https:\/\/psicoclinicabarcelona.com\/ca\/trastorns-psicotics\/","og_site_name":"Psicocl\u00ednica Barcelona","article_publisher":"https:\/\/www.facebook.com\/PsicoclinicaBarcelona\/","article_modified_time":"2023-04-27T10:02:10+00:00","og_image":[{"width":178,"height":62,"url":"https:\/\/psicoclinicabarcelona.com\/wp-content\/uploads\/2015\/04\/psicologos-barcelona.png","type":"image\/png"}],"twitter_misc":{"Temps estimat de lectura":"2 minuts"},"schema":{"@context":"https:\/\/schema.org","@graph":[{"@type":"WebPage","@id":"https:\/\/psicoclinicabarcelona.com\/ca\/trastorns-psicotics\/","url":"https:\/\/psicoclinicabarcelona.com\/ca\/trastorns-psicotics\/","name":"Trastorns psic\u00f2tics. PsicoCl\u00ednica Barcelona","isPartOf":{"@id":"https:\/\/psicoclinicabarcelona.com\/#website"},"datePublished":"2015-08-30T14:53:11+00:00","dateModified":"2023-04-27T10:02:10+00:00","description":"Psic\u00f2legs especialistes a Barcelona amb \u00e0mplia experi\u00e8ncia al sector del treball psicoterap\u00e8utic. Truqui'ns","breadcrumb":{"@id":"https:\/\/psicoclinicabarcelona.com\/ca\/trastorns-psicotics\/#breadcrumb"},"inLanguage":"ca","potentialAction":[{"@type":"ReadAction","target":["https:\/\/psicoclinicabarcelona.com\/ca\/trastorns-psicotics\/"]}]},{"@type":"BreadcrumbList","@id":"https:\/\/psicoclinicabarcelona.com\/ca\/trastorns-psicotics\/#breadcrumb","itemListElement":[{"@type":"ListItem","position":1,"name":"Portada","item":"https:\/\/psicoclinicabarcelona.com\/ca\/"},{"@type":"ListItem","position":2,"name":"Trastorns psic\u00f2tics"}]},{"@type":"WebSite","@id":"https:\/\/psicoclinicabarcelona.com\/#website","url":"https:\/\/psicoclinicabarcelona.com\/","name":"Psicocl\u00ednica Barcelona","description":"Posiblemente el mejor psic\u00f3logo en Barcelona o la mejor psic\u00f3loga de Barcelona. Ll\u00e1manos sin compromiso al 935 414 478","publisher":{"@id":"https:\/\/psicoclinicabarcelona.com\/#organization"},"alternateName":"Psicocl\u00ednica Barcelona","potentialAction":[{"@type":"SearchAction","target":{"@type":"EntryPoint","urlTemplate":"https:\/\/psicoclinicabarcelona.com\/?s={search_term_string}"},"query-input":{"@type":"PropertyValueSpecification","valueRequired":true,"valueName":"search_term_string"}}],"inLanguage":"ca"},{"@type":"Organization","@id":"https:\/\/psicoclinicabarcelona.com\/#organization","name":"Psicocl\u00ednica Barcelona","alternateName":"Psicocl\u00ednica Barcelona","url":"https:\/\/psicoclinicabarcelona.com\/","logo":{"@type":"ImageObject","inLanguage":"ca","@id":"https:\/\/psicoclinicabarcelona.com\/#\/schema\/logo\/image\/","url":"https:\/\/psicoclinicabarcelona.com\/wp-content\/uploads\/2015\/04\/psicologos-barcelona.png","contentUrl":"https:\/\/psicoclinicabarcelona.com\/wp-content\/uploads\/2015\/04\/psicologos-barcelona.png","width":178,"height":62,"caption":"Psicocl\u00ednica Barcelona"},"image":{"@id":"https:\/\/psicoclinicabarcelona.com\/#\/schema\/logo\/image\/"},"sameAs":["https:\/\/www.facebook.com\/PsicoclinicaBarcelona\/","https:\/\/x.com\/psicoclinicabcn","https:\/\/www.linkedin.com\/company\/psicocl\u00ednica-barcelona\/","https:\/\/www.instagram.com\/psicoclinicabarcelona\/","https:\/\/www.youtube.com\/channel\/UCcc-5_wC56giASuT0XDr87Q"]}]}},"_links":{"self":[{"href":"https:\/\/psicoclinicabarcelona.com\/ca\/wp-json\/wp\/v2\/pages\/6266"}],"collection":[{"href":"https:\/\/psicoclinicabarcelona.com\/ca\/wp-json\/wp\/v2\/pages"}],"about":[{"href":"https:\/\/psicoclinicabarcelona.com\/ca\/wp-json\/wp\/v2\/types\/page"}],"author":[{"embeddable":true,"href":"https:\/\/psicoclinicabarcelona.com\/ca\/wp-json\/wp\/v2\/users\/2"}],"replies":[{"embeddable":true,"href":"https:\/\/psicoclinicabarcelona.com\/ca\/wp-json\/wp\/v2\/comments?post=6266"}],"version-history":[{"count":2,"href":"https:\/\/psicoclinicabarcelona.com\/ca\/wp-json\/wp\/v2\/pages\/6266\/revisions"}],"predecessor-version":[{"id":6268,"href":"https:\/\/psicoclinicabarcelona.com\/ca\/wp-json\/wp\/v2\/pages\/6266\/revisions\/6268"}],"wp:attachment":[{"href":"https:\/\/psicoclinicabarcelona.com\/ca\/wp-json\/wp\/v2\/media?parent=6266"}],"curies":[{"name":"wp","href":"https:\/\/api.w.org\/{rel}","templated":true}]}}