{"id":6270,"date":"2017-02-10T08:02:26","date_gmt":"2017-02-10T08:02:26","guid":{"rendered":"https:\/\/psicoclinicabarcelona.com\/terapia-trastorno-bipolar-barcelona\/"},"modified":"2023-04-25T11:45:13","modified_gmt":"2023-04-25T09:45:13","slug":"terapia-trastorn-bipolar-barcelona","status":"publish","type":"page","link":"https:\/\/psicoclinicabarcelona.com\/ca\/terapia-trastorn-bipolar-barcelona\/","title":{"rendered":"Psic\u00f2leg trastorn bipolar"},"content":{"rendered":"<p>Amb m\u00e9s d&#8217;una d\u00e8cada de treball i dedicaci\u00f3 amb els seus pacients, <a href=\"https:\/\/psicoclinicabarcelona.com\/ca\/\">Psicocl\u00ednica Barcelona<\/a> s&#8217;ha convertit en una de les cl\u00edniques de la salut amb m\u00e9s prestigi de la ciutat. <strong>Fundada per l&#8217;experta psic\u00f2loga Mila Herrera per al tractament de tota mena de trastorns i s\u00edndromes<\/strong>, ha anat aconseguint reconeixement per la seva col\u00b7laboraci\u00f3 amb multitud de centres de la salut, aix\u00ed com pel desenvolupament i l&#8217;aplicaci\u00f3 de ter\u00e0pies i tractaments especialitzats. Avui dia est\u00e0 formada per un <a href=\"https:\/\/psicoclinicabarcelona.com\/ca\/psicolegs-barcelona\/\">fant\u00e0stic equip de professionals<\/a> dedicats en cos i \u00e0nima per garantir la millora en la qualitat de vida dels seus pacients. Per aix\u00f2, hem desenvolupat una forma de relaci\u00f3 m\u00e8dica pacient \u00fanica, amb la qual hem aconseguit que el nostre percentatge d&#8217;\u00e8xit en el tractament de trastorns sigui dels m\u00e9s alts. Amb nosaltres, comptar\u00e0 amb un <strong>tracte professional excel\u00b7lent<\/strong> on analitzarem al detall la seva situaci\u00f3 i adaptarem la ter\u00e0pia m\u00e9s adequada a les seves necessitats. Entre els nostres tractaments psicol\u00f2gics podreu trobar <strong>ter\u00e0pia per al trastorn bipolar<\/strong>. Si patiu aquesta s\u00edndrome, no dubteu a dipositar la vostra confian\u00e7a en les mans expertes dels nostres especialistes. Poseu-vos en contacte amb nosaltres si necessiteu m\u00e9s informaci\u00f3. Estarem encantats de poder ajudar-lo.<\/p>\n<h2>Psic\u00f2leg trastorn bipolar Barcelona<\/h2>\n<p><strong>El Trastorn Bipolar \u00e9s una malaltia man\u00edac depressiva<\/strong> caracteritzada per provocar canvis en l&#8217;estat d&#8217;\u00e0nim, el nivell d&#8217;energia i les pautes de comportament de l&#8217;individu. A difer\u00e8ncia de la resta de persones, <strong>els individus que posseeixen aquest trastorn pateixen de manera m\u00e9s intensa i de manera repetitiva la simptomatologia<\/strong> del mateix. Aquest fet fa que molts dels individus que pateixen el trastorn vegin certes limitacions en la seva relaci\u00f3 amb el m\u00f3n. Generalment sol apar\u00e8ixer al final de la <a href=\"https:\/\/psicoclinicabarcelona.com\/ca\/psicoleg-adolescents-barcelona\/\">adolesc\u00e8ncia<\/a> o al principi de la vida adulta, encara que tamb\u00e9 es pot donar a la inf\u00e0ncia o a l&#8217;adultesa per acompanyar la persona durant la resta de la seva vida. A banda de la simptomatologia relacionada amb els episodis an\u00edmics, <strong>\u00e9s possible que el Trastorn Bipolar convisqui amb altres s\u00edndromes<\/strong>, fent que el seu diagn\u00f2stic sigui m\u00e9s complicat. Per aquest motiu, \u00e9s recomanable dipositar la nostra salut en mans d&#8217;un psic\u00f2leg <strong>especialista en el trastorn bipolar<\/strong>. Les causes que poden donar origen a un Trastorn Bipolar poden ser tant heredit\u00e0ries com fruit d&#8217;anomalies en l&#8217;estructura i la funci\u00f3 del cervell.<\/p>\n<h2>Tractament amb ter\u00e0pia del trastorn bipolar<\/h2>\n<p>El <strong>tractament del trastorn bipolar<\/strong> dependr\u00e0 del pacient, aix\u00ed com de la seva relaci\u00f3 actual amb la malaltia, per la qual cosa l&#8217;expert psic\u00f2leg haur\u00e0 de determinar quin de tots els <strong>tractaments psicol\u00f2gics<\/strong> \u00e9s adequat . Ara com ara, ha de saber que <strong>el Trastorn Bipolar no t\u00e9 una cura definitiva<\/strong>, encara que mitjan\u00e7ant el tractament adequat els seus s\u00edmptomes, el trastorn pot ser perfectament controlat i els seus efectes en l&#8217;individu mitigats. Entre els tractaments disponibles hi ha la ingesta de medicaments, l&#8217;aplicaci\u00f3 de ter\u00e0pia o la TEC. Aix\u00f2 no obstant, \u00e9s fonamental sotmetre&#8217;s a un estudi previ per detallar correctament el cam\u00ed a escollir.<\/p>\n<p>A Psicocl\u00ednica Barcelona ens posem a la vostra disposici\u00f3 per atendre el vostre cas i proporcionar-vos l&#8217;ajuda que necessiteu. Dipositeu la vostra confian\u00e7a en les mans expertes d&#8217;uns professionals de la salut com nosaltres i permeteu-nos millorar la vostra vida. Perqu\u00e8 <strong>garantir el benestar dels nostres pacients no t\u00e9 preu per a nosaltres<\/strong>.<\/p>\n","protected":false},"excerpt":{"rendered":"<p>Amb m\u00e9s d&#8217;una d\u00e8cada de treball i dedicaci\u00f3 amb els seus pacients, Psicocl\u00ednica Barcelona s&#8217;ha convertit en una de les cl\u00edniques de la salut amb m\u00e9s prestigi de la ciutat. Fundada per l&#8217;experta psic\u00f2loga Mila Herrera per al tractament de tota mena de trastorns i s\u00edndromes, ha anat aconseguint reconeixement per la seva col\u00b7laboraci\u00f3 amb&hellip;<\/p>\n","protected":false},"author":5,"featured_media":0,"parent":0,"menu_order":0,"comment_status":"closed","ping_status":"closed","template":"","meta":{"footnotes":""},"class_list":["post-6270","page","type-page","status-publish","hentry","entry","no-media"],"yoast_head":"<!-- This site is optimized with the Yoast SEO plugin v24.6 - https:\/\/yoast.com\/wordpress\/plugins\/seo\/ -->\n<title>Terapia trastorn bipolar tractament Barcelona<\/title>\n<meta name=\"description\" content=\"PSICOCL\u00cdNICA BARCELONA. Centre de psicologia especialitzat en trastorns bipolars. Ter\u00e0pia per al trastorn bipolar a Barcelona.\" \/>\n<meta name=\"robots\" content=\"index, follow, max-snippet:-1, max-image-preview:large, max-video-preview:-1\" \/>\n<link rel=\"canonical\" href=\"https:\/\/psicoclinicabarcelona.com\/ca\/terapia-trastorn-bipolar-barcelona\/\" \/>\n<meta property=\"og:locale\" content=\"ca_ES\" \/>\n<meta property=\"og:type\" content=\"article\" \/>\n<meta property=\"og:title\" content=\"Terapia trastorn bipolar tractament Barcelona\" \/>\n<meta property=\"og:description\" content=\"PSICOCL\u00cdNICA BARCELONA. Centre de psicologia especialitzat en trastorns bipolars. Ter\u00e0pia per al trastorn bipolar a Barcelona.\" \/>\n<meta property=\"og:url\" content=\"https:\/\/psicoclinicabarcelona.com\/ca\/terapia-trastorn-bipolar-barcelona\/\" \/>\n<meta property=\"og:site_name\" content=\"Psicocl\u00ednica Barcelona\" \/>\n<meta property=\"article:publisher\" content=\"https:\/\/www.facebook.com\/PsicoclinicaBarcelona\/\" \/>\n<meta property=\"article:modified_time\" content=\"2023-04-25T09:45:13+00:00\" \/>\n<meta property=\"og:image\" content=\"https:\/\/psicoclinicabarcelona.com\/wp-content\/uploads\/2015\/04\/psicologos-barcelona.png\" \/>\n\t<meta property=\"og:image:width\" content=\"178\" \/>\n\t<meta property=\"og:image:height\" content=\"62\" \/>\n\t<meta property=\"og:image:type\" content=\"image\/png\" \/>\n<meta name=\"twitter:label1\" content=\"Temps estimat de lectura\" \/>\n\t<meta name=\"twitter:data1\" content=\"3 minuts\" \/>\n<script type=\"application\/ld+json\" class=\"yoast-schema-graph\">{\"@context\":\"https:\/\/schema.org\",\"@graph\":[{\"@type\":\"WebPage\",\"@id\":\"https:\/\/psicoclinicabarcelona.com\/ca\/terapia-trastorn-bipolar-barcelona\/\",\"url\":\"https:\/\/psicoclinicabarcelona.com\/ca\/terapia-trastorn-bipolar-barcelona\/\",\"name\":\"Terapia trastorn bipolar tractament Barcelona\",\"isPartOf\":{\"@id\":\"https:\/\/psicoclinicabarcelona.com\/#website\"},\"datePublished\":\"2017-02-10T08:02:26+00:00\",\"dateModified\":\"2023-04-25T09:45:13+00:00\",\"description\":\"PSICOCL\u00cdNICA BARCELONA. Centre de psicologia especialitzat en trastorns bipolars. Ter\u00e0pia per al trastorn bipolar a Barcelona.\",\"breadcrumb\":{\"@id\":\"https:\/\/psicoclinicabarcelona.com\/ca\/terapia-trastorn-bipolar-barcelona\/#breadcrumb\"},\"inLanguage\":\"ca\",\"potentialAction\":[{\"@type\":\"ReadAction\",\"target\":[\"https:\/\/psicoclinicabarcelona.com\/ca\/terapia-trastorn-bipolar-barcelona\/\"]}]},{\"@type\":\"BreadcrumbList\",\"@id\":\"https:\/\/psicoclinicabarcelona.com\/ca\/terapia-trastorn-bipolar-barcelona\/#breadcrumb\",\"itemListElement\":[{\"@type\":\"ListItem\",\"position\":1,\"name\":\"Portada\",\"item\":\"https:\/\/psicoclinicabarcelona.com\/ca\/\"},{\"@type\":\"ListItem\",\"position\":2,\"name\":\"Psic\u00f2leg trastorn bipolar\"}]},{\"@type\":\"WebSite\",\"@id\":\"https:\/\/psicoclinicabarcelona.com\/#website\",\"url\":\"https:\/\/psicoclinicabarcelona.com\/\",\"name\":\"Psicocl\u00ednica Barcelona\",\"description\":\"Posiblemente el mejor psic\u00f3logo en Barcelona o la mejor psic\u00f3loga de Barcelona. Ll\u00e1manos sin compromiso al 935 414 478\",\"publisher\":{\"@id\":\"https:\/\/psicoclinicabarcelona.com\/#organization\"},\"alternateName\":\"Psicocl\u00ednica Barcelona\",\"potentialAction\":[{\"@type\":\"SearchAction\",\"target\":{\"@type\":\"EntryPoint\",\"urlTemplate\":\"https:\/\/psicoclinicabarcelona.com\/?s={search_term_string}\"},\"query-input\":{\"@type\":\"PropertyValueSpecification\",\"valueRequired\":true,\"valueName\":\"search_term_string\"}}],\"inLanguage\":\"ca\"},{\"@type\":\"Organization\",\"@id\":\"https:\/\/psicoclinicabarcelona.com\/#organization\",\"name\":\"Psicocl\u00ednica Barcelona\",\"alternateName\":\"Psicocl\u00ednica Barcelona\",\"url\":\"https:\/\/psicoclinicabarcelona.com\/\",\"logo\":{\"@type\":\"ImageObject\",\"inLanguage\":\"ca\",\"@id\":\"https:\/\/psicoclinicabarcelona.com\/#\/schema\/logo\/image\/\",\"url\":\"https:\/\/psicoclinicabarcelona.com\/wp-content\/uploads\/2015\/04\/psicologos-barcelona.png\",\"contentUrl\":\"https:\/\/psicoclinicabarcelona.com\/wp-content\/uploads\/2015\/04\/psicologos-barcelona.png\",\"width\":178,\"height\":62,\"caption\":\"Psicocl\u00ednica Barcelona\"},\"image\":{\"@id\":\"https:\/\/psicoclinicabarcelona.com\/#\/schema\/logo\/image\/\"},\"sameAs\":[\"https:\/\/www.facebook.com\/PsicoclinicaBarcelona\/\",\"https:\/\/x.com\/psicoclinicabcn\",\"https:\/\/www.linkedin.com\/company\/psicocl\u00ednica-barcelona\/\",\"https:\/\/www.instagram.com\/psicoclinicabarcelona\/\",\"https:\/\/www.youtube.com\/channel\/UCcc-5_wC56giASuT0XDr87Q\"]}]}<\/script>\n<!-- \/ Yoast SEO plugin. -->","yoast_head_json":{"title":"Terapia trastorn bipolar tractament Barcelona","description":"PSICOCL\u00cdNICA BARCELONA. Centre de psicologia especialitzat en trastorns bipolars. Ter\u00e0pia per al trastorn bipolar a Barcelona.","robots":{"index":"index","follow":"follow","max-snippet":"max-snippet:-1","max-image-preview":"max-image-preview:large","max-video-preview":"max-video-preview:-1"},"canonical":"https:\/\/psicoclinicabarcelona.com\/ca\/terapia-trastorn-bipolar-barcelona\/","og_locale":"ca_ES","og_type":"article","og_title":"Terapia trastorn bipolar tractament Barcelona","og_description":"PSICOCL\u00cdNICA BARCELONA. Centre de psicologia especialitzat en trastorns bipolars. Ter\u00e0pia per al trastorn bipolar a Barcelona.","og_url":"https:\/\/psicoclinicabarcelona.com\/ca\/terapia-trastorn-bipolar-barcelona\/","og_site_name":"Psicocl\u00ednica Barcelona","article_publisher":"https:\/\/www.facebook.com\/PsicoclinicaBarcelona\/","article_modified_time":"2023-04-25T09:45:13+00:00","og_image":[{"width":178,"height":62,"url":"https:\/\/psicoclinicabarcelona.com\/wp-content\/uploads\/2015\/04\/psicologos-barcelona.png","type":"image\/png"}],"twitter_misc":{"Temps estimat de lectura":"3 minuts"},"schema":{"@context":"https:\/\/schema.org","@graph":[{"@type":"WebPage","@id":"https:\/\/psicoclinicabarcelona.com\/ca\/terapia-trastorn-bipolar-barcelona\/","url":"https:\/\/psicoclinicabarcelona.com\/ca\/terapia-trastorn-bipolar-barcelona\/","name":"Terapia trastorn bipolar tractament Barcelona","isPartOf":{"@id":"https:\/\/psicoclinicabarcelona.com\/#website"},"datePublished":"2017-02-10T08:02:26+00:00","dateModified":"2023-04-25T09:45:13+00:00","description":"PSICOCL\u00cdNICA BARCELONA. Centre de psicologia especialitzat en trastorns bipolars. Ter\u00e0pia per al trastorn bipolar a Barcelona.","breadcrumb":{"@id":"https:\/\/psicoclinicabarcelona.com\/ca\/terapia-trastorn-bipolar-barcelona\/#breadcrumb"},"inLanguage":"ca","potentialAction":[{"@type":"ReadAction","target":["https:\/\/psicoclinicabarcelona.com\/ca\/terapia-trastorn-bipolar-barcelona\/"]}]},{"@type":"BreadcrumbList","@id":"https:\/\/psicoclinicabarcelona.com\/ca\/terapia-trastorn-bipolar-barcelona\/#breadcrumb","itemListElement":[{"@type":"ListItem","position":1,"name":"Portada","item":"https:\/\/psicoclinicabarcelona.com\/ca\/"},{"@type":"ListItem","position":2,"name":"Psic\u00f2leg trastorn bipolar"}]},{"@type":"WebSite","@id":"https:\/\/psicoclinicabarcelona.com\/#website","url":"https:\/\/psicoclinicabarcelona.com\/","name":"Psicocl\u00ednica Barcelona","description":"Posiblemente el mejor psic\u00f3logo en Barcelona o la mejor psic\u00f3loga de Barcelona. Ll\u00e1manos sin compromiso al 935 414 478","publisher":{"@id":"https:\/\/psicoclinicabarcelona.com\/#organization"},"alternateName":"Psicocl\u00ednica Barcelona","potentialAction":[{"@type":"SearchAction","target":{"@type":"EntryPoint","urlTemplate":"https:\/\/psicoclinicabarcelona.com\/?s={search_term_string}"},"query-input":{"@type":"PropertyValueSpecification","valueRequired":true,"valueName":"search_term_string"}}],"inLanguage":"ca"},{"@type":"Organization","@id":"https:\/\/psicoclinicabarcelona.com\/#organization","name":"Psicocl\u00ednica Barcelona","alternateName":"Psicocl\u00ednica Barcelona","url":"https:\/\/psicoclinicabarcelona.com\/","logo":{"@type":"ImageObject","inLanguage":"ca","@id":"https:\/\/psicoclinicabarcelona.com\/#\/schema\/logo\/image\/","url":"https:\/\/psicoclinicabarcelona.com\/wp-content\/uploads\/2015\/04\/psicologos-barcelona.png","contentUrl":"https:\/\/psicoclinicabarcelona.com\/wp-content\/uploads\/2015\/04\/psicologos-barcelona.png","width":178,"height":62,"caption":"Psicocl\u00ednica Barcelona"},"image":{"@id":"https:\/\/psicoclinicabarcelona.com\/#\/schema\/logo\/image\/"},"sameAs":["https:\/\/www.facebook.com\/PsicoclinicaBarcelona\/","https:\/\/x.com\/psicoclinicabcn","https:\/\/www.linkedin.com\/company\/psicocl\u00ednica-barcelona\/","https:\/\/www.instagram.com\/psicoclinicabarcelona\/","https:\/\/www.youtube.com\/channel\/UCcc-5_wC56giASuT0XDr87Q"]}]}},"_links":{"self":[{"href":"https:\/\/psicoclinicabarcelona.com\/ca\/wp-json\/wp\/v2\/pages\/6270"}],"collection":[{"href":"https:\/\/psicoclinicabarcelona.com\/ca\/wp-json\/wp\/v2\/pages"}],"about":[{"href":"https:\/\/psicoclinicabarcelona.com\/ca\/wp-json\/wp\/v2\/types\/page"}],"author":[{"embeddable":true,"href":"https:\/\/psicoclinicabarcelona.com\/ca\/wp-json\/wp\/v2\/users\/5"}],"replies":[{"embeddable":true,"href":"https:\/\/psicoclinicabarcelona.com\/ca\/wp-json\/wp\/v2\/comments?post=6270"}],"version-history":[{"count":2,"href":"https:\/\/psicoclinicabarcelona.com\/ca\/wp-json\/wp\/v2\/pages\/6270\/revisions"}],"predecessor-version":[{"id":6272,"href":"https:\/\/psicoclinicabarcelona.com\/ca\/wp-json\/wp\/v2\/pages\/6270\/revisions\/6272"}],"wp:attachment":[{"href":"https:\/\/psicoclinicabarcelona.com\/ca\/wp-json\/wp\/v2\/media?parent=6270"}],"curies":[{"name":"wp","href":"https:\/\/api.w.org\/{rel}","templated":true}]}}