{"id":6277,"date":"2017-09-13T10:40:07","date_gmt":"2017-09-13T10:40:07","guid":{"rendered":"https:\/\/psicoclinicabarcelona.com\/psicologos-ludopatia\/"},"modified":"2023-04-25T12:31:24","modified_gmt":"2023-04-25T10:31:24","slug":"psicolegs-ludopatia","status":"publish","type":"page","link":"https:\/\/psicoclinicabarcelona.com\/ca\/psicolegs-ludopatia\/","title":{"rendered":"Ludopatia"},"content":{"rendered":"<p style=\"text-align: justify;\"><img decoding=\"async\" class=\"aligncenter wp-image-2341 size-full\" src=\"https:\/\/psicoclinicabarcelona.com\/wp-content\/uploads\/2017\/09\/ludopaa.jpg\" alt=\"psicologo ludopatia\" width=\"960\" height=\"640\" srcset=\"https:\/\/psicoclinicabarcelona.com\/wp-content\/uploads\/2017\/09\/ludopaa.jpg 960w, https:\/\/psicoclinicabarcelona.com\/wp-content\/uploads\/2017\/09\/ludopaa-300x200.jpg 300w, https:\/\/psicoclinicabarcelona.com\/wp-content\/uploads\/2017\/09\/ludopaa-768x512.jpg 768w\" sizes=\"(max-width: 960px) 100vw, 960px\" \/><\/p>\n<p style=\"text-align: justify;\">La <strong>ludopatia <\/strong> \u00e9s una de les <strong>conductes addictives amb m\u00e9s pres\u00e8ncia a les societats avan\u00e7ades<\/strong>. Aquesta addicci\u00f3 al joc est\u00e0 reconeguda com una malaltia per la <strong>Organitzaci\u00f3 Mundial de la Salut (OMS)<\/strong>. Els problemes amb <strong>el joc patol\u00f2gic<\/strong> poden tenir conseq\u00fc\u00e8ncies nefastes sobre els qui els pateixen a <strong>nivell, personal, familiar, laboral o econ\u00f2mic<\/strong>. Per aix\u00f2, acudir als millors professionals per superar els problemes d&#8217;aquesta addicci\u00f3 \u00e9s clau per poder-la superar.<\/p>\n<p>&nbsp;<\/p>\n<h2 style=\"text-align: justify;\">Psic\u00f2leg ludopatia Barcelona<\/h2>\n<p style=\"text-align: justify;\">A <strong>Psicocl\u00ednica Barcelona <\/strong>som conscients de tots els problemes derivats de l&#8217;<strong>addicci\u00f3 al joc<\/strong>, per la qual cosa els nostres clients compten amb el <strong>millor tractament psicol\u00f2gic de la ludopatia<\/strong>. Els nostres professionals, que destaquen per la seva alta qualificaci\u00f3 al m\u00f3n de la psicologia, apliquen <strong>les ter\u00e0pies per a la ludopatia a Barcelona m\u00e9s avan\u00e7ades<\/strong>.<\/p>\n<p style=\"text-align: justify;\">El nostre objectiu \u00e9s ajudar tot aquell que ens demana ajuda, un lema que ens ha acompanyat a la nostra traject\u00f2ria des de fa m\u00e9s d&#8217;una d\u00e8cada i ens ha perm\u00e8s convertir-nos en un <strong> referent entre les cl\u00edniques de psicologia de Barcelona. <\/strong>A m\u00e9s, ens ajustem a tot tipus de pressupostos, per la qual cosa els nostres clients i familiars no han de preocupar-se del <strong>preu de psic\u00f2legs<\/strong>.<\/p>\n<p>&nbsp;<\/p>\n<h2 style=\"text-align: justify;\">Els problemes amb el joc<\/h2>\n<p style=\"text-align: justify;\">Les <strong>conductes addictives amb el joc tenen diferents conseq\u00fc\u00e8ncies<\/strong> com les seg\u00fcents:<\/p>\n<ul style=\"text-align: justify;\">\n<li><strong>Psicopatol\u00f2giques<\/strong>: depressi\u00f3, tristesa, ansietat i irritabilitat.<\/li>\n<li><strong>Familiars<\/strong>: desatenci\u00f3 familiar, alteracions en la sexualitat i manca de comunicaci\u00f3.<\/li>\n<li><strong>Laborals\/ Acad\u00e8miques<\/strong>: baix rendiment, desmotivaci\u00f3 i faltes injustificades.<\/li>\n<li><strong>Socials<\/strong>: p\u00e8rdua de relacions significatives, desatenci\u00f3 als amics i disminuci\u00f3 de les activitats de lleure.<\/li>\n<li><strong>Legals<\/strong>: En les relacions amb la just\u00edcia, sovint problemes a per motius d&#8217;estafes, robatoris i altres activitats delictives.<\/li>\n<li><strong>De consum de subst\u00e0ncies<\/strong>: \u00fas i ab\u00fas de tabac, alcohol o coca\u00efna.<\/li>\n<li><strong>Econ\u00f2miques<\/strong>: es generen deutes i problemes de diners relacionats al joc.<\/li>\n<\/ul>\n<p style=\"text-align: justify;\"><strong>L&#8217;addicci\u00f3 al joc addicci\u00f3 sol desenvolupar-se en tres etapes<\/strong>: primer es generen guanys que semblen f\u00e0cils d&#8217;aconseguir; despr\u00e9s es comencen a perdre diners i s&#8217;intenta recuperar amb un optimisme que no \u00e9s real; i finalment la frustraci\u00f3 porta a la desestabilitzaci\u00f3 de la conducta de joc.<\/p>\n<p>&nbsp;<\/p>\n<h2 style=\"text-align: justify;\">Com afrontar l&#8217;addicci\u00f3 al joc?<\/h2>\n<p style=\"text-align: justify;\"><strong>Quins s\u00edmptomes ens indiquen que una persona t\u00e9 problemes d&#8217;addicci\u00f3 al joc? <\/strong>Jugar quan no es tenen diners; el joc afecta la teva vida personal amb la conseg\u00fcent preocupaci\u00f3 per part de familiars i amics; intentes amagar i menteixes sobre les vegades que jugues; i no tens control sobre tu mateix per abandonar la zona de joc fins i tot quan perds.<\/p>\n<p style=\"text-align: justify;\">El <strong>tractament psicol\u00f2gic de la ludopatia<\/strong> es pot dur a terme amb diferents eines. <strong>Alguns dels passos que hem de seguir amb el lud\u00f2pata s\u00f3n<\/strong>: evitar retrets, preguntar sense jutjar, relacionar el joc amb problemes, donar informaci\u00f3 clara i concisa sobre el problema i motivar la persona que pateix aquesta addicci\u00f3.<\/p>\n<p style=\"text-align: justify;\">A les nostres <strong>cl\u00edniques de psicologia de Barcelona<\/strong>, els pacients s\u00f3n ajudats mitjan\u00e7ant <strong>tractaments psicol\u00f2gics<\/strong>\u00a0per a tot tipus de <strong>trastorns i s\u00edndromes relacionades amb els problemes amb el joc<\/strong>. Comptem amb els <strong>millors professionals i ter\u00e0pies per a la ludopatia a Barcelona<\/strong>. Si confies en Psicocl\u00ednica Barcelona, el joc patol\u00f2gic deixar\u00e0 de ser un problema.<\/p>\n","protected":false},"excerpt":{"rendered":"<p>La ludopatia \u00e9s una de les conductes addictives amb m\u00e9s pres\u00e8ncia a les societats avan\u00e7ades. Aquesta addicci\u00f3 al joc est\u00e0 reconeguda com una malaltia per la Organitzaci\u00f3 Mundial de la Salut (OMS). Els problemes amb el joc patol\u00f2gic poden tenir conseq\u00fc\u00e8ncies nefastes sobre els qui els pateixen a nivell, personal, familiar, laboral o econ\u00f2mic. Per&hellip;<\/p>\n","protected":false},"author":5,"featured_media":0,"parent":0,"menu_order":0,"comment_status":"closed","ping_status":"closed","template":"","meta":{"footnotes":""},"class_list":["post-6277","page","type-page","status-publish","hentry","entry","no-media"],"yoast_head":"<!-- This site is optimized with the Yoast SEO plugin v24.6 - https:\/\/yoast.com\/wordpress\/plugins\/seo\/ -->\n<title>Psicoleg ludopatia Barcelona<\/title>\n<meta name=\"description\" content=\"PSICOCL\u00cdNICA BARCELONA. Ter\u00e0pia ludopatia Barcelona. Tractament psicol\u00f2gic per a la ludopatia\" \/>\n<meta name=\"robots\" content=\"index, follow, max-snippet:-1, max-image-preview:large, max-video-preview:-1\" \/>\n<link rel=\"canonical\" href=\"https:\/\/psicoclinicabarcelona.com\/ca\/psicolegs-ludopatia\/\" \/>\n<meta property=\"og:locale\" content=\"ca_ES\" \/>\n<meta property=\"og:type\" content=\"article\" \/>\n<meta property=\"og:title\" content=\"Psicoleg ludopatia Barcelona\" \/>\n<meta property=\"og:description\" content=\"PSICOCL\u00cdNICA BARCELONA. Ter\u00e0pia ludopatia Barcelona. Tractament psicol\u00f2gic per a la ludopatia\" \/>\n<meta property=\"og:url\" content=\"https:\/\/psicoclinicabarcelona.com\/ca\/psicolegs-ludopatia\/\" \/>\n<meta property=\"og:site_name\" content=\"Psicocl\u00ednica Barcelona\" \/>\n<meta property=\"article:publisher\" content=\"https:\/\/www.facebook.com\/PsicoclinicaBarcelona\/\" \/>\n<meta property=\"article:modified_time\" content=\"2023-04-25T10:31:24+00:00\" \/>\n<meta property=\"og:image\" content=\"https:\/\/psicoclinicabarcelona.com\/wp-content\/uploads\/2017\/09\/ludopaa.jpg\" \/>\n<meta name=\"twitter:label1\" content=\"Temps estimat de lectura\" \/>\n\t<meta name=\"twitter:data1\" content=\"3 minuts\" \/>\n<script type=\"application\/ld+json\" class=\"yoast-schema-graph\">{\"@context\":\"https:\/\/schema.org\",\"@graph\":[{\"@type\":\"WebPage\",\"@id\":\"https:\/\/psicoclinicabarcelona.com\/ca\/psicolegs-ludopatia\/\",\"url\":\"https:\/\/psicoclinicabarcelona.com\/ca\/psicolegs-ludopatia\/\",\"name\":\"Psicoleg ludopatia Barcelona\",\"isPartOf\":{\"@id\":\"https:\/\/psicoclinicabarcelona.com\/#website\"},\"primaryImageOfPage\":{\"@id\":\"https:\/\/psicoclinicabarcelona.com\/ca\/psicolegs-ludopatia\/#primaryimage\"},\"image\":{\"@id\":\"https:\/\/psicoclinicabarcelona.com\/ca\/psicolegs-ludopatia\/#primaryimage\"},\"thumbnailUrl\":\"https:\/\/psicoclinicabarcelona.com\/wp-content\/uploads\/2017\/09\/ludopaa.jpg\",\"datePublished\":\"2017-09-13T10:40:07+00:00\",\"dateModified\":\"2023-04-25T10:31:24+00:00\",\"description\":\"PSICOCL\u00cdNICA BARCELONA. Ter\u00e0pia ludopatia Barcelona. Tractament psicol\u00f2gic per a la ludopatia\",\"breadcrumb\":{\"@id\":\"https:\/\/psicoclinicabarcelona.com\/ca\/psicolegs-ludopatia\/#breadcrumb\"},\"inLanguage\":\"ca\",\"potentialAction\":[{\"@type\":\"ReadAction\",\"target\":[\"https:\/\/psicoclinicabarcelona.com\/ca\/psicolegs-ludopatia\/\"]}]},{\"@type\":\"ImageObject\",\"inLanguage\":\"ca\",\"@id\":\"https:\/\/psicoclinicabarcelona.com\/ca\/psicolegs-ludopatia\/#primaryimage\",\"url\":\"https:\/\/psicoclinicabarcelona.com\/wp-content\/uploads\/2017\/09\/ludopaa.jpg\",\"contentUrl\":\"https:\/\/psicoclinicabarcelona.com\/wp-content\/uploads\/2017\/09\/ludopaa.jpg\"},{\"@type\":\"BreadcrumbList\",\"@id\":\"https:\/\/psicoclinicabarcelona.com\/ca\/psicolegs-ludopatia\/#breadcrumb\",\"itemListElement\":[{\"@type\":\"ListItem\",\"position\":1,\"name\":\"Portada\",\"item\":\"https:\/\/psicoclinicabarcelona.com\/ca\/\"},{\"@type\":\"ListItem\",\"position\":2,\"name\":\"Ludopatia\"}]},{\"@type\":\"WebSite\",\"@id\":\"https:\/\/psicoclinicabarcelona.com\/#website\",\"url\":\"https:\/\/psicoclinicabarcelona.com\/\",\"name\":\"Psicocl\u00ednica Barcelona\",\"description\":\"Posiblemente el mejor psic\u00f3logo en Barcelona o la mejor psic\u00f3loga de Barcelona. Ll\u00e1manos sin compromiso al 935 414 478\",\"publisher\":{\"@id\":\"https:\/\/psicoclinicabarcelona.com\/#organization\"},\"alternateName\":\"Psicocl\u00ednica Barcelona\",\"potentialAction\":[{\"@type\":\"SearchAction\",\"target\":{\"@type\":\"EntryPoint\",\"urlTemplate\":\"https:\/\/psicoclinicabarcelona.com\/?s={search_term_string}\"},\"query-input\":{\"@type\":\"PropertyValueSpecification\",\"valueRequired\":true,\"valueName\":\"search_term_string\"}}],\"inLanguage\":\"ca\"},{\"@type\":\"Organization\",\"@id\":\"https:\/\/psicoclinicabarcelona.com\/#organization\",\"name\":\"Psicocl\u00ednica Barcelona\",\"alternateName\":\"Psicocl\u00ednica Barcelona\",\"url\":\"https:\/\/psicoclinicabarcelona.com\/\",\"logo\":{\"@type\":\"ImageObject\",\"inLanguage\":\"ca\",\"@id\":\"https:\/\/psicoclinicabarcelona.com\/#\/schema\/logo\/image\/\",\"url\":\"https:\/\/psicoclinicabarcelona.com\/wp-content\/uploads\/2015\/04\/psicologos-barcelona.png\",\"contentUrl\":\"https:\/\/psicoclinicabarcelona.com\/wp-content\/uploads\/2015\/04\/psicologos-barcelona.png\",\"width\":178,\"height\":62,\"caption\":\"Psicocl\u00ednica Barcelona\"},\"image\":{\"@id\":\"https:\/\/psicoclinicabarcelona.com\/#\/schema\/logo\/image\/\"},\"sameAs\":[\"https:\/\/www.facebook.com\/PsicoclinicaBarcelona\/\",\"https:\/\/x.com\/psicoclinicabcn\",\"https:\/\/www.linkedin.com\/company\/psicocl\u00ednica-barcelona\/\",\"https:\/\/www.instagram.com\/psicoclinicabarcelona\/\",\"https:\/\/www.youtube.com\/channel\/UCcc-5_wC56giASuT0XDr87Q\"]}]}<\/script>\n<!-- \/ Yoast SEO plugin. -->","yoast_head_json":{"title":"Psicoleg ludopatia Barcelona","description":"PSICOCL\u00cdNICA BARCELONA. Ter\u00e0pia ludopatia Barcelona. Tractament psicol\u00f2gic per a la ludopatia","robots":{"index":"index","follow":"follow","max-snippet":"max-snippet:-1","max-image-preview":"max-image-preview:large","max-video-preview":"max-video-preview:-1"},"canonical":"https:\/\/psicoclinicabarcelona.com\/ca\/psicolegs-ludopatia\/","og_locale":"ca_ES","og_type":"article","og_title":"Psicoleg ludopatia Barcelona","og_description":"PSICOCL\u00cdNICA BARCELONA. Ter\u00e0pia ludopatia Barcelona. Tractament psicol\u00f2gic per a la ludopatia","og_url":"https:\/\/psicoclinicabarcelona.com\/ca\/psicolegs-ludopatia\/","og_site_name":"Psicocl\u00ednica Barcelona","article_publisher":"https:\/\/www.facebook.com\/PsicoclinicaBarcelona\/","article_modified_time":"2023-04-25T10:31:24+00:00","og_image":[{"url":"https:\/\/psicoclinicabarcelona.com\/wp-content\/uploads\/2017\/09\/ludopaa.jpg","type":"","width":"","height":""}],"twitter_misc":{"Temps estimat de lectura":"3 minuts"},"schema":{"@context":"https:\/\/schema.org","@graph":[{"@type":"WebPage","@id":"https:\/\/psicoclinicabarcelona.com\/ca\/psicolegs-ludopatia\/","url":"https:\/\/psicoclinicabarcelona.com\/ca\/psicolegs-ludopatia\/","name":"Psicoleg ludopatia Barcelona","isPartOf":{"@id":"https:\/\/psicoclinicabarcelona.com\/#website"},"primaryImageOfPage":{"@id":"https:\/\/psicoclinicabarcelona.com\/ca\/psicolegs-ludopatia\/#primaryimage"},"image":{"@id":"https:\/\/psicoclinicabarcelona.com\/ca\/psicolegs-ludopatia\/#primaryimage"},"thumbnailUrl":"https:\/\/psicoclinicabarcelona.com\/wp-content\/uploads\/2017\/09\/ludopaa.jpg","datePublished":"2017-09-13T10:40:07+00:00","dateModified":"2023-04-25T10:31:24+00:00","description":"PSICOCL\u00cdNICA BARCELONA. Ter\u00e0pia ludopatia Barcelona. Tractament psicol\u00f2gic per a la ludopatia","breadcrumb":{"@id":"https:\/\/psicoclinicabarcelona.com\/ca\/psicolegs-ludopatia\/#breadcrumb"},"inLanguage":"ca","potentialAction":[{"@type":"ReadAction","target":["https:\/\/psicoclinicabarcelona.com\/ca\/psicolegs-ludopatia\/"]}]},{"@type":"ImageObject","inLanguage":"ca","@id":"https:\/\/psicoclinicabarcelona.com\/ca\/psicolegs-ludopatia\/#primaryimage","url":"https:\/\/psicoclinicabarcelona.com\/wp-content\/uploads\/2017\/09\/ludopaa.jpg","contentUrl":"https:\/\/psicoclinicabarcelona.com\/wp-content\/uploads\/2017\/09\/ludopaa.jpg"},{"@type":"BreadcrumbList","@id":"https:\/\/psicoclinicabarcelona.com\/ca\/psicolegs-ludopatia\/#breadcrumb","itemListElement":[{"@type":"ListItem","position":1,"name":"Portada","item":"https:\/\/psicoclinicabarcelona.com\/ca\/"},{"@type":"ListItem","position":2,"name":"Ludopatia"}]},{"@type":"WebSite","@id":"https:\/\/psicoclinicabarcelona.com\/#website","url":"https:\/\/psicoclinicabarcelona.com\/","name":"Psicocl\u00ednica Barcelona","description":"Posiblemente el mejor psic\u00f3logo en Barcelona o la mejor psic\u00f3loga de Barcelona. Ll\u00e1manos sin compromiso al 935 414 478","publisher":{"@id":"https:\/\/psicoclinicabarcelona.com\/#organization"},"alternateName":"Psicocl\u00ednica Barcelona","potentialAction":[{"@type":"SearchAction","target":{"@type":"EntryPoint","urlTemplate":"https:\/\/psicoclinicabarcelona.com\/?s={search_term_string}"},"query-input":{"@type":"PropertyValueSpecification","valueRequired":true,"valueName":"search_term_string"}}],"inLanguage":"ca"},{"@type":"Organization","@id":"https:\/\/psicoclinicabarcelona.com\/#organization","name":"Psicocl\u00ednica Barcelona","alternateName":"Psicocl\u00ednica Barcelona","url":"https:\/\/psicoclinicabarcelona.com\/","logo":{"@type":"ImageObject","inLanguage":"ca","@id":"https:\/\/psicoclinicabarcelona.com\/#\/schema\/logo\/image\/","url":"https:\/\/psicoclinicabarcelona.com\/wp-content\/uploads\/2015\/04\/psicologos-barcelona.png","contentUrl":"https:\/\/psicoclinicabarcelona.com\/wp-content\/uploads\/2015\/04\/psicologos-barcelona.png","width":178,"height":62,"caption":"Psicocl\u00ednica Barcelona"},"image":{"@id":"https:\/\/psicoclinicabarcelona.com\/#\/schema\/logo\/image\/"},"sameAs":["https:\/\/www.facebook.com\/PsicoclinicaBarcelona\/","https:\/\/x.com\/psicoclinicabcn","https:\/\/www.linkedin.com\/company\/psicocl\u00ednica-barcelona\/","https:\/\/www.instagram.com\/psicoclinicabarcelona\/","https:\/\/www.youtube.com\/channel\/UCcc-5_wC56giASuT0XDr87Q"]}]}},"_links":{"self":[{"href":"https:\/\/psicoclinicabarcelona.com\/ca\/wp-json\/wp\/v2\/pages\/6277"}],"collection":[{"href":"https:\/\/psicoclinicabarcelona.com\/ca\/wp-json\/wp\/v2\/pages"}],"about":[{"href":"https:\/\/psicoclinicabarcelona.com\/ca\/wp-json\/wp\/v2\/types\/page"}],"author":[{"embeddable":true,"href":"https:\/\/psicoclinicabarcelona.com\/ca\/wp-json\/wp\/v2\/users\/5"}],"replies":[{"embeddable":true,"href":"https:\/\/psicoclinicabarcelona.com\/ca\/wp-json\/wp\/v2\/comments?post=6277"}],"version-history":[{"count":2,"href":"https:\/\/psicoclinicabarcelona.com\/ca\/wp-json\/wp\/v2\/pages\/6277\/revisions"}],"predecessor-version":[{"id":6279,"href":"https:\/\/psicoclinicabarcelona.com\/ca\/wp-json\/wp\/v2\/pages\/6277\/revisions\/6279"}],"wp:attachment":[{"href":"https:\/\/psicoclinicabarcelona.com\/ca\/wp-json\/wp\/v2\/media?parent=6277"}],"curies":[{"name":"wp","href":"https:\/\/api.w.org\/{rel}","templated":true}]}}