{"id":6280,"date":"2017-09-13T10:43:26","date_gmt":"2017-09-13T10:43:26","guid":{"rendered":"https:\/\/psicoclinicabarcelona.com\/psicologos-alcoholismo\/"},"modified":"2023-04-25T12:38:50","modified_gmt":"2023-04-25T10:38:50","slug":"psicolegs-alcoholisme","status":"publish","type":"page","link":"https:\/\/psicoclinicabarcelona.com\/ca\/psicolegs-alcoholisme\/","title":{"rendered":"Alcoholisme"},"content":{"rendered":"<p><img decoding=\"async\" class=\"aligncenter wp-image-2344 size-large\" src=\"https:\/\/psicoclinicabarcelona.com\/wp-content\/uploads\/2017\/09\/alcoholismo-1024x655.jpg\" alt=\"psicologo alcoholismo\" width=\"669\" height=\"428\" srcset=\"https:\/\/psicoclinicabarcelona.com\/wp-content\/uploads\/2017\/09\/alcoholismo-1024x655.jpg 1024w, https:\/\/psicoclinicabarcelona.com\/wp-content\/uploads\/2017\/09\/alcoholismo-300x192.jpg 300w, https:\/\/psicoclinicabarcelona.com\/wp-content\/uploads\/2017\/09\/alcoholismo-768x491.jpg 768w, https:\/\/psicoclinicabarcelona.com\/wp-content\/uploads\/2017\/09\/alcoholismo-460x295.jpg 460w, https:\/\/psicoclinicabarcelona.com\/wp-content\/uploads\/2017\/09\/alcoholismo.jpg 1260w\" sizes=\"(max-width: 669px) 100vw, 669px\" \/><\/p>\n<p style=\"text-align: justify;\">Els <strong>conflictes amb l&#8217;alcohol<\/strong> s\u00f3n un dels grans problemes de la societat actual, principalment a les societats m\u00e9s avan\u00e7ades o anomenades del primer m\u00f3n. Per exemple, un <strong>10% dels espanyols beu cada dia<\/strong>, una xifra que entre els <strong>homes puja al 15%<\/strong>. A Espanya, el problema amb aquesta droga legal d\u00f3na unes dades m\u00e9s que preocupants: <strong>els espanyols comencem a beure als 13 anys i un 93&#8217;1% de la poblaci\u00f3 ha provat l&#8217;alcohol<\/strong>, que a m\u00e9s \u00e9s, despr\u00e9s del tabac, la <strong>droga m\u00e9s consumida<\/strong>, sent m\u00e9s greu \u00e9s el problema de l&#8217;alcoholisme com m\u00e9s edat es t\u00e9.<\/p>\n<p>&nbsp;<\/p>\n<h2 style=\"text-align: justify;\">Psic\u00f2leg alcoholisme Barcelona<\/h2>\n<p style=\"text-align: justify;\">Davant d&#8217;aquestes alarmants xifres, <strong>Psicocl\u00ednica Barcelona<\/strong> posa a disposici\u00f3 dels seus pacients el <strong>tractament psicol\u00f2gic de l&#8217;alcoholisme m\u00e9s efectiu<\/strong>, <strong>tant de manera presencial com amb ter\u00e0pies en l\u00ednia<\/strong>. Els nostres professionals sanitaris s\u00f3n experts en la <strong>depend\u00e8ncia de l&#8217;alcohol i la desintoxicaci\u00f3 d&#8217;addiccions<\/strong> mitjan\u00e7ant l&#8217;ajuda <strong>psicoterapeuta<\/strong>.<\/p>\n<p style=\"text-align: justify;\">Som el <strong>centre psicol\u00f2gic referent a ajudar a superar l&#8217;addicci\u00f3 a l&#8217;alcohol<\/strong>. Quina \u00e9s la clau del nostre \u00e8xit? Realitzar sempre la <strong>ter\u00e0pia per a l&#8217;alcoholisme m\u00e9s adequada en cada cas<\/strong>, situaci\u00f3 que aconseguim tenint en compte les <strong>necessitats i caracter\u00edstiques de cada pacient<\/strong>. Nom\u00e9s aix\u00ed ens podem assegurar un <strong>alt percentatge d&#8217;\u00e8xit<\/strong> en cadascuna de les intervencions.<\/p>\n<p>&nbsp;<\/p>\n<h2 style=\"text-align: justify;\">Depend\u00e8ncia de l&#8217;alcohol<\/h2>\n<p style=\"text-align: justify;\">L&#8217;<strong>addicci\u00f3 a l&#8217;alcohol<\/strong> crea <strong>toler\u00e0ncia<\/strong>, que es produeix per l&#8217;adaptaci\u00f3 cerebral a la pres\u00e8ncia d&#8217;altes concentracions, i <strong>depend\u00e8ncia f\u00edsica<\/strong>, que s\u00f3n s\u00edmptomes d&#8217;abstin\u00e8ncia que tenen lloc quan disminueix o cessa el consum. Les etapes de l&#8217;alcoholisme s\u00f3n tres: <strong>consum de risc, consum nociu i depend\u00e8ncia<\/strong>.<\/p>\n<p style=\"text-align: justify;\"><strong>Les principals complicacions de l&#8217;alcoholisme s\u00f3n<\/strong>: afectacions neurol\u00f2giques; efectes sobre l&#8217;aparell digestiu i gl\u00e0ndules annexes; efectes sobre l&#8217;apart cardiovascular; i efectes sobre l&#8217;aparell genitourinari i trastorns psiqui\u00e0trics. A m\u00e9s, entre <strong>les causes de l&#8217;alcoholisme<\/strong> hi ha l&#8217;her\u00e8ncia, l&#8217;educaci\u00f3, l&#8217;acceptaci\u00f3 social per relacionar-nos amb els altres i la creen\u00e7a que ajuda a superar els problemes personals.<\/p>\n<p>&nbsp;<\/p>\n<h2 style=\"text-align: justify;\">Claus per a la desintoxicaci\u00f3<\/h2>\n<p style=\"text-align: justify;\">La clau per obtenir l&#8217;\u00e8xit a la <strong>desintoxicaci\u00f3 d&#8217;addiccions<\/strong>, com pot ser la depend\u00e8ncia de l&#8217;alcohol, \u00e9s <strong>con\u00e8ixer les causes que tenen una incid\u00e8ncia directa a la mateixa<\/strong>. En el cas de l&#8217;alcoholisme, algunes s\u00f3n:<\/p>\n<ul style=\"text-align: justify;\">\n<li><strong>Canvis en la conducta<\/strong> de les persones addictes a l&#8217;alcohol, que sol relacionada amb l&#8217;aparici\u00f3 d&#8217;episodis violents i agressius.<\/li>\n<li>Els alcoh\u00f2lics <strong>beuen en solitari i solen justificar<\/strong> el fet de beure en qualsevol situaci\u00f3.<\/li>\n<li>Els problemes amb l&#8217;alcohol produeixen una <strong>p\u00e8rdua de la capacitat intel\u00b7lectual i de la mem\u00f2ria<\/strong>.<\/li>\n<li>Es crea una <strong>depend\u00e8ncia de l&#8217;alcohol<\/strong>, arribant a no poder aguantar ni un sol dia sense beure.<\/li>\n<li>Es produeix un <strong>descuit important de l&#8217;alimentaci\u00f3 i de l&#8217;aspecte personal<\/strong>.<\/li>\n<\/ul>\n<p style=\"text-align: justify;\">Necessites acudir a una ter\u00e0pia per a l&#8217;alcoholisme? <strong>El millor tractament psicol\u00f2gic de l&#8217;alcoholisme a Psicocl\u00ednica Barcelona<\/strong>. Som un centre psicol\u00f2gic que compta amb ter\u00e0pies en l\u00ednia, a m\u00e9s dels m\u00e8todes tradicionals de psicoter\u00e0pia. Informeu-vos sobre l&#8217;\u00e0mplia gamma de <strong>psicologia cl\u00ednica<\/strong> que posem a disposici\u00f3 dels nostres pacients.<\/p>\n","protected":false},"excerpt":{"rendered":"<p>Els conflictes amb l&#8217;alcohol s\u00f3n un dels grans problemes de la societat actual, principalment a les societats m\u00e9s avan\u00e7ades o anomenades del primer m\u00f3n. Per exemple, un 10% dels espanyols beu cada dia, una xifra que entre els homes puja al 15%. A Espanya, el problema amb aquesta droga legal d\u00f3na unes dades m\u00e9s que&hellip;<\/p>\n","protected":false},"author":5,"featured_media":0,"parent":0,"menu_order":0,"comment_status":"closed","ping_status":"closed","template":"","meta":{"footnotes":""},"class_list":["post-6280","page","type-page","status-publish","hentry","entry","no-media"],"yoast_head":"<!-- This site is optimized with the Yoast SEO plugin v24.6 - https:\/\/yoast.com\/wordpress\/plugins\/seo\/ -->\n<title>Psicoleg alcoholisme Barcelona<\/title>\n<meta name=\"description\" content=\"PSICOCL\u00cdNICA BARCELONA. Ter\u00e0pia alcoholisme Barcelona. Tractament psicol\u00f2gic per a l&#039;alcoholisme\" \/>\n<meta name=\"robots\" content=\"index, follow, max-snippet:-1, max-image-preview:large, max-video-preview:-1\" \/>\n<link rel=\"canonical\" href=\"https:\/\/psicoclinicabarcelona.com\/ca\/psicolegs-alcoholisme\/\" \/>\n<meta property=\"og:locale\" content=\"ca_ES\" \/>\n<meta property=\"og:type\" content=\"article\" \/>\n<meta property=\"og:title\" content=\"Psicoleg alcoholisme Barcelona\" \/>\n<meta property=\"og:description\" content=\"PSICOCL\u00cdNICA BARCELONA. Ter\u00e0pia alcoholisme Barcelona. Tractament psicol\u00f2gic per a l&#039;alcoholisme\" \/>\n<meta property=\"og:url\" content=\"https:\/\/psicoclinicabarcelona.com\/ca\/psicolegs-alcoholisme\/\" \/>\n<meta property=\"og:site_name\" content=\"Psicocl\u00ednica Barcelona\" \/>\n<meta property=\"article:publisher\" content=\"https:\/\/www.facebook.com\/PsicoclinicaBarcelona\/\" \/>\n<meta property=\"article:modified_time\" content=\"2023-04-25T10:38:50+00:00\" \/>\n<meta property=\"og:image\" content=\"https:\/\/psicoclinicabarcelona.com\/wp-content\/uploads\/2017\/09\/alcoholismo-1024x655.jpg\" \/>\n<meta name=\"twitter:label1\" content=\"Temps estimat de lectura\" \/>\n\t<meta name=\"twitter:data1\" content=\"3 minuts\" \/>\n<script type=\"application\/ld+json\" class=\"yoast-schema-graph\">{\"@context\":\"https:\/\/schema.org\",\"@graph\":[{\"@type\":\"WebPage\",\"@id\":\"https:\/\/psicoclinicabarcelona.com\/ca\/psicolegs-alcoholisme\/\",\"url\":\"https:\/\/psicoclinicabarcelona.com\/ca\/psicolegs-alcoholisme\/\",\"name\":\"Psicoleg alcoholisme Barcelona\",\"isPartOf\":{\"@id\":\"https:\/\/psicoclinicabarcelona.com\/#website\"},\"primaryImageOfPage\":{\"@id\":\"https:\/\/psicoclinicabarcelona.com\/ca\/psicolegs-alcoholisme\/#primaryimage\"},\"image\":{\"@id\":\"https:\/\/psicoclinicabarcelona.com\/ca\/psicolegs-alcoholisme\/#primaryimage\"},\"thumbnailUrl\":\"https:\/\/psicoclinicabarcelona.com\/wp-content\/uploads\/2017\/09\/alcoholismo-1024x655.jpg\",\"datePublished\":\"2017-09-13T10:43:26+00:00\",\"dateModified\":\"2023-04-25T10:38:50+00:00\",\"description\":\"PSICOCL\u00cdNICA BARCELONA. Ter\u00e0pia alcoholisme Barcelona. Tractament psicol\u00f2gic per a l'alcoholisme\",\"breadcrumb\":{\"@id\":\"https:\/\/psicoclinicabarcelona.com\/ca\/psicolegs-alcoholisme\/#breadcrumb\"},\"inLanguage\":\"ca\",\"potentialAction\":[{\"@type\":\"ReadAction\",\"target\":[\"https:\/\/psicoclinicabarcelona.com\/ca\/psicolegs-alcoholisme\/\"]}]},{\"@type\":\"ImageObject\",\"inLanguage\":\"ca\",\"@id\":\"https:\/\/psicoclinicabarcelona.com\/ca\/psicolegs-alcoholisme\/#primaryimage\",\"url\":\"https:\/\/psicoclinicabarcelona.com\/wp-content\/uploads\/2017\/09\/alcoholismo-1024x655.jpg\",\"contentUrl\":\"https:\/\/psicoclinicabarcelona.com\/wp-content\/uploads\/2017\/09\/alcoholismo-1024x655.jpg\"},{\"@type\":\"BreadcrumbList\",\"@id\":\"https:\/\/psicoclinicabarcelona.com\/ca\/psicolegs-alcoholisme\/#breadcrumb\",\"itemListElement\":[{\"@type\":\"ListItem\",\"position\":1,\"name\":\"Portada\",\"item\":\"https:\/\/psicoclinicabarcelona.com\/ca\/\"},{\"@type\":\"ListItem\",\"position\":2,\"name\":\"Alcoholisme\"}]},{\"@type\":\"WebSite\",\"@id\":\"https:\/\/psicoclinicabarcelona.com\/#website\",\"url\":\"https:\/\/psicoclinicabarcelona.com\/\",\"name\":\"Psicocl\u00ednica Barcelona\",\"description\":\"Posiblemente el mejor psic\u00f3logo en Barcelona o la mejor psic\u00f3loga de Barcelona. Ll\u00e1manos sin compromiso al 935 414 478\",\"publisher\":{\"@id\":\"https:\/\/psicoclinicabarcelona.com\/#organization\"},\"alternateName\":\"Psicocl\u00ednica Barcelona\",\"potentialAction\":[{\"@type\":\"SearchAction\",\"target\":{\"@type\":\"EntryPoint\",\"urlTemplate\":\"https:\/\/psicoclinicabarcelona.com\/?s={search_term_string}\"},\"query-input\":{\"@type\":\"PropertyValueSpecification\",\"valueRequired\":true,\"valueName\":\"search_term_string\"}}],\"inLanguage\":\"ca\"},{\"@type\":\"Organization\",\"@id\":\"https:\/\/psicoclinicabarcelona.com\/#organization\",\"name\":\"Psicocl\u00ednica Barcelona\",\"alternateName\":\"Psicocl\u00ednica Barcelona\",\"url\":\"https:\/\/psicoclinicabarcelona.com\/\",\"logo\":{\"@type\":\"ImageObject\",\"inLanguage\":\"ca\",\"@id\":\"https:\/\/psicoclinicabarcelona.com\/#\/schema\/logo\/image\/\",\"url\":\"https:\/\/psicoclinicabarcelona.com\/wp-content\/uploads\/2015\/04\/psicologos-barcelona.png\",\"contentUrl\":\"https:\/\/psicoclinicabarcelona.com\/wp-content\/uploads\/2015\/04\/psicologos-barcelona.png\",\"width\":178,\"height\":62,\"caption\":\"Psicocl\u00ednica Barcelona\"},\"image\":{\"@id\":\"https:\/\/psicoclinicabarcelona.com\/#\/schema\/logo\/image\/\"},\"sameAs\":[\"https:\/\/www.facebook.com\/PsicoclinicaBarcelona\/\",\"https:\/\/x.com\/psicoclinicabcn\",\"https:\/\/www.linkedin.com\/company\/psicocl\u00ednica-barcelona\/\",\"https:\/\/www.instagram.com\/psicoclinicabarcelona\/\",\"https:\/\/www.youtube.com\/channel\/UCcc-5_wC56giASuT0XDr87Q\"]}]}<\/script>\n<!-- \/ Yoast SEO plugin. -->","yoast_head_json":{"title":"Psicoleg alcoholisme Barcelona","description":"PSICOCL\u00cdNICA BARCELONA. Ter\u00e0pia alcoholisme Barcelona. Tractament psicol\u00f2gic per a l'alcoholisme","robots":{"index":"index","follow":"follow","max-snippet":"max-snippet:-1","max-image-preview":"max-image-preview:large","max-video-preview":"max-video-preview:-1"},"canonical":"https:\/\/psicoclinicabarcelona.com\/ca\/psicolegs-alcoholisme\/","og_locale":"ca_ES","og_type":"article","og_title":"Psicoleg alcoholisme Barcelona","og_description":"PSICOCL\u00cdNICA BARCELONA. Ter\u00e0pia alcoholisme Barcelona. Tractament psicol\u00f2gic per a l'alcoholisme","og_url":"https:\/\/psicoclinicabarcelona.com\/ca\/psicolegs-alcoholisme\/","og_site_name":"Psicocl\u00ednica Barcelona","article_publisher":"https:\/\/www.facebook.com\/PsicoclinicaBarcelona\/","article_modified_time":"2023-04-25T10:38:50+00:00","og_image":[{"url":"https:\/\/psicoclinicabarcelona.com\/wp-content\/uploads\/2017\/09\/alcoholismo-1024x655.jpg","type":"","width":"","height":""}],"twitter_misc":{"Temps estimat de lectura":"3 minuts"},"schema":{"@context":"https:\/\/schema.org","@graph":[{"@type":"WebPage","@id":"https:\/\/psicoclinicabarcelona.com\/ca\/psicolegs-alcoholisme\/","url":"https:\/\/psicoclinicabarcelona.com\/ca\/psicolegs-alcoholisme\/","name":"Psicoleg alcoholisme Barcelona","isPartOf":{"@id":"https:\/\/psicoclinicabarcelona.com\/#website"},"primaryImageOfPage":{"@id":"https:\/\/psicoclinicabarcelona.com\/ca\/psicolegs-alcoholisme\/#primaryimage"},"image":{"@id":"https:\/\/psicoclinicabarcelona.com\/ca\/psicolegs-alcoholisme\/#primaryimage"},"thumbnailUrl":"https:\/\/psicoclinicabarcelona.com\/wp-content\/uploads\/2017\/09\/alcoholismo-1024x655.jpg","datePublished":"2017-09-13T10:43:26+00:00","dateModified":"2023-04-25T10:38:50+00:00","description":"PSICOCL\u00cdNICA BARCELONA. Ter\u00e0pia alcoholisme Barcelona. Tractament psicol\u00f2gic per a l'alcoholisme","breadcrumb":{"@id":"https:\/\/psicoclinicabarcelona.com\/ca\/psicolegs-alcoholisme\/#breadcrumb"},"inLanguage":"ca","potentialAction":[{"@type":"ReadAction","target":["https:\/\/psicoclinicabarcelona.com\/ca\/psicolegs-alcoholisme\/"]}]},{"@type":"ImageObject","inLanguage":"ca","@id":"https:\/\/psicoclinicabarcelona.com\/ca\/psicolegs-alcoholisme\/#primaryimage","url":"https:\/\/psicoclinicabarcelona.com\/wp-content\/uploads\/2017\/09\/alcoholismo-1024x655.jpg","contentUrl":"https:\/\/psicoclinicabarcelona.com\/wp-content\/uploads\/2017\/09\/alcoholismo-1024x655.jpg"},{"@type":"BreadcrumbList","@id":"https:\/\/psicoclinicabarcelona.com\/ca\/psicolegs-alcoholisme\/#breadcrumb","itemListElement":[{"@type":"ListItem","position":1,"name":"Portada","item":"https:\/\/psicoclinicabarcelona.com\/ca\/"},{"@type":"ListItem","position":2,"name":"Alcoholisme"}]},{"@type":"WebSite","@id":"https:\/\/psicoclinicabarcelona.com\/#website","url":"https:\/\/psicoclinicabarcelona.com\/","name":"Psicocl\u00ednica Barcelona","description":"Posiblemente el mejor psic\u00f3logo en Barcelona o la mejor psic\u00f3loga de Barcelona. Ll\u00e1manos sin compromiso al 935 414 478","publisher":{"@id":"https:\/\/psicoclinicabarcelona.com\/#organization"},"alternateName":"Psicocl\u00ednica Barcelona","potentialAction":[{"@type":"SearchAction","target":{"@type":"EntryPoint","urlTemplate":"https:\/\/psicoclinicabarcelona.com\/?s={search_term_string}"},"query-input":{"@type":"PropertyValueSpecification","valueRequired":true,"valueName":"search_term_string"}}],"inLanguage":"ca"},{"@type":"Organization","@id":"https:\/\/psicoclinicabarcelona.com\/#organization","name":"Psicocl\u00ednica Barcelona","alternateName":"Psicocl\u00ednica Barcelona","url":"https:\/\/psicoclinicabarcelona.com\/","logo":{"@type":"ImageObject","inLanguage":"ca","@id":"https:\/\/psicoclinicabarcelona.com\/#\/schema\/logo\/image\/","url":"https:\/\/psicoclinicabarcelona.com\/wp-content\/uploads\/2015\/04\/psicologos-barcelona.png","contentUrl":"https:\/\/psicoclinicabarcelona.com\/wp-content\/uploads\/2015\/04\/psicologos-barcelona.png","width":178,"height":62,"caption":"Psicocl\u00ednica Barcelona"},"image":{"@id":"https:\/\/psicoclinicabarcelona.com\/#\/schema\/logo\/image\/"},"sameAs":["https:\/\/www.facebook.com\/PsicoclinicaBarcelona\/","https:\/\/x.com\/psicoclinicabcn","https:\/\/www.linkedin.com\/company\/psicocl\u00ednica-barcelona\/","https:\/\/www.instagram.com\/psicoclinicabarcelona\/","https:\/\/www.youtube.com\/channel\/UCcc-5_wC56giASuT0XDr87Q"]}]}},"_links":{"self":[{"href":"https:\/\/psicoclinicabarcelona.com\/ca\/wp-json\/wp\/v2\/pages\/6280"}],"collection":[{"href":"https:\/\/psicoclinicabarcelona.com\/ca\/wp-json\/wp\/v2\/pages"}],"about":[{"href":"https:\/\/psicoclinicabarcelona.com\/ca\/wp-json\/wp\/v2\/types\/page"}],"author":[{"embeddable":true,"href":"https:\/\/psicoclinicabarcelona.com\/ca\/wp-json\/wp\/v2\/users\/5"}],"replies":[{"embeddable":true,"href":"https:\/\/psicoclinicabarcelona.com\/ca\/wp-json\/wp\/v2\/comments?post=6280"}],"version-history":[{"count":2,"href":"https:\/\/psicoclinicabarcelona.com\/ca\/wp-json\/wp\/v2\/pages\/6280\/revisions"}],"predecessor-version":[{"id":6282,"href":"https:\/\/psicoclinicabarcelona.com\/ca\/wp-json\/wp\/v2\/pages\/6280\/revisions\/6282"}],"wp:attachment":[{"href":"https:\/\/psicoclinicabarcelona.com\/ca\/wp-json\/wp\/v2\/media?parent=6280"}],"curies":[{"name":"wp","href":"https:\/\/api.w.org\/{rel}","templated":true}]}}