{"id":6283,"date":"2017-09-13T10:46:46","date_gmt":"2017-09-13T10:46:46","guid":{"rendered":"https:\/\/psicoclinicabarcelona.com\/psicologos-adopcion\/"},"modified":"2023-04-25T12:45:56","modified_gmt":"2023-04-25T10:45:56","slug":"psicolegs-adopcio","status":"publish","type":"page","link":"https:\/\/psicoclinicabarcelona.com\/ca\/psicolegs-adopcio\/","title":{"rendered":"Adopci\u00f3"},"content":{"rendered":"<p style=\"text-align: justify;\"><img decoding=\"async\" class=\"aligncenter wp-image-2347 size-full\" src=\"https:\/\/psicoclinicabarcelona.com\/wp-content\/uploads\/2017\/09\/psicologia-adopcion.png\" alt=\"psicologo adopcion\" width=\"600\" height=\"400\" srcset=\"https:\/\/psicoclinicabarcelona.com\/wp-content\/uploads\/2017\/09\/psicologia-adopcion.png 600w, https:\/\/psicoclinicabarcelona.com\/wp-content\/uploads\/2017\/09\/psicologia-adopcion-300x200.png 300w\" sizes=\"(max-width: 600px) 100vw, 600px\" \/><\/p>\n<p style=\"text-align: justify;\">S\u00f3n moltes les parelles que opten per l&#8217;<strong>adopci\u00f3 a l&#8217;hora de tenir un fill<\/strong>. B\u00e9 per una impossibilitat f\u00edsica per tenir descend\u00e8ncia, b\u00e9 per voler augmentar la fam\u00edlia mitjan\u00e7ant aquest <strong>acte jur\u00eddic en virtut del qual un adult pren com a propi un fill ali\u00e8<\/strong>, moltes persones adopten un nen o una nena amb la finalitat de <strong>establir amb ell o ella una relaci\u00f3 paternofilial <\/strong>amb enlla\u00e7os id\u00e8ntics que els que resulten de la procreaci\u00f3.<\/p>\n<p>&nbsp;<\/p>\n<h2 style=\"text-align: justify;\">Psic\u00f2leg adopci\u00f3 Barcelona<\/h2>\n<p style=\"text-align: justify;\">De vegades, ser un fill adoptat pot generar diferents situacions que afectin la personalitat del mateix. <strong>A Psicologia Barcelona som experts en tractaments psicol\u00f2gics en casos d&#8217;adopci\u00f3 i posadopci\u00f3<\/strong>. A la nostra plantilla hi ha els millors professionals de la <strong>psicopedagogia infantil<\/strong>. Busca psic\u00f2leg a Barcelona? \u00c9s al lloc adequat.<\/p>\n<p style=\"text-align: justify;\">Els nostres <strong>psic\u00f2legs especialistes en adopcions acompanyen tant els pares com el fill al llarg de tot el proc\u00e9s d&#8217;adopci\u00f3<\/strong>. Una de les claus del nostre \u00e8xit, que ja han pogut comprovar tots aquells que han confiat en la nostra experi\u00e8ncia en la mat\u00e8ria de m\u00e9s de deu anys, \u00e9s aplicar les <strong>\u00faltimes novetats en tractaments en nens adoptats<\/strong>, aix\u00ed com la <strong>ter\u00e0pia per a l&#8217;adopci\u00f3 a Barcelona m\u00e9s innovadora<\/strong>.<\/p>\n<p>&nbsp;<\/p>\n<h2 style=\"text-align: justify;\">Motius per donar un fill en adopci\u00f3<\/h2>\n<p style=\"text-align: justify;\"><strong>Per qu\u00e8 alguns pares decideixen donar el seu fill en adopci\u00f3?<\/strong> S\u00f3n m\u00faltiples els factors que poden portar uns pares a donar el seu fill en adopci\u00f3 , com per exemple, <strong>la immaduresa afectiva, l&#8217;abs\u00e8ncia de la figura paterna, la manca de sosteniment familiar, l&#8217;abs\u00e8ncia de recursos econ\u00f2mics o la manca d&#8217;espai ps\u00edquic<\/strong>. Tamb\u00e9 es pot produir el que es coneix com a <strong>desligament responsable<\/strong>, \u00e9s a dir, quan la mare o el pare decideixen donar el seu fill en adopci\u00f3 sense cap pressi\u00f3 externa ni per fruit de la desesperaci\u00f3.<\/p>\n<p style=\"text-align: justify;\"><strong>Alguns dels motius que porten uns pares a adoptar un fill s\u00f3n:<\/strong><\/p>\n<ul style=\"text-align: justify;\">\n<li>Consci\u00e8ncia social amb la situaci\u00f3 dels nens.<\/li>\n<li>Dificultat per tenir un fill de manera biol\u00f2gica.<\/li>\n<\/ul>\n<p style=\"text-align: justify;\"><strong>Tipus de fam\u00edlies que decideixen adoptar:<\/strong><\/p>\n<ul style=\"text-align: justify;\">\n<li>Parelles que pateixen algun problema de fertilitat.<\/li>\n<li>Fam\u00edlies que, malgrat tenir fills biol\u00f2gics, decideixen adoptar un altre fill.<\/li>\n<li>Fam\u00edlies monoparentals que volen exercir la paternitat o maternitat en solitari.<\/li>\n<\/ul>\n<p>&nbsp;<\/p>\n<h2 style=\"text-align: justify;\">Alteracions psiqui\u00e0triques en els fills adoptats<\/h2>\n<p style=\"text-align: justify;\">Per\u00f2, quines s\u00f3n les <strong>alteracions psiqui\u00e0triques<\/strong> que solen apar\u00e8ixer en els nens adoptats? En els primers anys de vida es poden produir <strong>trastorns del desenvolupament o creixement<\/strong>, havent de tenir molt en compte en aquest punt l&#8217;<strong>inici de la marxa o del llenguatge<\/strong>. Segons van creixent els nens, poden apar\u00e8ixer <strong>problemes de conducta i aprenentatge<\/strong>, per la qual cosa en els primers anys d&#8217;escolaritat poden apar\u00e8ixer <strong>s\u00edmptomes d&#8217;hiperactivitat o de d\u00e8ficit d&#8217;atenci\u00f3<\/strong>. I a l&#8217;adolesc\u00e8ncia s\u00f3n comuns els <strong>trastorns de l&#8217;enlla\u00e7 o la por de no ser acceptats<\/strong>, que estan directament relacionats amb les experi\u00e8ncies viscudes durant els primers anys d&#8217;exist\u00e8ncia.<\/p>\n<p style=\"text-align: justify;\">Vols assistir a ter\u00e0pia per a l&#8217;adopci\u00f3 a Barcelona? <strong>Els millors tractaments psicol\u00f2gics en casos d&#8217;adopci\u00f3 o postadopci\u00f3 a Psicocl\u00ednica Barcelona<\/strong>. Som psic\u00f2legs especialistes en adopcions i psicopedagogia infantil. Si confieu en nosaltres rebreu els <strong>tractaments en nens m\u00e9s adequats en cada cas<\/strong>. Informeu-vos sense cap tipus de comprom\u00eds i podreu comptar amb el millor psic\u00f2leg a Barcelona.<\/p>\n","protected":false},"excerpt":{"rendered":"<p>S\u00f3n moltes les parelles que opten per l&#8217;adopci\u00f3 a l&#8217;hora de tenir un fill. B\u00e9 per una impossibilitat f\u00edsica per tenir descend\u00e8ncia, b\u00e9 per voler augmentar la fam\u00edlia mitjan\u00e7ant aquest acte jur\u00eddic en virtut del qual un adult pren com a propi un fill ali\u00e8, moltes persones adopten un nen o una nena amb la&hellip;<\/p>\n","protected":false},"author":5,"featured_media":0,"parent":0,"menu_order":0,"comment_status":"closed","ping_status":"closed","template":"","meta":{"footnotes":""},"class_list":["post-6283","page","type-page","status-publish","hentry","entry","no-media"],"yoast_head":"<!-- This site is optimized with the Yoast SEO plugin v24.6 - https:\/\/yoast.com\/wordpress\/plugins\/seo\/ -->\n<title>Psicoleg adopcio Barcelona<\/title>\n<meta name=\"description\" content=\"PSICOCL\u00cdNICA BARCELONA. Ter\u00e0pia adopci\u00f3 Barcelona. Tractament psicol\u00f2gic per a l&#039;adopci\u00f3\" \/>\n<meta name=\"robots\" content=\"index, follow, max-snippet:-1, max-image-preview:large, max-video-preview:-1\" \/>\n<link rel=\"canonical\" href=\"https:\/\/psicoclinicabarcelona.com\/ca\/psicolegs-adopcio\/\" \/>\n<meta property=\"og:locale\" content=\"ca_ES\" \/>\n<meta property=\"og:type\" content=\"article\" \/>\n<meta property=\"og:title\" content=\"Psicoleg adopcio Barcelona\" \/>\n<meta property=\"og:description\" content=\"PSICOCL\u00cdNICA BARCELONA. Ter\u00e0pia adopci\u00f3 Barcelona. Tractament psicol\u00f2gic per a l&#039;adopci\u00f3\" \/>\n<meta property=\"og:url\" content=\"https:\/\/psicoclinicabarcelona.com\/ca\/psicolegs-adopcio\/\" \/>\n<meta property=\"og:site_name\" content=\"Psicocl\u00ednica Barcelona\" \/>\n<meta property=\"article:publisher\" content=\"https:\/\/www.facebook.com\/PsicoclinicaBarcelona\/\" \/>\n<meta property=\"article:modified_time\" content=\"2023-04-25T10:45:56+00:00\" \/>\n<meta property=\"og:image\" content=\"https:\/\/psicoclinicabarcelona.com\/wp-content\/uploads\/2017\/09\/psicologia-adopcion.png\" \/>\n<meta name=\"twitter:label1\" content=\"Temps estimat de lectura\" \/>\n\t<meta name=\"twitter:data1\" content=\"3 minuts\" \/>\n<script type=\"application\/ld+json\" class=\"yoast-schema-graph\">{\"@context\":\"https:\/\/schema.org\",\"@graph\":[{\"@type\":\"WebPage\",\"@id\":\"https:\/\/psicoclinicabarcelona.com\/ca\/psicolegs-adopcio\/\",\"url\":\"https:\/\/psicoclinicabarcelona.com\/ca\/psicolegs-adopcio\/\",\"name\":\"Psicoleg adopcio Barcelona\",\"isPartOf\":{\"@id\":\"https:\/\/psicoclinicabarcelona.com\/#website\"},\"primaryImageOfPage\":{\"@id\":\"https:\/\/psicoclinicabarcelona.com\/ca\/psicolegs-adopcio\/#primaryimage\"},\"image\":{\"@id\":\"https:\/\/psicoclinicabarcelona.com\/ca\/psicolegs-adopcio\/#primaryimage\"},\"thumbnailUrl\":\"https:\/\/psicoclinicabarcelona.com\/wp-content\/uploads\/2017\/09\/psicologia-adopcion.png\",\"datePublished\":\"2017-09-13T10:46:46+00:00\",\"dateModified\":\"2023-04-25T10:45:56+00:00\",\"description\":\"PSICOCL\u00cdNICA BARCELONA. Ter\u00e0pia adopci\u00f3 Barcelona. Tractament psicol\u00f2gic per a l'adopci\u00f3\",\"breadcrumb\":{\"@id\":\"https:\/\/psicoclinicabarcelona.com\/ca\/psicolegs-adopcio\/#breadcrumb\"},\"inLanguage\":\"ca\",\"potentialAction\":[{\"@type\":\"ReadAction\",\"target\":[\"https:\/\/psicoclinicabarcelona.com\/ca\/psicolegs-adopcio\/\"]}]},{\"@type\":\"ImageObject\",\"inLanguage\":\"ca\",\"@id\":\"https:\/\/psicoclinicabarcelona.com\/ca\/psicolegs-adopcio\/#primaryimage\",\"url\":\"https:\/\/psicoclinicabarcelona.com\/wp-content\/uploads\/2017\/09\/psicologia-adopcion.png\",\"contentUrl\":\"https:\/\/psicoclinicabarcelona.com\/wp-content\/uploads\/2017\/09\/psicologia-adopcion.png\"},{\"@type\":\"BreadcrumbList\",\"@id\":\"https:\/\/psicoclinicabarcelona.com\/ca\/psicolegs-adopcio\/#breadcrumb\",\"itemListElement\":[{\"@type\":\"ListItem\",\"position\":1,\"name\":\"Portada\",\"item\":\"https:\/\/psicoclinicabarcelona.com\/ca\/\"},{\"@type\":\"ListItem\",\"position\":2,\"name\":\"Adopci\u00f3\"}]},{\"@type\":\"WebSite\",\"@id\":\"https:\/\/psicoclinicabarcelona.com\/#website\",\"url\":\"https:\/\/psicoclinicabarcelona.com\/\",\"name\":\"Psicocl\u00ednica Barcelona\",\"description\":\"Posiblemente el mejor psic\u00f3logo en Barcelona o la mejor psic\u00f3loga de Barcelona. Ll\u00e1manos sin compromiso al 935 414 478\",\"publisher\":{\"@id\":\"https:\/\/psicoclinicabarcelona.com\/#organization\"},\"alternateName\":\"Psicocl\u00ednica Barcelona\",\"potentialAction\":[{\"@type\":\"SearchAction\",\"target\":{\"@type\":\"EntryPoint\",\"urlTemplate\":\"https:\/\/psicoclinicabarcelona.com\/?s={search_term_string}\"},\"query-input\":{\"@type\":\"PropertyValueSpecification\",\"valueRequired\":true,\"valueName\":\"search_term_string\"}}],\"inLanguage\":\"ca\"},{\"@type\":\"Organization\",\"@id\":\"https:\/\/psicoclinicabarcelona.com\/#organization\",\"name\":\"Psicocl\u00ednica Barcelona\",\"alternateName\":\"Psicocl\u00ednica Barcelona\",\"url\":\"https:\/\/psicoclinicabarcelona.com\/\",\"logo\":{\"@type\":\"ImageObject\",\"inLanguage\":\"ca\",\"@id\":\"https:\/\/psicoclinicabarcelona.com\/#\/schema\/logo\/image\/\",\"url\":\"https:\/\/psicoclinicabarcelona.com\/wp-content\/uploads\/2015\/04\/psicologos-barcelona.png\",\"contentUrl\":\"https:\/\/psicoclinicabarcelona.com\/wp-content\/uploads\/2015\/04\/psicologos-barcelona.png\",\"width\":178,\"height\":62,\"caption\":\"Psicocl\u00ednica Barcelona\"},\"image\":{\"@id\":\"https:\/\/psicoclinicabarcelona.com\/#\/schema\/logo\/image\/\"},\"sameAs\":[\"https:\/\/www.facebook.com\/PsicoclinicaBarcelona\/\",\"https:\/\/x.com\/psicoclinicabcn\",\"https:\/\/www.linkedin.com\/company\/psicocl\u00ednica-barcelona\/\",\"https:\/\/www.instagram.com\/psicoclinicabarcelona\/\",\"https:\/\/www.youtube.com\/channel\/UCcc-5_wC56giASuT0XDr87Q\"]}]}<\/script>\n<!-- \/ Yoast SEO plugin. -->","yoast_head_json":{"title":"Psicoleg adopcio Barcelona","description":"PSICOCL\u00cdNICA BARCELONA. Ter\u00e0pia adopci\u00f3 Barcelona. Tractament psicol\u00f2gic per a l'adopci\u00f3","robots":{"index":"index","follow":"follow","max-snippet":"max-snippet:-1","max-image-preview":"max-image-preview:large","max-video-preview":"max-video-preview:-1"},"canonical":"https:\/\/psicoclinicabarcelona.com\/ca\/psicolegs-adopcio\/","og_locale":"ca_ES","og_type":"article","og_title":"Psicoleg adopcio Barcelona","og_description":"PSICOCL\u00cdNICA BARCELONA. Ter\u00e0pia adopci\u00f3 Barcelona. Tractament psicol\u00f2gic per a l'adopci\u00f3","og_url":"https:\/\/psicoclinicabarcelona.com\/ca\/psicolegs-adopcio\/","og_site_name":"Psicocl\u00ednica Barcelona","article_publisher":"https:\/\/www.facebook.com\/PsicoclinicaBarcelona\/","article_modified_time":"2023-04-25T10:45:56+00:00","og_image":[{"url":"https:\/\/psicoclinicabarcelona.com\/wp-content\/uploads\/2017\/09\/psicologia-adopcion.png","type":"","width":"","height":""}],"twitter_misc":{"Temps estimat de lectura":"3 minuts"},"schema":{"@context":"https:\/\/schema.org","@graph":[{"@type":"WebPage","@id":"https:\/\/psicoclinicabarcelona.com\/ca\/psicolegs-adopcio\/","url":"https:\/\/psicoclinicabarcelona.com\/ca\/psicolegs-adopcio\/","name":"Psicoleg adopcio Barcelona","isPartOf":{"@id":"https:\/\/psicoclinicabarcelona.com\/#website"},"primaryImageOfPage":{"@id":"https:\/\/psicoclinicabarcelona.com\/ca\/psicolegs-adopcio\/#primaryimage"},"image":{"@id":"https:\/\/psicoclinicabarcelona.com\/ca\/psicolegs-adopcio\/#primaryimage"},"thumbnailUrl":"https:\/\/psicoclinicabarcelona.com\/wp-content\/uploads\/2017\/09\/psicologia-adopcion.png","datePublished":"2017-09-13T10:46:46+00:00","dateModified":"2023-04-25T10:45:56+00:00","description":"PSICOCL\u00cdNICA BARCELONA. Ter\u00e0pia adopci\u00f3 Barcelona. Tractament psicol\u00f2gic per a l'adopci\u00f3","breadcrumb":{"@id":"https:\/\/psicoclinicabarcelona.com\/ca\/psicolegs-adopcio\/#breadcrumb"},"inLanguage":"ca","potentialAction":[{"@type":"ReadAction","target":["https:\/\/psicoclinicabarcelona.com\/ca\/psicolegs-adopcio\/"]}]},{"@type":"ImageObject","inLanguage":"ca","@id":"https:\/\/psicoclinicabarcelona.com\/ca\/psicolegs-adopcio\/#primaryimage","url":"https:\/\/psicoclinicabarcelona.com\/wp-content\/uploads\/2017\/09\/psicologia-adopcion.png","contentUrl":"https:\/\/psicoclinicabarcelona.com\/wp-content\/uploads\/2017\/09\/psicologia-adopcion.png"},{"@type":"BreadcrumbList","@id":"https:\/\/psicoclinicabarcelona.com\/ca\/psicolegs-adopcio\/#breadcrumb","itemListElement":[{"@type":"ListItem","position":1,"name":"Portada","item":"https:\/\/psicoclinicabarcelona.com\/ca\/"},{"@type":"ListItem","position":2,"name":"Adopci\u00f3"}]},{"@type":"WebSite","@id":"https:\/\/psicoclinicabarcelona.com\/#website","url":"https:\/\/psicoclinicabarcelona.com\/","name":"Psicocl\u00ednica Barcelona","description":"Posiblemente el mejor psic\u00f3logo en Barcelona o la mejor psic\u00f3loga de Barcelona. Ll\u00e1manos sin compromiso al 935 414 478","publisher":{"@id":"https:\/\/psicoclinicabarcelona.com\/#organization"},"alternateName":"Psicocl\u00ednica Barcelona","potentialAction":[{"@type":"SearchAction","target":{"@type":"EntryPoint","urlTemplate":"https:\/\/psicoclinicabarcelona.com\/?s={search_term_string}"},"query-input":{"@type":"PropertyValueSpecification","valueRequired":true,"valueName":"search_term_string"}}],"inLanguage":"ca"},{"@type":"Organization","@id":"https:\/\/psicoclinicabarcelona.com\/#organization","name":"Psicocl\u00ednica Barcelona","alternateName":"Psicocl\u00ednica Barcelona","url":"https:\/\/psicoclinicabarcelona.com\/","logo":{"@type":"ImageObject","inLanguage":"ca","@id":"https:\/\/psicoclinicabarcelona.com\/#\/schema\/logo\/image\/","url":"https:\/\/psicoclinicabarcelona.com\/wp-content\/uploads\/2015\/04\/psicologos-barcelona.png","contentUrl":"https:\/\/psicoclinicabarcelona.com\/wp-content\/uploads\/2015\/04\/psicologos-barcelona.png","width":178,"height":62,"caption":"Psicocl\u00ednica Barcelona"},"image":{"@id":"https:\/\/psicoclinicabarcelona.com\/#\/schema\/logo\/image\/"},"sameAs":["https:\/\/www.facebook.com\/PsicoclinicaBarcelona\/","https:\/\/x.com\/psicoclinicabcn","https:\/\/www.linkedin.com\/company\/psicocl\u00ednica-barcelona\/","https:\/\/www.instagram.com\/psicoclinicabarcelona\/","https:\/\/www.youtube.com\/channel\/UCcc-5_wC56giASuT0XDr87Q"]}]}},"_links":{"self":[{"href":"https:\/\/psicoclinicabarcelona.com\/ca\/wp-json\/wp\/v2\/pages\/6283"}],"collection":[{"href":"https:\/\/psicoclinicabarcelona.com\/ca\/wp-json\/wp\/v2\/pages"}],"about":[{"href":"https:\/\/psicoclinicabarcelona.com\/ca\/wp-json\/wp\/v2\/types\/page"}],"author":[{"embeddable":true,"href":"https:\/\/psicoclinicabarcelona.com\/ca\/wp-json\/wp\/v2\/users\/5"}],"replies":[{"embeddable":true,"href":"https:\/\/psicoclinicabarcelona.com\/ca\/wp-json\/wp\/v2\/comments?post=6283"}],"version-history":[{"count":2,"href":"https:\/\/psicoclinicabarcelona.com\/ca\/wp-json\/wp\/v2\/pages\/6283\/revisions"}],"predecessor-version":[{"id":6285,"href":"https:\/\/psicoclinicabarcelona.com\/ca\/wp-json\/wp\/v2\/pages\/6283\/revisions\/6285"}],"wp:attachment":[{"href":"https:\/\/psicoclinicabarcelona.com\/ca\/wp-json\/wp\/v2\/media?parent=6283"}],"curies":[{"name":"wp","href":"https:\/\/api.w.org\/{rel}","templated":true}]}}