{"id":6286,"date":"2017-09-13T10:55:55","date_gmt":"2017-09-13T10:55:55","guid":{"rendered":"https:\/\/psicoclinicabarcelona.com\/informes-psicologicos\/"},"modified":"2023-04-25T12:54:39","modified_gmt":"2023-04-25T10:54:39","slug":"informes-psicologics","status":"publish","type":"page","link":"https:\/\/psicoclinicabarcelona.com\/ca\/informes-psicologics\/","title":{"rendered":"Informes psicol\u00f2gics Barcelona"},"content":{"rendered":"<p><img decoding=\"async\" class=\"wp-image-2353 size-full aligncenter\" src=\"https:\/\/psicoclinicabarcelona.com\/wp-content\/uploads\/2017\/09\/informe-psicologo.jpg\" alt=\"informe psicologico\" width=\"654\" height=\"360\" srcset=\"https:\/\/psicoclinicabarcelona.com\/wp-content\/uploads\/2017\/09\/informe-psicologo.jpg 654w, https:\/\/psicoclinicabarcelona.com\/wp-content\/uploads\/2017\/09\/informe-psicologo-300x165.jpg 300w\" sizes=\"(max-width: 654px) 100vw, 654px\" \/><\/p>\n<p style=\"text-align: justify;\">S\u00f3n multitud les situacions i processos en qu\u00e8 una persona pot necessitar alguns dels diferents <strong>informes psicol\u00f2gics cl\u00ednics<\/strong> que existeixen.<strong>\u00a0Psicocl\u00ednica Barcelona<\/strong> posa a disposici\u00f3 dels seus pacients una \u00e0mplia <strong>gamma de serveis i tractaments<\/strong> en qu\u00e8 s&#8217;inclouen <strong>informes pericials, informes psiqui\u00e0trics, informe de personalitat<\/strong>.<\/p>\n<p style=\"text-align: justify;\">Una \u00e0mplia plantilla composta pels <strong>millors professionals<\/strong> <strong>sanitaris experts en psicoter\u00e0pia i psicodiagn\u00f2stic<\/strong> per a tot tipus de <strong>problemes de salut mental<\/strong>. La satisfacci\u00f3 dels qui ja han confiat en nosaltres \u00e9s la millor carta de presentaci\u00f3 amb qu\u00e8 comptem. Som un <strong>referent a les cl\u00edniques psicol\u00f2giques de Barcelona<\/strong>.<\/p>\n<p>&nbsp;<\/p>\n<h2 style=\"text-align: justify;\">Tipus d&#8217;informes psicol\u00f2gics<\/h2>\n<p style=\"text-align: justify;\">Hi ha diferents <strong>tipus d&#8217;informes psicol\u00f2gics<\/strong>, que han de ser realitzats per un <strong>professional titulat<\/strong> <strong>de la psiquiatria o la psicologia<\/strong>. A continuaci\u00f3 en detallem les caracter\u00edstiques:<\/p>\n<ul style=\"text-align: justify;\">\n<li><strong>Informe pericial:<\/strong> \u00e9s una <strong>prova reconeguda per llei<\/strong>. Aquest document \u00e9s em\u00e8s per un <strong>t\u00e8cnic perit judicial<\/strong> durant el desenvolupament d&#8217;un <strong>judici<\/strong>, o en la seva preparaci\u00f3. L&#8217;informe pericial pot ser <strong>sol\u00b7licitat pel jutge o per una de les parts<\/strong> implicades en el judici. El contingut del dictamen pericial no \u00e9s considerat com l&#8217;acreditaci\u00f3 d&#8217;un fet irrefutable, sin\u00f3 que \u00e9s l&#8217;opini\u00f3 <strong>d&#8217;un professional<\/strong>, per la qual cosa <strong>no \u00e9s vinculant<\/strong>.<\/li>\n<li><strong>Informe psiqui\u00e0tric<\/strong>: \u00e9s un <strong>document escrit<\/strong> en qu\u00e8 es refereixen determinats <strong>aspectes de la patologia psiqui\u00e0trica d&#8217;un pacient<\/strong>. Encara que un tribunal de just\u00edcia no est\u00e0 obligat a tenir-lo en compte en la seva sent\u00e8ncia, s\u00ed que ha d&#8217;explicar per qu\u00e8 \u00e9s adm\u00e8s o no, per la qual cosa estem davant d&#8217;un <strong>informe s\u00f2lid i rigor\u00f3s cient\u00edficament parlant<\/strong>. Serveix per a <strong>fins m\u00e8dics, legals o escolars<\/strong>. No ha d&#8217;incloure <strong>ni interpretacions ni opinions personals<\/strong>, sin\u00f3 basar-se en criteris diagn\u00f2stics acceptats per la comunitat cient\u00edfica.<\/li>\n<li><strong>Informe de personalitat<\/strong>: \u00e9s un document que consta <strong>d&#8217;una o m\u00e9s proves estandarditzades <\/strong>realitzades per un<strong> expert en psiquiatria o psicologia<\/strong>. La fi \u00e9s <strong>avaluar els diferents aspectes de la percepci\u00f3, de l&#8217;estat d&#8217;\u00e0nim i de l&#8217;estil d&#8217;afrontament emocional<\/strong> dels qui en s\u00f3n objecte. Les proves que inclouen valoren <strong>els<\/strong> <strong>estils de personalitat, els nivells d&#8217;ansietat i de depressi\u00f3 de manera objectiva<\/strong>. Els resultats es comparen amb un <strong>barem estandarditzat<\/strong> amb la mitjana de la poblaci\u00f3.<\/li>\n<\/ul>\n<p>&nbsp;<\/p>\n<h2 style=\"text-align: justify;\">La millor cl\u00ednica psicol\u00f2gica a Barcelona<\/h2>\n<p style=\"text-align: justify;\">Amb una <strong>atenci\u00f3 personalitzada<\/strong> per a cada pacient, perqu\u00e8 per a nosaltres no hi ha dos casos iguals, i una <strong>experi\u00e8ncia de m\u00e9s de deu anys <\/strong>de treball al m\u00f3n de la psicologia<strong>, <strong>Psicocl\u00ednica Barcelona <\/strong><\/strong>realitza tot tipus d&#8217;informes psicol\u00f2gics cl\u00ednics. Els nostres professionals<strong> s\u00f3n <strong>experts a detectar qualsevol problema de salut mental <\/strong><\/strong>i aporten un informe pericial sobre aquest de la manera m\u00e9s detallada.<\/p>\n<p style=\"text-align: justify;\">Si vols tenir el millor <strong>psicodiagn\u00f2stic <\/strong>i ser tractat amb la <strong>psicoter\u00e0pia m\u00e9s innovadora i avan\u00e7ada<\/strong> del moment, nom\u00e9s cal posar-se en contacte amb nosaltres i us informarem de l&#8217;\u00e0mplia gamma de serveis i tractaments amb qu\u00e8 els nostres professionals contribueixen a <strong>millorar la vostra salut de la manera m\u00e9s efica\u00e7 possible<\/strong>. Aquest \u00e9s el nostre \u00fanic objectiu. Poseu-vos a les nostres mans i veureu els resultats.<\/p>\n","protected":false},"excerpt":{"rendered":"<p>S\u00f3n multitud les situacions i processos en qu\u00e8 una persona pot necessitar alguns dels diferents informes psicol\u00f2gics cl\u00ednics que existeixen.\u00a0Psicocl\u00ednica Barcelona posa a disposici\u00f3 dels seus pacients una \u00e0mplia gamma de serveis i tractaments en qu\u00e8 s&#8217;inclouen informes pericials, informes psiqui\u00e0trics, informe de personalitat. Una \u00e0mplia plantilla composta pels millors professionals sanitaris experts en psicoter\u00e0pia&hellip;<\/p>\n","protected":false},"author":5,"featured_media":0,"parent":0,"menu_order":0,"comment_status":"closed","ping_status":"closed","template":"","meta":{"footnotes":""},"class_list":["post-6286","page","type-page","status-publish","hentry","entry","no-media"],"yoast_head":"<!-- This site is optimized with the Yoast SEO plugin v27.5 - https:\/\/yoast.com\/product\/yoast-seo-wordpress\/ -->\n<title>Informes psicologics Barcelona<\/title>\n<meta name=\"description\" content=\"PSICOCL\u00cdNICA BARCELONA. Informes psicol\u00f2gics Barcelona\" \/>\n<meta name=\"robots\" content=\"index, follow, max-snippet:-1, max-image-preview:large, max-video-preview:-1\" \/>\n<link rel=\"canonical\" href=\"https:\/\/psicoclinicabarcelona.com\/ca\/informes-psicologics\/\" \/>\n<meta property=\"og:locale\" content=\"ca_ES\" \/>\n<meta property=\"og:type\" content=\"article\" \/>\n<meta property=\"og:title\" content=\"Informes psicologics Barcelona\" \/>\n<meta property=\"og:description\" content=\"PSICOCL\u00cdNICA BARCELONA. Informes psicol\u00f2gics Barcelona\" \/>\n<meta property=\"og:url\" content=\"https:\/\/psicoclinicabarcelona.com\/ca\/informes-psicologics\/\" \/>\n<meta property=\"og:site_name\" content=\"Psicocl\u00ednica Barcelona\" \/>\n<meta property=\"article:publisher\" content=\"https:\/\/www.facebook.com\/PsicoclinicaBarcelona\/\" \/>\n<meta property=\"article:modified_time\" content=\"2023-04-25T10:54:39+00:00\" \/>\n<meta property=\"og:image\" content=\"https:\/\/psicoclinicabarcelona.com\/wp-content\/uploads\/2017\/09\/informe-psicologo.jpg\" \/>\n<meta name=\"twitter:label1\" content=\"Temps estimat de lectura\" \/>\n\t<meta name=\"twitter:data1\" content=\"3 minuts\" \/>\n<script type=\"application\/ld+json\" class=\"yoast-schema-graph\">{\"@context\":\"https:\\\/\\\/schema.org\",\"@graph\":[{\"@type\":\"WebPage\",\"@id\":\"https:\\\/\\\/psicoclinicabarcelona.com\\\/ca\\\/informes-psicologics\\\/\",\"url\":\"https:\\\/\\\/psicoclinicabarcelona.com\\\/ca\\\/informes-psicologics\\\/\",\"name\":\"Informes psicologics Barcelona\",\"isPartOf\":{\"@id\":\"https:\\\/\\\/psicoclinicabarcelona.com\\\/#website\"},\"primaryImageOfPage\":{\"@id\":\"https:\\\/\\\/psicoclinicabarcelona.com\\\/ca\\\/informes-psicologics\\\/#primaryimage\"},\"image\":{\"@id\":\"https:\\\/\\\/psicoclinicabarcelona.com\\\/ca\\\/informes-psicologics\\\/#primaryimage\"},\"thumbnailUrl\":\"https:\\\/\\\/psicoclinicabarcelona.com\\\/wp-content\\\/uploads\\\/2017\\\/09\\\/informe-psicologo.jpg\",\"datePublished\":\"2017-09-13T10:55:55+00:00\",\"dateModified\":\"2023-04-25T10:54:39+00:00\",\"description\":\"PSICOCL\u00cdNICA BARCELONA. Informes psicol\u00f2gics Barcelona\",\"breadcrumb\":{\"@id\":\"https:\\\/\\\/psicoclinicabarcelona.com\\\/ca\\\/informes-psicologics\\\/#breadcrumb\"},\"inLanguage\":\"ca\",\"potentialAction\":[{\"@type\":\"ReadAction\",\"target\":[\"https:\\\/\\\/psicoclinicabarcelona.com\\\/ca\\\/informes-psicologics\\\/\"]}]},{\"@type\":\"ImageObject\",\"inLanguage\":\"ca\",\"@id\":\"https:\\\/\\\/psicoclinicabarcelona.com\\\/ca\\\/informes-psicologics\\\/#primaryimage\",\"url\":\"https:\\\/\\\/psicoclinicabarcelona.com\\\/wp-content\\\/uploads\\\/2017\\\/09\\\/informe-psicologo.jpg\",\"contentUrl\":\"https:\\\/\\\/psicoclinicabarcelona.com\\\/wp-content\\\/uploads\\\/2017\\\/09\\\/informe-psicologo.jpg\"},{\"@type\":\"BreadcrumbList\",\"@id\":\"https:\\\/\\\/psicoclinicabarcelona.com\\\/ca\\\/informes-psicologics\\\/#breadcrumb\",\"itemListElement\":[{\"@type\":\"ListItem\",\"position\":1,\"name\":\"Portada\",\"item\":\"https:\\\/\\\/psicoclinicabarcelona.com\\\/ca\\\/\"},{\"@type\":\"ListItem\",\"position\":2,\"name\":\"Informes psicol\u00f2gics Barcelona\"}]},{\"@type\":\"WebSite\",\"@id\":\"https:\\\/\\\/psicoclinicabarcelona.com\\\/#website\",\"url\":\"https:\\\/\\\/psicoclinicabarcelona.com\\\/\",\"name\":\"Psicocl\u00ednica Barcelona\",\"description\":\"Posiblemente el mejor psic\u00f3logo en Barcelona o la mejor psic\u00f3loga de Barcelona. Ll\u00e1manos sin compromiso al 935 414 478\",\"publisher\":{\"@id\":\"https:\\\/\\\/psicoclinicabarcelona.com\\\/#organization\"},\"alternateName\":\"Psicocl\u00ednica Barcelona\",\"potentialAction\":[{\"@type\":\"SearchAction\",\"target\":{\"@type\":\"EntryPoint\",\"urlTemplate\":\"https:\\\/\\\/psicoclinicabarcelona.com\\\/?s={search_term_string}\"},\"query-input\":{\"@type\":\"PropertyValueSpecification\",\"valueRequired\":true,\"valueName\":\"search_term_string\"}}],\"inLanguage\":\"ca\"},{\"@type\":\"Organization\",\"@id\":\"https:\\\/\\\/psicoclinicabarcelona.com\\\/#organization\",\"name\":\"Psicocl\u00ednica Barcelona\",\"alternateName\":\"Psicocl\u00ednica Barcelona\",\"url\":\"https:\\\/\\\/psicoclinicabarcelona.com\\\/\",\"logo\":{\"@type\":\"ImageObject\",\"inLanguage\":\"ca\",\"@id\":\"https:\\\/\\\/psicoclinicabarcelona.com\\\/#\\\/schema\\\/logo\\\/image\\\/\",\"url\":\"https:\\\/\\\/psicoclinicabarcelona.com\\\/wp-content\\\/uploads\\\/2015\\\/04\\\/psicologos-barcelona.png\",\"contentUrl\":\"https:\\\/\\\/psicoclinicabarcelona.com\\\/wp-content\\\/uploads\\\/2015\\\/04\\\/psicologos-barcelona.png\",\"width\":178,\"height\":62,\"caption\":\"Psicocl\u00ednica Barcelona\"},\"image\":{\"@id\":\"https:\\\/\\\/psicoclinicabarcelona.com\\\/#\\\/schema\\\/logo\\\/image\\\/\"},\"sameAs\":[\"https:\\\/\\\/www.facebook.com\\\/PsicoclinicaBarcelona\\\/\",\"https:\\\/\\\/x.com\\\/psicoclinicabcn\",\"https:\\\/\\\/www.linkedin.com\\\/company\\\/psicocl\u00ednica-barcelona\\\/\",\"https:\\\/\\\/www.instagram.com\\\/psicoclinicabarcelona\\\/\",\"https:\\\/\\\/www.youtube.com\\\/channel\\\/UCcc-5_wC56giASuT0XDr87Q\"]}]}<\/script>\n<!-- \/ Yoast SEO plugin. -->","yoast_head_json":{"title":"Informes psicologics Barcelona","description":"PSICOCL\u00cdNICA BARCELONA. Informes psicol\u00f2gics Barcelona","robots":{"index":"index","follow":"follow","max-snippet":"max-snippet:-1","max-image-preview":"max-image-preview:large","max-video-preview":"max-video-preview:-1"},"canonical":"https:\/\/psicoclinicabarcelona.com\/ca\/informes-psicologics\/","og_locale":"ca_ES","og_type":"article","og_title":"Informes psicologics Barcelona","og_description":"PSICOCL\u00cdNICA BARCELONA. Informes psicol\u00f2gics Barcelona","og_url":"https:\/\/psicoclinicabarcelona.com\/ca\/informes-psicologics\/","og_site_name":"Psicocl\u00ednica Barcelona","article_publisher":"https:\/\/www.facebook.com\/PsicoclinicaBarcelona\/","article_modified_time":"2023-04-25T10:54:39+00:00","og_image":[{"url":"https:\/\/psicoclinicabarcelona.com\/wp-content\/uploads\/2017\/09\/informe-psicologo.jpg","type":"","width":"","height":""}],"twitter_misc":{"Temps estimat de lectura":"3 minuts"},"schema":{"@context":"https:\/\/schema.org","@graph":[{"@type":"WebPage","@id":"https:\/\/psicoclinicabarcelona.com\/ca\/informes-psicologics\/","url":"https:\/\/psicoclinicabarcelona.com\/ca\/informes-psicologics\/","name":"Informes psicologics Barcelona","isPartOf":{"@id":"https:\/\/psicoclinicabarcelona.com\/#website"},"primaryImageOfPage":{"@id":"https:\/\/psicoclinicabarcelona.com\/ca\/informes-psicologics\/#primaryimage"},"image":{"@id":"https:\/\/psicoclinicabarcelona.com\/ca\/informes-psicologics\/#primaryimage"},"thumbnailUrl":"https:\/\/psicoclinicabarcelona.com\/wp-content\/uploads\/2017\/09\/informe-psicologo.jpg","datePublished":"2017-09-13T10:55:55+00:00","dateModified":"2023-04-25T10:54:39+00:00","description":"PSICOCL\u00cdNICA BARCELONA. Informes psicol\u00f2gics Barcelona","breadcrumb":{"@id":"https:\/\/psicoclinicabarcelona.com\/ca\/informes-psicologics\/#breadcrumb"},"inLanguage":"ca","potentialAction":[{"@type":"ReadAction","target":["https:\/\/psicoclinicabarcelona.com\/ca\/informes-psicologics\/"]}]},{"@type":"ImageObject","inLanguage":"ca","@id":"https:\/\/psicoclinicabarcelona.com\/ca\/informes-psicologics\/#primaryimage","url":"https:\/\/psicoclinicabarcelona.com\/wp-content\/uploads\/2017\/09\/informe-psicologo.jpg","contentUrl":"https:\/\/psicoclinicabarcelona.com\/wp-content\/uploads\/2017\/09\/informe-psicologo.jpg"},{"@type":"BreadcrumbList","@id":"https:\/\/psicoclinicabarcelona.com\/ca\/informes-psicologics\/#breadcrumb","itemListElement":[{"@type":"ListItem","position":1,"name":"Portada","item":"https:\/\/psicoclinicabarcelona.com\/ca\/"},{"@type":"ListItem","position":2,"name":"Informes psicol\u00f2gics Barcelona"}]},{"@type":"WebSite","@id":"https:\/\/psicoclinicabarcelona.com\/#website","url":"https:\/\/psicoclinicabarcelona.com\/","name":"Psicocl\u00ednica Barcelona","description":"Posiblemente el mejor psic\u00f3logo en Barcelona o la mejor psic\u00f3loga de Barcelona. Ll\u00e1manos sin compromiso al 935 414 478","publisher":{"@id":"https:\/\/psicoclinicabarcelona.com\/#organization"},"alternateName":"Psicocl\u00ednica Barcelona","potentialAction":[{"@type":"SearchAction","target":{"@type":"EntryPoint","urlTemplate":"https:\/\/psicoclinicabarcelona.com\/?s={search_term_string}"},"query-input":{"@type":"PropertyValueSpecification","valueRequired":true,"valueName":"search_term_string"}}],"inLanguage":"ca"},{"@type":"Organization","@id":"https:\/\/psicoclinicabarcelona.com\/#organization","name":"Psicocl\u00ednica Barcelona","alternateName":"Psicocl\u00ednica Barcelona","url":"https:\/\/psicoclinicabarcelona.com\/","logo":{"@type":"ImageObject","inLanguage":"ca","@id":"https:\/\/psicoclinicabarcelona.com\/#\/schema\/logo\/image\/","url":"https:\/\/psicoclinicabarcelona.com\/wp-content\/uploads\/2015\/04\/psicologos-barcelona.png","contentUrl":"https:\/\/psicoclinicabarcelona.com\/wp-content\/uploads\/2015\/04\/psicologos-barcelona.png","width":178,"height":62,"caption":"Psicocl\u00ednica Barcelona"},"image":{"@id":"https:\/\/psicoclinicabarcelona.com\/#\/schema\/logo\/image\/"},"sameAs":["https:\/\/www.facebook.com\/PsicoclinicaBarcelona\/","https:\/\/x.com\/psicoclinicabcn","https:\/\/www.linkedin.com\/company\/psicocl\u00ednica-barcelona\/","https:\/\/www.instagram.com\/psicoclinicabarcelona\/","https:\/\/www.youtube.com\/channel\/UCcc-5_wC56giASuT0XDr87Q"]}]}},"_links":{"self":[{"href":"https:\/\/psicoclinicabarcelona.com\/ca\/wp-json\/wp\/v2\/pages\/6286","targetHints":{"allow":["GET"]}}],"collection":[{"href":"https:\/\/psicoclinicabarcelona.com\/ca\/wp-json\/wp\/v2\/pages"}],"about":[{"href":"https:\/\/psicoclinicabarcelona.com\/ca\/wp-json\/wp\/v2\/types\/page"}],"author":[{"embeddable":true,"href":"https:\/\/psicoclinicabarcelona.com\/ca\/wp-json\/wp\/v2\/users\/5"}],"replies":[{"embeddable":true,"href":"https:\/\/psicoclinicabarcelona.com\/ca\/wp-json\/wp\/v2\/comments?post=6286"}],"version-history":[{"count":2,"href":"https:\/\/psicoclinicabarcelona.com\/ca\/wp-json\/wp\/v2\/pages\/6286\/revisions"}],"predecessor-version":[{"id":6288,"href":"https:\/\/psicoclinicabarcelona.com\/ca\/wp-json\/wp\/v2\/pages\/6286\/revisions\/6288"}],"wp:attachment":[{"href":"https:\/\/psicoclinicabarcelona.com\/ca\/wp-json\/wp\/v2\/media?parent=6286"}],"curies":[{"name":"wp","href":"https:\/\/api.w.org\/{rel}","templated":true}]}}