{"id":6376,"date":"2015-06-01T09:52:13","date_gmt":"2015-06-01T09:52:13","guid":{"rendered":"https:\/\/psicoclinicabarcelona.com\/politica-de-privacidad\/"},"modified":"2023-04-26T13:57:31","modified_gmt":"2023-04-26T11:57:31","slug":"politica-de-privadesa","status":"publish","type":"page","link":"https:\/\/psicoclinicabarcelona.com\/ca\/politica-de-privadesa\/","title":{"rendered":"Pol\u00edtica de privadesa"},"content":{"rendered":"<h1>Pol\u00edtica de privadesa<\/h1>\n<h2>Protecci\u00f3 de dades de car\u00e0cter personal segons el RGPD<\/h2>\n<p>M\u00aa Milagros Herrera Bastida &#8211; Psicocl\u00ednica Barcelona, en aplicaci\u00f3 de la normativa vigent en mat\u00e8ria de protecci\u00f3 de dades de car\u00e0cter personal, informa que les dades personals que es recullen a trav\u00e9s dels formularis del Lloc web: www.psicoclinicabarcelona.com, s&#8217;inclouen a els fitxers automatitzats espec\u00edfics d&#8217;usuaris dels serveis de M\u00aa Milagros Herrera Bastida &#8211; Psicocl\u00ednica Barcelona.<\/p>\n<p>La recollida i el tractament automatitzat de les dades de car\u00e0cter personal t\u00e9 com a finalitat el manteniment de la relaci\u00f3 comercial i l&#8217;exercici de tasques d&#8217;informaci\u00f3, formaci\u00f3, assessorament i altres activitats pr\u00f2pies de M\u00aa Milagros Herrera Bastida &#8211; Psicocl\u00ednica Barcelona.<\/p>\n<p>Aquestes dades nom\u00e9s seran cedides a aquelles entitats que siguin necess\u00e0ries amb l&#8217;\u00fanic objectiu de donar compliment a la finalitat exposada anteriorment.<\/p>\n<p>M\u00aa Milagros Herrera Bastida &#8211; Psicocl\u00ednica Barcelona adopta les mesures necess\u00e0ries per garantir la seguretat, integritat i confidencialitat de les dades conforme al que disposa el Reglament (UE) 2016\/679 del Parlament Europeu i del Consell, de 27 d&#8217;abril de 2016, relatiu a la protecci\u00f3 de les persones f\u00edsiques pel que fa al tractament de dades personals ia la lliure circulaci\u00f3 d&#8217;aquestes.<\/p>\n<p>L&#8217;usuari podr\u00e0 en qualsevol moment exercitar els drets d&#8217;acc\u00e9s, oposici\u00f3, rectificaci\u00f3, cancel\u00b7laci\u00f3, limitaci\u00f3 i portabilitat reconeguts a l&#8217;esmentat Reglament (UE). L&#8217;exercici d&#8217;aquests drets el pot fer el propi usuari a trav\u00e9s de correu electr\u00f2nic a: info@psicoclinicabarcelona.com o a l&#8217;adre\u00e7a: C\/ Sant Elies, 29 Esc. A 4\u00b03a, C.P. 08006 \u2013 Barcelona (Barcelona).<\/p>\n<p>L&#8217;usuari manifesta que totes les dades facilitades per ell s\u00f3n certes i correctes, i es compromet a mantenir-les actualitzades, comunicant els canvis a M\u00aa Milagros Herrera Bastida &#8211; Psicocl\u00ednica Barcelona.<\/p>\n<h2>Finalitat del tractament de les dades personals:<\/h2>\n<p><strong>Amb quina finalitat tractarem les vostres dades personals?<\/strong><\/p>\n<p>A M\u00aa Milagros Herrera Bastida &#8211; Psicocl\u00ednica Barcelona, tractarem les teves dades personals recollides a trav\u00e9s del Lloc Web: www.psicoclinicabarcelona.com, amb les finalitats seg\u00fcents:<\/p>\n<ul>\n<li style=\"list-style-type: none;\">\n<ol type=\"1\">\n<li>Donar compliment de les obligacions, comercials, laborals, corporatives i comptables de l&#8217;empresa.<\/li>\n<li>Prestar els seus serveis d&#8217;acord amb les necessitats particulars dels clients, per tal de complir els contractes subscrits per aquesta.<\/li>\n<li>Enviament d&#8217;informaci\u00f3 comercial i butlletins sobre nous serveis oferts a la web i del sector.<\/li>\n<li>Prestar els serveis contractats per l&#8217;usuari.<\/li>\n<li>Enviar informaci\u00f3 promocional via electr\u00f2nica.<\/li>\n<li>Facilitar la informaci\u00f3 sol\u00b7licitada per l&#8217;usuari a trav\u00e9s del formulari de contacte.<\/li>\n<\/ol>\n<\/li>\n<\/ul>\n<p>Et recordem que et pots oposar a l&#8217;enviament de comunicacions comercials per qualsevol via i en qualsevol moment, remetent un correu electr\u00f2nic a l&#8217;adre\u00e7a anteriorment indicada.<\/p>\n<p>Els camps d&#8217;aquests registres s\u00f3n d&#8217;emplenament obligatori, i \u00e9s impossible fer les finalitats expressades si no s&#8217;aporten aquestes dades.<\/p>\n<p><strong>Per quant de temps es conserven les dades personals recollides?<\/strong><\/p>\n<p>Les dades personals proporcionades es conservaran mentre es mantingui la relaci\u00f3 comercial o no en sol\u00b7liciti la supressi\u00f3 i durant el termini pel qual es puguin derivar responsabilitats legals pels serveis prestats.<\/p>\n<h2>Legitimaci\u00f3:<\/h2>\n<p>El tractament de les teves dades es realitza amb les bases jur\u00eddiques seg\u00fcents que legitimen el mateix:<\/p>\n<ul>\n<li style=\"list-style-type: none;\">\n<ol type=\"1\">\n<li>La sol\u00b7licitud d&#8217;informaci\u00f3 i\/o la contractaci\u00f3 dels serveis de M\u00aa Milagros Herrera Bastida &#8211;<br \/>\nPsicocl\u00ednica Barcelona, els termes i condicions de la qual es posaran a la teva disposici\u00f3 en tot cas, de<br \/>\nforma pr\u00e8via a una eventual contractaci\u00f3.<\/li>\n<li>El consentiment lliure, espec\u00edfic, informat i inequ\u00edvoc, mentre t&#8217;informem posant a la teva disposici\u00f3 la present pol\u00edtica de privadesa, que despr\u00e9s de la lectura de la mateixa, en cas d&#8217;estar<br \/>\nconforme, pots acceptar mitjan\u00e7ant una declaraci\u00f3 o una clara acci\u00f3 afirmativa, com ara el marcat<br \/>\nd&#8217;una casella disposada a aquest efecte.<\/li>\n<\/ol>\n<\/li>\n<\/ul>\n<p>En cas que no ens facilitis les teves dades o ho facis de forma err\u00f2nia o incompleta, no podrem atendre la teva sol\u00b7licitud, resultant del tot impossible proporcionar-te la informaci\u00f3 sol\u00b7licitada o dur a terme la contractaci\u00f3 dels serveis.<\/p>\n<h2>Destinataris:<\/h2>\n<p>Les dades no es comunicaran a cap tercer ali\u00e8 a M\u00aa Milagros Herrera Bastida &#8211; Psicocl\u00ednica Barcelona, excepte obligaci\u00f3 legal.<\/p>\n<h2>Dades recopilades per usuaris dels serveis<\/h2>\n<p>En els casos en qu\u00e8 l&#8217;usuari inclogui fitxers amb dades de car\u00e0cter personal als servidors d&#8217;allotjament compartit, M\u00aa Milagros Herrera Bastida &#8211; Psicocl\u00ednica Barcelona no es fa responsable de l&#8217;incompliment de l&#8217;usuari de l&#8217;RGPD.<\/p>\n<h2>Retenci\u00f3 de dades de conformitat amb la LSSI<\/h2>\n<p>M\u00aa Milagros Herrera Bastida &#8211; Psicocl\u00ednica Barcelona informa que, com a prestador de servei d&#8217;allotjament de dades i en virtut del que estableix la Llei 34\/2002 d&#8217;11 de juliol de Serveis de la Societat de la Informaci\u00f3 i de Comer\u00e7 Electr\u00f2nic (LSSI) , ret\u00e9 per un per\u00edode m\u00e0xim de 12 mesos la informaci\u00f3 imprescindible per identificar l&#8217;origen de les dades allotjades i el moment en qu\u00e8 es va iniciar la prestaci\u00f3 del servei. La retenci\u00f3 d&#8217;aquestes dades no afecta el secret de les comunicacions i nom\u00e9s es poden utilitzar en el marc d&#8217;una investigaci\u00f3 criminal o per a la<br \/>\nsalvaguarda de la seguretat p\u00fablica, posant-se a la disposici\u00f3 dels jutges i\/o tribunals o del Ministeri que aix\u00ed els requereixi.<\/p>\n<p>La comunicaci\u00f3 de dades a les Forces i Cossos de l&#8217;Estat es far\u00e0 en virtut del que disposa la normativa sobre protecci\u00f3 de dades personals.<\/p>\n<h2>Drets propietat intel\u00b7lectual www.psicoclinicabarcelona.com<\/h2>\n<p>M\u00aa Milagros Herrera Bastida &#8211; Psicocl\u00ednica Barcelona \u00e9s titular de tots els drets d&#8217;autor, propietat intel\u00b7lectual, industrial, &#8220;know how&#8221; i tots els altres drets tenen relaci\u00f3 amb els continguts del lloc web www.psicoclinicabarcelona.com i els serveis que s&#8217;hi ofereixen, aix\u00ed com dels programes necessaris per a la seva implementaci\u00f3 i la informaci\u00f3 relacionada.<\/p>\n<p>No es permet la reproducci\u00f3, publicaci\u00f3 i\/o \u00fas no estrictament privat dels continguts, totals o parcials, del lloc web www.psicoclinicabarcelona.com sense el consentiment previ i per escrit.<\/p>\n<h2>Propietat intel\u00b7lectual del programari<\/h2>\n<p>L&#8217;usuari ha de respectar els programes de tercers posats a la seva disposici\u00f3 per M\u00aa Milagros Herrera Bastida &#8211; Psicocl\u00ednica Barcelona, tot i ser gratu\u00efts i\/o de disposici\u00f3 p\u00fablica.<\/p>\n<p>M\u00aa Milagros Herrera Bastida &#8211; Psicocl\u00ednica Barcelona disposa dels drets d&#8217;explotaci\u00f3 i propietat intel\u00b7lectual necessaris del programari.<\/p>\n<p>L&#8217;usuari no adquireix cap dret o llic\u00e8ncia pel servei contractat, sobre el programari necessari per a la prestaci\u00f3 del servei, ni tampoc sobre la informaci\u00f3 t\u00e8cnica de seguiment del servei, excepci\u00f3 feta dels drets i llic\u00e8ncies necessaris per al compliment dels serveis contractats i \u00fanicament durant la durada dels mateixos.<\/p>\n<p>Per a tota actuaci\u00f3 que excedeixi el compliment del contracte, l&#8217;usuari necessitar\u00e0 autoritzaci\u00f3 per escrit per part de M\u00aa Milagros Herrera Bastida &#8211; Psicocl\u00ednica Barcelona, quedant prohibit a l&#8217;usuari accedir, modificar, visualitzar la configuraci\u00f3, estructura i fitxers dels servidors propietat de M\u00aa Milagros Herrera Bastida &#8211; Psicocl\u00ednica Barcelona, assumint la responsabilitat civil i penal derivada de qualsevol incid\u00e8ncia que es pogu\u00e9s produir als servidors i sistemes de seguretat com a conseq\u00fc\u00e8ncia directa d&#8217;una actuaci\u00f3 negligent o maliciosa per part seva.<\/p>\n<h2>Propietat intel\u00b7lectual dels continguts allotjats<\/h2>\n<p>Es prohibeix l&#8217;\u00fas contrari a la legislaci\u00f3 sobre propietat intel\u00b7lectual dels serveis prestats per M\u00aa Milagros Herrera Bastida &#8211; Psicocl\u00ednica Barcelona i, en particular:<\/p>\n<ul>\n<li>La utilitzaci\u00f3 que resulti contr\u00e0ria a les lleis espanyoles o que infringeixi els drets de tercers.<\/li>\n<li>La publicaci\u00f3 o la transmissi\u00f3 de qualsevol contingut que, segons el parer de M\u00aa Milagros Herrera Bastida &#8211; Psicocl\u00ednica Barcelona, resulti violent, obsc\u00e8, abusiu, il\u00b7legal, racial, xen\u00f2fob o difamatori.<\/li>\n<li>Els cracs, n\u00fameros de s\u00e8rie de programes o qualsevol altre contingut que vulneri drets de la<br \/>\npropietat intel\u00b7lectual de tercers.<\/li>\n<li>La recollida i\/o utilitzaci\u00f3 de dades personals d&#8217;altres usuaris sense el vostre consentiment expr\u00e9s o<br \/>\ncontravenint el que disposa el Reglament (UE) 2016\/679 del Parlament Europeu i del Consell, de<br \/>\n27 d&#8217;abril del 2016, relatiu a la protecci\u00f3 de les persones f\u00edsiques pel que fa al tractament de dades personals ia la lliure circulaci\u00f3 d&#8217;aquestes.<\/li>\n<li>La utilitzaci\u00f3 del servidor de correu del domini i de les adreces de correu electr\u00f2nic per a l&#8217;enviament de correu massiu no desitjat.<\/li>\n<\/ul>\n<p>L&#8217;usuari t\u00e9 tota la responsabilitat sobre el contingut del web, la informaci\u00f3 transmesa i emmagatzemada, els enlla\u00e7os d&#8217;hipertext, les reivindicacions de tercers i les accions legals en refer\u00e8ncia a propietat intel\u00b7lectual, drets de tercers i protecci\u00f3 de menors.<\/p>\n<p>L&#8217;usuari \u00e9s responsable respecte a les lleis i els reglaments en vigor i les regles que tenen a veure amb el funcionament del servei online, comer\u00e7 electr\u00f2nic, drets d&#8217;autor, manteniment de l&#8217;ordre p\u00fablic, aix\u00ed com principis universals d&#8217;\u00fas d&#8217;Internet.<\/p>\n<p>L&#8217;usuari indemnitzar\u00e0 M\u00aa Milagros Herrera Bastida &#8211; Psicocl\u00ednica Barcelona per les despeses que gener\u00e9s la imputaci\u00f3 de M\u00aa Milagros Herrera Bastida &#8211; Psicocl\u00ednica Barcelona en alguna causa la responsabilitat de la qual fos atribu\u00efble a l&#8217;usuari, inclosos els honoraris i les despeses de defensa jur\u00eddica, fins i tot en el cas d&#8217;una decisi\u00f3 judicial no definitiva.<\/p>\n<h2>Protecci\u00f3 de la informaci\u00f3 allotjada<\/h2>\n<p>M\u00aa Milagros Herrera Bastida &#8211; Psicocl\u00ednica Barcelona realitza c\u00f2pies de seguretat dels continguts allotjats als seus servidors, per\u00f2 no es responsabilitza de la p\u00e8rdua o esborrament accidental de les dades per part dels usuaris. De la mateixa manera, no garanteix la reposici\u00f3 total de les dades esborrades pels usuaris, ja que les dades esmentades podrien haver estat suprimides i\/o modificades durant el per\u00edode del temps transcorregut des de l&#8217;\u00faltima c\u00f2pia de seguretat.<\/p>\n<p>Els serveis oferts, excepte els serveis espec\u00edfics de backup, no inclouen la reposici\u00f3 dels continguts conservats a les c\u00f2pies de seguretat realitzades per M\u00aa Milagros Herrera Bastida &#8211; Psicocl\u00ednica Barcelona, quan aquesta p\u00e8rdua sigui imputable a l&#8217;usuari; en aquest cas, es determinar\u00e0 una tarifa d&#8217;acord amb la complexitat i el volum de la recuperaci\u00f3, sempre pr\u00e8via acceptaci\u00f3 de l&#8217;usuari.<\/p>\n<p>La reposici\u00f3 de dades esborrades nom\u00e9s est\u00e0 inclosa en el preu del servei quan la p\u00e8rdua del contingut sigui deguda a causes atribu\u00efbles a M\u00aa Milagros Herrera Bastida &#8211; Psicocl\u00ednica Barcelona.<\/p>\n<h2>Comunicacions comercials<\/h2>\n<p>En aplicaci\u00f3 de la LSSI. M\u00aa Milagros Herrera Bastida &#8211; Psicocl\u00ednica Barcelona no enviar\u00e0 comunicacions publicit\u00e0ries o promocionals per correu electr\u00f2nic o altre mitj\u00e0 de comunicaci\u00f3 electr\u00f2nica equivalent que pr\u00e8viament no haguessin estat sol\u00b7licitades o expressament autoritzades pels destinataris de les mateixes.<\/p>\n<p>En el cas d&#8217;usuaris amb qu\u00e8 hi hagi una relaci\u00f3 contractual pr\u00e8via, M\u00aa Milagros Herrera Bastida &#8211; Psicocl\u00ednica Barcelona s\u00ed que est\u00e0 autoritzat a l&#8217;enviament de comunicacions comercials referents a productes o serveis de M\u00aa Milagros Herrera Bastida &#8211; Psicocl\u00ednica Barcelona que siguin similars als que inicialment van ser objecte de contractaci\u00f3 amb el client.<\/p>\n<p>En tot cas, l&#8217;usuari, despr\u00e9s d&#8217;acreditar-ne la identitat, podr\u00e0 sol\u00b7licitar que no se li faci arribar m\u00e9s informaci\u00f3 comercial a trav\u00e9s dels canals d&#8217;Atenci\u00f3 al Client.<\/p>\n","protected":false},"excerpt":{"rendered":"<p>Pol\u00edtica de privadesa Protecci\u00f3 de dades de car\u00e0cter personal segons el RGPD M\u00aa Milagros Herrera Bastida &#8211; Psicocl\u00ednica Barcelona, en aplicaci\u00f3 de la normativa vigent en mat\u00e8ria de protecci\u00f3 de dades de car\u00e0cter personal, informa que les dades personals que es recullen a trav\u00e9s dels formularis del Lloc web: www.psicoclinicabarcelona.com, s&#8217;inclouen a els fitxers automatitzats&hellip;<\/p>\n","protected":false},"author":5,"featured_media":0,"parent":0,"menu_order":0,"comment_status":"open","ping_status":"open","template":"","meta":{"footnotes":""},"class_list":["post-6376","page","type-page","status-publish","hentry","entry","no-media"],"yoast_head":"<!-- This site is optimized with the Yoast SEO plugin v24.6 - https:\/\/yoast.com\/wordpress\/plugins\/seo\/ -->\n<title>Pol\u00edtica de privadesa<\/title>\n<meta name=\"robots\" content=\"noindex, nofollow\" \/>\n<meta property=\"og:locale\" content=\"ca_ES\" \/>\n<meta property=\"og:type\" content=\"article\" \/>\n<meta property=\"og:title\" content=\"Pol\u00edtica de privadesa\" \/>\n<meta property=\"og:description\" content=\"Pol\u00edtica de privadesa Protecci\u00f3 de dades de car\u00e0cter personal segons el RGPD M\u00aa Milagros Herrera Bastida &#8211; Psicocl\u00ednica Barcelona, en aplicaci\u00f3 de la normativa vigent en mat\u00e8ria de protecci\u00f3 de dades de car\u00e0cter personal, informa que les dades personals que es recullen a trav\u00e9s dels formularis del Lloc web: www.psicoclinicabarcelona.com, s&#8217;inclouen a els fitxers automatitzats&hellip;\" \/>\n<meta property=\"og:url\" content=\"https:\/\/psicoclinicabarcelona.com\/ca\/politica-de-privadesa\/\" \/>\n<meta property=\"og:site_name\" content=\"Psicocl\u00ednica Barcelona\" \/>\n<meta property=\"article:publisher\" content=\"https:\/\/www.facebook.com\/PsicoclinicaBarcelona\/\" \/>\n<meta property=\"article:modified_time\" content=\"2023-04-26T11:57:31+00:00\" \/>\n<meta property=\"og:image\" content=\"https:\/\/psicoclinicabarcelona.com\/wp-content\/uploads\/2015\/04\/psicologos-barcelona.png\" \/>\n\t<meta property=\"og:image:width\" content=\"178\" \/>\n\t<meta property=\"og:image:height\" content=\"62\" \/>\n\t<meta property=\"og:image:type\" content=\"image\/png\" \/>\n<meta name=\"twitter:label1\" content=\"Temps estimat de lectura\" \/>\n\t<meta name=\"twitter:data1\" content=\"8 minuts\" \/>\n<script type=\"application\/ld+json\" class=\"yoast-schema-graph\">{\"@context\":\"https:\/\/schema.org\",\"@graph\":[{\"@type\":\"WebPage\",\"@id\":\"https:\/\/psicoclinicabarcelona.com\/ca\/politica-de-privadesa\/\",\"url\":\"https:\/\/psicoclinicabarcelona.com\/ca\/politica-de-privadesa\/\",\"name\":\"Pol\u00edtica de privadesa\",\"isPartOf\":{\"@id\":\"https:\/\/psicoclinicabarcelona.com\/#website\"},\"datePublished\":\"2015-06-01T09:52:13+00:00\",\"dateModified\":\"2023-04-26T11:57:31+00:00\",\"breadcrumb\":{\"@id\":\"https:\/\/psicoclinicabarcelona.com\/ca\/politica-de-privadesa\/#breadcrumb\"},\"inLanguage\":\"ca\",\"potentialAction\":[{\"@type\":\"ReadAction\",\"target\":[\"https:\/\/psicoclinicabarcelona.com\/ca\/politica-de-privadesa\/\"]}]},{\"@type\":\"BreadcrumbList\",\"@id\":\"https:\/\/psicoclinicabarcelona.com\/ca\/politica-de-privadesa\/#breadcrumb\",\"itemListElement\":[{\"@type\":\"ListItem\",\"position\":1,\"name\":\"Portada\",\"item\":\"https:\/\/psicoclinicabarcelona.com\/ca\/\"},{\"@type\":\"ListItem\",\"position\":2,\"name\":\"Pol\u00edtica de privadesa\"}]},{\"@type\":\"WebSite\",\"@id\":\"https:\/\/psicoclinicabarcelona.com\/#website\",\"url\":\"https:\/\/psicoclinicabarcelona.com\/\",\"name\":\"Psicocl\u00ednica Barcelona\",\"description\":\"Posiblemente el mejor psic\u00f3logo en Barcelona o la mejor psic\u00f3loga de Barcelona. Ll\u00e1manos sin compromiso al 935 414 478\",\"publisher\":{\"@id\":\"https:\/\/psicoclinicabarcelona.com\/#organization\"},\"alternateName\":\"Psicocl\u00ednica Barcelona\",\"potentialAction\":[{\"@type\":\"SearchAction\",\"target\":{\"@type\":\"EntryPoint\",\"urlTemplate\":\"https:\/\/psicoclinicabarcelona.com\/?s={search_term_string}\"},\"query-input\":{\"@type\":\"PropertyValueSpecification\",\"valueRequired\":true,\"valueName\":\"search_term_string\"}}],\"inLanguage\":\"ca\"},{\"@type\":\"Organization\",\"@id\":\"https:\/\/psicoclinicabarcelona.com\/#organization\",\"name\":\"Psicocl\u00ednica Barcelona\",\"alternateName\":\"Psicocl\u00ednica Barcelona\",\"url\":\"https:\/\/psicoclinicabarcelona.com\/\",\"logo\":{\"@type\":\"ImageObject\",\"inLanguage\":\"ca\",\"@id\":\"https:\/\/psicoclinicabarcelona.com\/#\/schema\/logo\/image\/\",\"url\":\"https:\/\/psicoclinicabarcelona.com\/wp-content\/uploads\/2015\/04\/psicologos-barcelona.png\",\"contentUrl\":\"https:\/\/psicoclinicabarcelona.com\/wp-content\/uploads\/2015\/04\/psicologos-barcelona.png\",\"width\":178,\"height\":62,\"caption\":\"Psicocl\u00ednica Barcelona\"},\"image\":{\"@id\":\"https:\/\/psicoclinicabarcelona.com\/#\/schema\/logo\/image\/\"},\"sameAs\":[\"https:\/\/www.facebook.com\/PsicoclinicaBarcelona\/\",\"https:\/\/x.com\/psicoclinicabcn\",\"https:\/\/www.linkedin.com\/company\/psicocl\u00ednica-barcelona\/\",\"https:\/\/www.instagram.com\/psicoclinicabarcelona\/\",\"https:\/\/www.youtube.com\/channel\/UCcc-5_wC56giASuT0XDr87Q\"]}]}<\/script>\n<!-- \/ Yoast SEO plugin. -->","yoast_head_json":{"title":"Pol\u00edtica de privadesa","robots":{"index":"noindex","follow":"nofollow"},"og_locale":"ca_ES","og_type":"article","og_title":"Pol\u00edtica de privadesa","og_description":"Pol\u00edtica de privadesa Protecci\u00f3 de dades de car\u00e0cter personal segons el RGPD M\u00aa Milagros Herrera Bastida &#8211; Psicocl\u00ednica Barcelona, en aplicaci\u00f3 de la normativa vigent en mat\u00e8ria de protecci\u00f3 de dades de car\u00e0cter personal, informa que les dades personals que es recullen a trav\u00e9s dels formularis del Lloc web: www.psicoclinicabarcelona.com, s&#8217;inclouen a els fitxers automatitzats&hellip;","og_url":"https:\/\/psicoclinicabarcelona.com\/ca\/politica-de-privadesa\/","og_site_name":"Psicocl\u00ednica Barcelona","article_publisher":"https:\/\/www.facebook.com\/PsicoclinicaBarcelona\/","article_modified_time":"2023-04-26T11:57:31+00:00","og_image":[{"width":178,"height":62,"url":"https:\/\/psicoclinicabarcelona.com\/wp-content\/uploads\/2015\/04\/psicologos-barcelona.png","type":"image\/png"}],"twitter_misc":{"Temps estimat de lectura":"8 minuts"},"schema":{"@context":"https:\/\/schema.org","@graph":[{"@type":"WebPage","@id":"https:\/\/psicoclinicabarcelona.com\/ca\/politica-de-privadesa\/","url":"https:\/\/psicoclinicabarcelona.com\/ca\/politica-de-privadesa\/","name":"Pol\u00edtica de privadesa","isPartOf":{"@id":"https:\/\/psicoclinicabarcelona.com\/#website"},"datePublished":"2015-06-01T09:52:13+00:00","dateModified":"2023-04-26T11:57:31+00:00","breadcrumb":{"@id":"https:\/\/psicoclinicabarcelona.com\/ca\/politica-de-privadesa\/#breadcrumb"},"inLanguage":"ca","potentialAction":[{"@type":"ReadAction","target":["https:\/\/psicoclinicabarcelona.com\/ca\/politica-de-privadesa\/"]}]},{"@type":"BreadcrumbList","@id":"https:\/\/psicoclinicabarcelona.com\/ca\/politica-de-privadesa\/#breadcrumb","itemListElement":[{"@type":"ListItem","position":1,"name":"Portada","item":"https:\/\/psicoclinicabarcelona.com\/ca\/"},{"@type":"ListItem","position":2,"name":"Pol\u00edtica de privadesa"}]},{"@type":"WebSite","@id":"https:\/\/psicoclinicabarcelona.com\/#website","url":"https:\/\/psicoclinicabarcelona.com\/","name":"Psicocl\u00ednica Barcelona","description":"Posiblemente el mejor psic\u00f3logo en Barcelona o la mejor psic\u00f3loga de Barcelona. Ll\u00e1manos sin compromiso al 935 414 478","publisher":{"@id":"https:\/\/psicoclinicabarcelona.com\/#organization"},"alternateName":"Psicocl\u00ednica Barcelona","potentialAction":[{"@type":"SearchAction","target":{"@type":"EntryPoint","urlTemplate":"https:\/\/psicoclinicabarcelona.com\/?s={search_term_string}"},"query-input":{"@type":"PropertyValueSpecification","valueRequired":true,"valueName":"search_term_string"}}],"inLanguage":"ca"},{"@type":"Organization","@id":"https:\/\/psicoclinicabarcelona.com\/#organization","name":"Psicocl\u00ednica Barcelona","alternateName":"Psicocl\u00ednica Barcelona","url":"https:\/\/psicoclinicabarcelona.com\/","logo":{"@type":"ImageObject","inLanguage":"ca","@id":"https:\/\/psicoclinicabarcelona.com\/#\/schema\/logo\/image\/","url":"https:\/\/psicoclinicabarcelona.com\/wp-content\/uploads\/2015\/04\/psicologos-barcelona.png","contentUrl":"https:\/\/psicoclinicabarcelona.com\/wp-content\/uploads\/2015\/04\/psicologos-barcelona.png","width":178,"height":62,"caption":"Psicocl\u00ednica Barcelona"},"image":{"@id":"https:\/\/psicoclinicabarcelona.com\/#\/schema\/logo\/image\/"},"sameAs":["https:\/\/www.facebook.com\/PsicoclinicaBarcelona\/","https:\/\/x.com\/psicoclinicabcn","https:\/\/www.linkedin.com\/company\/psicocl\u00ednica-barcelona\/","https:\/\/www.instagram.com\/psicoclinicabarcelona\/","https:\/\/www.youtube.com\/channel\/UCcc-5_wC56giASuT0XDr87Q"]}]}},"_links":{"self":[{"href":"https:\/\/psicoclinicabarcelona.com\/ca\/wp-json\/wp\/v2\/pages\/6376"}],"collection":[{"href":"https:\/\/psicoclinicabarcelona.com\/ca\/wp-json\/wp\/v2\/pages"}],"about":[{"href":"https:\/\/psicoclinicabarcelona.com\/ca\/wp-json\/wp\/v2\/types\/page"}],"author":[{"embeddable":true,"href":"https:\/\/psicoclinicabarcelona.com\/ca\/wp-json\/wp\/v2\/users\/5"}],"replies":[{"embeddable":true,"href":"https:\/\/psicoclinicabarcelona.com\/ca\/wp-json\/wp\/v2\/comments?post=6376"}],"version-history":[{"count":2,"href":"https:\/\/psicoclinicabarcelona.com\/ca\/wp-json\/wp\/v2\/pages\/6376\/revisions"}],"predecessor-version":[{"id":6378,"href":"https:\/\/psicoclinicabarcelona.com\/ca\/wp-json\/wp\/v2\/pages\/6376\/revisions\/6378"}],"wp:attachment":[{"href":"https:\/\/psicoclinicabarcelona.com\/ca\/wp-json\/wp\/v2\/media?parent=6376"}],"curies":[{"name":"wp","href":"https:\/\/api.w.org\/{rel}","templated":true}]}}