{"id":6379,"date":"2015-08-30T16:45:50","date_gmt":"2015-08-30T16:45:50","guid":{"rendered":"https:\/\/psicoclinicabarcelona.com\/ser-padres\/"},"modified":"2023-04-26T14:04:34","modified_gmt":"2023-04-26T12:04:34","slug":"ser-pares","status":"publish","type":"page","link":"https:\/\/psicoclinicabarcelona.com\/ca\/ser-pares\/","title":{"rendered":"Ser pares"},"content":{"rendered":"<h2>QU\u00c8 \u00c9S NORMAL I QU\u00c8 NO HO \u00c9S<\/h2>\n<p>Hi ha res que es pugui considerar normal o anormal a les adquisicions d&#8217;un nen petit?<br \/>\nQuants pares ens demanen que els diguem amb detall quines s\u00f3n les adquisicions que ha de fer el seu fill el primer any de vida. Alguns fins i tot apunten minuciosament en una llibreta, com si es tract\u00e9s d&#8217;un informe de psicologia, quan li va sortir el primer incisiu, quan va fer aix\u00f2 o all\u00f2&#8230;<br \/>\nNosaltres sempre diem que cal anar amb compte amb les observacions i els judicis constants que fem, perqu\u00e8 la criatura es converteix m\u00e9s en una cosa a mesurar que en una persona.<br \/>\nVolem dir amb aix\u00f2 que un nad\u00f3, des del seu naixement (i fins i tot abans), \u00e9s un \u00e9sser sensible al que percep de l&#8217;inconscient d&#8217;aquells que hi viuen o estan a prop. \u00c9s a dir, l&#8217;\u00e9sser hum\u00e0 \u00e9s un \u00e9sser de llenguatge, de comunicaci\u00f3, un \u00e9sser sensible a tot all\u00f2 que percep dels altres: el seu humor, la seva olor, els seus ritmes motors, la seva veu\u2026 \u00c9s sensible a si els altres experimenten amor o indifer\u00e8ncia per ell, \u00e9s sensible al lloc que li donen, al respecte que tenen per la vida i pel que ell expressa. Si se&#8217;l tracta com un objecte, com un tub digestiu al qual cal omplir i no com un \u00e9sser hum\u00e0 que estima i el que se l&#8217;estima, el nen es converteix, a mesura que va creixent, en un aut\u00f2mat que funciona quan el seu amo els ho ordena. El nounat ja \u00e9s un subjecte hum\u00e0 que t\u00e9 desitjos i no nom\u00e9s necessitats. No \u00e9s un \u201cbeb\u00e8\u201d, sin\u00f3 que t\u00e9 un cognom que el lliga a una fam\u00edlia, un nom de pila que han triat per a ell, que \u00e9s el seu i al voltant del qual gira tota la seva vida de relaci\u00f3 amb els pares i els afins, part\u00edcips o no de les alegries i de les penes. I el nen t\u00e9 la intu\u00efci\u00f3 (si encara no t\u00e9 la intel\u00b7lig\u00e8ncia conscient) del veritable sentit de la relaci\u00f3 dels altres amb ell, sobretot pel que fa a la mare, al pare, als seus cuidadors, dels quals dep\u00e8n la seva vida. Tot aix\u00f2 es grava en el seu \u00e9sser i ho marca amb el llenguatge.<br \/>\nel displacer. Per descomptat tot aix\u00f2 \u00e9s inconscient i es realitza en resposta al que satisf\u00e0, disgusta o deixa indiferents els qui el crien i els qui el nen est\u00e0 lligat.<br \/>\nPer llegir m\u00e9s podeu consultar els seg\u00fcents articles:<\/p>\n<ul>\n<li><span style=\"color: #549ab9;\"><a style=\"color: #549ab9;\" href=\"https:\/\/psicoclinicabarcelona.com\/ca\/psicoleg-infantil-barcelona-primeres-adquisicions\/\" target=\"_blank\" rel=\"noopener\"><strong>Primeres adquisicions<\/strong><\/a> <\/span><\/li>\n<li><span style=\"color: #549ab9;\"><strong><a style=\"color: #549ab9;\" href=\"https:\/\/psicoclinicabarcelona.com\/ca\/psicoleg-infantil-barcelona-tot-te-un-ordre\/\" target=\"_blank\" rel=\"noopener\">Tot t\u00e9 un ordre<\/a><\/strong><\/span><\/li>\n<\/ul>\n<p><!--more--><\/p>\n<p><!--more--><\/p>\n<p>&nbsp;<\/p>\n<p>&nbsp;<\/p>\n","protected":false},"excerpt":{"rendered":"<p>QU\u00c8 \u00c9S NORMAL I QU\u00c8 NO HO \u00c9S Hi ha res que es pugui considerar normal o anormal a les adquisicions d&#8217;un nen petit? Quants pares ens demanen que els diguem amb detall quines s\u00f3n les adquisicions que ha de fer el seu fill el primer any de vida. Alguns fins i tot apunten minuciosament&hellip;<\/p>\n","protected":false},"author":2,"featured_media":0,"parent":0,"menu_order":0,"comment_status":"open","ping_status":"open","template":"","meta":{"footnotes":""},"class_list":["post-6379","page","type-page","status-publish","hentry","entry","no-media"],"yoast_head":"<!-- This site is optimized with the Yoast SEO plugin v24.6 - https:\/\/yoast.com\/wordpress\/plugins\/seo\/ -->\n<title>Ser pares<\/title>\n<meta name=\"description\" content=\"PSICOCL\u00cdNICA BARCELONA. T&#039;ajudem a fer front a la dif\u00edcil tasca de ser uns pares competents per dur a terme l&#039;educaci\u00f3 dels teus fills.\" \/>\n<meta name=\"robots\" content=\"index, follow, max-snippet:-1, max-image-preview:large, max-video-preview:-1\" \/>\n<link rel=\"canonical\" href=\"https:\/\/psicoclinicabarcelona.com\/ca\/ser-pares\/\" \/>\n<meta property=\"og:locale\" content=\"ca_ES\" \/>\n<meta property=\"og:type\" content=\"article\" \/>\n<meta property=\"og:title\" content=\"Ser pares\" \/>\n<meta property=\"og:description\" content=\"PSICOCL\u00cdNICA BARCELONA. T&#039;ajudem a fer front a la dif\u00edcil tasca de ser uns pares competents per dur a terme l&#039;educaci\u00f3 dels teus fills.\" \/>\n<meta property=\"og:url\" content=\"https:\/\/psicoclinicabarcelona.com\/ca\/ser-pares\/\" \/>\n<meta property=\"og:site_name\" content=\"Psicocl\u00ednica Barcelona\" \/>\n<meta property=\"article:publisher\" content=\"https:\/\/www.facebook.com\/PsicoclinicaBarcelona\/\" \/>\n<meta property=\"article:modified_time\" content=\"2023-04-26T12:04:34+00:00\" \/>\n<meta property=\"og:image\" content=\"https:\/\/psicoclinicabarcelona.com\/wp-content\/uploads\/2015\/04\/psicologos-barcelona.png\" \/>\n\t<meta property=\"og:image:width\" content=\"178\" \/>\n\t<meta property=\"og:image:height\" content=\"62\" \/>\n\t<meta property=\"og:image:type\" content=\"image\/png\" \/>\n<meta name=\"twitter:label1\" content=\"Temps estimat de lectura\" \/>\n\t<meta name=\"twitter:data1\" content=\"2 minuts\" \/>\n<script type=\"application\/ld+json\" class=\"yoast-schema-graph\">{\"@context\":\"https:\/\/schema.org\",\"@graph\":[{\"@type\":\"WebPage\",\"@id\":\"https:\/\/psicoclinicabarcelona.com\/ca\/ser-pares\/\",\"url\":\"https:\/\/psicoclinicabarcelona.com\/ca\/ser-pares\/\",\"name\":\"Ser pares\",\"isPartOf\":{\"@id\":\"https:\/\/psicoclinicabarcelona.com\/#website\"},\"datePublished\":\"2015-08-30T16:45:50+00:00\",\"dateModified\":\"2023-04-26T12:04:34+00:00\",\"description\":\"PSICOCL\u00cdNICA BARCELONA. T'ajudem a fer front a la dif\u00edcil tasca de ser uns pares competents per dur a terme l'educaci\u00f3 dels teus fills.\",\"breadcrumb\":{\"@id\":\"https:\/\/psicoclinicabarcelona.com\/ca\/ser-pares\/#breadcrumb\"},\"inLanguage\":\"ca\",\"potentialAction\":[{\"@type\":\"ReadAction\",\"target\":[\"https:\/\/psicoclinicabarcelona.com\/ca\/ser-pares\/\"]}]},{\"@type\":\"BreadcrumbList\",\"@id\":\"https:\/\/psicoclinicabarcelona.com\/ca\/ser-pares\/#breadcrumb\",\"itemListElement\":[{\"@type\":\"ListItem\",\"position\":1,\"name\":\"Portada\",\"item\":\"https:\/\/psicoclinicabarcelona.com\/ca\/\"},{\"@type\":\"ListItem\",\"position\":2,\"name\":\"Ser pares\"}]},{\"@type\":\"WebSite\",\"@id\":\"https:\/\/psicoclinicabarcelona.com\/#website\",\"url\":\"https:\/\/psicoclinicabarcelona.com\/\",\"name\":\"Psicocl\u00ednica Barcelona\",\"description\":\"Posiblemente el mejor psic\u00f3logo en Barcelona o la mejor psic\u00f3loga de Barcelona. Ll\u00e1manos sin compromiso al 935 414 478\",\"publisher\":{\"@id\":\"https:\/\/psicoclinicabarcelona.com\/#organization\"},\"alternateName\":\"Psicocl\u00ednica Barcelona\",\"potentialAction\":[{\"@type\":\"SearchAction\",\"target\":{\"@type\":\"EntryPoint\",\"urlTemplate\":\"https:\/\/psicoclinicabarcelona.com\/?s={search_term_string}\"},\"query-input\":{\"@type\":\"PropertyValueSpecification\",\"valueRequired\":true,\"valueName\":\"search_term_string\"}}],\"inLanguage\":\"ca\"},{\"@type\":\"Organization\",\"@id\":\"https:\/\/psicoclinicabarcelona.com\/#organization\",\"name\":\"Psicocl\u00ednica Barcelona\",\"alternateName\":\"Psicocl\u00ednica Barcelona\",\"url\":\"https:\/\/psicoclinicabarcelona.com\/\",\"logo\":{\"@type\":\"ImageObject\",\"inLanguage\":\"ca\",\"@id\":\"https:\/\/psicoclinicabarcelona.com\/#\/schema\/logo\/image\/\",\"url\":\"https:\/\/psicoclinicabarcelona.com\/wp-content\/uploads\/2015\/04\/psicologos-barcelona.png\",\"contentUrl\":\"https:\/\/psicoclinicabarcelona.com\/wp-content\/uploads\/2015\/04\/psicologos-barcelona.png\",\"width\":178,\"height\":62,\"caption\":\"Psicocl\u00ednica Barcelona\"},\"image\":{\"@id\":\"https:\/\/psicoclinicabarcelona.com\/#\/schema\/logo\/image\/\"},\"sameAs\":[\"https:\/\/www.facebook.com\/PsicoclinicaBarcelona\/\",\"https:\/\/x.com\/psicoclinicabcn\",\"https:\/\/www.linkedin.com\/company\/psicocl\u00ednica-barcelona\/\",\"https:\/\/www.instagram.com\/psicoclinicabarcelona\/\",\"https:\/\/www.youtube.com\/channel\/UCcc-5_wC56giASuT0XDr87Q\"]}]}<\/script>\n<!-- \/ Yoast SEO plugin. -->","yoast_head_json":{"title":"Ser pares","description":"PSICOCL\u00cdNICA BARCELONA. T'ajudem a fer front a la dif\u00edcil tasca de ser uns pares competents per dur a terme l'educaci\u00f3 dels teus fills.","robots":{"index":"index","follow":"follow","max-snippet":"max-snippet:-1","max-image-preview":"max-image-preview:large","max-video-preview":"max-video-preview:-1"},"canonical":"https:\/\/psicoclinicabarcelona.com\/ca\/ser-pares\/","og_locale":"ca_ES","og_type":"article","og_title":"Ser pares","og_description":"PSICOCL\u00cdNICA BARCELONA. T'ajudem a fer front a la dif\u00edcil tasca de ser uns pares competents per dur a terme l'educaci\u00f3 dels teus fills.","og_url":"https:\/\/psicoclinicabarcelona.com\/ca\/ser-pares\/","og_site_name":"Psicocl\u00ednica Barcelona","article_publisher":"https:\/\/www.facebook.com\/PsicoclinicaBarcelona\/","article_modified_time":"2023-04-26T12:04:34+00:00","og_image":[{"width":178,"height":62,"url":"https:\/\/psicoclinicabarcelona.com\/wp-content\/uploads\/2015\/04\/psicologos-barcelona.png","type":"image\/png"}],"twitter_misc":{"Temps estimat de lectura":"2 minuts"},"schema":{"@context":"https:\/\/schema.org","@graph":[{"@type":"WebPage","@id":"https:\/\/psicoclinicabarcelona.com\/ca\/ser-pares\/","url":"https:\/\/psicoclinicabarcelona.com\/ca\/ser-pares\/","name":"Ser pares","isPartOf":{"@id":"https:\/\/psicoclinicabarcelona.com\/#website"},"datePublished":"2015-08-30T16:45:50+00:00","dateModified":"2023-04-26T12:04:34+00:00","description":"PSICOCL\u00cdNICA BARCELONA. T'ajudem a fer front a la dif\u00edcil tasca de ser uns pares competents per dur a terme l'educaci\u00f3 dels teus fills.","breadcrumb":{"@id":"https:\/\/psicoclinicabarcelona.com\/ca\/ser-pares\/#breadcrumb"},"inLanguage":"ca","potentialAction":[{"@type":"ReadAction","target":["https:\/\/psicoclinicabarcelona.com\/ca\/ser-pares\/"]}]},{"@type":"BreadcrumbList","@id":"https:\/\/psicoclinicabarcelona.com\/ca\/ser-pares\/#breadcrumb","itemListElement":[{"@type":"ListItem","position":1,"name":"Portada","item":"https:\/\/psicoclinicabarcelona.com\/ca\/"},{"@type":"ListItem","position":2,"name":"Ser pares"}]},{"@type":"WebSite","@id":"https:\/\/psicoclinicabarcelona.com\/#website","url":"https:\/\/psicoclinicabarcelona.com\/","name":"Psicocl\u00ednica Barcelona","description":"Posiblemente el mejor psic\u00f3logo en Barcelona o la mejor psic\u00f3loga de Barcelona. Ll\u00e1manos sin compromiso al 935 414 478","publisher":{"@id":"https:\/\/psicoclinicabarcelona.com\/#organization"},"alternateName":"Psicocl\u00ednica Barcelona","potentialAction":[{"@type":"SearchAction","target":{"@type":"EntryPoint","urlTemplate":"https:\/\/psicoclinicabarcelona.com\/?s={search_term_string}"},"query-input":{"@type":"PropertyValueSpecification","valueRequired":true,"valueName":"search_term_string"}}],"inLanguage":"ca"},{"@type":"Organization","@id":"https:\/\/psicoclinicabarcelona.com\/#organization","name":"Psicocl\u00ednica Barcelona","alternateName":"Psicocl\u00ednica Barcelona","url":"https:\/\/psicoclinicabarcelona.com\/","logo":{"@type":"ImageObject","inLanguage":"ca","@id":"https:\/\/psicoclinicabarcelona.com\/#\/schema\/logo\/image\/","url":"https:\/\/psicoclinicabarcelona.com\/wp-content\/uploads\/2015\/04\/psicologos-barcelona.png","contentUrl":"https:\/\/psicoclinicabarcelona.com\/wp-content\/uploads\/2015\/04\/psicologos-barcelona.png","width":178,"height":62,"caption":"Psicocl\u00ednica Barcelona"},"image":{"@id":"https:\/\/psicoclinicabarcelona.com\/#\/schema\/logo\/image\/"},"sameAs":["https:\/\/www.facebook.com\/PsicoclinicaBarcelona\/","https:\/\/x.com\/psicoclinicabcn","https:\/\/www.linkedin.com\/company\/psicocl\u00ednica-barcelona\/","https:\/\/www.instagram.com\/psicoclinicabarcelona\/","https:\/\/www.youtube.com\/channel\/UCcc-5_wC56giASuT0XDr87Q"]}]}},"_links":{"self":[{"href":"https:\/\/psicoclinicabarcelona.com\/ca\/wp-json\/wp\/v2\/pages\/6379"}],"collection":[{"href":"https:\/\/psicoclinicabarcelona.com\/ca\/wp-json\/wp\/v2\/pages"}],"about":[{"href":"https:\/\/psicoclinicabarcelona.com\/ca\/wp-json\/wp\/v2\/types\/page"}],"author":[{"embeddable":true,"href":"https:\/\/psicoclinicabarcelona.com\/ca\/wp-json\/wp\/v2\/users\/2"}],"replies":[{"embeddable":true,"href":"https:\/\/psicoclinicabarcelona.com\/ca\/wp-json\/wp\/v2\/comments?post=6379"}],"version-history":[{"count":2,"href":"https:\/\/psicoclinicabarcelona.com\/ca\/wp-json\/wp\/v2\/pages\/6379\/revisions"}],"predecessor-version":[{"id":6381,"href":"https:\/\/psicoclinicabarcelona.com\/ca\/wp-json\/wp\/v2\/pages\/6379\/revisions\/6381"}],"wp:attachment":[{"href":"https:\/\/psicoclinicabarcelona.com\/ca\/wp-json\/wp\/v2\/media?parent=6379"}],"curies":[{"name":"wp","href":"https:\/\/api.w.org\/{rel}","templated":true}]}}