{"id":6386,"date":"2014-10-22T15:01:54","date_gmt":"2014-10-22T15:01:54","guid":{"rendered":"https:\/\/psicoclinicabarcelona.com\/tratamientos-psicologicos\/"},"modified":"2023-04-27T14:10:19","modified_gmt":"2023-04-27T12:10:19","slug":"tractaments-psicologics","status":"publish","type":"page","link":"https:\/\/psicoclinicabarcelona.com\/ca\/tractaments-psicologics\/","title":{"rendered":"Tractaments psicol\u00f2gics Barcelona"},"content":{"rendered":"<div class=\"fusion-fullwidth fullwidth-box\" style=\"background-attachment:scroll;background-position:left top;background-repeat:no-repeat;-webkit-background-size:cover;-moz-background-size:cover;-o-background-size:cover;background-size:cover;border-bottom-width: 0px;border-top-width: 0px;border-bottom-style: solid;border-top-style: solid;padding-bottom:0px;padding-left:0px;padding-right:0px;padding-top:0px;\"><div class=\"avada-row\">\n\n<p class=\"Cos\">Consultar <strong>Psic\u00f2legs Barcelona<\/strong> no \u00e9s signe de patologia. Hi ha situacions o per\u00edodes a la vida que v\u00e9nen acompanyats d&#8217;angoixa o d&#8217;estats depressius i no t\u00e9 perqu\u00e8 tractar-se de cap trastorn, sin\u00f3 d&#8217;afectes que podr\u00edem anomenar normals. Si b\u00e9 no s\u00f3n signe de malaltia, moltes vegades, consultar a\u00a0<strong>Psic\u00f2legs a Barcelona<\/strong>, permet que la persona pugui canviar la situaci\u00f3 i aconseguir una vida m\u00e9s satisfact\u00f2ria en l&#8217;amor, a la feina, amb els altres en general i amb un mateix. L&#8217;alleujament del malestar acostuma a ser relativament r\u00e0pid i ja des de les primeres sessions un es pot comen\u00e7ar a sentir millor. Parlar amb un professional del que a un li angoixa \u00e9s molt diferent de fer-ho amb un amic amb un familiar, ja que a m\u00e9s de l&#8217;experi\u00e8ncia i la formaci\u00f3 professional, el psic\u00f2leg aporta una manera d&#8217;escoltar diferent, basada en coneixements cl\u00ednics, sense judicis i amb absoluta confidencialitat. No obstant aix\u00f2, un tractament, no \u00e9s nom\u00e9s parlar per sentir-se millor, \u00e9s molt m\u00e9s que aix\u00f2, suposa prendre consci\u00e8ncia de coses que un desconeixia de si mateix, coses que tenen a veure amb un mateix, la parella, la feina, les relacions socials \/familiars i la sexualitat. Quan un es coneix millor i troba un sentit al que passa, pot fer les coses d&#8217;una altra manera, se sent m\u00e9s lliure.<\/p>\n<p class=\"Cos\">Per a m\u00e9s informaci\u00f3, podeu llegir:\u00a0<strong><a href=\"https:\/\/psicoclinicabarcelona.com\/ca\/psicoleg-ansietat-barcelona-quan-anar-al-psicoleg\/\">Psic\u00f2leg ansietat Barcelona: Quan anar al psic\u00f2leg?<\/a><\/strong><\/p>\n<p class=\"Cos\"><span style=\"line-height: 1.5;\">Els estats depressius i l&#8217;angoixa poden apar\u00e8ixer en relaci\u00f3 amb:<\/span><\/p>\n<div class=\"fusion-one-third one_third fusion-layout-column fusion-column spacing-yes\"><div class=\"fusion-column-wrapper\"><span class=\"fusion-imageframe imageframe imageframe-none imageframe-1\"> <img decoding=\"async\" src=\"https:\/\/psicoclinicabarcelona.com\/wp-content\/uploads\/2014\/10\/thumb_tratamientos_1.jpg\" alt=\"tractaments un mateix\" class=\"img-responsive\" \/><\/span>\n<h3 class=\"Cos\"><strong>Un mateix<\/strong><\/h3>\n<ul class=\"fusion-checklist\">\n<li class=\"fusion-li-item size-small\"><span class=\"icon-wrapper circle-no\"><i class=\"fusion-li-icon fa fa-arrow-right\" style=\"color:#fff;\"><\/i><\/span><div class=\"fusion-li-item-content\">Sentiment de solitud<\/div><\/li>\n<li class=\"fusion-li-item size-small\"><span class=\"icon-wrapper circle-no\"><i class=\"fusion-li-icon fa fa-arrow-right\" style=\"color:#fff;\"><\/i><\/span><div class=\"fusion-li-item-content\">Problemes amb la pr\u00f2pia imatge<\/div><\/li>\n<li class=\"fusion-li-item size-small\"><span class=\"icon-wrapper circle-no\"><i class=\"fusion-li-icon fa fa-arrow-right\" style=\"color:#fff;\"><\/i><\/span><div class=\"fusion-li-item-content\">Dol per una p\u00e8rdua<\/div><\/li>\n<li class=\"fusion-li-item size-small\"><span class=\"icon-wrapper circle-no\"><i class=\"fusion-li-icon fa fa-arrow-right\" style=\"color:#fff;\"><\/i><\/span><div class=\"fusion-li-item-content\">Sensaci\u00f3 de buit<\/div><\/li>\n<\/ul><\/div><\/div><div class=\"fusion-one-third one_third fusion-layout-column fusion-column spacing-yes\"><div class=\"fusion-column-wrapper\"><span class=\"fusion-imageframe imageframe imageframe-none imageframe-2\"> <img decoding=\"async\" src=\"https:\/\/psicoclinicabarcelona.com\/wp-content\/uploads\/2014\/10\/thumb_tratamientos_2.jpg\" alt=\"tractaments la parella\" class=\"img-responsive\" \/><\/span>\n<h3 class=\"Cos\"><strong>La parella<br \/>\n<\/strong><\/h3>\n<ul class=\"fusion-checklist\">\n<li class=\"fusion-li-item size-small\"><span class=\"icon-wrapper circle-no\"><i class=\"fusion-li-icon fa fa-arrow-right\" style=\"color:#fff;\"><\/i><\/span><div class=\"fusion-li-item-content\"><a href=\"https:\/\/psicoclinicabarcelona.com\/ca\/psicolegs-gelosia\/\">Cels<\/a><\/div><\/li>\n<li class=\"fusion-li-item size-small\"><span class=\"icon-wrapper circle-no\"><i class=\"fusion-li-icon fa fa-arrow-right\" style=\"color:#fff;\"><\/i><\/span><div class=\"fusion-li-item-content\"><a href=\"https:\/\/psicoclinicabarcelona.com\/ca\/psicolegs-dependencia-emocional\/\">Depend\u00e8ncia emocional<\/a><\/div><\/li>\n<li class=\"fusion-li-item size-small\"><span class=\"icon-wrapper circle-no\"><i class=\"fusion-li-icon fa fa-arrow-right\" style=\"color:#fff;\"><\/i><\/span><div class=\"fusion-li-item-content\"><a href=\"https:\/\/psicoclinicabarcelona.com\/ca\/psicolegs-agressivitat\/\">Agressivitat verbal o f\u00edsica<\/a><\/div><\/li>\n<li class=\"fusion-li-item size-small\"><span class=\"icon-wrapper circle-no\"><i class=\"fusion-li-icon fa fa-arrow-right\" style=\"color:#fff;\"><\/i><\/span><div class=\"fusion-li-item-content\">Voler i no poder estar en parella<\/div><\/li>\n<\/ul><\/div><\/div><div class=\"fusion-one-third one_third fusion-layout-column fusion-column last spacing-yes\"><div class=\"fusion-column-wrapper\"><span class=\"fusion-imageframe imageframe imageframe-none imageframe-3\"> <img decoding=\"async\" src=\"https:\/\/psicoclinicabarcelona.com\/wp-content\/uploads\/2014\/10\/thumb_tratamientos_3.jpg\" alt=\"tractaments el treball\" class=\"img-responsive\" \/><\/span>\n<h3 class=\"Cos\"><strong>El treball<br \/>\n<\/strong><\/h3>\n<ul class=\"fusion-checklist\">\n<li class=\"fusion-li-item size-small\"><span class=\"icon-wrapper circle-no\"><i class=\"fusion-li-icon fa fa-arrow-right\" style=\"color:#fff;\"><\/i><\/span><div class=\"fusion-li-item-content\"><a href=\"https:\/\/psicoclinicabarcelona.com\/ca\/psicolegs-estres\/\">Ansietat\/Estr\u00e8s<\/a><\/div><\/li>\n<li class=\"fusion-li-item size-small\"><span class=\"icon-wrapper circle-no\"><i class=\"fusion-li-icon fa fa-arrow-right\" style=\"color:#fff;\"><\/i><\/span><div class=\"fusion-li-item-content\">Problemes amb el cap<\/div><\/li>\n<li class=\"fusion-li-item size-small\"><span class=\"icon-wrapper circle-no\"><i class=\"fusion-li-icon fa fa-arrow-right\" style=\"color:#fff;\"><\/i><\/span><div class=\"fusion-li-item-content\">Inseguretat i por<\/div><\/li>\n<li class=\"fusion-li-item size-small\"><span class=\"icon-wrapper circle-no\"><i class=\"fusion-li-icon fa fa-arrow-right\" style=\"color:#fff;\"><\/i><\/span><div class=\"fusion-li-item-content\">Falta de motivaci\u00f3<\/div><\/li>\n<\/ul><\/div><\/div><div class=\"fusion-clearfix\"><\/div><div class=\"fusion-sep-clear\"><\/div><div class=\"fusion-separator fusion-full-width-sep sep-none\" style=\"margin-top:20px;margin-bottom:20px;\"><\/div><div class=\"fusion-one-third one_third fusion-layout-column fusion-column spacing-yes\"><div class=\"fusion-column-wrapper\"><span class=\"fusion-imageframe imageframe imageframe-none imageframe-4\"> <img decoding=\"async\" src=\"https:\/\/psicoclinicabarcelona.com\/wp-content\/uploads\/2014\/10\/thumb_tratamientos_4.jpg\" alt=\"tractaments relacions socials\" class=\"img-responsive\" \/><\/span>\n<h3 class=\"Cos\"><strong>Les relacions socials\/familiars<\/strong><\/h3>\n<ul class=\"fusion-checklist\">\n<li class=\"fusion-li-item size-small\"><span class=\"icon-wrapper circle-no\"><i class=\"fusion-li-icon fa fa-arrow-right\" style=\"color:#fff;\"><\/i><\/span><div class=\"fusion-li-item-content\">Por a decebre<\/div><\/li>\n<li class=\"fusion-li-item size-small\"><span class=\"icon-wrapper circle-no\"><i class=\"fusion-li-icon fa fa-arrow-right\" style=\"color:#fff;\"><\/i><\/span><div class=\"fusion-li-item-content\">No poder estar sol<\/div><\/li>\n<li class=\"fusion-li-item size-small\"><span class=\"icon-wrapper circle-no\"><i class=\"fusion-li-icon fa fa-arrow-right\" style=\"color:#fff;\"><\/i><\/span><div class=\"fusion-li-item-content\"><a href=\"https:\/\/psicoclinicabarcelona.com\/ca\/psicolegs-timidesa-inseguretat\/\">Inhibici\u00f3 i timidesa<\/a><\/div><\/li>\n<li class=\"fusion-li-item size-small\"><span class=\"icon-wrapper circle-no\"><i class=\"fusion-li-icon fa fa-arrow-right\" style=\"color:#fff;\"><\/i><\/span><div class=\"fusion-li-item-content\">No sentir-se estimat o compr\u00e8s pels altres<\/div><\/li>\n<\/ul><\/div><\/div><div class=\"fusion-one-third one_third fusion-layout-column fusion-column spacing-yes\"><div class=\"fusion-column-wrapper\"><span class=\"fusion-imageframe imageframe imageframe-none imageframe-5\"> <img decoding=\"async\" src=\"https:\/\/psicoclinicabarcelona.com\/wp-content\/uploads\/2014\/10\/thumb_tratamientos_5.jpg\" alt=\"tractaments la sexualitat\" class=\"img-responsive\" \/><\/span>\n<h3 class=\"Cos\"><strong>La sexualitat<br \/>\n<\/strong><\/h3>\n<ul class=\"fusion-checklist\">\n<li class=\"fusion-li-item size-small\"><span class=\"icon-wrapper circle-no\"><i class=\"fusion-li-icon fa fa-arrow-right\" style=\"color:#fff;\"><\/i><\/span><div class=\"fusion-li-item-content\">Falta de desig<\/div><\/li>\n<li class=\"fusion-li-item size-small\"><span class=\"icon-wrapper circle-no\"><i class=\"fusion-li-icon fa fa-arrow-right\" style=\"color:#fff;\"><\/i><\/span><div class=\"fusion-li-item-content\">Relacions compulsives<\/div><\/li>\n<li class=\"fusion-li-item size-small\"><span class=\"icon-wrapper circle-no\"><i class=\"fusion-li-icon fa fa-arrow-right\" style=\"color:#fff;\"><\/i><\/span><div class=\"fusion-li-item-content\">Relacions insatisfetes<\/div><\/li>\n<li class=\"fusion-li-item size-small\"><span class=\"icon-wrapper circle-no\"><i class=\"fusion-li-icon fa fa-arrow-right\" style=\"color:#fff;\"><\/i><\/span><div class=\"fusion-li-item-content\">Impot\u00e8ncia o frigidesa<\/div><\/li>\n<\/ul><\/div><\/div><div class=\"fusion-one-third one_third fusion-layout-column fusion-column last spacing-yes\"><div class=\"fusion-column-wrapper\"><\/div><\/div><div class=\"fusion-clearfix\"><\/div><\/div><\/div>\n","protected":false},"excerpt":{"rendered":"Consultar Psic\u00f2legs Barcelona no \u00e9s signe de patologia. Hi ha situacions o per\u00edodes a la vida que v\u00e9nen acompanyats d'angoixa o d'estats depressius i no t\u00e9 perqu\u00e8 tractar-se de cap trastorn, sin\u00f3 d'afectes que podr\u00edem anomenar normals. Si b\u00e9 no s\u00f3n signe de malaltia, moltes vegades, consultar a\u00a0Psic\u00f2legs a Barcelona, permet que la persona pugui&hellip;","protected":false},"author":5,"featured_media":0,"parent":0,"menu_order":0,"comment_status":"open","ping_status":"open","template":"","meta":{"footnotes":""},"class_list":["post-6386","page","type-page","status-publish","hentry","entry","no-media"],"yoast_head":"<!-- This site is optimized with the Yoast SEO plugin v24.6 - https:\/\/yoast.com\/wordpress\/plugins\/seo\/ -->\n<title>Tractament psicol\u00f2gic Barcelona<\/title>\n<meta name=\"description\" content=\"Psic\u00f2legs Barcelona, truqueu 640 067 146. Equip de psic\u00f2legs cl\u00ednics i psicoterapeutes a Barcelona amb un recorregut de m\u00e9s de 10 anys d&#039;experi\u00e8ncia.\" \/>\n<meta name=\"robots\" content=\"index, follow, max-snippet:-1, max-image-preview:large, max-video-preview:-1\" \/>\n<link rel=\"canonical\" href=\"https:\/\/psicoclinicabarcelona.com\/ca\/tractaments-psicologics\/\" \/>\n<meta property=\"og:locale\" content=\"ca_ES\" \/>\n<meta property=\"og:type\" content=\"article\" \/>\n<meta property=\"og:title\" content=\"Tractament psicol\u00f2gic Barcelona\" \/>\n<meta property=\"og:description\" content=\"Psic\u00f2legs Barcelona, truqueu 640 067 146. Equip de psic\u00f2legs cl\u00ednics i psicoterapeutes a Barcelona amb un recorregut de m\u00e9s de 10 anys d&#039;experi\u00e8ncia.\" \/>\n<meta property=\"og:url\" content=\"https:\/\/psicoclinicabarcelona.com\/ca\/tractaments-psicologics\/\" \/>\n<meta property=\"og:site_name\" content=\"Psicocl\u00ednica Barcelona\" \/>\n<meta property=\"article:publisher\" content=\"https:\/\/www.facebook.com\/PsicoclinicaBarcelona\/\" \/>\n<meta property=\"article:modified_time\" content=\"2023-04-27T12:10:19+00:00\" \/>\n<meta property=\"og:image\" content=\"https:\/\/psicoclinicabarcelona.com\/wp-content\/uploads\/2014\/10\/thumb_tratamientos_1.jpg\" \/>\n<meta name=\"twitter:label1\" content=\"Temps estimat de lectura\" \/>\n\t<meta name=\"twitter:data1\" content=\"4 minuts\" \/>\n<script type=\"application\/ld+json\" class=\"yoast-schema-graph\">{\"@context\":\"https:\/\/schema.org\",\"@graph\":[{\"@type\":\"WebPage\",\"@id\":\"https:\/\/psicoclinicabarcelona.com\/ca\/tractaments-psicologics\/\",\"url\":\"https:\/\/psicoclinicabarcelona.com\/ca\/tractaments-psicologics\/\",\"name\":\"Tractament psicol\u00f2gic Barcelona\",\"isPartOf\":{\"@id\":\"https:\/\/psicoclinicabarcelona.com\/#website\"},\"primaryImageOfPage\":{\"@id\":\"https:\/\/psicoclinicabarcelona.com\/ca\/tractaments-psicologics\/#primaryimage\"},\"image\":{\"@id\":\"https:\/\/psicoclinicabarcelona.com\/ca\/tractaments-psicologics\/#primaryimage\"},\"thumbnailUrl\":\"https:\/\/psicoclinicabarcelona.com\/wp-content\/uploads\/2014\/10\/thumb_tratamientos_1.jpg\",\"datePublished\":\"2014-10-22T15:01:54+00:00\",\"dateModified\":\"2023-04-27T12:10:19+00:00\",\"description\":\"Psic\u00f2legs Barcelona, truqueu 640 067 146. Equip de psic\u00f2legs cl\u00ednics i psicoterapeutes a Barcelona amb un recorregut de m\u00e9s de 10 anys d'experi\u00e8ncia.\",\"breadcrumb\":{\"@id\":\"https:\/\/psicoclinicabarcelona.com\/ca\/tractaments-psicologics\/#breadcrumb\"},\"inLanguage\":\"ca\",\"potentialAction\":[{\"@type\":\"ReadAction\",\"target\":[\"https:\/\/psicoclinicabarcelona.com\/ca\/tractaments-psicologics\/\"]}]},{\"@type\":\"ImageObject\",\"inLanguage\":\"ca\",\"@id\":\"https:\/\/psicoclinicabarcelona.com\/ca\/tractaments-psicologics\/#primaryimage\",\"url\":\"https:\/\/psicoclinicabarcelona.com\/wp-content\/uploads\/2014\/10\/thumb_tratamientos_1.jpg\",\"contentUrl\":\"https:\/\/psicoclinicabarcelona.com\/wp-content\/uploads\/2014\/10\/thumb_tratamientos_1.jpg\"},{\"@type\":\"BreadcrumbList\",\"@id\":\"https:\/\/psicoclinicabarcelona.com\/ca\/tractaments-psicologics\/#breadcrumb\",\"itemListElement\":[{\"@type\":\"ListItem\",\"position\":1,\"name\":\"Portada\",\"item\":\"https:\/\/psicoclinicabarcelona.com\/ca\/\"},{\"@type\":\"ListItem\",\"position\":2,\"name\":\"Tractaments psicol\u00f2gics Barcelona\"}]},{\"@type\":\"WebSite\",\"@id\":\"https:\/\/psicoclinicabarcelona.com\/#website\",\"url\":\"https:\/\/psicoclinicabarcelona.com\/\",\"name\":\"Psicocl\u00ednica Barcelona\",\"description\":\"Posiblemente el mejor psic\u00f3logo en Barcelona o la mejor psic\u00f3loga de Barcelona. Ll\u00e1manos sin compromiso al 935 414 478\",\"publisher\":{\"@id\":\"https:\/\/psicoclinicabarcelona.com\/#organization\"},\"alternateName\":\"Psicocl\u00ednica Barcelona\",\"potentialAction\":[{\"@type\":\"SearchAction\",\"target\":{\"@type\":\"EntryPoint\",\"urlTemplate\":\"https:\/\/psicoclinicabarcelona.com\/?s={search_term_string}\"},\"query-input\":{\"@type\":\"PropertyValueSpecification\",\"valueRequired\":true,\"valueName\":\"search_term_string\"}}],\"inLanguage\":\"ca\"},{\"@type\":\"Organization\",\"@id\":\"https:\/\/psicoclinicabarcelona.com\/#organization\",\"name\":\"Psicocl\u00ednica Barcelona\",\"alternateName\":\"Psicocl\u00ednica Barcelona\",\"url\":\"https:\/\/psicoclinicabarcelona.com\/\",\"logo\":{\"@type\":\"ImageObject\",\"inLanguage\":\"ca\",\"@id\":\"https:\/\/psicoclinicabarcelona.com\/#\/schema\/logo\/image\/\",\"url\":\"https:\/\/psicoclinicabarcelona.com\/wp-content\/uploads\/2015\/04\/psicologos-barcelona.png\",\"contentUrl\":\"https:\/\/psicoclinicabarcelona.com\/wp-content\/uploads\/2015\/04\/psicologos-barcelona.png\",\"width\":178,\"height\":62,\"caption\":\"Psicocl\u00ednica Barcelona\"},\"image\":{\"@id\":\"https:\/\/psicoclinicabarcelona.com\/#\/schema\/logo\/image\/\"},\"sameAs\":[\"https:\/\/www.facebook.com\/PsicoclinicaBarcelona\/\",\"https:\/\/x.com\/psicoclinicabcn\",\"https:\/\/www.linkedin.com\/company\/psicocl\u00ednica-barcelona\/\",\"https:\/\/www.instagram.com\/psicoclinicabarcelona\/\",\"https:\/\/www.youtube.com\/channel\/UCcc-5_wC56giASuT0XDr87Q\"]}]}<\/script>\n<!-- \/ Yoast SEO plugin. -->","yoast_head_json":{"title":"Tractament psicol\u00f2gic Barcelona","description":"Psic\u00f2legs Barcelona, truqueu 640 067 146. Equip de psic\u00f2legs cl\u00ednics i psicoterapeutes a Barcelona amb un recorregut de m\u00e9s de 10 anys d'experi\u00e8ncia.","robots":{"index":"index","follow":"follow","max-snippet":"max-snippet:-1","max-image-preview":"max-image-preview:large","max-video-preview":"max-video-preview:-1"},"canonical":"https:\/\/psicoclinicabarcelona.com\/ca\/tractaments-psicologics\/","og_locale":"ca_ES","og_type":"article","og_title":"Tractament psicol\u00f2gic Barcelona","og_description":"Psic\u00f2legs Barcelona, truqueu 640 067 146. Equip de psic\u00f2legs cl\u00ednics i psicoterapeutes a Barcelona amb un recorregut de m\u00e9s de 10 anys d'experi\u00e8ncia.","og_url":"https:\/\/psicoclinicabarcelona.com\/ca\/tractaments-psicologics\/","og_site_name":"Psicocl\u00ednica Barcelona","article_publisher":"https:\/\/www.facebook.com\/PsicoclinicaBarcelona\/","article_modified_time":"2023-04-27T12:10:19+00:00","og_image":[{"url":"https:\/\/psicoclinicabarcelona.com\/wp-content\/uploads\/2014\/10\/thumb_tratamientos_1.jpg","type":"","width":"","height":""}],"twitter_misc":{"Temps estimat de lectura":"4 minuts"},"schema":{"@context":"https:\/\/schema.org","@graph":[{"@type":"WebPage","@id":"https:\/\/psicoclinicabarcelona.com\/ca\/tractaments-psicologics\/","url":"https:\/\/psicoclinicabarcelona.com\/ca\/tractaments-psicologics\/","name":"Tractament psicol\u00f2gic Barcelona","isPartOf":{"@id":"https:\/\/psicoclinicabarcelona.com\/#website"},"primaryImageOfPage":{"@id":"https:\/\/psicoclinicabarcelona.com\/ca\/tractaments-psicologics\/#primaryimage"},"image":{"@id":"https:\/\/psicoclinicabarcelona.com\/ca\/tractaments-psicologics\/#primaryimage"},"thumbnailUrl":"https:\/\/psicoclinicabarcelona.com\/wp-content\/uploads\/2014\/10\/thumb_tratamientos_1.jpg","datePublished":"2014-10-22T15:01:54+00:00","dateModified":"2023-04-27T12:10:19+00:00","description":"Psic\u00f2legs Barcelona, truqueu 640 067 146. Equip de psic\u00f2legs cl\u00ednics i psicoterapeutes a Barcelona amb un recorregut de m\u00e9s de 10 anys d'experi\u00e8ncia.","breadcrumb":{"@id":"https:\/\/psicoclinicabarcelona.com\/ca\/tractaments-psicologics\/#breadcrumb"},"inLanguage":"ca","potentialAction":[{"@type":"ReadAction","target":["https:\/\/psicoclinicabarcelona.com\/ca\/tractaments-psicologics\/"]}]},{"@type":"ImageObject","inLanguage":"ca","@id":"https:\/\/psicoclinicabarcelona.com\/ca\/tractaments-psicologics\/#primaryimage","url":"https:\/\/psicoclinicabarcelona.com\/wp-content\/uploads\/2014\/10\/thumb_tratamientos_1.jpg","contentUrl":"https:\/\/psicoclinicabarcelona.com\/wp-content\/uploads\/2014\/10\/thumb_tratamientos_1.jpg"},{"@type":"BreadcrumbList","@id":"https:\/\/psicoclinicabarcelona.com\/ca\/tractaments-psicologics\/#breadcrumb","itemListElement":[{"@type":"ListItem","position":1,"name":"Portada","item":"https:\/\/psicoclinicabarcelona.com\/ca\/"},{"@type":"ListItem","position":2,"name":"Tractaments psicol\u00f2gics Barcelona"}]},{"@type":"WebSite","@id":"https:\/\/psicoclinicabarcelona.com\/#website","url":"https:\/\/psicoclinicabarcelona.com\/","name":"Psicocl\u00ednica Barcelona","description":"Posiblemente el mejor psic\u00f3logo en Barcelona o la mejor psic\u00f3loga de Barcelona. Ll\u00e1manos sin compromiso al 935 414 478","publisher":{"@id":"https:\/\/psicoclinicabarcelona.com\/#organization"},"alternateName":"Psicocl\u00ednica Barcelona","potentialAction":[{"@type":"SearchAction","target":{"@type":"EntryPoint","urlTemplate":"https:\/\/psicoclinicabarcelona.com\/?s={search_term_string}"},"query-input":{"@type":"PropertyValueSpecification","valueRequired":true,"valueName":"search_term_string"}}],"inLanguage":"ca"},{"@type":"Organization","@id":"https:\/\/psicoclinicabarcelona.com\/#organization","name":"Psicocl\u00ednica Barcelona","alternateName":"Psicocl\u00ednica Barcelona","url":"https:\/\/psicoclinicabarcelona.com\/","logo":{"@type":"ImageObject","inLanguage":"ca","@id":"https:\/\/psicoclinicabarcelona.com\/#\/schema\/logo\/image\/","url":"https:\/\/psicoclinicabarcelona.com\/wp-content\/uploads\/2015\/04\/psicologos-barcelona.png","contentUrl":"https:\/\/psicoclinicabarcelona.com\/wp-content\/uploads\/2015\/04\/psicologos-barcelona.png","width":178,"height":62,"caption":"Psicocl\u00ednica Barcelona"},"image":{"@id":"https:\/\/psicoclinicabarcelona.com\/#\/schema\/logo\/image\/"},"sameAs":["https:\/\/www.facebook.com\/PsicoclinicaBarcelona\/","https:\/\/x.com\/psicoclinicabcn","https:\/\/www.linkedin.com\/company\/psicocl\u00ednica-barcelona\/","https:\/\/www.instagram.com\/psicoclinicabarcelona\/","https:\/\/www.youtube.com\/channel\/UCcc-5_wC56giASuT0XDr87Q"]}]}},"_links":{"self":[{"href":"https:\/\/psicoclinicabarcelona.com\/ca\/wp-json\/wp\/v2\/pages\/6386"}],"collection":[{"href":"https:\/\/psicoclinicabarcelona.com\/ca\/wp-json\/wp\/v2\/pages"}],"about":[{"href":"https:\/\/psicoclinicabarcelona.com\/ca\/wp-json\/wp\/v2\/types\/page"}],"author":[{"embeddable":true,"href":"https:\/\/psicoclinicabarcelona.com\/ca\/wp-json\/wp\/v2\/users\/5"}],"replies":[{"embeddable":true,"href":"https:\/\/psicoclinicabarcelona.com\/ca\/wp-json\/wp\/v2\/comments?post=6386"}],"version-history":[{"count":5,"href":"https:\/\/psicoclinicabarcelona.com\/ca\/wp-json\/wp\/v2\/pages\/6386\/revisions"}],"predecessor-version":[{"id":6454,"href":"https:\/\/psicoclinicabarcelona.com\/ca\/wp-json\/wp\/v2\/pages\/6386\/revisions\/6454"}],"wp:attachment":[{"href":"https:\/\/psicoclinicabarcelona.com\/ca\/wp-json\/wp\/v2\/media?parent=6386"}],"curies":[{"name":"wp","href":"https:\/\/api.w.org\/{rel}","templated":true}]}}