{"id":907,"date":"2015-05-06T14:27:47","date_gmt":"2015-05-06T14:27:47","guid":{"rendered":"http:\/\/psicoclinicabarcelona.com\/?page_id=907"},"modified":"2024-05-17T09:50:29","modified_gmt":"2024-05-17T07:50:29","slug":"etica","status":"publish","type":"page","link":"https:\/\/psicoclinicabarcelona.com\/ca\/etica\/","title":{"rendered":"\u00c8tica"},"content":{"rendered":"[vc_row css=&#8221;.vc_custom_1665673289127{margin-bottom: 30px !important;}&#8221;][vc_column width=&#8221;1\/2&#8243;][vc_column_text]Psicocl\u00ednica Barcelona, neix d\u2019una manera singular d\u2019entendre la psicologia cl\u00ednica i la psicoter\u00e0pia. Som psic\u00f2legs ubicats a Barcelona. En un moment com l\u2019actual, on l\u2019oferta de ter\u00e0pies \u00e9s tan dispar com abundant, ens sentim obligats a mostrar la nostra difer\u00e8ncia, a trav\u00e9s dels nostres principis b\u00e0sics que s\u00f3n els que constitueixen la nostra pr\u00e0ctica cl\u00ednica.<\/p>\n<p>No totes les psicoter\u00e0pies aborden els s\u00edmptomes del pacient de la mateixa manera. En aquest sentit, la formaci\u00f3 i l&#8217;\u00e8tica del professional s\u00f3n determinants a l&#8217;hora d&#8217;entendre el treball cl\u00ednic. Segurament, aquest \u00e9s el motiu pel qual molts dels nostres pacients quan acudeixen a la nostra consulta se sorprenen en descobrir una altra manera d&#8217;abordar el seu malestar.[\/vc_column_text][\/vc_column][vc_column width=&#8221;1\/2&#8243;][vc_column_text]<img decoding=\"async\" class=\"aligncenter wp-image-5738 size-full\" src=\"https:\/\/psicoclinicabarcelona.com\/wp-content\/uploads\/2022\/08\/DSC_3787.webp\" alt=\"psicologos barcelona\" width=\"1200\" height=\"857\" srcset=\"https:\/\/psicoclinicabarcelona.com\/wp-content\/uploads\/2022\/08\/DSC_3787.webp 1200w, https:\/\/psicoclinicabarcelona.com\/wp-content\/uploads\/2022\/08\/DSC_3787-300x214.webp 300w, https:\/\/psicoclinicabarcelona.com\/wp-content\/uploads\/2022\/08\/DSC_3787-1024x731.webp 1024w, https:\/\/psicoclinicabarcelona.com\/wp-content\/uploads\/2022\/08\/DSC_3787-768x548.webp 768w, https:\/\/psicoclinicabarcelona.com\/wp-content\/uploads\/2022\/08\/DSC_3787-600x429.webp 600w\" sizes=\"(max-width: 1200px) 100vw, 1200px\" \/>[\/vc_column_text][\/vc_column][\/vc_row][vc_row css=&#8221;.vc_custom_1658069749947{margin-top: 40px !important;margin-bottom: 30px !important;}&#8221;][vc_column width=&#8221;1\/2&#8243;][vc_column_text el_class=&#8221;sombra&#8221;]<a href=\"\/mila-herrera\/\"><img decoding=\"async\" class=\"aligncenter wp-image-5589 size-full\" src=\"https:\/\/psicoclinicabarcelona.com\/wp-content\/uploads\/2022\/07\/mila-ficha.webp\" alt=\"fiche mila\" width=\"1400\" height=\"500\" srcset=\"https:\/\/psicoclinicabarcelona.com\/wp-content\/uploads\/2022\/07\/mila-ficha.webp 1400w, https:\/\/psicoclinicabarcelona.com\/wp-content\/uploads\/2022\/07\/mila-ficha-300x107.webp 300w, https:\/\/psicoclinicabarcelona.com\/wp-content\/uploads\/2022\/07\/mila-ficha-1024x366.webp 1024w, https:\/\/psicoclinicabarcelona.com\/wp-content\/uploads\/2022\/07\/mila-ficha-768x274.webp 768w, https:\/\/psicoclinicabarcelona.com\/wp-content\/uploads\/2022\/07\/mila-ficha-600x214.webp 600w\" sizes=\"(max-width: 1400px) 100vw, 1400px\" \/><\/a>[\/vc_column_text][\/vc_column][vc_column width=&#8221;1\/2&#8243;][vc_column_text el_class=&#8221;sombra&#8221;]<a href=\"\/sergi-vilardell\/\"><img decoding=\"async\" class=\"aligncenter wp-image-5592 size-full\" src=\"https:\/\/psicoclinicabarcelona.com\/wp-content\/uploads\/2022\/07\/ficha-Sergi.webp\" alt=\"ficha Sergi\" width=\"1400\" height=\"500\" srcset=\"https:\/\/psicoclinicabarcelona.com\/wp-content\/uploads\/2022\/07\/ficha-Sergi.webp 1400w, https:\/\/psicoclinicabarcelona.com\/wp-content\/uploads\/2022\/07\/ficha-Sergi-300x107.webp 300w, https:\/\/psicoclinicabarcelona.com\/wp-content\/uploads\/2022\/07\/ficha-Sergi-1024x366.webp 1024w, https:\/\/psicoclinicabarcelona.com\/wp-content\/uploads\/2022\/07\/ficha-Sergi-768x274.webp 768w, https:\/\/psicoclinicabarcelona.com\/wp-content\/uploads\/2022\/07\/ficha-Sergi-600x214.webp 600w\" sizes=\"(max-width: 1400px) 100vw, 1400px\" \/><\/a>[\/vc_column_text][\/vc_column][\/vc_row][vc_row full_width=&#8221;stretch_row&#8221; css=&#8221;.vc_custom_1658136357240{background-color: #f8fdff !important;}&#8221;][vc_column width=&#8221;1\/3&#8243;][vc_column_text]\n<h3 style=\"text-align: center;\"><span style=\"color: #008aad;\">Una \u00e8tica<\/span><\/h3>\n[\/vc_column_text][vc_empty_space height=&#8221;12px&#8221;][vc_column_text]\n<p style=\"text-align: center;\">Que ens permet ajudar a la persona que pateix, a orientar la seva vida pel seu propi desig i no pel desig d\u2019un altre. Sabem que un no sempre vol el que desitja, ni desitja sempre el que realment vol.<\/p>\n[\/vc_column_text][\/vc_column][vc_column width=&#8221;1\/3&#8243;][vc_column_text]\n<h3 style=\"text-align: center;\"><span style=\"color: #008aad;\">Un comprom\u00eds<\/span><\/h3>\n[\/vc_column_text][vc_empty_space height=&#8221;12px&#8221;][vc_column_text]\n<p style=\"text-align: center;\">Nom\u00e9s acceptarem en tractament, aquells casos, que considerem, despr\u00e9s d\u2019unes entrevistes preliminars, que poden beneficiar-se d\u2019un tractament psicol\u00f2gic o psicoterap\u00e8utic com el que proposem.<\/p>\n[\/vc_column_text][\/vc_column][vc_column width=&#8221;1\/3&#8243;][vc_column_text]\n<h3 style=\"text-align: center;\"><span style=\"color: #008aad;\">Una pr\u00e0ctica cl\u00ednica<\/span><\/h3>\n[\/vc_column_text][vc_empty_space height=&#8221;12px&#8221;][vc_column_text]\n<p style=\"text-align: center;\">Que es fonamenta en la psicoan\u00e0lisi d\u2019orientaci\u00f3 lacaniana i que permet tractar el malestar des del seu origen. No hi ha altra manera d\u2019evitar que el problema es repeteixi i es repeteixi\u2026<\/p>\n[\/vc_column_text][\/vc_column][\/vc_row][vc_row full_width=&#8221;stretch_row&#8221; css=&#8221;.vc_custom_1658136611399{margin-bottom: -40px !important;background-color: #f8fdff !important;}&#8221;][vc_column width=&#8221;1\/3&#8243;][vc_column_text]\n<h3 style=\"text-align: center;\"><span style=\"color: #008aad;\">Un tipus d\u2019escolta<\/span><\/h3>\n[\/vc_column_text][vc_empty_space height=&#8221;12px&#8221;][vc_column_text]\n<p style=\"text-align: center;\">Que atorga un lloc respectu\u00f3s al que parla. El que un pot dir sobre all\u00f2 que el fa patir, \u00e9s el m\u00e9s important per a nosaltres.<\/p>\n[\/vc_column_text][\/vc_column][vc_column width=&#8221;1\/3&#8243;][vc_column_text]\n<h3 style=\"text-align: center;\"><span style=\"color: #008aad;\">Una cl\u00ednica de l\u2019un per un<\/span><\/h3>\n[\/vc_column_text][vc_empty_space height=&#8221;12px&#8221;][vc_column_text]\n<p style=\"text-align: center;\">Perqu\u00e8 no hi ha dues persones iguals, no hi pot haver dos tractaments iguals. Formaci\u00f3 cl\u00ednica rigorosa basada en l\u2019estudi sistem\u00e0tic, l\u2019an\u00e0lisi personal i la pr\u00e0ctica cl\u00ednica supervisada<\/p>\n[\/vc_column_text][\/vc_column][vc_column width=&#8221;1\/3&#8243;][vc_column_text]\n<h3 style=\"text-align: center;\"><span style=\"color: #008aad;\">Formaci\u00f3 cl\u00ednica rigurosa<\/span><\/h3>\n[\/vc_column_text][vc_empty_space height=&#8221;12px&#8221;][vc_column_text]\n<p style=\"text-align: center;\">Basada en l\u2019estudi sistem\u00e0tico, l\u2019an\u00e0lisis personal i la pr\u00e0ctica cl\u00ednica supervisada.<\/p>\n[\/vc_column_text][\/vc_column][\/vc_row]\n","protected":false},"excerpt":{"rendered":"<p>[vc_row css=&#8221;.vc_custom_1665673289127{margin-bottom: 30px !important;}&#8221;][vc_column width=&#8221;1\/2&#8243;][vc_column_text]Psicocl\u00ednica Barcelona, neix d\u2019una manera singular d\u2019entendre la psicologia cl\u00ednica i la psicoter\u00e0pia. Som psic\u00f2legs ubicats a Barcelona. En un moment com l\u2019actual, on l\u2019oferta de ter\u00e0pies \u00e9s tan dispar com abundant, ens sentim obligats a mostrar la nostra difer\u00e8ncia, a trav\u00e9s dels nostres principis b\u00e0sics que s\u00f3n els que constitueixen&hellip;<\/p>\n","protected":false},"author":5,"featured_media":0,"parent":0,"menu_order":0,"comment_status":"open","ping_status":"open","template":"","meta":{"footnotes":""},"class_list":["post-907","page","type-page","status-publish","hentry","entry","no-media"],"yoast_head":"<!-- This site is optimized with the Yoast SEO plugin v24.6 - https:\/\/yoast.com\/wordpress\/plugins\/seo\/ -->\n<title>Etica<\/title>\n<meta name=\"description\" content=\"\u00c8tica: Psic\u00f2legs a Barcelona, truqui 640 067 146. Equip de psic\u00f2legs cl\u00ednics i psicoterapeutes a Barcelona amb un recorregut de m\u00e9s de 10 anys\" \/>\n<meta name=\"robots\" content=\"index, follow, max-snippet:-1, max-image-preview:large, max-video-preview:-1\" \/>\n<link rel=\"canonical\" href=\"https:\/\/psicoclinicabarcelona.com\/ca\/etica\/\" \/>\n<meta property=\"og:locale\" content=\"ca_ES\" \/>\n<meta property=\"og:type\" content=\"article\" \/>\n<meta property=\"og:title\" content=\"Etica\" \/>\n<meta property=\"og:description\" content=\"\u00c8tica: Psic\u00f2legs a Barcelona, truqui 640 067 146. Equip de psic\u00f2legs cl\u00ednics i psicoterapeutes a Barcelona amb un recorregut de m\u00e9s de 10 anys\" \/>\n<meta property=\"og:url\" content=\"https:\/\/psicoclinicabarcelona.com\/ca\/etica\/\" \/>\n<meta property=\"og:site_name\" content=\"Psicocl\u00ednica Barcelona\" \/>\n<meta property=\"article:publisher\" content=\"https:\/\/www.facebook.com\/PsicoclinicaBarcelona\/\" \/>\n<meta property=\"article:modified_time\" content=\"2024-05-17T07:50:29+00:00\" \/>\n<meta property=\"og:image\" content=\"https:\/\/psicoclinicabarcelona.com\/wp-content\/uploads\/2022\/08\/DSC_3787.webp\" \/>\n<meta name=\"twitter:label1\" content=\"Temps estimat de lectura\" \/>\n\t<meta name=\"twitter:data1\" content=\"3 minuts\" \/>\n<script type=\"application\/ld+json\" class=\"yoast-schema-graph\">{\"@context\":\"https:\/\/schema.org\",\"@graph\":[{\"@type\":\"WebPage\",\"@id\":\"https:\/\/psicoclinicabarcelona.com\/ca\/etica\/\",\"url\":\"https:\/\/psicoclinicabarcelona.com\/ca\/etica\/\",\"name\":\"Etica\",\"isPartOf\":{\"@id\":\"https:\/\/psicoclinicabarcelona.com\/#website\"},\"primaryImageOfPage\":{\"@id\":\"https:\/\/psicoclinicabarcelona.com\/ca\/etica\/#primaryimage\"},\"image\":{\"@id\":\"https:\/\/psicoclinicabarcelona.com\/ca\/etica\/#primaryimage\"},\"thumbnailUrl\":\"https:\/\/psicoclinicabarcelona.com\/wp-content\/uploads\/2022\/08\/DSC_3787.webp\",\"datePublished\":\"2015-05-06T14:27:47+00:00\",\"dateModified\":\"2024-05-17T07:50:29+00:00\",\"description\":\"\u00c8tica: Psic\u00f2legs a Barcelona, truqui 640 067 146. Equip de psic\u00f2legs cl\u00ednics i psicoterapeutes a Barcelona amb un recorregut de m\u00e9s de 10 anys\",\"breadcrumb\":{\"@id\":\"https:\/\/psicoclinicabarcelona.com\/ca\/etica\/#breadcrumb\"},\"inLanguage\":\"ca\",\"potentialAction\":[{\"@type\":\"ReadAction\",\"target\":[\"https:\/\/psicoclinicabarcelona.com\/ca\/etica\/\"]}]},{\"@type\":\"ImageObject\",\"inLanguage\":\"ca\",\"@id\":\"https:\/\/psicoclinicabarcelona.com\/ca\/etica\/#primaryimage\",\"url\":\"https:\/\/psicoclinicabarcelona.com\/wp-content\/uploads\/2022\/08\/DSC_3787.webp\",\"contentUrl\":\"https:\/\/psicoclinicabarcelona.com\/wp-content\/uploads\/2022\/08\/DSC_3787.webp\"},{\"@type\":\"BreadcrumbList\",\"@id\":\"https:\/\/psicoclinicabarcelona.com\/ca\/etica\/#breadcrumb\",\"itemListElement\":[{\"@type\":\"ListItem\",\"position\":1,\"name\":\"Portada\",\"item\":\"https:\/\/psicoclinicabarcelona.com\/ca\/\"},{\"@type\":\"ListItem\",\"position\":2,\"name\":\"\u00c8tica\"}]},{\"@type\":\"WebSite\",\"@id\":\"https:\/\/psicoclinicabarcelona.com\/#website\",\"url\":\"https:\/\/psicoclinicabarcelona.com\/\",\"name\":\"Psicocl\u00ednica Barcelona\",\"description\":\"Posiblemente el mejor psic\u00f3logo en Barcelona o la mejor psic\u00f3loga de Barcelona. Ll\u00e1manos sin compromiso al 935 414 478\",\"publisher\":{\"@id\":\"https:\/\/psicoclinicabarcelona.com\/#organization\"},\"alternateName\":\"Psicocl\u00ednica Barcelona\",\"potentialAction\":[{\"@type\":\"SearchAction\",\"target\":{\"@type\":\"EntryPoint\",\"urlTemplate\":\"https:\/\/psicoclinicabarcelona.com\/?s={search_term_string}\"},\"query-input\":{\"@type\":\"PropertyValueSpecification\",\"valueRequired\":true,\"valueName\":\"search_term_string\"}}],\"inLanguage\":\"ca\"},{\"@type\":\"Organization\",\"@id\":\"https:\/\/psicoclinicabarcelona.com\/#organization\",\"name\":\"Psicocl\u00ednica Barcelona\",\"alternateName\":\"Psicocl\u00ednica Barcelona\",\"url\":\"https:\/\/psicoclinicabarcelona.com\/\",\"logo\":{\"@type\":\"ImageObject\",\"inLanguage\":\"ca\",\"@id\":\"https:\/\/psicoclinicabarcelona.com\/#\/schema\/logo\/image\/\",\"url\":\"https:\/\/psicoclinicabarcelona.com\/wp-content\/uploads\/2015\/04\/psicologos-barcelona.png\",\"contentUrl\":\"https:\/\/psicoclinicabarcelona.com\/wp-content\/uploads\/2015\/04\/psicologos-barcelona.png\",\"width\":178,\"height\":62,\"caption\":\"Psicocl\u00ednica Barcelona\"},\"image\":{\"@id\":\"https:\/\/psicoclinicabarcelona.com\/#\/schema\/logo\/image\/\"},\"sameAs\":[\"https:\/\/www.facebook.com\/PsicoclinicaBarcelona\/\",\"https:\/\/x.com\/psicoclinicabcn\",\"https:\/\/www.linkedin.com\/company\/psicocl\u00ednica-barcelona\/\",\"https:\/\/www.instagram.com\/psicoclinicabarcelona\/\",\"https:\/\/www.youtube.com\/channel\/UCcc-5_wC56giASuT0XDr87Q\"]}]}<\/script>\n<!-- \/ Yoast SEO plugin. -->","yoast_head_json":{"title":"Etica","description":"\u00c8tica: Psic\u00f2legs a Barcelona, truqui 640 067 146. Equip de psic\u00f2legs cl\u00ednics i psicoterapeutes a Barcelona amb un recorregut de m\u00e9s de 10 anys","robots":{"index":"index","follow":"follow","max-snippet":"max-snippet:-1","max-image-preview":"max-image-preview:large","max-video-preview":"max-video-preview:-1"},"canonical":"https:\/\/psicoclinicabarcelona.com\/ca\/etica\/","og_locale":"ca_ES","og_type":"article","og_title":"Etica","og_description":"\u00c8tica: Psic\u00f2legs a Barcelona, truqui 640 067 146. Equip de psic\u00f2legs cl\u00ednics i psicoterapeutes a Barcelona amb un recorregut de m\u00e9s de 10 anys","og_url":"https:\/\/psicoclinicabarcelona.com\/ca\/etica\/","og_site_name":"Psicocl\u00ednica Barcelona","article_publisher":"https:\/\/www.facebook.com\/PsicoclinicaBarcelona\/","article_modified_time":"2024-05-17T07:50:29+00:00","og_image":[{"url":"https:\/\/psicoclinicabarcelona.com\/wp-content\/uploads\/2022\/08\/DSC_3787.webp","type":"","width":"","height":""}],"twitter_misc":{"Temps estimat de lectura":"3 minuts"},"schema":{"@context":"https:\/\/schema.org","@graph":[{"@type":"WebPage","@id":"https:\/\/psicoclinicabarcelona.com\/ca\/etica\/","url":"https:\/\/psicoclinicabarcelona.com\/ca\/etica\/","name":"Etica","isPartOf":{"@id":"https:\/\/psicoclinicabarcelona.com\/#website"},"primaryImageOfPage":{"@id":"https:\/\/psicoclinicabarcelona.com\/ca\/etica\/#primaryimage"},"image":{"@id":"https:\/\/psicoclinicabarcelona.com\/ca\/etica\/#primaryimage"},"thumbnailUrl":"https:\/\/psicoclinicabarcelona.com\/wp-content\/uploads\/2022\/08\/DSC_3787.webp","datePublished":"2015-05-06T14:27:47+00:00","dateModified":"2024-05-17T07:50:29+00:00","description":"\u00c8tica: Psic\u00f2legs a Barcelona, truqui 640 067 146. Equip de psic\u00f2legs cl\u00ednics i psicoterapeutes a Barcelona amb un recorregut de m\u00e9s de 10 anys","breadcrumb":{"@id":"https:\/\/psicoclinicabarcelona.com\/ca\/etica\/#breadcrumb"},"inLanguage":"ca","potentialAction":[{"@type":"ReadAction","target":["https:\/\/psicoclinicabarcelona.com\/ca\/etica\/"]}]},{"@type":"ImageObject","inLanguage":"ca","@id":"https:\/\/psicoclinicabarcelona.com\/ca\/etica\/#primaryimage","url":"https:\/\/psicoclinicabarcelona.com\/wp-content\/uploads\/2022\/08\/DSC_3787.webp","contentUrl":"https:\/\/psicoclinicabarcelona.com\/wp-content\/uploads\/2022\/08\/DSC_3787.webp"},{"@type":"BreadcrumbList","@id":"https:\/\/psicoclinicabarcelona.com\/ca\/etica\/#breadcrumb","itemListElement":[{"@type":"ListItem","position":1,"name":"Portada","item":"https:\/\/psicoclinicabarcelona.com\/ca\/"},{"@type":"ListItem","position":2,"name":"\u00c8tica"}]},{"@type":"WebSite","@id":"https:\/\/psicoclinicabarcelona.com\/#website","url":"https:\/\/psicoclinicabarcelona.com\/","name":"Psicocl\u00ednica Barcelona","description":"Posiblemente el mejor psic\u00f3logo en Barcelona o la mejor psic\u00f3loga de Barcelona. Ll\u00e1manos sin compromiso al 935 414 478","publisher":{"@id":"https:\/\/psicoclinicabarcelona.com\/#organization"},"alternateName":"Psicocl\u00ednica Barcelona","potentialAction":[{"@type":"SearchAction","target":{"@type":"EntryPoint","urlTemplate":"https:\/\/psicoclinicabarcelona.com\/?s={search_term_string}"},"query-input":{"@type":"PropertyValueSpecification","valueRequired":true,"valueName":"search_term_string"}}],"inLanguage":"ca"},{"@type":"Organization","@id":"https:\/\/psicoclinicabarcelona.com\/#organization","name":"Psicocl\u00ednica Barcelona","alternateName":"Psicocl\u00ednica Barcelona","url":"https:\/\/psicoclinicabarcelona.com\/","logo":{"@type":"ImageObject","inLanguage":"ca","@id":"https:\/\/psicoclinicabarcelona.com\/#\/schema\/logo\/image\/","url":"https:\/\/psicoclinicabarcelona.com\/wp-content\/uploads\/2015\/04\/psicologos-barcelona.png","contentUrl":"https:\/\/psicoclinicabarcelona.com\/wp-content\/uploads\/2015\/04\/psicologos-barcelona.png","width":178,"height":62,"caption":"Psicocl\u00ednica Barcelona"},"image":{"@id":"https:\/\/psicoclinicabarcelona.com\/#\/schema\/logo\/image\/"},"sameAs":["https:\/\/www.facebook.com\/PsicoclinicaBarcelona\/","https:\/\/x.com\/psicoclinicabcn","https:\/\/www.linkedin.com\/company\/psicocl\u00ednica-barcelona\/","https:\/\/www.instagram.com\/psicoclinicabarcelona\/","https:\/\/www.youtube.com\/channel\/UCcc-5_wC56giASuT0XDr87Q"]}]}},"_links":{"self":[{"href":"https:\/\/psicoclinicabarcelona.com\/ca\/wp-json\/wp\/v2\/pages\/907"}],"collection":[{"href":"https:\/\/psicoclinicabarcelona.com\/ca\/wp-json\/wp\/v2\/pages"}],"about":[{"href":"https:\/\/psicoclinicabarcelona.com\/ca\/wp-json\/wp\/v2\/types\/page"}],"author":[{"embeddable":true,"href":"https:\/\/psicoclinicabarcelona.com\/ca\/wp-json\/wp\/v2\/users\/5"}],"replies":[{"embeddable":true,"href":"https:\/\/psicoclinicabarcelona.com\/ca\/wp-json\/wp\/v2\/comments?post=907"}],"version-history":[{"count":11,"href":"https:\/\/psicoclinicabarcelona.com\/ca\/wp-json\/wp\/v2\/pages\/907\/revisions"}],"predecessor-version":[{"id":6098,"href":"https:\/\/psicoclinicabarcelona.com\/ca\/wp-json\/wp\/v2\/pages\/907\/revisions\/6098"}],"wp:attachment":[{"href":"https:\/\/psicoclinicabarcelona.com\/ca\/wp-json\/wp\/v2\/media?parent=907"}],"curies":[{"name":"wp","href":"https:\/\/api.w.org\/{rel}","templated":true}]}}