{"id":912,"date":"2015-07-15T14:38:09","date_gmt":"2015-07-15T14:38:09","guid":{"rendered":"http:\/\/psicoclinicabarcelona.com\/?page_id=912"},"modified":"2024-05-17T09:54:28","modified_gmt":"2024-05-17T07:54:28","slug":"centre-psicologia-barcelona","status":"publish","type":"page","link":"https:\/\/psicoclinicabarcelona.com\/ca\/centre-psicologia-barcelona\/","title":{"rendered":"Centre de psicologia a Barcelona"},"content":{"rendered":"[vc_row][vc_column][vc_column_text]Consultar amb un <strong>psic\u00f2leg Barcelona<\/strong> o amb un <strong>centre sanitari psicol\u00f2gic<\/strong> pot ser el primer pas per trobar una sortida al problema. Entre la <strong>psicologia cl\u00ednica<\/strong>, la <strong>psicoter\u00e0pia<\/strong> i la <strong>psicoan\u00e0lisi<\/strong>, poden existir difer\u00e8ncies substancials a l&#8217;hora d&#8217;orientar el tractament. \u00c9s recomanable que la persona disposi d&#8217;informaci\u00f3 suficient perqu\u00e8 pugui dirigir-se al <strong>millor centre de psicologia de Barcelona<\/strong> pel seu cas en particular.<\/p>\n<p>&nbsp;<\/p>\n<p>A\u00a0<b>Psicocl\u00ednica Barcelona<\/b>\u00a0comptem amb excel\u00b7lent equip de\u00a0<b>psic\u00f2legs cl\u00ednics<\/b>,\u00a0<b>psicoterapeutes<\/b>\u00a0i\u00a0<b>psicoanalistes<\/b>, experts en el\u00a0<b>tractament psicol\u00f2gic amb nens<\/b>, adolescents i adults. A\u00a0<b>Psicocl\u00ednica Barcelona<\/b>, sabem que\u00a0<b>els millors psic\u00f2legs de Barcelona<\/b>\u00a0seran aquells que entenguin la necessitat d&#8217;individualitzar el tractament, tenint en compte les singularitats de cada persona.[\/vc_column_text][\/vc_column][\/vc_row][vc_row css=&#8221;.vc_custom_1658136996824{margin-bottom: -50px !important;}&#8221;][vc_column width=&#8221;1\/2&#8243;][vc_column_text]Tots els <strong>psic\u00f2legs<\/strong> que col\u00b7laboren en <strong>Psicocl\u00ednica Barcelona<\/strong> han rebut una formaci\u00f3 rigorosa i mantenen un clar comprom\u00eds personal amb la investigaci\u00f3 continuada, participant activament en congressos d&#8217;\u00e0mbit nacional i internacional.<\/p>\n<p>L&#8217;equip de\u00a0<b>psic\u00f2legs cl\u00ednics<\/b>\u00a0i\u00a0<b>psicoterapeutes<\/b>\u00a0(FEAP) del nostre\u00a0<b>centre de psicologia a Barcelona<\/b>, disposa d&#8217;una \u00e0mplia experi\u00e8ncia professional nacional i internacional, tant a l&#8217;\u00e0mbit privat com al p\u00fablic. Durant aquest temps hem participat en m\u00faltiples treballs de recerca cient\u00edfica, que han estat presentats a nombrosos congressos d&#8217;\u00e0mbit internacional. Col\u00b7laborem a mitjans de comunicaci\u00f3 i participem en confer\u00e8ncies i seminaris de formaci\u00f3 per a altres professionals de la salut i l&#8217;educaci\u00f3.[\/vc_column_text][\/vc_column][vc_column width=&#8221;1\/2&#8243;][vc_column_text]<img decoding=\"async\" class=\"aligncenter wp-image-5738 size-full\" src=\"https:\/\/psicoclinicabarcelona.com\/wp-content\/uploads\/2022\/08\/DSC_3787.webp\" alt=\"Mila herrera\" width=\"1200\" height=\"857\" srcset=\"https:\/\/psicoclinicabarcelona.com\/wp-content\/uploads\/2022\/08\/DSC_3787.webp 1200w, https:\/\/psicoclinicabarcelona.com\/wp-content\/uploads\/2022\/08\/DSC_3787-300x214.webp 300w, https:\/\/psicoclinicabarcelona.com\/wp-content\/uploads\/2022\/08\/DSC_3787-1024x731.webp 1024w, https:\/\/psicoclinicabarcelona.com\/wp-content\/uploads\/2022\/08\/DSC_3787-768x548.webp 768w, https:\/\/psicoclinicabarcelona.com\/wp-content\/uploads\/2022\/08\/DSC_3787-600x429.webp 600w\" sizes=\"(max-width: 1200px) 100vw, 1200px\" \/>[\/vc_column_text][\/vc_column][\/vc_row][vc_row full_width=&#8221;stretch_row&#8221; css=&#8221;.vc_custom_1658136869068{background-color: #f8fdff !important;}&#8221;][vc_column][vc_column_text]\n<h2><span style=\"color: #008aad;\">Cl\u00ednica psicol\u00f2gica<\/span><\/h2>\n<p>Ens decidim a fundar\u00a0<b>Psicocl\u00ednica Barcelona<\/b>, un centre de\u00a0<b>psic\u00f2legs a Barcelona<\/b>\u00a0amb la finalitat d&#8217;unir la nostra experi\u00e8ncia cl\u00ednica en el\u00a0<b>tractament psicol\u00f2gic amb nens<\/b>, joves i adults amb necessitats actuals d&#8217;assist\u00e8ncia en salut mental. Comptem amb la col\u00b7laboraci\u00f3 de metges psiquiatres, d&#8217;\u00e0mplia experi\u00e8ncia, per a aquells casos que requereixin tractament farmacol\u00f2gic.<\/p>\n<p>Si esteu interessats a demanar cita en una\u00a0<b>cl\u00ednica psicol\u00f2gica al centre de Barcelona<\/b>, \u00e9s important que s\u00e0piga que\u00a0<b>els millors centres de psicologia<\/b>\u00a0seran aquells que ofereixin tractaments individualitzats despr\u00e9s d&#8217;una bona valoraci\u00f3 inicial. No dubteu a posar-vos en contacte amb nosaltres per sol\u00b7licitar una primera entrevista.<\/p>\n<p>Com a resultat de tots aquests anys d&#8217;esfor\u00e7 i dedicaci\u00f3, hem aconseguit consolidar-nos com una de les millors cl\u00edniques de psicologia a Barcelona. El nostre\u00a0<b>centre de psicologia a Barcelona<\/b>, s&#8217;ha convertit en un referent per a la psicologia cl\u00ednica i la psicoter\u00e0pia a la ciutat de Barcelona.[\/vc_column_text][\/vc_column][\/vc_row][vc_row css=&#8221;.vc_custom_1658069749947{margin-top: 40px !important;margin-bottom: 30px !important;}&#8221;][vc_column width=&#8221;1\/2&#8243;][vc_column_text el_class=&#8221;sombra&#8221;]<a href=\"\/mila-herrera\/\"><img decoding=\"async\" class=\"aligncenter wp-image-5589 size-full\" src=\"https:\/\/psicoclinicabarcelona.com\/wp-content\/uploads\/2022\/07\/mila-ficha.webp\" alt=\"fiche mila\" width=\"1400\" height=\"500\" srcset=\"https:\/\/psicoclinicabarcelona.com\/wp-content\/uploads\/2022\/07\/mila-ficha.webp 1400w, https:\/\/psicoclinicabarcelona.com\/wp-content\/uploads\/2022\/07\/mila-ficha-300x107.webp 300w, https:\/\/psicoclinicabarcelona.com\/wp-content\/uploads\/2022\/07\/mila-ficha-1024x366.webp 1024w, https:\/\/psicoclinicabarcelona.com\/wp-content\/uploads\/2022\/07\/mila-ficha-768x274.webp 768w, https:\/\/psicoclinicabarcelona.com\/wp-content\/uploads\/2022\/07\/mila-ficha-600x214.webp 600w\" sizes=\"(max-width: 1400px) 100vw, 1400px\" \/><\/a>[\/vc_column_text][\/vc_column][vc_column width=&#8221;1\/2&#8243;][vc_column_text el_class=&#8221;sombra&#8221;]<a href=\"\/sergi-vilardell\/\"><img decoding=\"async\" class=\"aligncenter wp-image-5592 size-full\" src=\"https:\/\/psicoclinicabarcelona.com\/wp-content\/uploads\/2022\/07\/ficha-Sergi.webp\" alt=\"ficha Sergi\" width=\"1400\" height=\"500\" srcset=\"https:\/\/psicoclinicabarcelona.com\/wp-content\/uploads\/2022\/07\/ficha-Sergi.webp 1400w, https:\/\/psicoclinicabarcelona.com\/wp-content\/uploads\/2022\/07\/ficha-Sergi-300x107.webp 300w, https:\/\/psicoclinicabarcelona.com\/wp-content\/uploads\/2022\/07\/ficha-Sergi-1024x366.webp 1024w, https:\/\/psicoclinicabarcelona.com\/wp-content\/uploads\/2022\/07\/ficha-Sergi-768x274.webp 768w, https:\/\/psicoclinicabarcelona.com\/wp-content\/uploads\/2022\/07\/ficha-Sergi-600x214.webp 600w\" sizes=\"(max-width: 1400px) 100vw, 1400px\" \/><\/a>[\/vc_column_text][\/vc_column][\/vc_row][vc_row][vc_column][vc_empty_space][vc_column_text]\n<h2 align=\"left\">A qui va dirigit?<\/h2>\n<p>Per demanar cita a\u00a0<b>Psicocl\u00ednica Barcelona<\/b>, no cal tenir cap tipus de diagn\u00f2stic:\u00a0<b>depressi\u00f3<\/b>,\u00a0<b>fibromi\u00e0lgia<\/b>,\u00a0<b>TDAH\u2026<\/b> La majoria de persones que acudeixen al nostre\u00a0<b>centre psicol\u00f2gic de Barcelona<\/b>, ho fan perqu\u00e8 travessen un mal moment a la seva vida i volen rebre un\u00a0<b>tractament psicol\u00f2gic<\/b>\u00a0trobar solucions al seu malestar.<\/p>\n<ul>\n<li>Psicologia cl\u00ednica, psicoter\u00e0pia o psicoan\u00e0lisi.<\/li>\n<li>Psicologia en l\u00ednia<\/li>\n<li>Ter\u00e0pia familiar<\/li>\n<li>Tractament psicol\u00f2gic amb nens i adolescents.<\/li>\n<li>Ter\u00e0pia psicol\u00f2gica per a TOC i tractament de l&#8217;ansietat o la depressi\u00f3.<\/li>\n<li>Ter\u00e0pia de parella, nens i adolescents.<\/li>\n<li>Adiccions i depend\u00e8ncies.<\/li>\n<li>Psicologia infantil i psicologia per a adolescents.<\/li>\n<li>Atacs de p\u00e0nic, crisis d&#8217;ansietat i f\u00f2bies.<\/li>\n<li>Trastorns psicosom\u00e0tics.<\/li>\n<li>Tractaments per al TDAH, TEA o trastorns alimentaris.<\/li>\n<li>Psiquiatria: xarxa de metges psiquiatres col\u00b7laboradors.<\/li>\n<\/ul>\n[\/vc_column_text][\/vc_column][\/vc_row]\n","protected":false},"excerpt":{"rendered":"<p>[vc_row][vc_column][vc_column_text]Consultar amb un psic\u00f2leg Barcelona o amb un centre sanitari psicol\u00f2gic pot ser el primer pas per trobar una sortida al problema. Entre la psicologia cl\u00ednica, la psicoter\u00e0pia i la psicoan\u00e0lisi, poden existir difer\u00e8ncies substancials a l&#8217;hora d&#8217;orientar el tractament. \u00c9s recomanable que la persona disposi d&#8217;informaci\u00f3 suficient perqu\u00e8 pugui dirigir-se al millor centre de&hellip;<\/p>\n","protected":false},"author":5,"featured_media":0,"parent":0,"menu_order":0,"comment_status":"open","ping_status":"open","template":"","meta":{"footnotes":""},"class_list":["post-912","page","type-page","status-publish","hentry","entry","no-media"],"yoast_head":"<!-- This site is optimized with the Yoast SEO plugin v24.6 - https:\/\/yoast.com\/wordpress\/plugins\/seo\/ -->\n<title>Centre de psicologia a Barcelona<\/title>\n<meta name=\"description\" content=\"Psic\u00f2legs Barcelona. \u260e 640 067 146 Truqui&#039;ns sense comprom\u00eds. Psic\u00f2legs Barcelona infantil, ansietat, depressi\u00f3, parelles, pares, TDAH, TEA, TLP\" \/>\n<meta name=\"robots\" content=\"index, follow, max-snippet:-1, max-image-preview:large, max-video-preview:-1\" \/>\n<link rel=\"canonical\" href=\"https:\/\/psicoclinicabarcelona.com\/ca\/centre-psicologia-barcelona\/\" \/>\n<meta property=\"og:locale\" content=\"ca_ES\" \/>\n<meta property=\"og:type\" content=\"article\" \/>\n<meta property=\"og:title\" content=\"Centre de psicologia a Barcelona\" \/>\n<meta property=\"og:description\" content=\"Psic\u00f2legs Barcelona. \u260e 640 067 146 Truqui&#039;ns sense comprom\u00eds. Psic\u00f2legs Barcelona infantil, ansietat, depressi\u00f3, parelles, pares, TDAH, TEA, TLP\" \/>\n<meta property=\"og:url\" content=\"https:\/\/psicoclinicabarcelona.com\/ca\/centre-psicologia-barcelona\/\" \/>\n<meta property=\"og:site_name\" content=\"Psicocl\u00ednica Barcelona\" \/>\n<meta property=\"article:publisher\" content=\"https:\/\/www.facebook.com\/PsicoclinicaBarcelona\/\" \/>\n<meta property=\"article:modified_time\" content=\"2024-05-17T07:54:28+00:00\" \/>\n<meta property=\"og:image\" content=\"https:\/\/psicoclinicabarcelona.com\/wp-content\/uploads\/2022\/08\/DSC_3787.webp\" \/>\n<meta name=\"twitter:label1\" content=\"Temps estimat de lectura\" \/>\n\t<meta name=\"twitter:data1\" content=\"3 minuts\" \/>\n<script type=\"application\/ld+json\" class=\"yoast-schema-graph\">{\"@context\":\"https:\/\/schema.org\",\"@graph\":[{\"@type\":\"WebPage\",\"@id\":\"https:\/\/psicoclinicabarcelona.com\/ca\/centre-psicologia-barcelona\/\",\"url\":\"https:\/\/psicoclinicabarcelona.com\/ca\/centre-psicologia-barcelona\/\",\"name\":\"Centre de psicologia a Barcelona\",\"isPartOf\":{\"@id\":\"https:\/\/psicoclinicabarcelona.com\/#website\"},\"primaryImageOfPage\":{\"@id\":\"https:\/\/psicoclinicabarcelona.com\/ca\/centre-psicologia-barcelona\/#primaryimage\"},\"image\":{\"@id\":\"https:\/\/psicoclinicabarcelona.com\/ca\/centre-psicologia-barcelona\/#primaryimage\"},\"thumbnailUrl\":\"https:\/\/psicoclinicabarcelona.com\/wp-content\/uploads\/2022\/08\/DSC_3787.webp\",\"datePublished\":\"2015-07-15T14:38:09+00:00\",\"dateModified\":\"2024-05-17T07:54:28+00:00\",\"description\":\"Psic\u00f2legs Barcelona. \u260e 640 067 146 Truqui'ns sense comprom\u00eds. Psic\u00f2legs Barcelona infantil, ansietat, depressi\u00f3, parelles, pares, TDAH, TEA, TLP\",\"breadcrumb\":{\"@id\":\"https:\/\/psicoclinicabarcelona.com\/ca\/centre-psicologia-barcelona\/#breadcrumb\"},\"inLanguage\":\"ca\",\"potentialAction\":[{\"@type\":\"ReadAction\",\"target\":[\"https:\/\/psicoclinicabarcelona.com\/ca\/centre-psicologia-barcelona\/\"]}]},{\"@type\":\"ImageObject\",\"inLanguage\":\"ca\",\"@id\":\"https:\/\/psicoclinicabarcelona.com\/ca\/centre-psicologia-barcelona\/#primaryimage\",\"url\":\"https:\/\/psicoclinicabarcelona.com\/wp-content\/uploads\/2022\/08\/DSC_3787.webp\",\"contentUrl\":\"https:\/\/psicoclinicabarcelona.com\/wp-content\/uploads\/2022\/08\/DSC_3787.webp\"},{\"@type\":\"BreadcrumbList\",\"@id\":\"https:\/\/psicoclinicabarcelona.com\/ca\/centre-psicologia-barcelona\/#breadcrumb\",\"itemListElement\":[{\"@type\":\"ListItem\",\"position\":1,\"name\":\"Portada\",\"item\":\"https:\/\/psicoclinicabarcelona.com\/ca\/\"},{\"@type\":\"ListItem\",\"position\":2,\"name\":\"Centre de psicologia a Barcelona\"}]},{\"@type\":\"WebSite\",\"@id\":\"https:\/\/psicoclinicabarcelona.com\/#website\",\"url\":\"https:\/\/psicoclinicabarcelona.com\/\",\"name\":\"Psicocl\u00ednica Barcelona\",\"description\":\"Posiblemente el mejor psic\u00f3logo en Barcelona o la mejor psic\u00f3loga de Barcelona. Ll\u00e1manos sin compromiso al 935 414 478\",\"publisher\":{\"@id\":\"https:\/\/psicoclinicabarcelona.com\/#organization\"},\"alternateName\":\"Psicocl\u00ednica Barcelona\",\"potentialAction\":[{\"@type\":\"SearchAction\",\"target\":{\"@type\":\"EntryPoint\",\"urlTemplate\":\"https:\/\/psicoclinicabarcelona.com\/?s={search_term_string}\"},\"query-input\":{\"@type\":\"PropertyValueSpecification\",\"valueRequired\":true,\"valueName\":\"search_term_string\"}}],\"inLanguage\":\"ca\"},{\"@type\":\"Organization\",\"@id\":\"https:\/\/psicoclinicabarcelona.com\/#organization\",\"name\":\"Psicocl\u00ednica Barcelona\",\"alternateName\":\"Psicocl\u00ednica Barcelona\",\"url\":\"https:\/\/psicoclinicabarcelona.com\/\",\"logo\":{\"@type\":\"ImageObject\",\"inLanguage\":\"ca\",\"@id\":\"https:\/\/psicoclinicabarcelona.com\/#\/schema\/logo\/image\/\",\"url\":\"https:\/\/psicoclinicabarcelona.com\/wp-content\/uploads\/2015\/04\/psicologos-barcelona.png\",\"contentUrl\":\"https:\/\/psicoclinicabarcelona.com\/wp-content\/uploads\/2015\/04\/psicologos-barcelona.png\",\"width\":178,\"height\":62,\"caption\":\"Psicocl\u00ednica Barcelona\"},\"image\":{\"@id\":\"https:\/\/psicoclinicabarcelona.com\/#\/schema\/logo\/image\/\"},\"sameAs\":[\"https:\/\/www.facebook.com\/PsicoclinicaBarcelona\/\",\"https:\/\/x.com\/psicoclinicabcn\",\"https:\/\/www.linkedin.com\/company\/psicocl\u00ednica-barcelona\/\",\"https:\/\/www.instagram.com\/psicoclinicabarcelona\/\",\"https:\/\/www.youtube.com\/channel\/UCcc-5_wC56giASuT0XDr87Q\"]}]}<\/script>\n<!-- \/ Yoast SEO plugin. -->","yoast_head_json":{"title":"Centre de psicologia a Barcelona","description":"Psic\u00f2legs Barcelona. \u260e 640 067 146 Truqui'ns sense comprom\u00eds. Psic\u00f2legs Barcelona infantil, ansietat, depressi\u00f3, parelles, pares, TDAH, TEA, TLP","robots":{"index":"index","follow":"follow","max-snippet":"max-snippet:-1","max-image-preview":"max-image-preview:large","max-video-preview":"max-video-preview:-1"},"canonical":"https:\/\/psicoclinicabarcelona.com\/ca\/centre-psicologia-barcelona\/","og_locale":"ca_ES","og_type":"article","og_title":"Centre de psicologia a Barcelona","og_description":"Psic\u00f2legs Barcelona. \u260e 640 067 146 Truqui'ns sense comprom\u00eds. Psic\u00f2legs Barcelona infantil, ansietat, depressi\u00f3, parelles, pares, TDAH, TEA, TLP","og_url":"https:\/\/psicoclinicabarcelona.com\/ca\/centre-psicologia-barcelona\/","og_site_name":"Psicocl\u00ednica Barcelona","article_publisher":"https:\/\/www.facebook.com\/PsicoclinicaBarcelona\/","article_modified_time":"2024-05-17T07:54:28+00:00","og_image":[{"url":"https:\/\/psicoclinicabarcelona.com\/wp-content\/uploads\/2022\/08\/DSC_3787.webp","type":"","width":"","height":""}],"twitter_misc":{"Temps estimat de lectura":"3 minuts"},"schema":{"@context":"https:\/\/schema.org","@graph":[{"@type":"WebPage","@id":"https:\/\/psicoclinicabarcelona.com\/ca\/centre-psicologia-barcelona\/","url":"https:\/\/psicoclinicabarcelona.com\/ca\/centre-psicologia-barcelona\/","name":"Centre de psicologia a Barcelona","isPartOf":{"@id":"https:\/\/psicoclinicabarcelona.com\/#website"},"primaryImageOfPage":{"@id":"https:\/\/psicoclinicabarcelona.com\/ca\/centre-psicologia-barcelona\/#primaryimage"},"image":{"@id":"https:\/\/psicoclinicabarcelona.com\/ca\/centre-psicologia-barcelona\/#primaryimage"},"thumbnailUrl":"https:\/\/psicoclinicabarcelona.com\/wp-content\/uploads\/2022\/08\/DSC_3787.webp","datePublished":"2015-07-15T14:38:09+00:00","dateModified":"2024-05-17T07:54:28+00:00","description":"Psic\u00f2legs Barcelona. \u260e 640 067 146 Truqui'ns sense comprom\u00eds. Psic\u00f2legs Barcelona infantil, ansietat, depressi\u00f3, parelles, pares, TDAH, TEA, TLP","breadcrumb":{"@id":"https:\/\/psicoclinicabarcelona.com\/ca\/centre-psicologia-barcelona\/#breadcrumb"},"inLanguage":"ca","potentialAction":[{"@type":"ReadAction","target":["https:\/\/psicoclinicabarcelona.com\/ca\/centre-psicologia-barcelona\/"]}]},{"@type":"ImageObject","inLanguage":"ca","@id":"https:\/\/psicoclinicabarcelona.com\/ca\/centre-psicologia-barcelona\/#primaryimage","url":"https:\/\/psicoclinicabarcelona.com\/wp-content\/uploads\/2022\/08\/DSC_3787.webp","contentUrl":"https:\/\/psicoclinicabarcelona.com\/wp-content\/uploads\/2022\/08\/DSC_3787.webp"},{"@type":"BreadcrumbList","@id":"https:\/\/psicoclinicabarcelona.com\/ca\/centre-psicologia-barcelona\/#breadcrumb","itemListElement":[{"@type":"ListItem","position":1,"name":"Portada","item":"https:\/\/psicoclinicabarcelona.com\/ca\/"},{"@type":"ListItem","position":2,"name":"Centre de psicologia a Barcelona"}]},{"@type":"WebSite","@id":"https:\/\/psicoclinicabarcelona.com\/#website","url":"https:\/\/psicoclinicabarcelona.com\/","name":"Psicocl\u00ednica Barcelona","description":"Posiblemente el mejor psic\u00f3logo en Barcelona o la mejor psic\u00f3loga de Barcelona. Ll\u00e1manos sin compromiso al 935 414 478","publisher":{"@id":"https:\/\/psicoclinicabarcelona.com\/#organization"},"alternateName":"Psicocl\u00ednica Barcelona","potentialAction":[{"@type":"SearchAction","target":{"@type":"EntryPoint","urlTemplate":"https:\/\/psicoclinicabarcelona.com\/?s={search_term_string}"},"query-input":{"@type":"PropertyValueSpecification","valueRequired":true,"valueName":"search_term_string"}}],"inLanguage":"ca"},{"@type":"Organization","@id":"https:\/\/psicoclinicabarcelona.com\/#organization","name":"Psicocl\u00ednica Barcelona","alternateName":"Psicocl\u00ednica Barcelona","url":"https:\/\/psicoclinicabarcelona.com\/","logo":{"@type":"ImageObject","inLanguage":"ca","@id":"https:\/\/psicoclinicabarcelona.com\/#\/schema\/logo\/image\/","url":"https:\/\/psicoclinicabarcelona.com\/wp-content\/uploads\/2015\/04\/psicologos-barcelona.png","contentUrl":"https:\/\/psicoclinicabarcelona.com\/wp-content\/uploads\/2015\/04\/psicologos-barcelona.png","width":178,"height":62,"caption":"Psicocl\u00ednica Barcelona"},"image":{"@id":"https:\/\/psicoclinicabarcelona.com\/#\/schema\/logo\/image\/"},"sameAs":["https:\/\/www.facebook.com\/PsicoclinicaBarcelona\/","https:\/\/x.com\/psicoclinicabcn","https:\/\/www.linkedin.com\/company\/psicocl\u00ednica-barcelona\/","https:\/\/www.instagram.com\/psicoclinicabarcelona\/","https:\/\/www.youtube.com\/channel\/UCcc-5_wC56giASuT0XDr87Q"]}]}},"_links":{"self":[{"href":"https:\/\/psicoclinicabarcelona.com\/ca\/wp-json\/wp\/v2\/pages\/912"}],"collection":[{"href":"https:\/\/psicoclinicabarcelona.com\/ca\/wp-json\/wp\/v2\/pages"}],"about":[{"href":"https:\/\/psicoclinicabarcelona.com\/ca\/wp-json\/wp\/v2\/types\/page"}],"author":[{"embeddable":true,"href":"https:\/\/psicoclinicabarcelona.com\/ca\/wp-json\/wp\/v2\/users\/5"}],"replies":[{"embeddable":true,"href":"https:\/\/psicoclinicabarcelona.com\/ca\/wp-json\/wp\/v2\/comments?post=912"}],"version-history":[{"count":14,"href":"https:\/\/psicoclinicabarcelona.com\/ca\/wp-json\/wp\/v2\/pages\/912\/revisions"}],"predecessor-version":[{"id":1328,"href":"https:\/\/psicoclinicabarcelona.com\/ca\/wp-json\/wp\/v2\/pages\/912\/revisions\/1328"}],"wp:attachment":[{"href":"https:\/\/psicoclinicabarcelona.com\/ca\/wp-json\/wp\/v2\/media?parent=912"}],"curies":[{"name":"wp","href":"https:\/\/api.w.org\/{rel}","templated":true}]}}