{"id":914,"date":"2015-07-15T14:49:23","date_gmt":"2015-07-15T14:49:23","guid":{"rendered":"http:\/\/psicoclinicabarcelona.com\/?page_id=914"},"modified":"2024-05-17T09:51:16","modified_gmt":"2024-05-17T07:51:16","slug":"psicoleg-adolescents-barcelona","status":"publish","type":"page","link":"https:\/\/psicoclinicabarcelona.com\/ca\/psicoleg-adolescents-barcelona\/","title":{"rendered":"Psic\u00f2leg adolescents Barcelona"},"content":{"rendered":"[vc_row][vc_column width=&#8221;1\/2&#8243;][vc_column_text]L\u2019adolesc\u00e8ncia, \u00e9s una etapa complexa pels continus canvis i duels que esdevenen en ella. \u00c9s per aix\u00f2 que pot venir acompanyada d\u2019episodis d\u2019angoixa, sobretot, pel que fa a la imatge corporal, la relaci\u00f3 amb els pares, la identitat davant el grup d\u2019iguals, la sexualitat o la incertesa davant el futur. \u00c9s un moment crucial en la presa de decisions.<\/p>\n<p>&nbsp;<\/p>\n<p>Som <strong>psic\u00f2legs especialistes en adolescents a Barcelona<\/strong> i ens dirigim a tu perqu\u00e8 des del primer moment, considerem que ets capa\u00e7 de pensar, opinar i decidir per tu mateix. Encara que hagis de dependre dels teus pares, \u00e9s indubtable que tens veu i, per tant, alguna cosa a dir sobre el que et passa. Es tracta que puguis anar descobrint coses sobre tu, que potser desconeixes i que t&#8217;ajudaran a estar millor amb tu mateix. Un <strong>psic\u00f2leg d&#8217;adolescents<\/strong> o una <strong>psic\u00f2loga a Barcelona<\/strong> nom\u00e9s es poden fer una idea de per qu\u00e8 est\u00e0s passant, perqu\u00e8 l&#8217;\u00fanic que ho sap realment ets tu. Si passes per un moment dif\u00edcil, consultar amb un <strong>psic\u00f2leg d&#8217;adolescents<\/strong> pot ajudar-te a trobar solucions que potser ara no pot veure. \u00c9s important que s\u00e0pigues que el que parlis en sessi\u00f3 amb el <strong>psic\u00f2leg Barcelona<\/strong>, \u00e9s confidencial i que per tant podr\u00e0s expressar-te lliurement i sense. Va idear ser jutjat per aix\u00f2.[\/vc_column_text][\/vc_column][vc_column width=&#8221;1\/2&#8243;][vc_column_text]<iframe title=\"YouTube video player\" src=\"https:\/\/www.youtube.com\/embed\/HAbp4OAgaOA\" width=\"560\" height=\"315\" frameborder=\"0\" allowfullscreen=\"allowfullscreen\" data-mce-fragment=\"1\"><\/iframe>[\/vc_column_text][\/vc_column][\/vc_row][vc_row el_class=&#8221;centradito&#8221;][vc_column width=&#8221;1\/3&#8243;][vc_column_text]<img decoding=\"async\" class=\"aligncenter wp-image-5793 size-full\" src=\"https:\/\/psicoclinicabarcelona.com\/wp-content\/uploads\/2022\/10\/undraw_couple_love_re_3fw6.png\" alt=\"psicologo adolescentes barcelona\" width=\"850\" height=\"522\" srcset=\"https:\/\/psicoclinicabarcelona.com\/wp-content\/uploads\/2022\/10\/undraw_couple_love_re_3fw6.png 850w, https:\/\/psicoclinicabarcelona.com\/wp-content\/uploads\/2022\/10\/undraw_couple_love_re_3fw6-300x184.png 300w, https:\/\/psicoclinicabarcelona.com\/wp-content\/uploads\/2022\/10\/undraw_couple_love_re_3fw6-768x472.png 768w, https:\/\/psicoclinicabarcelona.com\/wp-content\/uploads\/2022\/10\/undraw_couple_love_re_3fw6-600x368.png 600w\" sizes=\"(max-width: 850px) 100vw, 850px\" \/>[\/vc_column_text][vc_column_text]\n<h3 class=\"titulin\" style=\"text-align: center;\">Amics i parella<\/h3>\n[\/vc_column_text][vc_column_text el_class=&#8221;tituSub&#8221;]\u201cTinc por de no caure\u2019ls b\u00e9\u2026\u201d<\/p>\n<p>\u201cS\u00f3c molt gel\u00f3s\u201d<\/p>\n<p>\u201cEm passo el dia tancat a la meva habitaci\u00f3 jugant a l\u2019ordinador\u201d[\/vc_column_text][\/vc_column][vc_column width=&#8221;1\/3&#8243;][vc_column_text]<img decoding=\"async\" class=\"aligncenter wp-image-5794 size-full\" src=\"https:\/\/psicoclinicabarcelona.com\/wp-content\/uploads\/2022\/10\/undraw_career_progress_ivdb.png\" alt=\"futuro\" width=\"1334\" height=\"920\" srcset=\"https:\/\/psicoclinicabarcelona.com\/wp-content\/uploads\/2022\/10\/undraw_career_progress_ivdb.png 1334w, https:\/\/psicoclinicabarcelona.com\/wp-content\/uploads\/2022\/10\/undraw_career_progress_ivdb-300x207.png 300w, https:\/\/psicoclinicabarcelona.com\/wp-content\/uploads\/2022\/10\/undraw_career_progress_ivdb-1024x706.png 1024w, https:\/\/psicoclinicabarcelona.com\/wp-content\/uploads\/2022\/10\/undraw_career_progress_ivdb-768x530.png 768w, https:\/\/psicoclinicabarcelona.com\/wp-content\/uploads\/2022\/10\/undraw_career_progress_ivdb-600x414.png 600w\" sizes=\"(max-width: 1334px) 100vw, 1334px\" \/>[\/vc_column_text][vc_column_text]\n<h3 class=\"titulin\" style=\"text-align: center;\">FUTUR<\/h3>\n[\/vc_column_text][vc_column_text el_class=&#8221;tituSub&#8221;]\u201cNo m\u2019agrada res, no s\u00e9 qu\u00e8 fer\u2026\u201d<\/p>\n<p>\u201cPer a qu\u00e8 esfor\u00e7ar-me si res val la pena\u2026\u201d<\/p>\n<p>\u201cM\u2019agradaria ser fam\u00f3s, ric \u2026\u201d[\/vc_column_text][\/vc_column][vc_column width=&#8221;1\/3&#8243;][vc_column_text]<img decoding=\"async\" class=\"size-medium wp-image-5792 aligncenter\" src=\"https:\/\/psicoclinicabarcelona.com\/wp-content\/uploads\/2022\/10\/undraw_family_vg76-300x274.png\" alt=\"padres\" width=\"300\" height=\"274\" srcset=\"https:\/\/psicoclinicabarcelona.com\/wp-content\/uploads\/2022\/10\/undraw_family_vg76-300x274.png 300w, https:\/\/psicoclinicabarcelona.com\/wp-content\/uploads\/2022\/10\/undraw_family_vg76-600x547.png 600w, https:\/\/psicoclinicabarcelona.com\/wp-content\/uploads\/2022\/10\/undraw_family_vg76.png 693w\" sizes=\"(max-width: 300px) 100vw, 300px\" \/>[\/vc_column_text][vc_column_text]\n<h3 class=\"titulin\" style=\"text-align: center;\">PARES<\/h3>\n[\/vc_column_text][vc_column_text el_class=&#8221;tituSub&#8221;]\u201cNi tan sols m&#8217;escolten, com m&#8217;entendran\u2026\u201d<\/p>\n<p>\u201cJa no s\u00f3c cap nen\u2026!\u201d<\/p>\n<p>\u201c\u00c9s la meva vida, no la seva!\u201d[\/vc_column_text][\/vc_column][\/vc_row][vc_row el_class=&#8221;centradito&#8221;][vc_column width=&#8221;1\/3&#8243;][vc_column_text]<img decoding=\"async\" class=\"size-medium wp-image-5791 aligncenter\" src=\"https:\/\/psicoclinicabarcelona.com\/wp-content\/uploads\/2022\/10\/undraw_Warning_re_eoyh-300x227.png\" alt=\"drogas dudas\" width=\"300\" height=\"227\" srcset=\"https:\/\/psicoclinicabarcelona.com\/wp-content\/uploads\/2022\/10\/undraw_Warning_re_eoyh-300x227.png 300w, https:\/\/psicoclinicabarcelona.com\/wp-content\/uploads\/2022\/10\/undraw_Warning_re_eoyh-600x453.png 600w, https:\/\/psicoclinicabarcelona.com\/wp-content\/uploads\/2022\/10\/undraw_Warning_re_eoyh.png 765w\" sizes=\"(max-width: 300px) 100vw, 300px\" \/>[\/vc_column_text][vc_column_text]\n<h3 class=\"titulin\" style=\"text-align: center;\"><a href=\"https:\/\/psicoclinicabarcelona.com\/ca\/el-consum-de-drogues-en-adolescents\/\">DROGUES<\/a><\/h3>\n[\/vc_column_text][vc_column_text el_class=&#8221;tituSub&#8221;]\u201cEm fumava un porro per relaxar-me i ara no puc deixar de fumar\u2026\u201d<\/p>\n<p>\u201cTots els meus col\u00b7legues ho fan\u2026\u201d<\/p>\n<p>\u201cJo controlo\u2026\u201d[\/vc_column_text][\/vc_column][vc_column width=&#8221;1\/3&#8243;][vc_column_text]<img decoding=\"async\" class=\"size-medium wp-image-5790 aligncenter\" src=\"https:\/\/psicoclinicabarcelona.com\/wp-content\/uploads\/2022\/10\/undraw_Faq_re_31cw-300x195.png\" alt=\"sexualidad\" width=\"300\" height=\"195\" srcset=\"https:\/\/psicoclinicabarcelona.com\/wp-content\/uploads\/2022\/10\/undraw_Faq_re_31cw-300x195.png 300w, https:\/\/psicoclinicabarcelona.com\/wp-content\/uploads\/2022\/10\/undraw_Faq_re_31cw-600x390.png 600w, https:\/\/psicoclinicabarcelona.com\/wp-content\/uploads\/2022\/10\/undraw_Faq_re_31cw.png 763w\" sizes=\"(max-width: 300px) 100vw, 300px\" \/>[\/vc_column_text][vc_column_text]\n<h3 class=\"titulin\" style=\"text-align: center;\">SEXUALITAT<\/h3>\n[\/vc_column_text][vc_column_text el_class=&#8221;tituSub&#8221;]\u201cNo tinc clar si m\u2019agraden els nois o les noies\u2026\u201d<\/p>\n<p>\u201cSi li dic que no, em deixar\u00e0?\u201d<\/p>\n<p>\u201cNo s\u00e9 si sabr\u00e9 fer-ho b\u00e9\u2026\u201d[\/vc_column_text][\/vc_column][vc_column width=&#8221;1\/3&#8243;][vc_column_text]<img decoding=\"async\" class=\"size-medium wp-image-5789 aligncenter\" src=\"https:\/\/psicoclinicabarcelona.com\/wp-content\/uploads\/2022\/10\/undraw_in_thought_re_qyxl-300x289.png\" alt=\"etiquetas\" width=\"300\" height=\"289\" srcset=\"https:\/\/psicoclinicabarcelona.com\/wp-content\/uploads\/2022\/10\/undraw_in_thought_re_qyxl-300x289.png 300w, https:\/\/psicoclinicabarcelona.com\/wp-content\/uploads\/2022\/10\/undraw_in_thought_re_qyxl-768x740.png 768w, https:\/\/psicoclinicabarcelona.com\/wp-content\/uploads\/2022\/10\/undraw_in_thought_re_qyxl-600x578.png 600w, https:\/\/psicoclinicabarcelona.com\/wp-content\/uploads\/2022\/10\/undraw_in_thought_re_qyxl.png 891w\" sizes=\"(max-width: 300px) 100vw, 300px\" \/>[\/vc_column_text][vc_column_text]\n<h3 class=\"titulin\" style=\"text-align: center;\">ETIQUETES<\/h3>\n[\/vc_column_text][vc_column_text el_class=&#8221;tituSub&#8221;]\u201c<a href=\"https:\/\/psicoclinicabarcelona.com\/ca\/psicolegs-anorexia-bulimia\/\">Tinc anor\u00e8xia? S\u00f3c bul\u00edmica?<\/a>\u201d<\/p>\n<p>\u201cPateixo crisis d\u2019angoixa, tinc ansietat, s\u00f3c impulsiu\u201d<\/p>\n<p>\u201cM\u2019han dit que tinc un trastorn l\u00edmit de la personalitat\u201d[\/vc_column_text][\/vc_column][\/vc_row][vc_row][vc_column][vc_column_text]\n<h2 style=\"color: #008aad;\">Vol demanar cita?<\/h2>\n<p>Us informem que tamb\u00e9 podeu fer consultes des del nostre lloc web. Si ho desitja, tamb\u00e9 pot sol\u00b7licitar una consulta online. Podeu sol\u00b7licitar la vostra cita ara, ser\u00e0 at\u00e8s personalment per un psic\u00f2leg o psic\u00f2loga Barcelona des de la primera trucada. En aquesta primera trucada us informarem del que necessiteu saber i si ho desitgeu us oferirem una cita el m\u00e9s aviat possible.[\/vc_column_text][\/vc_column][\/vc_row][vc_row css=&#8221;.vc_custom_1658069749947{margin-top: 40px !important;margin-bottom: 30px !important;}&#8221;][vc_column width=&#8221;1\/2&#8243;][vc_column_text el_class=&#8221;sombra&#8221;]<a href=\"\/mila-herrera\/\"><img decoding=\"async\" class=\"aligncenter wp-image-5589 size-full\" src=\"https:\/\/psicoclinicabarcelona.com\/wp-content\/uploads\/2022\/07\/mila-ficha.webp\" alt=\"fiche mila\" width=\"1400\" height=\"500\" srcset=\"https:\/\/psicoclinicabarcelona.com\/wp-content\/uploads\/2022\/07\/mila-ficha.webp 1400w, https:\/\/psicoclinicabarcelona.com\/wp-content\/uploads\/2022\/07\/mila-ficha-300x107.webp 300w, https:\/\/psicoclinicabarcelona.com\/wp-content\/uploads\/2022\/07\/mila-ficha-1024x366.webp 1024w, https:\/\/psicoclinicabarcelona.com\/wp-content\/uploads\/2022\/07\/mila-ficha-768x274.webp 768w, https:\/\/psicoclinicabarcelona.com\/wp-content\/uploads\/2022\/07\/mila-ficha-600x214.webp 600w\" sizes=\"(max-width: 1400px) 100vw, 1400px\" \/><\/a>[\/vc_column_text][\/vc_column][vc_column width=&#8221;1\/2&#8243;][vc_column_text el_class=&#8221;sombra&#8221;]<a href=\"\/sergi-vilardell\/\"><img decoding=\"async\" class=\"aligncenter wp-image-5592 size-full\" src=\"https:\/\/psicoclinicabarcelona.com\/wp-content\/uploads\/2022\/07\/ficha-Sergi.webp\" alt=\"ficha Sergi\" width=\"1400\" height=\"500\" srcset=\"https:\/\/psicoclinicabarcelona.com\/wp-content\/uploads\/2022\/07\/ficha-Sergi.webp 1400w, https:\/\/psicoclinicabarcelona.com\/wp-content\/uploads\/2022\/07\/ficha-Sergi-300x107.webp 300w, https:\/\/psicoclinicabarcelona.com\/wp-content\/uploads\/2022\/07\/ficha-Sergi-1024x366.webp 1024w, https:\/\/psicoclinicabarcelona.com\/wp-content\/uploads\/2022\/07\/ficha-Sergi-768x274.webp 768w, https:\/\/psicoclinicabarcelona.com\/wp-content\/uploads\/2022\/07\/ficha-Sergi-600x214.webp 600w\" sizes=\"(max-width: 1400px) 100vw, 1400px\" \/><\/a>[\/vc_column_text][\/vc_column][\/vc_row][vc_row][vc_column][vc_column_text]\n<h2>Ajudar des de la comunicaci\u00f3: el paper de mares i pares<\/h2>\n<p>\u00c9s una etapa en qu\u00e8 la comunicaci\u00f3 \u00e9s fonamental. Moltes vegades, mares i pares creiem amb la veritat absoluta sobre l&#8217;educaci\u00f3 dels nostres fills. En aquesta etapa tan complexa de la vida de l&#8217;\u00e9sser hum\u00e0, els pares tenen un paper fonamental, que no sempre poden tenir adequadament.<\/p>\n<p><b>Ajudar<\/b>\u00a0des de la\u00a0<b>comunicaci\u00f3<\/b>\u00a0sana, sincera i sense imposicions exagerades, \u00e9s molt important. No \u00e9s una tasca f\u00e0cil, els pares es poden veure desbordats davant de determinades situacions, per exemple, saber si han de posicionar-se amb un l\u00edmit de manera ferma, o per contra, han de mostrar-se flexibles i comprensius. Perqu\u00e8 no \u00e9s autoritarisme sin\u00f3 autoritat. Psicocl\u00ednica Barcelona ofereix, a m\u00e9s de ter\u00e0pia per al mateix adolescent,<b>\u00a0ter\u00e0pia psicol\u00f2gica familiar.<\/b><\/p>\n<h2><\/h2>\n<h2>Psicologia per a &#8220;joves rebels&#8221;<\/h2>\n<p>Des de Psicocl\u00ednica Barcelona volem transmetre&#8217;t la possibilitat d&#8217;oferir-te un espai on expressar les teves inquietuds, analitzar els teus problemes i construir solucions que t&#8217;aportin el benestar que cerques a la teva vida. Per aix\u00f2, t&#8217;oferim el suport d&#8217;un <strong>psic\u00f2leg expert en adolescents<\/strong> amb \u00e0mplia experi\u00e8ncia i formaci\u00f3 que t&#8217;ajudar\u00e0 a superar les barreres que et posen limitacions al desenvolupament personal. Els joves que mostren actituds o comportaments desafiadors poden estar travessant per un mal moment personal. \u00c9s cert que hi ha determinats <strong>trastorns de personalitat<\/strong>, que inclouen aquest tipus de problem\u00e0tica entre els s\u00edmptomes que els constitueixen, per\u00f2, cal tenir present que tamb\u00e9 es pot tractar d&#8217;un s\u00edmptoma que indica que una mica de fons no acaba d&#8217;anar b\u00e9. A la nostra <b>Cl\u00ednica de psicologia a Barcelona<\/b>\u00a0trobar\u00e0s l&#8217;assessorament d&#8217;un expert\u00a0<b>psic\u00f2leg per a joves<\/b>. A m\u00e9s, comptem amb \u00e0mplia experi\u00e8ncia treballant amb els mal anomenats \u201cjoves conflictius\u201d, dutes a terme pels nostres <strong>psic\u00f2legs per a adolescents rebels<\/strong>.<\/p>\n<p>Al nostre\u00a0<b>centre de psicologia a Barcelona<\/b>, no hi ha dos tractaments iguals, perqu\u00e8 no hi ha dues persones iguals. Oferim un\u00a0<b>tractament psicol\u00f2gic \u00a0individualitzat<\/b>, que respecta la singularitat de cada persona. Si necessiteu m\u00e9s informaci\u00f3, no dubteu a posar-vos en contacte amb nosaltres, ser\u00e0 at\u00e8s personalment per un <strong>psic\u00f2leg d&#8217;adolescents<\/strong> des de la primera trucada.[\/vc_column_text][\/vc_column][\/vc_row]\n","protected":false},"excerpt":{"rendered":"<p>[vc_row][vc_column width=&#8221;1\/2&#8243;][vc_column_text]L\u2019adolesc\u00e8ncia, \u00e9s una etapa complexa pels continus canvis i duels que esdevenen en ella. \u00c9s per aix\u00f2 que pot venir acompanyada d\u2019episodis d\u2019angoixa, sobretot, pel que fa a la imatge corporal, la relaci\u00f3 amb els pares, la identitat davant el grup d\u2019iguals, la sexualitat o la incertesa davant el futur. \u00c9s un moment crucial&hellip;<\/p>\n","protected":false},"author":5,"featured_media":0,"parent":0,"menu_order":0,"comment_status":"open","ping_status":"open","template":"","meta":{"footnotes":""},"class_list":["post-914","page","type-page","status-publish","hentry","entry","no-media"],"yoast_head":"<!-- This site is optimized with the Yoast SEO plugin v24.6 - https:\/\/yoast.com\/wordpress\/plugins\/seo\/ -->\n<title>Psicoleg Adolescents Barcelona<\/title>\n<meta name=\"description\" content=\"Psic\u00f2leg Adolescents Barcelona. \u260e 640 067 146 Truqui&#039;ns sense comprom\u00eds. Psic\u00f2legs Barcelona infantil, ansietat, depressi\u00f3, parelles, pares, TDAH, etc\" \/>\n<meta name=\"robots\" content=\"index, follow, max-snippet:-1, max-image-preview:large, max-video-preview:-1\" \/>\n<link rel=\"canonical\" href=\"https:\/\/psicoclinicabarcelona.com\/ca\/psicoleg-adolescents-barcelona\/\" \/>\n<meta property=\"og:locale\" content=\"ca_ES\" \/>\n<meta property=\"og:type\" content=\"article\" \/>\n<meta property=\"og:title\" content=\"Psicoleg Adolescents Barcelona\" \/>\n<meta property=\"og:description\" content=\"Psic\u00f2leg Adolescents Barcelona. \u260e 640 067 146 Truqui&#039;ns sense comprom\u00eds. Psic\u00f2legs Barcelona infantil, ansietat, depressi\u00f3, parelles, pares, TDAH, etc\" \/>\n<meta property=\"og:url\" content=\"https:\/\/psicoclinicabarcelona.com\/ca\/psicoleg-adolescents-barcelona\/\" \/>\n<meta property=\"og:site_name\" content=\"Psicocl\u00ednica Barcelona\" \/>\n<meta property=\"article:publisher\" content=\"https:\/\/www.facebook.com\/PsicoclinicaBarcelona\/\" \/>\n<meta property=\"article:modified_time\" content=\"2024-05-17T07:51:16+00:00\" \/>\n<meta property=\"og:image\" content=\"https:\/\/psicoclinicabarcelona.com\/wp-content\/uploads\/2022\/10\/undraw_couple_love_re_3fw6.png\" \/>\n<meta name=\"twitter:label1\" content=\"Temps estimat de lectura\" \/>\n\t<meta name=\"twitter:data1\" content=\"6 minuts\" \/>\n<script type=\"application\/ld+json\" class=\"yoast-schema-graph\">{\"@context\":\"https:\/\/schema.org\",\"@graph\":[{\"@type\":\"WebPage\",\"@id\":\"https:\/\/psicoclinicabarcelona.com\/ca\/psicoleg-adolescents-barcelona\/\",\"url\":\"https:\/\/psicoclinicabarcelona.com\/ca\/psicoleg-adolescents-barcelona\/\",\"name\":\"Psicoleg Adolescents Barcelona\",\"isPartOf\":{\"@id\":\"https:\/\/psicoclinicabarcelona.com\/#website\"},\"primaryImageOfPage\":{\"@id\":\"https:\/\/psicoclinicabarcelona.com\/ca\/psicoleg-adolescents-barcelona\/#primaryimage\"},\"image\":{\"@id\":\"https:\/\/psicoclinicabarcelona.com\/ca\/psicoleg-adolescents-barcelona\/#primaryimage\"},\"thumbnailUrl\":\"https:\/\/psicoclinicabarcelona.com\/wp-content\/uploads\/2022\/10\/undraw_couple_love_re_3fw6.png\",\"datePublished\":\"2015-07-15T14:49:23+00:00\",\"dateModified\":\"2024-05-17T07:51:16+00:00\",\"description\":\"Psic\u00f2leg Adolescents Barcelona. \u260e 640 067 146 Truqui'ns sense comprom\u00eds. Psic\u00f2legs Barcelona infantil, ansietat, depressi\u00f3, parelles, pares, TDAH, etc\",\"breadcrumb\":{\"@id\":\"https:\/\/psicoclinicabarcelona.com\/ca\/psicoleg-adolescents-barcelona\/#breadcrumb\"},\"inLanguage\":\"ca\",\"potentialAction\":[{\"@type\":\"ReadAction\",\"target\":[\"https:\/\/psicoclinicabarcelona.com\/ca\/psicoleg-adolescents-barcelona\/\"]}]},{\"@type\":\"ImageObject\",\"inLanguage\":\"ca\",\"@id\":\"https:\/\/psicoclinicabarcelona.com\/ca\/psicoleg-adolescents-barcelona\/#primaryimage\",\"url\":\"https:\/\/psicoclinicabarcelona.com\/wp-content\/uploads\/2022\/10\/undraw_couple_love_re_3fw6.png\",\"contentUrl\":\"https:\/\/psicoclinicabarcelona.com\/wp-content\/uploads\/2022\/10\/undraw_couple_love_re_3fw6.png\"},{\"@type\":\"BreadcrumbList\",\"@id\":\"https:\/\/psicoclinicabarcelona.com\/ca\/psicoleg-adolescents-barcelona\/#breadcrumb\",\"itemListElement\":[{\"@type\":\"ListItem\",\"position\":1,\"name\":\"Portada\",\"item\":\"https:\/\/psicoclinicabarcelona.com\/ca\/\"},{\"@type\":\"ListItem\",\"position\":2,\"name\":\"Psic\u00f2leg adolescents Barcelona\"}]},{\"@type\":\"WebSite\",\"@id\":\"https:\/\/psicoclinicabarcelona.com\/#website\",\"url\":\"https:\/\/psicoclinicabarcelona.com\/\",\"name\":\"Psicocl\u00ednica Barcelona\",\"description\":\"Posiblemente el mejor psic\u00f3logo en Barcelona o la mejor psic\u00f3loga de Barcelona. Ll\u00e1manos sin compromiso al 935 414 478\",\"publisher\":{\"@id\":\"https:\/\/psicoclinicabarcelona.com\/#organization\"},\"alternateName\":\"Psicocl\u00ednica Barcelona\",\"potentialAction\":[{\"@type\":\"SearchAction\",\"target\":{\"@type\":\"EntryPoint\",\"urlTemplate\":\"https:\/\/psicoclinicabarcelona.com\/?s={search_term_string}\"},\"query-input\":{\"@type\":\"PropertyValueSpecification\",\"valueRequired\":true,\"valueName\":\"search_term_string\"}}],\"inLanguage\":\"ca\"},{\"@type\":\"Organization\",\"@id\":\"https:\/\/psicoclinicabarcelona.com\/#organization\",\"name\":\"Psicocl\u00ednica Barcelona\",\"alternateName\":\"Psicocl\u00ednica Barcelona\",\"url\":\"https:\/\/psicoclinicabarcelona.com\/\",\"logo\":{\"@type\":\"ImageObject\",\"inLanguage\":\"ca\",\"@id\":\"https:\/\/psicoclinicabarcelona.com\/#\/schema\/logo\/image\/\",\"url\":\"https:\/\/psicoclinicabarcelona.com\/wp-content\/uploads\/2015\/04\/psicologos-barcelona.png\",\"contentUrl\":\"https:\/\/psicoclinicabarcelona.com\/wp-content\/uploads\/2015\/04\/psicologos-barcelona.png\",\"width\":178,\"height\":62,\"caption\":\"Psicocl\u00ednica Barcelona\"},\"image\":{\"@id\":\"https:\/\/psicoclinicabarcelona.com\/#\/schema\/logo\/image\/\"},\"sameAs\":[\"https:\/\/www.facebook.com\/PsicoclinicaBarcelona\/\",\"https:\/\/x.com\/psicoclinicabcn\",\"https:\/\/www.linkedin.com\/company\/psicocl\u00ednica-barcelona\/\",\"https:\/\/www.instagram.com\/psicoclinicabarcelona\/\",\"https:\/\/www.youtube.com\/channel\/UCcc-5_wC56giASuT0XDr87Q\"]}]}<\/script>\n<!-- \/ Yoast SEO plugin. -->","yoast_head_json":{"title":"Psicoleg Adolescents Barcelona","description":"Psic\u00f2leg Adolescents Barcelona. \u260e 640 067 146 Truqui'ns sense comprom\u00eds. Psic\u00f2legs Barcelona infantil, ansietat, depressi\u00f3, parelles, pares, TDAH, etc","robots":{"index":"index","follow":"follow","max-snippet":"max-snippet:-1","max-image-preview":"max-image-preview:large","max-video-preview":"max-video-preview:-1"},"canonical":"https:\/\/psicoclinicabarcelona.com\/ca\/psicoleg-adolescents-barcelona\/","og_locale":"ca_ES","og_type":"article","og_title":"Psicoleg Adolescents Barcelona","og_description":"Psic\u00f2leg Adolescents Barcelona. \u260e 640 067 146 Truqui'ns sense comprom\u00eds. Psic\u00f2legs Barcelona infantil, ansietat, depressi\u00f3, parelles, pares, TDAH, etc","og_url":"https:\/\/psicoclinicabarcelona.com\/ca\/psicoleg-adolescents-barcelona\/","og_site_name":"Psicocl\u00ednica Barcelona","article_publisher":"https:\/\/www.facebook.com\/PsicoclinicaBarcelona\/","article_modified_time":"2024-05-17T07:51:16+00:00","og_image":[{"url":"https:\/\/psicoclinicabarcelona.com\/wp-content\/uploads\/2022\/10\/undraw_couple_love_re_3fw6.png","type":"","width":"","height":""}],"twitter_misc":{"Temps estimat de lectura":"6 minuts"},"schema":{"@context":"https:\/\/schema.org","@graph":[{"@type":"WebPage","@id":"https:\/\/psicoclinicabarcelona.com\/ca\/psicoleg-adolescents-barcelona\/","url":"https:\/\/psicoclinicabarcelona.com\/ca\/psicoleg-adolescents-barcelona\/","name":"Psicoleg Adolescents Barcelona","isPartOf":{"@id":"https:\/\/psicoclinicabarcelona.com\/#website"},"primaryImageOfPage":{"@id":"https:\/\/psicoclinicabarcelona.com\/ca\/psicoleg-adolescents-barcelona\/#primaryimage"},"image":{"@id":"https:\/\/psicoclinicabarcelona.com\/ca\/psicoleg-adolescents-barcelona\/#primaryimage"},"thumbnailUrl":"https:\/\/psicoclinicabarcelona.com\/wp-content\/uploads\/2022\/10\/undraw_couple_love_re_3fw6.png","datePublished":"2015-07-15T14:49:23+00:00","dateModified":"2024-05-17T07:51:16+00:00","description":"Psic\u00f2leg Adolescents Barcelona. \u260e 640 067 146 Truqui'ns sense comprom\u00eds. Psic\u00f2legs Barcelona infantil, ansietat, depressi\u00f3, parelles, pares, TDAH, etc","breadcrumb":{"@id":"https:\/\/psicoclinicabarcelona.com\/ca\/psicoleg-adolescents-barcelona\/#breadcrumb"},"inLanguage":"ca","potentialAction":[{"@type":"ReadAction","target":["https:\/\/psicoclinicabarcelona.com\/ca\/psicoleg-adolescents-barcelona\/"]}]},{"@type":"ImageObject","inLanguage":"ca","@id":"https:\/\/psicoclinicabarcelona.com\/ca\/psicoleg-adolescents-barcelona\/#primaryimage","url":"https:\/\/psicoclinicabarcelona.com\/wp-content\/uploads\/2022\/10\/undraw_couple_love_re_3fw6.png","contentUrl":"https:\/\/psicoclinicabarcelona.com\/wp-content\/uploads\/2022\/10\/undraw_couple_love_re_3fw6.png"},{"@type":"BreadcrumbList","@id":"https:\/\/psicoclinicabarcelona.com\/ca\/psicoleg-adolescents-barcelona\/#breadcrumb","itemListElement":[{"@type":"ListItem","position":1,"name":"Portada","item":"https:\/\/psicoclinicabarcelona.com\/ca\/"},{"@type":"ListItem","position":2,"name":"Psic\u00f2leg adolescents Barcelona"}]},{"@type":"WebSite","@id":"https:\/\/psicoclinicabarcelona.com\/#website","url":"https:\/\/psicoclinicabarcelona.com\/","name":"Psicocl\u00ednica Barcelona","description":"Posiblemente el mejor psic\u00f3logo en Barcelona o la mejor psic\u00f3loga de Barcelona. Ll\u00e1manos sin compromiso al 935 414 478","publisher":{"@id":"https:\/\/psicoclinicabarcelona.com\/#organization"},"alternateName":"Psicocl\u00ednica Barcelona","potentialAction":[{"@type":"SearchAction","target":{"@type":"EntryPoint","urlTemplate":"https:\/\/psicoclinicabarcelona.com\/?s={search_term_string}"},"query-input":{"@type":"PropertyValueSpecification","valueRequired":true,"valueName":"search_term_string"}}],"inLanguage":"ca"},{"@type":"Organization","@id":"https:\/\/psicoclinicabarcelona.com\/#organization","name":"Psicocl\u00ednica Barcelona","alternateName":"Psicocl\u00ednica Barcelona","url":"https:\/\/psicoclinicabarcelona.com\/","logo":{"@type":"ImageObject","inLanguage":"ca","@id":"https:\/\/psicoclinicabarcelona.com\/#\/schema\/logo\/image\/","url":"https:\/\/psicoclinicabarcelona.com\/wp-content\/uploads\/2015\/04\/psicologos-barcelona.png","contentUrl":"https:\/\/psicoclinicabarcelona.com\/wp-content\/uploads\/2015\/04\/psicologos-barcelona.png","width":178,"height":62,"caption":"Psicocl\u00ednica Barcelona"},"image":{"@id":"https:\/\/psicoclinicabarcelona.com\/#\/schema\/logo\/image\/"},"sameAs":["https:\/\/www.facebook.com\/PsicoclinicaBarcelona\/","https:\/\/x.com\/psicoclinicabcn","https:\/\/www.linkedin.com\/company\/psicocl\u00ednica-barcelona\/","https:\/\/www.instagram.com\/psicoclinicabarcelona\/","https:\/\/www.youtube.com\/channel\/UCcc-5_wC56giASuT0XDr87Q"]}]}},"_links":{"self":[{"href":"https:\/\/psicoclinicabarcelona.com\/ca\/wp-json\/wp\/v2\/pages\/914"}],"collection":[{"href":"https:\/\/psicoclinicabarcelona.com\/ca\/wp-json\/wp\/v2\/pages"}],"about":[{"href":"https:\/\/psicoclinicabarcelona.com\/ca\/wp-json\/wp\/v2\/types\/page"}],"author":[{"embeddable":true,"href":"https:\/\/psicoclinicabarcelona.com\/ca\/wp-json\/wp\/v2\/users\/5"}],"replies":[{"embeddable":true,"href":"https:\/\/psicoclinicabarcelona.com\/ca\/wp-json\/wp\/v2\/comments?post=914"}],"version-history":[{"count":12,"href":"https:\/\/psicoclinicabarcelona.com\/ca\/wp-json\/wp\/v2\/pages\/914\/revisions"}],"predecessor-version":[{"id":6390,"href":"https:\/\/psicoclinicabarcelona.com\/ca\/wp-json\/wp\/v2\/pages\/914\/revisions\/6390"}],"wp:attachment":[{"href":"https:\/\/psicoclinicabarcelona.com\/ca\/wp-json\/wp\/v2\/media?parent=914"}],"curies":[{"name":"wp","href":"https:\/\/api.w.org\/{rel}","templated":true}]}}