{"id":918,"date":"2015-07-15T15:01:45","date_gmt":"2015-07-15T15:01:45","guid":{"rendered":"http:\/\/psicoclinicabarcelona.com\/?page_id=918"},"modified":"2023-04-25T11:33:39","modified_gmt":"2023-04-25T09:33:39","slug":"psicoleg-adults-barcelona","status":"publish","type":"page","link":"https:\/\/psicoclinicabarcelona.com\/ca\/psicoleg-adults-barcelona\/","title":{"rendered":"Psic\u00f2leg adults Barcelona"},"content":{"rendered":"[vc_row][vc_column width=&#8221;1\/2&#8243;][vc_column_text]<i>Trastorn de personalitat, <a href=\"https:\/\/psicoclinicabarcelona.com\/ca\/psicolegs-tractament-depressio-barcelona\/\">depressi\u00f3<\/a>, ansietat, addicci\u00f3, trastorns de l\u2019alimentaci\u00f3, f\u00f2bies\u2026<\/i>\u00a0Per\u00f2 \u2026 I ara qu\u00e8? Si b\u00e9 el diagn\u00f2stic en molts casos \u00e9s fonamental, no cal oblidar que una persona no \u00e9s el seu diagn\u00f2stic. <strong>NO<\/strong> som partidaris d\u2019orientar el tractament \u00fanicament en funci\u00f3 del diagn\u00f2stic, sin\u00f3 que ho fem fonamentalment sobre la base de la singularitat de cada persona.<\/p>\n<p>&nbsp;<\/p>\n<p>De vegades, importants esdeveniments irrompen en les nostres vides, causant un patiment que ens desborda. Altres vegades, en canvi, res greu ens passa, per\u00f2 tot i aix\u00ed hi ha alguna cosa que que no acaba d\u2019anar b\u00e9. Tant en una situaci\u00f3 com en l\u2019altra, pot apar\u00e8ixer un malestar dif\u00edcil de superar i que, lluny de desapar\u00e8ixer, pot endinsar-nos, cada vegada m\u00e9s, en un carrer\u00f3 sense sortida. Treballem amb aquelles persones que decideixen, d\u2019una vegada per totes, demanar ajuda; amb els que creuen que tenen part de responsabilitat en all\u00f2 que els hi passa i amb els que volen canviar coses i no tiren la tovallola.<\/p>\n[\/vc_column_text][\/vc_column][vc_column width=&#8221;1\/2&#8243;][vc_column_text]<iframe title=\"YouTube video player\" src=\"https:\/\/www.youtube.com\/embed\/cecTXRAruEs\" width=\"560\" height=\"315\" frameborder=\"0\" allowfullscreen=\"allowfullscreen\" data-mce-fragment=\"1\"><\/iframe>[\/vc_column_text][\/vc_column][vc_column][vc_column_text]Una opci\u00f3 diferent: un treball psicoterap\u00e8utic d\u2019un\u00a0<strong>psic\u00f2leg per a adults a Barcelona<\/strong>\u00a0per a persones disposades a trobar veritablement la causa del seu malestar, i afrontar la vida d\u2019una altra manera, distingint entre el que es pot i el que no es pot canviar, per finalment acabar fent alguna cosa al respecte.<\/p>\n<p>Sabem que avui en dia, \u00e9s massa f\u00e0cil sortir amb un diagn\u00f2stic de la visita a un psic\u00f2leg cl\u00ednic o psiquiatre. Volem aclarir, d\u2019altra banda, que no cal que \u201cetiquetin\u201d el nostre malestar perqu\u00e8 aquest existeixi.<br \/>\n[\/vc_column_text][\/vc_column][\/vc_row][vc_row full_width=&#8221;stretch_row&#8221; css=&#8221;.vc_custom_1658153525456{background-color: #f8fdff !important;}&#8221;][vc_column][vc_column_text]\n<h2>Ter\u00e0pia psicol\u00f2gica per a adults<\/h2>\n<p>Concertar una cita amb un o una psic\u00f2loga de Barcelona especialitzada en\u00a0<b>ter\u00e0pia per a adults\u00a0<\/b>li pot ajudar\u00a0<b>trobar la veritable causa del seu malestar i afrontar la vida<\/b>\u00a0d&#8217;una altra manera, distingint entre all\u00f2 que es pot i all\u00f2 que no es pot canviar, per finalment acabar fent alguna cosa amb aix\u00f2.<\/p>\n<p>Els nostres <strong>psic\u00f2legs d&#8217;adults<\/strong> saben molt b\u00e9 que avui dia \u00e9s massa f\u00e0cil sortir amb un diagn\u00f2stic de la visita a un professional de la psicologia cl\u00ednica o psiqui\u00e0trica. El que \u00e9s dif\u00edcil i veritablement \u00fatil \u00e9s comprendre que cada persona \u00e9s \u00fanica i que, per tant, els m\u00e8todes per ajudar-lo, les eines que li permetran avan\u00e7ar ho hauran de ser tamb\u00e9.<\/p>\n<p>No cal posar un nom al nostre malestar perqu\u00e8 aquest existeixi. Nom\u00e9s cal sentir-ho perqu\u00e8 sigui real i digne de ser tingut en consideraci\u00f3. Si ha estat diagnosticat de qualsevol dels problemes que citem a continuaci\u00f3 no dubtis a posar-te en mans del nostre gabinet de <strong>psicoter\u00e0pia<\/strong>, on t&#8217;ajudarem pas a pas perqu\u00e8 siguis capa\u00e7 de reconduir la teva vida per tu mateix.[\/vc_column_text][\/vc_column][\/vc_row][vc_row][vc_column width=&#8221;1\/2&#8243;][vc_column_text css=&#8221;.vc_custom_1665674287862{margin-top: 40px !important;}&#8221;]<img decoding=\"async\" class=\"alignnone wp-image-5761 size-full\" src=\"https:\/\/psicoclinicabarcelona.com\/wp-content\/uploads\/2022\/08\/DSC_3667-removebg-preview.png\" alt=\"psicologo adultos\" width=\"591\" height=\"422\" srcset=\"https:\/\/psicoclinicabarcelona.com\/wp-content\/uploads\/2022\/08\/DSC_3667-removebg-preview.png 591w, https:\/\/psicoclinicabarcelona.com\/wp-content\/uploads\/2022\/08\/DSC_3667-removebg-preview-300x214.png 300w\" sizes=\"(max-width: 591px) 100vw, 591px\" \/>[\/vc_column_text][\/vc_column][vc_column width=&#8221;1\/2&#8243;][vc_column_text]\n<h3>Has estat diagnosticat de \u2026?<\/h3>\n[\/vc_column_text][vc_empty_space][vc_column_text]\n<ul>\n<li><a href=\"https:\/\/psicoclinicabarcelona.com\/ca\/trastorns-afectius\/\"><strong>Trastorns afectius (depressi\u00f3, distimia\u2026)<\/strong><\/a><\/li>\n<li><a href=\"https:\/\/psicoclinicabarcelona.com\/ca\/alteracions-trastorns-psicosomatics\/\"><strong>Malalties psicosom\u00e0tiques (asma, cefalees, dermatitis\u2026)<\/strong><\/a><\/li>\n<li><a href=\"https:\/\/psicoclinicabarcelona.com\/ca\/tractament-terapia-addiccions\/\"><strong>Problemes d\u2019addiccions<\/strong><\/a><\/li>\n<li><a href=\"https:\/\/psicoclinicabarcelona.com\/ca\/trastorns-de-lalimentacio\/\"><strong>Trastorns de l\u2019alimentaci\u00f3 (anor\u00e8xia, bul\u00edmia, Trastorn per afartaments\u2026)<\/strong><\/a><\/li>\n<li><a href=\"https:\/\/psicoclinicabarcelona.com\/ca\/trastorns-ansiosos\/\"><strong>Trastorns ansiosos: ansietat, crisi de p\u00e0nic, pors, f\u00f2bies\u2026<\/strong><\/a><\/li>\n<li><a href=\"https:\/\/psicoclinicabarcelona.com\/ca\/trastorns-de-la-personalitat\/\"><strong>Trastorns de la personalitat (TLP i altres)<\/strong><\/a><\/li>\n<li><a href=\"https:\/\/psicoclinicabarcelona.com\/ca\/fatiga-dolor-cronic-fibromialgia\/\"><strong>Fatiga o Dolor cr\u00f2nic o fibromi\u00e0lgia<\/strong><\/a><\/li>\n<li><a href=\"https:\/\/psicoclinicabarcelona.com\/ca\/trastorns-somni-terapia-insomni\/\"><strong>Trastorns del son (insomni\u2026)<\/strong><\/a><\/li>\n<li><a href=\"https:\/\/psicoclinicabarcelona.com\/ca\/sexolegs-barcelona-transtorns-sexuals\/\"><strong>Trastorns sexuals (disfunci\u00f3 er\u00e8ctil, ejaculaci\u00f3 preco\u00e7, frigidesa\u2026)<\/strong><\/a><\/li>\n<li><a href=\"https:\/\/psicoclinicabarcelona.com\/ca\/trastorns-psicotics\/\"><strong>Trastorns psic\u00f2tics<\/strong><\/a><\/li>\n<li><a href=\"https:\/\/psicoclinicabarcelona.com\/ca\/trastorn-obsessiu-compulsiu\/\"><strong>Trastorn obsessiu compulsiu<\/strong><\/a><\/li>\n<\/ul>\n[\/vc_column_text][\/vc_column][\/vc_row][vc_row css=&#8221;.vc_custom_1658071592160{margin-top: 30px !important;}&#8221;][vc_column][vc_column_text]\n<h2 style=\"color: #008aad;\">Vols demanar cita?<\/h2>\n<p>Us informem que tamb\u00e9 podeu fer consultes des del nostre lloc web. Si ho desitja, tamb\u00e9 pot sol\u00b7licitar una consulta online. Podeu sol\u00b7licitar la vostra cita ara, ser\u00e0 at\u00e8s personalment per un psic\u00f2leg o psic\u00f2loga Barcelona des de la primera trucada. En aquesta primera trucada us informarem del que necessiteu saber i si ho desitgeu us oferirem una cita el m\u00e9s aviat possible.[\/vc_column_text][\/vc_column][\/vc_row][vc_row css=&#8221;.vc_custom_1658069749947{margin-top: 40px !important;margin-bottom: 30px !important;}&#8221;][vc_column width=&#8221;1\/2&#8243;][vc_column_text el_class=&#8221;sombra&#8221;]<a href=\"\/mila-herrera\/\"><img decoding=\"async\" class=\"aligncenter wp-image-5589 size-full\" src=\"https:\/\/psicoclinicabarcelona.com\/wp-content\/uploads\/2022\/07\/mila-ficha.webp\" alt=\"fiche mila\" width=\"1400\" height=\"500\" srcset=\"https:\/\/psicoclinicabarcelona.com\/wp-content\/uploads\/2022\/07\/mila-ficha.webp 1400w, https:\/\/psicoclinicabarcelona.com\/wp-content\/uploads\/2022\/07\/mila-ficha-300x107.webp 300w, https:\/\/psicoclinicabarcelona.com\/wp-content\/uploads\/2022\/07\/mila-ficha-1024x366.webp 1024w, https:\/\/psicoclinicabarcelona.com\/wp-content\/uploads\/2022\/07\/mila-ficha-768x274.webp 768w, https:\/\/psicoclinicabarcelona.com\/wp-content\/uploads\/2022\/07\/mila-ficha-600x214.webp 600w\" sizes=\"(max-width: 1400px) 100vw, 1400px\" \/><\/a>[\/vc_column_text][\/vc_column][vc_column width=&#8221;1\/2&#8243;][vc_column_text el_class=&#8221;sombra&#8221;]<a href=\"\/sergi-vilardell\/\"><img decoding=\"async\" class=\"aligncenter wp-image-5592 size-full\" src=\"https:\/\/psicoclinicabarcelona.com\/wp-content\/uploads\/2022\/07\/ficha-Sergi.webp\" alt=\"ficha Sergi\" width=\"1400\" height=\"500\" srcset=\"https:\/\/psicoclinicabarcelona.com\/wp-content\/uploads\/2022\/07\/ficha-Sergi.webp 1400w, https:\/\/psicoclinicabarcelona.com\/wp-content\/uploads\/2022\/07\/ficha-Sergi-300x107.webp 300w, https:\/\/psicoclinicabarcelona.com\/wp-content\/uploads\/2022\/07\/ficha-Sergi-1024x366.webp 1024w, https:\/\/psicoclinicabarcelona.com\/wp-content\/uploads\/2022\/07\/ficha-Sergi-768x274.webp 768w, https:\/\/psicoclinicabarcelona.com\/wp-content\/uploads\/2022\/07\/ficha-Sergi-600x214.webp 600w\" sizes=\"(max-width: 1400px) 100vw, 1400px\" \/><\/a>[\/vc_column_text][\/vc_column][\/vc_row]\n","protected":false},"excerpt":{"rendered":"<p>[vc_row][vc_column width=&#8221;1\/2&#8243;][vc_column_text]Trastorn de personalitat, depressi\u00f3, ansietat, addicci\u00f3, trastorns de l\u2019alimentaci\u00f3, f\u00f2bies\u2026\u00a0Per\u00f2 \u2026 I ara qu\u00e8? Si b\u00e9 el diagn\u00f2stic en molts casos \u00e9s fonamental, no cal oblidar que una persona no \u00e9s el seu diagn\u00f2stic. NO som partidaris d\u2019orientar el tractament \u00fanicament en funci\u00f3 del diagn\u00f2stic, sin\u00f3 que ho fem fonamentalment sobre la base de&hellip;<\/p>\n","protected":false},"author":5,"featured_media":0,"parent":0,"menu_order":0,"comment_status":"open","ping_status":"open","template":"","meta":{"footnotes":""},"class_list":["post-918","page","type-page","status-publish","hentry","entry","no-media"],"yoast_head":"<!-- This site is optimized with the Yoast SEO plugin v24.6 - https:\/\/yoast.com\/wordpress\/plugins\/seo\/ -->\n<title>Psicoleg Adults Barcelona<\/title>\n<meta name=\"description\" content=\"Psic\u00f2leg Adults Barcelona. Psic\u00f2legs Barcelona infantil ansietat depressi\u00f3 parelles pares TDAH TEA TLP\" \/>\n<meta name=\"robots\" content=\"index, follow, max-snippet:-1, max-image-preview:large, max-video-preview:-1\" \/>\n<link rel=\"canonical\" href=\"https:\/\/psicoclinicabarcelona.com\/ca\/psicoleg-adults-barcelona\/\" \/>\n<meta property=\"og:locale\" content=\"ca_ES\" \/>\n<meta property=\"og:type\" content=\"article\" \/>\n<meta property=\"og:title\" content=\"Psicoleg Adults Barcelona\" \/>\n<meta property=\"og:description\" content=\"Psic\u00f2leg Adults Barcelona. Psic\u00f2legs Barcelona infantil ansietat depressi\u00f3 parelles pares TDAH TEA TLP\" \/>\n<meta property=\"og:url\" content=\"https:\/\/psicoclinicabarcelona.com\/ca\/psicoleg-adults-barcelona\/\" \/>\n<meta property=\"og:site_name\" content=\"Psicocl\u00ednica Barcelona\" \/>\n<meta property=\"article:publisher\" content=\"https:\/\/www.facebook.com\/PsicoclinicaBarcelona\/\" \/>\n<meta property=\"article:modified_time\" content=\"2023-04-25T09:33:39+00:00\" \/>\n<meta property=\"og:image\" content=\"https:\/\/psicoclinicabarcelona.com\/wp-content\/uploads\/2022\/08\/DSC_3667-removebg-preview.png\" \/>\n<meta name=\"twitter:label1\" content=\"Temps estimat de lectura\" \/>\n\t<meta name=\"twitter:data1\" content=\"4 minuts\" \/>\n<script type=\"application\/ld+json\" class=\"yoast-schema-graph\">{\"@context\":\"https:\/\/schema.org\",\"@graph\":[{\"@type\":\"WebPage\",\"@id\":\"https:\/\/psicoclinicabarcelona.com\/ca\/psicoleg-adults-barcelona\/\",\"url\":\"https:\/\/psicoclinicabarcelona.com\/ca\/psicoleg-adults-barcelona\/\",\"name\":\"Psicoleg Adults Barcelona\",\"isPartOf\":{\"@id\":\"https:\/\/psicoclinicabarcelona.com\/#website\"},\"primaryImageOfPage\":{\"@id\":\"https:\/\/psicoclinicabarcelona.com\/ca\/psicoleg-adults-barcelona\/#primaryimage\"},\"image\":{\"@id\":\"https:\/\/psicoclinicabarcelona.com\/ca\/psicoleg-adults-barcelona\/#primaryimage\"},\"thumbnailUrl\":\"https:\/\/psicoclinicabarcelona.com\/wp-content\/uploads\/2022\/08\/DSC_3667-removebg-preview.png\",\"datePublished\":\"2015-07-15T15:01:45+00:00\",\"dateModified\":\"2023-04-25T09:33:39+00:00\",\"description\":\"Psic\u00f2leg Adults Barcelona. Psic\u00f2legs Barcelona infantil ansietat depressi\u00f3 parelles pares TDAH TEA TLP\",\"breadcrumb\":{\"@id\":\"https:\/\/psicoclinicabarcelona.com\/ca\/psicoleg-adults-barcelona\/#breadcrumb\"},\"inLanguage\":\"ca\",\"potentialAction\":[{\"@type\":\"ReadAction\",\"target\":[\"https:\/\/psicoclinicabarcelona.com\/ca\/psicoleg-adults-barcelona\/\"]}]},{\"@type\":\"ImageObject\",\"inLanguage\":\"ca\",\"@id\":\"https:\/\/psicoclinicabarcelona.com\/ca\/psicoleg-adults-barcelona\/#primaryimage\",\"url\":\"https:\/\/psicoclinicabarcelona.com\/wp-content\/uploads\/2022\/08\/DSC_3667-removebg-preview.png\",\"contentUrl\":\"https:\/\/psicoclinicabarcelona.com\/wp-content\/uploads\/2022\/08\/DSC_3667-removebg-preview.png\"},{\"@type\":\"BreadcrumbList\",\"@id\":\"https:\/\/psicoclinicabarcelona.com\/ca\/psicoleg-adults-barcelona\/#breadcrumb\",\"itemListElement\":[{\"@type\":\"ListItem\",\"position\":1,\"name\":\"Portada\",\"item\":\"https:\/\/psicoclinicabarcelona.com\/ca\/\"},{\"@type\":\"ListItem\",\"position\":2,\"name\":\"Psic\u00f2leg adults Barcelona\"}]},{\"@type\":\"WebSite\",\"@id\":\"https:\/\/psicoclinicabarcelona.com\/#website\",\"url\":\"https:\/\/psicoclinicabarcelona.com\/\",\"name\":\"Psicocl\u00ednica Barcelona\",\"description\":\"Posiblemente el mejor psic\u00f3logo en Barcelona o la mejor psic\u00f3loga de Barcelona. Ll\u00e1manos sin compromiso al 935 414 478\",\"publisher\":{\"@id\":\"https:\/\/psicoclinicabarcelona.com\/#organization\"},\"alternateName\":\"Psicocl\u00ednica Barcelona\",\"potentialAction\":[{\"@type\":\"SearchAction\",\"target\":{\"@type\":\"EntryPoint\",\"urlTemplate\":\"https:\/\/psicoclinicabarcelona.com\/?s={search_term_string}\"},\"query-input\":{\"@type\":\"PropertyValueSpecification\",\"valueRequired\":true,\"valueName\":\"search_term_string\"}}],\"inLanguage\":\"ca\"},{\"@type\":\"Organization\",\"@id\":\"https:\/\/psicoclinicabarcelona.com\/#organization\",\"name\":\"Psicocl\u00ednica Barcelona\",\"alternateName\":\"Psicocl\u00ednica Barcelona\",\"url\":\"https:\/\/psicoclinicabarcelona.com\/\",\"logo\":{\"@type\":\"ImageObject\",\"inLanguage\":\"ca\",\"@id\":\"https:\/\/psicoclinicabarcelona.com\/#\/schema\/logo\/image\/\",\"url\":\"https:\/\/psicoclinicabarcelona.com\/wp-content\/uploads\/2015\/04\/psicologos-barcelona.png\",\"contentUrl\":\"https:\/\/psicoclinicabarcelona.com\/wp-content\/uploads\/2015\/04\/psicologos-barcelona.png\",\"width\":178,\"height\":62,\"caption\":\"Psicocl\u00ednica Barcelona\"},\"image\":{\"@id\":\"https:\/\/psicoclinicabarcelona.com\/#\/schema\/logo\/image\/\"},\"sameAs\":[\"https:\/\/www.facebook.com\/PsicoclinicaBarcelona\/\",\"https:\/\/x.com\/psicoclinicabcn\",\"https:\/\/www.linkedin.com\/company\/psicocl\u00ednica-barcelona\/\",\"https:\/\/www.instagram.com\/psicoclinicabarcelona\/\",\"https:\/\/www.youtube.com\/channel\/UCcc-5_wC56giASuT0XDr87Q\"]}]}<\/script>\n<!-- \/ Yoast SEO plugin. -->","yoast_head_json":{"title":"Psicoleg Adults Barcelona","description":"Psic\u00f2leg Adults Barcelona. Psic\u00f2legs Barcelona infantil ansietat depressi\u00f3 parelles pares TDAH TEA TLP","robots":{"index":"index","follow":"follow","max-snippet":"max-snippet:-1","max-image-preview":"max-image-preview:large","max-video-preview":"max-video-preview:-1"},"canonical":"https:\/\/psicoclinicabarcelona.com\/ca\/psicoleg-adults-barcelona\/","og_locale":"ca_ES","og_type":"article","og_title":"Psicoleg Adults Barcelona","og_description":"Psic\u00f2leg Adults Barcelona. Psic\u00f2legs Barcelona infantil ansietat depressi\u00f3 parelles pares TDAH TEA TLP","og_url":"https:\/\/psicoclinicabarcelona.com\/ca\/psicoleg-adults-barcelona\/","og_site_name":"Psicocl\u00ednica Barcelona","article_publisher":"https:\/\/www.facebook.com\/PsicoclinicaBarcelona\/","article_modified_time":"2023-04-25T09:33:39+00:00","og_image":[{"url":"https:\/\/psicoclinicabarcelona.com\/wp-content\/uploads\/2022\/08\/DSC_3667-removebg-preview.png","type":"","width":"","height":""}],"twitter_misc":{"Temps estimat de lectura":"4 minuts"},"schema":{"@context":"https:\/\/schema.org","@graph":[{"@type":"WebPage","@id":"https:\/\/psicoclinicabarcelona.com\/ca\/psicoleg-adults-barcelona\/","url":"https:\/\/psicoclinicabarcelona.com\/ca\/psicoleg-adults-barcelona\/","name":"Psicoleg Adults Barcelona","isPartOf":{"@id":"https:\/\/psicoclinicabarcelona.com\/#website"},"primaryImageOfPage":{"@id":"https:\/\/psicoclinicabarcelona.com\/ca\/psicoleg-adults-barcelona\/#primaryimage"},"image":{"@id":"https:\/\/psicoclinicabarcelona.com\/ca\/psicoleg-adults-barcelona\/#primaryimage"},"thumbnailUrl":"https:\/\/psicoclinicabarcelona.com\/wp-content\/uploads\/2022\/08\/DSC_3667-removebg-preview.png","datePublished":"2015-07-15T15:01:45+00:00","dateModified":"2023-04-25T09:33:39+00:00","description":"Psic\u00f2leg Adults Barcelona. Psic\u00f2legs Barcelona infantil ansietat depressi\u00f3 parelles pares TDAH TEA TLP","breadcrumb":{"@id":"https:\/\/psicoclinicabarcelona.com\/ca\/psicoleg-adults-barcelona\/#breadcrumb"},"inLanguage":"ca","potentialAction":[{"@type":"ReadAction","target":["https:\/\/psicoclinicabarcelona.com\/ca\/psicoleg-adults-barcelona\/"]}]},{"@type":"ImageObject","inLanguage":"ca","@id":"https:\/\/psicoclinicabarcelona.com\/ca\/psicoleg-adults-barcelona\/#primaryimage","url":"https:\/\/psicoclinicabarcelona.com\/wp-content\/uploads\/2022\/08\/DSC_3667-removebg-preview.png","contentUrl":"https:\/\/psicoclinicabarcelona.com\/wp-content\/uploads\/2022\/08\/DSC_3667-removebg-preview.png"},{"@type":"BreadcrumbList","@id":"https:\/\/psicoclinicabarcelona.com\/ca\/psicoleg-adults-barcelona\/#breadcrumb","itemListElement":[{"@type":"ListItem","position":1,"name":"Portada","item":"https:\/\/psicoclinicabarcelona.com\/ca\/"},{"@type":"ListItem","position":2,"name":"Psic\u00f2leg adults Barcelona"}]},{"@type":"WebSite","@id":"https:\/\/psicoclinicabarcelona.com\/#website","url":"https:\/\/psicoclinicabarcelona.com\/","name":"Psicocl\u00ednica Barcelona","description":"Posiblemente el mejor psic\u00f3logo en Barcelona o la mejor psic\u00f3loga de Barcelona. Ll\u00e1manos sin compromiso al 935 414 478","publisher":{"@id":"https:\/\/psicoclinicabarcelona.com\/#organization"},"alternateName":"Psicocl\u00ednica Barcelona","potentialAction":[{"@type":"SearchAction","target":{"@type":"EntryPoint","urlTemplate":"https:\/\/psicoclinicabarcelona.com\/?s={search_term_string}"},"query-input":{"@type":"PropertyValueSpecification","valueRequired":true,"valueName":"search_term_string"}}],"inLanguage":"ca"},{"@type":"Organization","@id":"https:\/\/psicoclinicabarcelona.com\/#organization","name":"Psicocl\u00ednica Barcelona","alternateName":"Psicocl\u00ednica Barcelona","url":"https:\/\/psicoclinicabarcelona.com\/","logo":{"@type":"ImageObject","inLanguage":"ca","@id":"https:\/\/psicoclinicabarcelona.com\/#\/schema\/logo\/image\/","url":"https:\/\/psicoclinicabarcelona.com\/wp-content\/uploads\/2015\/04\/psicologos-barcelona.png","contentUrl":"https:\/\/psicoclinicabarcelona.com\/wp-content\/uploads\/2015\/04\/psicologos-barcelona.png","width":178,"height":62,"caption":"Psicocl\u00ednica Barcelona"},"image":{"@id":"https:\/\/psicoclinicabarcelona.com\/#\/schema\/logo\/image\/"},"sameAs":["https:\/\/www.facebook.com\/PsicoclinicaBarcelona\/","https:\/\/x.com\/psicoclinicabcn","https:\/\/www.linkedin.com\/company\/psicocl\u00ednica-barcelona\/","https:\/\/www.instagram.com\/psicoclinicabarcelona\/","https:\/\/www.youtube.com\/channel\/UCcc-5_wC56giASuT0XDr87Q"]}]}},"_links":{"self":[{"href":"https:\/\/psicoclinicabarcelona.com\/ca\/wp-json\/wp\/v2\/pages\/918"}],"collection":[{"href":"https:\/\/psicoclinicabarcelona.com\/ca\/wp-json\/wp\/v2\/pages"}],"about":[{"href":"https:\/\/psicoclinicabarcelona.com\/ca\/wp-json\/wp\/v2\/types\/page"}],"author":[{"embeddable":true,"href":"https:\/\/psicoclinicabarcelona.com\/ca\/wp-json\/wp\/v2\/users\/5"}],"replies":[{"embeddable":true,"href":"https:\/\/psicoclinicabarcelona.com\/ca\/wp-json\/wp\/v2\/comments?post=918"}],"version-history":[{"count":10,"href":"https:\/\/psicoclinicabarcelona.com\/ca\/wp-json\/wp\/v2\/pages\/918\/revisions"}],"predecessor-version":[{"id":6269,"href":"https:\/\/psicoclinicabarcelona.com\/ca\/wp-json\/wp\/v2\/pages\/918\/revisions\/6269"}],"wp:attachment":[{"href":"https:\/\/psicoclinicabarcelona.com\/ca\/wp-json\/wp\/v2\/media?parent=918"}],"curies":[{"name":"wp","href":"https:\/\/api.w.org\/{rel}","templated":true}]}}