{"id":922,"date":"2015-07-15T15:17:15","date_gmt":"2015-07-15T15:17:15","guid":{"rendered":"http:\/\/psicoclinicabarcelona.com\/?page_id=922"},"modified":"2023-04-27T12:18:46","modified_gmt":"2023-04-27T10:18:46","slug":"psicoleg-parelles-barcelona","status":"publish","type":"page","link":"https:\/\/psicoclinicabarcelona.com\/ca\/psicoleg-parelles-barcelona\/","title":{"rendered":"Psic\u00f2leg parelles Barcelona"},"content":{"rendered":"[vc_row][vc_column width=&#8221;1\/2&#8243;][vc_column_text]\n<p class=\"Cuerpo\">L\u2019amor \u00e9s un dels principals motius de felicitat per a l\u2019\u00e9sser hum\u00e0, per\u00f2 alhora, es converteix en una de les majors causes del seu patiment. Per aquest motiu, entre les consultes m\u00e9s habituals que se li fan a un\u00a0<strong>psic\u00f2leg de parelles a Barcelona<\/strong>\u00a0o psicoterapeuta, es troben aquelles relacionades amb l\u2019amor i el desamor. Poder estar en parella o poder estar sense parella suposa per a algunes persones una font de malestar incessant.<\/p>\n<p class=\"Cuerpo\">No \u00e9s gens f\u00e0cil saber el que un vol i menys encara saber sobre el propi desig, per\u00f2 com saber si volem el que desitgem i al rev\u00e9s? No saber si continuar o deixar la relaci\u00f3, \u00e9s una de les q\u00fcestions que m\u00e9s pot angoixar a alg\u00fa. Cada persona t\u00e9 unes condicions inconscients per a l\u2019amor i per al desig. Saber m\u00e9s sobre elles, ens proporcionar\u00e0 m\u00e9s llibertat en l\u2019elecci\u00f3 de parella i en la relaci\u00f3 mateixa. Moltes persones repeteixen un patr\u00f3 fix en les seves relacions de parella, no trobant mai la manera de poder estar b\u00e9 amb la parella a la que estimen.<\/p>\n[\/vc_column_text][\/vc_column][vc_column width=&#8221;1\/2&#8243;][vc_column_text]<iframe title=\"YouTube video player\" src=\"https:\/\/www.youtube.com\/embed\/PLJZdogwNtI\" width=\"560\" height=\"315\" frameborder=\"0\" allowfullscreen=\"allowfullscreen\"><\/iframe>[\/vc_column_text][\/vc_column][vc_column][vc_column_text]\n<h2>Ter\u00e0pia de parella a Barcelona<\/h2>\n<p><strong>Una relaci\u00f3 de parella \u00e9s una cosa a construir entre dos<\/strong>, per\u00f2, pr\u00e8viament, es fa necessari que cada un pugui estar b\u00e9 amb un mateix. L\u2019equaci\u00f3 podria escriure\u2019s aix\u00ed: Per poder estar en parella, primer he de poder estar b\u00e9 amb mi mateix\/a, f\u00f3rmula que ens porta a <strong>separar la necessitat de l\u2019amor<\/strong>.<\/p>\n<p>Al nostre\u00a0<b>gabinet de psicologia especialitzat en parelles,\u00a0<\/b>sabem\u00a0que per poder ajudar els membres d&#8217;una parella, el primer pas \u00e9s posar-se en contacte amb\u00a0<b>psic\u00f2legs de parelles,\u00a0<\/b>per portar a una valoraci\u00f3 de la situaci\u00f3 i determinar si efectivament el m\u00e9s indicat \u00e9s una ter\u00e0pia de parella, o b\u00e9 una ter\u00e0pia individual amb cadascun dels membres de la parella. Una ter\u00e0pia de parella conjunta pot ajudar en problemes de comunicaci\u00f3 en la relaci\u00f3, esbrinar quins s\u00f3n els principals motius que causen <strong>conflictes i discussions<\/strong>, etc. I una ter\u00e0pia individual pot ser m\u00e9s \u00fatil perqu\u00e8 cada membre de la parella pugui identificar i treballar aquells aspectes propis que poden ser un obstacle per <strong>millorar la relaci\u00f3<\/strong>.<\/p>\n<p>L&#8217;oferta de ter\u00e0pies de parella \u00e9s molt \u00e0mplia, van des de la ter\u00e0pia breu estrat\u00e8gica fins a la ter\u00e0pia sist\u00e8mica, passant per la psicoan\u00e0lisi, les ter\u00e0pies estrat\u00e8giques o les ter\u00e0pies humanistes. \u00c9s important que cada parella, o cada persona, trobi\u00a0<b>la millor ter\u00e0pia de parella<\/b>\u00a0per al seu cas en particular.<\/p>\n<h2>Piscologia per solucionar problemes de parelles<\/h2>\n<p>D&#8217;aquesta manera, al nostre <strong>centre de ter\u00e0pia de parella a Barcelona<\/strong> i a trav\u00e9s de l&#8217;atenci\u00f3 personalitzada d&#8217;un psic\u00f2leg de parelles, us proporcionarem el marc m\u00e9s adequat per tractar de resoldre els problemes que us estan fent patir. De la mateixa manera, no nom\u00e9s comptem amb un servei de ter\u00e0pia per a parelles, sin\u00f3 que tamb\u00e9 oferim <b>ter\u00e0pia familiar<\/b>. En aquesta darrera modalitat el que importa no \u00e9s nom\u00e9s l&#8217;altra persona, sin\u00f3 que tamb\u00e9 entren en joc altres peces clau: <strong>els fills, els pares, els germans, etc<\/strong>.<\/p>\n<p>Identificar el problema, comprendre les causes que el sostenen i trobar solucions s\u00f3n els tres temps l\u00f2gics del proc\u00e9s de la nostra psicoter\u00e0pia.[\/vc_column_text][\/vc_column][\/vc_row][vc_row css=&#8221;.vc_custom_1658152474473{margin-top: 20px !important;}&#8221;][vc_column width=&#8221;1\/2&#8243;][vc_column_text]<img decoding=\"async\" class=\"aligncenter wp-image-726 size-full\" src=\"https:\/\/psicoclinicabarcelona.com\/wp-content\/uploads\/2015\/04\/psicologo-parejas-barcelona.jpg\" alt=\"psicologo parejas barcelona\" width=\"314\" height=\"178\" srcset=\"https:\/\/psicoclinicabarcelona.com\/wp-content\/uploads\/2015\/04\/psicologo-parejas-barcelona.jpg 314w, https:\/\/psicoclinicabarcelona.com\/wp-content\/uploads\/2015\/04\/psicologo-parejas-barcelona-300x170.jpg 300w\" sizes=\"(max-width: 314px) 100vw, 314px\" \/>[\/vc_column_text][vc_column_text]\n<h3 class=\"titulin\" style=\"text-align: center;\">En parella<\/h3>\n[\/vc_column_text][vc_column_text el_class=&#8221;tituSub&#8221;]\u201cVull continuar amb ella?\u201d<\/p>\n<p>\u201cEncara l\u2019estimo?\u201d<\/p>\n<p>\u201cL\u2019estimo, per\u00f2 la desitjo?\u201d<\/p>\n<p>\u201cNo \u00e9s com m\u2019agradaria que fos\u201d<\/p>\n<p>\u201cNo puc viure sense ell\u201d[\/vc_column_text][\/vc_column][vc_column width=&#8221;1\/2&#8243;][vc_column_text]<img decoding=\"async\" class=\"aligncenter wp-image-727 size-full\" src=\"https:\/\/psicoclinicabarcelona.com\/wp-content\/uploads\/2015\/04\/psicologo-parejas-barcelona-2.jpg\" alt=\"psicologo parejas barcelona\" width=\"314\" height=\"178\" srcset=\"https:\/\/psicoclinicabarcelona.com\/wp-content\/uploads\/2015\/04\/psicologo-parejas-barcelona-2.jpg 314w, https:\/\/psicoclinicabarcelona.com\/wp-content\/uploads\/2015\/04\/psicologo-parejas-barcelona-2-300x170.jpg 300w\" sizes=\"(max-width: 314px) 100vw, 314px\" \/>[\/vc_column_text][vc_column_text]\n<h3 class=\"titulin\" style=\"text-align: center;\">Sense parella<\/h3>\n[\/vc_column_text][vc_column_text el_class=&#8221;tituSub&#8221;]\u201cNecessito estar amb alg\u00fa\u201d<\/p>\n<p>\u201cEm fa por la solitud\u201d<\/p>\n<p>\u201cTotes les relacions em van malament\u201d<\/p>\n<p>\u201cVull una parella per\u00f2 no vull renunciar a res\u201d<\/p>\n<p>\u201cEstic esperant la persona perfecta\u201d[\/vc_column_text][\/vc_column][\/vc_row][vc_row][vc_column][vc_column_text]\n<h2>Sessi\u00f3 online per a ter\u00e0pia de parella<\/h2>\n<p>Cada vegada m\u00e9s persones busquen\u00a0<b>ter\u00e0pia de parella en l\u00ednia<\/b>. Els motius pels quals alg\u00fa busca una\u00a0<b>ter\u00e0pia online<\/b>\u00a0\u00a0i no presencial poden ser molt diferents. En la majoria dels casos es tracta de persones que tenen alguna dificultat per acudir presencialment a la consulta d&#8217;un <strong>psic\u00f2leg a Barcelona<\/strong>. Visitar-se amb un psic\u00f2leg en l\u00ednia pot ser una bona alternativa si no \u00e9s possible fer-ho presencialment. La psicoter\u00e0pia pot ser una soluci\u00f3 efectiva per a molts problemes de parella, tant emocionalment com sexualment, comunicacionalment, d&#8217;estr\u00e8s o d&#8217;ansietat en algun dels membres (o en tots dos) de la parella. Sortir de les crisis de parella passa perqu\u00e8 cada membre de la parella pugui assumir la pr\u00f2pia responsabilitat en el conflicte. Si no, resultar\u00e0 impossible abandonar el cercle infinit de la demanda.<\/p>\n<p>Podeu fer la vostra consulta online amb un especialista per a m\u00e9s informaci\u00f3 sobre el tractament, el preu de la sessi\u00f3 o concertar una primera visita a la nostra cl\u00ednica. Recordeu que tamb\u00e9 podeu consultar el nostre bloc on veureu publicats articles sobre aquesta tem\u00e0tica i que poden ser de gran ajuda.[\/vc_column_text][\/vc_column][\/vc_row][vc_row][vc_column][vc_column_text]\n<h2 style=\"color: #008aad;\">Vol demanar cita?<\/h2>\n<p>Us informem que tamb\u00e9 podeu fer consultes des del nostre lloc web. Si ho desitja, tamb\u00e9 pot sol\u00b7licitar una consulta online. Podeu sol\u00b7licitar la vostra cita ara, ser\u00e0 at\u00e8s personalment per un psic\u00f2leg o psic\u00f2loga Barcelona des de la primera trucada. En aquesta primera trucada us informarem del que necessiteu saber i si ho desitgeu us oferirem una cita el m\u00e9s aviat possible.[\/vc_column_text][\/vc_column][\/vc_row][vc_row css=&#8221;.vc_custom_1658069749947{margin-top: 40px !important;margin-bottom: 30px !important;}&#8221;][vc_column width=&#8221;1\/2&#8243;][vc_column_text el_class=&#8221;sombra&#8221;]<a href=\"\/mila-herrera\/\"><img decoding=\"async\" class=\"aligncenter wp-image-5589 size-full\" src=\"https:\/\/psicoclinicabarcelona.com\/wp-content\/uploads\/2022\/07\/mila-ficha.webp\" alt=\"fiche mila\" width=\"1400\" height=\"500\" srcset=\"https:\/\/psicoclinicabarcelona.com\/wp-content\/uploads\/2022\/07\/mila-ficha.webp 1400w, https:\/\/psicoclinicabarcelona.com\/wp-content\/uploads\/2022\/07\/mila-ficha-300x107.webp 300w, https:\/\/psicoclinicabarcelona.com\/wp-content\/uploads\/2022\/07\/mila-ficha-1024x366.webp 1024w, https:\/\/psicoclinicabarcelona.com\/wp-content\/uploads\/2022\/07\/mila-ficha-768x274.webp 768w, https:\/\/psicoclinicabarcelona.com\/wp-content\/uploads\/2022\/07\/mila-ficha-600x214.webp 600w\" sizes=\"(max-width: 1400px) 100vw, 1400px\" \/><\/a>[\/vc_column_text][\/vc_column][vc_column width=&#8221;1\/2&#8243;][vc_column_text el_class=&#8221;sombra&#8221;]<a href=\"\/sergi-vilardell\/\"><img decoding=\"async\" class=\"aligncenter wp-image-5592 size-full\" src=\"https:\/\/psicoclinicabarcelona.com\/wp-content\/uploads\/2022\/07\/ficha-Sergi.webp\" alt=\"ficha Sergi\" width=\"1400\" height=\"500\" srcset=\"https:\/\/psicoclinicabarcelona.com\/wp-content\/uploads\/2022\/07\/ficha-Sergi.webp 1400w, https:\/\/psicoclinicabarcelona.com\/wp-content\/uploads\/2022\/07\/ficha-Sergi-300x107.webp 300w, https:\/\/psicoclinicabarcelona.com\/wp-content\/uploads\/2022\/07\/ficha-Sergi-1024x366.webp 1024w, https:\/\/psicoclinicabarcelona.com\/wp-content\/uploads\/2022\/07\/ficha-Sergi-768x274.webp 768w, https:\/\/psicoclinicabarcelona.com\/wp-content\/uploads\/2022\/07\/ficha-Sergi-600x214.webp 600w\" sizes=\"(max-width: 1400px) 100vw, 1400px\" \/><\/a>[\/vc_column_text][\/vc_column][\/vc_row]\n","protected":false},"excerpt":{"rendered":"<p>[vc_row][vc_column width=&#8221;1\/2&#8243;][vc_column_text] L\u2019amor \u00e9s un dels principals motius de felicitat per a l\u2019\u00e9sser hum\u00e0, per\u00f2 alhora, es converteix en una de les majors causes del seu patiment. Per aquest motiu, entre les consultes m\u00e9s habituals que se li fan a un\u00a0psic\u00f2leg de parelles a Barcelona\u00a0o psicoterapeuta, es troben aquelles relacionades amb l\u2019amor i el desamor.&hellip;<\/p>\n","protected":false},"author":5,"featured_media":0,"parent":0,"menu_order":0,"comment_status":"open","ping_status":"open","template":"","meta":{"footnotes":""},"class_list":["post-922","page","type-page","status-publish","hentry","entry","no-media"],"yoast_head":"<!-- This site is optimized with the Yoast SEO plugin v24.6 - https:\/\/yoast.com\/wordpress\/plugins\/seo\/ -->\n<title>Psic\u00f2leg Parelles Barcelona<\/title>\n<meta name=\"description\" content=\"Psic\u00f2leg Parelles Barcelona. \u260e 640 067 146 Truqui&#039;ns sense comprom\u00eds. Psic\u00f2legs Barcelona infantil ansietat depressi\u00f3 parelles pares TDAH TEA TLP\" \/>\n<meta name=\"robots\" content=\"index, follow, max-snippet:-1, max-image-preview:large, max-video-preview:-1\" \/>\n<link rel=\"canonical\" href=\"https:\/\/psicoclinicabarcelona.com\/ca\/psicoleg-parelles-barcelona\/\" \/>\n<meta property=\"og:locale\" content=\"ca_ES\" \/>\n<meta property=\"og:type\" content=\"article\" \/>\n<meta property=\"og:title\" content=\"Psic\u00f2leg Parelles Barcelona\" \/>\n<meta property=\"og:description\" content=\"Psic\u00f2leg Parelles Barcelona. \u260e 640 067 146 Truqui&#039;ns sense comprom\u00eds. Psic\u00f2legs Barcelona infantil ansietat depressi\u00f3 parelles pares TDAH TEA TLP\" \/>\n<meta property=\"og:url\" content=\"https:\/\/psicoclinicabarcelona.com\/ca\/psicoleg-parelles-barcelona\/\" \/>\n<meta property=\"og:site_name\" content=\"Psicocl\u00ednica Barcelona\" \/>\n<meta property=\"article:publisher\" content=\"https:\/\/www.facebook.com\/PsicoclinicaBarcelona\/\" \/>\n<meta property=\"article:modified_time\" content=\"2023-04-27T10:18:46+00:00\" \/>\n<meta property=\"og:image\" content=\"https:\/\/psicoclinicabarcelona.com\/wp-content\/uploads\/2015\/04\/psicologo-parejas-barcelona.jpg\" \/>\n<meta name=\"twitter:label1\" content=\"Temps estimat de lectura\" \/>\n\t<meta name=\"twitter:data1\" content=\"5 minuts\" \/>\n<script type=\"application\/ld+json\" class=\"yoast-schema-graph\">{\"@context\":\"https:\/\/schema.org\",\"@graph\":[{\"@type\":\"WebPage\",\"@id\":\"https:\/\/psicoclinicabarcelona.com\/ca\/psicoleg-parelles-barcelona\/\",\"url\":\"https:\/\/psicoclinicabarcelona.com\/ca\/psicoleg-parelles-barcelona\/\",\"name\":\"Psic\u00f2leg Parelles Barcelona\",\"isPartOf\":{\"@id\":\"https:\/\/psicoclinicabarcelona.com\/#website\"},\"primaryImageOfPage\":{\"@id\":\"https:\/\/psicoclinicabarcelona.com\/ca\/psicoleg-parelles-barcelona\/#primaryimage\"},\"image\":{\"@id\":\"https:\/\/psicoclinicabarcelona.com\/ca\/psicoleg-parelles-barcelona\/#primaryimage\"},\"thumbnailUrl\":\"https:\/\/psicoclinicabarcelona.com\/wp-content\/uploads\/2015\/04\/psicologo-parejas-barcelona.jpg\",\"datePublished\":\"2015-07-15T15:17:15+00:00\",\"dateModified\":\"2023-04-27T10:18:46+00:00\",\"description\":\"Psic\u00f2leg Parelles Barcelona. \u260e 640 067 146 Truqui'ns sense comprom\u00eds. Psic\u00f2legs Barcelona infantil ansietat depressi\u00f3 parelles pares TDAH TEA TLP\",\"breadcrumb\":{\"@id\":\"https:\/\/psicoclinicabarcelona.com\/ca\/psicoleg-parelles-barcelona\/#breadcrumb\"},\"inLanguage\":\"ca\",\"potentialAction\":[{\"@type\":\"ReadAction\",\"target\":[\"https:\/\/psicoclinicabarcelona.com\/ca\/psicoleg-parelles-barcelona\/\"]}]},{\"@type\":\"ImageObject\",\"inLanguage\":\"ca\",\"@id\":\"https:\/\/psicoclinicabarcelona.com\/ca\/psicoleg-parelles-barcelona\/#primaryimage\",\"url\":\"https:\/\/psicoclinicabarcelona.com\/wp-content\/uploads\/2015\/04\/psicologo-parejas-barcelona.jpg\",\"contentUrl\":\"https:\/\/psicoclinicabarcelona.com\/wp-content\/uploads\/2015\/04\/psicologo-parejas-barcelona.jpg\"},{\"@type\":\"BreadcrumbList\",\"@id\":\"https:\/\/psicoclinicabarcelona.com\/ca\/psicoleg-parelles-barcelona\/#breadcrumb\",\"itemListElement\":[{\"@type\":\"ListItem\",\"position\":1,\"name\":\"Portada\",\"item\":\"https:\/\/psicoclinicabarcelona.com\/ca\/\"},{\"@type\":\"ListItem\",\"position\":2,\"name\":\"Psic\u00f2leg parelles Barcelona\"}]},{\"@type\":\"WebSite\",\"@id\":\"https:\/\/psicoclinicabarcelona.com\/#website\",\"url\":\"https:\/\/psicoclinicabarcelona.com\/\",\"name\":\"Psicocl\u00ednica Barcelona\",\"description\":\"Posiblemente el mejor psic\u00f3logo en Barcelona o la mejor psic\u00f3loga de Barcelona. Ll\u00e1manos sin compromiso al 935 414 478\",\"publisher\":{\"@id\":\"https:\/\/psicoclinicabarcelona.com\/#organization\"},\"alternateName\":\"Psicocl\u00ednica Barcelona\",\"potentialAction\":[{\"@type\":\"SearchAction\",\"target\":{\"@type\":\"EntryPoint\",\"urlTemplate\":\"https:\/\/psicoclinicabarcelona.com\/?s={search_term_string}\"},\"query-input\":{\"@type\":\"PropertyValueSpecification\",\"valueRequired\":true,\"valueName\":\"search_term_string\"}}],\"inLanguage\":\"ca\"},{\"@type\":\"Organization\",\"@id\":\"https:\/\/psicoclinicabarcelona.com\/#organization\",\"name\":\"Psicocl\u00ednica Barcelona\",\"alternateName\":\"Psicocl\u00ednica Barcelona\",\"url\":\"https:\/\/psicoclinicabarcelona.com\/\",\"logo\":{\"@type\":\"ImageObject\",\"inLanguage\":\"ca\",\"@id\":\"https:\/\/psicoclinicabarcelona.com\/#\/schema\/logo\/image\/\",\"url\":\"https:\/\/psicoclinicabarcelona.com\/wp-content\/uploads\/2015\/04\/psicologos-barcelona.png\",\"contentUrl\":\"https:\/\/psicoclinicabarcelona.com\/wp-content\/uploads\/2015\/04\/psicologos-barcelona.png\",\"width\":178,\"height\":62,\"caption\":\"Psicocl\u00ednica Barcelona\"},\"image\":{\"@id\":\"https:\/\/psicoclinicabarcelona.com\/#\/schema\/logo\/image\/\"},\"sameAs\":[\"https:\/\/www.facebook.com\/PsicoclinicaBarcelona\/\",\"https:\/\/x.com\/psicoclinicabcn\",\"https:\/\/www.linkedin.com\/company\/psicocl\u00ednica-barcelona\/\",\"https:\/\/www.instagram.com\/psicoclinicabarcelona\/\",\"https:\/\/www.youtube.com\/channel\/UCcc-5_wC56giASuT0XDr87Q\"]}]}<\/script>\n<!-- \/ Yoast SEO plugin. -->","yoast_head_json":{"title":"Psic\u00f2leg Parelles Barcelona","description":"Psic\u00f2leg Parelles Barcelona. \u260e 640 067 146 Truqui'ns sense comprom\u00eds. Psic\u00f2legs Barcelona infantil ansietat depressi\u00f3 parelles pares TDAH TEA TLP","robots":{"index":"index","follow":"follow","max-snippet":"max-snippet:-1","max-image-preview":"max-image-preview:large","max-video-preview":"max-video-preview:-1"},"canonical":"https:\/\/psicoclinicabarcelona.com\/ca\/psicoleg-parelles-barcelona\/","og_locale":"ca_ES","og_type":"article","og_title":"Psic\u00f2leg Parelles Barcelona","og_description":"Psic\u00f2leg Parelles Barcelona. \u260e 640 067 146 Truqui'ns sense comprom\u00eds. Psic\u00f2legs Barcelona infantil ansietat depressi\u00f3 parelles pares TDAH TEA TLP","og_url":"https:\/\/psicoclinicabarcelona.com\/ca\/psicoleg-parelles-barcelona\/","og_site_name":"Psicocl\u00ednica Barcelona","article_publisher":"https:\/\/www.facebook.com\/PsicoclinicaBarcelona\/","article_modified_time":"2023-04-27T10:18:46+00:00","og_image":[{"url":"https:\/\/psicoclinicabarcelona.com\/wp-content\/uploads\/2015\/04\/psicologo-parejas-barcelona.jpg","type":"","width":"","height":""}],"twitter_misc":{"Temps estimat de lectura":"5 minuts"},"schema":{"@context":"https:\/\/schema.org","@graph":[{"@type":"WebPage","@id":"https:\/\/psicoclinicabarcelona.com\/ca\/psicoleg-parelles-barcelona\/","url":"https:\/\/psicoclinicabarcelona.com\/ca\/psicoleg-parelles-barcelona\/","name":"Psic\u00f2leg Parelles Barcelona","isPartOf":{"@id":"https:\/\/psicoclinicabarcelona.com\/#website"},"primaryImageOfPage":{"@id":"https:\/\/psicoclinicabarcelona.com\/ca\/psicoleg-parelles-barcelona\/#primaryimage"},"image":{"@id":"https:\/\/psicoclinicabarcelona.com\/ca\/psicoleg-parelles-barcelona\/#primaryimage"},"thumbnailUrl":"https:\/\/psicoclinicabarcelona.com\/wp-content\/uploads\/2015\/04\/psicologo-parejas-barcelona.jpg","datePublished":"2015-07-15T15:17:15+00:00","dateModified":"2023-04-27T10:18:46+00:00","description":"Psic\u00f2leg Parelles Barcelona. \u260e 640 067 146 Truqui'ns sense comprom\u00eds. Psic\u00f2legs Barcelona infantil ansietat depressi\u00f3 parelles pares TDAH TEA TLP","breadcrumb":{"@id":"https:\/\/psicoclinicabarcelona.com\/ca\/psicoleg-parelles-barcelona\/#breadcrumb"},"inLanguage":"ca","potentialAction":[{"@type":"ReadAction","target":["https:\/\/psicoclinicabarcelona.com\/ca\/psicoleg-parelles-barcelona\/"]}]},{"@type":"ImageObject","inLanguage":"ca","@id":"https:\/\/psicoclinicabarcelona.com\/ca\/psicoleg-parelles-barcelona\/#primaryimage","url":"https:\/\/psicoclinicabarcelona.com\/wp-content\/uploads\/2015\/04\/psicologo-parejas-barcelona.jpg","contentUrl":"https:\/\/psicoclinicabarcelona.com\/wp-content\/uploads\/2015\/04\/psicologo-parejas-barcelona.jpg"},{"@type":"BreadcrumbList","@id":"https:\/\/psicoclinicabarcelona.com\/ca\/psicoleg-parelles-barcelona\/#breadcrumb","itemListElement":[{"@type":"ListItem","position":1,"name":"Portada","item":"https:\/\/psicoclinicabarcelona.com\/ca\/"},{"@type":"ListItem","position":2,"name":"Psic\u00f2leg parelles Barcelona"}]},{"@type":"WebSite","@id":"https:\/\/psicoclinicabarcelona.com\/#website","url":"https:\/\/psicoclinicabarcelona.com\/","name":"Psicocl\u00ednica Barcelona","description":"Posiblemente el mejor psic\u00f3logo en Barcelona o la mejor psic\u00f3loga de Barcelona. Ll\u00e1manos sin compromiso al 935 414 478","publisher":{"@id":"https:\/\/psicoclinicabarcelona.com\/#organization"},"alternateName":"Psicocl\u00ednica Barcelona","potentialAction":[{"@type":"SearchAction","target":{"@type":"EntryPoint","urlTemplate":"https:\/\/psicoclinicabarcelona.com\/?s={search_term_string}"},"query-input":{"@type":"PropertyValueSpecification","valueRequired":true,"valueName":"search_term_string"}}],"inLanguage":"ca"},{"@type":"Organization","@id":"https:\/\/psicoclinicabarcelona.com\/#organization","name":"Psicocl\u00ednica Barcelona","alternateName":"Psicocl\u00ednica Barcelona","url":"https:\/\/psicoclinicabarcelona.com\/","logo":{"@type":"ImageObject","inLanguage":"ca","@id":"https:\/\/psicoclinicabarcelona.com\/#\/schema\/logo\/image\/","url":"https:\/\/psicoclinicabarcelona.com\/wp-content\/uploads\/2015\/04\/psicologos-barcelona.png","contentUrl":"https:\/\/psicoclinicabarcelona.com\/wp-content\/uploads\/2015\/04\/psicologos-barcelona.png","width":178,"height":62,"caption":"Psicocl\u00ednica Barcelona"},"image":{"@id":"https:\/\/psicoclinicabarcelona.com\/#\/schema\/logo\/image\/"},"sameAs":["https:\/\/www.facebook.com\/PsicoclinicaBarcelona\/","https:\/\/x.com\/psicoclinicabcn","https:\/\/www.linkedin.com\/company\/psicocl\u00ednica-barcelona\/","https:\/\/www.instagram.com\/psicoclinicabarcelona\/","https:\/\/www.youtube.com\/channel\/UCcc-5_wC56giASuT0XDr87Q"]}]}},"_links":{"self":[{"href":"https:\/\/psicoclinicabarcelona.com\/ca\/wp-json\/wp\/v2\/pages\/922"}],"collection":[{"href":"https:\/\/psicoclinicabarcelona.com\/ca\/wp-json\/wp\/v2\/pages"}],"about":[{"href":"https:\/\/psicoclinicabarcelona.com\/ca\/wp-json\/wp\/v2\/types\/page"}],"author":[{"embeddable":true,"href":"https:\/\/psicoclinicabarcelona.com\/ca\/wp-json\/wp\/v2\/users\/5"}],"replies":[{"embeddable":true,"href":"https:\/\/psicoclinicabarcelona.com\/ca\/wp-json\/wp\/v2\/comments?post=922"}],"version-history":[{"count":7,"href":"https:\/\/psicoclinicabarcelona.com\/ca\/wp-json\/wp\/v2\/pages\/922\/revisions"}],"predecessor-version":[{"id":6421,"href":"https:\/\/psicoclinicabarcelona.com\/ca\/wp-json\/wp\/v2\/pages\/922\/revisions\/6421"}],"wp:attachment":[{"href":"https:\/\/psicoclinicabarcelona.com\/ca\/wp-json\/wp\/v2\/media?parent=922"}],"curies":[{"name":"wp","href":"https:\/\/api.w.org\/{rel}","templated":true}]}}