{"id":924,"date":"2015-07-15T15:24:39","date_gmt":"2015-07-15T15:24:39","guid":{"rendered":"http:\/\/psicoclinicabarcelona.com\/?page_id=924"},"modified":"2023-04-27T12:17:39","modified_gmt":"2023-04-27T10:17:39","slug":"psicoleg-pares-barcelona","status":"publish","type":"page","link":"https:\/\/psicoclinicabarcelona.com\/ca\/psicoleg-pares-barcelona\/","title":{"rendered":"Psic\u00f2leg pares Barcelona"},"content":{"rendered":"[vc_row][vc_column width=&#8221;1\/2&#8243;][vc_column_text]<strong>No hi ha els pares perfectes.<\/strong> Pretendre&#8217;l \u00e9s tan sols un ideal impossible, una fantasia que es pot tornar dolorosa per a les fam\u00edlies d&#8217;aquells que volen fer-la realitat. A\u00a0<strong>Psicocl\u00ednica Barcelona<\/strong>\u00a0creiem que \u00e9s possible educar un fill sense que aix\u00f2 porti amb si un exc\u00e9s d&#8217;angoixa. En aquest sentit, visitar un <strong>psic\u00f2leg per a pares a Barcelona<\/strong> pot ser extremadament \u00fatil per trobar l&#8217;equilibri entre l&#8217;amor i el reconeixement que necessita tot nen, aix\u00ed com els l\u00edmits que us ajudaran a regular-se.<\/p>\n<p>Els nostres professionals consideren aquests\u00a0<strong>tres aspectes com a claus<\/strong>\u00a0per a la\u00a0<strong>educaci\u00f3 dels fills<\/strong>. Per aconseguir aquest equilibri perfecte entre ells<strong>, Piscocl\u00ednica Barcelona<\/strong>, a trav\u00e9s de <strong>ter\u00e0pies familiars<\/strong>, aporta als pares totes les <strong>eines i consells<\/strong> necessaris per obtenir els\u00a0<strong>millors resultats<\/strong>\u00a0en aquest sentit. Aquestes ter\u00e0pies familiars en qu\u00e8 <strong>intervenen de manera conjunta psic\u00f2legs, pares i fills<\/strong> s\u00f3n perfectes per portar pel millor cam\u00ed l&#8217;educaci\u00f3 dels fills.[\/vc_column_text][\/vc_column][vc_column width=&#8221;1\/2&#8243;][vc_column_text]<img decoding=\"async\" class=\"aligncenter wp-image-5786 size-full\" src=\"https:\/\/psicoclinicabarcelona.com\/wp-content\/uploads\/2022\/10\/undraw_fatherhood_7i19.webp\" alt=\"psicologos padres\" width=\"900\" height=\"640\" srcset=\"https:\/\/psicoclinicabarcelona.com\/wp-content\/uploads\/2022\/10\/undraw_fatherhood_7i19.webp 900w, https:\/\/psicoclinicabarcelona.com\/wp-content\/uploads\/2022\/10\/undraw_fatherhood_7i19-300x213.webp 300w, https:\/\/psicoclinicabarcelona.com\/wp-content\/uploads\/2022\/10\/undraw_fatherhood_7i19-768x546.webp 768w, https:\/\/psicoclinicabarcelona.com\/wp-content\/uploads\/2022\/10\/undraw_fatherhood_7i19-600x427.webp 600w\" sizes=\"(max-width: 900px) 100vw, 900px\" \/>[\/vc_column_text][\/vc_column][\/vc_row][vc_row][vc_column][vc_column_text]\n<h2>Ter\u00e0pia per a pares<\/h2>\n<p>A la nostra <strong>ter\u00e0pia de pares i mares a Barcelona<\/strong> els ensenyarem a alliberar-se de la pressi\u00f3 que suposa ser uns pares prou bons per, al seu lloc, ajudar-los a establir amb els seus fills una relaci\u00f3 m\u00fatua que sigui afectiva i gratificant per a tots. La nostra\u00a0<a href=\"https:\/\/psicoclinicabarcelona.com\/ca\/psicoleg-infantil-barcelona\/\">psic\u00f2loga infantil de Barcelona<\/a>\u00a0compartir\u00e0 amb vost\u00e8s els passos amb qu\u00e8 desenvolupar un s\u00f2lid sentiment de seguretat que els ajudi a exercir com pares.<\/p>\n<p>A trav\u00e9s de l&#8217;experi\u00e8ncia amb la nostra <strong>ter\u00e0pia familiar<\/strong> hem constatat les negatives conseq\u00fc\u00e8ncies de voler construir el nen com un producte de les nostres expectatives. \u00c9s a dir, qui no en t\u00e9? <strong>Tots volem que els nostres fills destaquin<\/strong>, obtinguin bons resultats en all\u00f2 que se&#8217;ls d\u00f3na b\u00e9, tenir la seguretat que disposaran d&#8217;un bon futur i fins i tot veure com ells triomfen on nosaltres no ho vam fer. Per\u00f2 del que es tracta en realitat a les nostres sessions de <strong>orientaci\u00f3 familiar<\/strong> \u00e9s de poder <strong>desenvolupar les eines que siguin necess\u00e0ries per ajudar-lo a ser el que ell vulgui ser<\/strong>.<\/p>\n<p>&nbsp;<\/p>\n<h2>Consultar un psic\u00f2leg infantil<\/h2>\n<p>Com a especialistes en la <strong>psicologia de pares<\/strong> sabem que la tasca de ser pares \u00e9s una experi\u00e8ncia apassionant. Tot un art al qual podem aspirar i que no necessita unes regles o pautes complicades, sin\u00f3 que exigeix de tots els pares\u00a0<strong>flexibilitat, sensatesa i algunes dosis de paci\u00e8ncia<\/strong>, que no \u00e9s poc.<\/p>\n<p>Sovint, a les nostres sessions de <strong>psicoter\u00e0pia<\/strong>, el que els nostres clients es q\u00fcestionen no \u00e9s tant el seu paper com els pares sin\u00f3 el comportament dels seus fills. A\u00a0<a href=\"https:\/\/psicoclinicabarcelona.com\/ca\/\">Psicocl\u00ednica Barcelona<\/a>\u00a0tamb\u00e9 l&#8217;ajudarem a comprendre la conducta d&#8217;un nen i com ajudar-lo a desenvolupar una personalitat m\u00e9s sana i sociable.[\/vc_column_text][\/vc_column][\/vc_row][vc_row css=&#8221;.vc_custom_1658071592160{margin-top: 30px !important;}&#8221;][vc_column][vc_column_text]\n<h2 style=\"color: #008aad;\">Vol demanar cita?<\/h2>\n<p>Us informem que tamb\u00e9 podeu fer consultes des del nostre lloc web. Si ho desitja, tamb\u00e9 pot sol\u00b7licitar una consulta online. Podeu sol\u00b7licitar la vostra cita ara, ser\u00e0 at\u00e8s personalment per un psic\u00f2leg o psic\u00f2loga Barcelona des de la primera trucada. En aquesta primera trucada us informarem del que necessiteu saber i si ho desitgeu us oferirem una cita el m\u00e9s aviat possible.[\/vc_column_text][\/vc_column][\/vc_row][vc_row css=&#8221;.vc_custom_1658069749947{margin-top: 40px !important;margin-bottom: 30px !important;}&#8221;][vc_column width=&#8221;1\/2&#8243;][vc_column_text el_class=&#8221;sombra&#8221;]<a href=\"\/mila-herrera\/\"><img decoding=\"async\" class=\"aligncenter wp-image-5589 size-full\" src=\"https:\/\/psicoclinicabarcelona.com\/wp-content\/uploads\/2022\/07\/mila-ficha.webp\" alt=\"fiche mila\" width=\"1400\" height=\"500\" srcset=\"https:\/\/psicoclinicabarcelona.com\/wp-content\/uploads\/2022\/07\/mila-ficha.webp 1400w, https:\/\/psicoclinicabarcelona.com\/wp-content\/uploads\/2022\/07\/mila-ficha-300x107.webp 300w, https:\/\/psicoclinicabarcelona.com\/wp-content\/uploads\/2022\/07\/mila-ficha-1024x366.webp 1024w, https:\/\/psicoclinicabarcelona.com\/wp-content\/uploads\/2022\/07\/mila-ficha-768x274.webp 768w, https:\/\/psicoclinicabarcelona.com\/wp-content\/uploads\/2022\/07\/mila-ficha-600x214.webp 600w\" sizes=\"(max-width: 1400px) 100vw, 1400px\" \/><\/a>[\/vc_column_text][\/vc_column][vc_column width=&#8221;1\/2&#8243;][vc_column_text el_class=&#8221;sombra&#8221;]<a href=\"\/sergi-vilardell\/\"><img decoding=\"async\" class=\"aligncenter wp-image-5592 size-full\" src=\"https:\/\/psicoclinicabarcelona.com\/wp-content\/uploads\/2022\/07\/ficha-Sergi.webp\" alt=\"ficha Sergi\" width=\"1400\" height=\"500\" srcset=\"https:\/\/psicoclinicabarcelona.com\/wp-content\/uploads\/2022\/07\/ficha-Sergi.webp 1400w, https:\/\/psicoclinicabarcelona.com\/wp-content\/uploads\/2022\/07\/ficha-Sergi-300x107.webp 300w, https:\/\/psicoclinicabarcelona.com\/wp-content\/uploads\/2022\/07\/ficha-Sergi-1024x366.webp 1024w, https:\/\/psicoclinicabarcelona.com\/wp-content\/uploads\/2022\/07\/ficha-Sergi-768x274.webp 768w, https:\/\/psicoclinicabarcelona.com\/wp-content\/uploads\/2022\/07\/ficha-Sergi-600x214.webp 600w\" sizes=\"(max-width: 1400px) 100vw, 1400px\" \/><\/a>[\/vc_column_text][\/vc_column][\/vc_row][vc_row][vc_column width=&#8221;1\/3&#8243;][vc_column_text]<img decoding=\"async\" class=\"aligncenter wp-image-730 size-full\" src=\"https:\/\/psicoclinicabarcelona.com\/wp-content\/uploads\/2015\/04\/psicologo-padres-barcelona.jpg\" alt=\"psicologo padres barcelona\" width=\"202\" height=\"284\" \/>[\/vc_column_text][vc_column_text]\n<h3 class=\"titulin\" style=\"text-align: center;\"><a href=\"https:\/\/psicoclinicabarcelona.com\/ca\/ser-pares\/\">SER PARES<\/a><\/h3>\n[\/vc_column_text][vc_column_text el_class=&#8221;tituSub&#8221;]L&#8217;angoixa de <strong>ser pares<\/strong>. Ho estic fent b\u00e9?<\/p>\n<p>La import\u00e0ncia dels <strong>l\u00edmits<\/strong>. <strong>S\u00f3c massa permissiu<\/strong>? S\u00f3c massa exigent?<\/p>\n<p>El risc d&#8217;unes <strong>expectatives massa altes<\/strong>. Vull que arribi a dalt de tot a\u2026?<\/p>\n<p>La necessitat de <strong>amor i reconeixement<\/strong>. Per qu\u00e8 no em fa cas?<\/p>\n<p><strong>Comunicaci\u00f3<\/strong> Per qu\u00e8 discutim tant? Per qu\u00e8 no m&#8217;escolta?[\/vc_column_text][\/vc_column][vc_column width=&#8221;1\/3&#8243;][vc_column_text]<img decoding=\"async\" class=\"size-full wp-image-731 aligncenter\" src=\"https:\/\/psicoclinicabarcelona.com\/wp-content\/uploads\/2015\/04\/psicologo-padres-barcelona-2.jpg\" alt=\"psicologo padres barcelona\" width=\"202\" height=\"284\" \/>[\/vc_column_text][vc_column_text]\n<h3 class=\"titulin\" style=\"text-align: center;\">SEPARACI\u00d3 I FILLS<\/h3>\n[\/vc_column_text][vc_column_text el_class=&#8221;tituSub&#8221;]La <strong>separaci\u00f3 dels pares.<\/strong> Els causo un trauma separant-me?<\/p>\n<p>La <strong>presa de decisions.<\/strong> Hauria d&#8217;aguantar per ells?<\/p>\n<p>Quan el fill est\u00e0 enmig del conflicte. <strong>Com protegir-lo?<\/strong><\/p>\n<p>Explicar als nens les coses. Ho han de saber tot?<\/p>\n<p><strong>Tenir-los en compte<\/strong> hi ha res que ells puguin decidir?[\/vc_column_text][\/vc_column][vc_column width=&#8221;1\/3&#8243;][vc_column_text]<img decoding=\"async\" class=\"size-full wp-image-732 aligncenter\" src=\"https:\/\/psicoclinicabarcelona.com\/wp-content\/uploads\/2015\/04\/psicologo-padres-barcelona-3.jpg\" alt=\"psicologo padres barcelona\" width=\"202\" height=\"284\" \/>[\/vc_column_text][vc_column_text]\n<h3 class=\"titulin\" style=\"text-align: center;\">CONSULTAR UN ESPECIALISTA<\/h3>\n[\/vc_column_text][vc_column_text el_class=&#8221;tituSub&#8221;]Consulteu un <strong>psic\u00f2leg infantil<\/strong>: fer-ho a temps pot evitar problemes.<\/p>\n<p>Una <strong>segona opini\u00f3 professional<\/strong>: tens dret a consultar un altre especialista.<\/p>\n<p>Els <strong>avantatges<\/strong> de m\u00e9s freq\u00fc\u00e8ncia en les visites: els que cada nen necessiti.<\/p>\n<p>La import\u00e0ncia d&#8217;una <strong>atenci\u00f3 individualitzada<\/strong>: no hi ha dos nens iguals.<\/p>\n<p><strong>Sense llistes d&#8217;espera<\/strong>: hi ha situacions que no poden esperar![\/vc_column_text][\/vc_column][\/vc_row]\n","protected":false},"excerpt":{"rendered":"<p>[vc_row][vc_column width=&#8221;1\/2&#8243;][vc_column_text]No hi ha els pares perfectes. Pretendre&#8217;l \u00e9s tan sols un ideal impossible, una fantasia que es pot tornar dolorosa per a les fam\u00edlies d&#8217;aquells que volen fer-la realitat. A\u00a0Psicocl\u00ednica Barcelona\u00a0creiem que \u00e9s possible educar un fill sense que aix\u00f2 porti amb si un exc\u00e9s d&#8217;angoixa. En aquest sentit, visitar un psic\u00f2leg per a&hellip;<\/p>\n","protected":false},"author":5,"featured_media":0,"parent":0,"menu_order":0,"comment_status":"open","ping_status":"open","template":"","meta":{"footnotes":""},"class_list":["post-924","page","type-page","status-publish","hentry","entry","no-media"],"yoast_head":"<!-- This site is optimized with the Yoast SEO plugin v24.6 - https:\/\/yoast.com\/wordpress\/plugins\/seo\/ -->\n<title>Psic\u00f2leg Pares Barcelona<\/title>\n<meta name=\"description\" content=\"Psic\u00f2leg Pares Barcelona. \u260e 640 067 146 Truqui&#039;ns sense comprom\u00eds. Psic\u00f2legs Barcelona infantil ansietat depressi\u00f3 parelles pares TDAH TEA TLP\" \/>\n<meta name=\"robots\" content=\"index, follow, max-snippet:-1, max-image-preview:large, max-video-preview:-1\" \/>\n<link rel=\"canonical\" href=\"https:\/\/psicoclinicabarcelona.com\/ca\/psicoleg-pares-barcelona\/\" \/>\n<meta property=\"og:locale\" content=\"ca_ES\" \/>\n<meta property=\"og:type\" content=\"article\" \/>\n<meta property=\"og:title\" content=\"Psic\u00f2leg Pares Barcelona\" \/>\n<meta property=\"og:description\" content=\"Psic\u00f2leg Pares Barcelona. \u260e 640 067 146 Truqui&#039;ns sense comprom\u00eds. Psic\u00f2legs Barcelona infantil ansietat depressi\u00f3 parelles pares TDAH TEA TLP\" \/>\n<meta property=\"og:url\" content=\"https:\/\/psicoclinicabarcelona.com\/ca\/psicoleg-pares-barcelona\/\" \/>\n<meta property=\"og:site_name\" content=\"Psicocl\u00ednica Barcelona\" \/>\n<meta property=\"article:publisher\" content=\"https:\/\/www.facebook.com\/PsicoclinicaBarcelona\/\" \/>\n<meta property=\"article:modified_time\" content=\"2023-04-27T10:17:39+00:00\" \/>\n<meta property=\"og:image\" content=\"https:\/\/psicoclinicabarcelona.com\/wp-content\/uploads\/2022\/10\/undraw_fatherhood_7i19.webp\" \/>\n<meta name=\"twitter:label1\" content=\"Temps estimat de lectura\" \/>\n\t<meta name=\"twitter:data1\" content=\"5 minuts\" \/>\n<script type=\"application\/ld+json\" class=\"yoast-schema-graph\">{\"@context\":\"https:\/\/schema.org\",\"@graph\":[{\"@type\":\"WebPage\",\"@id\":\"https:\/\/psicoclinicabarcelona.com\/ca\/psicoleg-pares-barcelona\/\",\"url\":\"https:\/\/psicoclinicabarcelona.com\/ca\/psicoleg-pares-barcelona\/\",\"name\":\"Psic\u00f2leg Pares Barcelona\",\"isPartOf\":{\"@id\":\"https:\/\/psicoclinicabarcelona.com\/#website\"},\"primaryImageOfPage\":{\"@id\":\"https:\/\/psicoclinicabarcelona.com\/ca\/psicoleg-pares-barcelona\/#primaryimage\"},\"image\":{\"@id\":\"https:\/\/psicoclinicabarcelona.com\/ca\/psicoleg-pares-barcelona\/#primaryimage\"},\"thumbnailUrl\":\"https:\/\/psicoclinicabarcelona.com\/wp-content\/uploads\/2022\/10\/undraw_fatherhood_7i19.webp\",\"datePublished\":\"2015-07-15T15:24:39+00:00\",\"dateModified\":\"2023-04-27T10:17:39+00:00\",\"description\":\"Psic\u00f2leg Pares Barcelona. \u260e 640 067 146 Truqui'ns sense comprom\u00eds. Psic\u00f2legs Barcelona infantil ansietat depressi\u00f3 parelles pares TDAH TEA TLP\",\"breadcrumb\":{\"@id\":\"https:\/\/psicoclinicabarcelona.com\/ca\/psicoleg-pares-barcelona\/#breadcrumb\"},\"inLanguage\":\"ca\",\"potentialAction\":[{\"@type\":\"ReadAction\",\"target\":[\"https:\/\/psicoclinicabarcelona.com\/ca\/psicoleg-pares-barcelona\/\"]}]},{\"@type\":\"ImageObject\",\"inLanguage\":\"ca\",\"@id\":\"https:\/\/psicoclinicabarcelona.com\/ca\/psicoleg-pares-barcelona\/#primaryimage\",\"url\":\"https:\/\/psicoclinicabarcelona.com\/wp-content\/uploads\/2022\/10\/undraw_fatherhood_7i19.webp\",\"contentUrl\":\"https:\/\/psicoclinicabarcelona.com\/wp-content\/uploads\/2022\/10\/undraw_fatherhood_7i19.webp\"},{\"@type\":\"BreadcrumbList\",\"@id\":\"https:\/\/psicoclinicabarcelona.com\/ca\/psicoleg-pares-barcelona\/#breadcrumb\",\"itemListElement\":[{\"@type\":\"ListItem\",\"position\":1,\"name\":\"Portada\",\"item\":\"https:\/\/psicoclinicabarcelona.com\/ca\/\"},{\"@type\":\"ListItem\",\"position\":2,\"name\":\"Psic\u00f2leg pares Barcelona\"}]},{\"@type\":\"WebSite\",\"@id\":\"https:\/\/psicoclinicabarcelona.com\/#website\",\"url\":\"https:\/\/psicoclinicabarcelona.com\/\",\"name\":\"Psicocl\u00ednica Barcelona\",\"description\":\"Posiblemente el mejor psic\u00f3logo en Barcelona o la mejor psic\u00f3loga de Barcelona. Ll\u00e1manos sin compromiso al 935 414 478\",\"publisher\":{\"@id\":\"https:\/\/psicoclinicabarcelona.com\/#organization\"},\"alternateName\":\"Psicocl\u00ednica Barcelona\",\"potentialAction\":[{\"@type\":\"SearchAction\",\"target\":{\"@type\":\"EntryPoint\",\"urlTemplate\":\"https:\/\/psicoclinicabarcelona.com\/?s={search_term_string}\"},\"query-input\":{\"@type\":\"PropertyValueSpecification\",\"valueRequired\":true,\"valueName\":\"search_term_string\"}}],\"inLanguage\":\"ca\"},{\"@type\":\"Organization\",\"@id\":\"https:\/\/psicoclinicabarcelona.com\/#organization\",\"name\":\"Psicocl\u00ednica Barcelona\",\"alternateName\":\"Psicocl\u00ednica Barcelona\",\"url\":\"https:\/\/psicoclinicabarcelona.com\/\",\"logo\":{\"@type\":\"ImageObject\",\"inLanguage\":\"ca\",\"@id\":\"https:\/\/psicoclinicabarcelona.com\/#\/schema\/logo\/image\/\",\"url\":\"https:\/\/psicoclinicabarcelona.com\/wp-content\/uploads\/2015\/04\/psicologos-barcelona.png\",\"contentUrl\":\"https:\/\/psicoclinicabarcelona.com\/wp-content\/uploads\/2015\/04\/psicologos-barcelona.png\",\"width\":178,\"height\":62,\"caption\":\"Psicocl\u00ednica Barcelona\"},\"image\":{\"@id\":\"https:\/\/psicoclinicabarcelona.com\/#\/schema\/logo\/image\/\"},\"sameAs\":[\"https:\/\/www.facebook.com\/PsicoclinicaBarcelona\/\",\"https:\/\/x.com\/psicoclinicabcn\",\"https:\/\/www.linkedin.com\/company\/psicocl\u00ednica-barcelona\/\",\"https:\/\/www.instagram.com\/psicoclinicabarcelona\/\",\"https:\/\/www.youtube.com\/channel\/UCcc-5_wC56giASuT0XDr87Q\"]}]}<\/script>\n<!-- \/ Yoast SEO plugin. -->","yoast_head_json":{"title":"Psic\u00f2leg Pares Barcelona","description":"Psic\u00f2leg Pares Barcelona. \u260e 640 067 146 Truqui'ns sense comprom\u00eds. Psic\u00f2legs Barcelona infantil ansietat depressi\u00f3 parelles pares TDAH TEA TLP","robots":{"index":"index","follow":"follow","max-snippet":"max-snippet:-1","max-image-preview":"max-image-preview:large","max-video-preview":"max-video-preview:-1"},"canonical":"https:\/\/psicoclinicabarcelona.com\/ca\/psicoleg-pares-barcelona\/","og_locale":"ca_ES","og_type":"article","og_title":"Psic\u00f2leg Pares Barcelona","og_description":"Psic\u00f2leg Pares Barcelona. \u260e 640 067 146 Truqui'ns sense comprom\u00eds. Psic\u00f2legs Barcelona infantil ansietat depressi\u00f3 parelles pares TDAH TEA TLP","og_url":"https:\/\/psicoclinicabarcelona.com\/ca\/psicoleg-pares-barcelona\/","og_site_name":"Psicocl\u00ednica Barcelona","article_publisher":"https:\/\/www.facebook.com\/PsicoclinicaBarcelona\/","article_modified_time":"2023-04-27T10:17:39+00:00","og_image":[{"url":"https:\/\/psicoclinicabarcelona.com\/wp-content\/uploads\/2022\/10\/undraw_fatherhood_7i19.webp","type":"","width":"","height":""}],"twitter_misc":{"Temps estimat de lectura":"5 minuts"},"schema":{"@context":"https:\/\/schema.org","@graph":[{"@type":"WebPage","@id":"https:\/\/psicoclinicabarcelona.com\/ca\/psicoleg-pares-barcelona\/","url":"https:\/\/psicoclinicabarcelona.com\/ca\/psicoleg-pares-barcelona\/","name":"Psic\u00f2leg Pares Barcelona","isPartOf":{"@id":"https:\/\/psicoclinicabarcelona.com\/#website"},"primaryImageOfPage":{"@id":"https:\/\/psicoclinicabarcelona.com\/ca\/psicoleg-pares-barcelona\/#primaryimage"},"image":{"@id":"https:\/\/psicoclinicabarcelona.com\/ca\/psicoleg-pares-barcelona\/#primaryimage"},"thumbnailUrl":"https:\/\/psicoclinicabarcelona.com\/wp-content\/uploads\/2022\/10\/undraw_fatherhood_7i19.webp","datePublished":"2015-07-15T15:24:39+00:00","dateModified":"2023-04-27T10:17:39+00:00","description":"Psic\u00f2leg Pares Barcelona. \u260e 640 067 146 Truqui'ns sense comprom\u00eds. Psic\u00f2legs Barcelona infantil ansietat depressi\u00f3 parelles pares TDAH TEA TLP","breadcrumb":{"@id":"https:\/\/psicoclinicabarcelona.com\/ca\/psicoleg-pares-barcelona\/#breadcrumb"},"inLanguage":"ca","potentialAction":[{"@type":"ReadAction","target":["https:\/\/psicoclinicabarcelona.com\/ca\/psicoleg-pares-barcelona\/"]}]},{"@type":"ImageObject","inLanguage":"ca","@id":"https:\/\/psicoclinicabarcelona.com\/ca\/psicoleg-pares-barcelona\/#primaryimage","url":"https:\/\/psicoclinicabarcelona.com\/wp-content\/uploads\/2022\/10\/undraw_fatherhood_7i19.webp","contentUrl":"https:\/\/psicoclinicabarcelona.com\/wp-content\/uploads\/2022\/10\/undraw_fatherhood_7i19.webp"},{"@type":"BreadcrumbList","@id":"https:\/\/psicoclinicabarcelona.com\/ca\/psicoleg-pares-barcelona\/#breadcrumb","itemListElement":[{"@type":"ListItem","position":1,"name":"Portada","item":"https:\/\/psicoclinicabarcelona.com\/ca\/"},{"@type":"ListItem","position":2,"name":"Psic\u00f2leg pares Barcelona"}]},{"@type":"WebSite","@id":"https:\/\/psicoclinicabarcelona.com\/#website","url":"https:\/\/psicoclinicabarcelona.com\/","name":"Psicocl\u00ednica Barcelona","description":"Posiblemente el mejor psic\u00f3logo en Barcelona o la mejor psic\u00f3loga de Barcelona. Ll\u00e1manos sin compromiso al 935 414 478","publisher":{"@id":"https:\/\/psicoclinicabarcelona.com\/#organization"},"alternateName":"Psicocl\u00ednica Barcelona","potentialAction":[{"@type":"SearchAction","target":{"@type":"EntryPoint","urlTemplate":"https:\/\/psicoclinicabarcelona.com\/?s={search_term_string}"},"query-input":{"@type":"PropertyValueSpecification","valueRequired":true,"valueName":"search_term_string"}}],"inLanguage":"ca"},{"@type":"Organization","@id":"https:\/\/psicoclinicabarcelona.com\/#organization","name":"Psicocl\u00ednica Barcelona","alternateName":"Psicocl\u00ednica Barcelona","url":"https:\/\/psicoclinicabarcelona.com\/","logo":{"@type":"ImageObject","inLanguage":"ca","@id":"https:\/\/psicoclinicabarcelona.com\/#\/schema\/logo\/image\/","url":"https:\/\/psicoclinicabarcelona.com\/wp-content\/uploads\/2015\/04\/psicologos-barcelona.png","contentUrl":"https:\/\/psicoclinicabarcelona.com\/wp-content\/uploads\/2015\/04\/psicologos-barcelona.png","width":178,"height":62,"caption":"Psicocl\u00ednica Barcelona"},"image":{"@id":"https:\/\/psicoclinicabarcelona.com\/#\/schema\/logo\/image\/"},"sameAs":["https:\/\/www.facebook.com\/PsicoclinicaBarcelona\/","https:\/\/x.com\/psicoclinicabcn","https:\/\/www.linkedin.com\/company\/psicocl\u00ednica-barcelona\/","https:\/\/www.instagram.com\/psicoclinicabarcelona\/","https:\/\/www.youtube.com\/channel\/UCcc-5_wC56giASuT0XDr87Q"]}]}},"_links":{"self":[{"href":"https:\/\/psicoclinicabarcelona.com\/ca\/wp-json\/wp\/v2\/pages\/924"}],"collection":[{"href":"https:\/\/psicoclinicabarcelona.com\/ca\/wp-json\/wp\/v2\/pages"}],"about":[{"href":"https:\/\/psicoclinicabarcelona.com\/ca\/wp-json\/wp\/v2\/types\/page"}],"author":[{"embeddable":true,"href":"https:\/\/psicoclinicabarcelona.com\/ca\/wp-json\/wp\/v2\/users\/5"}],"replies":[{"embeddable":true,"href":"https:\/\/psicoclinicabarcelona.com\/ca\/wp-json\/wp\/v2\/comments?post=924"}],"version-history":[{"count":7,"href":"https:\/\/psicoclinicabarcelona.com\/ca\/wp-json\/wp\/v2\/pages\/924\/revisions"}],"predecessor-version":[{"id":6420,"href":"https:\/\/psicoclinicabarcelona.com\/ca\/wp-json\/wp\/v2\/pages\/924\/revisions\/6420"}],"wp:attachment":[{"href":"https:\/\/psicoclinicabarcelona.com\/ca\/wp-json\/wp\/v2\/media?parent=924"}],"curies":[{"name":"wp","href":"https:\/\/api.w.org\/{rel}","templated":true}]}}